{"id":9609,"date":"2017-02-14T05:48:04","date_gmt":"2017-02-14T13:48:04","guid":{"rendered":"http:\/\/www.modula4.com\/?page_id=9609\/"},"modified":"2017-02-15T01:41:30","modified_gmt":"2017-02-15T09:41:30","slug":"dam-cloud-hosting","status":"publish","type":"page","link":"https:\/\/www.modula4.com\/de\/dienstleistungen\/dam-cloud-hosting\/","title":{"rendered":"DAM Cloud-Hosting"},"content":{"rendered":"<h2>Genie\u00dfen Sie die Leichtigkeit von DAM in der Cloud<\/h2>\n<p>In gro\u00dfen Unternehmen sind die IT-Abteilungen in der Regel v\u00f6llig \u00fcberlastet und ihre Mitarbeit f\u00fcr die Planung und Umsetzung zu gewinnen, stellt oft die gr\u00f6\u00dfte Herausforderung auf dem Weg zu Ihrer DAM-L\u00f6sung dar. Zeitliche Verz\u00f6gerungen dadurch sind hier noch das kleinere \u00dcbel. Mit dem DAM Cloud-Hosting von Modula4 haben Sie Ihr System im Handumdrehen einsatzbereit und k\u00f6nnen es sp\u00e4ter ebenso problemlos an steigende Dateimengen und Nutzerzahlen anpassen.<\/p>\n<p>Mit Ihrem DAM in der Cloud genie\u00dfen Sie folgende Vorteile:<\/p>\n<ul>\n<li>Sie sind nie wieder abh\u00e4ngig von Ihrer IT-Abteilung.<\/li>\n<li>Sie sind sofort startklar, m\u00fcssen keinen Server kaufen, keine Software installieren.<\/li>\n<li>Die \u00dcberwachung und Wartung liegt in den professionellen H\u00e4nden von Modula4.<\/li>\n<\/ul>\n<p>Modula4 bietet verschiedene, flexible L\u00f6sungen f\u00fcr cloud-basierte DAM-Systeme:<\/p>\n<ul>\n<li>Die DAM4 Plattform ist als schl\u00fcsselfertige Cloud-L\u00f6sung erh\u00e4ltlich.<\/li>\n<li>Modula4 kann Ihr bestehendes DAM-System in die Cloud migrieren und als Managed Service weiterf\u00fchren<\/li>\n<li>Modula4 migriert Ihr bestehendes DAM-System in die Cloud eines Anbieters Ihrer Wahl, Sie selbst betreuen das System dann weiter.<\/li>\n<\/ul>\n<p>Wir bieten Cloud-L\u00f6sungen in verschiedenen Umgebungen, sowohl in \u00f6ffentlichen Clouds, wie Amazon Web Services (AWS), Microsoft Azure und Google Cloud, als auch in Clouds privater Anbieter.<\/p>\n<p><a href=\"http:\/\/www.modula4.com\/de\/kontakt\/\">Fragen Sie uns<\/a>, wenn Sie mehr \u00fcber unsere Cloud-Hostingangebote erfahren m\u00f6chten.<\/p>\n<p>&nbsp;<\/p>\n<p>&nbsp;<\/p>\n","protected":false},"excerpt":{"rendered":"<p>Genie\u00dfen Sie die Leichtigkeit von DAM in der Cloud In gro\u00dfen Unternehmen sind die IT-Abteilungen in der Regel v\u00f6llig \u00fcberlastet und ihre Mitarbeit f\u00fcr die Planung und Umsetzung zu gewinnen, stellt oft die gr\u00f6\u00dfte Herausforderung auf dem Weg zu Ihrer DAM-L\u00f6sung dar. Zeitliche Verz\u00f6gerungen dadurch sind hier noch das kleinere \u00dcbel. Mit dem DAM Cloud-Hosting <a class=\"read-more\" href=\"https:\/\/www.modula4.com\/de\/dienstleistungen\/dam-cloud-hosting\/\">&#8230; &nbsp;Weiterlesen &gt;<\/a><\/p>\n","protected":false},"author":6,"featured_media":0,"parent":5969,"menu_order":10,"comment_status":"closed","ping_status":"closed","template":"","meta":{"_monsterinsights_skip_tracking":false,"_monsterinsights_sitenote_active":false,"_monsterinsights_sitenote_note":"","_monsterinsights_sitenote_category":0,"footnotes":""},"class_list":["post-9609","page","type-page","status-publish","hentry"],"yoast_head":"<!-- This site is optimized with the Yoast SEO Premium plugin v26.4 (Yoast SEO v27.5) - https:\/\/yoast.com\/product\/yoast-seo-premium-wordpress\/ -->\n<title>DAM Cloud-Hosting - Modula4<\/title>\n<meta name=\"robots\" content=\"index, follow, max-snippet:-1, max-image-preview:large, max-video-preview:-1\" \/>\n<link rel=\"canonical\" href=\"https:\/\/www.modula4.com\/de\/dienstleistungen\/dam-cloud-hosting\/\" \/>\n<meta property=\"og:locale\" content=\"de_DE\" \/>\n<meta property=\"og:type\" content=\"article\" \/>\n<meta property=\"og:title\" content=\"DAM Cloud-Hosting\" \/>\n<meta property=\"og:description\" content=\"Genie\u00dfen Sie die Leichtigkeit von DAM in der Cloud In gro\u00dfen Unternehmen sind die IT-Abteilungen in der Regel v\u00f6llig \u00fcberlastet und ihre Mitarbeit f\u00fcr die Planung und Umsetzung zu gewinnen, stellt oft die gr\u00f6\u00dfte Herausforderung auf dem Weg zu Ihrer DAM-L\u00f6sung dar. Zeitliche Verz\u00f6gerungen dadurch sind hier noch das kleinere \u00dcbel. Mit dem DAM Cloud-Hosting ... &nbsp;Weiterlesen &gt;\" \/>\n<meta property=\"og:url\" content=\"https:\/\/www.modula4.com\/de\/dienstleistungen\/dam-cloud-hosting\/\" \/>\n<meta property=\"og:site_name\" content=\"Modula4\" \/>\n<meta property=\"article:publisher\" content=\"https:\/\/www.linkedin.com\/company\/modula4\/\" \/>\n<meta property=\"article:modified_time\" content=\"2017-02-15T09:41:30+00:00\" \/>\n<meta name=\"twitter:label1\" content=\"Gesch\u00e4tzte Lesezeit\" \/>\n\t<meta name=\"twitter:data1\" content=\"1\u00a0Minute\" \/>\n<script type=\"application\/ld+json\" class=\"yoast-schema-graph\">{\"@context\":\"https:\\\/\\\/schema.org\",\"@graph\":[{\"@type\":\"WebPage\",\"@id\":\"https:\\\/\\\/www.modula4.com\\\/de\\\/dienstleistungen\\\/dam-cloud-hosting\\\/\",\"url\":\"https:\\\/\\\/www.modula4.com\\\/de\\\/dienstleistungen\\\/dam-cloud-hosting\\\/\",\"name\":\"DAM Cloud-Hosting - Modula4\",\"isPartOf\":{\"@id\":\"https:\\\/\\\/www.modula4.com\\\/#website\"},\"datePublished\":\"2017-02-14T13:48:04+00:00\",\"dateModified\":\"2017-02-15T09:41:30+00:00\",\"breadcrumb\":{\"@id\":\"https:\\\/\\\/www.modula4.com\\\/de\\\/dienstleistungen\\\/dam-cloud-hosting\\\/#breadcrumb\"},\"inLanguage\":\"de\",\"potentialAction\":[{\"@type\":\"ReadAction\",\"target\":[\"https:\\\/\\\/www.modula4.com\\\/de\\\/dienstleistungen\\\/dam-cloud-hosting\\\/\"]}]},{\"@type\":\"BreadcrumbList\",\"@id\":\"https:\\\/\\\/www.modula4.com\\\/de\\\/dienstleistungen\\\/dam-cloud-hosting\\\/#breadcrumb\",\"itemListElement\":[{\"@type\":\"ListItem\",\"position\":1,\"name\":\"Home\",\"item\":\"https:\\\/\\\/www.modula4.com\\\/de\\\/\"},{\"@type\":\"ListItem\",\"position\":2,\"name\":\"Dienstleistungen\",\"item\":\"https:\\\/\\\/www.modula4.com\\\/de\\\/dienstleistungen\\\/\"},{\"@type\":\"ListItem\",\"position\":3,\"name\":\"DAM Cloud-Hosting\"}]},{\"@type\":\"WebSite\",\"@id\":\"https:\\\/\\\/www.modula4.com\\\/#website\",\"url\":\"https:\\\/\\\/www.modula4.com\\\/\",\"name\":\"Modula4\",\"description\":\"Dedicated Experts. Complete Solutions. Real Results.\",\"publisher\":{\"@id\":\"https:\\\/\\\/www.modula4.com\\\/#organization\"},\"potentialAction\":[{\"@type\":\"SearchAction\",\"target\":{\"@type\":\"EntryPoint\",\"urlTemplate\":\"https:\\\/\\\/www.modula4.com\\\/?s={search_term_string}\"},\"query-input\":{\"@type\":\"PropertyValueSpecification\",\"valueRequired\":true,\"valueName\":\"search_term_string\"}}],\"inLanguage\":\"de\"},{\"@type\":\"Organization\",\"@id\":\"https:\\\/\\\/www.modula4.com\\\/#organization\",\"name\":\"Modula4\",\"url\":\"https:\\\/\\\/www.modula4.com\\\/\",\"logo\":{\"@type\":\"ImageObject\",\"inLanguage\":\"de\",\"@id\":\"https:\\\/\\\/www.modula4.com\\\/#\\\/schema\\\/logo\\\/image\\\/\",\"url\":\"https:\\\/\\\/www.modula4.com\\\/wp-content\\\/uploads\\\/M4-Logo-rgb.png\",\"contentUrl\":\"https:\\\/\\\/www.modula4.com\\\/wp-content\\\/uploads\\\/M4-Logo-rgb.png\",\"width\":190,\"height\":42,\"caption\":\"Modula4\"},\"image\":{\"@id\":\"https:\\\/\\\/www.modula4.com\\\/#\\\/schema\\\/logo\\\/image\\\/\"},\"sameAs\":[\"https:\\\/\\\/www.linkedin.com\\\/company\\\/modula4\\\/\"]}]}<\/script>\n<!-- \/ Yoast SEO Premium plugin. -->","yoast_head_json":{"title":"DAM Cloud-Hosting - Modula4","robots":{"index":"index","follow":"follow","max-snippet":"max-snippet:-1","max-image-preview":"max-image-preview:large","max-video-preview":"max-video-preview:-1"},"canonical":"https:\/\/www.modula4.com\/de\/dienstleistungen\/dam-cloud-hosting\/","og_locale":"de_DE","og_type":"article","og_title":"DAM Cloud-Hosting","og_description":"Genie\u00dfen Sie die Leichtigkeit von DAM in der Cloud In gro\u00dfen Unternehmen sind die IT-Abteilungen in der Regel v\u00f6llig \u00fcberlastet und ihre Mitarbeit f\u00fcr die Planung und Umsetzung zu gewinnen, stellt oft die gr\u00f6\u00dfte Herausforderung auf dem Weg zu Ihrer DAM-L\u00f6sung dar. Zeitliche Verz\u00f6gerungen dadurch sind hier noch das kleinere \u00dcbel. Mit dem DAM Cloud-Hosting ... &nbsp;Weiterlesen &gt;","og_url":"https:\/\/www.modula4.com\/de\/dienstleistungen\/dam-cloud-hosting\/","og_site_name":"Modula4","article_publisher":"https:\/\/www.linkedin.com\/company\/modula4\/","article_modified_time":"2017-02-15T09:41:30+00:00","twitter_misc":{"Gesch\u00e4tzte Lesezeit":"1\u00a0Minute"},"schema":{"@context":"https:\/\/schema.org","@graph":[{"@type":"WebPage","@id":"https:\/\/www.modula4.com\/de\/dienstleistungen\/dam-cloud-hosting\/","url":"https:\/\/www.modula4.com\/de\/dienstleistungen\/dam-cloud-hosting\/","name":"DAM Cloud-Hosting - Modula4","isPartOf":{"@id":"https:\/\/www.modula4.com\/#website"},"datePublished":"2017-02-14T13:48:04+00:00","dateModified":"2017-02-15T09:41:30+00:00","breadcrumb":{"@id":"https:\/\/www.modula4.com\/de\/dienstleistungen\/dam-cloud-hosting\/#breadcrumb"},"inLanguage":"de","potentialAction":[{"@type":"ReadAction","target":["https:\/\/www.modula4.com\/de\/dienstleistungen\/dam-cloud-hosting\/"]}]},{"@type":"BreadcrumbList","@id":"https:\/\/www.modula4.com\/de\/dienstleistungen\/dam-cloud-hosting\/#breadcrumb","itemListElement":[{"@type":"ListItem","position":1,"name":"Home","item":"https:\/\/www.modula4.com\/de\/"},{"@type":"ListItem","position":2,"name":"Dienstleistungen","item":"https:\/\/www.modula4.com\/de\/dienstleistungen\/"},{"@type":"ListItem","position":3,"name":"DAM Cloud-Hosting"}]},{"@type":"WebSite","@id":"https:\/\/www.modula4.com\/#website","url":"https:\/\/www.modula4.com\/","name":"Modula4","description":"Dedicated Experts. Complete Solutions. Real Results.","publisher":{"@id":"https:\/\/www.modula4.com\/#organization"},"potentialAction":[{"@type":"SearchAction","target":{"@type":"EntryPoint","urlTemplate":"https:\/\/www.modula4.com\/?s={search_term_string}"},"query-input":{"@type":"PropertyValueSpecification","valueRequired":true,"valueName":"search_term_string"}}],"inLanguage":"de"},{"@type":"Organization","@id":"https:\/\/www.modula4.com\/#organization","name":"Modula4","url":"https:\/\/www.modula4.com\/","logo":{"@type":"ImageObject","inLanguage":"de","@id":"https:\/\/www.modula4.com\/#\/schema\/logo\/image\/","url":"https:\/\/www.modula4.com\/wp-content\/uploads\/M4-Logo-rgb.png","contentUrl":"https:\/\/www.modula4.com\/wp-content\/uploads\/M4-Logo-rgb.png","width":190,"height":42,"caption":"Modula4"},"image":{"@id":"https:\/\/www.modula4.com\/#\/schema\/logo\/image\/"},"sameAs":["https:\/\/www.linkedin.com\/company\/modula4\/"]}]}},"_links":{"self":[{"href":"https:\/\/www.modula4.com\/de\/wp-json\/wp\/v2\/pages\/9609","targetHints":{"allow":["GET"]}}],"collection":[{"href":"https:\/\/www.modula4.com\/de\/wp-json\/wp\/v2\/pages"}],"about":[{"href":"https:\/\/www.modula4.com\/de\/wp-json\/wp\/v2\/types\/page"}],"author":[{"embeddable":true,"href":"https:\/\/www.modula4.com\/de\/wp-json\/wp\/v2\/users\/6"}],"replies":[{"embeddable":true,"href":"https:\/\/www.modula4.com\/de\/wp-json\/wp\/v2\/comments?post=9609"}],"version-history":[{"count":3,"href":"https:\/\/www.modula4.com\/de\/wp-json\/wp\/v2\/pages\/9609\/revisions"}],"predecessor-version":[{"id":9636,"href":"https:\/\/www.modula4.com\/de\/wp-json\/wp\/v2\/pages\/9609\/revisions\/9636"}],"up":[{"embeddable":true,"href":"https:\/\/www.modula4.com\/de\/wp-json\/wp\/v2\/pages\/5969"}],"wp:attachment":[{"href":"https:\/\/www.modula4.com\/de\/wp-json\/wp\/v2\/media?parent=9609"}],"curies":[{"name":"wp","href":"https:\/\/api.w.org\/{rel}","templated":true}]}}