{"id":9576,"date":"2017-02-13T06:41:03","date_gmt":"2017-02-13T14:41:03","guid":{"rendered":"http:\/\/www.modula4.com\/?page_id=9576\/"},"modified":"2024-08-16T14:45:47","modified_gmt":"2024-08-16T21:45:47","slug":"uber-modula4","status":"publish","type":"page","link":"https:\/\/www.modula4.com\/de\/uber-uns\/uber-modula4\/","title":{"rendered":"\u00dcber Modula4"},"content":{"rendered":"<h2>Engagierte Experten. Umfassende L\u00f6sungen. Sp\u00fcrbare Erfolge.<\/h2>\n<p>Modula4 ist eines der f\u00fchrenden unabh\u00e4ngigen L\u00f6sungsanbieter von DAM -Systemen (Digital Asset Management). Wir bieten L\u00f6sungen, mit denen Sie Ihre Marketingmaterialien und andere wertvolle digitale Assets weltweit schnell und effizient verwalten, verfolgen und bereitstellen k\u00f6nnen.<\/p>\n<p>Zu unseren Kunden z\u00e4hlen weltweit f\u00fchrende globale Marken und andere Organisationen aus den unterschiedlichsten Branchen, darunter Einzelhandel, Medien und Unterhaltung, Marketing, Verlagswesen, Regierung und Hochschulbildung.<\/p>\n<p>Wir sind ein internationales Team von DAM-Produktspezialisten, Programmierern, Mitarbeitern des technischen Supports und Kundendienstmitarbeitern. Kundenzufriedenheit ist immer unser oberstes Ziel.<\/p>\n<p>Mit unserer umfassenden technischen Expertise und Erfahrung bei der L\u00f6sung komplexer Workflow-Herausforderungen k\u00f6nnen wir Ihr Unternehmen reaktionsf\u00e4higer, effizienter und produktiver machen.<\/p>\n<p>Wir tun dies seit mehr als 20 Jahren und f\u00fcr fast 400 Kunden, von kleinen Arbeitsgruppen bis zu multinationalen Organisationen. Unsere Kundenbindung ist legend\u00e4r, wie unsere Kundenbindungsrate von weit \u00fcber 90 Prozent zeigt.<\/p>\n<p>Wir haben bereits so vielen Kunden geholfen. Was k\u00f6nnen wir f\u00fcr Sie tun?  <a title=\"Request Information\" href=\"http:\/\/www.modula4.com\/de\/kontakt\" \"=\"\">Kontaktieren Sie uns,<\/a> um mehr zu erfahren.<br \/>\n&nbsp;<\/p>\n","protected":false},"excerpt":{"rendered":"<p>Engagierte Experten. Umfassende L\u00f6sungen. Sp\u00fcrbare Erfolge. Modula4 ist eines der f\u00fchrenden unabh\u00e4ngigen L\u00f6sungsanbieter von DAM -Systemen (Digital Asset Management). Wir bieten L\u00f6sungen, mit denen Sie Ihre Marketingmaterialien und andere wertvolle digitale Assets weltweit schnell und effizient verwalten, verfolgen und bereitstellen k\u00f6nnen. Zu unseren Kunden z\u00e4hlen weltweit f\u00fchrende globale Marken und andere Organisationen aus den unterschiedlichsten <a class=\"read-more\" href=\"https:\/\/www.modula4.com\/de\/uber-uns\/uber-modula4\/\">&#8230; &nbsp;Weiterlesen &gt;<\/a><\/p>\n","protected":false},"author":6,"featured_media":0,"parent":5965,"menu_order":0,"comment_status":"closed","ping_status":"closed","template":"","meta":{"_monsterinsights_skip_tracking":false,"_monsterinsights_sitenote_active":false,"_monsterinsights_sitenote_note":"","_monsterinsights_sitenote_category":0,"footnotes":""},"class_list":["post-9576","page","type-page","status-publish","hentry"],"yoast_head":"<!-- This site is optimized with the Yoast SEO Premium plugin v26.4 (Yoast SEO v27.4) - https:\/\/yoast.com\/product\/yoast-seo-premium-wordpress\/ -->\n<title>\u00dcber Modula4 - Modula4<\/title>\n<meta name=\"robots\" content=\"index, follow, max-snippet:-1, max-image-preview:large, max-video-preview:-1\" \/>\n<link rel=\"canonical\" href=\"https:\/\/www.modula4.com\/de\/uber-uns\/uber-modula4\/\" \/>\n<meta property=\"og:locale\" content=\"de_DE\" \/>\n<meta property=\"og:type\" content=\"article\" \/>\n<meta property=\"og:title\" content=\"\u00dcber Modula4\" \/>\n<meta property=\"og:description\" content=\"Engagierte Experten. Umfassende L\u00f6sungen. Sp\u00fcrbare Erfolge. Modula4 ist eines der f\u00fchrenden unabh\u00e4ngigen L\u00f6sungsanbieter von DAM -Systemen (Digital Asset Management). Wir bieten L\u00f6sungen, mit denen Sie Ihre Marketingmaterialien und andere wertvolle digitale Assets weltweit schnell und effizient verwalten, verfolgen und bereitstellen k\u00f6nnen. Zu unseren Kunden z\u00e4hlen weltweit f\u00fchrende globale Marken und andere Organisationen aus den unterschiedlichsten ... &nbsp;Weiterlesen &gt;\" \/>\n<meta property=\"og:url\" content=\"https:\/\/www.modula4.com\/de\/uber-uns\/uber-modula4\/\" \/>\n<meta property=\"og:site_name\" content=\"Modula4\" \/>\n<meta property=\"article:publisher\" content=\"https:\/\/www.linkedin.com\/company\/modula4\/\" \/>\n<meta property=\"article:modified_time\" content=\"2024-08-16T21:45:47+00:00\" \/>\n<meta name=\"twitter:label1\" content=\"Gesch\u00e4tzte Lesezeit\" \/>\n\t<meta name=\"twitter:data1\" content=\"1\u00a0Minute\" \/>\n<script type=\"application\/ld+json\" class=\"yoast-schema-graph\">{\"@context\":\"https:\\\/\\\/schema.org\",\"@graph\":[{\"@type\":\"WebPage\",\"@id\":\"https:\\\/\\\/www.modula4.com\\\/de\\\/uber-uns\\\/uber-modula4\\\/\",\"url\":\"https:\\\/\\\/www.modula4.com\\\/de\\\/uber-uns\\\/uber-modula4\\\/\",\"name\":\"\u00dcber Modula4 - Modula4\",\"isPartOf\":{\"@id\":\"https:\\\/\\\/www.modula4.com\\\/#website\"},\"datePublished\":\"2017-02-13T14:41:03+00:00\",\"dateModified\":\"2024-08-16T21:45:47+00:00\",\"breadcrumb\":{\"@id\":\"https:\\\/\\\/www.modula4.com\\\/de\\\/uber-uns\\\/uber-modula4\\\/#breadcrumb\"},\"inLanguage\":\"de\",\"potentialAction\":[{\"@type\":\"ReadAction\",\"target\":[\"https:\\\/\\\/www.modula4.com\\\/de\\\/uber-uns\\\/uber-modula4\\\/\"]}]},{\"@type\":\"BreadcrumbList\",\"@id\":\"https:\\\/\\\/www.modula4.com\\\/de\\\/uber-uns\\\/uber-modula4\\\/#breadcrumb\",\"itemListElement\":[{\"@type\":\"ListItem\",\"position\":1,\"name\":\"Home\",\"item\":\"https:\\\/\\\/www.modula4.com\\\/de\\\/\"},{\"@type\":\"ListItem\",\"position\":2,\"name\":\"\u00dcber Uns\",\"item\":\"https:\\\/\\\/www.modula4.com\\\/de\\\/uber-uns\\\/\"},{\"@type\":\"ListItem\",\"position\":3,\"name\":\"\u00dcber Modula4\"}]},{\"@type\":\"WebSite\",\"@id\":\"https:\\\/\\\/www.modula4.com\\\/#website\",\"url\":\"https:\\\/\\\/www.modula4.com\\\/\",\"name\":\"Modula4\",\"description\":\"Dedicated Experts. Complete Solutions. Real Results.\",\"publisher\":{\"@id\":\"https:\\\/\\\/www.modula4.com\\\/#organization\"},\"potentialAction\":[{\"@type\":\"SearchAction\",\"target\":{\"@type\":\"EntryPoint\",\"urlTemplate\":\"https:\\\/\\\/www.modula4.com\\\/?s={search_term_string}\"},\"query-input\":{\"@type\":\"PropertyValueSpecification\",\"valueRequired\":true,\"valueName\":\"search_term_string\"}}],\"inLanguage\":\"de\"},{\"@type\":\"Organization\",\"@id\":\"https:\\\/\\\/www.modula4.com\\\/#organization\",\"name\":\"Modula4\",\"url\":\"https:\\\/\\\/www.modula4.com\\\/\",\"logo\":{\"@type\":\"ImageObject\",\"inLanguage\":\"de\",\"@id\":\"https:\\\/\\\/www.modula4.com\\\/#\\\/schema\\\/logo\\\/image\\\/\",\"url\":\"https:\\\/\\\/www.modula4.com\\\/wp-content\\\/uploads\\\/M4-Logo-rgb.png\",\"contentUrl\":\"https:\\\/\\\/www.modula4.com\\\/wp-content\\\/uploads\\\/M4-Logo-rgb.png\",\"width\":190,\"height\":42,\"caption\":\"Modula4\"},\"image\":{\"@id\":\"https:\\\/\\\/www.modula4.com\\\/#\\\/schema\\\/logo\\\/image\\\/\"},\"sameAs\":[\"https:\\\/\\\/www.linkedin.com\\\/company\\\/modula4\\\/\"]}]}<\/script>\n<!-- \/ Yoast SEO Premium plugin. -->","yoast_head_json":{"title":"\u00dcber Modula4 - Modula4","robots":{"index":"index","follow":"follow","max-snippet":"max-snippet:-1","max-image-preview":"max-image-preview:large","max-video-preview":"max-video-preview:-1"},"canonical":"https:\/\/www.modula4.com\/de\/uber-uns\/uber-modula4\/","og_locale":"de_DE","og_type":"article","og_title":"\u00dcber Modula4","og_description":"Engagierte Experten. Umfassende L\u00f6sungen. Sp\u00fcrbare Erfolge. Modula4 ist eines der f\u00fchrenden unabh\u00e4ngigen L\u00f6sungsanbieter von DAM -Systemen (Digital Asset Management). Wir bieten L\u00f6sungen, mit denen Sie Ihre Marketingmaterialien und andere wertvolle digitale Assets weltweit schnell und effizient verwalten, verfolgen und bereitstellen k\u00f6nnen. Zu unseren Kunden z\u00e4hlen weltweit f\u00fchrende globale Marken und andere Organisationen aus den unterschiedlichsten ... &nbsp;Weiterlesen &gt;","og_url":"https:\/\/www.modula4.com\/de\/uber-uns\/uber-modula4\/","og_site_name":"Modula4","article_publisher":"https:\/\/www.linkedin.com\/company\/modula4\/","article_modified_time":"2024-08-16T21:45:47+00:00","twitter_misc":{"Gesch\u00e4tzte Lesezeit":"1\u00a0Minute"},"schema":{"@context":"https:\/\/schema.org","@graph":[{"@type":"WebPage","@id":"https:\/\/www.modula4.com\/de\/uber-uns\/uber-modula4\/","url":"https:\/\/www.modula4.com\/de\/uber-uns\/uber-modula4\/","name":"\u00dcber Modula4 - Modula4","isPartOf":{"@id":"https:\/\/www.modula4.com\/#website"},"datePublished":"2017-02-13T14:41:03+00:00","dateModified":"2024-08-16T21:45:47+00:00","breadcrumb":{"@id":"https:\/\/www.modula4.com\/de\/uber-uns\/uber-modula4\/#breadcrumb"},"inLanguage":"de","potentialAction":[{"@type":"ReadAction","target":["https:\/\/www.modula4.com\/de\/uber-uns\/uber-modula4\/"]}]},{"@type":"BreadcrumbList","@id":"https:\/\/www.modula4.com\/de\/uber-uns\/uber-modula4\/#breadcrumb","itemListElement":[{"@type":"ListItem","position":1,"name":"Home","item":"https:\/\/www.modula4.com\/de\/"},{"@type":"ListItem","position":2,"name":"\u00dcber Uns","item":"https:\/\/www.modula4.com\/de\/uber-uns\/"},{"@type":"ListItem","position":3,"name":"\u00dcber Modula4"}]},{"@type":"WebSite","@id":"https:\/\/www.modula4.com\/#website","url":"https:\/\/www.modula4.com\/","name":"Modula4","description":"Dedicated Experts. Complete Solutions. Real Results.","publisher":{"@id":"https:\/\/www.modula4.com\/#organization"},"potentialAction":[{"@type":"SearchAction","target":{"@type":"EntryPoint","urlTemplate":"https:\/\/www.modula4.com\/?s={search_term_string}"},"query-input":{"@type":"PropertyValueSpecification","valueRequired":true,"valueName":"search_term_string"}}],"inLanguage":"de"},{"@type":"Organization","@id":"https:\/\/www.modula4.com\/#organization","name":"Modula4","url":"https:\/\/www.modula4.com\/","logo":{"@type":"ImageObject","inLanguage":"de","@id":"https:\/\/www.modula4.com\/#\/schema\/logo\/image\/","url":"https:\/\/www.modula4.com\/wp-content\/uploads\/M4-Logo-rgb.png","contentUrl":"https:\/\/www.modula4.com\/wp-content\/uploads\/M4-Logo-rgb.png","width":190,"height":42,"caption":"Modula4"},"image":{"@id":"https:\/\/www.modula4.com\/#\/schema\/logo\/image\/"},"sameAs":["https:\/\/www.linkedin.com\/company\/modula4\/"]}]}},"_links":{"self":[{"href":"https:\/\/www.modula4.com\/de\/wp-json\/wp\/v2\/pages\/9576","targetHints":{"allow":["GET"]}}],"collection":[{"href":"https:\/\/www.modula4.com\/de\/wp-json\/wp\/v2\/pages"}],"about":[{"href":"https:\/\/www.modula4.com\/de\/wp-json\/wp\/v2\/types\/page"}],"author":[{"embeddable":true,"href":"https:\/\/www.modula4.com\/de\/wp-json\/wp\/v2\/users\/6"}],"replies":[{"embeddable":true,"href":"https:\/\/www.modula4.com\/de\/wp-json\/wp\/v2\/comments?post=9576"}],"version-history":[{"count":3,"href":"https:\/\/www.modula4.com\/de\/wp-json\/wp\/v2\/pages\/9576\/revisions"}],"predecessor-version":[{"id":11793,"href":"https:\/\/www.modula4.com\/de\/wp-json\/wp\/v2\/pages\/9576\/revisions\/11793"}],"up":[{"embeddable":true,"href":"https:\/\/www.modula4.com\/de\/wp-json\/wp\/v2\/pages\/5965"}],"wp:attachment":[{"href":"https:\/\/www.modula4.com\/de\/wp-json\/wp\/v2\/media?parent=9576"}],"curies":[{"name":"wp","href":"https:\/\/api.w.org\/{rel}","templated":true}]}}