{"id":9541,"date":"2017-02-13T04:37:10","date_gmt":"2017-02-13T12:37:10","guid":{"rendered":"http:\/\/www.modula4.com\/?page_id=9541\/"},"modified":"2019-12-17T02:16:15","modified_gmt":"2019-12-17T10:16:15","slug":"cumulus-importer","status":"publish","type":"page","link":"https:\/\/www.modula4.com\/de\/produkte\/weitere-produkte\/cumulus-importer\/","title":{"rendered":"Cumulus Importer"},"content":{"rendered":"<h2>Schnelles und reibungsloses Importieren nach Cumulus<\/h2>\n<p>Mit dem Cumulus Importer k\u00f6nnen Sie Informationen nach Cumulus importieren. Nutzen Sie dazu Daten aus anderen Datenbanksystemen, Exceldateien oder Textlisten um damit die Felder Ihrer Cumulus Kataloge zu f\u00fcllen. Die Daten k\u00f6nnen jedem Feld zugeordnet werden (Datensatzfeld oder Kategorienfeld). Metadaten k\u00f6nnen in Textfelder, Stringlistenfelder oder den Kategorienbaum \u00fcbernommen werden.<\/p>\n<p><a href=\"http:\/\/www.modula4.com\/wp-content\/uploads\/Importer-e1432310267233.jpg\"><img loading=\"lazy\" decoding=\"async\" class=\"aligncenter wp-image-8280\" src=\"http:\/\/www.modula4.com\/wp-content\/uploads\/Importer-e1432310267233.jpg\" alt=\"Importer\" width=\"700\" height=\"541\" \/><\/a><\/p>\n<p>Cumulus Importer\u00a0unterst\u00fctzt das Speichern von Feldzuordnungen in Importschema-Dateien. Das insbesondere f\u00fcr all jene n\u00fctzlich, die regelm\u00e4\u00dfig Daten importieren. Auch wenn Sie Importe mit \u00e4hnlichen Einstellungen durchf\u00fchren wollen, k\u00f6nnen Sie auf die Importschema-Dateien zur\u00fcckgreifen.<\/p>\n<p>W\u00e4hrend des Imports k\u00f6nnen neue Kategorien (und Kategorieb\u00e4ume) und fehlende Listeneintr\u00e4ge in den Felddefinitionen erstellt werden, so dass diese neuen Objekte dem Datensatz zugeordnet werden k\u00f6nnen. f\u00fcr den Import k\u00f6nnen Sie aus den im Katalog vorhandenen Kategorien und Listeneintr\u00e4gen w\u00e4hlen oder neue anlegen.<\/p>\n<p>Sie k\u00f6nnen das Character Encoding der Importdatei bestimmen (ISO-8859-1, UTF-8, etc) und dadurch Metadaten auch aus solchen Systemen importieren, die unterschiedliche Character Encodings unterst\u00fctzen. In den Importeinstellungen geben Sie an, mit welchem Encoding die zu importierende Textdatei erstellt wurde, und der Cumulus Importer konvertiert automatisch in das Encoding, das f\u00fcr den Cumulus Client in Mac OS X oder Windows ben\u00f6tigt wird.<\/p>\n<p>Sehen Sie sich das Video an, um den Cumulus Importer live zu erleben:<\/p>\n<p><iframe loading=\"lazy\" title=\"Cumulus Importer von Modula4\" width=\"820\" height=\"461\" src=\"https:\/\/www.youtube.com\/embed\/UZKcByuQ8no?feature=oembed\" frameborder=\"0\" allow=\"accelerometer; autoplay; clipboard-write; encrypted-media; gyroscope; picture-in-picture\" allowfullscreen><\/iframe><\/p>\n<p><a href=\"http:\/\/www.modula4.com\/de\/kontakt\/\">Fragen Sie uns<\/a>, wenn Sie mehr \u00fcber den Cumulus Importer erfahren m\u00f6chten.<\/p>\n","protected":false},"excerpt":{"rendered":"<p>Schnelles und reibungsloses Importieren nach Cumulus Mit dem Cumulus Importer k\u00f6nnen Sie Informationen nach Cumulus importieren. Nutzen Sie dazu Daten aus anderen Datenbanksystemen, Exceldateien oder Textlisten um damit die Felder Ihrer Cumulus Kataloge zu f\u00fcllen. Die Daten k\u00f6nnen jedem Feld zugeordnet werden (Datensatzfeld oder Kategorienfeld). Metadaten k\u00f6nnen in Textfelder, Stringlistenfelder oder den Kategorienbaum \u00fcbernommen werden. <a class=\"read-more\" href=\"https:\/\/www.modula4.com\/de\/produkte\/weitere-produkte\/cumulus-importer\/\">&#8230; &nbsp;Weiterlesen &gt;<\/a><\/p>\n","protected":false},"author":6,"featured_media":0,"parent":9533,"menu_order":11,"comment_status":"closed","ping_status":"closed","template":"","meta":{"_monsterinsights_skip_tracking":false,"_monsterinsights_sitenote_active":false,"_monsterinsights_sitenote_note":"","_monsterinsights_sitenote_category":0,"footnotes":""},"class_list":["post-9541","page","type-page","status-publish","hentry"],"yoast_head":"<!-- This site is optimized with the Yoast SEO Premium plugin v26.4 (Yoast SEO v27.3) - https:\/\/yoast.com\/product\/yoast-seo-premium-wordpress\/ -->\n<title>Cumulus Importer - Modula4<\/title>\n<meta name=\"robots\" content=\"index, follow, max-snippet:-1, max-image-preview:large, max-video-preview:-1\" \/>\n<link rel=\"canonical\" href=\"https:\/\/www.modula4.com\/de\/produkte\/weitere-produkte\/cumulus-importer\/\" \/>\n<meta property=\"og:locale\" content=\"de_DE\" \/>\n<meta property=\"og:type\" content=\"article\" \/>\n<meta property=\"og:title\" content=\"Cumulus Importer\" \/>\n<meta property=\"og:description\" content=\"Schnelles und reibungsloses Importieren nach Cumulus Mit dem Cumulus Importer k\u00f6nnen Sie Informationen nach Cumulus importieren. Nutzen Sie dazu Daten aus anderen Datenbanksystemen, Exceldateien oder Textlisten um damit die Felder Ihrer Cumulus Kataloge zu f\u00fcllen. Die Daten k\u00f6nnen jedem Feld zugeordnet werden (Datensatzfeld oder Kategorienfeld). Metadaten k\u00f6nnen in Textfelder, Stringlistenfelder oder den Kategorienbaum \u00fcbernommen werden. ... &nbsp;Weiterlesen &gt;\" \/>\n<meta property=\"og:url\" content=\"https:\/\/www.modula4.com\/de\/produkte\/weitere-produkte\/cumulus-importer\/\" \/>\n<meta property=\"og:site_name\" content=\"Modula4\" \/>\n<meta property=\"article:publisher\" content=\"https:\/\/www.linkedin.com\/company\/modula4\/\" \/>\n<meta property=\"article:modified_time\" content=\"2019-12-17T10:16:15+00:00\" \/>\n<meta property=\"og:image\" content=\"http:\/\/www.modula4.com\/wp-content\/uploads\/Importer-e1432310267233.jpg\" \/>\n<meta name=\"twitter:label1\" content=\"Gesch\u00e4tzte Lesezeit\" \/>\n\t<meta name=\"twitter:data1\" content=\"1\u00a0Minute\" \/>\n<script type=\"application\/ld+json\" class=\"yoast-schema-graph\">{\"@context\":\"https:\\\/\\\/schema.org\",\"@graph\":[{\"@type\":\"WebPage\",\"@id\":\"https:\\\/\\\/www.modula4.com\\\/de\\\/produkte\\\/weitere-produkte\\\/cumulus-importer\\\/\",\"url\":\"https:\\\/\\\/www.modula4.com\\\/de\\\/produkte\\\/weitere-produkte\\\/cumulus-importer\\\/\",\"name\":\"Cumulus Importer - Modula4\",\"isPartOf\":{\"@id\":\"https:\\\/\\\/www.modula4.com\\\/#website\"},\"primaryImageOfPage\":{\"@id\":\"https:\\\/\\\/www.modula4.com\\\/de\\\/produkte\\\/weitere-produkte\\\/cumulus-importer\\\/#primaryimage\"},\"image\":{\"@id\":\"https:\\\/\\\/www.modula4.com\\\/de\\\/produkte\\\/weitere-produkte\\\/cumulus-importer\\\/#primaryimage\"},\"thumbnailUrl\":\"http:\\\/\\\/www.modula4.com\\\/wp-content\\\/uploads\\\/Importer-e1432310267233.jpg\",\"datePublished\":\"2017-02-13T12:37:10+00:00\",\"dateModified\":\"2019-12-17T10:16:15+00:00\",\"breadcrumb\":{\"@id\":\"https:\\\/\\\/www.modula4.com\\\/de\\\/produkte\\\/weitere-produkte\\\/cumulus-importer\\\/#breadcrumb\"},\"inLanguage\":\"de\",\"potentialAction\":[{\"@type\":\"ReadAction\",\"target\":[\"https:\\\/\\\/www.modula4.com\\\/de\\\/produkte\\\/weitere-produkte\\\/cumulus-importer\\\/\"]}]},{\"@type\":\"ImageObject\",\"inLanguage\":\"de\",\"@id\":\"https:\\\/\\\/www.modula4.com\\\/de\\\/produkte\\\/weitere-produkte\\\/cumulus-importer\\\/#primaryimage\",\"url\":\"http:\\\/\\\/www.modula4.com\\\/wp-content\\\/uploads\\\/Importer-e1432310267233.jpg\",\"contentUrl\":\"http:\\\/\\\/www.modula4.com\\\/wp-content\\\/uploads\\\/Importer-e1432310267233.jpg\"},{\"@type\":\"BreadcrumbList\",\"@id\":\"https:\\\/\\\/www.modula4.com\\\/de\\\/produkte\\\/weitere-produkte\\\/cumulus-importer\\\/#breadcrumb\",\"itemListElement\":[{\"@type\":\"ListItem\",\"position\":1,\"name\":\"Home\",\"item\":\"https:\\\/\\\/www.modula4.com\\\/de\\\/\"},{\"@type\":\"ListItem\",\"position\":2,\"name\":\"Produkte\",\"item\":\"https:\\\/\\\/www.modula4.com\\\/de\\\/produkte\\\/\"},{\"@type\":\"ListItem\",\"position\":3,\"name\":\"Zus\u00e4tzliche Produkte\",\"item\":\"https:\\\/\\\/www.modula4.com\\\/de\\\/produkte\\\/weitere-produkte\\\/\"},{\"@type\":\"ListItem\",\"position\":4,\"name\":\"Cumulus Importer\"}]},{\"@type\":\"WebSite\",\"@id\":\"https:\\\/\\\/www.modula4.com\\\/#website\",\"url\":\"https:\\\/\\\/www.modula4.com\\\/\",\"name\":\"Modula4\",\"description\":\"Dedicated Experts. Complete Solutions. Real Results.\",\"publisher\":{\"@id\":\"https:\\\/\\\/www.modula4.com\\\/#organization\"},\"potentialAction\":[{\"@type\":\"SearchAction\",\"target\":{\"@type\":\"EntryPoint\",\"urlTemplate\":\"https:\\\/\\\/www.modula4.com\\\/?s={search_term_string}\"},\"query-input\":{\"@type\":\"PropertyValueSpecification\",\"valueRequired\":true,\"valueName\":\"search_term_string\"}}],\"inLanguage\":\"de\"},{\"@type\":\"Organization\",\"@id\":\"https:\\\/\\\/www.modula4.com\\\/#organization\",\"name\":\"Modula4\",\"url\":\"https:\\\/\\\/www.modula4.com\\\/\",\"logo\":{\"@type\":\"ImageObject\",\"inLanguage\":\"de\",\"@id\":\"https:\\\/\\\/www.modula4.com\\\/#\\\/schema\\\/logo\\\/image\\\/\",\"url\":\"https:\\\/\\\/www.modula4.com\\\/wp-content\\\/uploads\\\/M4-Logo-rgb.png\",\"contentUrl\":\"https:\\\/\\\/www.modula4.com\\\/wp-content\\\/uploads\\\/M4-Logo-rgb.png\",\"width\":190,\"height\":42,\"caption\":\"Modula4\"},\"image\":{\"@id\":\"https:\\\/\\\/www.modula4.com\\\/#\\\/schema\\\/logo\\\/image\\\/\"},\"sameAs\":[\"https:\\\/\\\/www.linkedin.com\\\/company\\\/modula4\\\/\"]}]}<\/script>\n<!-- \/ Yoast SEO Premium plugin. -->","yoast_head_json":{"title":"Cumulus Importer - Modula4","robots":{"index":"index","follow":"follow","max-snippet":"max-snippet:-1","max-image-preview":"max-image-preview:large","max-video-preview":"max-video-preview:-1"},"canonical":"https:\/\/www.modula4.com\/de\/produkte\/weitere-produkte\/cumulus-importer\/","og_locale":"de_DE","og_type":"article","og_title":"Cumulus Importer","og_description":"Schnelles und reibungsloses Importieren nach Cumulus Mit dem Cumulus Importer k\u00f6nnen Sie Informationen nach Cumulus importieren. Nutzen Sie dazu Daten aus anderen Datenbanksystemen, Exceldateien oder Textlisten um damit die Felder Ihrer Cumulus Kataloge zu f\u00fcllen. Die Daten k\u00f6nnen jedem Feld zugeordnet werden (Datensatzfeld oder Kategorienfeld). Metadaten k\u00f6nnen in Textfelder, Stringlistenfelder oder den Kategorienbaum \u00fcbernommen werden. ... &nbsp;Weiterlesen &gt;","og_url":"https:\/\/www.modula4.com\/de\/produkte\/weitere-produkte\/cumulus-importer\/","og_site_name":"Modula4","article_publisher":"https:\/\/www.linkedin.com\/company\/modula4\/","article_modified_time":"2019-12-17T10:16:15+00:00","og_image":[{"url":"http:\/\/www.modula4.com\/wp-content\/uploads\/Importer-e1432310267233.jpg","type":"","width":"","height":""}],"twitter_misc":{"Gesch\u00e4tzte Lesezeit":"1\u00a0Minute"},"schema":{"@context":"https:\/\/schema.org","@graph":[{"@type":"WebPage","@id":"https:\/\/www.modula4.com\/de\/produkte\/weitere-produkte\/cumulus-importer\/","url":"https:\/\/www.modula4.com\/de\/produkte\/weitere-produkte\/cumulus-importer\/","name":"Cumulus Importer - Modula4","isPartOf":{"@id":"https:\/\/www.modula4.com\/#website"},"primaryImageOfPage":{"@id":"https:\/\/www.modula4.com\/de\/produkte\/weitere-produkte\/cumulus-importer\/#primaryimage"},"image":{"@id":"https:\/\/www.modula4.com\/de\/produkte\/weitere-produkte\/cumulus-importer\/#primaryimage"},"thumbnailUrl":"http:\/\/www.modula4.com\/wp-content\/uploads\/Importer-e1432310267233.jpg","datePublished":"2017-02-13T12:37:10+00:00","dateModified":"2019-12-17T10:16:15+00:00","breadcrumb":{"@id":"https:\/\/www.modula4.com\/de\/produkte\/weitere-produkte\/cumulus-importer\/#breadcrumb"},"inLanguage":"de","potentialAction":[{"@type":"ReadAction","target":["https:\/\/www.modula4.com\/de\/produkte\/weitere-produkte\/cumulus-importer\/"]}]},{"@type":"ImageObject","inLanguage":"de","@id":"https:\/\/www.modula4.com\/de\/produkte\/weitere-produkte\/cumulus-importer\/#primaryimage","url":"http:\/\/www.modula4.com\/wp-content\/uploads\/Importer-e1432310267233.jpg","contentUrl":"http:\/\/www.modula4.com\/wp-content\/uploads\/Importer-e1432310267233.jpg"},{"@type":"BreadcrumbList","@id":"https:\/\/www.modula4.com\/de\/produkte\/weitere-produkte\/cumulus-importer\/#breadcrumb","itemListElement":[{"@type":"ListItem","position":1,"name":"Home","item":"https:\/\/www.modula4.com\/de\/"},{"@type":"ListItem","position":2,"name":"Produkte","item":"https:\/\/www.modula4.com\/de\/produkte\/"},{"@type":"ListItem","position":3,"name":"Zus\u00e4tzliche Produkte","item":"https:\/\/www.modula4.com\/de\/produkte\/weitere-produkte\/"},{"@type":"ListItem","position":4,"name":"Cumulus Importer"}]},{"@type":"WebSite","@id":"https:\/\/www.modula4.com\/#website","url":"https:\/\/www.modula4.com\/","name":"Modula4","description":"Dedicated Experts. Complete Solutions. Real Results.","publisher":{"@id":"https:\/\/www.modula4.com\/#organization"},"potentialAction":[{"@type":"SearchAction","target":{"@type":"EntryPoint","urlTemplate":"https:\/\/www.modula4.com\/?s={search_term_string}"},"query-input":{"@type":"PropertyValueSpecification","valueRequired":true,"valueName":"search_term_string"}}],"inLanguage":"de"},{"@type":"Organization","@id":"https:\/\/www.modula4.com\/#organization","name":"Modula4","url":"https:\/\/www.modula4.com\/","logo":{"@type":"ImageObject","inLanguage":"de","@id":"https:\/\/www.modula4.com\/#\/schema\/logo\/image\/","url":"https:\/\/www.modula4.com\/wp-content\/uploads\/M4-Logo-rgb.png","contentUrl":"https:\/\/www.modula4.com\/wp-content\/uploads\/M4-Logo-rgb.png","width":190,"height":42,"caption":"Modula4"},"image":{"@id":"https:\/\/www.modula4.com\/#\/schema\/logo\/image\/"},"sameAs":["https:\/\/www.linkedin.com\/company\/modula4\/"]}]}},"_links":{"self":[{"href":"https:\/\/www.modula4.com\/de\/wp-json\/wp\/v2\/pages\/9541","targetHints":{"allow":["GET"]}}],"collection":[{"href":"https:\/\/www.modula4.com\/de\/wp-json\/wp\/v2\/pages"}],"about":[{"href":"https:\/\/www.modula4.com\/de\/wp-json\/wp\/v2\/types\/page"}],"author":[{"embeddable":true,"href":"https:\/\/www.modula4.com\/de\/wp-json\/wp\/v2\/users\/6"}],"replies":[{"embeddable":true,"href":"https:\/\/www.modula4.com\/de\/wp-json\/wp\/v2\/comments?post=9541"}],"version-history":[{"count":3,"href":"https:\/\/www.modula4.com\/de\/wp-json\/wp\/v2\/pages\/9541\/revisions"}],"predecessor-version":[{"id":10714,"href":"https:\/\/www.modula4.com\/de\/wp-json\/wp\/v2\/pages\/9541\/revisions\/10714"}],"up":[{"embeddable":true,"href":"https:\/\/www.modula4.com\/de\/wp-json\/wp\/v2\/pages\/9533"}],"wp:attachment":[{"href":"https:\/\/www.modula4.com\/de\/wp-json\/wp\/v2\/media?parent=9541"}],"curies":[{"name":"wp","href":"https:\/\/api.w.org\/{rel}","templated":true}]}}