{"id":9533,"date":"2017-02-13T04:07:33","date_gmt":"2017-02-13T12:07:33","guid":{"rendered":"http:\/\/www.modula4.com\/?page_id=9533\/"},"modified":"2025-10-28T12:45:57","modified_gmt":"2025-10-28T19:45:57","slug":"weitere-produkte","status":"publish","type":"page","link":"https:\/\/www.modula4.com\/de\/produkte\/weitere-produkte\/","title":{"rendered":"Zus\u00e4tzliche Produkte"},"content":{"rendered":"<h3><\/h3>\n<h3><a href=\"https:\/\/www.modula4.com\/de\/produkte\/weitere-produkte\/picturepark\/\">Picturepark<\/a><\/h3>\n<p>Eine zentrale Plattform, auf der alle Media Assets in ihrer Masterform gespeichert und dann automatisch in die gew\u00fcnschten Ausgabeformate umgewandelt werden. \u00a0<a href=\"https:\/\/www.modula4.com\/de\/produkte\/weitere-produkte\/picturepark\/\">Erfahren Sie mehr.<\/a><\/p>\n<h3><a href=\"https:\/\/www.modula4.com\/de\/produkte\/weitere-produkte\/veriflies\/\">Veriflies<\/a><\/h3>\n<p>Anfrage, Freigabe und Qualit\u00e4tskontrolle f\u00fcr Ihre Marketing Assets.\u00a0<a href=\"https:\/\/www.modula4.com\/de\/produkte\/weitere-produkte\/veriflies\/\">Erfahren Sie mehr.<\/a><\/p>\n<h3><a href=\"http:\/\/www.modula4.com\/de\/produkte\/weitere-produkte\/cumulus-importer\/\">Cumulus Importer<\/a><\/h3>\n<p>Der effizienteste Weg, um gro\u00dfe Datenmengen in Cumulus einzuf\u00fcgen. \u00a0<a href=\"http:\/\/www.modula4.com\/de\/produkte\/weitere-produkte\/cumulus-importer\/\">Erfahren Sie mehr.<\/a><\/p>\n<h3><strong><a href=\"http:\/\/www.modula4.com\/de\/produkte\/modula4-produkte\/video-module\/\" target=\"_self\" rel=\"noopener noreferrer\">Video Modul<\/a><\/strong><\/h3>\n<p>Das Video Modul bietet Ihnen wichtige Video-Funktionen, die nicht in Standard-DAM-Systemen enthalten sind. Es bietet Streaming-Vorschauen von praktisch jeder Art von Quelldatei, Downloads in verschiedenen Formaten und die M\u00f6glichkeit, durchsuchbare Kommentare hinzuf\u00fcgen, die zu dem passen, was im Video zu sehen ist. <a class=\"contact-us\" href=\"http:\/\/www.modula4.com\/de\/produkte\/modula4-produkte\/video-module\/\">Mehr Informationen.<\/a><\/p>\n<h3><a href=\"http:\/\/www.modula4.com\/de\/produkte\/weitere-produkte\/email-order-system-pro-eosp\/\">Email Order System Pro (EOSP)<\/a><\/h3>\n<p>Lassen Sie Ihre Benutzer einfach Bestellungen f\u00fcr Assets aufgeben, die f\u00fcr den Download freigegeben werden m\u00fcssen.\u00a0<a href=\"http:\/\/www.modula4.com\/de\/produkte\/weitere-produkte\/email-order-system-pro-eosp\/\">Erfahren Sie mehr.<\/a><\/p>\n<h3><strong><a title=\"e-Commerce Add-On\" href=\"http:\/\/www.modula4.com\/de\/produkte\/weitere-produkte\/e-commerce-add-on\/\">e-Commerce Add-On<\/a><\/strong><\/h3>\n<p>Mit dem e-Commerce Add-On k\u00f6nnen Sie Ihre Dateien einfach und sicher als bezahlten Download im Internet anbieten. <a href=\"http:\/\/www.modula4.com\/de\/produkte\/weitere-produkte\/e-commerce-add-on\/\">Erfahren Sie mehr.<\/a><\/p>\n<h3>Ausgelaufene Produkte<\/h3>\n<h3><strong><a title=\"Brand Portal\" href=\"https:\/\/www.modula4.com\/de\/produkte\/weitere-produkte\/brand-portals\/\">Brand Portal<\/a><\/strong><\/h3>\n<p>Das Brand Portal bietet Kunden, potenziellen Kunden, Partnern und Medien eine optimierte digitale Markenerfahrung. <a class=\"contact-us\" href=\"https:\/\/www.modula4.com\/de\/produkte\/weitere-produkte\/brand-portals\/\">Mehr Informationen.<\/a><\/p>\n<h3><strong><a title=\"ZoomA\" href=\"http:\/\/www.modula4.com\/de\/produkte\/modula4-produkte\/zooma\/\">ZoomA<\/a><\/strong><\/h3>\n<p>Mit ZoomA k\u00f6nnen Sie \u00a0Bilder schnell und leicht vergr\u00f6\u00dfern, so dass feine Details sichtbar gemacht werden k\u00f6nnen. <a class=\"contact-us\" href=\"http:\/\/www.modula4.com\/de\/produkte\/modula4-produkte\/zooma\/\">Mehr Informationen.<\/a><\/p>\n<h3><strong><a title=\"Multisite\" href=\"http:\/\/www.modula4.com\/de\/produkte\/modula4-produkte\/multisite\/\">Multisite<\/a><\/strong><\/h3>\n<p>Multisite bietet jeder Gruppe (intern und extern) ein eigenes Webportal, das auf ihre spezifischen Bed\u00fcrfnisse zugeschnitten ist. <a class=\"contact-us\" href=\"http:\/\/www.modula4.com\/de\/produkte\/modula4-produkte\/multisite\/\">Mehr Informationen.<\/a><\/p>\n<h3><strong><a title=\"S3 Connector for Cumulus\" href=\"http:\/\/www.modula4.com\/de\/produkte\/modula4-produkte\/s3-connector\/\">S3 Connector<\/a><\/strong><\/h3>\n<p>Benutzen Sie die Amazons S3 Cloud-Storage L\u00f6sung, um Dateien \u00fcberall auf der Welt noch schneller herunterzuladen. <a class=\"contact-us\" title=\"S3 Connector\" href=\"http:\/\/www.modula4.com\/de\/produkte\/modula4-produkte\/s3-connector\/\">Mehr Informationen.<\/a><\/p>\n<h3><strong><a title=\"ImageMagick Asset Processor\" href=\"http:\/\/www.modula4.com\/de\/produkte\/modula4-produkte\/imagemagick-asset-processor\/\">ImageMagick Asset Processor<\/a><\/strong><\/h3>\n<p>Automatisierte Bearbeitung und Konvertierung von Bilddateien in Ihrem DAM, sogar von Vektorgrafiken. <a class=\"contact-us\" href=\"http:\/\/www.modula4.com\/de\/produkte\/modula4-produkte\/imagemagick-asset-processor\/\">Mehr Informationen.<\/a><\/p>\n<h3><strong><a title=\"Single Sign-On Integration\" href=\"http:\/\/www.modula4.com\/de\/produkte\/modula4-produkte\/single-sign-sso-integration\/\">Single Sign-On (SSO) Integration<\/a><\/strong><\/h3>\n<p>Schaffen Sie einen nahtlosen \u00dcbergang zu Ihrem DAM-System mit einer einfachen und sicheren Authentifizierung. <a title=\"Single Sign-On Integration\" href=\"http:\/\/www.modula4.com\/de\/produkte\/modula4-produkte\/single-sign-sso-integration\/\">Mehr Informationen.<\/a><\/p>\n<h3><a href=\"http:\/\/www.modula4.com\/de\/produkte\/weitere-produkte\/dam-connect-for-woodwing\/\">DAM Connect f\u00fcr WoodWing<\/a><\/h3>\n<p>\u00dcbergeben und verfolgen Sie Assets, die in Cumlulus verwaltet und in WoodWings vielseitiger Publishing-Plattform verwendet werden.\u00a0<a href=\"http:\/\/www.modula4.com\/de\/produkte\/weitere-produkte\/dam-connect-for-woodwing\/\">Erfahren Sie mehr.<\/a><\/p>\n<h3><a title=\"ImageSorter\" href=\"http:\/\/www.modula4.com\/de\/produkte\/modula4-produkte\/imagesorter\/\" target=\"_self\" rel=\"noopener noreferrer\">ImageSorter (eingestellt)<\/a><\/h3>\n<p>ImageSorter gruppiert Bilder nach Farbe, Helligkeit, Form und anderen visuellen Inhalten. <a class=\"contact-us\" href=\"http:\/\/www.modula4.com\/de\/produkte\/modula4-produkte\/imagesorter\/\">Erfahren Sie mehr.<\/a><\/p>\n<h3><a href=\"http:\/\/www.modula4.com\/de\/produkte\/weitere-produkte\/list-search\/\">List Search<\/a><\/h3>\n<p>Suchen sie nach Datens\u00e4tzen in Ihren Cumulus Katalogen mit der Hilfe von Textlisten, sowohl in einzelnen Kollektionen als auch in ganzen Katalogen. <a href=\"http:\/\/www.modula4.com\/de\/produkte\/weitere-produkte\/list-search\/\">Erfahren Sie mehr.<\/a><\/p>\n<h3><\/h3>\n","protected":false},"excerpt":{"rendered":"<p>Picturepark Eine zentrale Plattform, auf der alle Media Assets in ihrer Masterform gespeichert und dann automatisch in die gew\u00fcnschten Ausgabeformate umgewandelt werden. \u00a0Erfahren Sie mehr. Veriflies Anfrage, Freigabe und Qualit\u00e4tskontrolle f\u00fcr Ihre Marketing Assets.\u00a0Erfahren Sie mehr. Cumulus Importer Der effizienteste Weg, um gro\u00dfe Datenmengen in Cumulus einzuf\u00fcgen. \u00a0Erfahren Sie mehr. Video Modul Das Video Modul <a class=\"read-more\" href=\"https:\/\/www.modula4.com\/de\/produkte\/weitere-produkte\/\">&#8230; &nbsp;Weiterlesen &gt;<\/a><\/p>\n","protected":false},"author":6,"featured_media":0,"parent":5971,"menu_order":70,"comment_status":"closed","ping_status":"closed","template":"","meta":{"_monsterinsights_skip_tracking":false,"_monsterinsights_sitenote_active":false,"_monsterinsights_sitenote_note":"","_monsterinsights_sitenote_category":0,"footnotes":""},"class_list":["post-9533","page","type-page","status-publish","hentry"],"yoast_head":"<!-- This site is optimized with the Yoast SEO Premium plugin v26.4 (Yoast SEO v27.3) - https:\/\/yoast.com\/product\/yoast-seo-premium-wordpress\/ -->\n<title>Zus\u00e4tzliche Produkte - Modula4<\/title>\n<meta name=\"robots\" content=\"index, follow, max-snippet:-1, max-image-preview:large, max-video-preview:-1\" \/>\n<link rel=\"canonical\" href=\"https:\/\/www.modula4.com\/de\/produkte\/weitere-produkte\/\" \/>\n<meta property=\"og:locale\" content=\"de_DE\" \/>\n<meta property=\"og:type\" content=\"article\" \/>\n<meta property=\"og:title\" content=\"Zus\u00e4tzliche Produkte\" \/>\n<meta property=\"og:description\" content=\"Picturepark Eine zentrale Plattform, auf der alle Media Assets in ihrer Masterform gespeichert und dann automatisch in die gew\u00fcnschten Ausgabeformate umgewandelt werden. \u00a0Erfahren Sie mehr. Veriflies Anfrage, Freigabe und Qualit\u00e4tskontrolle f\u00fcr Ihre Marketing Assets.\u00a0Erfahren Sie mehr. Cumulus Importer Der effizienteste Weg, um gro\u00dfe Datenmengen in Cumulus einzuf\u00fcgen. \u00a0Erfahren Sie mehr. Video Modul Das Video Modul ... &nbsp;Weiterlesen &gt;\" \/>\n<meta property=\"og:url\" content=\"https:\/\/www.modula4.com\/de\/produkte\/weitere-produkte\/\" \/>\n<meta property=\"og:site_name\" content=\"Modula4\" \/>\n<meta property=\"article:publisher\" content=\"https:\/\/www.linkedin.com\/company\/modula4\/\" \/>\n<meta property=\"article:modified_time\" content=\"2025-10-28T19:45:57+00:00\" \/>\n<meta name=\"twitter:label1\" content=\"Gesch\u00e4tzte Lesezeit\" \/>\n\t<meta name=\"twitter:data1\" content=\"2\u00a0Minuten\" \/>\n<script type=\"application\/ld+json\" class=\"yoast-schema-graph\">{\"@context\":\"https:\\\/\\\/schema.org\",\"@graph\":[{\"@type\":\"WebPage\",\"@id\":\"https:\\\/\\\/www.modula4.com\\\/de\\\/produkte\\\/weitere-produkte\\\/\",\"url\":\"https:\\\/\\\/www.modula4.com\\\/de\\\/produkte\\\/weitere-produkte\\\/\",\"name\":\"Zus\u00e4tzliche Produkte - Modula4\",\"isPartOf\":{\"@id\":\"https:\\\/\\\/www.modula4.com\\\/#website\"},\"datePublished\":\"2017-02-13T12:07:33+00:00\",\"dateModified\":\"2025-10-28T19:45:57+00:00\",\"breadcrumb\":{\"@id\":\"https:\\\/\\\/www.modula4.com\\\/de\\\/produkte\\\/weitere-produkte\\\/#breadcrumb\"},\"inLanguage\":\"de\",\"potentialAction\":[{\"@type\":\"ReadAction\",\"target\":[\"https:\\\/\\\/www.modula4.com\\\/de\\\/produkte\\\/weitere-produkte\\\/\"]}]},{\"@type\":\"BreadcrumbList\",\"@id\":\"https:\\\/\\\/www.modula4.com\\\/de\\\/produkte\\\/weitere-produkte\\\/#breadcrumb\",\"itemListElement\":[{\"@type\":\"ListItem\",\"position\":1,\"name\":\"Home\",\"item\":\"https:\\\/\\\/www.modula4.com\\\/de\\\/\"},{\"@type\":\"ListItem\",\"position\":2,\"name\":\"Produkte\",\"item\":\"https:\\\/\\\/www.modula4.com\\\/de\\\/produkte\\\/\"},{\"@type\":\"ListItem\",\"position\":3,\"name\":\"Zus\u00e4tzliche Produkte\"}]},{\"@type\":\"WebSite\",\"@id\":\"https:\\\/\\\/www.modula4.com\\\/#website\",\"url\":\"https:\\\/\\\/www.modula4.com\\\/\",\"name\":\"Modula4\",\"description\":\"Dedicated Experts. Complete Solutions. Real Results.\",\"publisher\":{\"@id\":\"https:\\\/\\\/www.modula4.com\\\/#organization\"},\"potentialAction\":[{\"@type\":\"SearchAction\",\"target\":{\"@type\":\"EntryPoint\",\"urlTemplate\":\"https:\\\/\\\/www.modula4.com\\\/?s={search_term_string}\"},\"query-input\":{\"@type\":\"PropertyValueSpecification\",\"valueRequired\":true,\"valueName\":\"search_term_string\"}}],\"inLanguage\":\"de\"},{\"@type\":\"Organization\",\"@id\":\"https:\\\/\\\/www.modula4.com\\\/#organization\",\"name\":\"Modula4\",\"url\":\"https:\\\/\\\/www.modula4.com\\\/\",\"logo\":{\"@type\":\"ImageObject\",\"inLanguage\":\"de\",\"@id\":\"https:\\\/\\\/www.modula4.com\\\/#\\\/schema\\\/logo\\\/image\\\/\",\"url\":\"https:\\\/\\\/www.modula4.com\\\/wp-content\\\/uploads\\\/M4-Logo-rgb.png\",\"contentUrl\":\"https:\\\/\\\/www.modula4.com\\\/wp-content\\\/uploads\\\/M4-Logo-rgb.png\",\"width\":190,\"height\":42,\"caption\":\"Modula4\"},\"image\":{\"@id\":\"https:\\\/\\\/www.modula4.com\\\/#\\\/schema\\\/logo\\\/image\\\/\"},\"sameAs\":[\"https:\\\/\\\/www.linkedin.com\\\/company\\\/modula4\\\/\"]}]}<\/script>\n<!-- \/ Yoast SEO Premium plugin. -->","yoast_head_json":{"title":"Zus\u00e4tzliche Produkte - Modula4","robots":{"index":"index","follow":"follow","max-snippet":"max-snippet:-1","max-image-preview":"max-image-preview:large","max-video-preview":"max-video-preview:-1"},"canonical":"https:\/\/www.modula4.com\/de\/produkte\/weitere-produkte\/","og_locale":"de_DE","og_type":"article","og_title":"Zus\u00e4tzliche Produkte","og_description":"Picturepark Eine zentrale Plattform, auf der alle Media Assets in ihrer Masterform gespeichert und dann automatisch in die gew\u00fcnschten Ausgabeformate umgewandelt werden. \u00a0Erfahren Sie mehr. Veriflies Anfrage, Freigabe und Qualit\u00e4tskontrolle f\u00fcr Ihre Marketing Assets.\u00a0Erfahren Sie mehr. Cumulus Importer Der effizienteste Weg, um gro\u00dfe Datenmengen in Cumulus einzuf\u00fcgen. \u00a0Erfahren Sie mehr. Video Modul Das Video Modul ... &nbsp;Weiterlesen &gt;","og_url":"https:\/\/www.modula4.com\/de\/produkte\/weitere-produkte\/","og_site_name":"Modula4","article_publisher":"https:\/\/www.linkedin.com\/company\/modula4\/","article_modified_time":"2025-10-28T19:45:57+00:00","twitter_misc":{"Gesch\u00e4tzte Lesezeit":"2\u00a0Minuten"},"schema":{"@context":"https:\/\/schema.org","@graph":[{"@type":"WebPage","@id":"https:\/\/www.modula4.com\/de\/produkte\/weitere-produkte\/","url":"https:\/\/www.modula4.com\/de\/produkte\/weitere-produkte\/","name":"Zus\u00e4tzliche Produkte - Modula4","isPartOf":{"@id":"https:\/\/www.modula4.com\/#website"},"datePublished":"2017-02-13T12:07:33+00:00","dateModified":"2025-10-28T19:45:57+00:00","breadcrumb":{"@id":"https:\/\/www.modula4.com\/de\/produkte\/weitere-produkte\/#breadcrumb"},"inLanguage":"de","potentialAction":[{"@type":"ReadAction","target":["https:\/\/www.modula4.com\/de\/produkte\/weitere-produkte\/"]}]},{"@type":"BreadcrumbList","@id":"https:\/\/www.modula4.com\/de\/produkte\/weitere-produkte\/#breadcrumb","itemListElement":[{"@type":"ListItem","position":1,"name":"Home","item":"https:\/\/www.modula4.com\/de\/"},{"@type":"ListItem","position":2,"name":"Produkte","item":"https:\/\/www.modula4.com\/de\/produkte\/"},{"@type":"ListItem","position":3,"name":"Zus\u00e4tzliche Produkte"}]},{"@type":"WebSite","@id":"https:\/\/www.modula4.com\/#website","url":"https:\/\/www.modula4.com\/","name":"Modula4","description":"Dedicated Experts. Complete Solutions. Real Results.","publisher":{"@id":"https:\/\/www.modula4.com\/#organization"},"potentialAction":[{"@type":"SearchAction","target":{"@type":"EntryPoint","urlTemplate":"https:\/\/www.modula4.com\/?s={search_term_string}"},"query-input":{"@type":"PropertyValueSpecification","valueRequired":true,"valueName":"search_term_string"}}],"inLanguage":"de"},{"@type":"Organization","@id":"https:\/\/www.modula4.com\/#organization","name":"Modula4","url":"https:\/\/www.modula4.com\/","logo":{"@type":"ImageObject","inLanguage":"de","@id":"https:\/\/www.modula4.com\/#\/schema\/logo\/image\/","url":"https:\/\/www.modula4.com\/wp-content\/uploads\/M4-Logo-rgb.png","contentUrl":"https:\/\/www.modula4.com\/wp-content\/uploads\/M4-Logo-rgb.png","width":190,"height":42,"caption":"Modula4"},"image":{"@id":"https:\/\/www.modula4.com\/#\/schema\/logo\/image\/"},"sameAs":["https:\/\/www.linkedin.com\/company\/modula4\/"]}]}},"_links":{"self":[{"href":"https:\/\/www.modula4.com\/de\/wp-json\/wp\/v2\/pages\/9533","targetHints":{"allow":["GET"]}}],"collection":[{"href":"https:\/\/www.modula4.com\/de\/wp-json\/wp\/v2\/pages"}],"about":[{"href":"https:\/\/www.modula4.com\/de\/wp-json\/wp\/v2\/types\/page"}],"author":[{"embeddable":true,"href":"https:\/\/www.modula4.com\/de\/wp-json\/wp\/v2\/users\/6"}],"replies":[{"embeddable":true,"href":"https:\/\/www.modula4.com\/de\/wp-json\/wp\/v2\/comments?post=9533"}],"version-history":[{"count":27,"href":"https:\/\/www.modula4.com\/de\/wp-json\/wp\/v2\/pages\/9533\/revisions"}],"predecessor-version":[{"id":12278,"href":"https:\/\/www.modula4.com\/de\/wp-json\/wp\/v2\/pages\/9533\/revisions\/12278"}],"up":[{"embeddable":true,"href":"https:\/\/www.modula4.com\/de\/wp-json\/wp\/v2\/pages\/5971"}],"wp:attachment":[{"href":"https:\/\/www.modula4.com\/de\/wp-json\/wp\/v2\/media?parent=9533"}],"curies":[{"name":"wp","href":"https:\/\/api.w.org\/{rel}","templated":true}]}}