{"id":9528,"date":"2017-02-13T02:59:11","date_gmt":"2017-02-13T10:59:11","guid":{"rendered":"http:\/\/www.modula4.com\/?page_id=9528\/"},"modified":"2021-08-31T04:30:27","modified_gmt":"2021-08-31T11:30:27","slug":"canto-saas","status":"publish","type":"page","link":"https:\/\/www.modula4.com\/de\/produkte\/dam-systems\/canto-saas\/","title":{"rendered":"Canto Cloud"},"content":{"rendered":"<h2>Kosteng\u00fcnstige, skalierbare Medienbibliothek<\/h2>\n<p>Canto (ehemals Flight) ist ein benutzerfreundliches, cloud-basiertes File-Sharing- und Speichersystem. Mit Canto k\u00f6nnen Sie zu jeder Zeit und \u00fcberall Dateien hochladen, verwalten und herunterladen. Auch unterwegs k\u00f6nnen Sie problemlos Dateien bearbeiten, freigeben oder aktualisieren. Canto ben\u00f6tigt keinerlei Installation, Sie k\u00f6nnen sofort loslegen, ohne auf Ihr IT-Team warten zu m\u00fcssen.<\/p>\n<p>Canto\u00a0bietet intelligentes Filtern, eine Kommentarfunktion, Metadatenbearbeitung und f\u00f6rdert den Austausch in Ihrem Team. Mit der Versionskontrolle behalten Sie stets den \u00dcberblick \u00fcber die \u00c4nderungen an Ihren Assets. Sie und Ihre Mitarbeiter k\u00f6nnen so auf verschiedene Versionen Ihrer Assets zugreifen, ohne Duplikate zu erstellen. Im Kommentarfeld k\u00f6nnen Sie zudem @Mitarbeiter mit E-Mailbenachrichtigung hinzuf\u00fcgen und im Nachrichtenbereich eine Liste mit allen Kommentaren einsehen, in denen @Sie erw\u00e4hnt werden.<\/p>\n<p>&nbsp;<\/p>\n<p style=\"text-align: center;\"><a href=\"\/solutions\/products\/flight\/flight_image\/\" rel=\"attachment wp-att-5754\"><img loading=\"lazy\" decoding=\"async\" class=\"aligncenter wp-image-5754\" src=\"\/wp-content\/uploads\/flight_image-718x362.jpg\" alt=\"flight_image\" width=\"750\" height=\"378\" srcset=\"https:\/\/www.modula4.com\/wp-content\/uploads\/flight_image-718x362.jpg 718w, https:\/\/www.modula4.com\/wp-content\/uploads\/flight_image-290x146.jpg 290w, https:\/\/www.modula4.com\/wp-content\/uploads\/flight_image.jpg 1497w\" sizes=\"auto, (max-width: 750px) 100vw, 750px\" \/><\/a><\/p>\n<p>&nbsp;<\/p>\n<p>Canto bietet Ihnen die Voransicht mit Thumbnails oder als Liste mit sortierbaren Spalten. Sie k\u00f6nnen leicht und schnell durch Ihre Assets scrollen und einzelne Dateien in Alben oder Ordnerverzeichnisse ziehen.<\/p>\n<p>Suchen Sie einen einfachen und benutzerfreundlichen Weg, um Ihre Dateien zu verwalten und zu teilen? Dann kann Ihnen Canto helfen, Ihre Workflows zu veschlanken und die Verwaltung Ihrer Dateien zu vereinfachen.<\/p>\n<p><a href=\"\/de\/kontakt\/\">Fragen Sie uns<\/a>, wenn Sie mehr \u00fcber Canto erfahren m\u00f6chten.<\/p>\n","protected":false},"excerpt":{"rendered":"<p>Kosteng\u00fcnstige, skalierbare Medienbibliothek Canto (ehemals Flight) ist ein benutzerfreundliches, cloud-basiertes File-Sharing- und Speichersystem. Mit Canto k\u00f6nnen Sie zu jeder Zeit und \u00fcberall Dateien hochladen, verwalten und herunterladen. Auch unterwegs k\u00f6nnen Sie problemlos Dateien bearbeiten, freigeben oder aktualisieren. Canto ben\u00f6tigt keinerlei Installation, Sie k\u00f6nnen sofort loslegen, ohne auf Ihr IT-Team warten zu m\u00fcssen. Canto\u00a0bietet intelligentes Filtern, <a class=\"read-more\" href=\"https:\/\/www.modula4.com\/de\/produkte\/dam-systems\/canto-saas\/\">&#8230; &nbsp;Weiterlesen &gt;<\/a><\/p>\n","protected":false},"author":6,"featured_media":0,"parent":12115,"menu_order":20,"comment_status":"closed","ping_status":"closed","template":"","meta":{"_monsterinsights_skip_tracking":false,"_monsterinsights_sitenote_active":false,"_monsterinsights_sitenote_note":"","_monsterinsights_sitenote_category":0,"footnotes":""},"class_list":["post-9528","page","type-page","status-publish","hentry"],"yoast_head":"<!-- This site is optimized with the Yoast SEO Premium plugin v26.4 (Yoast SEO v27.4) - https:\/\/yoast.com\/product\/yoast-seo-premium-wordpress\/ -->\n<title>Canto Cloud - Modula4<\/title>\n<meta name=\"robots\" content=\"index, follow, max-snippet:-1, max-image-preview:large, max-video-preview:-1\" \/>\n<link rel=\"canonical\" href=\"https:\/\/www.modula4.com\/de\/produkte\/canto-saas\/\" \/>\n<meta property=\"og:locale\" content=\"de_DE\" \/>\n<meta property=\"og:type\" content=\"article\" \/>\n<meta property=\"og:title\" content=\"Canto Cloud\" \/>\n<meta property=\"og:description\" content=\"Kosteng\u00fcnstige, skalierbare Medienbibliothek Canto (ehemals Flight) ist ein benutzerfreundliches, cloud-basiertes File-Sharing- und Speichersystem. Mit Canto k\u00f6nnen Sie zu jeder Zeit und \u00fcberall Dateien hochladen, verwalten und herunterladen. Auch unterwegs k\u00f6nnen Sie problemlos Dateien bearbeiten, freigeben oder aktualisieren. Canto ben\u00f6tigt keinerlei Installation, Sie k\u00f6nnen sofort loslegen, ohne auf Ihr IT-Team warten zu m\u00fcssen. Canto\u00a0bietet intelligentes Filtern, ... &nbsp;Weiterlesen &gt;\" \/>\n<meta property=\"og:url\" content=\"https:\/\/www.modula4.com\/de\/produkte\/canto-saas\/\" \/>\n<meta property=\"og:site_name\" content=\"Modula4\" \/>\n<meta property=\"article:publisher\" content=\"https:\/\/www.linkedin.com\/company\/modula4\/\" \/>\n<meta property=\"article:modified_time\" content=\"2021-08-31T11:30:27+00:00\" \/>\n<meta property=\"og:image\" content=\"https:\/\/www.modula4.com\/wp-content\/uploads\/flight_image-718x362.jpg\" \/>\n<meta name=\"twitter:label1\" content=\"Gesch\u00e4tzte Lesezeit\" \/>\n\t<meta name=\"twitter:data1\" content=\"1\u00a0Minute\" \/>\n<script type=\"application\/ld+json\" class=\"yoast-schema-graph\">{\"@context\":\"https:\\\/\\\/schema.org\",\"@graph\":[{\"@type\":\"WebPage\",\"@id\":\"https:\\\/\\\/www.modula4.com\\\/de\\\/produkte\\\/canto-saas\\\/\",\"url\":\"https:\\\/\\\/www.modula4.com\\\/de\\\/produkte\\\/canto-saas\\\/\",\"name\":\"Canto Cloud - Modula4\",\"isPartOf\":{\"@id\":\"https:\\\/\\\/www.modula4.com\\\/#website\"},\"datePublished\":\"2017-02-13T10:59:11+00:00\",\"dateModified\":\"2021-08-31T11:30:27+00:00\",\"breadcrumb\":{\"@id\":\"https:\\\/\\\/www.modula4.com\\\/de\\\/produkte\\\/canto-saas\\\/#breadcrumb\"},\"inLanguage\":\"de\",\"potentialAction\":[{\"@type\":\"ReadAction\",\"target\":[\"https:\\\/\\\/www.modula4.com\\\/de\\\/produkte\\\/canto-saas\\\/\"]}]},{\"@type\":\"BreadcrumbList\",\"@id\":\"https:\\\/\\\/www.modula4.com\\\/de\\\/produkte\\\/canto-saas\\\/#breadcrumb\",\"itemListElement\":[{\"@type\":\"ListItem\",\"position\":1,\"name\":\"Home\",\"item\":\"https:\\\/\\\/www.modula4.com\\\/de\\\/\"},{\"@type\":\"ListItem\",\"position\":2,\"name\":\"Produkte\",\"item\":\"https:\\\/\\\/www.modula4.com\\\/de\\\/produkte\\\/\"},{\"@type\":\"ListItem\",\"position\":3,\"name\":\"Canto Cloud\"}]},{\"@type\":\"WebSite\",\"@id\":\"https:\\\/\\\/www.modula4.com\\\/#website\",\"url\":\"https:\\\/\\\/www.modula4.com\\\/\",\"name\":\"Modula4\",\"description\":\"Dedicated Experts. Complete Solutions. Real Results.\",\"publisher\":{\"@id\":\"https:\\\/\\\/www.modula4.com\\\/#organization\"},\"potentialAction\":[{\"@type\":\"SearchAction\",\"target\":{\"@type\":\"EntryPoint\",\"urlTemplate\":\"https:\\\/\\\/www.modula4.com\\\/?s={search_term_string}\"},\"query-input\":{\"@type\":\"PropertyValueSpecification\",\"valueRequired\":true,\"valueName\":\"search_term_string\"}}],\"inLanguage\":\"de\"},{\"@type\":\"Organization\",\"@id\":\"https:\\\/\\\/www.modula4.com\\\/#organization\",\"name\":\"Modula4\",\"url\":\"https:\\\/\\\/www.modula4.com\\\/\",\"logo\":{\"@type\":\"ImageObject\",\"inLanguage\":\"de\",\"@id\":\"https:\\\/\\\/www.modula4.com\\\/#\\\/schema\\\/logo\\\/image\\\/\",\"url\":\"https:\\\/\\\/www.modula4.com\\\/wp-content\\\/uploads\\\/M4-Logo-rgb.png\",\"contentUrl\":\"https:\\\/\\\/www.modula4.com\\\/wp-content\\\/uploads\\\/M4-Logo-rgb.png\",\"width\":190,\"height\":42,\"caption\":\"Modula4\"},\"image\":{\"@id\":\"https:\\\/\\\/www.modula4.com\\\/#\\\/schema\\\/logo\\\/image\\\/\"},\"sameAs\":[\"https:\\\/\\\/www.linkedin.com\\\/company\\\/modula4\\\/\"]}]}<\/script>\n<!-- \/ Yoast SEO Premium plugin. -->","yoast_head_json":{"title":"Canto Cloud - Modula4","robots":{"index":"index","follow":"follow","max-snippet":"max-snippet:-1","max-image-preview":"max-image-preview:large","max-video-preview":"max-video-preview:-1"},"canonical":"https:\/\/www.modula4.com\/de\/produkte\/canto-saas\/","og_locale":"de_DE","og_type":"article","og_title":"Canto Cloud","og_description":"Kosteng\u00fcnstige, skalierbare Medienbibliothek Canto (ehemals Flight) ist ein benutzerfreundliches, cloud-basiertes File-Sharing- und Speichersystem. Mit Canto k\u00f6nnen Sie zu jeder Zeit und \u00fcberall Dateien hochladen, verwalten und herunterladen. Auch unterwegs k\u00f6nnen Sie problemlos Dateien bearbeiten, freigeben oder aktualisieren. Canto ben\u00f6tigt keinerlei Installation, Sie k\u00f6nnen sofort loslegen, ohne auf Ihr IT-Team warten zu m\u00fcssen. Canto\u00a0bietet intelligentes Filtern, ... &nbsp;Weiterlesen &gt;","og_url":"https:\/\/www.modula4.com\/de\/produkte\/canto-saas\/","og_site_name":"Modula4","article_publisher":"https:\/\/www.linkedin.com\/company\/modula4\/","article_modified_time":"2021-08-31T11:30:27+00:00","og_image":[{"url":"https:\/\/www.modula4.com\/wp-content\/uploads\/flight_image-718x362.jpg","type":"","width":"","height":""}],"twitter_misc":{"Gesch\u00e4tzte Lesezeit":"1\u00a0Minute"},"schema":{"@context":"https:\/\/schema.org","@graph":[{"@type":"WebPage","@id":"https:\/\/www.modula4.com\/de\/produkte\/canto-saas\/","url":"https:\/\/www.modula4.com\/de\/produkte\/canto-saas\/","name":"Canto Cloud - Modula4","isPartOf":{"@id":"https:\/\/www.modula4.com\/#website"},"datePublished":"2017-02-13T10:59:11+00:00","dateModified":"2021-08-31T11:30:27+00:00","breadcrumb":{"@id":"https:\/\/www.modula4.com\/de\/produkte\/canto-saas\/#breadcrumb"},"inLanguage":"de","potentialAction":[{"@type":"ReadAction","target":["https:\/\/www.modula4.com\/de\/produkte\/canto-saas\/"]}]},{"@type":"BreadcrumbList","@id":"https:\/\/www.modula4.com\/de\/produkte\/canto-saas\/#breadcrumb","itemListElement":[{"@type":"ListItem","position":1,"name":"Home","item":"https:\/\/www.modula4.com\/de\/"},{"@type":"ListItem","position":2,"name":"Produkte","item":"https:\/\/www.modula4.com\/de\/produkte\/"},{"@type":"ListItem","position":3,"name":"Canto Cloud"}]},{"@type":"WebSite","@id":"https:\/\/www.modula4.com\/#website","url":"https:\/\/www.modula4.com\/","name":"Modula4","description":"Dedicated Experts. Complete Solutions. Real Results.","publisher":{"@id":"https:\/\/www.modula4.com\/#organization"},"potentialAction":[{"@type":"SearchAction","target":{"@type":"EntryPoint","urlTemplate":"https:\/\/www.modula4.com\/?s={search_term_string}"},"query-input":{"@type":"PropertyValueSpecification","valueRequired":true,"valueName":"search_term_string"}}],"inLanguage":"de"},{"@type":"Organization","@id":"https:\/\/www.modula4.com\/#organization","name":"Modula4","url":"https:\/\/www.modula4.com\/","logo":{"@type":"ImageObject","inLanguage":"de","@id":"https:\/\/www.modula4.com\/#\/schema\/logo\/image\/","url":"https:\/\/www.modula4.com\/wp-content\/uploads\/M4-Logo-rgb.png","contentUrl":"https:\/\/www.modula4.com\/wp-content\/uploads\/M4-Logo-rgb.png","width":190,"height":42,"caption":"Modula4"},"image":{"@id":"https:\/\/www.modula4.com\/#\/schema\/logo\/image\/"},"sameAs":["https:\/\/www.linkedin.com\/company\/modula4\/"]}]}},"_links":{"self":[{"href":"https:\/\/www.modula4.com\/de\/wp-json\/wp\/v2\/pages\/9528","targetHints":{"allow":["GET"]}}],"collection":[{"href":"https:\/\/www.modula4.com\/de\/wp-json\/wp\/v2\/pages"}],"about":[{"href":"https:\/\/www.modula4.com\/de\/wp-json\/wp\/v2\/types\/page"}],"author":[{"embeddable":true,"href":"https:\/\/www.modula4.com\/de\/wp-json\/wp\/v2\/users\/6"}],"replies":[{"embeddable":true,"href":"https:\/\/www.modula4.com\/de\/wp-json\/wp\/v2\/comments?post=9528"}],"version-history":[{"count":10,"href":"https:\/\/www.modula4.com\/de\/wp-json\/wp\/v2\/pages\/9528\/revisions"}],"predecessor-version":[{"id":11147,"href":"https:\/\/www.modula4.com\/de\/wp-json\/wp\/v2\/pages\/9528\/revisions\/11147"}],"up":[{"embeddable":true,"href":"https:\/\/www.modula4.com\/de\/wp-json\/wp\/v2\/pages\/12115"}],"wp:attachment":[{"href":"https:\/\/www.modula4.com\/de\/wp-json\/wp\/v2\/media?parent=9528"}],"curies":[{"name":"wp","href":"https:\/\/api.w.org\/{rel}","templated":true}]}}