{"id":9521,"date":"2017-02-13T02:15:31","date_gmt":"2017-02-13T10:15:31","guid":{"rendered":"http:\/\/www.modula4.com\/?page_id=9521\/"},"modified":"2021-08-31T04:31:14","modified_gmt":"2021-08-31T11:31:14","slug":"veriflies","status":"publish","type":"page","link":"https:\/\/www.modula4.com\/de\/produkte\/weitere-produkte\/veriflies\/","title":{"rendered":"Veriflies"},"content":{"rendered":"<h2>Anforderung, Freigabe und Qualit\u00e4tskontrolle f\u00fcr Ihre Marketing Assets<\/h2>\n<p>Veriflies ist ein Cloud-basiertes Tool, das die Zusammenarbeit globaler Marken mit ihren Agenturen vereinfacht. Es automatisiert den Prozess des Anforderns, Genehmigens, Verwaltens und Verfolgens Ihrer Marketingressourcen wie Bilder und Grafiken. Es f\u00fchrt eine Qualit\u00e4tskontrolle der Assets zum Zeitpunkt ihrer Einreichung durch und vermeidet unn\u00f6tige Verz\u00f6gerungen und kostspielige Fehler. Neben globalen Marken kommt Veriflies jeder Organisation zugute, die neue Ressourcen von internen oder externen Quellen wie Fotografen und Designern anfordert.<\/p>\n<p><a href=\"http:\/\/www.modula4.com\/wp-content\/uploads\/Veriflies_Screen_1.png\"><img loading=\"lazy\" decoding=\"async\" class=\"aligncenter size-full wp-image-9156\" src=\"http:\/\/www.modula4.com\/wp-content\/uploads\/Veriflies_Screen_1.png\" alt=\"veriflies_screen_1\" width=\"650\" height=\"423\" srcset=\"https:\/\/www.modula4.com\/wp-content\/uploads\/Veriflies_Screen_1.png 650w, https:\/\/www.modula4.com\/wp-content\/uploads\/Veriflies_Screen_1-150x98.png 150w, https:\/\/www.modula4.com\/wp-content\/uploads\/Veriflies_Screen_1-404x263.png 404w\" sizes=\"auto, (max-width: 650px) 100vw, 650px\" \/><\/a><\/p>\n<p>Ein praktisches Dashboard bedeutet, dass Sie immer den Status jeder Anfrage kennen. Mit den Berichtsfunktionen k\u00f6nnen Sie sehen, welche Agenturen die besten Leistungen erbringen.<\/p>\n<p>Veriflies ist eine 100% Cloud-basierte L\u00f6sung, sodass keine Software gekauft, installiert oder gewartet werden muss. Es ist in Ihr DAM-System (Digital Asset Management) integriert, um sicherzustellen, dass nur genehmigte Assets zur Verwendung verf\u00fcgbar sind.<\/p>\n<p><strong>Wem hilft Veriflies?<\/strong><\/p>\n<ul>\n<li>Globalen Marken, die mit mehreren Agenturen zusammenarbeiten<\/li>\n<li>Jeder Organisation, die regelm\u00e4\u00dfig neue Assets von internen und externen Quellen, z. B. Fotografen und Designern, anfordert<\/li>\n<\/ul>\n<p><a href=\"http:\/\/www.modula4.com\/wp-content\/uploads\/Veriflies_Screen_2.png\"><img loading=\"lazy\" decoding=\"async\" class=\"aligncenter size-full wp-image-9159\" src=\"http:\/\/www.modula4.com\/wp-content\/uploads\/Veriflies_Screen_2.png\" alt=\"veriflies_screen_2\" width=\"700\" height=\"238\" srcset=\"https:\/\/www.modula4.com\/wp-content\/uploads\/Veriflies_Screen_2.png 700w, https:\/\/www.modula4.com\/wp-content\/uploads\/Veriflies_Screen_2-150x51.png 150w, https:\/\/www.modula4.com\/wp-content\/uploads\/Veriflies_Screen_2-474x161.png 474w\" sizes=\"auto, (max-width: 700px) 100vw, 700px\" \/><\/a><\/p>\n<p><strong>Das k\u00f6nnen Sie mit Veriflies tun:<\/strong><\/p>\n<ul>\n<li>Bildanforderungen erstellen und ihre Bearbeitung \u00fcberwachen<\/li>\n<li>Automatisch sicherstellen, dass die eingereichten Dateien den Vorgaben hinsichtlich technischer Anforderungen und Metadaten entsprechen, und jene ablehnen, die diese Vorgaben nicht erf\u00fcllen<\/li>\n<li>Finale Freigaben \u00fcberwachen<\/li>\n<li>Katalogisieren von Dateien und Metadaten in Ihr DAM mit nur einem Click<\/li>\n<li>Daten \u00fcber Bearbeitungsdauer und Exaktheit f\u00fcr jedes einzelne eingereichte Asset auswerten<\/li>\n<\/ul>\n<p><strong>Vorteile<\/strong><\/p>\n<ul>\n<li>Qualit\u00e4tskontrolle: Sichern Sie die Qualit\u00e4t der Dateien und Metadaten vor dem Katalogisieren, verhindert Sie so kostspielige Fehler<\/li>\n<li>Effizientes Verschlagworten: Metadaten werden bereits mit der Assetanforderung erstellt und begleiten das Asset bis hinein in Ihr DAM-System<\/li>\n<li>Tracking &amp; Reporting: Erstellen Sie Reports \u00fcber den Fortschritt Ihrer Assetanforderung und -bereitstellung<\/li>\n<li>Nahtlose Einbindung in Ihr DAM-System: Mit einem Click \u00fcbertragen Sie Dateien aus Veriflies in Ihr DAM<\/li>\n<li>Cloud-basiert: Keine Installation und Wartung erforderlich<\/li>\n<\/ul>\n<p>Veriflies ist momentan f\u00fcr Canto Cumulus erh\u00e4ltlich. Die Integration mit<br \/>\nanderen DAM-Systemen ist auf Anfrage m\u00f6glich.<\/p>\n<p><a href=\"http:\/\/www.modula4.com\/products\/veriflies\/download-veriflies-white-paper\/\">Laden Sie das Veriflies White Paper herunter.<\/a><\/p>\n<p><a href=\"http:\/\/www.modula4.com\/de\/kontakt\/\">Fragen Sie uns<\/a>, wenn Sie mehr \u00fcber Veriflies erfahren m\u00f6chten.<\/p>\n","protected":false},"excerpt":{"rendered":"<p>Anforderung, Freigabe und Qualit\u00e4tskontrolle f\u00fcr Ihre Marketing Assets Veriflies ist ein Cloud-basiertes Tool, das die Zusammenarbeit globaler Marken mit ihren Agenturen vereinfacht. Es automatisiert den Prozess des Anforderns, Genehmigens, Verwaltens und Verfolgens Ihrer Marketingressourcen wie Bilder und Grafiken. Es f\u00fchrt eine Qualit\u00e4tskontrolle der Assets zum Zeitpunkt ihrer Einreichung durch und vermeidet unn\u00f6tige Verz\u00f6gerungen und kostspielige <a class=\"read-more\" href=\"https:\/\/www.modula4.com\/de\/produkte\/weitere-produkte\/veriflies\/\">&#8230; &nbsp;Weiterlesen &gt;<\/a><\/p>\n","protected":false},"author":6,"featured_media":0,"parent":9533,"menu_order":20,"comment_status":"closed","ping_status":"closed","template":"","meta":{"_monsterinsights_skip_tracking":false,"_monsterinsights_sitenote_active":false,"_monsterinsights_sitenote_note":"","_monsterinsights_sitenote_category":0,"footnotes":""},"class_list":["post-9521","page","type-page","status-publish","hentry"],"yoast_head":"<!-- This site is optimized with the Yoast SEO Premium plugin v26.4 (Yoast SEO v27.3) - https:\/\/yoast.com\/product\/yoast-seo-premium-wordpress\/ -->\n<title>Veriflies - Modula4<\/title>\n<meta name=\"robots\" content=\"index, follow, max-snippet:-1, max-image-preview:large, max-video-preview:-1\" \/>\n<link rel=\"canonical\" href=\"https:\/\/www.modula4.com\/de\/produkte\/veriflies\/\" \/>\n<meta property=\"og:locale\" content=\"de_DE\" \/>\n<meta property=\"og:type\" content=\"article\" \/>\n<meta property=\"og:title\" content=\"Veriflies\" \/>\n<meta property=\"og:description\" content=\"Anforderung, Freigabe und Qualit\u00e4tskontrolle f\u00fcr Ihre Marketing Assets Veriflies ist ein Cloud-basiertes Tool, das die Zusammenarbeit globaler Marken mit ihren Agenturen vereinfacht. Es automatisiert den Prozess des Anforderns, Genehmigens, Verwaltens und Verfolgens Ihrer Marketingressourcen wie Bilder und Grafiken. Es f\u00fchrt eine Qualit\u00e4tskontrolle der Assets zum Zeitpunkt ihrer Einreichung durch und vermeidet unn\u00f6tige Verz\u00f6gerungen und kostspielige ... &nbsp;Weiterlesen &gt;\" \/>\n<meta property=\"og:url\" content=\"https:\/\/www.modula4.com\/de\/produkte\/veriflies\/\" \/>\n<meta property=\"og:site_name\" content=\"Modula4\" \/>\n<meta property=\"article:publisher\" content=\"https:\/\/www.linkedin.com\/company\/modula4\/\" \/>\n<meta property=\"article:modified_time\" content=\"2021-08-31T11:31:14+00:00\" \/>\n<meta property=\"og:image\" content=\"http:\/\/www.modula4.com\/wp-content\/uploads\/Veriflies_Screen_1.png\" \/>\n<meta name=\"twitter:label1\" content=\"Gesch\u00e4tzte Lesezeit\" \/>\n\t<meta name=\"twitter:data1\" content=\"2\u00a0Minuten\" \/>\n<script type=\"application\/ld+json\" class=\"yoast-schema-graph\">{\"@context\":\"https:\\\/\\\/schema.org\",\"@graph\":[{\"@type\":\"WebPage\",\"@id\":\"https:\\\/\\\/www.modula4.com\\\/de\\\/produkte\\\/veriflies\\\/\",\"url\":\"https:\\\/\\\/www.modula4.com\\\/de\\\/produkte\\\/veriflies\\\/\",\"name\":\"Veriflies - Modula4\",\"isPartOf\":{\"@id\":\"https:\\\/\\\/www.modula4.com\\\/#website\"},\"primaryImageOfPage\":{\"@id\":\"https:\\\/\\\/www.modula4.com\\\/de\\\/produkte\\\/veriflies\\\/#primaryimage\"},\"image\":{\"@id\":\"https:\\\/\\\/www.modula4.com\\\/de\\\/produkte\\\/veriflies\\\/#primaryimage\"},\"thumbnailUrl\":\"http:\\\/\\\/www.modula4.com\\\/wp-content\\\/uploads\\\/Veriflies_Screen_1.png\",\"datePublished\":\"2017-02-13T10:15:31+00:00\",\"dateModified\":\"2021-08-31T11:31:14+00:00\",\"breadcrumb\":{\"@id\":\"https:\\\/\\\/www.modula4.com\\\/de\\\/produkte\\\/veriflies\\\/#breadcrumb\"},\"inLanguage\":\"de\",\"potentialAction\":[{\"@type\":\"ReadAction\",\"target\":[\"https:\\\/\\\/www.modula4.com\\\/de\\\/produkte\\\/veriflies\\\/\"]}]},{\"@type\":\"ImageObject\",\"inLanguage\":\"de\",\"@id\":\"https:\\\/\\\/www.modula4.com\\\/de\\\/produkte\\\/veriflies\\\/#primaryimage\",\"url\":\"http:\\\/\\\/www.modula4.com\\\/wp-content\\\/uploads\\\/Veriflies_Screen_1.png\",\"contentUrl\":\"http:\\\/\\\/www.modula4.com\\\/wp-content\\\/uploads\\\/Veriflies_Screen_1.png\"},{\"@type\":\"BreadcrumbList\",\"@id\":\"https:\\\/\\\/www.modula4.com\\\/de\\\/produkte\\\/veriflies\\\/#breadcrumb\",\"itemListElement\":[{\"@type\":\"ListItem\",\"position\":1,\"name\":\"Home\",\"item\":\"https:\\\/\\\/www.modula4.com\\\/de\\\/\"},{\"@type\":\"ListItem\",\"position\":2,\"name\":\"Produkte\",\"item\":\"https:\\\/\\\/www.modula4.com\\\/de\\\/produkte\\\/\"},{\"@type\":\"ListItem\",\"position\":3,\"name\":\"Veriflies\"}]},{\"@type\":\"WebSite\",\"@id\":\"https:\\\/\\\/www.modula4.com\\\/#website\",\"url\":\"https:\\\/\\\/www.modula4.com\\\/\",\"name\":\"Modula4\",\"description\":\"Dedicated Experts. Complete Solutions. Real Results.\",\"publisher\":{\"@id\":\"https:\\\/\\\/www.modula4.com\\\/#organization\"},\"potentialAction\":[{\"@type\":\"SearchAction\",\"target\":{\"@type\":\"EntryPoint\",\"urlTemplate\":\"https:\\\/\\\/www.modula4.com\\\/?s={search_term_string}\"},\"query-input\":{\"@type\":\"PropertyValueSpecification\",\"valueRequired\":true,\"valueName\":\"search_term_string\"}}],\"inLanguage\":\"de\"},{\"@type\":\"Organization\",\"@id\":\"https:\\\/\\\/www.modula4.com\\\/#organization\",\"name\":\"Modula4\",\"url\":\"https:\\\/\\\/www.modula4.com\\\/\",\"logo\":{\"@type\":\"ImageObject\",\"inLanguage\":\"de\",\"@id\":\"https:\\\/\\\/www.modula4.com\\\/#\\\/schema\\\/logo\\\/image\\\/\",\"url\":\"https:\\\/\\\/www.modula4.com\\\/wp-content\\\/uploads\\\/M4-Logo-rgb.png\",\"contentUrl\":\"https:\\\/\\\/www.modula4.com\\\/wp-content\\\/uploads\\\/M4-Logo-rgb.png\",\"width\":190,\"height\":42,\"caption\":\"Modula4\"},\"image\":{\"@id\":\"https:\\\/\\\/www.modula4.com\\\/#\\\/schema\\\/logo\\\/image\\\/\"},\"sameAs\":[\"https:\\\/\\\/www.linkedin.com\\\/company\\\/modula4\\\/\"]}]}<\/script>\n<!-- \/ Yoast SEO Premium plugin. -->","yoast_head_json":{"title":"Veriflies - Modula4","robots":{"index":"index","follow":"follow","max-snippet":"max-snippet:-1","max-image-preview":"max-image-preview:large","max-video-preview":"max-video-preview:-1"},"canonical":"https:\/\/www.modula4.com\/de\/produkte\/veriflies\/","og_locale":"de_DE","og_type":"article","og_title":"Veriflies","og_description":"Anforderung, Freigabe und Qualit\u00e4tskontrolle f\u00fcr Ihre Marketing Assets Veriflies ist ein Cloud-basiertes Tool, das die Zusammenarbeit globaler Marken mit ihren Agenturen vereinfacht. Es automatisiert den Prozess des Anforderns, Genehmigens, Verwaltens und Verfolgens Ihrer Marketingressourcen wie Bilder und Grafiken. Es f\u00fchrt eine Qualit\u00e4tskontrolle der Assets zum Zeitpunkt ihrer Einreichung durch und vermeidet unn\u00f6tige Verz\u00f6gerungen und kostspielige ... &nbsp;Weiterlesen &gt;","og_url":"https:\/\/www.modula4.com\/de\/produkte\/veriflies\/","og_site_name":"Modula4","article_publisher":"https:\/\/www.linkedin.com\/company\/modula4\/","article_modified_time":"2021-08-31T11:31:14+00:00","og_image":[{"url":"http:\/\/www.modula4.com\/wp-content\/uploads\/Veriflies_Screen_1.png","type":"","width":"","height":""}],"twitter_misc":{"Gesch\u00e4tzte Lesezeit":"2\u00a0Minuten"},"schema":{"@context":"https:\/\/schema.org","@graph":[{"@type":"WebPage","@id":"https:\/\/www.modula4.com\/de\/produkte\/veriflies\/","url":"https:\/\/www.modula4.com\/de\/produkte\/veriflies\/","name":"Veriflies - Modula4","isPartOf":{"@id":"https:\/\/www.modula4.com\/#website"},"primaryImageOfPage":{"@id":"https:\/\/www.modula4.com\/de\/produkte\/veriflies\/#primaryimage"},"image":{"@id":"https:\/\/www.modula4.com\/de\/produkte\/veriflies\/#primaryimage"},"thumbnailUrl":"http:\/\/www.modula4.com\/wp-content\/uploads\/Veriflies_Screen_1.png","datePublished":"2017-02-13T10:15:31+00:00","dateModified":"2021-08-31T11:31:14+00:00","breadcrumb":{"@id":"https:\/\/www.modula4.com\/de\/produkte\/veriflies\/#breadcrumb"},"inLanguage":"de","potentialAction":[{"@type":"ReadAction","target":["https:\/\/www.modula4.com\/de\/produkte\/veriflies\/"]}]},{"@type":"ImageObject","inLanguage":"de","@id":"https:\/\/www.modula4.com\/de\/produkte\/veriflies\/#primaryimage","url":"http:\/\/www.modula4.com\/wp-content\/uploads\/Veriflies_Screen_1.png","contentUrl":"http:\/\/www.modula4.com\/wp-content\/uploads\/Veriflies_Screen_1.png"},{"@type":"BreadcrumbList","@id":"https:\/\/www.modula4.com\/de\/produkte\/veriflies\/#breadcrumb","itemListElement":[{"@type":"ListItem","position":1,"name":"Home","item":"https:\/\/www.modula4.com\/de\/"},{"@type":"ListItem","position":2,"name":"Produkte","item":"https:\/\/www.modula4.com\/de\/produkte\/"},{"@type":"ListItem","position":3,"name":"Veriflies"}]},{"@type":"WebSite","@id":"https:\/\/www.modula4.com\/#website","url":"https:\/\/www.modula4.com\/","name":"Modula4","description":"Dedicated Experts. Complete Solutions. Real Results.","publisher":{"@id":"https:\/\/www.modula4.com\/#organization"},"potentialAction":[{"@type":"SearchAction","target":{"@type":"EntryPoint","urlTemplate":"https:\/\/www.modula4.com\/?s={search_term_string}"},"query-input":{"@type":"PropertyValueSpecification","valueRequired":true,"valueName":"search_term_string"}}],"inLanguage":"de"},{"@type":"Organization","@id":"https:\/\/www.modula4.com\/#organization","name":"Modula4","url":"https:\/\/www.modula4.com\/","logo":{"@type":"ImageObject","inLanguage":"de","@id":"https:\/\/www.modula4.com\/#\/schema\/logo\/image\/","url":"https:\/\/www.modula4.com\/wp-content\/uploads\/M4-Logo-rgb.png","contentUrl":"https:\/\/www.modula4.com\/wp-content\/uploads\/M4-Logo-rgb.png","width":190,"height":42,"caption":"Modula4"},"image":{"@id":"https:\/\/www.modula4.com\/#\/schema\/logo\/image\/"},"sameAs":["https:\/\/www.linkedin.com\/company\/modula4\/"]}]}},"_links":{"self":[{"href":"https:\/\/www.modula4.com\/de\/wp-json\/wp\/v2\/pages\/9521","targetHints":{"allow":["GET"]}}],"collection":[{"href":"https:\/\/www.modula4.com\/de\/wp-json\/wp\/v2\/pages"}],"about":[{"href":"https:\/\/www.modula4.com\/de\/wp-json\/wp\/v2\/types\/page"}],"author":[{"embeddable":true,"href":"https:\/\/www.modula4.com\/de\/wp-json\/wp\/v2\/users\/6"}],"replies":[{"embeddable":true,"href":"https:\/\/www.modula4.com\/de\/wp-json\/wp\/v2\/comments?post=9521"}],"version-history":[{"count":6,"href":"https:\/\/www.modula4.com\/de\/wp-json\/wp\/v2\/pages\/9521\/revisions"}],"predecessor-version":[{"id":10886,"href":"https:\/\/www.modula4.com\/de\/wp-json\/wp\/v2\/pages\/9521\/revisions\/10886"}],"up":[{"embeddable":true,"href":"https:\/\/www.modula4.com\/de\/wp-json\/wp\/v2\/pages\/9533"}],"wp:attachment":[{"href":"https:\/\/www.modula4.com\/de\/wp-json\/wp\/v2\/media?parent=9521"}],"curies":[{"name":"wp","href":"https:\/\/api.w.org\/{rel}","templated":true}]}}