{"id":9478,"date":"2017-02-10T04:16:01","date_gmt":"2017-02-10T12:16:01","guid":{"rendered":"http:\/\/www.modula4.com\/?page_id=9478\/"},"modified":"2021-08-31T04:10:47","modified_gmt":"2021-08-31T11:10:47","slug":"single-sign-sso-integration","status":"publish","type":"page","link":"https:\/\/www.modula4.com\/de\/produkte\/weitere-produkte\/single-sign-sso-integration\/","title":{"rendered":"Single Sign-On (SSO) Integration"},"content":{"rendered":"<h2>Nahtloser \u00dcbergang zum DAM<\/h2>\n<p>Mit dem Single Sign-On (SSO) benutzen User f\u00fcr das DAM-System dieselben Zugangsdaten, die sie auch f\u00fcr ihre anderen Systeme verwenden. Wenn sie sich schon woanders mit ihren SSO-Zugangsdaten eingeloggt haben, m\u00fcssen sie sich beim DAM nicht noch einmal extra anmelden. Zudem erleichtert die SSO Integration Administratoren die Verwaltung der Zugangsrechte f\u00fcr Benutzer und Gruppen. Rechte f\u00fcr das DAM k\u00f6nnen auf der Grundlage der Gruppen im SSO-System zugewiesen und ge\u00e4ndert werden.<\/p>\n<p>Die SSO Integration unterst\u00fctzt SAML 2.0, den am weitesten verbreiteten SSO-Standard,\u00a0der auch von Microsoft&#8217;s AD FS und anderen verwendet wird. Die Integration ist ebenfalls f\u00fcr propriet\u00e4re Protokolle erh\u00e4ltlich. Modula4s Ansatz f\u00fcr die SSO Integration bietet ein hohes Ma\u00df an Flexibilit\u00e4t. Sie passt sich Ihrem SSO-System an, nicht anders herum.<\/p>\n<p><a href=\"http:\/\/www.modula4.com\/de\/kontakt\/\">Fragen Sie uns<\/a>, wenn Sie mehr \u00fcber die Integration vom DAM in Ihr SSO-System erfahren m\u00f6chten.<\/p>\n","protected":false},"excerpt":{"rendered":"<p>Nahtloser \u00dcbergang zum DAM Mit dem Single Sign-On (SSO) benutzen User f\u00fcr das DAM-System dieselben Zugangsdaten, die sie auch f\u00fcr ihre anderen Systeme verwenden. Wenn sie sich schon woanders mit ihren SSO-Zugangsdaten eingeloggt haben, m\u00fcssen sie sich beim DAM nicht noch einmal extra anmelden. Zudem erleichtert die SSO Integration Administratoren die Verwaltung der Zugangsrechte f\u00fcr <a class=\"read-more\" href=\"https:\/\/www.modula4.com\/de\/produkte\/weitere-produkte\/single-sign-sso-integration\/\">&#8230; &nbsp;Weiterlesen &gt;<\/a><\/p>\n","protected":false},"author":6,"featured_media":0,"parent":9533,"menu_order":48,"comment_status":"closed","ping_status":"closed","template":"","meta":{"_monsterinsights_skip_tracking":false,"_monsterinsights_sitenote_active":false,"_monsterinsights_sitenote_note":"","_monsterinsights_sitenote_category":0,"footnotes":""},"class_list":["post-9478","page","type-page","status-publish","hentry"],"yoast_head":"<!-- This site is optimized with the Yoast SEO Premium plugin v26.4 (Yoast SEO v27.3) - https:\/\/yoast.com\/product\/yoast-seo-premium-wordpress\/ -->\n<title>Single Sign-On (SSO) Integration - Modula4<\/title>\n<meta name=\"robots\" content=\"index, follow, max-snippet:-1, max-image-preview:large, max-video-preview:-1\" \/>\n<link rel=\"canonical\" href=\"https:\/\/www.modula4.com\/de\/produkte\/modula4-produkte\/single-sign-sso-integration\/\" \/>\n<meta property=\"og:locale\" content=\"de_DE\" \/>\n<meta property=\"og:type\" content=\"article\" \/>\n<meta property=\"og:title\" content=\"Single Sign-On (SSO) Integration\" \/>\n<meta property=\"og:description\" content=\"Nahtloser \u00dcbergang zum DAM Mit dem Single Sign-On (SSO) benutzen User f\u00fcr das DAM-System dieselben Zugangsdaten, die sie auch f\u00fcr ihre anderen Systeme verwenden. Wenn sie sich schon woanders mit ihren SSO-Zugangsdaten eingeloggt haben, m\u00fcssen sie sich beim DAM nicht noch einmal extra anmelden. Zudem erleichtert die SSO Integration Administratoren die Verwaltung der Zugangsrechte f\u00fcr ... &nbsp;Weiterlesen &gt;\" \/>\n<meta property=\"og:url\" content=\"https:\/\/www.modula4.com\/de\/produkte\/modula4-produkte\/single-sign-sso-integration\/\" \/>\n<meta property=\"og:site_name\" content=\"Modula4\" \/>\n<meta property=\"article:publisher\" content=\"https:\/\/www.linkedin.com\/company\/modula4\/\" \/>\n<meta property=\"article:modified_time\" content=\"2021-08-31T11:10:47+00:00\" \/>\n<meta name=\"twitter:label1\" content=\"Gesch\u00e4tzte Lesezeit\" \/>\n\t<meta name=\"twitter:data1\" content=\"1\u00a0Minute\" \/>\n<script type=\"application\/ld+json\" class=\"yoast-schema-graph\">{\"@context\":\"https:\\\/\\\/schema.org\",\"@graph\":[{\"@type\":\"WebPage\",\"@id\":\"https:\\\/\\\/www.modula4.com\\\/de\\\/produkte\\\/modula4-produkte\\\/single-sign-sso-integration\\\/\",\"url\":\"https:\\\/\\\/www.modula4.com\\\/de\\\/produkte\\\/modula4-produkte\\\/single-sign-sso-integration\\\/\",\"name\":\"Single Sign-On (SSO) Integration - Modula4\",\"isPartOf\":{\"@id\":\"https:\\\/\\\/www.modula4.com\\\/#website\"},\"datePublished\":\"2017-02-10T12:16:01+00:00\",\"dateModified\":\"2021-08-31T11:10:47+00:00\",\"breadcrumb\":{\"@id\":\"https:\\\/\\\/www.modula4.com\\\/de\\\/produkte\\\/modula4-produkte\\\/single-sign-sso-integration\\\/#breadcrumb\"},\"inLanguage\":\"de\",\"potentialAction\":[{\"@type\":\"ReadAction\",\"target\":[\"https:\\\/\\\/www.modula4.com\\\/de\\\/produkte\\\/modula4-produkte\\\/single-sign-sso-integration\\\/\"]}]},{\"@type\":\"BreadcrumbList\",\"@id\":\"https:\\\/\\\/www.modula4.com\\\/de\\\/produkte\\\/modula4-produkte\\\/single-sign-sso-integration\\\/#breadcrumb\",\"itemListElement\":[{\"@type\":\"ListItem\",\"position\":1,\"name\":\"Home\",\"item\":\"https:\\\/\\\/www.modula4.com\\\/de\\\/\"},{\"@type\":\"ListItem\",\"position\":2,\"name\":\"Produkte\",\"item\":\"https:\\\/\\\/www.modula4.com\\\/de\\\/produkte\\\/\"},{\"@type\":\"ListItem\",\"position\":3,\"name\":\"Andere Modula4 Produkte\",\"item\":\"https:\\\/\\\/www.modula4.com\\\/de\\\/produkte\\\/modula4-produkte\\\/\"},{\"@type\":\"ListItem\",\"position\":4,\"name\":\"Single Sign-On (SSO) Integration\"}]},{\"@type\":\"WebSite\",\"@id\":\"https:\\\/\\\/www.modula4.com\\\/#website\",\"url\":\"https:\\\/\\\/www.modula4.com\\\/\",\"name\":\"Modula4\",\"description\":\"Dedicated Experts. Complete Solutions. Real Results.\",\"publisher\":{\"@id\":\"https:\\\/\\\/www.modula4.com\\\/#organization\"},\"potentialAction\":[{\"@type\":\"SearchAction\",\"target\":{\"@type\":\"EntryPoint\",\"urlTemplate\":\"https:\\\/\\\/www.modula4.com\\\/?s={search_term_string}\"},\"query-input\":{\"@type\":\"PropertyValueSpecification\",\"valueRequired\":true,\"valueName\":\"search_term_string\"}}],\"inLanguage\":\"de\"},{\"@type\":\"Organization\",\"@id\":\"https:\\\/\\\/www.modula4.com\\\/#organization\",\"name\":\"Modula4\",\"url\":\"https:\\\/\\\/www.modula4.com\\\/\",\"logo\":{\"@type\":\"ImageObject\",\"inLanguage\":\"de\",\"@id\":\"https:\\\/\\\/www.modula4.com\\\/#\\\/schema\\\/logo\\\/image\\\/\",\"url\":\"https:\\\/\\\/www.modula4.com\\\/wp-content\\\/uploads\\\/M4-Logo-rgb.png\",\"contentUrl\":\"https:\\\/\\\/www.modula4.com\\\/wp-content\\\/uploads\\\/M4-Logo-rgb.png\",\"width\":190,\"height\":42,\"caption\":\"Modula4\"},\"image\":{\"@id\":\"https:\\\/\\\/www.modula4.com\\\/#\\\/schema\\\/logo\\\/image\\\/\"},\"sameAs\":[\"https:\\\/\\\/www.linkedin.com\\\/company\\\/modula4\\\/\"]}]}<\/script>\n<!-- \/ Yoast SEO Premium plugin. -->","yoast_head_json":{"title":"Single Sign-On (SSO) Integration - Modula4","robots":{"index":"index","follow":"follow","max-snippet":"max-snippet:-1","max-image-preview":"max-image-preview:large","max-video-preview":"max-video-preview:-1"},"canonical":"https:\/\/www.modula4.com\/de\/produkte\/modula4-produkte\/single-sign-sso-integration\/","og_locale":"de_DE","og_type":"article","og_title":"Single Sign-On (SSO) Integration","og_description":"Nahtloser \u00dcbergang zum DAM Mit dem Single Sign-On (SSO) benutzen User f\u00fcr das DAM-System dieselben Zugangsdaten, die sie auch f\u00fcr ihre anderen Systeme verwenden. Wenn sie sich schon woanders mit ihren SSO-Zugangsdaten eingeloggt haben, m\u00fcssen sie sich beim DAM nicht noch einmal extra anmelden. Zudem erleichtert die SSO Integration Administratoren die Verwaltung der Zugangsrechte f\u00fcr ... &nbsp;Weiterlesen &gt;","og_url":"https:\/\/www.modula4.com\/de\/produkte\/modula4-produkte\/single-sign-sso-integration\/","og_site_name":"Modula4","article_publisher":"https:\/\/www.linkedin.com\/company\/modula4\/","article_modified_time":"2021-08-31T11:10:47+00:00","twitter_misc":{"Gesch\u00e4tzte Lesezeit":"1\u00a0Minute"},"schema":{"@context":"https:\/\/schema.org","@graph":[{"@type":"WebPage","@id":"https:\/\/www.modula4.com\/de\/produkte\/modula4-produkte\/single-sign-sso-integration\/","url":"https:\/\/www.modula4.com\/de\/produkte\/modula4-produkte\/single-sign-sso-integration\/","name":"Single Sign-On (SSO) Integration - Modula4","isPartOf":{"@id":"https:\/\/www.modula4.com\/#website"},"datePublished":"2017-02-10T12:16:01+00:00","dateModified":"2021-08-31T11:10:47+00:00","breadcrumb":{"@id":"https:\/\/www.modula4.com\/de\/produkte\/modula4-produkte\/single-sign-sso-integration\/#breadcrumb"},"inLanguage":"de","potentialAction":[{"@type":"ReadAction","target":["https:\/\/www.modula4.com\/de\/produkte\/modula4-produkte\/single-sign-sso-integration\/"]}]},{"@type":"BreadcrumbList","@id":"https:\/\/www.modula4.com\/de\/produkte\/modula4-produkte\/single-sign-sso-integration\/#breadcrumb","itemListElement":[{"@type":"ListItem","position":1,"name":"Home","item":"https:\/\/www.modula4.com\/de\/"},{"@type":"ListItem","position":2,"name":"Produkte","item":"https:\/\/www.modula4.com\/de\/produkte\/"},{"@type":"ListItem","position":3,"name":"Andere Modula4 Produkte","item":"https:\/\/www.modula4.com\/de\/produkte\/modula4-produkte\/"},{"@type":"ListItem","position":4,"name":"Single Sign-On (SSO) Integration"}]},{"@type":"WebSite","@id":"https:\/\/www.modula4.com\/#website","url":"https:\/\/www.modula4.com\/","name":"Modula4","description":"Dedicated Experts. Complete Solutions. Real Results.","publisher":{"@id":"https:\/\/www.modula4.com\/#organization"},"potentialAction":[{"@type":"SearchAction","target":{"@type":"EntryPoint","urlTemplate":"https:\/\/www.modula4.com\/?s={search_term_string}"},"query-input":{"@type":"PropertyValueSpecification","valueRequired":true,"valueName":"search_term_string"}}],"inLanguage":"de"},{"@type":"Organization","@id":"https:\/\/www.modula4.com\/#organization","name":"Modula4","url":"https:\/\/www.modula4.com\/","logo":{"@type":"ImageObject","inLanguage":"de","@id":"https:\/\/www.modula4.com\/#\/schema\/logo\/image\/","url":"https:\/\/www.modula4.com\/wp-content\/uploads\/M4-Logo-rgb.png","contentUrl":"https:\/\/www.modula4.com\/wp-content\/uploads\/M4-Logo-rgb.png","width":190,"height":42,"caption":"Modula4"},"image":{"@id":"https:\/\/www.modula4.com\/#\/schema\/logo\/image\/"},"sameAs":["https:\/\/www.linkedin.com\/company\/modula4\/"]}]}},"_links":{"self":[{"href":"https:\/\/www.modula4.com\/de\/wp-json\/wp\/v2\/pages\/9478","targetHints":{"allow":["GET"]}}],"collection":[{"href":"https:\/\/www.modula4.com\/de\/wp-json\/wp\/v2\/pages"}],"about":[{"href":"https:\/\/www.modula4.com\/de\/wp-json\/wp\/v2\/types\/page"}],"author":[{"embeddable":true,"href":"https:\/\/www.modula4.com\/de\/wp-json\/wp\/v2\/users\/6"}],"replies":[{"embeddable":true,"href":"https:\/\/www.modula4.com\/de\/wp-json\/wp\/v2\/comments?post=9478"}],"version-history":[{"count":4,"href":"https:\/\/www.modula4.com\/de\/wp-json\/wp\/v2\/pages\/9478\/revisions"}],"predecessor-version":[{"id":11140,"href":"https:\/\/www.modula4.com\/de\/wp-json\/wp\/v2\/pages\/9478\/revisions\/11140"}],"up":[{"embeddable":true,"href":"https:\/\/www.modula4.com\/de\/wp-json\/wp\/v2\/pages\/9533"}],"wp:attachment":[{"href":"https:\/\/www.modula4.com\/de\/wp-json\/wp\/v2\/media?parent=9478"}],"curies":[{"name":"wp","href":"https:\/\/api.w.org\/{rel}","templated":true}]}}