{"id":8480,"date":"2015-08-23T07:22:29","date_gmt":"2015-08-23T14:22:29","guid":{"rendered":"http:\/\/www.modula4.com\/produkte\/module\/email-order-system-pro-eosp\/"},"modified":"2020-08-11T06:27:04","modified_gmt":"2020-08-11T13:27:04","slug":"email-order-system-pro-eosp","status":"publish","type":"page","link":"https:\/\/www.modula4.com\/de\/produkte\/weitere-produkte\/email-order-system-pro-eosp\/","title":{"rendered":"Email Order System Pro (EOSP)"},"content":{"rendered":"<p>Mit dem Email Order System Pro k\u00f6nnen Ihre Benutzer ganz bequem Bestellungen mit dem Modula4 Web Module oder Cumulus Portals aufgeben. Die Benutzer f\u00fcllen einfach ein Formular aus und die Bestellung landet dann per E-Mail bei Ihnen.<\/p>\n<p><img loading=\"lazy\" decoding=\"async\" class=\"aligncenter size-medium wp-image-9836\" src=\"http:\/\/www.modula4.com\/wp-content\/uploads\/EOSP-WM-DE-566x600.png\" alt=\"\" width=\"566\" height=\"600\" srcset=\"https:\/\/www.modula4.com\/wp-content\/uploads\/EOSP-WM-DE-566x600.png 566w, https:\/\/www.modula4.com\/wp-content\/uploads\/EOSP-WM-DE-141x150.png 141w, https:\/\/www.modula4.com\/wp-content\/uploads\/EOSP-WM-DE-754x800.png 754w, https:\/\/www.modula4.com\/wp-content\/uploads\/EOSP-WM-DE-248x263.png 248w, https:\/\/www.modula4.com\/wp-content\/uploads\/EOSP-WM-DE.png 758w\" sizes=\"auto, (max-width: 566px) 100vw, 566px\" \/><\/p>\n<p>Die Formulare sind au\u00dferordentlich flexibel und leicht zu erstellen. Das EOSP kommt mit einem Administrator-Interface f\u00fcr einfache Einrichtung und Verwaltung. Zudem bietet es eine Verbindung zum Cumulus Admin-Client, welche automatisch die bestellten Assets zur Verf\u00fcgung stellt.<\/p>\n<p>Das EOSP unterst\u00fctzt mehrere Kataloge und verschiedene Sprachen, wie Englisch, Deutsch und Spanisch ab Werk, weitere Sprachen k\u00f6nnen hinzugef\u00fcgt werden. EOSP ist momentan erh\u00e4ltlich f\u00fcr Modula4s Web Module, Cumulus Portals und den Cumulus Admin-Client.<\/p>\n<p><a href=\"http:\/\/www.modula4.com\/de\/kontakt\/\">Fragen Sie uns<\/a>, wenn Sie mehr \u00fcber das EOSP erfahren m\u00f6chten oder eine Demoversion w\u00fcnschen.<\/p>\n","protected":false},"excerpt":{"rendered":"<p>Mit dem Email Order System Pro k\u00f6nnen Ihre Benutzer ganz bequem Bestellungen mit dem Modula4 Web Module oder Cumulus Portals aufgeben. Die Benutzer f\u00fcllen einfach ein Formular aus und die Bestellung landet dann per E-Mail bei Ihnen. Die Formulare sind au\u00dferordentlich flexibel und leicht zu erstellen. Das EOSP kommt mit einem Administrator-Interface f\u00fcr einfache Einrichtung <a class=\"read-more\" href=\"https:\/\/www.modula4.com\/de\/produkte\/weitere-produkte\/email-order-system-pro-eosp\/\">&#8230; &nbsp;Weiterlesen &gt;<\/a><\/p>\n","protected":false},"author":2,"featured_media":0,"parent":9533,"menu_order":10,"comment_status":"closed","ping_status":"closed","template":"","meta":{"_monsterinsights_skip_tracking":false,"_monsterinsights_sitenote_active":false,"_monsterinsights_sitenote_note":"","_monsterinsights_sitenote_category":0,"footnotes":""},"class_list":["post-8480","page","type-page","status-publish","hentry"],"yoast_head":"<!-- This site is optimized with the Yoast SEO Premium plugin v26.4 (Yoast SEO v27.3) - https:\/\/yoast.com\/product\/yoast-seo-premium-wordpress\/ -->\n<title>Email Order System Pro (EOSP) - Modula4<\/title>\n<meta name=\"robots\" content=\"index, follow, max-snippet:-1, max-image-preview:large, max-video-preview:-1\" \/>\n<link rel=\"canonical\" href=\"https:\/\/www.modula4.com\/de\/produkte\/weitere-produkte\/email-order-system-pro-eosp\/\" \/>\n<meta property=\"og:locale\" content=\"de_DE\" \/>\n<meta property=\"og:type\" content=\"article\" \/>\n<meta property=\"og:title\" content=\"Email Order System Pro (EOSP)\" \/>\n<meta property=\"og:description\" content=\"Mit dem Email Order System Pro k\u00f6nnen Ihre Benutzer ganz bequem Bestellungen mit dem Modula4 Web Module oder Cumulus Portals aufgeben. Die Benutzer f\u00fcllen einfach ein Formular aus und die Bestellung landet dann per E-Mail bei Ihnen. Die Formulare sind au\u00dferordentlich flexibel und leicht zu erstellen. Das EOSP kommt mit einem Administrator-Interface f\u00fcr einfache Einrichtung ... &nbsp;Weiterlesen &gt;\" \/>\n<meta property=\"og:url\" content=\"https:\/\/www.modula4.com\/de\/produkte\/weitere-produkte\/email-order-system-pro-eosp\/\" \/>\n<meta property=\"og:site_name\" content=\"Modula4\" \/>\n<meta property=\"article:publisher\" content=\"https:\/\/www.linkedin.com\/company\/modula4\/\" \/>\n<meta property=\"article:modified_time\" content=\"2020-08-11T13:27:04+00:00\" \/>\n<meta property=\"og:image\" content=\"http:\/\/www.modula4.com\/wp-content\/uploads\/EOSP-WM-DE-566x600.png\" \/>\n<meta name=\"twitter:label1\" content=\"Gesch\u00e4tzte Lesezeit\" \/>\n\t<meta name=\"twitter:data1\" content=\"1\u00a0Minute\" \/>\n<script type=\"application\/ld+json\" class=\"yoast-schema-graph\">{\"@context\":\"https:\\\/\\\/schema.org\",\"@graph\":[{\"@type\":\"WebPage\",\"@id\":\"https:\\\/\\\/www.modula4.com\\\/de\\\/produkte\\\/weitere-produkte\\\/email-order-system-pro-eosp\\\/\",\"url\":\"https:\\\/\\\/www.modula4.com\\\/de\\\/produkte\\\/weitere-produkte\\\/email-order-system-pro-eosp\\\/\",\"name\":\"Email Order System Pro (EOSP) - Modula4\",\"isPartOf\":{\"@id\":\"https:\\\/\\\/www.modula4.com\\\/#website\"},\"primaryImageOfPage\":{\"@id\":\"https:\\\/\\\/www.modula4.com\\\/de\\\/produkte\\\/weitere-produkte\\\/email-order-system-pro-eosp\\\/#primaryimage\"},\"image\":{\"@id\":\"https:\\\/\\\/www.modula4.com\\\/de\\\/produkte\\\/weitere-produkte\\\/email-order-system-pro-eosp\\\/#primaryimage\"},\"thumbnailUrl\":\"http:\\\/\\\/www.modula4.com\\\/wp-content\\\/uploads\\\/EOSP-WM-DE-566x600.png\",\"datePublished\":\"2015-08-23T14:22:29+00:00\",\"dateModified\":\"2020-08-11T13:27:04+00:00\",\"breadcrumb\":{\"@id\":\"https:\\\/\\\/www.modula4.com\\\/de\\\/produkte\\\/weitere-produkte\\\/email-order-system-pro-eosp\\\/#breadcrumb\"},\"inLanguage\":\"de\",\"potentialAction\":[{\"@type\":\"ReadAction\",\"target\":[\"https:\\\/\\\/www.modula4.com\\\/de\\\/produkte\\\/weitere-produkte\\\/email-order-system-pro-eosp\\\/\"]}]},{\"@type\":\"ImageObject\",\"inLanguage\":\"de\",\"@id\":\"https:\\\/\\\/www.modula4.com\\\/de\\\/produkte\\\/weitere-produkte\\\/email-order-system-pro-eosp\\\/#primaryimage\",\"url\":\"http:\\\/\\\/www.modula4.com\\\/wp-content\\\/uploads\\\/EOSP-WM-DE-566x600.png\",\"contentUrl\":\"http:\\\/\\\/www.modula4.com\\\/wp-content\\\/uploads\\\/EOSP-WM-DE-566x600.png\"},{\"@type\":\"BreadcrumbList\",\"@id\":\"https:\\\/\\\/www.modula4.com\\\/de\\\/produkte\\\/weitere-produkte\\\/email-order-system-pro-eosp\\\/#breadcrumb\",\"itemListElement\":[{\"@type\":\"ListItem\",\"position\":1,\"name\":\"Home\",\"item\":\"https:\\\/\\\/www.modula4.com\\\/de\\\/\"},{\"@type\":\"ListItem\",\"position\":2,\"name\":\"Produkte\",\"item\":\"https:\\\/\\\/www.modula4.com\\\/de\\\/produkte\\\/\"},{\"@type\":\"ListItem\",\"position\":3,\"name\":\"Zus\u00e4tzliche Produkte\",\"item\":\"https:\\\/\\\/www.modula4.com\\\/de\\\/produkte\\\/weitere-produkte\\\/\"},{\"@type\":\"ListItem\",\"position\":4,\"name\":\"Email Order System Pro (EOSP)\"}]},{\"@type\":\"WebSite\",\"@id\":\"https:\\\/\\\/www.modula4.com\\\/#website\",\"url\":\"https:\\\/\\\/www.modula4.com\\\/\",\"name\":\"Modula4\",\"description\":\"Dedicated Experts. Complete Solutions. Real Results.\",\"publisher\":{\"@id\":\"https:\\\/\\\/www.modula4.com\\\/#organization\"},\"potentialAction\":[{\"@type\":\"SearchAction\",\"target\":{\"@type\":\"EntryPoint\",\"urlTemplate\":\"https:\\\/\\\/www.modula4.com\\\/?s={search_term_string}\"},\"query-input\":{\"@type\":\"PropertyValueSpecification\",\"valueRequired\":true,\"valueName\":\"search_term_string\"}}],\"inLanguage\":\"de\"},{\"@type\":\"Organization\",\"@id\":\"https:\\\/\\\/www.modula4.com\\\/#organization\",\"name\":\"Modula4\",\"url\":\"https:\\\/\\\/www.modula4.com\\\/\",\"logo\":{\"@type\":\"ImageObject\",\"inLanguage\":\"de\",\"@id\":\"https:\\\/\\\/www.modula4.com\\\/#\\\/schema\\\/logo\\\/image\\\/\",\"url\":\"https:\\\/\\\/www.modula4.com\\\/wp-content\\\/uploads\\\/M4-Logo-rgb.png\",\"contentUrl\":\"https:\\\/\\\/www.modula4.com\\\/wp-content\\\/uploads\\\/M4-Logo-rgb.png\",\"width\":190,\"height\":42,\"caption\":\"Modula4\"},\"image\":{\"@id\":\"https:\\\/\\\/www.modula4.com\\\/#\\\/schema\\\/logo\\\/image\\\/\"},\"sameAs\":[\"https:\\\/\\\/www.linkedin.com\\\/company\\\/modula4\\\/\"]}]}<\/script>\n<!-- \/ Yoast SEO Premium plugin. -->","yoast_head_json":{"title":"Email Order System Pro (EOSP) - Modula4","robots":{"index":"index","follow":"follow","max-snippet":"max-snippet:-1","max-image-preview":"max-image-preview:large","max-video-preview":"max-video-preview:-1"},"canonical":"https:\/\/www.modula4.com\/de\/produkte\/weitere-produkte\/email-order-system-pro-eosp\/","og_locale":"de_DE","og_type":"article","og_title":"Email Order System Pro (EOSP)","og_description":"Mit dem Email Order System Pro k\u00f6nnen Ihre Benutzer ganz bequem Bestellungen mit dem Modula4 Web Module oder Cumulus Portals aufgeben. Die Benutzer f\u00fcllen einfach ein Formular aus und die Bestellung landet dann per E-Mail bei Ihnen. Die Formulare sind au\u00dferordentlich flexibel und leicht zu erstellen. Das EOSP kommt mit einem Administrator-Interface f\u00fcr einfache Einrichtung ... &nbsp;Weiterlesen &gt;","og_url":"https:\/\/www.modula4.com\/de\/produkte\/weitere-produkte\/email-order-system-pro-eosp\/","og_site_name":"Modula4","article_publisher":"https:\/\/www.linkedin.com\/company\/modula4\/","article_modified_time":"2020-08-11T13:27:04+00:00","og_image":[{"url":"http:\/\/www.modula4.com\/wp-content\/uploads\/EOSP-WM-DE-566x600.png","type":"","width":"","height":""}],"twitter_misc":{"Gesch\u00e4tzte Lesezeit":"1\u00a0Minute"},"schema":{"@context":"https:\/\/schema.org","@graph":[{"@type":"WebPage","@id":"https:\/\/www.modula4.com\/de\/produkte\/weitere-produkte\/email-order-system-pro-eosp\/","url":"https:\/\/www.modula4.com\/de\/produkte\/weitere-produkte\/email-order-system-pro-eosp\/","name":"Email Order System Pro (EOSP) - Modula4","isPartOf":{"@id":"https:\/\/www.modula4.com\/#website"},"primaryImageOfPage":{"@id":"https:\/\/www.modula4.com\/de\/produkte\/weitere-produkte\/email-order-system-pro-eosp\/#primaryimage"},"image":{"@id":"https:\/\/www.modula4.com\/de\/produkte\/weitere-produkte\/email-order-system-pro-eosp\/#primaryimage"},"thumbnailUrl":"http:\/\/www.modula4.com\/wp-content\/uploads\/EOSP-WM-DE-566x600.png","datePublished":"2015-08-23T14:22:29+00:00","dateModified":"2020-08-11T13:27:04+00:00","breadcrumb":{"@id":"https:\/\/www.modula4.com\/de\/produkte\/weitere-produkte\/email-order-system-pro-eosp\/#breadcrumb"},"inLanguage":"de","potentialAction":[{"@type":"ReadAction","target":["https:\/\/www.modula4.com\/de\/produkte\/weitere-produkte\/email-order-system-pro-eosp\/"]}]},{"@type":"ImageObject","inLanguage":"de","@id":"https:\/\/www.modula4.com\/de\/produkte\/weitere-produkte\/email-order-system-pro-eosp\/#primaryimage","url":"http:\/\/www.modula4.com\/wp-content\/uploads\/EOSP-WM-DE-566x600.png","contentUrl":"http:\/\/www.modula4.com\/wp-content\/uploads\/EOSP-WM-DE-566x600.png"},{"@type":"BreadcrumbList","@id":"https:\/\/www.modula4.com\/de\/produkte\/weitere-produkte\/email-order-system-pro-eosp\/#breadcrumb","itemListElement":[{"@type":"ListItem","position":1,"name":"Home","item":"https:\/\/www.modula4.com\/de\/"},{"@type":"ListItem","position":2,"name":"Produkte","item":"https:\/\/www.modula4.com\/de\/produkte\/"},{"@type":"ListItem","position":3,"name":"Zus\u00e4tzliche Produkte","item":"https:\/\/www.modula4.com\/de\/produkte\/weitere-produkte\/"},{"@type":"ListItem","position":4,"name":"Email Order System Pro (EOSP)"}]},{"@type":"WebSite","@id":"https:\/\/www.modula4.com\/#website","url":"https:\/\/www.modula4.com\/","name":"Modula4","description":"Dedicated Experts. Complete Solutions. Real Results.","publisher":{"@id":"https:\/\/www.modula4.com\/#organization"},"potentialAction":[{"@type":"SearchAction","target":{"@type":"EntryPoint","urlTemplate":"https:\/\/www.modula4.com\/?s={search_term_string}"},"query-input":{"@type":"PropertyValueSpecification","valueRequired":true,"valueName":"search_term_string"}}],"inLanguage":"de"},{"@type":"Organization","@id":"https:\/\/www.modula4.com\/#organization","name":"Modula4","url":"https:\/\/www.modula4.com\/","logo":{"@type":"ImageObject","inLanguage":"de","@id":"https:\/\/www.modula4.com\/#\/schema\/logo\/image\/","url":"https:\/\/www.modula4.com\/wp-content\/uploads\/M4-Logo-rgb.png","contentUrl":"https:\/\/www.modula4.com\/wp-content\/uploads\/M4-Logo-rgb.png","width":190,"height":42,"caption":"Modula4"},"image":{"@id":"https:\/\/www.modula4.com\/#\/schema\/logo\/image\/"},"sameAs":["https:\/\/www.linkedin.com\/company\/modula4\/"]}]}},"_links":{"self":[{"href":"https:\/\/www.modula4.com\/de\/wp-json\/wp\/v2\/pages\/8480","targetHints":{"allow":["GET"]}}],"collection":[{"href":"https:\/\/www.modula4.com\/de\/wp-json\/wp\/v2\/pages"}],"about":[{"href":"https:\/\/www.modula4.com\/de\/wp-json\/wp\/v2\/types\/page"}],"author":[{"embeddable":true,"href":"https:\/\/www.modula4.com\/de\/wp-json\/wp\/v2\/users\/2"}],"replies":[{"embeddable":true,"href":"https:\/\/www.modula4.com\/de\/wp-json\/wp\/v2\/comments?post=8480"}],"version-history":[{"count":14,"href":"https:\/\/www.modula4.com\/de\/wp-json\/wp\/v2\/pages\/8480\/revisions"}],"predecessor-version":[{"id":10870,"href":"https:\/\/www.modula4.com\/de\/wp-json\/wp\/v2\/pages\/8480\/revisions\/10870"}],"up":[{"embeddable":true,"href":"https:\/\/www.modula4.com\/de\/wp-json\/wp\/v2\/pages\/9533"}],"wp:attachment":[{"href":"https:\/\/www.modula4.com\/de\/wp-json\/wp\/v2\/media?parent=8480"}],"curies":[{"name":"wp","href":"https:\/\/api.w.org\/{rel}","templated":true}]}}