{"id":8478,"date":"2015-08-23T07:33:27","date_gmt":"2015-08-23T14:33:27","guid":{"rendered":"http:\/\/www.modula4.com\/produkte\/module\/cumulus-importer-cumulus-exporter\/"},"modified":"2019-12-17T02:11:59","modified_gmt":"2019-12-17T10:11:59","slug":"cumulus-exporter","status":"publish","type":"page","link":"https:\/\/www.modula4.com\/de\/produkte\/cumulus-exporter\/","title":{"rendered":"Cumulus Exporter"},"content":{"rendered":"<h2>Flexible Kontrolle \u00fcber Exporte aus Cumulus<\/h2>\n<p>Mit dem Cumulus Exporter exportieren Sie Metadaten aus Ihren Canto Cumulus Katalogen. Mit den Exportdateien k\u00f6nnen Sie dann Cumulus Metadaten in anderen Datenbanksystemen (z. B. in Inventaren, PIMS, CMS, CRM, etc.) weiterverwenden oder in Microsoft Excel bearbeiten. Mit dem Exporter k\u00f6nnen Sie zudem die Cumulus Thumbnail Grafiken als JPEG-Dateien exportieren.<\/p>\n<p><a href=\"http:\/\/www.modula4.com\/wp-content\/uploads\/CumulusExporter-e1432310163863.png\"><img loading=\"lazy\" decoding=\"async\" class=\"aligncenter wp-image-8276\" src=\"http:\/\/www.modula4.com\/wp-content\/uploads\/CumulusExporter-e1432310163863.png\" alt=\"CumulusExporter\" width=\"700\" height=\"507\" \/><\/a><\/p>\n<p>Alle Datens\u00e4tze aus der aktuellen Kollektion in Cumulus werden ausgelesen. Sie k\u00f6nnen festlegen, welche Felder Sie aus dem Katalog exportiert haben m\u00f6chten. Mit dem Cumulus Exporter k\u00f6nnen Sie das Zielformat f\u00fcr die meisten Cumulus Feldtypen selbst bestimmen, die Metadaten werden dann w\u00e4hrend des Exports dementsprechend umgewandelt.<\/p>\n<p>Metadaten k\u00f6nnen als Textdateien (.txt), CSV (&#8218;Comma-Separated Values format&#8216;, .csv) oder Microsoft Excel-Dateien (.xls or .xlsx) exportiert werden. Sie bestimmen das Encoding der Exportdatei und legen fest, wie leere Felder behandelt werden sollen.<\/p>\n<p>Eine Liste der ausgew\u00e4hlten Felder f\u00fcr den Export, das gew\u00e4hlte Format f\u00fcr jedes Feld und die kompletten Programmeinstellungen k\u00f6nnen in einer Exportschema-Datei gespeichert werden. So k\u00f6nnen Sie die Einstellungen f\u00fcr den n\u00e4chsten Export wiederverwenden oder als Vorlage f\u00fcr einen neuen Export benutzen. Ein Exportmen\u00fc l\u00e4\u00dft Sie ein Exportschema direkt starten, ohne dass Sie sich durch verschiedene Einstellungen klicken m\u00fcssen. So k\u00f6nnen Sie ganz bequem verschiedene Sets von Metadaten exportieren.<\/p>\n<p>F\u00fcr jeden Exportvorgang wird eine Log-Datei angelegt. Darin enthalten sind Informationen \u00fcber den Fortschritt des Exports sowie Benachrichtigungen und Fehlermeldungen.<\/p>\n<p>Sehen Sie sich das Video an, um den Cumulus Exporter live zu erleben:<\/p>\n<p><iframe loading=\"lazy\" title=\"Cumulus Exporter von Modula4\" width=\"820\" height=\"461\" src=\"https:\/\/www.youtube.com\/embed\/BTJ3MT6t9SM?feature=oembed\" frameborder=\"0\" allow=\"accelerometer; autoplay; clipboard-write; encrypted-media; gyroscope; picture-in-picture\" allowfullscreen><\/iframe><\/p>\n<p><a href=\"http:\/\/www.modula4.com\/de\/kontakt\/\">Fragen Sie uns<\/a>, wenn Sie mehr \u00fcber den Cumulus Exporter erfahren m\u00f6chten.<\/p>\n","protected":false},"excerpt":{"rendered":"<p>Flexible Kontrolle \u00fcber Exporte aus Cumulus Mit dem Cumulus Exporter exportieren Sie Metadaten aus Ihren Canto Cumulus Katalogen. Mit den Exportdateien k\u00f6nnen Sie dann Cumulus Metadaten in anderen Datenbanksystemen (z. B. in Inventaren, PIMS, CMS, CRM, etc.) weiterverwenden oder in Microsoft Excel bearbeiten. Mit dem Exporter k\u00f6nnen Sie zudem die Cumulus Thumbnail Grafiken als JPEG-Dateien <a class=\"read-more\" href=\"https:\/\/www.modula4.com\/de\/produkte\/cumulus-exporter\/\">&#8230; &nbsp;Weiterlesen &gt;<\/a><\/p>\n","protected":false},"author":2,"featured_media":0,"parent":5971,"menu_order":6,"comment_status":"closed","ping_status":"closed","template":"","meta":{"_monsterinsights_skip_tracking":false,"_monsterinsights_sitenote_active":false,"_monsterinsights_sitenote_note":"","_monsterinsights_sitenote_category":0,"footnotes":""},"class_list":["post-8478","page","type-page","status-publish","hentry"],"yoast_head":"<!-- This site is optimized with the Yoast SEO Premium plugin v26.4 (Yoast SEO v27.3) - https:\/\/yoast.com\/product\/yoast-seo-premium-wordpress\/ -->\n<title>Cumulus Exporter - Modula4<\/title>\n<meta name=\"robots\" content=\"index, follow, max-snippet:-1, max-image-preview:large, max-video-preview:-1\" \/>\n<link rel=\"canonical\" href=\"https:\/\/www.modula4.com\/de\/produkte\/weitere-produkte\/cumulus-exporter\/\" \/>\n<meta property=\"og:locale\" content=\"de_DE\" \/>\n<meta property=\"og:type\" content=\"article\" \/>\n<meta property=\"og:title\" content=\"Cumulus Exporter\" \/>\n<meta property=\"og:description\" content=\"Flexible Kontrolle \u00fcber Exporte aus Cumulus Mit dem Cumulus Exporter exportieren Sie Metadaten aus Ihren Canto Cumulus Katalogen. Mit den Exportdateien k\u00f6nnen Sie dann Cumulus Metadaten in anderen Datenbanksystemen (z. B. in Inventaren, PIMS, CMS, CRM, etc.) weiterverwenden oder in Microsoft Excel bearbeiten. Mit dem Exporter k\u00f6nnen Sie zudem die Cumulus Thumbnail Grafiken als JPEG-Dateien ... &nbsp;Weiterlesen &gt;\" \/>\n<meta property=\"og:url\" content=\"https:\/\/www.modula4.com\/de\/produkte\/weitere-produkte\/cumulus-exporter\/\" \/>\n<meta property=\"og:site_name\" content=\"Modula4\" \/>\n<meta property=\"article:publisher\" content=\"https:\/\/www.linkedin.com\/company\/modula4\/\" \/>\n<meta property=\"article:modified_time\" content=\"2019-12-17T10:11:59+00:00\" \/>\n<meta property=\"og:image\" content=\"http:\/\/www.modula4.com\/wp-content\/uploads\/CumulusExporter-e1432310163863.png\" \/>\n<meta name=\"twitter:label1\" content=\"Gesch\u00e4tzte Lesezeit\" \/>\n\t<meta name=\"twitter:data1\" content=\"1\u00a0Minute\" \/>\n<script type=\"application\/ld+json\" class=\"yoast-schema-graph\">{\"@context\":\"https:\\\/\\\/schema.org\",\"@graph\":[{\"@type\":\"WebPage\",\"@id\":\"https:\\\/\\\/www.modula4.com\\\/de\\\/produkte\\\/weitere-produkte\\\/cumulus-exporter\\\/\",\"url\":\"https:\\\/\\\/www.modula4.com\\\/de\\\/produkte\\\/weitere-produkte\\\/cumulus-exporter\\\/\",\"name\":\"Cumulus Exporter - Modula4\",\"isPartOf\":{\"@id\":\"https:\\\/\\\/www.modula4.com\\\/#website\"},\"primaryImageOfPage\":{\"@id\":\"https:\\\/\\\/www.modula4.com\\\/de\\\/produkte\\\/weitere-produkte\\\/cumulus-exporter\\\/#primaryimage\"},\"image\":{\"@id\":\"https:\\\/\\\/www.modula4.com\\\/de\\\/produkte\\\/weitere-produkte\\\/cumulus-exporter\\\/#primaryimage\"},\"thumbnailUrl\":\"http:\\\/\\\/www.modula4.com\\\/wp-content\\\/uploads\\\/CumulusExporter-e1432310163863.png\",\"datePublished\":\"2015-08-23T14:33:27+00:00\",\"dateModified\":\"2019-12-17T10:11:59+00:00\",\"breadcrumb\":{\"@id\":\"https:\\\/\\\/www.modula4.com\\\/de\\\/produkte\\\/weitere-produkte\\\/cumulus-exporter\\\/#breadcrumb\"},\"inLanguage\":\"de\",\"potentialAction\":[{\"@type\":\"ReadAction\",\"target\":[\"https:\\\/\\\/www.modula4.com\\\/de\\\/produkte\\\/weitere-produkte\\\/cumulus-exporter\\\/\"]}]},{\"@type\":\"ImageObject\",\"inLanguage\":\"de\",\"@id\":\"https:\\\/\\\/www.modula4.com\\\/de\\\/produkte\\\/weitere-produkte\\\/cumulus-exporter\\\/#primaryimage\",\"url\":\"http:\\\/\\\/www.modula4.com\\\/wp-content\\\/uploads\\\/CumulusExporter-e1432310163863.png\",\"contentUrl\":\"http:\\\/\\\/www.modula4.com\\\/wp-content\\\/uploads\\\/CumulusExporter-e1432310163863.png\"},{\"@type\":\"BreadcrumbList\",\"@id\":\"https:\\\/\\\/www.modula4.com\\\/de\\\/produkte\\\/weitere-produkte\\\/cumulus-exporter\\\/#breadcrumb\",\"itemListElement\":[{\"@type\":\"ListItem\",\"position\":1,\"name\":\"Home\",\"item\":\"https:\\\/\\\/www.modula4.com\\\/de\\\/\"},{\"@type\":\"ListItem\",\"position\":2,\"name\":\"Produkte\",\"item\":\"https:\\\/\\\/www.modula4.com\\\/de\\\/produkte\\\/\"},{\"@type\":\"ListItem\",\"position\":3,\"name\":\"Zus\u00e4tzliche Produkte\",\"item\":\"https:\\\/\\\/www.modula4.com\\\/de\\\/produkte\\\/weitere-produkte\\\/\"},{\"@type\":\"ListItem\",\"position\":4,\"name\":\"Cumulus Exporter\"}]},{\"@type\":\"WebSite\",\"@id\":\"https:\\\/\\\/www.modula4.com\\\/#website\",\"url\":\"https:\\\/\\\/www.modula4.com\\\/\",\"name\":\"Modula4\",\"description\":\"Dedicated Experts. Complete Solutions. Real Results.\",\"publisher\":{\"@id\":\"https:\\\/\\\/www.modula4.com\\\/#organization\"},\"potentialAction\":[{\"@type\":\"SearchAction\",\"target\":{\"@type\":\"EntryPoint\",\"urlTemplate\":\"https:\\\/\\\/www.modula4.com\\\/?s={search_term_string}\"},\"query-input\":{\"@type\":\"PropertyValueSpecification\",\"valueRequired\":true,\"valueName\":\"search_term_string\"}}],\"inLanguage\":\"de\"},{\"@type\":\"Organization\",\"@id\":\"https:\\\/\\\/www.modula4.com\\\/#organization\",\"name\":\"Modula4\",\"url\":\"https:\\\/\\\/www.modula4.com\\\/\",\"logo\":{\"@type\":\"ImageObject\",\"inLanguage\":\"de\",\"@id\":\"https:\\\/\\\/www.modula4.com\\\/#\\\/schema\\\/logo\\\/image\\\/\",\"url\":\"https:\\\/\\\/www.modula4.com\\\/wp-content\\\/uploads\\\/M4-Logo-rgb.png\",\"contentUrl\":\"https:\\\/\\\/www.modula4.com\\\/wp-content\\\/uploads\\\/M4-Logo-rgb.png\",\"width\":190,\"height\":42,\"caption\":\"Modula4\"},\"image\":{\"@id\":\"https:\\\/\\\/www.modula4.com\\\/#\\\/schema\\\/logo\\\/image\\\/\"},\"sameAs\":[\"https:\\\/\\\/www.linkedin.com\\\/company\\\/modula4\\\/\"]}]}<\/script>\n<!-- \/ Yoast SEO Premium plugin. -->","yoast_head_json":{"title":"Cumulus Exporter - Modula4","robots":{"index":"index","follow":"follow","max-snippet":"max-snippet:-1","max-image-preview":"max-image-preview:large","max-video-preview":"max-video-preview:-1"},"canonical":"https:\/\/www.modula4.com\/de\/produkte\/weitere-produkte\/cumulus-exporter\/","og_locale":"de_DE","og_type":"article","og_title":"Cumulus Exporter","og_description":"Flexible Kontrolle \u00fcber Exporte aus Cumulus Mit dem Cumulus Exporter exportieren Sie Metadaten aus Ihren Canto Cumulus Katalogen. Mit den Exportdateien k\u00f6nnen Sie dann Cumulus Metadaten in anderen Datenbanksystemen (z. B. in Inventaren, PIMS, CMS, CRM, etc.) weiterverwenden oder in Microsoft Excel bearbeiten. Mit dem Exporter k\u00f6nnen Sie zudem die Cumulus Thumbnail Grafiken als JPEG-Dateien ... &nbsp;Weiterlesen &gt;","og_url":"https:\/\/www.modula4.com\/de\/produkte\/weitere-produkte\/cumulus-exporter\/","og_site_name":"Modula4","article_publisher":"https:\/\/www.linkedin.com\/company\/modula4\/","article_modified_time":"2019-12-17T10:11:59+00:00","og_image":[{"url":"http:\/\/www.modula4.com\/wp-content\/uploads\/CumulusExporter-e1432310163863.png","type":"","width":"","height":""}],"twitter_misc":{"Gesch\u00e4tzte Lesezeit":"1\u00a0Minute"},"schema":{"@context":"https:\/\/schema.org","@graph":[{"@type":"WebPage","@id":"https:\/\/www.modula4.com\/de\/produkte\/weitere-produkte\/cumulus-exporter\/","url":"https:\/\/www.modula4.com\/de\/produkte\/weitere-produkte\/cumulus-exporter\/","name":"Cumulus Exporter - Modula4","isPartOf":{"@id":"https:\/\/www.modula4.com\/#website"},"primaryImageOfPage":{"@id":"https:\/\/www.modula4.com\/de\/produkte\/weitere-produkte\/cumulus-exporter\/#primaryimage"},"image":{"@id":"https:\/\/www.modula4.com\/de\/produkte\/weitere-produkte\/cumulus-exporter\/#primaryimage"},"thumbnailUrl":"http:\/\/www.modula4.com\/wp-content\/uploads\/CumulusExporter-e1432310163863.png","datePublished":"2015-08-23T14:33:27+00:00","dateModified":"2019-12-17T10:11:59+00:00","breadcrumb":{"@id":"https:\/\/www.modula4.com\/de\/produkte\/weitere-produkte\/cumulus-exporter\/#breadcrumb"},"inLanguage":"de","potentialAction":[{"@type":"ReadAction","target":["https:\/\/www.modula4.com\/de\/produkte\/weitere-produkte\/cumulus-exporter\/"]}]},{"@type":"ImageObject","inLanguage":"de","@id":"https:\/\/www.modula4.com\/de\/produkte\/weitere-produkte\/cumulus-exporter\/#primaryimage","url":"http:\/\/www.modula4.com\/wp-content\/uploads\/CumulusExporter-e1432310163863.png","contentUrl":"http:\/\/www.modula4.com\/wp-content\/uploads\/CumulusExporter-e1432310163863.png"},{"@type":"BreadcrumbList","@id":"https:\/\/www.modula4.com\/de\/produkte\/weitere-produkte\/cumulus-exporter\/#breadcrumb","itemListElement":[{"@type":"ListItem","position":1,"name":"Home","item":"https:\/\/www.modula4.com\/de\/"},{"@type":"ListItem","position":2,"name":"Produkte","item":"https:\/\/www.modula4.com\/de\/produkte\/"},{"@type":"ListItem","position":3,"name":"Zus\u00e4tzliche Produkte","item":"https:\/\/www.modula4.com\/de\/produkte\/weitere-produkte\/"},{"@type":"ListItem","position":4,"name":"Cumulus Exporter"}]},{"@type":"WebSite","@id":"https:\/\/www.modula4.com\/#website","url":"https:\/\/www.modula4.com\/","name":"Modula4","description":"Dedicated Experts. Complete Solutions. Real Results.","publisher":{"@id":"https:\/\/www.modula4.com\/#organization"},"potentialAction":[{"@type":"SearchAction","target":{"@type":"EntryPoint","urlTemplate":"https:\/\/www.modula4.com\/?s={search_term_string}"},"query-input":{"@type":"PropertyValueSpecification","valueRequired":true,"valueName":"search_term_string"}}],"inLanguage":"de"},{"@type":"Organization","@id":"https:\/\/www.modula4.com\/#organization","name":"Modula4","url":"https:\/\/www.modula4.com\/","logo":{"@type":"ImageObject","inLanguage":"de","@id":"https:\/\/www.modula4.com\/#\/schema\/logo\/image\/","url":"https:\/\/www.modula4.com\/wp-content\/uploads\/M4-Logo-rgb.png","contentUrl":"https:\/\/www.modula4.com\/wp-content\/uploads\/M4-Logo-rgb.png","width":190,"height":42,"caption":"Modula4"},"image":{"@id":"https:\/\/www.modula4.com\/#\/schema\/logo\/image\/"},"sameAs":["https:\/\/www.linkedin.com\/company\/modula4\/"]}]}},"_links":{"self":[{"href":"https:\/\/www.modula4.com\/de\/wp-json\/wp\/v2\/pages\/8478","targetHints":{"allow":["GET"]}}],"collection":[{"href":"https:\/\/www.modula4.com\/de\/wp-json\/wp\/v2\/pages"}],"about":[{"href":"https:\/\/www.modula4.com\/de\/wp-json\/wp\/v2\/types\/page"}],"author":[{"embeddable":true,"href":"https:\/\/www.modula4.com\/de\/wp-json\/wp\/v2\/users\/2"}],"replies":[{"embeddable":true,"href":"https:\/\/www.modula4.com\/de\/wp-json\/wp\/v2\/comments?post=8478"}],"version-history":[{"count":11,"href":"https:\/\/www.modula4.com\/de\/wp-json\/wp\/v2\/pages\/8478\/revisions"}],"predecessor-version":[{"id":10713,"href":"https:\/\/www.modula4.com\/de\/wp-json\/wp\/v2\/pages\/8478\/revisions\/10713"}],"up":[{"embeddable":true,"href":"https:\/\/www.modula4.com\/de\/wp-json\/wp\/v2\/pages\/5971"}],"wp:attachment":[{"href":"https:\/\/www.modula4.com\/de\/wp-json\/wp\/v2\/media?parent=8478"}],"curies":[{"name":"wp","href":"https:\/\/api.w.org\/{rel}","templated":true}]}}