{"id":8476,"date":"2015-08-23T07:40:00","date_gmt":"2015-08-23T14:40:00","guid":{"rendered":"http:\/\/www.modula4.com\/list-search-2\/"},"modified":"2020-08-11T06:28:47","modified_gmt":"2020-08-11T13:28:47","slug":"list-search","status":"publish","type":"page","link":"https:\/\/www.modula4.com\/de\/produkte\/weitere-produkte\/list-search\/","title":{"rendered":"Listensuche"},"content":{"rendered":"<p>Die Listensuche erm\u00f6glicht die Suche nach Datens\u00e4tzen in den Cumulus Katalogen basierend auf Textlisten. Dies k\u00f6nnte z.B. eine Liste von Dateinamen, Produkt- oder Artikelnummern, oder jede beliebige andere Liste von Feldwerten sein. Jeder Listeneintrag wird in eine konfigurierbare Suchbedingung umgewandelt. Das Suchergebnis aller auf der Basis der Liste erzeugten Suchen wird in der vordersten Cumulus Kollektion angezeigt.<\/p>\n<p><a href=\"http:\/\/www.modula4.com\/wp-content\/uploads\/ListSearchMainDialogE.jpg\"><img loading=\"lazy\" decoding=\"async\" class=\"aligncenter size-full wp-image-8513\" src=\"http:\/\/www.modula4.com\/wp-content\/uploads\/ListSearchMainDialogE.jpg\" alt=\"ListSearchMainDialogE\" width=\"848\" height=\"539\" srcset=\"https:\/\/www.modula4.com\/wp-content\/uploads\/ListSearchMainDialogE.jpg 848w, https:\/\/www.modula4.com\/wp-content\/uploads\/ListSearchMainDialogE-150x95.jpg 150w, https:\/\/www.modula4.com\/wp-content\/uploads\/ListSearchMainDialogE-290x184.jpg 290w, https:\/\/www.modula4.com\/wp-content\/uploads\/ListSearchMainDialogE-570x362.jpg 570w, https:\/\/www.modula4.com\/wp-content\/uploads\/ListSearchMainDialogE-414x263.jpg 414w\" sizes=\"auto, (max-width: 848px) 100vw, 848px\" \/><\/a><\/p>\n<p>Die erzeugten Suchbedingungen zur Textliste k\u00f6nnen in einer Cumulus Suchabfrage-Datei gespeichert werden. Diese kann im Cumulus Admin-Client bei Bedarf erneut geladen werden.<\/p>\n<p>Die neueste Version beinhaltet eine neue Suchfunktion: eine Suchabfrage kann nun \u00fcber\u00a0alle Datens\u00e4tze in allen ge\u00f6ffneten Katalogen ausgef\u00fchrt oder auf die aktuellen Datens\u00e4tze (in der aktuellen Kollektion) beschr\u00e4nkt werden.<\/p>\n<p><a href=\"http:\/\/www.modula4.com\/de\/kontakt\/\">Fragen Sie uns<\/a>, wenn Sie mehr \u00fcber die Listensuche erfahren m\u00f6chten oder eine Demoversion w\u00fcnschen.<\/p>\n","protected":false},"excerpt":{"rendered":"<p>Die Listensuche erm\u00f6glicht die Suche nach Datens\u00e4tzen in den Cumulus Katalogen basierend auf Textlisten. Dies k\u00f6nnte z.B. eine Liste von Dateinamen, Produkt- oder Artikelnummern, oder jede beliebige andere Liste von Feldwerten sein. Jeder Listeneintrag wird in eine konfigurierbare Suchbedingung umgewandelt. Das Suchergebnis aller auf der Basis der Liste erzeugten Suchen wird in der vordersten Cumulus <a class=\"read-more\" href=\"https:\/\/www.modula4.com\/de\/produkte\/weitere-produkte\/list-search\/\">&#8230; &nbsp;Weiterlesen &gt;<\/a><\/p>\n","protected":false},"author":2,"featured_media":0,"parent":9533,"menu_order":15,"comment_status":"closed","ping_status":"closed","template":"","meta":{"_monsterinsights_skip_tracking":false,"_monsterinsights_sitenote_active":false,"_monsterinsights_sitenote_note":"","_monsterinsights_sitenote_category":0,"footnotes":""},"class_list":["post-8476","page","type-page","status-publish","hentry"],"yoast_head":"<!-- This site is optimized with the Yoast SEO Premium plugin v26.4 (Yoast SEO v27.4) - https:\/\/yoast.com\/product\/yoast-seo-premium-wordpress\/ -->\n<title>Listensuche - Modula4<\/title>\n<meta name=\"robots\" content=\"index, follow, max-snippet:-1, max-image-preview:large, max-video-preview:-1\" \/>\n<link rel=\"canonical\" href=\"https:\/\/www.modula4.com\/de\/produkte\/weitere-produkte\/list-search\/\" \/>\n<meta property=\"og:locale\" content=\"de_DE\" \/>\n<meta property=\"og:type\" content=\"article\" \/>\n<meta property=\"og:title\" content=\"Listensuche\" \/>\n<meta property=\"og:description\" content=\"Die Listensuche erm\u00f6glicht die Suche nach Datens\u00e4tzen in den Cumulus Katalogen basierend auf Textlisten. Dies k\u00f6nnte z.B. eine Liste von Dateinamen, Produkt- oder Artikelnummern, oder jede beliebige andere Liste von Feldwerten sein. Jeder Listeneintrag wird in eine konfigurierbare Suchbedingung umgewandelt. Das Suchergebnis aller auf der Basis der Liste erzeugten Suchen wird in der vordersten Cumulus ... &nbsp;Weiterlesen &gt;\" \/>\n<meta property=\"og:url\" content=\"https:\/\/www.modula4.com\/de\/produkte\/weitere-produkte\/list-search\/\" \/>\n<meta property=\"og:site_name\" content=\"Modula4\" \/>\n<meta property=\"article:publisher\" content=\"https:\/\/www.linkedin.com\/company\/modula4\/\" \/>\n<meta property=\"article:modified_time\" content=\"2020-08-11T13:28:47+00:00\" \/>\n<meta property=\"og:image\" content=\"http:\/\/www.modula4.com\/wp-content\/uploads\/ListSearchMainDialogE.jpg\" \/>\n<meta name=\"twitter:label1\" content=\"Gesch\u00e4tzte Lesezeit\" \/>\n\t<meta name=\"twitter:data1\" content=\"1\u00a0Minute\" \/>\n<script type=\"application\/ld+json\" class=\"yoast-schema-graph\">{\"@context\":\"https:\\\/\\\/schema.org\",\"@graph\":[{\"@type\":\"WebPage\",\"@id\":\"https:\\\/\\\/www.modula4.com\\\/de\\\/produkte\\\/weitere-produkte\\\/list-search\\\/\",\"url\":\"https:\\\/\\\/www.modula4.com\\\/de\\\/produkte\\\/weitere-produkte\\\/list-search\\\/\",\"name\":\"Listensuche - Modula4\",\"isPartOf\":{\"@id\":\"https:\\\/\\\/www.modula4.com\\\/#website\"},\"primaryImageOfPage\":{\"@id\":\"https:\\\/\\\/www.modula4.com\\\/de\\\/produkte\\\/weitere-produkte\\\/list-search\\\/#primaryimage\"},\"image\":{\"@id\":\"https:\\\/\\\/www.modula4.com\\\/de\\\/produkte\\\/weitere-produkte\\\/list-search\\\/#primaryimage\"},\"thumbnailUrl\":\"http:\\\/\\\/www.modula4.com\\\/wp-content\\\/uploads\\\/ListSearchMainDialogE.jpg\",\"datePublished\":\"2015-08-23T14:40:00+00:00\",\"dateModified\":\"2020-08-11T13:28:47+00:00\",\"breadcrumb\":{\"@id\":\"https:\\\/\\\/www.modula4.com\\\/de\\\/produkte\\\/weitere-produkte\\\/list-search\\\/#breadcrumb\"},\"inLanguage\":\"de\",\"potentialAction\":[{\"@type\":\"ReadAction\",\"target\":[\"https:\\\/\\\/www.modula4.com\\\/de\\\/produkte\\\/weitere-produkte\\\/list-search\\\/\"]}]},{\"@type\":\"ImageObject\",\"inLanguage\":\"de\",\"@id\":\"https:\\\/\\\/www.modula4.com\\\/de\\\/produkte\\\/weitere-produkte\\\/list-search\\\/#primaryimage\",\"url\":\"http:\\\/\\\/www.modula4.com\\\/wp-content\\\/uploads\\\/ListSearchMainDialogE.jpg\",\"contentUrl\":\"http:\\\/\\\/www.modula4.com\\\/wp-content\\\/uploads\\\/ListSearchMainDialogE.jpg\"},{\"@type\":\"BreadcrumbList\",\"@id\":\"https:\\\/\\\/www.modula4.com\\\/de\\\/produkte\\\/weitere-produkte\\\/list-search\\\/#breadcrumb\",\"itemListElement\":[{\"@type\":\"ListItem\",\"position\":1,\"name\":\"Home\",\"item\":\"https:\\\/\\\/www.modula4.com\\\/de\\\/\"},{\"@type\":\"ListItem\",\"position\":2,\"name\":\"Produkte\",\"item\":\"https:\\\/\\\/www.modula4.com\\\/de\\\/produkte\\\/\"},{\"@type\":\"ListItem\",\"position\":3,\"name\":\"Zus\u00e4tzliche Produkte\",\"item\":\"https:\\\/\\\/www.modula4.com\\\/de\\\/produkte\\\/weitere-produkte\\\/\"},{\"@type\":\"ListItem\",\"position\":4,\"name\":\"Listensuche\"}]},{\"@type\":\"WebSite\",\"@id\":\"https:\\\/\\\/www.modula4.com\\\/#website\",\"url\":\"https:\\\/\\\/www.modula4.com\\\/\",\"name\":\"Modula4\",\"description\":\"Dedicated Experts. Complete Solutions. Real Results.\",\"publisher\":{\"@id\":\"https:\\\/\\\/www.modula4.com\\\/#organization\"},\"potentialAction\":[{\"@type\":\"SearchAction\",\"target\":{\"@type\":\"EntryPoint\",\"urlTemplate\":\"https:\\\/\\\/www.modula4.com\\\/?s={search_term_string}\"},\"query-input\":{\"@type\":\"PropertyValueSpecification\",\"valueRequired\":true,\"valueName\":\"search_term_string\"}}],\"inLanguage\":\"de\"},{\"@type\":\"Organization\",\"@id\":\"https:\\\/\\\/www.modula4.com\\\/#organization\",\"name\":\"Modula4\",\"url\":\"https:\\\/\\\/www.modula4.com\\\/\",\"logo\":{\"@type\":\"ImageObject\",\"inLanguage\":\"de\",\"@id\":\"https:\\\/\\\/www.modula4.com\\\/#\\\/schema\\\/logo\\\/image\\\/\",\"url\":\"https:\\\/\\\/www.modula4.com\\\/wp-content\\\/uploads\\\/M4-Logo-rgb.png\",\"contentUrl\":\"https:\\\/\\\/www.modula4.com\\\/wp-content\\\/uploads\\\/M4-Logo-rgb.png\",\"width\":190,\"height\":42,\"caption\":\"Modula4\"},\"image\":{\"@id\":\"https:\\\/\\\/www.modula4.com\\\/#\\\/schema\\\/logo\\\/image\\\/\"},\"sameAs\":[\"https:\\\/\\\/www.linkedin.com\\\/company\\\/modula4\\\/\"]}]}<\/script>\n<!-- \/ Yoast SEO Premium plugin. -->","yoast_head_json":{"title":"Listensuche - Modula4","robots":{"index":"index","follow":"follow","max-snippet":"max-snippet:-1","max-image-preview":"max-image-preview:large","max-video-preview":"max-video-preview:-1"},"canonical":"https:\/\/www.modula4.com\/de\/produkte\/weitere-produkte\/list-search\/","og_locale":"de_DE","og_type":"article","og_title":"Listensuche","og_description":"Die Listensuche erm\u00f6glicht die Suche nach Datens\u00e4tzen in den Cumulus Katalogen basierend auf Textlisten. Dies k\u00f6nnte z.B. eine Liste von Dateinamen, Produkt- oder Artikelnummern, oder jede beliebige andere Liste von Feldwerten sein. Jeder Listeneintrag wird in eine konfigurierbare Suchbedingung umgewandelt. Das Suchergebnis aller auf der Basis der Liste erzeugten Suchen wird in der vordersten Cumulus ... &nbsp;Weiterlesen &gt;","og_url":"https:\/\/www.modula4.com\/de\/produkte\/weitere-produkte\/list-search\/","og_site_name":"Modula4","article_publisher":"https:\/\/www.linkedin.com\/company\/modula4\/","article_modified_time":"2020-08-11T13:28:47+00:00","og_image":[{"url":"http:\/\/www.modula4.com\/wp-content\/uploads\/ListSearchMainDialogE.jpg","type":"","width":"","height":""}],"twitter_misc":{"Gesch\u00e4tzte Lesezeit":"1\u00a0Minute"},"schema":{"@context":"https:\/\/schema.org","@graph":[{"@type":"WebPage","@id":"https:\/\/www.modula4.com\/de\/produkte\/weitere-produkte\/list-search\/","url":"https:\/\/www.modula4.com\/de\/produkte\/weitere-produkte\/list-search\/","name":"Listensuche - Modula4","isPartOf":{"@id":"https:\/\/www.modula4.com\/#website"},"primaryImageOfPage":{"@id":"https:\/\/www.modula4.com\/de\/produkte\/weitere-produkte\/list-search\/#primaryimage"},"image":{"@id":"https:\/\/www.modula4.com\/de\/produkte\/weitere-produkte\/list-search\/#primaryimage"},"thumbnailUrl":"http:\/\/www.modula4.com\/wp-content\/uploads\/ListSearchMainDialogE.jpg","datePublished":"2015-08-23T14:40:00+00:00","dateModified":"2020-08-11T13:28:47+00:00","breadcrumb":{"@id":"https:\/\/www.modula4.com\/de\/produkte\/weitere-produkte\/list-search\/#breadcrumb"},"inLanguage":"de","potentialAction":[{"@type":"ReadAction","target":["https:\/\/www.modula4.com\/de\/produkte\/weitere-produkte\/list-search\/"]}]},{"@type":"ImageObject","inLanguage":"de","@id":"https:\/\/www.modula4.com\/de\/produkte\/weitere-produkte\/list-search\/#primaryimage","url":"http:\/\/www.modula4.com\/wp-content\/uploads\/ListSearchMainDialogE.jpg","contentUrl":"http:\/\/www.modula4.com\/wp-content\/uploads\/ListSearchMainDialogE.jpg"},{"@type":"BreadcrumbList","@id":"https:\/\/www.modula4.com\/de\/produkte\/weitere-produkte\/list-search\/#breadcrumb","itemListElement":[{"@type":"ListItem","position":1,"name":"Home","item":"https:\/\/www.modula4.com\/de\/"},{"@type":"ListItem","position":2,"name":"Produkte","item":"https:\/\/www.modula4.com\/de\/produkte\/"},{"@type":"ListItem","position":3,"name":"Zus\u00e4tzliche Produkte","item":"https:\/\/www.modula4.com\/de\/produkte\/weitere-produkte\/"},{"@type":"ListItem","position":4,"name":"Listensuche"}]},{"@type":"WebSite","@id":"https:\/\/www.modula4.com\/#website","url":"https:\/\/www.modula4.com\/","name":"Modula4","description":"Dedicated Experts. Complete Solutions. Real Results.","publisher":{"@id":"https:\/\/www.modula4.com\/#organization"},"potentialAction":[{"@type":"SearchAction","target":{"@type":"EntryPoint","urlTemplate":"https:\/\/www.modula4.com\/?s={search_term_string}"},"query-input":{"@type":"PropertyValueSpecification","valueRequired":true,"valueName":"search_term_string"}}],"inLanguage":"de"},{"@type":"Organization","@id":"https:\/\/www.modula4.com\/#organization","name":"Modula4","url":"https:\/\/www.modula4.com\/","logo":{"@type":"ImageObject","inLanguage":"de","@id":"https:\/\/www.modula4.com\/#\/schema\/logo\/image\/","url":"https:\/\/www.modula4.com\/wp-content\/uploads\/M4-Logo-rgb.png","contentUrl":"https:\/\/www.modula4.com\/wp-content\/uploads\/M4-Logo-rgb.png","width":190,"height":42,"caption":"Modula4"},"image":{"@id":"https:\/\/www.modula4.com\/#\/schema\/logo\/image\/"},"sameAs":["https:\/\/www.linkedin.com\/company\/modula4\/"]}]}},"_links":{"self":[{"href":"https:\/\/www.modula4.com\/de\/wp-json\/wp\/v2\/pages\/8476","targetHints":{"allow":["GET"]}}],"collection":[{"href":"https:\/\/www.modula4.com\/de\/wp-json\/wp\/v2\/pages"}],"about":[{"href":"https:\/\/www.modula4.com\/de\/wp-json\/wp\/v2\/types\/page"}],"author":[{"embeddable":true,"href":"https:\/\/www.modula4.com\/de\/wp-json\/wp\/v2\/users\/2"}],"replies":[{"embeddable":true,"href":"https:\/\/www.modula4.com\/de\/wp-json\/wp\/v2\/comments?post=8476"}],"version-history":[{"count":9,"href":"https:\/\/www.modula4.com\/de\/wp-json\/wp\/v2\/pages\/8476\/revisions"}],"predecessor-version":[{"id":10871,"href":"https:\/\/www.modula4.com\/de\/wp-json\/wp\/v2\/pages\/8476\/revisions\/10871"}],"up":[{"embeddable":true,"href":"https:\/\/www.modula4.com\/de\/wp-json\/wp\/v2\/pages\/9533"}],"wp:attachment":[{"href":"https:\/\/www.modula4.com\/de\/wp-json\/wp\/v2\/media?parent=8476"}],"curies":[{"name":"wp","href":"https:\/\/api.w.org\/{rel}","templated":true}]}}