{"id":8240,"date":"2015-05-13T06:27:47","date_gmt":"2015-05-13T13:27:47","guid":{"rendered":"http:\/\/www.modula4.com\/?page_id=8240"},"modified":"2020-08-12T00:20:27","modified_gmt":"2020-08-12T07:20:27","slug":"case-study-alchemy-systems","status":"publish","type":"page","link":"https:\/\/www.modula4.com\/de\/unsere-kunden\/kunden-case-studies\/case-study-alchemy-systems\/","title":{"rendered":"Alchemy Systems"},"content":{"rendered":"<h2>Modula4 hilft Alchemy Systems bei der Optimierung ihrer Produktionsabl\u00e4ufe<\/h2>\n<p><strong>Kunde:<\/strong> Alchemy Systems<br \/>\n<strong>Eingesetzte Produkte:<\/strong> Web Module, Video Module, Smart Asset Download Anpassung, Canto Cumulus<\/p>\n<p>Alchemy Systems hilft mit einer innovativen Technology-Suite f\u00fchrenden Marken in der Lebensmittelindustrie, die Produktionsmitarbeiter mit Fachwissen auszustatten und die Belegschaft sicherer und produktiver zu machen. Mit Trainings, Workshops, Kommunikation und durch Lehrvideos erschaffen sie f\u00fcr Marktf\u00fchrer der Lebensmittelindustrie, wie Kraft, Nestl\u00e9 und Kelloggs, innovative L\u00f6sungen zur Einhaltung von Sicherheitsanforderungen und zur Erh\u00f6hung der Arbeitsleistung.<\/p>\n<p><strong>Herausforderung<\/strong><br \/>\nAlchemy Systems kreiert f\u00fcr weltweite Top-Marken Videos, Handb\u00fccher und Schulungsmaterialien zum Thema Lebensmittelsicherheit. Vor der Zusammenarbeit mit Modula4 besa\u00dfen Alchemy Systems noch kein DAM-System und suchten nach einem Weg, ihre Printmaterialien, Produktionsdateien und vor allem tausende Videos zu verwalten und dabei ihre Produktionsabl\u00e4ufe effizienter zu gestalten. Zudem wollten sie ihre Produktionsmaterialien mit ihrem Kreativteamteam und Benutzern in ihren Niederlassungen in den USA und Kanada teilen k\u00f6nnen.<\/p>\n<p>&nbsp;<\/p>\n<p><a href=\"http:\/\/www.modula4.com\/wp-content\/uploads\/AAlchemy-Image-e1430495070352.png\"><img loading=\"lazy\" decoding=\"async\" class=\"aligncenter size-full wp-image-8231\" src=\"http:\/\/www.modula4.com\/wp-content\/uploads\/AAlchemy-Image-e1430495070352.png\" alt=\"AAlchemy Image\" width=\"750\" height=\"467\"><\/a><\/p>\n<p>&nbsp;<\/p>\n<p><strong>L\u00f6sung<\/strong><br \/>\nModula4 erschuf die Basis f\u00fcr einen effizienteren Workflow f\u00fcr Alchemy Systems durch den Einsatz des Cumulus DAM- (Digital Asset Management) Systems. Die Modula4-Produkte Web Module, Video Module und Productivity Pack kamen zum Einsatz, um die Verteilung und gemeinsame Benutzung der Produktionsmaterialien zu vereinfachen. Mit dem Video Module k\u00f6nne Benutzer Videos nicht nur vorab pr\u00fcfen und kommentieren, sondern auch schneller herunterladen. Durch das Video Module sparen Alchemy Systems zudem Zeit und Speicherplatz, da die Videos vor dem Katalogisieren nicht mehr umgewandelt werden m\u00fcssen. Mit dem Productivity Pack k\u00f6nnen Benutzer direkt im Web-Browser im Stapelverfahren Dateien hochladen und Metadaten editieren. Dar\u00fcber hinaus entwickelte Modula4 f\u00fcr Alchemy Systems eine Anpassung f\u00fcr ein automatisiertes Rechte-Management und eine verbesserte Versionskontrolle, die regelt, wer bestimmte Dateien bearbeiten oder herunterladen kann.<\/p>\n<p>Die Smart Asset Download Customization synchronisiert Assets zwischen den Niederlassungen in den USA und Kanada. Das Web Module ermittelt den Standort des Benutzers und holt die Assets vom n\u00e4chstgelegenen Dateiserver. Dadurch konnte die Anpassung Downloadzeiten drastisch reduzieren und einen reibungslosen Arbeitsablauf gestalten. Die Marketingabteilung hat nun Zugriff auf die komplette Bilddatenbank von Alchemy Systems. Benutzer k\u00f6nnen in katalog\u00fcbergreifend nach Assets suchen und haben, basierend auf ihrem jeweiligen Standort, Zugriff auf gespeicherte Suchanfragen. Jetzt kann man auch leicht Assets nach Kunden oder Projektbedingungen und \u2013anforderungen vorab filtern.<br \/>\n<strong><em>\u201cDass selbst einfache Aufgaben einen Tag Bearbeitung ben\u00f6tigten, kommt nun nicht mehr vor. Selbst gr\u00f6\u00dfere Anfragen (z.B. mehrere Videodateien), die oft vielen Stunden f\u00fcrs Kopieren, \u00dcbertragen und Hochladen ben\u00f6tigten, dauern nun nur Sekunden.\u201d<\/em><\/strong><\/p>\n<p style=\"text-align: right;\">\u2014Jason Haskins, Digital Asset Manager bei Alchemy Systems<\/p>\n<p><strong>Results<\/strong><br \/>\nMit ihrem neuen DAM-System erfreuen sich Alchemy Systems gro\u00dfer Zeitersparnis in ihren Video- und Printproduktionsabl\u00e4ufen. Die Kombination aus Video Module, der Smart Asset Download Customization, dem Productivity Pack und dem Web Module erleichtert das Finden, Teilen und die Benutzung ihrer Dateien. Zus\u00e4tzlich wurden die Zugriffsrechte, Versionskontrolle und das Rechtemanagement sicherer gestaltet. Alchemy Systems k\u00f6nnen nun ihre Produktionsmaterialien ihrem Kreativteam und anderen Benutzern zug\u00e4nglich machen und so die Entwicklungsprozesse f\u00fcr hochwertige L\u00f6sungen f\u00fcr die Markf\u00fchrer in der Lebensmittelindustrie straffen.<\/p>\n<p><a href=\"http:\/\/www.modula4.com\/wp-content\/uploads\/Modula4_Alchemy_Systems_Case_Study.pdf\" target=\"_blank\" rel=\"noopener noreferrer\">Hier<\/a> k\u00f6nnen Sie eine PDF-Version dieser Fallstudie herunterladen.<\/p>\n<p>Erfahren Sie mehr \u00fcber Modula4s <a href=\"http:\/\/www.modula4.com\/de\/produkte\/modula4-produkte\/web-module\/\">Web Modul<\/a> und <a href=\"http:\/\/www.modula4.com\/de\/produkte\/modula4-produkte\/video-module\/\">Video Modul<\/a>.<\/p>\n<p><a href=\"http:\/\/www.modula4.com\/de\/kontakt\/\">Kontaktieren<\/a> Sie Modula4, um eine Demo zu vereinbaren.<\/p>\n","protected":false},"excerpt":{"rendered":"<p>Modula4 hilft Alchemy Systems bei der Optimierung ihrer Produktionsabl\u00e4ufe Kunde: Alchemy Systems Eingesetzte Produkte: Web Module, Video Module, Smart Asset Download Anpassung, Canto Cumulus Alchemy Systems hilft mit einer innovativen Technology-Suite f\u00fchrenden Marken in der Lebensmittelindustrie, die Produktionsmitarbeiter mit Fachwissen auszustatten und die Belegschaft sicherer und produktiver zu machen. Mit Trainings, Workshops, Kommunikation und durch <a class=\"read-more\" href=\"https:\/\/www.modula4.com\/de\/unsere-kunden\/kunden-case-studies\/case-study-alchemy-systems\/\">&#8230; &nbsp;Weiterlesen &gt;<\/a><\/p>\n","protected":false},"author":2,"featured_media":0,"parent":5975,"menu_order":0,"comment_status":"closed","ping_status":"closed","template":"","meta":{"_monsterinsights_skip_tracking":false,"_monsterinsights_sitenote_active":false,"_monsterinsights_sitenote_note":"","_monsterinsights_sitenote_category":0,"footnotes":""},"class_list":["post-8240","page","type-page","status-publish","hentry"],"yoast_head":"<!-- This site is optimized with the Yoast SEO Premium plugin v26.4 (Yoast SEO v27.3) - https:\/\/yoast.com\/product\/yoast-seo-premium-wordpress\/ -->\n<title>Alchemy Systems - Modula4<\/title>\n<meta name=\"robots\" content=\"index, follow, max-snippet:-1, max-image-preview:large, max-video-preview:-1\" \/>\n<link rel=\"canonical\" href=\"https:\/\/www.modula4.com\/de\/unsere-kunden\/kunden-case-studies\/case-study-alchemy-systems\/\" \/>\n<meta property=\"og:locale\" content=\"de_DE\" \/>\n<meta property=\"og:type\" content=\"article\" \/>\n<meta property=\"og:title\" content=\"Alchemy Systems\" \/>\n<meta property=\"og:description\" content=\"Modula4 hilft Alchemy Systems bei der Optimierung ihrer Produktionsabl\u00e4ufe Kunde: Alchemy Systems Eingesetzte Produkte: Web Module, Video Module, Smart Asset Download Anpassung, Canto Cumulus Alchemy Systems hilft mit einer innovativen Technology-Suite f\u00fchrenden Marken in der Lebensmittelindustrie, die Produktionsmitarbeiter mit Fachwissen auszustatten und die Belegschaft sicherer und produktiver zu machen. Mit Trainings, Workshops, Kommunikation und durch ... &nbsp;Weiterlesen &gt;\" \/>\n<meta property=\"og:url\" content=\"https:\/\/www.modula4.com\/de\/unsere-kunden\/kunden-case-studies\/case-study-alchemy-systems\/\" \/>\n<meta property=\"og:site_name\" content=\"Modula4\" \/>\n<meta property=\"article:publisher\" content=\"https:\/\/www.linkedin.com\/company\/modula4\/\" \/>\n<meta property=\"article:modified_time\" content=\"2020-08-12T07:20:27+00:00\" \/>\n<meta property=\"og:image\" content=\"http:\/\/www.modula4.com\/wp-content\/uploads\/AAlchemy-Image-e1430495070352.png\" \/>\n<meta name=\"twitter:label1\" content=\"Gesch\u00e4tzte Lesezeit\" \/>\n\t<meta name=\"twitter:data1\" content=\"3\u00a0Minuten\" \/>\n<script type=\"application\/ld+json\" class=\"yoast-schema-graph\">{\"@context\":\"https:\\\/\\\/schema.org\",\"@graph\":[{\"@type\":\"WebPage\",\"@id\":\"https:\\\/\\\/www.modula4.com\\\/de\\\/unsere-kunden\\\/kunden-case-studies\\\/case-study-alchemy-systems\\\/\",\"url\":\"https:\\\/\\\/www.modula4.com\\\/de\\\/unsere-kunden\\\/kunden-case-studies\\\/case-study-alchemy-systems\\\/\",\"name\":\"Alchemy Systems - Modula4\",\"isPartOf\":{\"@id\":\"https:\\\/\\\/www.modula4.com\\\/#website\"},\"primaryImageOfPage\":{\"@id\":\"https:\\\/\\\/www.modula4.com\\\/de\\\/unsere-kunden\\\/kunden-case-studies\\\/case-study-alchemy-systems\\\/#primaryimage\"},\"image\":{\"@id\":\"https:\\\/\\\/www.modula4.com\\\/de\\\/unsere-kunden\\\/kunden-case-studies\\\/case-study-alchemy-systems\\\/#primaryimage\"},\"thumbnailUrl\":\"http:\\\/\\\/www.modula4.com\\\/wp-content\\\/uploads\\\/AAlchemy-Image-e1430495070352.png\",\"datePublished\":\"2015-05-13T13:27:47+00:00\",\"dateModified\":\"2020-08-12T07:20:27+00:00\",\"breadcrumb\":{\"@id\":\"https:\\\/\\\/www.modula4.com\\\/de\\\/unsere-kunden\\\/kunden-case-studies\\\/case-study-alchemy-systems\\\/#breadcrumb\"},\"inLanguage\":\"de\",\"potentialAction\":[{\"@type\":\"ReadAction\",\"target\":[\"https:\\\/\\\/www.modula4.com\\\/de\\\/unsere-kunden\\\/kunden-case-studies\\\/case-study-alchemy-systems\\\/\"]}]},{\"@type\":\"ImageObject\",\"inLanguage\":\"de\",\"@id\":\"https:\\\/\\\/www.modula4.com\\\/de\\\/unsere-kunden\\\/kunden-case-studies\\\/case-study-alchemy-systems\\\/#primaryimage\",\"url\":\"http:\\\/\\\/www.modula4.com\\\/wp-content\\\/uploads\\\/AAlchemy-Image-e1430495070352.png\",\"contentUrl\":\"http:\\\/\\\/www.modula4.com\\\/wp-content\\\/uploads\\\/AAlchemy-Image-e1430495070352.png\"},{\"@type\":\"BreadcrumbList\",\"@id\":\"https:\\\/\\\/www.modula4.com\\\/de\\\/unsere-kunden\\\/kunden-case-studies\\\/case-study-alchemy-systems\\\/#breadcrumb\",\"itemListElement\":[{\"@type\":\"ListItem\",\"position\":1,\"name\":\"Home\",\"item\":\"https:\\\/\\\/www.modula4.com\\\/de\\\/\"},{\"@type\":\"ListItem\",\"position\":2,\"name\":\"Unsere Kunden\",\"item\":\"https:\\\/\\\/www.modula4.com\\\/de\\\/unsere-kunden\\\/\"},{\"@type\":\"ListItem\",\"position\":3,\"name\":\"Case Studies\",\"item\":\"https:\\\/\\\/www.modula4.com\\\/de\\\/unsere-kunden\\\/kunden-case-studies\\\/\"},{\"@type\":\"ListItem\",\"position\":4,\"name\":\"Alchemy Systems\"}]},{\"@type\":\"WebSite\",\"@id\":\"https:\\\/\\\/www.modula4.com\\\/#website\",\"url\":\"https:\\\/\\\/www.modula4.com\\\/\",\"name\":\"Modula4\",\"description\":\"Dedicated Experts. Complete Solutions. Real Results.\",\"publisher\":{\"@id\":\"https:\\\/\\\/www.modula4.com\\\/#organization\"},\"potentialAction\":[{\"@type\":\"SearchAction\",\"target\":{\"@type\":\"EntryPoint\",\"urlTemplate\":\"https:\\\/\\\/www.modula4.com\\\/?s={search_term_string}\"},\"query-input\":{\"@type\":\"PropertyValueSpecification\",\"valueRequired\":true,\"valueName\":\"search_term_string\"}}],\"inLanguage\":\"de\"},{\"@type\":\"Organization\",\"@id\":\"https:\\\/\\\/www.modula4.com\\\/#organization\",\"name\":\"Modula4\",\"url\":\"https:\\\/\\\/www.modula4.com\\\/\",\"logo\":{\"@type\":\"ImageObject\",\"inLanguage\":\"de\",\"@id\":\"https:\\\/\\\/www.modula4.com\\\/#\\\/schema\\\/logo\\\/image\\\/\",\"url\":\"https:\\\/\\\/www.modula4.com\\\/wp-content\\\/uploads\\\/M4-Logo-rgb.png\",\"contentUrl\":\"https:\\\/\\\/www.modula4.com\\\/wp-content\\\/uploads\\\/M4-Logo-rgb.png\",\"width\":190,\"height\":42,\"caption\":\"Modula4\"},\"image\":{\"@id\":\"https:\\\/\\\/www.modula4.com\\\/#\\\/schema\\\/logo\\\/image\\\/\"},\"sameAs\":[\"https:\\\/\\\/www.linkedin.com\\\/company\\\/modula4\\\/\"]}]}<\/script>\n<!-- \/ Yoast SEO Premium plugin. -->","yoast_head_json":{"title":"Alchemy Systems - Modula4","robots":{"index":"index","follow":"follow","max-snippet":"max-snippet:-1","max-image-preview":"max-image-preview:large","max-video-preview":"max-video-preview:-1"},"canonical":"https:\/\/www.modula4.com\/de\/unsere-kunden\/kunden-case-studies\/case-study-alchemy-systems\/","og_locale":"de_DE","og_type":"article","og_title":"Alchemy Systems","og_description":"Modula4 hilft Alchemy Systems bei der Optimierung ihrer Produktionsabl\u00e4ufe Kunde: Alchemy Systems Eingesetzte Produkte: Web Module, Video Module, Smart Asset Download Anpassung, Canto Cumulus Alchemy Systems hilft mit einer innovativen Technology-Suite f\u00fchrenden Marken in der Lebensmittelindustrie, die Produktionsmitarbeiter mit Fachwissen auszustatten und die Belegschaft sicherer und produktiver zu machen. Mit Trainings, Workshops, Kommunikation und durch ... &nbsp;Weiterlesen &gt;","og_url":"https:\/\/www.modula4.com\/de\/unsere-kunden\/kunden-case-studies\/case-study-alchemy-systems\/","og_site_name":"Modula4","article_publisher":"https:\/\/www.linkedin.com\/company\/modula4\/","article_modified_time":"2020-08-12T07:20:27+00:00","og_image":[{"url":"http:\/\/www.modula4.com\/wp-content\/uploads\/AAlchemy-Image-e1430495070352.png","type":"","width":"","height":""}],"twitter_misc":{"Gesch\u00e4tzte Lesezeit":"3\u00a0Minuten"},"schema":{"@context":"https:\/\/schema.org","@graph":[{"@type":"WebPage","@id":"https:\/\/www.modula4.com\/de\/unsere-kunden\/kunden-case-studies\/case-study-alchemy-systems\/","url":"https:\/\/www.modula4.com\/de\/unsere-kunden\/kunden-case-studies\/case-study-alchemy-systems\/","name":"Alchemy Systems - Modula4","isPartOf":{"@id":"https:\/\/www.modula4.com\/#website"},"primaryImageOfPage":{"@id":"https:\/\/www.modula4.com\/de\/unsere-kunden\/kunden-case-studies\/case-study-alchemy-systems\/#primaryimage"},"image":{"@id":"https:\/\/www.modula4.com\/de\/unsere-kunden\/kunden-case-studies\/case-study-alchemy-systems\/#primaryimage"},"thumbnailUrl":"http:\/\/www.modula4.com\/wp-content\/uploads\/AAlchemy-Image-e1430495070352.png","datePublished":"2015-05-13T13:27:47+00:00","dateModified":"2020-08-12T07:20:27+00:00","breadcrumb":{"@id":"https:\/\/www.modula4.com\/de\/unsere-kunden\/kunden-case-studies\/case-study-alchemy-systems\/#breadcrumb"},"inLanguage":"de","potentialAction":[{"@type":"ReadAction","target":["https:\/\/www.modula4.com\/de\/unsere-kunden\/kunden-case-studies\/case-study-alchemy-systems\/"]}]},{"@type":"ImageObject","inLanguage":"de","@id":"https:\/\/www.modula4.com\/de\/unsere-kunden\/kunden-case-studies\/case-study-alchemy-systems\/#primaryimage","url":"http:\/\/www.modula4.com\/wp-content\/uploads\/AAlchemy-Image-e1430495070352.png","contentUrl":"http:\/\/www.modula4.com\/wp-content\/uploads\/AAlchemy-Image-e1430495070352.png"},{"@type":"BreadcrumbList","@id":"https:\/\/www.modula4.com\/de\/unsere-kunden\/kunden-case-studies\/case-study-alchemy-systems\/#breadcrumb","itemListElement":[{"@type":"ListItem","position":1,"name":"Home","item":"https:\/\/www.modula4.com\/de\/"},{"@type":"ListItem","position":2,"name":"Unsere Kunden","item":"https:\/\/www.modula4.com\/de\/unsere-kunden\/"},{"@type":"ListItem","position":3,"name":"Case Studies","item":"https:\/\/www.modula4.com\/de\/unsere-kunden\/kunden-case-studies\/"},{"@type":"ListItem","position":4,"name":"Alchemy Systems"}]},{"@type":"WebSite","@id":"https:\/\/www.modula4.com\/#website","url":"https:\/\/www.modula4.com\/","name":"Modula4","description":"Dedicated Experts. Complete Solutions. Real Results.","publisher":{"@id":"https:\/\/www.modula4.com\/#organization"},"potentialAction":[{"@type":"SearchAction","target":{"@type":"EntryPoint","urlTemplate":"https:\/\/www.modula4.com\/?s={search_term_string}"},"query-input":{"@type":"PropertyValueSpecification","valueRequired":true,"valueName":"search_term_string"}}],"inLanguage":"de"},{"@type":"Organization","@id":"https:\/\/www.modula4.com\/#organization","name":"Modula4","url":"https:\/\/www.modula4.com\/","logo":{"@type":"ImageObject","inLanguage":"de","@id":"https:\/\/www.modula4.com\/#\/schema\/logo\/image\/","url":"https:\/\/www.modula4.com\/wp-content\/uploads\/M4-Logo-rgb.png","contentUrl":"https:\/\/www.modula4.com\/wp-content\/uploads\/M4-Logo-rgb.png","width":190,"height":42,"caption":"Modula4"},"image":{"@id":"https:\/\/www.modula4.com\/#\/schema\/logo\/image\/"},"sameAs":["https:\/\/www.linkedin.com\/company\/modula4\/"]}]}},"_links":{"self":[{"href":"https:\/\/www.modula4.com\/de\/wp-json\/wp\/v2\/pages\/8240","targetHints":{"allow":["GET"]}}],"collection":[{"href":"https:\/\/www.modula4.com\/de\/wp-json\/wp\/v2\/pages"}],"about":[{"href":"https:\/\/www.modula4.com\/de\/wp-json\/wp\/v2\/types\/page"}],"author":[{"embeddable":true,"href":"https:\/\/www.modula4.com\/de\/wp-json\/wp\/v2\/users\/2"}],"replies":[{"embeddable":true,"href":"https:\/\/www.modula4.com\/de\/wp-json\/wp\/v2\/comments?post=8240"}],"version-history":[{"count":11,"href":"https:\/\/www.modula4.com\/de\/wp-json\/wp\/v2\/pages\/8240\/revisions"}],"predecessor-version":[{"id":10898,"href":"https:\/\/www.modula4.com\/de\/wp-json\/wp\/v2\/pages\/8240\/revisions\/10898"}],"up":[{"embeddable":true,"href":"https:\/\/www.modula4.com\/de\/wp-json\/wp\/v2\/pages\/5975"}],"wp:attachment":[{"href":"https:\/\/www.modula4.com\/de\/wp-json\/wp\/v2\/media?parent=8240"}],"curies":[{"name":"wp","href":"https:\/\/api.w.org\/{rel}","templated":true}]}}