{"id":8086,"date":"2022-01-02T11:31:00","date_gmt":"2022-01-02T19:31:00","guid":{"rendered":"http:\/\/www.modula4.com\/?page_id=8086"},"modified":"2022-09-09T10:13:02","modified_gmt":"2022-09-09T17:13:02","slug":"netx-canto-cumulus-replacement","status":"publish","type":"page","link":"https:\/\/www.modula4.com\/de\/produkte\/dam-systems\/netx-canto-cumulus-replacement\/","title":{"rendered":"NetX"},"content":{"rendered":"\n<h2 class=\"Body wp-block-heading\" id=\"the-best-cumulus-replacement-ask-us-about-special-discounts-and-migration-assistance-when-switching-from-cumulus-to-netx\"><strong>Der optimale Cumulus-Ersatz: <\/strong><br>Fragen Sie uns nach speziellen Rabatten und Migrationsunterst\u00fctzung beim Wechsel von Cumulus zu NetX<\/h2>\n\n\n\n<h3 class=\"Body wp-block-heading\" id=\"full-featured-dam-solution-for-cloud-or-on-premise\">Voll funktionsf\u00e4hige DAM-L\u00f6sung f\u00fcr Cloud oder On-Premise&nbsp;<br><\/h3>\n\n\n<p>NetX ist als zentraler \u201cDigitaler Knotenpunkt&#8220; konzipiert. Sie k\u00f6nnen es als Repository f\u00fcr Ihre wertvollen digitalen Medienassets benutzen oder nahtlos in Ihre aktuellen Projekte oder Ihre ma\u00dfgeschneiderten Workflows einbinden. Die Technologie hinter NetX basiert auf Open Standards, die Anwendung bietet so gr\u00f6\u00dftm\u00f6gliche Flexibilit\u00e4t bei der Integration in eine Vielzahl von technischen Umgebungen.<\/p>\n<p><a href=\"https:\/\/www.modula4.com\/wp-content\/uploads\/NetX_DAM_Simple-2-1-1.jpg\"><img loading=\"lazy\" decoding=\"async\" class=\"wp-image-11155 size-full alignnone\" src=\"https:\/\/www.modula4.com\/wp-content\/uploads\/NetX_DAM_Simple-2-1-1.jpg\" alt=\"\" width=\"600\" height=\"486\" srcset=\"https:\/\/www.modula4.com\/wp-content\/uploads\/NetX_DAM_Simple-2-1-1.jpg 600w, https:\/\/www.modula4.com\/wp-content\/uploads\/NetX_DAM_Simple-2-1-1-150x122.jpg 150w, https:\/\/www.modula4.com\/wp-content\/uploads\/NetX_DAM_Simple-2-1-1-325x263.jpg 325w\" sizes=\"auto, (max-width: 600px) 100vw, 600px\" \/><\/a><\/p>\n<p><strong>Intuitive Benutzeroberfl\u00e4che<\/strong><br>\nNetX L\u00f6sungen profitieren von einer Benutzerumgebung, die nur minimales Training erfordert, neue Benutzer finden sich in der Regel schnell in den Grundfunktionen und Workflow-Optionen zurecht. Die Interaktion mit dem Benutzer und einfache Handhabbarkeit stehen bei NetX kontinuierlich im Fokus. Das Kernst\u00fcck dieser Methode liegt in der st\u00e4ndigen Verbesserung der Benutzerfreundlichkeit durch die Schaffung von Anwendungsoberfl\u00e4chen, die intuitiver und konsistenter sind und deren Benutzung noch leichter erlernbar ist. Generell h\u00e4lt sich NetX dabei an den Grundsatz, &#8222;eine Benutzeroberfl\u00e4che ist nicht dann perfekt, wenn man ihr nichts mehr hinzuf\u00fcgen kann, sondern dann, wenn man ihr nichts mehr wegnehmen kann&#8220;.<\/p>\n<p>Sowohl das Interface f\u00fcr &#8222;Power-User&#8220; als auch das Selbstbedienungs-&#8222;Brand Portal&#8220; erscheinen in einem modernen, intuitiven Design basierend auf HTML5. Dadurch bietet NetX schnelle Performance, responsives Design und eine leicht anzupassende Benutzeroberfl\u00e4che.<\/p>\n<p><strong>Erweiterte Suchmaschine<\/strong><br>\nDie Netx-Architektur bietet blitzschnelle Suchen, automatische Indizierung, gespeicherte Suchvorg\u00e4nge, granulares Targeting, facettierte Suche (Suche innerhalb des Sucherergebnisses) und einen hochoptimierten Suchmaschinenkern. Mit einem hochoptimierten Index f\u00fcr eingebettete und externe Asset-Metadaten ist die Suchmaschine direkt in die Anwendung eingebettet. Administratoren haben die Kontrolle \u00fcber eine Reihe von Parametern f\u00fcr die Verwaltung der Suchfunktion, um sie so den Bed\u00fcrfnissen jedes einzelnen Unternehmens anzupassen.<\/p>\n<p><strong>Robuster Video Support<\/strong><br>\nMit Netx k\u00f6nnen Sie Rich-Media-Formate wie Videos direkt in der Benutzeroberfl\u00e4che ansehen und bearbeiten, in dem es Sie Keyframes und &#8222;Proxy&#8220;-Videos f\u00fcr Vorschauen und Wiedergaben erzeugen l\u00e4\u00dft. NetX unterst\u00fctzt jetzt den Videoplayer von Open Source Media Framework, dadurch ist die Wiedergabe auf jedem videof\u00e4higen Ger\u00e4t, auch Tablets und Mobiltelefonen, m\u00f6glich.<\/p>\n<p><strong>Teilen<\/strong><br>\nNetX bietet viele M\u00f6glichkeiten f\u00fcr die automatisierte, regelbasierte und Ad-hoc-Verteilung von Medienassets. Der Einsatz eines DAM-Systems im Unternehmensbereich bedeutet weit mehr als die blo\u00dfe &#8222;Dateiablage&#8220;, es bedeutet ver\u00f6ffentlichen, zusammenarbeiten, teilen, verb\u00fcnden etc. Mit einer vollst\u00e4ndigen Web-Service-API machen Sie Ihre auf der NetX-Plattform gespeicherten Assets buchst\u00e4blich \u00fcberall verf\u00fcgbar, je nach Bedarf kontrolliert durch Ihre eigenen Berechtigungen, Trigger und Parameter.<\/p>\n<p>Zudem bietet NetX ein neues Brand Portal auf Basis seiner &#8222;X7&#8220; Plattform. Mit dem X7-Framework hat jeder Netx-Kunde die M\u00f6glichkeit, ein eigenes Theme f\u00fcr seine Anwendung unter Verwendung von HTML, CSS und Javascript zu erstellen. Das Framework bietet eine ganze Palette von Anpassungsm\u00f6glichkeiten, von einfachen Stylemodifikationen bis hin zu einem komplett ma\u00dfgeschneiderten Interface.<\/p>\n<p><strong>Erweiterbares Framework<\/strong><br>\nNetx wurde von Grund auf mir einer offenen und skalierbaren Architektur entwickelt. System-Integration, Outbound Publishing, Sicherheit, Datenmanagement und Web Services sind gew\u00f6hnliche Anforderungen an jede NetX-L\u00f6sung, ob als SaaS oder als lokale Installation. Eine Service Oriented Architecture (SOA) erm\u00f6glicht die Integration mit nahezu jeder modernen Anwendung &#8211; E-Commerce, CMS, ERP, CRM, Produktionsdatenbanken, Adobe Creative Suite &#8211; was Sie auch w\u00fcnschen, NetX schafft&#8217;s fast immer mit seiner vollst\u00e4ndingen Web-Service API.<\/p>\n<p><strong>Flexible Einsatzm\u00f6glichkeiten<\/strong><br>\nNetX ist in einer Vielzahl von Implementierungsoptionen erh\u00e4ltlich, so als lokale Anwendung oder als SaaS (Software-as-a-Service, also in der Cloud) mit Netx selbst oder einem Drittanbieter (Amazon, Rackspace) als Host. NetX kann zudem auch als Hybridl\u00f6sung aufgesetzt werden. In der Hybridl\u00f6sung werden die Assets f\u00fcr laufende Projekte lokal gespeichert und verwaltet, andere f\u00fcr die schnelle weltweite Verteilung in der Cloud.<\/p>\n<p><a title=\"Request Information\" href=\"\/de\/kontakt\/\">Fragen Sie uns<\/a>, wenn Sie mehr \u00fcber NetX erfahren m\u00f6chten oder eine Demo w\u00fcnschen.<\/p>","protected":false},"excerpt":{"rendered":"<p>Der optimale Cumulus-Ersatz: Fragen Sie uns nach speziellen Rabatten und Migrationsunterst\u00fctzung beim Wechsel von Cumulus zu NetX Voll funktionsf\u00e4hige DAM-L\u00f6sung f\u00fcr Cloud oder On-Premise&nbsp; NetX ist als zentraler \u201cDigitaler Knotenpunkt&#8220; konzipiert. Sie k\u00f6nnen es als Repository f\u00fcr Ihre wertvollen digitalen Medienassets benutzen oder nahtlos in Ihre aktuellen Projekte oder Ihre ma\u00dfgeschneiderten Workflows einbinden. Die Technologie <a class=\"read-more\" href=\"https:\/\/www.modula4.com\/de\/produkte\/dam-systems\/netx-canto-cumulus-replacement\/\">&#8230; &nbsp;Weiterlesen &gt;<\/a><\/p>\n","protected":false},"author":2,"featured_media":0,"parent":12115,"menu_order":10,"comment_status":"closed","ping_status":"closed","template":"","meta":{"_monsterinsights_skip_tracking":false,"_monsterinsights_sitenote_active":false,"_monsterinsights_sitenote_note":"","_monsterinsights_sitenote_category":0,"footnotes":""},"class_list":["post-8086","page","type-page","status-publish","hentry"],"yoast_head":"<!-- This site is optimized with the Yoast SEO Premium plugin v26.4 (Yoast SEO v27.4) - https:\/\/yoast.com\/product\/yoast-seo-premium-wordpress\/ -->\n<title>NetX - Modula4<\/title>\n<meta name=\"description\" content=\"NetX is is the best replacement for Canto Cumulus. Modula4 makes moving from Cumulus to NetX as simple as possible.\" \/>\n<meta name=\"robots\" content=\"index, follow, max-snippet:-1, max-image-preview:large, max-video-preview:-1\" \/>\n<link rel=\"canonical\" href=\"https:\/\/www.modula4.com\/de\/produkte\/netx-canto-cumulus-replacement\/\" \/>\n<meta property=\"og:locale\" content=\"de_DE\" \/>\n<meta property=\"og:type\" content=\"article\" \/>\n<meta property=\"og:title\" content=\"NetX\" \/>\n<meta property=\"og:description\" content=\"NetX is is the best replacement for Canto Cumulus. Modula4 makes moving from Cumulus to NetX as simple as possible.\" \/>\n<meta property=\"og:url\" content=\"https:\/\/www.modula4.com\/de\/produkte\/netx-canto-cumulus-replacement\/\" \/>\n<meta property=\"og:site_name\" content=\"Modula4\" \/>\n<meta property=\"article:publisher\" content=\"https:\/\/www.linkedin.com\/company\/modula4\/\" \/>\n<meta property=\"article:modified_time\" content=\"2022-09-09T17:13:02+00:00\" \/>\n<meta property=\"og:image\" content=\"https:\/\/www.modula4.com\/wp-content\/uploads\/NetX_DAM_Simple-2-1-1.jpg\" \/>\n<meta name=\"twitter:label1\" content=\"Gesch\u00e4tzte Lesezeit\" \/>\n\t<meta name=\"twitter:data1\" content=\"3\u00a0Minuten\" \/>\n<script type=\"application\/ld+json\" class=\"yoast-schema-graph\">{\"@context\":\"https:\\\/\\\/schema.org\",\"@graph\":[{\"@type\":\"WebPage\",\"@id\":\"https:\\\/\\\/www.modula4.com\\\/de\\\/produkte\\\/netx-canto-cumulus-replacement\\\/\",\"url\":\"https:\\\/\\\/www.modula4.com\\\/de\\\/produkte\\\/netx-canto-cumulus-replacement\\\/\",\"name\":\"NetX - Modula4\",\"isPartOf\":{\"@id\":\"https:\\\/\\\/www.modula4.com\\\/#website\"},\"primaryImageOfPage\":{\"@id\":\"https:\\\/\\\/www.modula4.com\\\/de\\\/produkte\\\/netx-canto-cumulus-replacement\\\/#primaryimage\"},\"image\":{\"@id\":\"https:\\\/\\\/www.modula4.com\\\/de\\\/produkte\\\/netx-canto-cumulus-replacement\\\/#primaryimage\"},\"thumbnailUrl\":\"https:\\\/\\\/www.modula4.com\\\/wp-content\\\/uploads\\\/NetX_DAM_Simple-2-1-1.jpg\",\"datePublished\":\"2022-01-02T19:31:00+00:00\",\"dateModified\":\"2022-09-09T17:13:02+00:00\",\"description\":\"NetX is is the best replacement for Canto Cumulus. Modula4 makes moving from Cumulus to NetX as simple as possible.\",\"breadcrumb\":{\"@id\":\"https:\\\/\\\/www.modula4.com\\\/de\\\/produkte\\\/netx-canto-cumulus-replacement\\\/#breadcrumb\"},\"inLanguage\":\"de\",\"potentialAction\":[{\"@type\":\"ReadAction\",\"target\":[\"https:\\\/\\\/www.modula4.com\\\/de\\\/produkte\\\/netx-canto-cumulus-replacement\\\/\"]}]},{\"@type\":\"ImageObject\",\"inLanguage\":\"de\",\"@id\":\"https:\\\/\\\/www.modula4.com\\\/de\\\/produkte\\\/netx-canto-cumulus-replacement\\\/#primaryimage\",\"url\":\"https:\\\/\\\/www.modula4.com\\\/wp-content\\\/uploads\\\/NetX_DAM_Simple-2-1-1.jpg\",\"contentUrl\":\"https:\\\/\\\/www.modula4.com\\\/wp-content\\\/uploads\\\/NetX_DAM_Simple-2-1-1.jpg\"},{\"@type\":\"BreadcrumbList\",\"@id\":\"https:\\\/\\\/www.modula4.com\\\/de\\\/produkte\\\/netx-canto-cumulus-replacement\\\/#breadcrumb\",\"itemListElement\":[{\"@type\":\"ListItem\",\"position\":1,\"name\":\"Home\",\"item\":\"https:\\\/\\\/www.modula4.com\\\/de\\\/\"},{\"@type\":\"ListItem\",\"position\":2,\"name\":\"Produkte\",\"item\":\"https:\\\/\\\/www.modula4.com\\\/de\\\/produkte\\\/\"},{\"@type\":\"ListItem\",\"position\":3,\"name\":\"NetX\"}]},{\"@type\":\"WebSite\",\"@id\":\"https:\\\/\\\/www.modula4.com\\\/#website\",\"url\":\"https:\\\/\\\/www.modula4.com\\\/\",\"name\":\"Modula4\",\"description\":\"Dedicated Experts. Complete Solutions. Real Results.\",\"publisher\":{\"@id\":\"https:\\\/\\\/www.modula4.com\\\/#organization\"},\"potentialAction\":[{\"@type\":\"SearchAction\",\"target\":{\"@type\":\"EntryPoint\",\"urlTemplate\":\"https:\\\/\\\/www.modula4.com\\\/?s={search_term_string}\"},\"query-input\":{\"@type\":\"PropertyValueSpecification\",\"valueRequired\":true,\"valueName\":\"search_term_string\"}}],\"inLanguage\":\"de\"},{\"@type\":\"Organization\",\"@id\":\"https:\\\/\\\/www.modula4.com\\\/#organization\",\"name\":\"Modula4\",\"url\":\"https:\\\/\\\/www.modula4.com\\\/\",\"logo\":{\"@type\":\"ImageObject\",\"inLanguage\":\"de\",\"@id\":\"https:\\\/\\\/www.modula4.com\\\/#\\\/schema\\\/logo\\\/image\\\/\",\"url\":\"https:\\\/\\\/www.modula4.com\\\/wp-content\\\/uploads\\\/M4-Logo-rgb.png\",\"contentUrl\":\"https:\\\/\\\/www.modula4.com\\\/wp-content\\\/uploads\\\/M4-Logo-rgb.png\",\"width\":190,\"height\":42,\"caption\":\"Modula4\"},\"image\":{\"@id\":\"https:\\\/\\\/www.modula4.com\\\/#\\\/schema\\\/logo\\\/image\\\/\"},\"sameAs\":[\"https:\\\/\\\/www.linkedin.com\\\/company\\\/modula4\\\/\"]}]}<\/script>\n<!-- \/ Yoast SEO Premium plugin. -->","yoast_head_json":{"title":"NetX - Modula4","description":"NetX is is the best replacement for Canto Cumulus. Modula4 makes moving from Cumulus to NetX as simple as possible.","robots":{"index":"index","follow":"follow","max-snippet":"max-snippet:-1","max-image-preview":"max-image-preview:large","max-video-preview":"max-video-preview:-1"},"canonical":"https:\/\/www.modula4.com\/de\/produkte\/netx-canto-cumulus-replacement\/","og_locale":"de_DE","og_type":"article","og_title":"NetX","og_description":"NetX is is the best replacement for Canto Cumulus. Modula4 makes moving from Cumulus to NetX as simple as possible.","og_url":"https:\/\/www.modula4.com\/de\/produkte\/netx-canto-cumulus-replacement\/","og_site_name":"Modula4","article_publisher":"https:\/\/www.linkedin.com\/company\/modula4\/","article_modified_time":"2022-09-09T17:13:02+00:00","og_image":[{"url":"https:\/\/www.modula4.com\/wp-content\/uploads\/NetX_DAM_Simple-2-1-1.jpg","type":"","width":"","height":""}],"twitter_misc":{"Gesch\u00e4tzte Lesezeit":"3\u00a0Minuten"},"schema":{"@context":"https:\/\/schema.org","@graph":[{"@type":"WebPage","@id":"https:\/\/www.modula4.com\/de\/produkte\/netx-canto-cumulus-replacement\/","url":"https:\/\/www.modula4.com\/de\/produkte\/netx-canto-cumulus-replacement\/","name":"NetX - Modula4","isPartOf":{"@id":"https:\/\/www.modula4.com\/#website"},"primaryImageOfPage":{"@id":"https:\/\/www.modula4.com\/de\/produkte\/netx-canto-cumulus-replacement\/#primaryimage"},"image":{"@id":"https:\/\/www.modula4.com\/de\/produkte\/netx-canto-cumulus-replacement\/#primaryimage"},"thumbnailUrl":"https:\/\/www.modula4.com\/wp-content\/uploads\/NetX_DAM_Simple-2-1-1.jpg","datePublished":"2022-01-02T19:31:00+00:00","dateModified":"2022-09-09T17:13:02+00:00","description":"NetX is is the best replacement for Canto Cumulus. Modula4 makes moving from Cumulus to NetX as simple as possible.","breadcrumb":{"@id":"https:\/\/www.modula4.com\/de\/produkte\/netx-canto-cumulus-replacement\/#breadcrumb"},"inLanguage":"de","potentialAction":[{"@type":"ReadAction","target":["https:\/\/www.modula4.com\/de\/produkte\/netx-canto-cumulus-replacement\/"]}]},{"@type":"ImageObject","inLanguage":"de","@id":"https:\/\/www.modula4.com\/de\/produkte\/netx-canto-cumulus-replacement\/#primaryimage","url":"https:\/\/www.modula4.com\/wp-content\/uploads\/NetX_DAM_Simple-2-1-1.jpg","contentUrl":"https:\/\/www.modula4.com\/wp-content\/uploads\/NetX_DAM_Simple-2-1-1.jpg"},{"@type":"BreadcrumbList","@id":"https:\/\/www.modula4.com\/de\/produkte\/netx-canto-cumulus-replacement\/#breadcrumb","itemListElement":[{"@type":"ListItem","position":1,"name":"Home","item":"https:\/\/www.modula4.com\/de\/"},{"@type":"ListItem","position":2,"name":"Produkte","item":"https:\/\/www.modula4.com\/de\/produkte\/"},{"@type":"ListItem","position":3,"name":"NetX"}]},{"@type":"WebSite","@id":"https:\/\/www.modula4.com\/#website","url":"https:\/\/www.modula4.com\/","name":"Modula4","description":"Dedicated Experts. Complete Solutions. Real Results.","publisher":{"@id":"https:\/\/www.modula4.com\/#organization"},"potentialAction":[{"@type":"SearchAction","target":{"@type":"EntryPoint","urlTemplate":"https:\/\/www.modula4.com\/?s={search_term_string}"},"query-input":{"@type":"PropertyValueSpecification","valueRequired":true,"valueName":"search_term_string"}}],"inLanguage":"de"},{"@type":"Organization","@id":"https:\/\/www.modula4.com\/#organization","name":"Modula4","url":"https:\/\/www.modula4.com\/","logo":{"@type":"ImageObject","inLanguage":"de","@id":"https:\/\/www.modula4.com\/#\/schema\/logo\/image\/","url":"https:\/\/www.modula4.com\/wp-content\/uploads\/M4-Logo-rgb.png","contentUrl":"https:\/\/www.modula4.com\/wp-content\/uploads\/M4-Logo-rgb.png","width":190,"height":42,"caption":"Modula4"},"image":{"@id":"https:\/\/www.modula4.com\/#\/schema\/logo\/image\/"},"sameAs":["https:\/\/www.linkedin.com\/company\/modula4\/"]}]}},"_links":{"self":[{"href":"https:\/\/www.modula4.com\/de\/wp-json\/wp\/v2\/pages\/8086","targetHints":{"allow":["GET"]}}],"collection":[{"href":"https:\/\/www.modula4.com\/de\/wp-json\/wp\/v2\/pages"}],"about":[{"href":"https:\/\/www.modula4.com\/de\/wp-json\/wp\/v2\/types\/page"}],"author":[{"embeddable":true,"href":"https:\/\/www.modula4.com\/de\/wp-json\/wp\/v2\/users\/2"}],"replies":[{"embeddable":true,"href":"https:\/\/www.modula4.com\/de\/wp-json\/wp\/v2\/comments?post=8086"}],"version-history":[{"count":29,"href":"https:\/\/www.modula4.com\/de\/wp-json\/wp\/v2\/pages\/8086\/revisions"}],"predecessor-version":[{"id":11424,"href":"https:\/\/www.modula4.com\/de\/wp-json\/wp\/v2\/pages\/8086\/revisions\/11424"}],"up":[{"embeddable":true,"href":"https:\/\/www.modula4.com\/de\/wp-json\/wp\/v2\/pages\/12115"}],"wp:attachment":[{"href":"https:\/\/www.modula4.com\/de\/wp-json\/wp\/v2\/media?parent=8086"}],"curies":[{"name":"wp","href":"https:\/\/api.w.org\/{rel}","templated":true}]}}