{"id":7373,"date":"2015-01-05T12:44:37","date_gmt":"2015-01-05T20:44:37","guid":{"rendered":"http:\/\/www.modula4.com\/unsere-kunden\/kunden-case-studies\/case-study-sandbox-studio-creates-customized-web-portals-clients-using-multisite-modula4\/"},"modified":"2020-08-12T00:16:43","modified_gmt":"2020-08-12T07:16:43","slug":"case-study-sandbox-studio-creates-customized-web-portals-clients-using-multisite-modula4","status":"publish","type":"page","link":"https:\/\/www.modula4.com\/de\/unsere-kunden\/kunden-case-studies\/case-study-sandbox-studio-creates-customized-web-portals-clients-using-multisite-modula4\/","title":{"rendered":"Sandbox Studios"},"content":{"rendered":"<h2>Sandbox Studios erstellt f\u00fcr Kunden individualisierte Web-Portale mit Modula4s Multisite<\/h2>\n<p><strong>Kunde:<\/strong> Sandbox Studio<br \/>\n<strong>Eingesetzte Produkte:<\/strong> Modula4 Web Moduel mit Multisite, Canto Cumulus<\/p>\n<p>Sandbox Studios ist eine Full-Service Fotografie- und Produktionsstudio mit B\u00fcros in New York, San Francisco und Los Angeles. Sie produzieren visuelle Inhalte von Weltklasse f\u00fcr eine beneidenswerte Liste von Kunden, darunter Michael Kors, The North Face und Calvin Klein.<\/p>\n<p><strong>Herausforderung<\/strong><br \/>\nImmer wenn Sandbox Studios als Full-Service Fotografiestudio die Produkte seiner Kunden fotografiert, beginnt ein ganzer Arbeitszyklus. Die Bilder m\u00fcssen im Anschluss den Kunden und ihren Partnern zur Pr\u00fcfung und zum Einsatz auf Webseiten, in Anzeigen und Werbematerialien zur Verf\u00fcgung gestellt werden. Jeder Kunde ben\u00f6tigt ein ma\u00dfgeschneidertes Web-Portal, um weltweit von einer Reihe von Standorten aus auf seine Dateien zuzugreifen. Zudem m\u00fcssen die Fotos mit wichtigen Informationen wie Produktname, SKU-Nummer und der Region markiert werden.<\/p>\n<p>Um dies zu verwirklichen, brauchten Sandbox ein System, mit dem das Team die Bilder im Paket hochladen und verschlagworten sowie Zugriffsrechte verwalten konnte, und das zudem weitere Collaboration-Tools bot.<\/p>\n<p>&nbsp;<\/p>\n<p><img loading=\"lazy\" decoding=\"async\" class=\"aligncenter wp-image-7348 size-full\" src=\"http:\/\/www.modula4.com\/wp-content\/uploads\/Sandbox-Case-Study.png\" alt=\"Sandbox Case Study\" width=\"743\" height=\"527\" srcset=\"https:\/\/www.modula4.com\/wp-content\/uploads\/Sandbox-Case-Study.png 743w, https:\/\/www.modula4.com\/wp-content\/uploads\/Sandbox-Case-Study-150x106.png 150w, https:\/\/www.modula4.com\/wp-content\/uploads\/Sandbox-Case-Study-282x200.png 282w, https:\/\/www.modula4.com\/wp-content\/uploads\/Sandbox-Case-Study-510x362.png 510w, https:\/\/www.modula4.com\/wp-content\/uploads\/Sandbox-Case-Study-371x263.png 371w\" sizes=\"auto, (max-width: 743px) 100vw, 743px\" \/><br \/>\n<strong>L\u00f6sung<\/strong><br \/>\nModula4 konfigurierte f\u00fcr Sandbox Studios ein System, mit dem sie die von ihnen erstellten Bilder verwalten und ihren Kunden \u00fcber indivudell eingerichtete Web-Portale zug\u00e4nglich machen konnten. Mit dem Web Module von Modula4 kann Sandbox Studios seine Dateien blitzschnell hochladen, \u00fcberpr\u00fcfen und sie mit Informationen taggen, gleich w\u00e4hrend des Uploads oder auch im Nachhinein. Mit dem Multisite Add-On f\u00fcrs Web Module kann Sandbox dann jedem einzelnen Kunden die Dateien in einem eigens f\u00fcr ihn gebrandeten Web-Portal mit individueller URL zur Verf\u00fcgung stellen. Die Kunden nutzen ihr Web-Portal, um die von Sandbox erstellten Bilder zu pr\u00fcfen und ihren Mitarbeitern und Partnern f\u00fcr eine Vielzahl von Nutzungsm\u00f6glichkeiten zur Verf\u00fcgung zu stellen. Ein restriktives Rechtemanagement stellt sicher, dass jeder Benutzer nur auf jene Bilder zugreifen kann, die er tats\u00e4chlich ben\u00f6tigt, und auch nur solche Aufgaben ausf\u00fchren kann, zu denen er berechtigt ist (z.B. ansehen, teilen, herunterladen). Die Rechte k\u00f6nnen aktiviert oder deaktiviert werden, je nach Bed\u00fcrfnis des Kunden. Das Back-End wird von Canto Cumulus, einer leistungsf\u00e4higen Datenbank zur Verwaltung von Bildern und anderen digitalen Inhalten, gestellt.<\/p>\n<p>&nbsp;<\/p>\n<p><strong><em>\u201eIch kenne kein anderes Produkt auf dem Markt, das die gleiche Funktionalit\u00e4t und Flexibilit\u00e4t bietet wie das Web Module von Modula4. Unsere Firma hat jetzt die M\u00f6glichkeit, f\u00fcr jede Webseite, die wir hosten, nicht nur Look and Feel sondern auch die Funktionalit\u00e4t individuell den Kundenw\u00fcnschen anzupassen. Dar\u00fcber war die Arbeit mit dem Team von Modula4 ist sehr unkompliziert und auf all unsere W\u00fcnschen wurde eingegangen.\u201c<\/em><\/strong><\/p>\n<p style=\"text-align: right;\">\u2014 Heather Gulyash, Digital Asset Manager at Sandbox Studios<\/p>\n<p>&nbsp;<\/p>\n<p><strong>Ergebnis<\/strong><br \/>\nSandbox Studios kann nun seine Bilder intern verwalten und den Kunden schnell und einfach zug\u00e4nglich machen. Mit dem Web Module und Multisite ist Sandbox Studios in der Lage, seinen Kunden nicht nur erstklassige Bilder zu liefern, sondern stellt ihnen diese in individuell gebrandeten Web-Portale zur Verf\u00fcgung, so dass sie von Mitarbeitern und Partnern weltweit gemeinsam genutzt werden k\u00f6nnen. Dies schafft eine positive Kundenerfahrung und hilft Sandbox Studios, sich von anderen Agenturen als f\u00fchrendes Full-Service Fotografie- und Produktionsstudio abzusetzen.<\/p>\n<p><a href=\"http:\/\/www.modula4.com\/wp-content\/uploads\/Modula4_Sandbox-Case-Study.pdf\" target=\"_blank\" rel=\"noopener noreferrer\">Hier<\/a> k\u00f6nnen Sie eine PDF-Version dieser Fallstudie herunterladen<\/p>\n<p>Erfahren Sie mehr \u00fcb <a title=\"Multisite\" href=\"http:\/\/www.modula4.com\/de\/produkte\/modula4-produkte\/multisite\/\">Multisite<\/a> f\u00fcrs Web Module von Modula4.<\/p>\n<p><a href=\"http:\/\/www.modula4.com\/de\/kontakt\/\">Kontaktieren Sie<\/a> Modula4, um eine Demo zu planen.<\/p>\n","protected":false},"excerpt":{"rendered":"<p>Sandbox Studios erstellt f\u00fcr Kunden individualisierte Web-Portale mit Modula4s Multisite Kunde: Sandbox Studio Eingesetzte Produkte: Modula4 Web Moduel mit Multisite, Canto Cumulus Sandbox Studios ist eine Full-Service Fotografie- und Produktionsstudio mit B\u00fcros in New York, San Francisco und Los Angeles. Sie produzieren visuelle Inhalte von Weltklasse f\u00fcr eine beneidenswerte Liste von Kunden, darunter Michael Kors, <a class=\"read-more\" href=\"https:\/\/www.modula4.com\/de\/unsere-kunden\/kunden-case-studies\/case-study-sandbox-studio-creates-customized-web-portals-clients-using-multisite-modula4\/\">&#8230; &nbsp;Weiterlesen &gt;<\/a><\/p>\n","protected":false},"author":2,"featured_media":0,"parent":5975,"menu_order":1,"comment_status":"closed","ping_status":"closed","template":"","meta":{"_monsterinsights_skip_tracking":false,"_monsterinsights_sitenote_active":false,"_monsterinsights_sitenote_note":"","_monsterinsights_sitenote_category":0,"footnotes":""},"class_list":["post-7373","page","type-page","status-publish","hentry"],"yoast_head":"<!-- This site is optimized with the Yoast SEO Premium plugin v26.4 (Yoast SEO v27.4) - https:\/\/yoast.com\/product\/yoast-seo-premium-wordpress\/ -->\n<title>Sandbox Studios - Modula4<\/title>\n<meta name=\"robots\" content=\"index, follow, max-snippet:-1, max-image-preview:large, max-video-preview:-1\" \/>\n<link rel=\"canonical\" href=\"https:\/\/www.modula4.com\/de\/unsere-kunden\/kunden-case-studies\/case-study-sandbox-studio-creates-customized-web-portals-clients-using-multisite-modula4\/\" \/>\n<meta property=\"og:locale\" content=\"de_DE\" \/>\n<meta property=\"og:type\" content=\"article\" \/>\n<meta property=\"og:title\" content=\"Sandbox Studios\" \/>\n<meta property=\"og:description\" content=\"Sandbox Studios erstellt f\u00fcr Kunden individualisierte Web-Portale mit Modula4s Multisite Kunde: Sandbox Studio Eingesetzte Produkte: Modula4 Web Moduel mit Multisite, Canto Cumulus Sandbox Studios ist eine Full-Service Fotografie- und Produktionsstudio mit B\u00fcros in New York, San Francisco und Los Angeles. Sie produzieren visuelle Inhalte von Weltklasse f\u00fcr eine beneidenswerte Liste von Kunden, darunter Michael Kors, ... &nbsp;Weiterlesen &gt;\" \/>\n<meta property=\"og:url\" content=\"https:\/\/www.modula4.com\/de\/unsere-kunden\/kunden-case-studies\/case-study-sandbox-studio-creates-customized-web-portals-clients-using-multisite-modula4\/\" \/>\n<meta property=\"og:site_name\" content=\"Modula4\" \/>\n<meta property=\"article:publisher\" content=\"https:\/\/www.linkedin.com\/company\/modula4\/\" \/>\n<meta property=\"article:modified_time\" content=\"2020-08-12T07:16:43+00:00\" \/>\n<meta property=\"og:image\" content=\"http:\/\/www.modula4.com\/wp-content\/uploads\/Sandbox-Case-Study.png\" \/>\n<meta name=\"twitter:label1\" content=\"Gesch\u00e4tzte Lesezeit\" \/>\n\t<meta name=\"twitter:data1\" content=\"3\u00a0Minuten\" \/>\n<script type=\"application\/ld+json\" class=\"yoast-schema-graph\">{\"@context\":\"https:\\\/\\\/schema.org\",\"@graph\":[{\"@type\":\"WebPage\",\"@id\":\"https:\\\/\\\/www.modula4.com\\\/de\\\/unsere-kunden\\\/kunden-case-studies\\\/case-study-sandbox-studio-creates-customized-web-portals-clients-using-multisite-modula4\\\/\",\"url\":\"https:\\\/\\\/www.modula4.com\\\/de\\\/unsere-kunden\\\/kunden-case-studies\\\/case-study-sandbox-studio-creates-customized-web-portals-clients-using-multisite-modula4\\\/\",\"name\":\"Sandbox Studios - Modula4\",\"isPartOf\":{\"@id\":\"https:\\\/\\\/www.modula4.com\\\/#website\"},\"primaryImageOfPage\":{\"@id\":\"https:\\\/\\\/www.modula4.com\\\/de\\\/unsere-kunden\\\/kunden-case-studies\\\/case-study-sandbox-studio-creates-customized-web-portals-clients-using-multisite-modula4\\\/#primaryimage\"},\"image\":{\"@id\":\"https:\\\/\\\/www.modula4.com\\\/de\\\/unsere-kunden\\\/kunden-case-studies\\\/case-study-sandbox-studio-creates-customized-web-portals-clients-using-multisite-modula4\\\/#primaryimage\"},\"thumbnailUrl\":\"http:\\\/\\\/www.modula4.com\\\/wp-content\\\/uploads\\\/Sandbox-Case-Study.png\",\"datePublished\":\"2015-01-05T20:44:37+00:00\",\"dateModified\":\"2020-08-12T07:16:43+00:00\",\"breadcrumb\":{\"@id\":\"https:\\\/\\\/www.modula4.com\\\/de\\\/unsere-kunden\\\/kunden-case-studies\\\/case-study-sandbox-studio-creates-customized-web-portals-clients-using-multisite-modula4\\\/#breadcrumb\"},\"inLanguage\":\"de\",\"potentialAction\":[{\"@type\":\"ReadAction\",\"target\":[\"https:\\\/\\\/www.modula4.com\\\/de\\\/unsere-kunden\\\/kunden-case-studies\\\/case-study-sandbox-studio-creates-customized-web-portals-clients-using-multisite-modula4\\\/\"]}]},{\"@type\":\"ImageObject\",\"inLanguage\":\"de\",\"@id\":\"https:\\\/\\\/www.modula4.com\\\/de\\\/unsere-kunden\\\/kunden-case-studies\\\/case-study-sandbox-studio-creates-customized-web-portals-clients-using-multisite-modula4\\\/#primaryimage\",\"url\":\"http:\\\/\\\/www.modula4.com\\\/wp-content\\\/uploads\\\/Sandbox-Case-Study.png\",\"contentUrl\":\"http:\\\/\\\/www.modula4.com\\\/wp-content\\\/uploads\\\/Sandbox-Case-Study.png\"},{\"@type\":\"BreadcrumbList\",\"@id\":\"https:\\\/\\\/www.modula4.com\\\/de\\\/unsere-kunden\\\/kunden-case-studies\\\/case-study-sandbox-studio-creates-customized-web-portals-clients-using-multisite-modula4\\\/#breadcrumb\",\"itemListElement\":[{\"@type\":\"ListItem\",\"position\":1,\"name\":\"Home\",\"item\":\"https:\\\/\\\/www.modula4.com\\\/de\\\/\"},{\"@type\":\"ListItem\",\"position\":2,\"name\":\"Unsere Kunden\",\"item\":\"https:\\\/\\\/www.modula4.com\\\/de\\\/unsere-kunden\\\/\"},{\"@type\":\"ListItem\",\"position\":3,\"name\":\"Case Studies\",\"item\":\"https:\\\/\\\/www.modula4.com\\\/de\\\/unsere-kunden\\\/kunden-case-studies\\\/\"},{\"@type\":\"ListItem\",\"position\":4,\"name\":\"Sandbox Studios\"}]},{\"@type\":\"WebSite\",\"@id\":\"https:\\\/\\\/www.modula4.com\\\/#website\",\"url\":\"https:\\\/\\\/www.modula4.com\\\/\",\"name\":\"Modula4\",\"description\":\"Dedicated Experts. Complete Solutions. Real Results.\",\"publisher\":{\"@id\":\"https:\\\/\\\/www.modula4.com\\\/#organization\"},\"potentialAction\":[{\"@type\":\"SearchAction\",\"target\":{\"@type\":\"EntryPoint\",\"urlTemplate\":\"https:\\\/\\\/www.modula4.com\\\/?s={search_term_string}\"},\"query-input\":{\"@type\":\"PropertyValueSpecification\",\"valueRequired\":true,\"valueName\":\"search_term_string\"}}],\"inLanguage\":\"de\"},{\"@type\":\"Organization\",\"@id\":\"https:\\\/\\\/www.modula4.com\\\/#organization\",\"name\":\"Modula4\",\"url\":\"https:\\\/\\\/www.modula4.com\\\/\",\"logo\":{\"@type\":\"ImageObject\",\"inLanguage\":\"de\",\"@id\":\"https:\\\/\\\/www.modula4.com\\\/#\\\/schema\\\/logo\\\/image\\\/\",\"url\":\"https:\\\/\\\/www.modula4.com\\\/wp-content\\\/uploads\\\/M4-Logo-rgb.png\",\"contentUrl\":\"https:\\\/\\\/www.modula4.com\\\/wp-content\\\/uploads\\\/M4-Logo-rgb.png\",\"width\":190,\"height\":42,\"caption\":\"Modula4\"},\"image\":{\"@id\":\"https:\\\/\\\/www.modula4.com\\\/#\\\/schema\\\/logo\\\/image\\\/\"},\"sameAs\":[\"https:\\\/\\\/www.linkedin.com\\\/company\\\/modula4\\\/\"]}]}<\/script>\n<!-- \/ Yoast SEO Premium plugin. -->","yoast_head_json":{"title":"Sandbox Studios - Modula4","robots":{"index":"index","follow":"follow","max-snippet":"max-snippet:-1","max-image-preview":"max-image-preview:large","max-video-preview":"max-video-preview:-1"},"canonical":"https:\/\/www.modula4.com\/de\/unsere-kunden\/kunden-case-studies\/case-study-sandbox-studio-creates-customized-web-portals-clients-using-multisite-modula4\/","og_locale":"de_DE","og_type":"article","og_title":"Sandbox Studios","og_description":"Sandbox Studios erstellt f\u00fcr Kunden individualisierte Web-Portale mit Modula4s Multisite Kunde: Sandbox Studio Eingesetzte Produkte: Modula4 Web Moduel mit Multisite, Canto Cumulus Sandbox Studios ist eine Full-Service Fotografie- und Produktionsstudio mit B\u00fcros in New York, San Francisco und Los Angeles. Sie produzieren visuelle Inhalte von Weltklasse f\u00fcr eine beneidenswerte Liste von Kunden, darunter Michael Kors, ... &nbsp;Weiterlesen &gt;","og_url":"https:\/\/www.modula4.com\/de\/unsere-kunden\/kunden-case-studies\/case-study-sandbox-studio-creates-customized-web-portals-clients-using-multisite-modula4\/","og_site_name":"Modula4","article_publisher":"https:\/\/www.linkedin.com\/company\/modula4\/","article_modified_time":"2020-08-12T07:16:43+00:00","og_image":[{"url":"http:\/\/www.modula4.com\/wp-content\/uploads\/Sandbox-Case-Study.png","type":"","width":"","height":""}],"twitter_misc":{"Gesch\u00e4tzte Lesezeit":"3\u00a0Minuten"},"schema":{"@context":"https:\/\/schema.org","@graph":[{"@type":"WebPage","@id":"https:\/\/www.modula4.com\/de\/unsere-kunden\/kunden-case-studies\/case-study-sandbox-studio-creates-customized-web-portals-clients-using-multisite-modula4\/","url":"https:\/\/www.modula4.com\/de\/unsere-kunden\/kunden-case-studies\/case-study-sandbox-studio-creates-customized-web-portals-clients-using-multisite-modula4\/","name":"Sandbox Studios - Modula4","isPartOf":{"@id":"https:\/\/www.modula4.com\/#website"},"primaryImageOfPage":{"@id":"https:\/\/www.modula4.com\/de\/unsere-kunden\/kunden-case-studies\/case-study-sandbox-studio-creates-customized-web-portals-clients-using-multisite-modula4\/#primaryimage"},"image":{"@id":"https:\/\/www.modula4.com\/de\/unsere-kunden\/kunden-case-studies\/case-study-sandbox-studio-creates-customized-web-portals-clients-using-multisite-modula4\/#primaryimage"},"thumbnailUrl":"http:\/\/www.modula4.com\/wp-content\/uploads\/Sandbox-Case-Study.png","datePublished":"2015-01-05T20:44:37+00:00","dateModified":"2020-08-12T07:16:43+00:00","breadcrumb":{"@id":"https:\/\/www.modula4.com\/de\/unsere-kunden\/kunden-case-studies\/case-study-sandbox-studio-creates-customized-web-portals-clients-using-multisite-modula4\/#breadcrumb"},"inLanguage":"de","potentialAction":[{"@type":"ReadAction","target":["https:\/\/www.modula4.com\/de\/unsere-kunden\/kunden-case-studies\/case-study-sandbox-studio-creates-customized-web-portals-clients-using-multisite-modula4\/"]}]},{"@type":"ImageObject","inLanguage":"de","@id":"https:\/\/www.modula4.com\/de\/unsere-kunden\/kunden-case-studies\/case-study-sandbox-studio-creates-customized-web-portals-clients-using-multisite-modula4\/#primaryimage","url":"http:\/\/www.modula4.com\/wp-content\/uploads\/Sandbox-Case-Study.png","contentUrl":"http:\/\/www.modula4.com\/wp-content\/uploads\/Sandbox-Case-Study.png"},{"@type":"BreadcrumbList","@id":"https:\/\/www.modula4.com\/de\/unsere-kunden\/kunden-case-studies\/case-study-sandbox-studio-creates-customized-web-portals-clients-using-multisite-modula4\/#breadcrumb","itemListElement":[{"@type":"ListItem","position":1,"name":"Home","item":"https:\/\/www.modula4.com\/de\/"},{"@type":"ListItem","position":2,"name":"Unsere Kunden","item":"https:\/\/www.modula4.com\/de\/unsere-kunden\/"},{"@type":"ListItem","position":3,"name":"Case Studies","item":"https:\/\/www.modula4.com\/de\/unsere-kunden\/kunden-case-studies\/"},{"@type":"ListItem","position":4,"name":"Sandbox Studios"}]},{"@type":"WebSite","@id":"https:\/\/www.modula4.com\/#website","url":"https:\/\/www.modula4.com\/","name":"Modula4","description":"Dedicated Experts. Complete Solutions. Real Results.","publisher":{"@id":"https:\/\/www.modula4.com\/#organization"},"potentialAction":[{"@type":"SearchAction","target":{"@type":"EntryPoint","urlTemplate":"https:\/\/www.modula4.com\/?s={search_term_string}"},"query-input":{"@type":"PropertyValueSpecification","valueRequired":true,"valueName":"search_term_string"}}],"inLanguage":"de"},{"@type":"Organization","@id":"https:\/\/www.modula4.com\/#organization","name":"Modula4","url":"https:\/\/www.modula4.com\/","logo":{"@type":"ImageObject","inLanguage":"de","@id":"https:\/\/www.modula4.com\/#\/schema\/logo\/image\/","url":"https:\/\/www.modula4.com\/wp-content\/uploads\/M4-Logo-rgb.png","contentUrl":"https:\/\/www.modula4.com\/wp-content\/uploads\/M4-Logo-rgb.png","width":190,"height":42,"caption":"Modula4"},"image":{"@id":"https:\/\/www.modula4.com\/#\/schema\/logo\/image\/"},"sameAs":["https:\/\/www.linkedin.com\/company\/modula4\/"]}]}},"_links":{"self":[{"href":"https:\/\/www.modula4.com\/de\/wp-json\/wp\/v2\/pages\/7373","targetHints":{"allow":["GET"]}}],"collection":[{"href":"https:\/\/www.modula4.com\/de\/wp-json\/wp\/v2\/pages"}],"about":[{"href":"https:\/\/www.modula4.com\/de\/wp-json\/wp\/v2\/types\/page"}],"author":[{"embeddable":true,"href":"https:\/\/www.modula4.com\/de\/wp-json\/wp\/v2\/users\/2"}],"replies":[{"embeddable":true,"href":"https:\/\/www.modula4.com\/de\/wp-json\/wp\/v2\/comments?post=7373"}],"version-history":[{"count":18,"href":"https:\/\/www.modula4.com\/de\/wp-json\/wp\/v2\/pages\/7373\/revisions"}],"predecessor-version":[{"id":10896,"href":"https:\/\/www.modula4.com\/de\/wp-json\/wp\/v2\/pages\/7373\/revisions\/10896"}],"up":[{"embeddable":true,"href":"https:\/\/www.modula4.com\/de\/wp-json\/wp\/v2\/pages\/5975"}],"wp:attachment":[{"href":"https:\/\/www.modula4.com\/de\/wp-json\/wp\/v2\/media?parent=7373"}],"curies":[{"name":"wp","href":"https:\/\/api.w.org\/{rel}","templated":true}]}}