{"id":7371,"date":"2014-09-16T12:34:04","date_gmt":"2014-09-16T19:34:04","guid":{"rendered":"http:\/\/www.modula4.com\/unsere-kunden\/kunden-case-studies\/case-study-benefit-cosmetics\/"},"modified":"2020-08-12T00:19:20","modified_gmt":"2020-08-12T07:19:20","slug":"case-study-benefit-cosmetics","status":"publish","type":"page","link":"https:\/\/www.modula4.com\/de\/unsere-kunden\/kunden-case-studies\/case-study-benefit-cosmetics\/","title":{"rendered":"Benefit Cosmetics"},"content":{"rendered":"<h2>Wie Benefit Cosmetics mit der Hilfe des Modula4 S3 Connectors f\u00fcr Cumulus Dateien schneller ausliefert<\/h2>\n<p><strong>Kunde:<\/strong> Benefit Cosmetics<br \/>\n<strong>Eingesetzte Produkte:<\/strong> Modula4 S3 Connector, Canto Cumulus<\/p>\n<p>Benefit Cosmetics ist eine internationale Kosmetikmarke. Sie wurde 1976 von den Zwillingsschwestern Jean und Jane Ford in San Francisco gegr\u00fcndet. Mit \u00fcber 900 Verkaufsst\u00e4nden in traditionellen Warenh\u00e4usern, 56 Boutiquen und mehr als 1.350 Sephora-Standorten ist Benefit Cosmetics eines der f\u00fchrenden Unternehmen in der Beauty-Branche, geleitet vom Mantra &#8222;Lachen ist die beste Kosmetik!&#8220;<\/p>\n<p><strong>Herausforderung<\/strong><br \/>\nBenefit Cosmetics nutzte Cumulus f\u00fcr die Verwaltung ihrer digitalen Assets f\u00fcr ihre weltweiten Niederlassungen. Dateien mussten global verteilt werden, unter ihnen gro\u00dfe Bild- und Grafikdateien f\u00fcr Point-of-Sale Displays. Bei mehr als 450 Benutzern weltweit, von denen sich 75% au\u00dferhalb der USA befanden, erlebten die Mitarbeiter von Benefit immer wieder extrem lange Download-Zeiten. So dauerte es, zum Beispiel, fast eine komplette Stunde, eine 100 MB gro\u00dfe Datei an einen Mitarbeiter in Asien zu senden. Die Produktivit\u00e4t und damit die Motivation der Mitarbeiter waren durch die langsame Download-Geschwindigkeit nachhaltig beeintr\u00e4chtig und die Akzeptanz des Digital-Asset-Management-Systems bei den Nutzern sank erheblich.<\/p>\n<p><img loading=\"lazy\" decoding=\"async\" class=\"aligncenter size-large wp-image-5835\" src=\"http:\/\/www.modula4.com\/wp-content\/uploads\/Benefit_S3_Modula4-468x362.png\" alt=\"Benefit_S3_Modula4\" width=\"468\" height=\"362\" srcset=\"https:\/\/www.modula4.com\/wp-content\/uploads\/Benefit_S3_Modula4-468x362.png 468w, https:\/\/www.modula4.com\/wp-content\/uploads\/Benefit_S3_Modula4-258x200.png 258w, https:\/\/www.modula4.com\/wp-content\/uploads\/Benefit_S3_Modula4.png 700w\" sizes=\"auto, (max-width: 468px) 100vw, 468px\" \/><\/p>\n<p><strong>L\u00f6sung<\/strong><br \/>\nBenefit Cosmetics mussten die Download-Zeiten f\u00fcr ihre internationalen Mitarbeiter drastisch reduzieren, um ein effektives DAM-System zu implementieren. Daher entschieden sich Benefit f\u00fcr Modula4 und ihren Amazon S3 Connector f\u00fcr Cumulus.<\/p>\n<p>Amazon S3 ist ein skalierbarer cloud-basierter Dienst mit weltweiten Datenzentren, der das Speichern und Abrufen von Fotos, Videos, Dokumenten und anderen Dateitypen zu jeder Zeit von jedem Ort aus erm\u00f6glicht. Marketingmitarbeiter k\u00f6nnen frei einen geeigneten S3-Standort w\u00e4hlen, um Dateien hochzuladen, und Benutzer k\u00f6nnen Dateien vom n\u00e4chstgelegenen Datenzentrum herunterladen. Jetzt befindet sich das Personal von Benefit Cosmetics immer in der N\u00e4he der Assets und kann so ben\u00f6tigte Dateien jederzeit schnell herunterladen.<\/p>\n<p><strong><em>\u201cSeitdem wir Modula4 S3 Connector installiert haben, haben sich die Download-Zeiten f\u00fcr all unsere weltweiten Standorte in betr\u00e4chtlichem Ausma\u00dfe reduziert. Eine gro\u00dfe Datei, die vorher knapp eine Stunde nach Asien brauchte, ben\u00f6tigt jetzt nur noch gut 3 Minuten. \u201d<\/em><\/strong><\/p>\n<p style=\"text-align: right;\">\u2014 Steve Kent, Digital Asset Manager bei Benefit Cosmetics<\/p>\n<p><strong>Ergebnisse<\/strong><br \/>\nMit dem S3 Connector kann das Marketingteam bei Benefit Cosmetics seine fertigen Dateien in die S3 Cloud hochladen, w\u00e4hrend unfertige Dateien lokal gespeichert werden. Dies vermeidet unn\u00f6tige Kosten f\u00fcr Speicherplatz und Bandbreite.<\/p>\n<p>Die Download-Zeiten haben sich in einigen F\u00e4llen auf ein Zehntel reduziert, und mehr als 65% der Downloads erfolgen durch die Amazon S3 Cloud. Die Akzeptanz bei den Nutzern des DAM-Systems hat sich ebenfalls deutlich erh\u00f6ht. Durch die Reduzierung der Download-Zeit hat sich die Produktivit\u00e4t der Mitarbeiter erh\u00f6ht und durch die Verwendung des Amazon S3 Connectors von Modula4 arbeitet die Belegschaft deutlich effektiver.<\/p>\n<p><a href=\"http:\/\/www.modula4.com\/wp-content\/uploads\/Modula4_Benefit-Cosmetics-Case-Study.pdf\" target=\"_blank\" rel=\"noopener noreferrer\">Hier<\/a> k\u00f6nnen Sie eine PDF-Version dieser Fallstudie herunterladen.<\/p>\n<p>Erfahren Sie mehr \u00fcber den <a href=\"http:\/\/www.modula4.com\/de\/produkte\/modula4-produkte\/s3-connector\/\">S3 Connector<\/a> von Modula4.<\/p>\n<p><a href=\"http:\/\/www.modula4.com\/de\/kontakt\/\">Kontaktieren<\/a> Sie Modula4, um eine Demo zu planen.<\/p>\n","protected":false},"excerpt":{"rendered":"<p>Wie Benefit Cosmetics mit der Hilfe des Modula4 S3 Connectors f\u00fcr Cumulus Dateien schneller ausliefert Kunde: Benefit Cosmetics Eingesetzte Produkte: Modula4 S3 Connector, Canto Cumulus Benefit Cosmetics ist eine internationale Kosmetikmarke. Sie wurde 1976 von den Zwillingsschwestern Jean und Jane Ford in San Francisco gegr\u00fcndet. Mit \u00fcber 900 Verkaufsst\u00e4nden in traditionellen Warenh\u00e4usern, 56 Boutiquen und <a class=\"read-more\" href=\"https:\/\/www.modula4.com\/de\/unsere-kunden\/kunden-case-studies\/case-study-benefit-cosmetics\/\">&#8230; &nbsp;Weiterlesen &gt;<\/a><\/p>\n","protected":false},"author":2,"featured_media":0,"parent":5975,"menu_order":0,"comment_status":"closed","ping_status":"closed","template":"","meta":{"_monsterinsights_skip_tracking":false,"_monsterinsights_sitenote_active":false,"_monsterinsights_sitenote_note":"","_monsterinsights_sitenote_category":0,"footnotes":""},"class_list":["post-7371","page","type-page","status-publish","hentry"],"yoast_head":"<!-- This site is optimized with the Yoast SEO Premium plugin v26.4 (Yoast SEO v27.6) - https:\/\/yoast.com\/product\/yoast-seo-premium-wordpress\/ -->\n<title>Benefit Cosmetics - Modula4<\/title>\n<meta name=\"robots\" content=\"index, follow, max-snippet:-1, max-image-preview:large, max-video-preview:-1\" \/>\n<link rel=\"canonical\" href=\"https:\/\/www.modula4.com\/de\/unsere-kunden\/kunden-case-studies\/case-study-benefit-cosmetics\/\" \/>\n<meta property=\"og:locale\" content=\"de_DE\" \/>\n<meta property=\"og:type\" content=\"article\" \/>\n<meta property=\"og:title\" content=\"Benefit Cosmetics\" \/>\n<meta property=\"og:description\" content=\"Wie Benefit Cosmetics mit der Hilfe des Modula4 S3 Connectors f\u00fcr Cumulus Dateien schneller ausliefert Kunde: Benefit Cosmetics Eingesetzte Produkte: Modula4 S3 Connector, Canto Cumulus Benefit Cosmetics ist eine internationale Kosmetikmarke. Sie wurde 1976 von den Zwillingsschwestern Jean und Jane Ford in San Francisco gegr\u00fcndet. Mit \u00fcber 900 Verkaufsst\u00e4nden in traditionellen Warenh\u00e4usern, 56 Boutiquen und ... &nbsp;Weiterlesen &gt;\" \/>\n<meta property=\"og:url\" content=\"https:\/\/www.modula4.com\/de\/unsere-kunden\/kunden-case-studies\/case-study-benefit-cosmetics\/\" \/>\n<meta property=\"og:site_name\" content=\"Modula4\" \/>\n<meta property=\"article:publisher\" content=\"https:\/\/www.linkedin.com\/company\/modula4\/\" \/>\n<meta property=\"article:modified_time\" content=\"2020-08-12T07:19:20+00:00\" \/>\n<meta property=\"og:image\" content=\"http:\/\/www.modula4.com\/wp-content\/uploads\/Benefit_S3_Modula4-468x362.png\" \/>\n<meta name=\"twitter:label1\" content=\"Gesch\u00e4tzte Lesezeit\" \/>\n\t<meta name=\"twitter:data1\" content=\"2\u00a0Minuten\" \/>\n<script type=\"application\/ld+json\" class=\"yoast-schema-graph\">{\"@context\":\"https:\\\/\\\/schema.org\",\"@graph\":[{\"@type\":\"WebPage\",\"@id\":\"https:\\\/\\\/www.modula4.com\\\/de\\\/unsere-kunden\\\/kunden-case-studies\\\/case-study-benefit-cosmetics\\\/\",\"url\":\"https:\\\/\\\/www.modula4.com\\\/de\\\/unsere-kunden\\\/kunden-case-studies\\\/case-study-benefit-cosmetics\\\/\",\"name\":\"Benefit Cosmetics - Modula4\",\"isPartOf\":{\"@id\":\"https:\\\/\\\/www.modula4.com\\\/#website\"},\"primaryImageOfPage\":{\"@id\":\"https:\\\/\\\/www.modula4.com\\\/de\\\/unsere-kunden\\\/kunden-case-studies\\\/case-study-benefit-cosmetics\\\/#primaryimage\"},\"image\":{\"@id\":\"https:\\\/\\\/www.modula4.com\\\/de\\\/unsere-kunden\\\/kunden-case-studies\\\/case-study-benefit-cosmetics\\\/#primaryimage\"},\"thumbnailUrl\":\"http:\\\/\\\/www.modula4.com\\\/wp-content\\\/uploads\\\/Benefit_S3_Modula4-468x362.png\",\"datePublished\":\"2014-09-16T19:34:04+00:00\",\"dateModified\":\"2020-08-12T07:19:20+00:00\",\"breadcrumb\":{\"@id\":\"https:\\\/\\\/www.modula4.com\\\/de\\\/unsere-kunden\\\/kunden-case-studies\\\/case-study-benefit-cosmetics\\\/#breadcrumb\"},\"inLanguage\":\"de\",\"potentialAction\":[{\"@type\":\"ReadAction\",\"target\":[\"https:\\\/\\\/www.modula4.com\\\/de\\\/unsere-kunden\\\/kunden-case-studies\\\/case-study-benefit-cosmetics\\\/\"]}]},{\"@type\":\"ImageObject\",\"inLanguage\":\"de\",\"@id\":\"https:\\\/\\\/www.modula4.com\\\/de\\\/unsere-kunden\\\/kunden-case-studies\\\/case-study-benefit-cosmetics\\\/#primaryimage\",\"url\":\"http:\\\/\\\/www.modula4.com\\\/wp-content\\\/uploads\\\/Benefit_S3_Modula4-468x362.png\",\"contentUrl\":\"http:\\\/\\\/www.modula4.com\\\/wp-content\\\/uploads\\\/Benefit_S3_Modula4-468x362.png\"},{\"@type\":\"BreadcrumbList\",\"@id\":\"https:\\\/\\\/www.modula4.com\\\/de\\\/unsere-kunden\\\/kunden-case-studies\\\/case-study-benefit-cosmetics\\\/#breadcrumb\",\"itemListElement\":[{\"@type\":\"ListItem\",\"position\":1,\"name\":\"Home\",\"item\":\"https:\\\/\\\/www.modula4.com\\\/de\\\/\"},{\"@type\":\"ListItem\",\"position\":2,\"name\":\"Unsere Kunden\",\"item\":\"https:\\\/\\\/www.modula4.com\\\/de\\\/unsere-kunden\\\/\"},{\"@type\":\"ListItem\",\"position\":3,\"name\":\"Case Studies\",\"item\":\"https:\\\/\\\/www.modula4.com\\\/de\\\/unsere-kunden\\\/kunden-case-studies\\\/\"},{\"@type\":\"ListItem\",\"position\":4,\"name\":\"Benefit Cosmetics\"}]},{\"@type\":\"WebSite\",\"@id\":\"https:\\\/\\\/www.modula4.com\\\/#website\",\"url\":\"https:\\\/\\\/www.modula4.com\\\/\",\"name\":\"Modula4\",\"description\":\"Dedicated Experts. Complete Solutions. Real Results.\",\"publisher\":{\"@id\":\"https:\\\/\\\/www.modula4.com\\\/#organization\"},\"potentialAction\":[{\"@type\":\"SearchAction\",\"target\":{\"@type\":\"EntryPoint\",\"urlTemplate\":\"https:\\\/\\\/www.modula4.com\\\/?s={search_term_string}\"},\"query-input\":{\"@type\":\"PropertyValueSpecification\",\"valueRequired\":true,\"valueName\":\"search_term_string\"}}],\"inLanguage\":\"de\"},{\"@type\":\"Organization\",\"@id\":\"https:\\\/\\\/www.modula4.com\\\/#organization\",\"name\":\"Modula4\",\"url\":\"https:\\\/\\\/www.modula4.com\\\/\",\"logo\":{\"@type\":\"ImageObject\",\"inLanguage\":\"de\",\"@id\":\"https:\\\/\\\/www.modula4.com\\\/#\\\/schema\\\/logo\\\/image\\\/\",\"url\":\"https:\\\/\\\/www.modula4.com\\\/wp-content\\\/uploads\\\/M4-Logo-rgb.png\",\"contentUrl\":\"https:\\\/\\\/www.modula4.com\\\/wp-content\\\/uploads\\\/M4-Logo-rgb.png\",\"width\":190,\"height\":42,\"caption\":\"Modula4\"},\"image\":{\"@id\":\"https:\\\/\\\/www.modula4.com\\\/#\\\/schema\\\/logo\\\/image\\\/\"},\"sameAs\":[\"https:\\\/\\\/www.linkedin.com\\\/company\\\/modula4\\\/\"]}]}<\/script>\n<!-- \/ Yoast SEO Premium plugin. -->","yoast_head_json":{"title":"Benefit Cosmetics - Modula4","robots":{"index":"index","follow":"follow","max-snippet":"max-snippet:-1","max-image-preview":"max-image-preview:large","max-video-preview":"max-video-preview:-1"},"canonical":"https:\/\/www.modula4.com\/de\/unsere-kunden\/kunden-case-studies\/case-study-benefit-cosmetics\/","og_locale":"de_DE","og_type":"article","og_title":"Benefit Cosmetics","og_description":"Wie Benefit Cosmetics mit der Hilfe des Modula4 S3 Connectors f\u00fcr Cumulus Dateien schneller ausliefert Kunde: Benefit Cosmetics Eingesetzte Produkte: Modula4 S3 Connector, Canto Cumulus Benefit Cosmetics ist eine internationale Kosmetikmarke. Sie wurde 1976 von den Zwillingsschwestern Jean und Jane Ford in San Francisco gegr\u00fcndet. Mit \u00fcber 900 Verkaufsst\u00e4nden in traditionellen Warenh\u00e4usern, 56 Boutiquen und ... &nbsp;Weiterlesen &gt;","og_url":"https:\/\/www.modula4.com\/de\/unsere-kunden\/kunden-case-studies\/case-study-benefit-cosmetics\/","og_site_name":"Modula4","article_publisher":"https:\/\/www.linkedin.com\/company\/modula4\/","article_modified_time":"2020-08-12T07:19:20+00:00","og_image":[{"url":"http:\/\/www.modula4.com\/wp-content\/uploads\/Benefit_S3_Modula4-468x362.png","type":"","width":"","height":""}],"twitter_misc":{"Gesch\u00e4tzte Lesezeit":"2\u00a0Minuten"},"schema":{"@context":"https:\/\/schema.org","@graph":[{"@type":"WebPage","@id":"https:\/\/www.modula4.com\/de\/unsere-kunden\/kunden-case-studies\/case-study-benefit-cosmetics\/","url":"https:\/\/www.modula4.com\/de\/unsere-kunden\/kunden-case-studies\/case-study-benefit-cosmetics\/","name":"Benefit Cosmetics - Modula4","isPartOf":{"@id":"https:\/\/www.modula4.com\/#website"},"primaryImageOfPage":{"@id":"https:\/\/www.modula4.com\/de\/unsere-kunden\/kunden-case-studies\/case-study-benefit-cosmetics\/#primaryimage"},"image":{"@id":"https:\/\/www.modula4.com\/de\/unsere-kunden\/kunden-case-studies\/case-study-benefit-cosmetics\/#primaryimage"},"thumbnailUrl":"http:\/\/www.modula4.com\/wp-content\/uploads\/Benefit_S3_Modula4-468x362.png","datePublished":"2014-09-16T19:34:04+00:00","dateModified":"2020-08-12T07:19:20+00:00","breadcrumb":{"@id":"https:\/\/www.modula4.com\/de\/unsere-kunden\/kunden-case-studies\/case-study-benefit-cosmetics\/#breadcrumb"},"inLanguage":"de","potentialAction":[{"@type":"ReadAction","target":["https:\/\/www.modula4.com\/de\/unsere-kunden\/kunden-case-studies\/case-study-benefit-cosmetics\/"]}]},{"@type":"ImageObject","inLanguage":"de","@id":"https:\/\/www.modula4.com\/de\/unsere-kunden\/kunden-case-studies\/case-study-benefit-cosmetics\/#primaryimage","url":"http:\/\/www.modula4.com\/wp-content\/uploads\/Benefit_S3_Modula4-468x362.png","contentUrl":"http:\/\/www.modula4.com\/wp-content\/uploads\/Benefit_S3_Modula4-468x362.png"},{"@type":"BreadcrumbList","@id":"https:\/\/www.modula4.com\/de\/unsere-kunden\/kunden-case-studies\/case-study-benefit-cosmetics\/#breadcrumb","itemListElement":[{"@type":"ListItem","position":1,"name":"Home","item":"https:\/\/www.modula4.com\/de\/"},{"@type":"ListItem","position":2,"name":"Unsere Kunden","item":"https:\/\/www.modula4.com\/de\/unsere-kunden\/"},{"@type":"ListItem","position":3,"name":"Case Studies","item":"https:\/\/www.modula4.com\/de\/unsere-kunden\/kunden-case-studies\/"},{"@type":"ListItem","position":4,"name":"Benefit Cosmetics"}]},{"@type":"WebSite","@id":"https:\/\/www.modula4.com\/#website","url":"https:\/\/www.modula4.com\/","name":"Modula4","description":"Dedicated Experts. Complete Solutions. Real Results.","publisher":{"@id":"https:\/\/www.modula4.com\/#organization"},"potentialAction":[{"@type":"SearchAction","target":{"@type":"EntryPoint","urlTemplate":"https:\/\/www.modula4.com\/?s={search_term_string}"},"query-input":{"@type":"PropertyValueSpecification","valueRequired":true,"valueName":"search_term_string"}}],"inLanguage":"de"},{"@type":"Organization","@id":"https:\/\/www.modula4.com\/#organization","name":"Modula4","url":"https:\/\/www.modula4.com\/","logo":{"@type":"ImageObject","inLanguage":"de","@id":"https:\/\/www.modula4.com\/#\/schema\/logo\/image\/","url":"https:\/\/www.modula4.com\/wp-content\/uploads\/M4-Logo-rgb.png","contentUrl":"https:\/\/www.modula4.com\/wp-content\/uploads\/M4-Logo-rgb.png","width":190,"height":42,"caption":"Modula4"},"image":{"@id":"https:\/\/www.modula4.com\/#\/schema\/logo\/image\/"},"sameAs":["https:\/\/www.linkedin.com\/company\/modula4\/"]}]}},"_links":{"self":[{"href":"https:\/\/www.modula4.com\/de\/wp-json\/wp\/v2\/pages\/7371","targetHints":{"allow":["GET"]}}],"collection":[{"href":"https:\/\/www.modula4.com\/de\/wp-json\/wp\/v2\/pages"}],"about":[{"href":"https:\/\/www.modula4.com\/de\/wp-json\/wp\/v2\/types\/page"}],"author":[{"embeddable":true,"href":"https:\/\/www.modula4.com\/de\/wp-json\/wp\/v2\/users\/2"}],"replies":[{"embeddable":true,"href":"https:\/\/www.modula4.com\/de\/wp-json\/wp\/v2\/comments?post=7371"}],"version-history":[{"count":11,"href":"https:\/\/www.modula4.com\/de\/wp-json\/wp\/v2\/pages\/7371\/revisions"}],"predecessor-version":[{"id":10897,"href":"https:\/\/www.modula4.com\/de\/wp-json\/wp\/v2\/pages\/7371\/revisions\/10897"}],"up":[{"embeddable":true,"href":"https:\/\/www.modula4.com\/de\/wp-json\/wp\/v2\/pages\/5975"}],"wp:attachment":[{"href":"https:\/\/www.modula4.com\/de\/wp-json\/wp\/v2\/media?parent=7371"}],"curies":[{"name":"wp","href":"https:\/\/api.w.org\/{rel}","templated":true}]}}