{"id":7231,"date":"2014-12-30T01:35:01","date_gmt":"2014-12-30T09:35:01","guid":{"rendered":"http:\/\/www.modula4.com\/?page_id=7231"},"modified":"2017-02-14T04:19:42","modified_gmt":"2017-02-14T12:19:42","slug":"ui-ux-designer-2","status":"publish","type":"page","link":"https:\/\/www.modula4.com\/de\/uber-uns\/karriere\/ui-ux-designer-2\/","title":{"rendered":"UI \/ UX Designer"},"content":{"rendered":"<p><strong>Einsatzort: Berlin, Deutschland, oder San Rafael, CA, USA<\/strong><\/p>\n<p>Modula4, ein f\u00fchrender Anbieter von Digital Asset Management und Publishing Workflow L\u00f6sungen, sucht einen UI \/ UX-Designer f\u00fcr seine Niederlassungen in Berlin oder San Rafael, Kalifornien.<\/p>\n<p>Wir sind ein kleines, dynamisches Unternehmen, das kundenspezifische Medien-Management und Workflow-L\u00f6sungen f\u00fcr eine breite Palette von Blue-Chip Kunden wie NASA, Stanford University, NVIDIA, Disney und viele mehr bietet. Sie arbeiten in flexiblen Teams f\u00fcr eine Vielzahl von Projekten an der Gestaltung der Front-End-UI f\u00fcr Software-Anpassungen sowie f\u00fcr Produkte, die unsere Kunden bei der Verwaltung und Verteilung ihrer Bilder, Videos, Layouts und Dokumente unterst\u00fctzen. Dar\u00fcber hinaus entwerfen und zu aktualisieren Sie unsere Marketingmaterialien, Marken Elemente und die Unternehmens-Website.<\/p>\n<p>Zu Ihren Aufgaben geh\u00f6rt:<\/p>\n<ul>\n<li>Erarbeitung und Dokumentation kundenspezifischer UI \/ UX Anforderungen in Zusammenarbeit mit dem Kunden<\/li>\n<li>Anpassung der Anforderungen an die vorhandenen Systemvoraussetzungen<\/li>\n<li>Erstellung von Design-Skizzen und Prototypen anhand von Kundenvorgaben<\/li>\n<li>Umsetzung des UI \/ UX Designs (HTML, CSS, m\u00f6glicherweise JS)<\/li>\n<li>Sie sind die Schnittstelle zwischen dem Kunden und den Modula4 Technikern und stellen sicher, dass Anforderungen verstanden und umgesetzt werden<\/li>\n<li>Entwerfen von Symbolen und Grafiken<\/li>\n<li>Pflege und Aktualisierung des Designs f\u00fcr die Unternehmens-Website, des Produkt-Branding und Marketingmaterials<\/li>\n<\/ul>\n<p>Erforderliche Design-Kompetenz und Erfahrung:<\/p>\n<ul>\n<li>User Interface Design f\u00fcr eine breite Palette von Anforderungen<\/li>\n<li>Die F\u00e4higkeit, Designs mit xHTML und CSS umsetzen<\/li>\n<li>Erfahrung in der Zusammenarbeit mit Programmierer-Teams bei der Umsetzung von Designs in technisch komplexen Systemen<\/li>\n<li>Grafik Design<\/li>\n<\/ul>\n<p>Nachweis professioneller Kenntnisse und F\u00e4higkeiten in den folgenden Sprachen \/ Tools:<\/p>\n<ul>\n<li>xHTML \/ CSS<\/li>\n<li>InDesign \/ Illustrator \/ Photoshop<\/li>\n<\/ul>\n<p>Bevorzugte zus\u00e4tzliche Fertigkeiten:<\/p>\n<ul>\n<li>JS<\/li>\n<li>XML \/ XSL<\/li>\n<li>Print-Produktionen<\/li>\n<li>Video Erstellung und Bearbeitung<\/li>\n<li>Deutsch und Englisch flie\u00dfend in Wort und Schrift<\/li>\n<\/ul>\n<p>Weitere Anforderungen:<\/p>\n<ul>\n<li>Ein Online-Portfolio, das eine Vielfalt von UI \/ UX Arbeit, Web Programmierungen und Print Designs zeigt<\/li>\n<li>Hochschulabschluss im Designbereich oder gleichwertige Berufserfahrung<\/li>\n<li>Mindestens 2 Jahre Berufserfahrung<\/li>\n<li>Mindestens 3 ausgezeichnete Referenzen<\/li>\n<li>Guter Zuh\u00f6rer: Sie sind in der Lage, dem Kunden aufmerksam zuzuh\u00f6ren und ihn zu verstehen, Sie stellen Ihre pers\u00f6nlichen Vorlieben, Meinungen und Einstellungen zur\u00fcck, um sich auf die Kundenbed\u00fcrfnisse zu konzentrieren<\/li>\n<li>selbst\u00e4ndige Arbeitsweise<\/li>\n<li>Offenheit und Bereitschaft, neue Dinge zu erlernen \u2013 Sie arbeiten lieber eigenverantwortlich in einem kleinen Team als in einer gro\u00dfen und festgef\u00fcgten Organisation.<\/li>\n<\/ul>\n<p>Bei Modula4 pflegen Sie regen Kontakt mit Kunden aus den verschiedensten L\u00e4ndern und Kulturen, exzellente Kommunikationsf\u00e4higkeiten sind daher essentiell.<\/p>\n<p>Bitte senden Sie Ihren Lebenslauf mit Anschreiben und Gehaltsvorstellung mit dem Betreff &#8222;Web UI \/ UX Designer&#8220; an diese <a href=\"mailto:jobs@modula4.com\">E-Mail Adresse<\/a>\u00a0. Modula4 bedankt sich bei allen Bewerbern f\u00fcr Ihr Interesse, wir weisen jedoch darauf hin, dass nur die meistversprechenden Kandidaten kontaktiert werden.<\/p>\n<p>Bitte keine Anrufe und keine Personalvermittler.<\/p>\n<p>\u00dcber Modula4<br \/>\nModula4 bietet Digital Asset Management und Publishing Workflow L\u00f6sungen f\u00fcr Kunden in einer Vielzahl von Branchen, darunter: Einzelhandel, Medien &amp; Entertainment, Marketing, Verlagswesen, Beh\u00f6rden und Hochschulen. Wir sind ein internationales Team von Experten f\u00fcr technische Integration, Programmierung, Workflow Beratung, Support und Kundenservice.<\/p>\n","protected":false},"excerpt":{"rendered":"<p>Einsatzort: Berlin, Deutschland, oder San Rafael, CA, USA Modula4, ein f\u00fchrender Anbieter von Digital Asset Management und Publishing Workflow L\u00f6sungen, sucht einen UI \/ UX-Designer f\u00fcr seine Niederlassungen in Berlin oder San Rafael, Kalifornien. Wir sind ein kleines, dynamisches Unternehmen, das kundenspezifische Medien-Management und Workflow-L\u00f6sungen f\u00fcr eine breite Palette von Blue-Chip Kunden wie NASA, Stanford <a class=\"read-more\" href=\"https:\/\/www.modula4.com\/de\/uber-uns\/karriere\/ui-ux-designer-2\/\">&#8230; &nbsp;Weiterlesen &gt;<\/a><\/p>\n","protected":false},"author":2,"featured_media":0,"parent":6007,"menu_order":3,"comment_status":"closed","ping_status":"closed","template":"","meta":{"_monsterinsights_skip_tracking":false,"_monsterinsights_sitenote_active":false,"_monsterinsights_sitenote_note":"","_monsterinsights_sitenote_category":0,"footnotes":""},"class_list":["post-7231","page","type-page","status-publish","hentry"],"yoast_head":"<!-- This site is optimized with the Yoast SEO Premium plugin v26.4 (Yoast SEO v27.3) - https:\/\/yoast.com\/product\/yoast-seo-premium-wordpress\/ -->\n<title>UI \/ UX Designer - Modula4<\/title>\n<meta name=\"robots\" content=\"index, follow, max-snippet:-1, max-image-preview:large, max-video-preview:-1\" \/>\n<link rel=\"canonical\" href=\"https:\/\/www.modula4.com\/de\/uber-uns\/karriere\/ui-ux-designer-2\/\" \/>\n<meta property=\"og:locale\" content=\"de_DE\" \/>\n<meta property=\"og:type\" content=\"article\" \/>\n<meta property=\"og:title\" content=\"UI \/ UX Designer\" \/>\n<meta property=\"og:description\" content=\"Einsatzort: Berlin, Deutschland, oder San Rafael, CA, USA Modula4, ein f\u00fchrender Anbieter von Digital Asset Management und Publishing Workflow L\u00f6sungen, sucht einen UI \/ UX-Designer f\u00fcr seine Niederlassungen in Berlin oder San Rafael, Kalifornien. Wir sind ein kleines, dynamisches Unternehmen, das kundenspezifische Medien-Management und Workflow-L\u00f6sungen f\u00fcr eine breite Palette von Blue-Chip Kunden wie NASA, Stanford ... &nbsp;Weiterlesen &gt;\" \/>\n<meta property=\"og:url\" content=\"https:\/\/www.modula4.com\/de\/uber-uns\/karriere\/ui-ux-designer-2\/\" \/>\n<meta property=\"og:site_name\" content=\"Modula4\" \/>\n<meta property=\"article:publisher\" content=\"https:\/\/www.linkedin.com\/company\/modula4\/\" \/>\n<meta property=\"article:modified_time\" content=\"2017-02-14T12:19:42+00:00\" \/>\n<meta name=\"twitter:label1\" content=\"Gesch\u00e4tzte Lesezeit\" \/>\n\t<meta name=\"twitter:data1\" content=\"2\u00a0Minuten\" \/>\n<script type=\"application\/ld+json\" class=\"yoast-schema-graph\">{\"@context\":\"https:\\\/\\\/schema.org\",\"@graph\":[{\"@type\":\"WebPage\",\"@id\":\"https:\\\/\\\/www.modula4.com\\\/de\\\/uber-uns\\\/karriere\\\/ui-ux-designer-2\\\/\",\"url\":\"https:\\\/\\\/www.modula4.com\\\/de\\\/uber-uns\\\/karriere\\\/ui-ux-designer-2\\\/\",\"name\":\"UI \\\/ UX Designer - Modula4\",\"isPartOf\":{\"@id\":\"https:\\\/\\\/www.modula4.com\\\/#website\"},\"datePublished\":\"2014-12-30T09:35:01+00:00\",\"dateModified\":\"2017-02-14T12:19:42+00:00\",\"breadcrumb\":{\"@id\":\"https:\\\/\\\/www.modula4.com\\\/de\\\/uber-uns\\\/karriere\\\/ui-ux-designer-2\\\/#breadcrumb\"},\"inLanguage\":\"de\",\"potentialAction\":[{\"@type\":\"ReadAction\",\"target\":[\"https:\\\/\\\/www.modula4.com\\\/de\\\/uber-uns\\\/karriere\\\/ui-ux-designer-2\\\/\"]}]},{\"@type\":\"BreadcrumbList\",\"@id\":\"https:\\\/\\\/www.modula4.com\\\/de\\\/uber-uns\\\/karriere\\\/ui-ux-designer-2\\\/#breadcrumb\",\"itemListElement\":[{\"@type\":\"ListItem\",\"position\":1,\"name\":\"Home\",\"item\":\"https:\\\/\\\/www.modula4.com\\\/de\\\/\"},{\"@type\":\"ListItem\",\"position\":2,\"name\":\"\u00dcber Uns\",\"item\":\"https:\\\/\\\/www.modula4.com\\\/de\\\/uber-uns\\\/\"},{\"@type\":\"ListItem\",\"position\":3,\"name\":\"Karriere\",\"item\":\"https:\\\/\\\/www.modula4.com\\\/de\\\/uber-uns\\\/karriere\\\/\"},{\"@type\":\"ListItem\",\"position\":4,\"name\":\"UI \\\/ UX Designer\"}]},{\"@type\":\"WebSite\",\"@id\":\"https:\\\/\\\/www.modula4.com\\\/#website\",\"url\":\"https:\\\/\\\/www.modula4.com\\\/\",\"name\":\"Modula4\",\"description\":\"Dedicated Experts. Complete Solutions. Real Results.\",\"publisher\":{\"@id\":\"https:\\\/\\\/www.modula4.com\\\/#organization\"},\"potentialAction\":[{\"@type\":\"SearchAction\",\"target\":{\"@type\":\"EntryPoint\",\"urlTemplate\":\"https:\\\/\\\/www.modula4.com\\\/?s={search_term_string}\"},\"query-input\":{\"@type\":\"PropertyValueSpecification\",\"valueRequired\":true,\"valueName\":\"search_term_string\"}}],\"inLanguage\":\"de\"},{\"@type\":\"Organization\",\"@id\":\"https:\\\/\\\/www.modula4.com\\\/#organization\",\"name\":\"Modula4\",\"url\":\"https:\\\/\\\/www.modula4.com\\\/\",\"logo\":{\"@type\":\"ImageObject\",\"inLanguage\":\"de\",\"@id\":\"https:\\\/\\\/www.modula4.com\\\/#\\\/schema\\\/logo\\\/image\\\/\",\"url\":\"https:\\\/\\\/www.modula4.com\\\/wp-content\\\/uploads\\\/M4-Logo-rgb.png\",\"contentUrl\":\"https:\\\/\\\/www.modula4.com\\\/wp-content\\\/uploads\\\/M4-Logo-rgb.png\",\"width\":190,\"height\":42,\"caption\":\"Modula4\"},\"image\":{\"@id\":\"https:\\\/\\\/www.modula4.com\\\/#\\\/schema\\\/logo\\\/image\\\/\"},\"sameAs\":[\"https:\\\/\\\/www.linkedin.com\\\/company\\\/modula4\\\/\"]}]}<\/script>\n<!-- \/ Yoast SEO Premium plugin. -->","yoast_head_json":{"title":"UI \/ UX Designer - Modula4","robots":{"index":"index","follow":"follow","max-snippet":"max-snippet:-1","max-image-preview":"max-image-preview:large","max-video-preview":"max-video-preview:-1"},"canonical":"https:\/\/www.modula4.com\/de\/uber-uns\/karriere\/ui-ux-designer-2\/","og_locale":"de_DE","og_type":"article","og_title":"UI \/ UX Designer","og_description":"Einsatzort: Berlin, Deutschland, oder San Rafael, CA, USA Modula4, ein f\u00fchrender Anbieter von Digital Asset Management und Publishing Workflow L\u00f6sungen, sucht einen UI \/ UX-Designer f\u00fcr seine Niederlassungen in Berlin oder San Rafael, Kalifornien. Wir sind ein kleines, dynamisches Unternehmen, das kundenspezifische Medien-Management und Workflow-L\u00f6sungen f\u00fcr eine breite Palette von Blue-Chip Kunden wie NASA, Stanford ... &nbsp;Weiterlesen &gt;","og_url":"https:\/\/www.modula4.com\/de\/uber-uns\/karriere\/ui-ux-designer-2\/","og_site_name":"Modula4","article_publisher":"https:\/\/www.linkedin.com\/company\/modula4\/","article_modified_time":"2017-02-14T12:19:42+00:00","twitter_misc":{"Gesch\u00e4tzte Lesezeit":"2\u00a0Minuten"},"schema":{"@context":"https:\/\/schema.org","@graph":[{"@type":"WebPage","@id":"https:\/\/www.modula4.com\/de\/uber-uns\/karriere\/ui-ux-designer-2\/","url":"https:\/\/www.modula4.com\/de\/uber-uns\/karriere\/ui-ux-designer-2\/","name":"UI \/ UX Designer - Modula4","isPartOf":{"@id":"https:\/\/www.modula4.com\/#website"},"datePublished":"2014-12-30T09:35:01+00:00","dateModified":"2017-02-14T12:19:42+00:00","breadcrumb":{"@id":"https:\/\/www.modula4.com\/de\/uber-uns\/karriere\/ui-ux-designer-2\/#breadcrumb"},"inLanguage":"de","potentialAction":[{"@type":"ReadAction","target":["https:\/\/www.modula4.com\/de\/uber-uns\/karriere\/ui-ux-designer-2\/"]}]},{"@type":"BreadcrumbList","@id":"https:\/\/www.modula4.com\/de\/uber-uns\/karriere\/ui-ux-designer-2\/#breadcrumb","itemListElement":[{"@type":"ListItem","position":1,"name":"Home","item":"https:\/\/www.modula4.com\/de\/"},{"@type":"ListItem","position":2,"name":"\u00dcber Uns","item":"https:\/\/www.modula4.com\/de\/uber-uns\/"},{"@type":"ListItem","position":3,"name":"Karriere","item":"https:\/\/www.modula4.com\/de\/uber-uns\/karriere\/"},{"@type":"ListItem","position":4,"name":"UI \/ UX Designer"}]},{"@type":"WebSite","@id":"https:\/\/www.modula4.com\/#website","url":"https:\/\/www.modula4.com\/","name":"Modula4","description":"Dedicated Experts. Complete Solutions. Real Results.","publisher":{"@id":"https:\/\/www.modula4.com\/#organization"},"potentialAction":[{"@type":"SearchAction","target":{"@type":"EntryPoint","urlTemplate":"https:\/\/www.modula4.com\/?s={search_term_string}"},"query-input":{"@type":"PropertyValueSpecification","valueRequired":true,"valueName":"search_term_string"}}],"inLanguage":"de"},{"@type":"Organization","@id":"https:\/\/www.modula4.com\/#organization","name":"Modula4","url":"https:\/\/www.modula4.com\/","logo":{"@type":"ImageObject","inLanguage":"de","@id":"https:\/\/www.modula4.com\/#\/schema\/logo\/image\/","url":"https:\/\/www.modula4.com\/wp-content\/uploads\/M4-Logo-rgb.png","contentUrl":"https:\/\/www.modula4.com\/wp-content\/uploads\/M4-Logo-rgb.png","width":190,"height":42,"caption":"Modula4"},"image":{"@id":"https:\/\/www.modula4.com\/#\/schema\/logo\/image\/"},"sameAs":["https:\/\/www.linkedin.com\/company\/modula4\/"]}]}},"_links":{"self":[{"href":"https:\/\/www.modula4.com\/de\/wp-json\/wp\/v2\/pages\/7231","targetHints":{"allow":["GET"]}}],"collection":[{"href":"https:\/\/www.modula4.com\/de\/wp-json\/wp\/v2\/pages"}],"about":[{"href":"https:\/\/www.modula4.com\/de\/wp-json\/wp\/v2\/types\/page"}],"author":[{"embeddable":true,"href":"https:\/\/www.modula4.com\/de\/wp-json\/wp\/v2\/users\/2"}],"replies":[{"embeddable":true,"href":"https:\/\/www.modula4.com\/de\/wp-json\/wp\/v2\/comments?post=7231"}],"version-history":[{"count":3,"href":"https:\/\/www.modula4.com\/de\/wp-json\/wp\/v2\/pages\/7231\/revisions"}],"predecessor-version":[{"id":9595,"href":"https:\/\/www.modula4.com\/de\/wp-json\/wp\/v2\/pages\/7231\/revisions\/9595"}],"up":[{"embeddable":true,"href":"https:\/\/www.modula4.com\/de\/wp-json\/wp\/v2\/pages\/6007"}],"wp:attachment":[{"href":"https:\/\/www.modula4.com\/de\/wp-json\/wp\/v2\/media?parent=7231"}],"curies":[{"name":"wp","href":"https:\/\/api.w.org\/{rel}","templated":true}]}}