{"id":7227,"date":"2014-12-30T01:33:50","date_gmt":"2014-12-30T09:33:50","guid":{"rendered":"http:\/\/www.modula4.com\/?page_id=7227"},"modified":"2017-02-14T04:14:47","modified_gmt":"2017-02-14T12:14:47","slug":"senior-developer","status":"publish","type":"page","link":"https:\/\/www.modula4.com\/de\/uber-uns\/karriere\/senior-developer\/","title":{"rendered":"Senior Developer"},"content":{"rendered":"<p><strong>Einsatzort: Berlin, Deutschland<\/strong><\/p>\n<p>Modula4, ein f\u00fchrender Anbieter von Digital Asset Management- und Publishing Workflow L\u00f6sungen, sucht einen Senior Developer f\u00fcr unser B\u00fcro in Berlin, Deutschland.<\/p>\n<p>Wir sind ein kleines, dynamisches Unternehmen, das kundenspezifische Medien Management und Workflow L\u00f6sungen einer breiten Palette von Blue-Chip Kunden wie NASA, Stanford University, NVIDIA, Disney, Kohls, Whole Foods, Benefit Cosmetics und vielen mehr bietet. In flexiblen Teams arbeiten Sie an einer Vielzahl von Projekten, Sie definieren und entwickeln individuelle L\u00f6sungen und tragen die volle Verantwortung f\u00fcr die einzelnen Produkte, die unseren Kunden bei der Verwaltung und Verteilung ihrer Bilder, Videos, Layouts und Dokumente helfen.<\/p>\n<p>Diese Position beinhaltet sowohl praktische Software-Entwicklung als auch die Koordinierung der Arbeit der anderen Entwickler. Sie sind das Bindeglied zwischen den Kunden und den Programmierern und technischen Mitarbeitern von Modula4. Sie pflegen regen Kundenkontakt, daher sind ausgezeichnete Kommunikationsf\u00e4higkeiten unabdingbar.<\/p>\n<p>Ihr Aufgabengebiet beinhaltet:<\/p>\n<ul>\n<li>Schreiben und Bearbeiten von Code f\u00fcr die Entwicklung von kundenspezifischen L\u00f6sungen und Integrationen<\/li>\n<li>Zusammenarbeit mit Kunden und Mitarbeitern, um die beste Herangehensweise f\u00fcr jede L\u00f6sung zu bestimmen<\/li>\n<li>Erarbeitung m\u00f6glicher L\u00f6sungen und die Berechnung damit verbundener Kosten<\/li>\n<li>Entwicklung und Pflege der eigenen Produkte von Modula4<\/li>\n<li>Durchf\u00fchrung von QA bei allen Arbeiten<\/li>\n<li>Unterst\u00fctzung bei der Installation von Software auf beim Klienten<\/li>\n<li>Priorisierung der Arbeiten anderer Programmierer<\/li>\n<li>Koordinierung gr\u00f6\u00dferer Programmierungsprojekte<\/li>\n<li>Pflege und Aktualisierung der Entwicklungs-Tools und -Umgebung<\/li>\n<\/ul>\n<p>Erforderliche Skills:<br \/>\nDie Bewerber m\u00fcssen professionelle Kenntnisse in folgenden Sprachen \/ Tools nachweisen:<\/p>\n<ul>\n<li>Java \/ JSP<\/li>\n<li>Eclipse \/ Ant<\/li>\n<li>xHTML \/ XML \/ XSL \/ JS<\/li>\n<\/ul>\n<p>Dar\u00fcber hinaus m\u00fcssen Bewerber auch fundiertes Wissen in folgenden Bereichen besitzen:<\/p>\n<ul>\n<li>Datenbanken<\/li>\n<li>TCP \/ IP-Netzwerke und damit verbundene Dienstleistungen<\/li>\n<li>Projektmanagement<\/li>\n<li>Business-Strategien<\/li>\n<li>Deutsch \/ Englisch flie\u00dfend<\/li>\n<\/ul>\n<p>Bevorzugte zus\u00e4tzliche F\u00e4higkeiten:<\/p>\n<ul>\n<li>Andere Programmiersprachen<\/li>\n<li>Branchenspezifische Kenntnisse in Publishing, Web2Print, Digital Asset Management und \/ oder Workflow Management<\/li>\n<\/ul>\n<p>Weitere Anforderungen:<\/p>\n<ul>\n<li>Informatik-Abschluss oder gleichwertige Berufserfahrung<\/li>\n<li>Mindestens 5 Jahre Berufserfahrung in der Programmierung relevanten Sprachen<\/li>\n<li>Erfahrungen im Umgang mit modernen Entwicklungswerkzeugen und Vertrautheit mit einer breiten Palette von Entwicklungs-Tools und -Trends<\/li>\n<li>Guter Zuh\u00f6rer: die F\u00e4higkeit, dem Kunden zuzuh\u00f6ren und ihn zu verstehen, pers\u00f6nliche Vorlieben, Meinungen und Haltung zur\u00fcckzustellen, um sich auf die Kundenbed\u00fcrfnisse zu konzentrieren<\/li>\n<li>Selbst\u00e4ndige Arbeitsweise<\/li>\n<li>Offenheit und Bereitschaft, neue Dinge zu lernen \u2013 Sie arbeiten lieber eigenverantwortlich in einem kleinen Team als in einer gro\u00dfen und starren Organisationen<\/li>\n<\/ul>\n<p>BITTE BEACHTEN SIE: Ihre Bewerbung muss Angaben zu Ihrer Gehaltsvorstellung enthalten. Bewerbungen ohne Gehaltsvorstellung werden nicht ber\u00fccksichtigt.<\/p>\n<p>Modula4 ist ein Equal Opportunity Employer. Bitte senden Sie Ihren Lebenslauf, Anschreiben und Gehaltsvorstellung mit dem Betreff &#8222;Senior Developer&#8220; <a href=\"mailto:jobs@modula4.com\">per E-Mail<\/a>. Modula4 bedankt sich bei allen Bewerbern f\u00fcr ihr Interesse, weist aber darauf hin, dass nur die meistversprechenden Kandidaten kontaktiert werden.<\/p>\n<p>Bitte keine Anrufe und keine Personalvermittler.<\/p>\n<p>\u00dcber Modula4<br \/>\nModula4 bietet Digital Asset Management und Publishing Workflow L\u00f6sungen f\u00fcr Kunden in einer Vielzahl von Branchen, darunter: Einzelhandel, Medien &amp; Entertainment, Marketing, Verlagswesen, Beh\u00f6rden und Hochschulen. Wir sind ein internationales Team von Experten f\u00fcr technische Integration, Programmierung, Workflow Beratung, Support und Kundenservice.<\/p>\n","protected":false},"excerpt":{"rendered":"<p>Einsatzort: Berlin, Deutschland Modula4, ein f\u00fchrender Anbieter von Digital Asset Management- und Publishing Workflow L\u00f6sungen, sucht einen Senior Developer f\u00fcr unser B\u00fcro in Berlin, Deutschland. Wir sind ein kleines, dynamisches Unternehmen, das kundenspezifische Medien Management und Workflow L\u00f6sungen einer breiten Palette von Blue-Chip Kunden wie NASA, Stanford University, NVIDIA, Disney, Kohls, Whole Foods, Benefit Cosmetics <a class=\"read-more\" href=\"https:\/\/www.modula4.com\/de\/uber-uns\/karriere\/senior-developer\/\">&#8230; &nbsp;Weiterlesen &gt;<\/a><\/p>\n","protected":false},"author":2,"featured_media":0,"parent":6007,"menu_order":2,"comment_status":"closed","ping_status":"closed","template":"","meta":{"_monsterinsights_skip_tracking":false,"_monsterinsights_sitenote_active":false,"_monsterinsights_sitenote_note":"","_monsterinsights_sitenote_category":0,"footnotes":""},"class_list":["post-7227","page","type-page","status-publish","hentry"],"yoast_head":"<!-- This site is optimized with the Yoast SEO Premium plugin v26.4 (Yoast SEO v27.3) - https:\/\/yoast.com\/product\/yoast-seo-premium-wordpress\/ -->\n<title>Senior Developer - Modula4<\/title>\n<meta name=\"robots\" content=\"index, follow, max-snippet:-1, max-image-preview:large, max-video-preview:-1\" \/>\n<link rel=\"canonical\" href=\"https:\/\/www.modula4.com\/de\/uber-uns\/karriere\/senior-developer\/\" \/>\n<meta property=\"og:locale\" content=\"de_DE\" \/>\n<meta property=\"og:type\" content=\"article\" \/>\n<meta property=\"og:title\" content=\"Senior Developer\" \/>\n<meta property=\"og:description\" content=\"Einsatzort: Berlin, Deutschland Modula4, ein f\u00fchrender Anbieter von Digital Asset Management- und Publishing Workflow L\u00f6sungen, sucht einen Senior Developer f\u00fcr unser B\u00fcro in Berlin, Deutschland. Wir sind ein kleines, dynamisches Unternehmen, das kundenspezifische Medien Management und Workflow L\u00f6sungen einer breiten Palette von Blue-Chip Kunden wie NASA, Stanford University, NVIDIA, Disney, Kohls, Whole Foods, Benefit Cosmetics ... &nbsp;Weiterlesen &gt;\" \/>\n<meta property=\"og:url\" content=\"https:\/\/www.modula4.com\/de\/uber-uns\/karriere\/senior-developer\/\" \/>\n<meta property=\"og:site_name\" content=\"Modula4\" \/>\n<meta property=\"article:publisher\" content=\"https:\/\/www.linkedin.com\/company\/modula4\/\" \/>\n<meta property=\"article:modified_time\" content=\"2017-02-14T12:14:47+00:00\" \/>\n<meta name=\"twitter:label1\" content=\"Gesch\u00e4tzte Lesezeit\" \/>\n\t<meta name=\"twitter:data1\" content=\"2\u00a0Minuten\" \/>\n<script type=\"application\/ld+json\" class=\"yoast-schema-graph\">{\"@context\":\"https:\\\/\\\/schema.org\",\"@graph\":[{\"@type\":\"WebPage\",\"@id\":\"https:\\\/\\\/www.modula4.com\\\/de\\\/uber-uns\\\/karriere\\\/senior-developer\\\/\",\"url\":\"https:\\\/\\\/www.modula4.com\\\/de\\\/uber-uns\\\/karriere\\\/senior-developer\\\/\",\"name\":\"Senior Developer - Modula4\",\"isPartOf\":{\"@id\":\"https:\\\/\\\/www.modula4.com\\\/#website\"},\"datePublished\":\"2014-12-30T09:33:50+00:00\",\"dateModified\":\"2017-02-14T12:14:47+00:00\",\"breadcrumb\":{\"@id\":\"https:\\\/\\\/www.modula4.com\\\/de\\\/uber-uns\\\/karriere\\\/senior-developer\\\/#breadcrumb\"},\"inLanguage\":\"de\",\"potentialAction\":[{\"@type\":\"ReadAction\",\"target\":[\"https:\\\/\\\/www.modula4.com\\\/de\\\/uber-uns\\\/karriere\\\/senior-developer\\\/\"]}]},{\"@type\":\"BreadcrumbList\",\"@id\":\"https:\\\/\\\/www.modula4.com\\\/de\\\/uber-uns\\\/karriere\\\/senior-developer\\\/#breadcrumb\",\"itemListElement\":[{\"@type\":\"ListItem\",\"position\":1,\"name\":\"Home\",\"item\":\"https:\\\/\\\/www.modula4.com\\\/de\\\/\"},{\"@type\":\"ListItem\",\"position\":2,\"name\":\"\u00dcber Uns\",\"item\":\"https:\\\/\\\/www.modula4.com\\\/de\\\/uber-uns\\\/\"},{\"@type\":\"ListItem\",\"position\":3,\"name\":\"Karriere\",\"item\":\"https:\\\/\\\/www.modula4.com\\\/de\\\/uber-uns\\\/karriere\\\/\"},{\"@type\":\"ListItem\",\"position\":4,\"name\":\"Senior Developer\"}]},{\"@type\":\"WebSite\",\"@id\":\"https:\\\/\\\/www.modula4.com\\\/#website\",\"url\":\"https:\\\/\\\/www.modula4.com\\\/\",\"name\":\"Modula4\",\"description\":\"Dedicated Experts. Complete Solutions. Real Results.\",\"publisher\":{\"@id\":\"https:\\\/\\\/www.modula4.com\\\/#organization\"},\"potentialAction\":[{\"@type\":\"SearchAction\",\"target\":{\"@type\":\"EntryPoint\",\"urlTemplate\":\"https:\\\/\\\/www.modula4.com\\\/?s={search_term_string}\"},\"query-input\":{\"@type\":\"PropertyValueSpecification\",\"valueRequired\":true,\"valueName\":\"search_term_string\"}}],\"inLanguage\":\"de\"},{\"@type\":\"Organization\",\"@id\":\"https:\\\/\\\/www.modula4.com\\\/#organization\",\"name\":\"Modula4\",\"url\":\"https:\\\/\\\/www.modula4.com\\\/\",\"logo\":{\"@type\":\"ImageObject\",\"inLanguage\":\"de\",\"@id\":\"https:\\\/\\\/www.modula4.com\\\/#\\\/schema\\\/logo\\\/image\\\/\",\"url\":\"https:\\\/\\\/www.modula4.com\\\/wp-content\\\/uploads\\\/M4-Logo-rgb.png\",\"contentUrl\":\"https:\\\/\\\/www.modula4.com\\\/wp-content\\\/uploads\\\/M4-Logo-rgb.png\",\"width\":190,\"height\":42,\"caption\":\"Modula4\"},\"image\":{\"@id\":\"https:\\\/\\\/www.modula4.com\\\/#\\\/schema\\\/logo\\\/image\\\/\"},\"sameAs\":[\"https:\\\/\\\/www.linkedin.com\\\/company\\\/modula4\\\/\"]}]}<\/script>\n<!-- \/ Yoast SEO Premium plugin. -->","yoast_head_json":{"title":"Senior Developer - Modula4","robots":{"index":"index","follow":"follow","max-snippet":"max-snippet:-1","max-image-preview":"max-image-preview:large","max-video-preview":"max-video-preview:-1"},"canonical":"https:\/\/www.modula4.com\/de\/uber-uns\/karriere\/senior-developer\/","og_locale":"de_DE","og_type":"article","og_title":"Senior Developer","og_description":"Einsatzort: Berlin, Deutschland Modula4, ein f\u00fchrender Anbieter von Digital Asset Management- und Publishing Workflow L\u00f6sungen, sucht einen Senior Developer f\u00fcr unser B\u00fcro in Berlin, Deutschland. Wir sind ein kleines, dynamisches Unternehmen, das kundenspezifische Medien Management und Workflow L\u00f6sungen einer breiten Palette von Blue-Chip Kunden wie NASA, Stanford University, NVIDIA, Disney, Kohls, Whole Foods, Benefit Cosmetics ... &nbsp;Weiterlesen &gt;","og_url":"https:\/\/www.modula4.com\/de\/uber-uns\/karriere\/senior-developer\/","og_site_name":"Modula4","article_publisher":"https:\/\/www.linkedin.com\/company\/modula4\/","article_modified_time":"2017-02-14T12:14:47+00:00","twitter_misc":{"Gesch\u00e4tzte Lesezeit":"2\u00a0Minuten"},"schema":{"@context":"https:\/\/schema.org","@graph":[{"@type":"WebPage","@id":"https:\/\/www.modula4.com\/de\/uber-uns\/karriere\/senior-developer\/","url":"https:\/\/www.modula4.com\/de\/uber-uns\/karriere\/senior-developer\/","name":"Senior Developer - Modula4","isPartOf":{"@id":"https:\/\/www.modula4.com\/#website"},"datePublished":"2014-12-30T09:33:50+00:00","dateModified":"2017-02-14T12:14:47+00:00","breadcrumb":{"@id":"https:\/\/www.modula4.com\/de\/uber-uns\/karriere\/senior-developer\/#breadcrumb"},"inLanguage":"de","potentialAction":[{"@type":"ReadAction","target":["https:\/\/www.modula4.com\/de\/uber-uns\/karriere\/senior-developer\/"]}]},{"@type":"BreadcrumbList","@id":"https:\/\/www.modula4.com\/de\/uber-uns\/karriere\/senior-developer\/#breadcrumb","itemListElement":[{"@type":"ListItem","position":1,"name":"Home","item":"https:\/\/www.modula4.com\/de\/"},{"@type":"ListItem","position":2,"name":"\u00dcber Uns","item":"https:\/\/www.modula4.com\/de\/uber-uns\/"},{"@type":"ListItem","position":3,"name":"Karriere","item":"https:\/\/www.modula4.com\/de\/uber-uns\/karriere\/"},{"@type":"ListItem","position":4,"name":"Senior Developer"}]},{"@type":"WebSite","@id":"https:\/\/www.modula4.com\/#website","url":"https:\/\/www.modula4.com\/","name":"Modula4","description":"Dedicated Experts. Complete Solutions. Real Results.","publisher":{"@id":"https:\/\/www.modula4.com\/#organization"},"potentialAction":[{"@type":"SearchAction","target":{"@type":"EntryPoint","urlTemplate":"https:\/\/www.modula4.com\/?s={search_term_string}"},"query-input":{"@type":"PropertyValueSpecification","valueRequired":true,"valueName":"search_term_string"}}],"inLanguage":"de"},{"@type":"Organization","@id":"https:\/\/www.modula4.com\/#organization","name":"Modula4","url":"https:\/\/www.modula4.com\/","logo":{"@type":"ImageObject","inLanguage":"de","@id":"https:\/\/www.modula4.com\/#\/schema\/logo\/image\/","url":"https:\/\/www.modula4.com\/wp-content\/uploads\/M4-Logo-rgb.png","contentUrl":"https:\/\/www.modula4.com\/wp-content\/uploads\/M4-Logo-rgb.png","width":190,"height":42,"caption":"Modula4"},"image":{"@id":"https:\/\/www.modula4.com\/#\/schema\/logo\/image\/"},"sameAs":["https:\/\/www.linkedin.com\/company\/modula4\/"]}]}},"_links":{"self":[{"href":"https:\/\/www.modula4.com\/de\/wp-json\/wp\/v2\/pages\/7227","targetHints":{"allow":["GET"]}}],"collection":[{"href":"https:\/\/www.modula4.com\/de\/wp-json\/wp\/v2\/pages"}],"about":[{"href":"https:\/\/www.modula4.com\/de\/wp-json\/wp\/v2\/types\/page"}],"author":[{"embeddable":true,"href":"https:\/\/www.modula4.com\/de\/wp-json\/wp\/v2\/users\/2"}],"replies":[{"embeddable":true,"href":"https:\/\/www.modula4.com\/de\/wp-json\/wp\/v2\/comments?post=7227"}],"version-history":[{"count":5,"href":"https:\/\/www.modula4.com\/de\/wp-json\/wp\/v2\/pages\/7227\/revisions"}],"predecessor-version":[{"id":9592,"href":"https:\/\/www.modula4.com\/de\/wp-json\/wp\/v2\/pages\/7227\/revisions\/9592"}],"up":[{"embeddable":true,"href":"https:\/\/www.modula4.com\/de\/wp-json\/wp\/v2\/pages\/6007"}],"wp:attachment":[{"href":"https:\/\/www.modula4.com\/de\/wp-json\/wp\/v2\/media?parent=7227"}],"curies":[{"name":"wp","href":"https:\/\/api.w.org\/{rel}","templated":true}]}}