{"id":7223,"date":"2014-12-30T01:30:09","date_gmt":"2014-12-30T09:30:09","guid":{"rendered":"http:\/\/www.modula4.com\/?page_id=7223"},"modified":"2015-06-10T05:22:05","modified_gmt":"2015-06-10T12:22:05","slug":"technical-integrator-2","status":"publish","type":"page","link":"https:\/\/www.modula4.com\/de\/uber-uns\/karriere\/technical-integrator-2\/","title":{"rendered":"Technischer Integrator"},"content":{"rendered":"<p><strong>Vertretungen: Berlin und San Francisco<\/strong><\/p>\n<p>F\u00fcr unser Berliner und San Francisco B\u00fcros suchen wir zum 01.05.2011 einen Technischen Integrator. Als Technischer Integrator sind Sie unser Aush\u00e4ngeschild beim Kunden. Sie analysieren den Bedarf im Gespr\u00e4ch mit potentiellen Klienten und pr\u00e4sentieren ihnen unsere Produkte und L\u00f6sungen in Demos. Sie arbeiten aber auch oft beim Kunden vor Ort, f\u00fchren Installationen und Trainings durch.<br \/>\nZu Ihrem Aufgabengebiet geh\u00f6ren:<\/p>\n<ul>\n<li>Technischer Support f\u00fcr Cumulus (per Telefon, E-Mail und beim Kunden vor Ort)<\/li>\n<li>Unterst\u00fctzung des Bereich Sales (Bedarfsanalyse, Produktvorstellung, technische Ausk\u00fcnfte)<\/li>\n<li>Durchf\u00fchrung von Schulungen per Web und Telefon; Entwicklung von neuen und Weiterentwicklung von bestehenden Trainingsprogrammen<\/li>\n<\/ul>\n<p>Beim Kunden vor Ort:<\/p>\n<ul>\n<li>DAM Consulting (Pre- und Post-Sales)<\/li>\n<li>Installation &amp; Konfiguration von Software (Cumulus)<\/li>\n<li>Administratoren- und Endnutzertrainings<\/li>\n<li>Komplette Betreuung auch gro\u00dfer Projekte vom ersten Kundenkontakt \u00fcber Installation bis hin zu Support und Upgrades<\/li>\n<li>Einfache Anpassung von Web-Anwendungen (HTML, CSS, JavaScript)<\/li>\n<\/ul>\n<p>Erforderliche technische Kenntnisse und F\u00e4higkeiten:<\/p>\n<ul>\n<li>Sehr gute Kenntnisse der Betriebssysteme Windows, Mac OS; grundlegende Kenntnisse Unix-basierter Betriebssysteme<\/li>\n<li>Erfahrungen im Umgang mit Photoshop, Illustrator, In-Design oder QuarkXpress<\/li>\n<li>Erfahrungen mit Digital Asset Management (DAM) Systemen oder Datenbanken: beliebige DAM Software, MySQL, MS SQL, Oracle, FileMaker<\/li>\n<li>Erfahrungen mit HTML, XML, mit Web Servern<\/li>\n<\/ul>\n<p>Bevorzugte technische Kenntnisse und F\u00e4higkeiten:<\/p>\n<ul>\n<li>Erfahrungen mit Cumulus, WoodWing oder einem anderen DAM oderPublishing System<\/li>\n<li>Gute Kenntniss des Apache Tomcat Web Application Server<\/li>\n<li>Berufserfahrung im Bereich Desktop Publishing, Design, Video Publishing, Multimedia oderverwandten Brachen<\/li>\n<li>Erfahrungen als Trainer oder Technischer Support f\u00fcr Software Anwendungen<\/li>\n<li>Weitere F\u00e4higkeiten:<\/li>\n<li>Kommunikationstalent<\/li>\n<li>Englisch und Deutsch in Wort und Schrift<\/li>\n<li>Eigenst\u00e4ndige Arbeitsweite<\/li>\n<li>Geistige Flexibilit\u00e4t und hohe Auffassungsgabe &#8211; selbst\u00e4ndiges Arbeiten in einem kleinen Team<\/li>\n<li>Guter Zuh\u00f6rer: h\u00f6rt dem Kunden konzentriert zu und versteht seine Bed\u00fcrfnisse ohne sich von eigenen Vorlieben, Meinungen und Haltungen beeinflussen zu lassen<\/li>\n<li>Gern gesehen: Erfahrungen im Sales-Bereich (entweder direkt oder als Sales-Unterst\u00fctzung)<\/li>\n<li>Reisebereitschaft<\/li>\n<\/ul>\n<p>Bitte senden Sie Ihren Lebenslauf und Anschreiben an diese <a class=\"contact-us\" href=\"mailto:jobs@modula4.de\">Email Adresse<\/a> mit dem Betreff &#8222;Technischer Integrator&#8220;<\/p>\n","protected":false},"excerpt":{"rendered":"<p>Vertretungen: Berlin und San Francisco F\u00fcr unser Berliner und San Francisco B\u00fcros suchen wir zum 01.05.2011 einen Technischen Integrator. Als Technischer Integrator sind Sie unser Aush\u00e4ngeschild beim Kunden. Sie analysieren den Bedarf im Gespr\u00e4ch mit potentiellen Klienten und pr\u00e4sentieren ihnen unsere Produkte und L\u00f6sungen in Demos. Sie arbeiten aber auch oft beim Kunden vor Ort, <a class=\"read-more\" href=\"https:\/\/www.modula4.com\/de\/uber-uns\/karriere\/technical-integrator-2\/\">&#8230; &nbsp;Weiterlesen &gt;<\/a><\/p>\n","protected":false},"author":2,"featured_media":0,"parent":6007,"menu_order":5,"comment_status":"closed","ping_status":"closed","template":"","meta":{"_monsterinsights_skip_tracking":false,"_monsterinsights_sitenote_active":false,"_monsterinsights_sitenote_note":"","_monsterinsights_sitenote_category":0,"footnotes":""},"class_list":["post-7223","page","type-page","status-publish","hentry"],"yoast_head":"<!-- This site is optimized with the Yoast SEO Premium plugin v26.4 (Yoast SEO v27.3) - https:\/\/yoast.com\/product\/yoast-seo-premium-wordpress\/ -->\n<title>Technical Integrator Position at Modula4<\/title>\n<meta name=\"description\" content=\"Technical Integrators typically work at client sites performing training and installation, and assist in sales by speaking with prospective clients and conducting demos.\" \/>\n<meta name=\"robots\" content=\"index, follow, max-snippet:-1, max-image-preview:large, max-video-preview:-1\" \/>\n<link rel=\"canonical\" href=\"https:\/\/www.modula4.com\/de\/uber-uns\/karriere\/technical-integrator-2\/\" \/>\n<meta property=\"og:locale\" content=\"de_DE\" \/>\n<meta property=\"og:type\" content=\"article\" \/>\n<meta property=\"og:title\" content=\"Technischer Integrator\" \/>\n<meta property=\"og:description\" content=\"Technical Integrators typically work at client sites performing training and installation, and assist in sales by speaking with prospective clients and conducting demos.\" \/>\n<meta property=\"og:url\" content=\"https:\/\/www.modula4.com\/de\/uber-uns\/karriere\/technical-integrator-2\/\" \/>\n<meta property=\"og:site_name\" content=\"Modula4\" \/>\n<meta property=\"article:publisher\" content=\"https:\/\/www.linkedin.com\/company\/modula4\/\" \/>\n<meta property=\"article:modified_time\" content=\"2015-06-10T12:22:05+00:00\" \/>\n<meta name=\"twitter:label1\" content=\"Gesch\u00e4tzte Lesezeit\" \/>\n\t<meta name=\"twitter:data1\" content=\"2\u00a0Minuten\" \/>\n<script type=\"application\/ld+json\" class=\"yoast-schema-graph\">{\"@context\":\"https:\\\/\\\/schema.org\",\"@graph\":[{\"@type\":\"WebPage\",\"@id\":\"https:\\\/\\\/www.modula4.com\\\/de\\\/uber-uns\\\/karriere\\\/technical-integrator-2\\\/\",\"url\":\"https:\\\/\\\/www.modula4.com\\\/de\\\/uber-uns\\\/karriere\\\/technical-integrator-2\\\/\",\"name\":\"Technical Integrator Position at Modula4\",\"isPartOf\":{\"@id\":\"https:\\\/\\\/www.modula4.com\\\/#website\"},\"datePublished\":\"2014-12-30T09:30:09+00:00\",\"dateModified\":\"2015-06-10T12:22:05+00:00\",\"description\":\"Technical Integrators typically work at client sites performing training and installation, and assist in sales by speaking with prospective clients and conducting demos.\",\"breadcrumb\":{\"@id\":\"https:\\\/\\\/www.modula4.com\\\/de\\\/uber-uns\\\/karriere\\\/technical-integrator-2\\\/#breadcrumb\"},\"inLanguage\":\"de\",\"potentialAction\":[{\"@type\":\"ReadAction\",\"target\":[\"https:\\\/\\\/www.modula4.com\\\/de\\\/uber-uns\\\/karriere\\\/technical-integrator-2\\\/\"]}]},{\"@type\":\"BreadcrumbList\",\"@id\":\"https:\\\/\\\/www.modula4.com\\\/de\\\/uber-uns\\\/karriere\\\/technical-integrator-2\\\/#breadcrumb\",\"itemListElement\":[{\"@type\":\"ListItem\",\"position\":1,\"name\":\"Home\",\"item\":\"https:\\\/\\\/www.modula4.com\\\/de\\\/\"},{\"@type\":\"ListItem\",\"position\":2,\"name\":\"\u00dcber Uns\",\"item\":\"https:\\\/\\\/www.modula4.com\\\/de\\\/uber-uns\\\/\"},{\"@type\":\"ListItem\",\"position\":3,\"name\":\"Karriere\",\"item\":\"https:\\\/\\\/www.modula4.com\\\/de\\\/uber-uns\\\/karriere\\\/\"},{\"@type\":\"ListItem\",\"position\":4,\"name\":\"Technischer Integrator\"}]},{\"@type\":\"WebSite\",\"@id\":\"https:\\\/\\\/www.modula4.com\\\/#website\",\"url\":\"https:\\\/\\\/www.modula4.com\\\/\",\"name\":\"Modula4\",\"description\":\"Dedicated Experts. Complete Solutions. Real Results.\",\"publisher\":{\"@id\":\"https:\\\/\\\/www.modula4.com\\\/#organization\"},\"potentialAction\":[{\"@type\":\"SearchAction\",\"target\":{\"@type\":\"EntryPoint\",\"urlTemplate\":\"https:\\\/\\\/www.modula4.com\\\/?s={search_term_string}\"},\"query-input\":{\"@type\":\"PropertyValueSpecification\",\"valueRequired\":true,\"valueName\":\"search_term_string\"}}],\"inLanguage\":\"de\"},{\"@type\":\"Organization\",\"@id\":\"https:\\\/\\\/www.modula4.com\\\/#organization\",\"name\":\"Modula4\",\"url\":\"https:\\\/\\\/www.modula4.com\\\/\",\"logo\":{\"@type\":\"ImageObject\",\"inLanguage\":\"de\",\"@id\":\"https:\\\/\\\/www.modula4.com\\\/#\\\/schema\\\/logo\\\/image\\\/\",\"url\":\"https:\\\/\\\/www.modula4.com\\\/wp-content\\\/uploads\\\/M4-Logo-rgb.png\",\"contentUrl\":\"https:\\\/\\\/www.modula4.com\\\/wp-content\\\/uploads\\\/M4-Logo-rgb.png\",\"width\":190,\"height\":42,\"caption\":\"Modula4\"},\"image\":{\"@id\":\"https:\\\/\\\/www.modula4.com\\\/#\\\/schema\\\/logo\\\/image\\\/\"},\"sameAs\":[\"https:\\\/\\\/www.linkedin.com\\\/company\\\/modula4\\\/\"]}]}<\/script>\n<!-- \/ Yoast SEO Premium plugin. -->","yoast_head_json":{"title":"Technical Integrator Position at Modula4","description":"Technical Integrators typically work at client sites performing training and installation, and assist in sales by speaking with prospective clients and conducting demos.","robots":{"index":"index","follow":"follow","max-snippet":"max-snippet:-1","max-image-preview":"max-image-preview:large","max-video-preview":"max-video-preview:-1"},"canonical":"https:\/\/www.modula4.com\/de\/uber-uns\/karriere\/technical-integrator-2\/","og_locale":"de_DE","og_type":"article","og_title":"Technischer Integrator","og_description":"Technical Integrators typically work at client sites performing training and installation, and assist in sales by speaking with prospective clients and conducting demos.","og_url":"https:\/\/www.modula4.com\/de\/uber-uns\/karriere\/technical-integrator-2\/","og_site_name":"Modula4","article_publisher":"https:\/\/www.linkedin.com\/company\/modula4\/","article_modified_time":"2015-06-10T12:22:05+00:00","twitter_misc":{"Gesch\u00e4tzte Lesezeit":"2\u00a0Minuten"},"schema":{"@context":"https:\/\/schema.org","@graph":[{"@type":"WebPage","@id":"https:\/\/www.modula4.com\/de\/uber-uns\/karriere\/technical-integrator-2\/","url":"https:\/\/www.modula4.com\/de\/uber-uns\/karriere\/technical-integrator-2\/","name":"Technical Integrator Position at Modula4","isPartOf":{"@id":"https:\/\/www.modula4.com\/#website"},"datePublished":"2014-12-30T09:30:09+00:00","dateModified":"2015-06-10T12:22:05+00:00","description":"Technical Integrators typically work at client sites performing training and installation, and assist in sales by speaking with prospective clients and conducting demos.","breadcrumb":{"@id":"https:\/\/www.modula4.com\/de\/uber-uns\/karriere\/technical-integrator-2\/#breadcrumb"},"inLanguage":"de","potentialAction":[{"@type":"ReadAction","target":["https:\/\/www.modula4.com\/de\/uber-uns\/karriere\/technical-integrator-2\/"]}]},{"@type":"BreadcrumbList","@id":"https:\/\/www.modula4.com\/de\/uber-uns\/karriere\/technical-integrator-2\/#breadcrumb","itemListElement":[{"@type":"ListItem","position":1,"name":"Home","item":"https:\/\/www.modula4.com\/de\/"},{"@type":"ListItem","position":2,"name":"\u00dcber Uns","item":"https:\/\/www.modula4.com\/de\/uber-uns\/"},{"@type":"ListItem","position":3,"name":"Karriere","item":"https:\/\/www.modula4.com\/de\/uber-uns\/karriere\/"},{"@type":"ListItem","position":4,"name":"Technischer Integrator"}]},{"@type":"WebSite","@id":"https:\/\/www.modula4.com\/#website","url":"https:\/\/www.modula4.com\/","name":"Modula4","description":"Dedicated Experts. Complete Solutions. Real Results.","publisher":{"@id":"https:\/\/www.modula4.com\/#organization"},"potentialAction":[{"@type":"SearchAction","target":{"@type":"EntryPoint","urlTemplate":"https:\/\/www.modula4.com\/?s={search_term_string}"},"query-input":{"@type":"PropertyValueSpecification","valueRequired":true,"valueName":"search_term_string"}}],"inLanguage":"de"},{"@type":"Organization","@id":"https:\/\/www.modula4.com\/#organization","name":"Modula4","url":"https:\/\/www.modula4.com\/","logo":{"@type":"ImageObject","inLanguage":"de","@id":"https:\/\/www.modula4.com\/#\/schema\/logo\/image\/","url":"https:\/\/www.modula4.com\/wp-content\/uploads\/M4-Logo-rgb.png","contentUrl":"https:\/\/www.modula4.com\/wp-content\/uploads\/M4-Logo-rgb.png","width":190,"height":42,"caption":"Modula4"},"image":{"@id":"https:\/\/www.modula4.com\/#\/schema\/logo\/image\/"},"sameAs":["https:\/\/www.linkedin.com\/company\/modula4\/"]}]}},"_links":{"self":[{"href":"https:\/\/www.modula4.com\/de\/wp-json\/wp\/v2\/pages\/7223","targetHints":{"allow":["GET"]}}],"collection":[{"href":"https:\/\/www.modula4.com\/de\/wp-json\/wp\/v2\/pages"}],"about":[{"href":"https:\/\/www.modula4.com\/de\/wp-json\/wp\/v2\/types\/page"}],"author":[{"embeddable":true,"href":"https:\/\/www.modula4.com\/de\/wp-json\/wp\/v2\/users\/2"}],"replies":[{"embeddable":true,"href":"https:\/\/www.modula4.com\/de\/wp-json\/wp\/v2\/comments?post=7223"}],"version-history":[{"count":2,"href":"https:\/\/www.modula4.com\/de\/wp-json\/wp\/v2\/pages\/7223\/revisions"}],"predecessor-version":[{"id":8382,"href":"https:\/\/www.modula4.com\/de\/wp-json\/wp\/v2\/pages\/7223\/revisions\/8382"}],"up":[{"embeddable":true,"href":"https:\/\/www.modula4.com\/de\/wp-json\/wp\/v2\/pages\/6007"}],"wp:attachment":[{"href":"https:\/\/www.modula4.com\/de\/wp-json\/wp\/v2\/media?parent=7223"}],"curies":[{"name":"wp","href":"https:\/\/api.w.org\/{rel}","templated":true}]}}