{"id":6093,"date":"2014-03-03T06:55:18","date_gmt":"2014-03-03T14:55:18","guid":{"rendered":"http:\/\/www.modula4.com\/s3-connector-fur-cumulus\/"},"modified":"2021-08-31T04:06:57","modified_gmt":"2021-08-31T11:06:57","slug":"s3-connector","status":"publish","type":"page","link":"https:\/\/www.modula4.com\/de\/produkte\/weitere-produkte\/s3-connector\/","title":{"rendered":"S3 Connector"},"content":{"rendered":"<h2>Schnellere Downloads weltweit<\/h2>\n<p>Amazon S3 (Simple Storage Service) ist ein flexibler cloudbasierter Dateispeicherdienst, mit dem Sie jederzeit, \u00fcberall und unbegrenzt Fotos, Videos, Dokumente und beliebige andere Dateien speichern und abrufen k\u00f6nnen. So bringen Sie Ihre Assets kosteng\u00fcnstig jenen Menschen n\u00e4her, die diese brauchen. Reduzieren Sie Downloadzeiten und Kosten f\u00fcr die Bereitstellung gro\u00dfer Bandbreiten, wie Sie sie f\u00fcr die lokale Speicherung Ihrer Assets bislang ben\u00f6tigen.<\/p>\n<p>Das Herunterladen gro\u00dfer Dateien kann jede Menge Zeit kosten, wenn Sie sich weit weg vom Serverstandort befinden. Je gr\u00f6\u00dfer die Entfernung, desto langsamer ist in der Regel die Internetverbindung. Doch wenn Sie Ihre Assets in der Amazon S3 Cloud hinterlegen, befinden sich Ihre Nutzer nie mehr weit weg von Ihren Assets.<\/p>\n<p style=\"text-align: center;\"><a href=\"http:\/\/www.modula4.com\/wp-content\/uploads\/InfoS3-2.jpg\"><img loading=\"lazy\" decoding=\"async\" class=\"aligncenter  wp-image-5445\" src=\"http:\/\/www.modula4.com\/wp-content\/uploads\/InfoS3-2-550x362.jpg\" alt=\"InfoS3-2\" width=\"495\" height=\"326\" \/><\/a><\/p>\n<p>Suchen Sie im DAM und downloaden Sie von S3, alles in einem Zug. Sie k\u00f6nnen wahlweise auch Assets f\u00fcr ausschlie\u00dflich internen Gebrauch lokal speichern, w\u00e4hrend Sie S3 f\u00fcr jene Assets nutzen, die Sie \u00fcberwiegend externen Benutzern zug\u00e4nglich machen wollen. Die Verteilung der Daten bleibt nach wie vor sicher und Zugriff auf autorisierte Benutzer beschr\u00e4nkt.<\/p>\n<p>Mit dem S3 Connector k\u00f6nnen Sie eine Verbindung zu einer unbegrenzten Anzahl von S3-Servern herstellen. Wenn Ihre Benutzer \u00fcber ein weites geografisches Gebiet verteilt sind, wird sichergestellt, dass jeder Benutzer Dateien vom n\u00e4chstgelegenen S3-Server herunterladen kann, um den schnellsten Zugriff auf die Assets zu erhalten.<\/p>\n<p>Vorteile:<\/p>\n<ul>\n<li>Kosteng\u00fcnstiges Cloud-Storage f\u00fcr DAM-Assets<\/li>\n<li>Verk\u00fcrzung der Downloadzeiten f\u00fcr weit entfernte Benutzer<\/li>\n<li>Geringere Verbindungskosten und Vermeidung von Verbindungsengp\u00e4ssen im Vergleich mit lokaler Speicherung von Assets<\/li>\n<li>Sichere Datenverteilung ohne die \u00fcblichen Risiken \u00f6ffentlicher Clouds und CDN-L\u00f6sungen<\/li>\n<li>Download weltweit automatisch vom n\u00e4chstgelegenen S3-Server (nur S3 Connector Multi)<\/li>\n<\/ul>\n<p><a title=\"Request Information\" href=\"http:\/\/www.modula4.com\/de\/kontakt\/\">Kontaktieren Sie Modula4<\/a>, um mehr \u00fcber den S3 Connector zu erfahren.<\/p>\n\n\n<p><\/p>\n","protected":false},"excerpt":{"rendered":"<p>Schnellere Downloads weltweit Amazon S3 (Simple Storage Service) ist ein flexibler cloudbasierter Dateispeicherdienst, mit dem Sie jederzeit, \u00fcberall und unbegrenzt Fotos, Videos, Dokumente und beliebige andere Dateien speichern und abrufen k\u00f6nnen. So bringen Sie Ihre Assets kosteng\u00fcnstig jenen Menschen n\u00e4her, die diese brauchen. Reduzieren Sie Downloadzeiten und Kosten f\u00fcr die Bereitstellung gro\u00dfer Bandbreiten, wie Sie <a class=\"read-more\" href=\"https:\/\/www.modula4.com\/de\/produkte\/weitere-produkte\/s3-connector\/\">&#8230; &nbsp;Weiterlesen &gt;<\/a><\/p>\n","protected":false},"author":2,"featured_media":0,"parent":9533,"menu_order":45,"comment_status":"closed","ping_status":"closed","template":"","meta":{"_monsterinsights_skip_tracking":false,"_monsterinsights_sitenote_active":false,"_monsterinsights_sitenote_note":"","_monsterinsights_sitenote_category":0,"footnotes":""},"class_list":["post-6093","page","type-page","status-publish","hentry"],"yoast_head":"<!-- This site is optimized with the Yoast SEO Premium plugin v26.4 (Yoast SEO v27.3) - https:\/\/yoast.com\/product\/yoast-seo-premium-wordpress\/ -->\n<title>Amazon S3 Connector for Canto Cumulus<\/title>\n<meta name=\"description\" content=\"Modula4 Connector for Amazon S3 lets organizations provide faster downloads of assets to their uses worldwide.\" \/>\n<meta name=\"robots\" content=\"index, follow, max-snippet:-1, max-image-preview:large, max-video-preview:-1\" \/>\n<link rel=\"canonical\" href=\"https:\/\/www.modula4.com\/de\/produkte\/modula4-produkte\/s3-connector\/\" \/>\n<meta property=\"og:locale\" content=\"de_DE\" \/>\n<meta property=\"og:type\" content=\"article\" \/>\n<meta property=\"og:title\" content=\"S3 Connector\" \/>\n<meta property=\"og:description\" content=\"Modula4 Connector for Amazon S3 lets organizations provide faster downloads of assets to their uses worldwide.\" \/>\n<meta property=\"og:url\" content=\"https:\/\/www.modula4.com\/de\/produkte\/modula4-produkte\/s3-connector\/\" \/>\n<meta property=\"og:site_name\" content=\"Modula4\" \/>\n<meta property=\"article:publisher\" content=\"https:\/\/www.linkedin.com\/company\/modula4\/\" \/>\n<meta property=\"article:modified_time\" content=\"2021-08-31T11:06:57+00:00\" \/>\n<meta property=\"og:image\" content=\"http:\/\/www.modula4.com\/wp-content\/uploads\/InfoS3-2-550x362.jpg\" \/>\n<meta name=\"twitter:label1\" content=\"Gesch\u00e4tzte Lesezeit\" \/>\n\t<meta name=\"twitter:data1\" content=\"2\u00a0Minuten\" \/>\n<script type=\"application\/ld+json\" class=\"yoast-schema-graph\">{\"@context\":\"https:\\\/\\\/schema.org\",\"@graph\":[{\"@type\":\"WebPage\",\"@id\":\"https:\\\/\\\/www.modula4.com\\\/de\\\/produkte\\\/modula4-produkte\\\/s3-connector\\\/\",\"url\":\"https:\\\/\\\/www.modula4.com\\\/de\\\/produkte\\\/modula4-produkte\\\/s3-connector\\\/\",\"name\":\"Amazon S3 Connector for Canto Cumulus\",\"isPartOf\":{\"@id\":\"https:\\\/\\\/www.modula4.com\\\/#website\"},\"primaryImageOfPage\":{\"@id\":\"https:\\\/\\\/www.modula4.com\\\/de\\\/produkte\\\/modula4-produkte\\\/s3-connector\\\/#primaryimage\"},\"image\":{\"@id\":\"https:\\\/\\\/www.modula4.com\\\/de\\\/produkte\\\/modula4-produkte\\\/s3-connector\\\/#primaryimage\"},\"thumbnailUrl\":\"http:\\\/\\\/www.modula4.com\\\/wp-content\\\/uploads\\\/InfoS3-2-550x362.jpg\",\"datePublished\":\"2014-03-03T14:55:18+00:00\",\"dateModified\":\"2021-08-31T11:06:57+00:00\",\"description\":\"Modula4 Connector for Amazon S3 lets organizations provide faster downloads of assets to their uses worldwide.\",\"breadcrumb\":{\"@id\":\"https:\\\/\\\/www.modula4.com\\\/de\\\/produkte\\\/modula4-produkte\\\/s3-connector\\\/#breadcrumb\"},\"inLanguage\":\"de\",\"potentialAction\":[{\"@type\":\"ReadAction\",\"target\":[\"https:\\\/\\\/www.modula4.com\\\/de\\\/produkte\\\/modula4-produkte\\\/s3-connector\\\/\"]}]},{\"@type\":\"ImageObject\",\"inLanguage\":\"de\",\"@id\":\"https:\\\/\\\/www.modula4.com\\\/de\\\/produkte\\\/modula4-produkte\\\/s3-connector\\\/#primaryimage\",\"url\":\"http:\\\/\\\/www.modula4.com\\\/wp-content\\\/uploads\\\/InfoS3-2-550x362.jpg\",\"contentUrl\":\"http:\\\/\\\/www.modula4.com\\\/wp-content\\\/uploads\\\/InfoS3-2-550x362.jpg\"},{\"@type\":\"BreadcrumbList\",\"@id\":\"https:\\\/\\\/www.modula4.com\\\/de\\\/produkte\\\/modula4-produkte\\\/s3-connector\\\/#breadcrumb\",\"itemListElement\":[{\"@type\":\"ListItem\",\"position\":1,\"name\":\"Home\",\"item\":\"https:\\\/\\\/www.modula4.com\\\/de\\\/\"},{\"@type\":\"ListItem\",\"position\":2,\"name\":\"Produkte\",\"item\":\"https:\\\/\\\/www.modula4.com\\\/de\\\/produkte\\\/\"},{\"@type\":\"ListItem\",\"position\":3,\"name\":\"Andere Modula4 Produkte\",\"item\":\"https:\\\/\\\/www.modula4.com\\\/de\\\/produkte\\\/modula4-produkte\\\/\"},{\"@type\":\"ListItem\",\"position\":4,\"name\":\"S3 Connector\"}]},{\"@type\":\"WebSite\",\"@id\":\"https:\\\/\\\/www.modula4.com\\\/#website\",\"url\":\"https:\\\/\\\/www.modula4.com\\\/\",\"name\":\"Modula4\",\"description\":\"Dedicated Experts. Complete Solutions. Real Results.\",\"publisher\":{\"@id\":\"https:\\\/\\\/www.modula4.com\\\/#organization\"},\"potentialAction\":[{\"@type\":\"SearchAction\",\"target\":{\"@type\":\"EntryPoint\",\"urlTemplate\":\"https:\\\/\\\/www.modula4.com\\\/?s={search_term_string}\"},\"query-input\":{\"@type\":\"PropertyValueSpecification\",\"valueRequired\":true,\"valueName\":\"search_term_string\"}}],\"inLanguage\":\"de\"},{\"@type\":\"Organization\",\"@id\":\"https:\\\/\\\/www.modula4.com\\\/#organization\",\"name\":\"Modula4\",\"url\":\"https:\\\/\\\/www.modula4.com\\\/\",\"logo\":{\"@type\":\"ImageObject\",\"inLanguage\":\"de\",\"@id\":\"https:\\\/\\\/www.modula4.com\\\/#\\\/schema\\\/logo\\\/image\\\/\",\"url\":\"https:\\\/\\\/www.modula4.com\\\/wp-content\\\/uploads\\\/M4-Logo-rgb.png\",\"contentUrl\":\"https:\\\/\\\/www.modula4.com\\\/wp-content\\\/uploads\\\/M4-Logo-rgb.png\",\"width\":190,\"height\":42,\"caption\":\"Modula4\"},\"image\":{\"@id\":\"https:\\\/\\\/www.modula4.com\\\/#\\\/schema\\\/logo\\\/image\\\/\"},\"sameAs\":[\"https:\\\/\\\/www.linkedin.com\\\/company\\\/modula4\\\/\"]}]}<\/script>\n<!-- \/ Yoast SEO Premium plugin. -->","yoast_head_json":{"title":"Amazon S3 Connector for Canto Cumulus","description":"Modula4 Connector for Amazon S3 lets organizations provide faster downloads of assets to their uses worldwide.","robots":{"index":"index","follow":"follow","max-snippet":"max-snippet:-1","max-image-preview":"max-image-preview:large","max-video-preview":"max-video-preview:-1"},"canonical":"https:\/\/www.modula4.com\/de\/produkte\/modula4-produkte\/s3-connector\/","og_locale":"de_DE","og_type":"article","og_title":"S3 Connector","og_description":"Modula4 Connector for Amazon S3 lets organizations provide faster downloads of assets to their uses worldwide.","og_url":"https:\/\/www.modula4.com\/de\/produkte\/modula4-produkte\/s3-connector\/","og_site_name":"Modula4","article_publisher":"https:\/\/www.linkedin.com\/company\/modula4\/","article_modified_time":"2021-08-31T11:06:57+00:00","og_image":[{"url":"http:\/\/www.modula4.com\/wp-content\/uploads\/InfoS3-2-550x362.jpg","type":"","width":"","height":""}],"twitter_misc":{"Gesch\u00e4tzte Lesezeit":"2\u00a0Minuten"},"schema":{"@context":"https:\/\/schema.org","@graph":[{"@type":"WebPage","@id":"https:\/\/www.modula4.com\/de\/produkte\/modula4-produkte\/s3-connector\/","url":"https:\/\/www.modula4.com\/de\/produkte\/modula4-produkte\/s3-connector\/","name":"Amazon S3 Connector for Canto Cumulus","isPartOf":{"@id":"https:\/\/www.modula4.com\/#website"},"primaryImageOfPage":{"@id":"https:\/\/www.modula4.com\/de\/produkte\/modula4-produkte\/s3-connector\/#primaryimage"},"image":{"@id":"https:\/\/www.modula4.com\/de\/produkte\/modula4-produkte\/s3-connector\/#primaryimage"},"thumbnailUrl":"http:\/\/www.modula4.com\/wp-content\/uploads\/InfoS3-2-550x362.jpg","datePublished":"2014-03-03T14:55:18+00:00","dateModified":"2021-08-31T11:06:57+00:00","description":"Modula4 Connector for Amazon S3 lets organizations provide faster downloads of assets to their uses worldwide.","breadcrumb":{"@id":"https:\/\/www.modula4.com\/de\/produkte\/modula4-produkte\/s3-connector\/#breadcrumb"},"inLanguage":"de","potentialAction":[{"@type":"ReadAction","target":["https:\/\/www.modula4.com\/de\/produkte\/modula4-produkte\/s3-connector\/"]}]},{"@type":"ImageObject","inLanguage":"de","@id":"https:\/\/www.modula4.com\/de\/produkte\/modula4-produkte\/s3-connector\/#primaryimage","url":"http:\/\/www.modula4.com\/wp-content\/uploads\/InfoS3-2-550x362.jpg","contentUrl":"http:\/\/www.modula4.com\/wp-content\/uploads\/InfoS3-2-550x362.jpg"},{"@type":"BreadcrumbList","@id":"https:\/\/www.modula4.com\/de\/produkte\/modula4-produkte\/s3-connector\/#breadcrumb","itemListElement":[{"@type":"ListItem","position":1,"name":"Home","item":"https:\/\/www.modula4.com\/de\/"},{"@type":"ListItem","position":2,"name":"Produkte","item":"https:\/\/www.modula4.com\/de\/produkte\/"},{"@type":"ListItem","position":3,"name":"Andere Modula4 Produkte","item":"https:\/\/www.modula4.com\/de\/produkte\/modula4-produkte\/"},{"@type":"ListItem","position":4,"name":"S3 Connector"}]},{"@type":"WebSite","@id":"https:\/\/www.modula4.com\/#website","url":"https:\/\/www.modula4.com\/","name":"Modula4","description":"Dedicated Experts. Complete Solutions. Real Results.","publisher":{"@id":"https:\/\/www.modula4.com\/#organization"},"potentialAction":[{"@type":"SearchAction","target":{"@type":"EntryPoint","urlTemplate":"https:\/\/www.modula4.com\/?s={search_term_string}"},"query-input":{"@type":"PropertyValueSpecification","valueRequired":true,"valueName":"search_term_string"}}],"inLanguage":"de"},{"@type":"Organization","@id":"https:\/\/www.modula4.com\/#organization","name":"Modula4","url":"https:\/\/www.modula4.com\/","logo":{"@type":"ImageObject","inLanguage":"de","@id":"https:\/\/www.modula4.com\/#\/schema\/logo\/image\/","url":"https:\/\/www.modula4.com\/wp-content\/uploads\/M4-Logo-rgb.png","contentUrl":"https:\/\/www.modula4.com\/wp-content\/uploads\/M4-Logo-rgb.png","width":190,"height":42,"caption":"Modula4"},"image":{"@id":"https:\/\/www.modula4.com\/#\/schema\/logo\/image\/"},"sameAs":["https:\/\/www.linkedin.com\/company\/modula4\/"]}]}},"_links":{"self":[{"href":"https:\/\/www.modula4.com\/de\/wp-json\/wp\/v2\/pages\/6093","targetHints":{"allow":["GET"]}}],"collection":[{"href":"https:\/\/www.modula4.com\/de\/wp-json\/wp\/v2\/pages"}],"about":[{"href":"https:\/\/www.modula4.com\/de\/wp-json\/wp\/v2\/types\/page"}],"author":[{"embeddable":true,"href":"https:\/\/www.modula4.com\/de\/wp-json\/wp\/v2\/users\/2"}],"replies":[{"embeddable":true,"href":"https:\/\/www.modula4.com\/de\/wp-json\/wp\/v2\/comments?post=6093"}],"version-history":[{"count":6,"href":"https:\/\/www.modula4.com\/de\/wp-json\/wp\/v2\/pages\/6093\/revisions"}],"predecessor-version":[{"id":11137,"href":"https:\/\/www.modula4.com\/de\/wp-json\/wp\/v2\/pages\/6093\/revisions\/11137"}],"up":[{"embeddable":true,"href":"https:\/\/www.modula4.com\/de\/wp-json\/wp\/v2\/pages\/9533"}],"wp:attachment":[{"href":"https:\/\/www.modula4.com\/de\/wp-json\/wp\/v2\/media?parent=6093"}],"curies":[{"name":"wp","href":"https:\/\/api.w.org\/{rel}","templated":true}]}}