{"id":6089,"date":"2013-11-04T15:45:36","date_gmt":"2013-11-04T23:45:36","guid":{"rendered":"http:\/\/www.modula4.com\/multisite-add-on\/"},"modified":"2021-08-31T03:50:42","modified_gmt":"2021-08-31T10:50:42","slug":"multisite","status":"publish","type":"page","link":"https:\/\/www.modula4.com\/de\/produkte\/weitere-produkte\/multisite\/","title":{"rendered":"Multisite"},"content":{"rendered":"<h2>Erstellen Sie mehrere Webportale ganz einfach mit Multisite<\/h2>\n<p>DAM-Systeme haben \u00fcblicherweise mehrere Nutzergruppen wie Produktionsmitarbeiter, Manager, Gesch\u00e4ftspartner oder die \u00d6ffentlichkeit. Mit Multisite gestalten Sie m\u00fchelos f\u00fcr jedes Publikum ein individuelles Webportal mit einer spezifischen UX. Durch ma\u00dfgeschneidertes Design, Branding und Funktionalit\u00e4t f\u00fcr jedes Publikum gestalten Sie eine positive Nutzerfahrung und verbessern zugleich die Effektivit\u00e4t.<\/p>\n<p>Multisite erlaubt Ihnen, f\u00fcr jede Nutzergruppe ein individuelles DAM Portal zu erschaffen. Die Einstellungen umfassen:<\/p>\n<ul>\n<li>CSS<\/li>\n<li>Kataloge<\/li>\n<li>Icons\/Logos\/Grafiken (f\u00fcr Branding)<\/li>\n<li>QuickSearch Felder<\/li>\n<li>Sortierung<\/li>\n<li>Upload Einstellungen<\/li>\n<li>Datensatz-Ansichten-Sets<\/li>\n<li>Freigabe\/Sperrung ausgew\u00e4hlter Features f\u00fcr jede einzelne Seite<\/li>\n<\/ul>\n<p>W\u00e4hrend Multisite es Ihnen erlaubt, das Portal jeder Nutzergruppe individuell zu konfigurieren, werden globale Einstellungen durch ein gemeinsames Interface kontrolliert. Das erleichtert die Betreuung und Wartung der Seiten nachhaltig.<\/p>\n<p><a href=\"http:\/\/www.modula4.com\/de\/kontakt\/\" target=\"_self\" rel=\"noopener noreferrer\">Fragen Sie uns<\/a>, wenn Sie mehr \u00fcber Multisite erfahren m\u00f6chten oder eine Demo w\u00fcnschen.<\/p>\n","protected":false},"excerpt":{"rendered":"<p>Erstellen Sie mehrere Webportale ganz einfach mit Multisite DAM-Systeme haben \u00fcblicherweise mehrere Nutzergruppen wie Produktionsmitarbeiter, Manager, Gesch\u00e4ftspartner oder die \u00d6ffentlichkeit. Mit Multisite gestalten Sie m\u00fchelos f\u00fcr jedes Publikum ein individuelles Webportal mit einer spezifischen UX. Durch ma\u00dfgeschneidertes Design, Branding und Funktionalit\u00e4t f\u00fcr jedes Publikum gestalten Sie eine positive Nutzerfahrung und verbessern zugleich die Effektivit\u00e4t. Multisite <a class=\"read-more\" href=\"https:\/\/www.modula4.com\/de\/produkte\/weitere-produkte\/multisite\/\">&#8230; &nbsp;Weiterlesen &gt;<\/a><\/p>\n","protected":false},"author":2,"featured_media":0,"parent":9533,"menu_order":40,"comment_status":"closed","ping_status":"closed","template":"","meta":{"_monsterinsights_skip_tracking":false,"_monsterinsights_sitenote_active":false,"_monsterinsights_sitenote_note":"","_monsterinsights_sitenote_category":0,"footnotes":""},"class_list":["post-6089","page","type-page","status-publish","hentry"],"yoast_head":"<!-- This site is optimized with the Yoast SEO Premium plugin v26.4 (Yoast SEO v27.4) - https:\/\/yoast.com\/product\/yoast-seo-premium-wordpress\/ -->\n<title>Multisite - Modula4<\/title>\n<meta name=\"robots\" content=\"index, follow, max-snippet:-1, max-image-preview:large, max-video-preview:-1\" \/>\n<link rel=\"canonical\" href=\"https:\/\/www.modula4.com\/de\/produkte\/modula4-produkte\/multisite\/\" \/>\n<meta property=\"og:locale\" content=\"de_DE\" \/>\n<meta property=\"og:type\" content=\"article\" \/>\n<meta property=\"og:title\" content=\"Multisite\" \/>\n<meta property=\"og:description\" content=\"Erstellen Sie mehrere Webportale ganz einfach mit Multisite DAM-Systeme haben \u00fcblicherweise mehrere Nutzergruppen wie Produktionsmitarbeiter, Manager, Gesch\u00e4ftspartner oder die \u00d6ffentlichkeit. Mit Multisite gestalten Sie m\u00fchelos f\u00fcr jedes Publikum ein individuelles Webportal mit einer spezifischen UX. Durch ma\u00dfgeschneidertes Design, Branding und Funktionalit\u00e4t f\u00fcr jedes Publikum gestalten Sie eine positive Nutzerfahrung und verbessern zugleich die Effektivit\u00e4t. Multisite ... &nbsp;Weiterlesen &gt;\" \/>\n<meta property=\"og:url\" content=\"https:\/\/www.modula4.com\/de\/produkte\/modula4-produkte\/multisite\/\" \/>\n<meta property=\"og:site_name\" content=\"Modula4\" \/>\n<meta property=\"article:publisher\" content=\"https:\/\/www.linkedin.com\/company\/modula4\/\" \/>\n<meta property=\"article:modified_time\" content=\"2021-08-31T10:50:42+00:00\" \/>\n<meta name=\"twitter:label1\" content=\"Gesch\u00e4tzte Lesezeit\" \/>\n\t<meta name=\"twitter:data1\" content=\"1\u00a0Minute\" \/>\n<script type=\"application\/ld+json\" class=\"yoast-schema-graph\">{\"@context\":\"https:\\\/\\\/schema.org\",\"@graph\":[{\"@type\":\"WebPage\",\"@id\":\"https:\\\/\\\/www.modula4.com\\\/de\\\/produkte\\\/modula4-produkte\\\/multisite\\\/\",\"url\":\"https:\\\/\\\/www.modula4.com\\\/de\\\/produkte\\\/modula4-produkte\\\/multisite\\\/\",\"name\":\"Multisite - Modula4\",\"isPartOf\":{\"@id\":\"https:\\\/\\\/www.modula4.com\\\/#website\"},\"datePublished\":\"2013-11-04T23:45:36+00:00\",\"dateModified\":\"2021-08-31T10:50:42+00:00\",\"breadcrumb\":{\"@id\":\"https:\\\/\\\/www.modula4.com\\\/de\\\/produkte\\\/modula4-produkte\\\/multisite\\\/#breadcrumb\"},\"inLanguage\":\"de\",\"potentialAction\":[{\"@type\":\"ReadAction\",\"target\":[\"https:\\\/\\\/www.modula4.com\\\/de\\\/produkte\\\/modula4-produkte\\\/multisite\\\/\"]}]},{\"@type\":\"BreadcrumbList\",\"@id\":\"https:\\\/\\\/www.modula4.com\\\/de\\\/produkte\\\/modula4-produkte\\\/multisite\\\/#breadcrumb\",\"itemListElement\":[{\"@type\":\"ListItem\",\"position\":1,\"name\":\"Home\",\"item\":\"https:\\\/\\\/www.modula4.com\\\/de\\\/\"},{\"@type\":\"ListItem\",\"position\":2,\"name\":\"Produkte\",\"item\":\"https:\\\/\\\/www.modula4.com\\\/de\\\/produkte\\\/\"},{\"@type\":\"ListItem\",\"position\":3,\"name\":\"Andere Modula4 Produkte\",\"item\":\"https:\\\/\\\/www.modula4.com\\\/de\\\/produkte\\\/modula4-produkte\\\/\"},{\"@type\":\"ListItem\",\"position\":4,\"name\":\"Multisite\"}]},{\"@type\":\"WebSite\",\"@id\":\"https:\\\/\\\/www.modula4.com\\\/#website\",\"url\":\"https:\\\/\\\/www.modula4.com\\\/\",\"name\":\"Modula4\",\"description\":\"Dedicated Experts. Complete Solutions. Real Results.\",\"publisher\":{\"@id\":\"https:\\\/\\\/www.modula4.com\\\/#organization\"},\"potentialAction\":[{\"@type\":\"SearchAction\",\"target\":{\"@type\":\"EntryPoint\",\"urlTemplate\":\"https:\\\/\\\/www.modula4.com\\\/?s={search_term_string}\"},\"query-input\":{\"@type\":\"PropertyValueSpecification\",\"valueRequired\":true,\"valueName\":\"search_term_string\"}}],\"inLanguage\":\"de\"},{\"@type\":\"Organization\",\"@id\":\"https:\\\/\\\/www.modula4.com\\\/#organization\",\"name\":\"Modula4\",\"url\":\"https:\\\/\\\/www.modula4.com\\\/\",\"logo\":{\"@type\":\"ImageObject\",\"inLanguage\":\"de\",\"@id\":\"https:\\\/\\\/www.modula4.com\\\/#\\\/schema\\\/logo\\\/image\\\/\",\"url\":\"https:\\\/\\\/www.modula4.com\\\/wp-content\\\/uploads\\\/M4-Logo-rgb.png\",\"contentUrl\":\"https:\\\/\\\/www.modula4.com\\\/wp-content\\\/uploads\\\/M4-Logo-rgb.png\",\"width\":190,\"height\":42,\"caption\":\"Modula4\"},\"image\":{\"@id\":\"https:\\\/\\\/www.modula4.com\\\/#\\\/schema\\\/logo\\\/image\\\/\"},\"sameAs\":[\"https:\\\/\\\/www.linkedin.com\\\/company\\\/modula4\\\/\"]}]}<\/script>\n<!-- \/ Yoast SEO Premium plugin. -->","yoast_head_json":{"title":"Multisite - Modula4","robots":{"index":"index","follow":"follow","max-snippet":"max-snippet:-1","max-image-preview":"max-image-preview:large","max-video-preview":"max-video-preview:-1"},"canonical":"https:\/\/www.modula4.com\/de\/produkte\/modula4-produkte\/multisite\/","og_locale":"de_DE","og_type":"article","og_title":"Multisite","og_description":"Erstellen Sie mehrere Webportale ganz einfach mit Multisite DAM-Systeme haben \u00fcblicherweise mehrere Nutzergruppen wie Produktionsmitarbeiter, Manager, Gesch\u00e4ftspartner oder die \u00d6ffentlichkeit. Mit Multisite gestalten Sie m\u00fchelos f\u00fcr jedes Publikum ein individuelles Webportal mit einer spezifischen UX. Durch ma\u00dfgeschneidertes Design, Branding und Funktionalit\u00e4t f\u00fcr jedes Publikum gestalten Sie eine positive Nutzerfahrung und verbessern zugleich die Effektivit\u00e4t. Multisite ... &nbsp;Weiterlesen &gt;","og_url":"https:\/\/www.modula4.com\/de\/produkte\/modula4-produkte\/multisite\/","og_site_name":"Modula4","article_publisher":"https:\/\/www.linkedin.com\/company\/modula4\/","article_modified_time":"2021-08-31T10:50:42+00:00","twitter_misc":{"Gesch\u00e4tzte Lesezeit":"1\u00a0Minute"},"schema":{"@context":"https:\/\/schema.org","@graph":[{"@type":"WebPage","@id":"https:\/\/www.modula4.com\/de\/produkte\/modula4-produkte\/multisite\/","url":"https:\/\/www.modula4.com\/de\/produkte\/modula4-produkte\/multisite\/","name":"Multisite - Modula4","isPartOf":{"@id":"https:\/\/www.modula4.com\/#website"},"datePublished":"2013-11-04T23:45:36+00:00","dateModified":"2021-08-31T10:50:42+00:00","breadcrumb":{"@id":"https:\/\/www.modula4.com\/de\/produkte\/modula4-produkte\/multisite\/#breadcrumb"},"inLanguage":"de","potentialAction":[{"@type":"ReadAction","target":["https:\/\/www.modula4.com\/de\/produkte\/modula4-produkte\/multisite\/"]}]},{"@type":"BreadcrumbList","@id":"https:\/\/www.modula4.com\/de\/produkte\/modula4-produkte\/multisite\/#breadcrumb","itemListElement":[{"@type":"ListItem","position":1,"name":"Home","item":"https:\/\/www.modula4.com\/de\/"},{"@type":"ListItem","position":2,"name":"Produkte","item":"https:\/\/www.modula4.com\/de\/produkte\/"},{"@type":"ListItem","position":3,"name":"Andere Modula4 Produkte","item":"https:\/\/www.modula4.com\/de\/produkte\/modula4-produkte\/"},{"@type":"ListItem","position":4,"name":"Multisite"}]},{"@type":"WebSite","@id":"https:\/\/www.modula4.com\/#website","url":"https:\/\/www.modula4.com\/","name":"Modula4","description":"Dedicated Experts. Complete Solutions. Real Results.","publisher":{"@id":"https:\/\/www.modula4.com\/#organization"},"potentialAction":[{"@type":"SearchAction","target":{"@type":"EntryPoint","urlTemplate":"https:\/\/www.modula4.com\/?s={search_term_string}"},"query-input":{"@type":"PropertyValueSpecification","valueRequired":true,"valueName":"search_term_string"}}],"inLanguage":"de"},{"@type":"Organization","@id":"https:\/\/www.modula4.com\/#organization","name":"Modula4","url":"https:\/\/www.modula4.com\/","logo":{"@type":"ImageObject","inLanguage":"de","@id":"https:\/\/www.modula4.com\/#\/schema\/logo\/image\/","url":"https:\/\/www.modula4.com\/wp-content\/uploads\/M4-Logo-rgb.png","contentUrl":"https:\/\/www.modula4.com\/wp-content\/uploads\/M4-Logo-rgb.png","width":190,"height":42,"caption":"Modula4"},"image":{"@id":"https:\/\/www.modula4.com\/#\/schema\/logo\/image\/"},"sameAs":["https:\/\/www.linkedin.com\/company\/modula4\/"]}]}},"_links":{"self":[{"href":"https:\/\/www.modula4.com\/de\/wp-json\/wp\/v2\/pages\/6089","targetHints":{"allow":["GET"]}}],"collection":[{"href":"https:\/\/www.modula4.com\/de\/wp-json\/wp\/v2\/pages"}],"about":[{"href":"https:\/\/www.modula4.com\/de\/wp-json\/wp\/v2\/types\/page"}],"author":[{"embeddable":true,"href":"https:\/\/www.modula4.com\/de\/wp-json\/wp\/v2\/users\/2"}],"replies":[{"embeddable":true,"href":"https:\/\/www.modula4.com\/de\/wp-json\/wp\/v2\/comments?post=6089"}],"version-history":[{"count":9,"href":"https:\/\/www.modula4.com\/de\/wp-json\/wp\/v2\/pages\/6089\/revisions"}],"predecessor-version":[{"id":11133,"href":"https:\/\/www.modula4.com\/de\/wp-json\/wp\/v2\/pages\/6089\/revisions\/11133"}],"up":[{"embeddable":true,"href":"https:\/\/www.modula4.com\/de\/wp-json\/wp\/v2\/pages\/9533"}],"wp:attachment":[{"href":"https:\/\/www.modula4.com\/de\/wp-json\/wp\/v2\/media?parent=6089"}],"curies":[{"name":"wp","href":"https:\/\/api.w.org\/{rel}","templated":true}]}}