{"id":6074,"date":"2012-11-09T15:31:46","date_gmt":"2012-11-09T20:31:46","guid":{"rendered":"http:\/\/www.modula4.com\/software-entwickler\/"},"modified":"2014-11-13T07:24:26","modified_gmt":"2014-11-13T15:24:26","slug":"software-entwickler","status":"publish","type":"page","link":"https:\/\/www.modula4.com\/de\/uber-uns\/karriere\/software-entwickler\/","title":{"rendered":"Software Entwickler"},"content":{"rendered":"<p><strong>Location: Berlin &amp; San Rafael <\/strong><br \/>\nModula4, ein f\u00fchrender Anbieter von Digital Asset Management- und Publishing Workflow L\u00f6sungen, sucht einen Software Entwickler f\u00fcr unser B\u00fcro in Berlin, Deutschland. Wir sind ein kleines, dynamisches Unternehmen, das kundenspezifische Medien Management und Workflow L\u00f6sungen einer breiten Palette von Blue-Chip Kunden wie NASA, Stanford University, NVIDIA, Disney, Kohls, Whole Foods, Benefit Cosmetics und vielen mehr bietet. In flexiblen Teams arbeiten Sie an einer Vielzahl von Projekten, Sie definieren und entwickeln individuelle L\u00f6sungen, die unseren Kunden bei der Verwaltung und Verteilung ihrer Bilder, Videos, Layouts und Dokumente helfen.<\/p>\n<p>Ihr Aufgabengebiet beinhaltet:<\/p>\n<ul>\n<li>direkte Zusammenarbeit mit dem Kunden, um W\u00fcnsche und Bed\u00fcrfnissse zu bestimmen<\/li>\n<li>Zusammenarbeit mit Kunden und Mitarbeitern, um die beste Herangehensweise f\u00fcr jede L\u00f6sung zu bestimmen<\/li>\n<li>Schreiben und Bearbeiten von Code f\u00fcr die Entwicklung von kundenspezifischen L\u00f6sungen und Integrationen<\/li>\n<li>Durchf\u00fchrung von QA bei allen Arbeiten<\/li>\n<li>Unterst\u00fctzung bei der Installation von Software beim Klienten<\/li>\n<li>Support f\u00fcr kundenspezifische Softwarel\u00f6sungen<\/li>\n<\/ul>\n<p>Erforderliche Skills: Die Bewerber m\u00fcssen professionelle Kenntnisse in folgenden Sprachen \/ Tools nachweisen:<\/p>\n<ul>\n<li>Java \/ JSP<\/li>\n<li>Eclipse \/ Ant<\/li>\n<li>xHTML \/ XML \/ XSL \/ JS<\/li>\n<\/ul>\n<p>Dar\u00fcber hinaus m\u00fcssen Bewerber auch fundiertes Wissen in folgenden Bereichen besitzen:<\/p>\n<ul>\n<li>Datenbanken<\/li>\n<li>TCP \/ IP-Netzwerke und damit verbundene Dienstleistungen<\/li>\n<\/ul>\n<p>Bevorzugte zus\u00e4tzliche F\u00e4higkeiten:<\/p>\n<ul>\n<li>andere Programmiersprachen<\/li>\n<li>englische Sprache flie\u00dfend<\/li>\n<li>Design Skills<\/li>\n<\/ul>\n<p>Weitere Anforderungen:<\/p>\n<ul>\n<li>Informatik-Abschluss oder gleichwertige Berufserfahrung<\/li>\n<li>Mindestens 2 Jahre Berufserfahrung in der Programmierung relevanten Sprachen<\/li>\n<li>Guter Zuh\u00f6rer: die F\u00e4higkeit, dem Kunden zuzuh\u00f6ren und ihn zu verstehen, pers\u00f6nliche Vorlieben, Meinungen und Haltung zur\u00fcckzustellen, um sich auf die Kundenbed\u00fcrfnisse zu konzentrieren<\/li>\n<li>Selbst\u00e4ndige Arbeitsweise<\/li>\n<li>Offenheit und Bereitschaft, neue Dinge zu lernen \u2013 Sie arbeiten lieber eigenverantwortlich in einem kleinen Team als in einer gro\u00dfen und starren Organisationen<\/li>\n<\/ul>\n<p>Gehalt:<br \/>\nDie Verg\u00fctung erfolgt in angemessenem Verh\u00e4ltnis zu F\u00e4higkeiten und Erfahrungen. Ihre Bewerbung muss Angaben zu Ihrer Gehaltsvorstellung enthalten. Bewerbungen ohne Gehaltsvorstellung werden nicht ber\u00fccksichtigt.<\/p>\n<p>Modula4 ist ein Equal Opportunity Employer. Bitte senden Sie Ihren Lebenslauf, Anschreiben und Gehaltsvorstellung mit dem Betreff \u201cSoftware Entwickler\u201d per <a href=\"mailto:jobs@modula4.com\">E-Mail<\/a>. Modula4 bedankt sich bei allen Bewerbern f\u00fcr ihr Interesse, weist aber darauf hin, dass nur die meistversprechenden Kandidaten kontaktiert werden. Bitte keine Anrufe und keine Personalvermittler. <\/p>\n<p>\u00dcber Modula4<br \/>\nModula4 bietet Digital Asset Management und Publishing Workflow L\u00f6sungen f\u00fcr Kunden in einer Vielzahl von Branchen, darunter: Einzelhandel, Medien &amp; Entertainment, Marketing, Verlagswesen, Beh\u00f6rden und Hochschulen. Wir sind ein internationales Team von Experten f\u00fcr technische Integration, Programmierung, Workflow Beratung, Support und Kundenservice.<\/p>\n","protected":false},"excerpt":{"rendered":"<p>Location: Berlin &amp; San Rafael Modula4, ein f\u00fchrender Anbieter von Digital Asset Management- und Publishing Workflow L\u00f6sungen, sucht einen Software Entwickler f\u00fcr unser B\u00fcro in Berlin, Deutschland. Wir sind ein kleines, dynamisches Unternehmen, das kundenspezifische Medien Management und Workflow L\u00f6sungen einer breiten Palette von Blue-Chip Kunden wie NASA, Stanford University, NVIDIA, Disney, Kohls, Whole Foods, <a class=\"read-more\" href=\"https:\/\/www.modula4.com\/de\/uber-uns\/karriere\/software-entwickler\/\">&#8230; &nbsp;Weiterlesen &gt;<\/a><\/p>\n","protected":false},"author":2,"featured_media":0,"parent":6007,"menu_order":4,"comment_status":"closed","ping_status":"closed","template":"","meta":{"_monsterinsights_skip_tracking":false,"_monsterinsights_sitenote_active":false,"_monsterinsights_sitenote_note":"","_monsterinsights_sitenote_category":0,"footnotes":""},"class_list":["post-6074","page","type-page","status-publish","hentry"],"yoast_head":"<!-- This site is optimized with the Yoast SEO Premium plugin v26.4 (Yoast SEO v27.3) - https:\/\/yoast.com\/product\/yoast-seo-premium-wordpress\/ -->\n<title>Software Entwickler - Modula4<\/title>\n<meta name=\"robots\" content=\"index, follow, max-snippet:-1, max-image-preview:large, max-video-preview:-1\" \/>\n<link rel=\"canonical\" href=\"https:\/\/www.modula4.com\/de\/uber-uns\/karriere\/software-entwickler\/\" \/>\n<meta property=\"og:locale\" content=\"de_DE\" \/>\n<meta property=\"og:type\" content=\"article\" \/>\n<meta property=\"og:title\" content=\"Software Entwickler\" \/>\n<meta property=\"og:description\" content=\"Location: Berlin &amp; San Rafael Modula4, ein f\u00fchrender Anbieter von Digital Asset Management- und Publishing Workflow L\u00f6sungen, sucht einen Software Entwickler f\u00fcr unser B\u00fcro in Berlin, Deutschland. Wir sind ein kleines, dynamisches Unternehmen, das kundenspezifische Medien Management und Workflow L\u00f6sungen einer breiten Palette von Blue-Chip Kunden wie NASA, Stanford University, NVIDIA, Disney, Kohls, Whole Foods, ... &nbsp;Weiterlesen &gt;\" \/>\n<meta property=\"og:url\" content=\"https:\/\/www.modula4.com\/de\/uber-uns\/karriere\/software-entwickler\/\" \/>\n<meta property=\"og:site_name\" content=\"Modula4\" \/>\n<meta property=\"article:publisher\" content=\"https:\/\/www.linkedin.com\/company\/modula4\/\" \/>\n<meta property=\"article:modified_time\" content=\"2014-11-13T15:24:26+00:00\" \/>\n<meta name=\"twitter:label1\" content=\"Gesch\u00e4tzte Lesezeit\" \/>\n\t<meta name=\"twitter:data1\" content=\"2\u00a0Minuten\" \/>\n<script type=\"application\/ld+json\" class=\"yoast-schema-graph\">{\"@context\":\"https:\\\/\\\/schema.org\",\"@graph\":[{\"@type\":\"WebPage\",\"@id\":\"https:\\\/\\\/www.modula4.com\\\/de\\\/uber-uns\\\/karriere\\\/software-entwickler\\\/\",\"url\":\"https:\\\/\\\/www.modula4.com\\\/de\\\/uber-uns\\\/karriere\\\/software-entwickler\\\/\",\"name\":\"Software Entwickler - Modula4\",\"isPartOf\":{\"@id\":\"https:\\\/\\\/www.modula4.com\\\/#website\"},\"datePublished\":\"2012-11-09T20:31:46+00:00\",\"dateModified\":\"2014-11-13T15:24:26+00:00\",\"breadcrumb\":{\"@id\":\"https:\\\/\\\/www.modula4.com\\\/de\\\/uber-uns\\\/karriere\\\/software-entwickler\\\/#breadcrumb\"},\"inLanguage\":\"de\",\"potentialAction\":[{\"@type\":\"ReadAction\",\"target\":[\"https:\\\/\\\/www.modula4.com\\\/de\\\/uber-uns\\\/karriere\\\/software-entwickler\\\/\"]}]},{\"@type\":\"BreadcrumbList\",\"@id\":\"https:\\\/\\\/www.modula4.com\\\/de\\\/uber-uns\\\/karriere\\\/software-entwickler\\\/#breadcrumb\",\"itemListElement\":[{\"@type\":\"ListItem\",\"position\":1,\"name\":\"Home\",\"item\":\"https:\\\/\\\/www.modula4.com\\\/de\\\/\"},{\"@type\":\"ListItem\",\"position\":2,\"name\":\"\u00dcber Uns\",\"item\":\"https:\\\/\\\/www.modula4.com\\\/de\\\/uber-uns\\\/\"},{\"@type\":\"ListItem\",\"position\":3,\"name\":\"Karriere\",\"item\":\"https:\\\/\\\/www.modula4.com\\\/de\\\/uber-uns\\\/karriere\\\/\"},{\"@type\":\"ListItem\",\"position\":4,\"name\":\"Software Entwickler\"}]},{\"@type\":\"WebSite\",\"@id\":\"https:\\\/\\\/www.modula4.com\\\/#website\",\"url\":\"https:\\\/\\\/www.modula4.com\\\/\",\"name\":\"Modula4\",\"description\":\"Dedicated Experts. Complete Solutions. Real Results.\",\"publisher\":{\"@id\":\"https:\\\/\\\/www.modula4.com\\\/#organization\"},\"potentialAction\":[{\"@type\":\"SearchAction\",\"target\":{\"@type\":\"EntryPoint\",\"urlTemplate\":\"https:\\\/\\\/www.modula4.com\\\/?s={search_term_string}\"},\"query-input\":{\"@type\":\"PropertyValueSpecification\",\"valueRequired\":true,\"valueName\":\"search_term_string\"}}],\"inLanguage\":\"de\"},{\"@type\":\"Organization\",\"@id\":\"https:\\\/\\\/www.modula4.com\\\/#organization\",\"name\":\"Modula4\",\"url\":\"https:\\\/\\\/www.modula4.com\\\/\",\"logo\":{\"@type\":\"ImageObject\",\"inLanguage\":\"de\",\"@id\":\"https:\\\/\\\/www.modula4.com\\\/#\\\/schema\\\/logo\\\/image\\\/\",\"url\":\"https:\\\/\\\/www.modula4.com\\\/wp-content\\\/uploads\\\/M4-Logo-rgb.png\",\"contentUrl\":\"https:\\\/\\\/www.modula4.com\\\/wp-content\\\/uploads\\\/M4-Logo-rgb.png\",\"width\":190,\"height\":42,\"caption\":\"Modula4\"},\"image\":{\"@id\":\"https:\\\/\\\/www.modula4.com\\\/#\\\/schema\\\/logo\\\/image\\\/\"},\"sameAs\":[\"https:\\\/\\\/www.linkedin.com\\\/company\\\/modula4\\\/\"]}]}<\/script>\n<!-- \/ Yoast SEO Premium plugin. -->","yoast_head_json":{"title":"Software Entwickler - Modula4","robots":{"index":"index","follow":"follow","max-snippet":"max-snippet:-1","max-image-preview":"max-image-preview:large","max-video-preview":"max-video-preview:-1"},"canonical":"https:\/\/www.modula4.com\/de\/uber-uns\/karriere\/software-entwickler\/","og_locale":"de_DE","og_type":"article","og_title":"Software Entwickler","og_description":"Location: Berlin &amp; San Rafael Modula4, ein f\u00fchrender Anbieter von Digital Asset Management- und Publishing Workflow L\u00f6sungen, sucht einen Software Entwickler f\u00fcr unser B\u00fcro in Berlin, Deutschland. Wir sind ein kleines, dynamisches Unternehmen, das kundenspezifische Medien Management und Workflow L\u00f6sungen einer breiten Palette von Blue-Chip Kunden wie NASA, Stanford University, NVIDIA, Disney, Kohls, Whole Foods, ... &nbsp;Weiterlesen &gt;","og_url":"https:\/\/www.modula4.com\/de\/uber-uns\/karriere\/software-entwickler\/","og_site_name":"Modula4","article_publisher":"https:\/\/www.linkedin.com\/company\/modula4\/","article_modified_time":"2014-11-13T15:24:26+00:00","twitter_misc":{"Gesch\u00e4tzte Lesezeit":"2\u00a0Minuten"},"schema":{"@context":"https:\/\/schema.org","@graph":[{"@type":"WebPage","@id":"https:\/\/www.modula4.com\/de\/uber-uns\/karriere\/software-entwickler\/","url":"https:\/\/www.modula4.com\/de\/uber-uns\/karriere\/software-entwickler\/","name":"Software Entwickler - Modula4","isPartOf":{"@id":"https:\/\/www.modula4.com\/#website"},"datePublished":"2012-11-09T20:31:46+00:00","dateModified":"2014-11-13T15:24:26+00:00","breadcrumb":{"@id":"https:\/\/www.modula4.com\/de\/uber-uns\/karriere\/software-entwickler\/#breadcrumb"},"inLanguage":"de","potentialAction":[{"@type":"ReadAction","target":["https:\/\/www.modula4.com\/de\/uber-uns\/karriere\/software-entwickler\/"]}]},{"@type":"BreadcrumbList","@id":"https:\/\/www.modula4.com\/de\/uber-uns\/karriere\/software-entwickler\/#breadcrumb","itemListElement":[{"@type":"ListItem","position":1,"name":"Home","item":"https:\/\/www.modula4.com\/de\/"},{"@type":"ListItem","position":2,"name":"\u00dcber Uns","item":"https:\/\/www.modula4.com\/de\/uber-uns\/"},{"@type":"ListItem","position":3,"name":"Karriere","item":"https:\/\/www.modula4.com\/de\/uber-uns\/karriere\/"},{"@type":"ListItem","position":4,"name":"Software Entwickler"}]},{"@type":"WebSite","@id":"https:\/\/www.modula4.com\/#website","url":"https:\/\/www.modula4.com\/","name":"Modula4","description":"Dedicated Experts. Complete Solutions. Real Results.","publisher":{"@id":"https:\/\/www.modula4.com\/#organization"},"potentialAction":[{"@type":"SearchAction","target":{"@type":"EntryPoint","urlTemplate":"https:\/\/www.modula4.com\/?s={search_term_string}"},"query-input":{"@type":"PropertyValueSpecification","valueRequired":true,"valueName":"search_term_string"}}],"inLanguage":"de"},{"@type":"Organization","@id":"https:\/\/www.modula4.com\/#organization","name":"Modula4","url":"https:\/\/www.modula4.com\/","logo":{"@type":"ImageObject","inLanguage":"de","@id":"https:\/\/www.modula4.com\/#\/schema\/logo\/image\/","url":"https:\/\/www.modula4.com\/wp-content\/uploads\/M4-Logo-rgb.png","contentUrl":"https:\/\/www.modula4.com\/wp-content\/uploads\/M4-Logo-rgb.png","width":190,"height":42,"caption":"Modula4"},"image":{"@id":"https:\/\/www.modula4.com\/#\/schema\/logo\/image\/"},"sameAs":["https:\/\/www.linkedin.com\/company\/modula4\/"]}]}},"_links":{"self":[{"href":"https:\/\/www.modula4.com\/de\/wp-json\/wp\/v2\/pages\/6074","targetHints":{"allow":["GET"]}}],"collection":[{"href":"https:\/\/www.modula4.com\/de\/wp-json\/wp\/v2\/pages"}],"about":[{"href":"https:\/\/www.modula4.com\/de\/wp-json\/wp\/v2\/types\/page"}],"author":[{"embeddable":true,"href":"https:\/\/www.modula4.com\/de\/wp-json\/wp\/v2\/users\/2"}],"replies":[{"embeddable":true,"href":"https:\/\/www.modula4.com\/de\/wp-json\/wp\/v2\/comments?post=6074"}],"version-history":[{"count":1,"href":"https:\/\/www.modula4.com\/de\/wp-json\/wp\/v2\/pages\/6074\/revisions"}],"predecessor-version":[{"id":6562,"href":"https:\/\/www.modula4.com\/de\/wp-json\/wp\/v2\/pages\/6074\/revisions\/6562"}],"up":[{"embeddable":true,"href":"https:\/\/www.modula4.com\/de\/wp-json\/wp\/v2\/pages\/6007"}],"wp:attachment":[{"href":"https:\/\/www.modula4.com\/de\/wp-json\/wp\/v2\/media?parent=6074"}],"curies":[{"name":"wp","href":"https:\/\/api.w.org\/{rel}","templated":true}]}}