{"id":6069,"date":"2012-05-18T14:21:08","date_gmt":"2012-05-18T21:21:08","guid":{"rendered":"http:\/\/www.modula4.com\/adobe-digital-publishing-suite\/"},"modified":"2017-02-14T04:41:00","modified_gmt":"2017-02-14T12:41:00","slug":"dps","status":"publish","type":"page","link":"https:\/\/www.modula4.com\/de\/dps\/","title":{"rendered":"Adobe Digital Publishing Suite"},"content":{"rendered":"<h2>Einfach zu handhabende Ver\u00f6ffentlichungen auf iPad, Kindle Fire und Android Ger\u00e4ten<\/h2>\n<p>Die Adobe\u00ae Digital Publishing Suite ist eine Komplettl\u00f6sung f\u00fcr einzelne Designer, traditionelle Medienverlage, Werbeagenturen und Firmen aller Gr\u00f6\u00dfen, die ansprechende Inhalte und Ver\u00f6ffentlichungen f\u00fcr Tablet Ger\u00e4te erstellen, verteilen, zu Geld machen und optimieren wollen.<\/p>\n<p>Die Adobe\u00ae Digital Publishing Suite ist eine gehostete L\u00f6sung, die eng mit Adobe InDesign und Adobe Creative Suite Software integriert ist und Designer mit Seitenlayout Funktionen von industriellem Standard ausstattet, um hoch designte und ansprechende digitale Inhalte zu erzeugen, die eine neue Klasse von Interaktivit\u00e4t beinhalten. Die Digital Publishing Suite bietet eine robuste und umfassende Ver\u00f6ffentlichungsl\u00f6sung f\u00fcr das Erstellen, die Verteilung, Vermarktung und Analyse von hochwertigem Inhalt, einschlie\u00dflich traditionelle Zeitschriften und Zeitungen sowie auch firmenspezifische Ver\u00f6ffentlichungen, wie Zeitschriften, Jahresberichte, Produktinformationen und Kataloge f\u00fcr die Darstellung auf Desktop Computern und Tablets.<\/p>\n<p>&nbsp;<\/p>\n<p style=\"text-align: center;\"><a href=\"http:\/\/www.modula4.com\/solutions\/products\/dps\/135-publications\/\" rel=\"attachment wp-att-3907\"><img loading=\"lazy\" decoding=\"async\" class=\"aligncenter size-full wp-image-3907\" title=\"Mit der Digital Publishing Suite ver\u00f6ffentlichte Inhalte: Zeitschriften, Zeitungen und firmenspezifische Ver\u00f6ffentlichungen.\" src=\"http:\/\/www.modula4.com\/wp-content\/uploads\/135-publications.jpeg\" alt=\"Mit der Digital Publishing Suite ver\u00f6ffentlichte Inhalte: Zeitschriften, Zeitungen und firmenspezifische Ver\u00f6ffentlichungen.\" width=\"583\" height=\"292\" srcset=\"https:\/\/www.modula4.com\/wp-content\/uploads\/135-publications.jpeg 800w, https:\/\/www.modula4.com\/wp-content\/uploads\/135-publications-300x150.jpg 300w\" sizes=\"auto, (max-width: 583px) 100vw, 583px\" \/><\/a><\/p>\n<p><em>Mit der Digital Publishing Suite ver\u00f6ffentlichte Inhalte: Zeitschriften, Zeitungen und firmenspezifische Ver\u00f6ffentlichungen.<\/em><\/p>\n<p>Modula4 bietet drei Editionen der Digital Publishing Suite:<\/p>\n<p><strong>Professional Edition: Beschleunigen Sie das Tablet Publishing mit einem schl\u00fcsselfertigem Angebot<\/strong><br \/>\nDie Professional Edition ist die fix und fertige Software L\u00f6sung f\u00fcr digitale Tablet Ver\u00f6ffentlichung f\u00fcr mittlere Werbeagenturen, Verlage und Vereine. Erstellen Sie schnell hochdesignte und eing\u00e4ngige Inhalte und ver\u00f6ffentlichen Sie sie \u00fcber f\u00fchrende Marktpl\u00e4tze und Ger\u00e4te um das Wachstum durch digitale Ver\u00f6ffentlichungen anzukurbeln.<\/p>\n<p><strong>Enterprise Edition: Verwandeln Sie ihre Firma durch eine zugeschnittene Ver\u00f6ffentlichungsl\u00f6sung.<\/strong><br \/>\nDie Enterprise Edition bietet eine anpassbare L\u00f6sung f\u00fcr Verlagsunternehmen, weltweite Unternehmensgesellschaften und Werbeagenturen, die ihr digitales Gesch\u00e4ft durch lukrative neue Einnahmequellen, tiefere Kundenbeziehungen und kosteneffektives Tablet Publishing verwandeln wollen.<\/p>\n<p><strong>Agency Edition: Erweitern Sie Ihr Angebot durch die Erstellung von Tablet Apps f\u00fcr Ihre Kunden<\/strong><br \/>\nDie Agency Edition erm\u00f6glicht es Werbe- und Designagenturen ma\u00dfgeschneiderte Tablet Apps f\u00fcr \u00f6ffentliche und private Verteilung auf einfache Weise zu erstellen.<\/p>\n<p>Modula4 ist ein anerkannter Adobe Digital Publishing Suite Partner. Mehr Informationen erhalten Sie  <a title=\"mehr Information\" href=\"http:\/\/www.modula4.com\/de\/contact-us\/request-information\/\">hier.<\/a><\/p>\n","protected":false},"excerpt":{"rendered":"<p>Einfach zu handhabende Ver\u00f6ffentlichungen auf iPad, Kindle Fire und Android Ger\u00e4ten Die Adobe\u00ae Digital Publishing Suite ist eine Komplettl\u00f6sung f\u00fcr einzelne Designer, traditionelle Medienverlage, Werbeagenturen und Firmen aller Gr\u00f6\u00dfen, die ansprechende Inhalte und Ver\u00f6ffentlichungen f\u00fcr Tablet Ger\u00e4te erstellen, verteilen, zu Geld machen und optimieren wollen. Die Adobe\u00ae Digital Publishing Suite ist eine gehostete L\u00f6sung, die <a class=\"read-more\" href=\"https:\/\/www.modula4.com\/de\/dps\/\">&#8230; &nbsp;Weiterlesen &gt;<\/a><\/p>\n","protected":false},"author":2,"featured_media":0,"parent":0,"menu_order":4,"comment_status":"closed","ping_status":"closed","template":"","meta":{"_monsterinsights_skip_tracking":false,"_monsterinsights_sitenote_active":false,"_monsterinsights_sitenote_note":"","_monsterinsights_sitenote_category":0,"footnotes":""},"class_list":["post-6069","page","type-page","status-publish","hentry"],"yoast_head":"<!-- This site is optimized with the Yoast SEO Premium plugin v26.4 (Yoast SEO v27.5) - https:\/\/yoast.com\/product\/yoast-seo-premium-wordpress\/ -->\n<title>Adobe Digital Publishing Suite<\/title>\n<meta name=\"robots\" content=\"index, follow, max-snippet:-1, max-image-preview:large, max-video-preview:-1\" \/>\n<link rel=\"canonical\" href=\"https:\/\/www.modula4.com\/de\/dps\/\" \/>\n<meta property=\"og:locale\" content=\"de_DE\" \/>\n<meta property=\"og:type\" content=\"article\" \/>\n<meta property=\"og:title\" content=\"Adobe Digital Publishing Suite\" \/>\n<meta property=\"og:description\" content=\"Einfach zu handhabende Ver\u00f6ffentlichungen auf iPad, Kindle Fire und Android Ger\u00e4ten Die Adobe\u00ae Digital Publishing Suite ist eine Komplettl\u00f6sung f\u00fcr einzelne Designer, traditionelle Medienverlage, Werbeagenturen und Firmen aller Gr\u00f6\u00dfen, die ansprechende Inhalte und Ver\u00f6ffentlichungen f\u00fcr Tablet Ger\u00e4te erstellen, verteilen, zu Geld machen und optimieren wollen. Die Adobe\u00ae Digital Publishing Suite ist eine gehostete L\u00f6sung, die ... &nbsp;Weiterlesen &gt;\" \/>\n<meta property=\"og:url\" content=\"https:\/\/www.modula4.com\/de\/dps\/\" \/>\n<meta property=\"og:site_name\" content=\"Modula4\" \/>\n<meta property=\"article:publisher\" content=\"https:\/\/www.linkedin.com\/company\/modula4\/\" \/>\n<meta property=\"article:modified_time\" content=\"2017-02-14T12:41:00+00:00\" \/>\n<meta property=\"og:image\" content=\"http:\/\/www.modula4.com\/wp-content\/uploads\/135-publications.jpeg\" \/>\n<meta name=\"twitter:label1\" content=\"Gesch\u00e4tzte Lesezeit\" \/>\n\t<meta name=\"twitter:data1\" content=\"2\u00a0Minuten\" \/>\n<script type=\"application\/ld+json\" class=\"yoast-schema-graph\">{\"@context\":\"https:\\\/\\\/schema.org\",\"@graph\":[{\"@type\":\"WebPage\",\"@id\":\"https:\\\/\\\/www.modula4.com\\\/de\\\/dps\\\/\",\"url\":\"https:\\\/\\\/www.modula4.com\\\/de\\\/dps\\\/\",\"name\":\"Adobe Digital Publishing Suite\",\"isPartOf\":{\"@id\":\"https:\\\/\\\/www.modula4.com\\\/#website\"},\"primaryImageOfPage\":{\"@id\":\"https:\\\/\\\/www.modula4.com\\\/de\\\/dps\\\/#primaryimage\"},\"image\":{\"@id\":\"https:\\\/\\\/www.modula4.com\\\/de\\\/dps\\\/#primaryimage\"},\"thumbnailUrl\":\"http:\\\/\\\/www.modula4.com\\\/wp-content\\\/uploads\\\/135-publications.jpeg\",\"datePublished\":\"2012-05-18T21:21:08+00:00\",\"dateModified\":\"2017-02-14T12:41:00+00:00\",\"breadcrumb\":{\"@id\":\"https:\\\/\\\/www.modula4.com\\\/de\\\/dps\\\/#breadcrumb\"},\"inLanguage\":\"de\",\"potentialAction\":[{\"@type\":\"ReadAction\",\"target\":[\"https:\\\/\\\/www.modula4.com\\\/de\\\/dps\\\/\"]}]},{\"@type\":\"ImageObject\",\"inLanguage\":\"de\",\"@id\":\"https:\\\/\\\/www.modula4.com\\\/de\\\/dps\\\/#primaryimage\",\"url\":\"http:\\\/\\\/www.modula4.com\\\/wp-content\\\/uploads\\\/135-publications.jpeg\",\"contentUrl\":\"http:\\\/\\\/www.modula4.com\\\/wp-content\\\/uploads\\\/135-publications.jpeg\"},{\"@type\":\"BreadcrumbList\",\"@id\":\"https:\\\/\\\/www.modula4.com\\\/de\\\/dps\\\/#breadcrumb\",\"itemListElement\":[{\"@type\":\"ListItem\",\"position\":1,\"name\":\"Home\",\"item\":\"https:\\\/\\\/www.modula4.com\\\/de\\\/\"},{\"@type\":\"ListItem\",\"position\":2,\"name\":\"Adobe Digital Publishing Suite\"}]},{\"@type\":\"WebSite\",\"@id\":\"https:\\\/\\\/www.modula4.com\\\/#website\",\"url\":\"https:\\\/\\\/www.modula4.com\\\/\",\"name\":\"Modula4\",\"description\":\"Dedicated Experts. Complete Solutions. Real Results.\",\"publisher\":{\"@id\":\"https:\\\/\\\/www.modula4.com\\\/#organization\"},\"potentialAction\":[{\"@type\":\"SearchAction\",\"target\":{\"@type\":\"EntryPoint\",\"urlTemplate\":\"https:\\\/\\\/www.modula4.com\\\/?s={search_term_string}\"},\"query-input\":{\"@type\":\"PropertyValueSpecification\",\"valueRequired\":true,\"valueName\":\"search_term_string\"}}],\"inLanguage\":\"de\"},{\"@type\":\"Organization\",\"@id\":\"https:\\\/\\\/www.modula4.com\\\/#organization\",\"name\":\"Modula4\",\"url\":\"https:\\\/\\\/www.modula4.com\\\/\",\"logo\":{\"@type\":\"ImageObject\",\"inLanguage\":\"de\",\"@id\":\"https:\\\/\\\/www.modula4.com\\\/#\\\/schema\\\/logo\\\/image\\\/\",\"url\":\"https:\\\/\\\/www.modula4.com\\\/wp-content\\\/uploads\\\/M4-Logo-rgb.png\",\"contentUrl\":\"https:\\\/\\\/www.modula4.com\\\/wp-content\\\/uploads\\\/M4-Logo-rgb.png\",\"width\":190,\"height\":42,\"caption\":\"Modula4\"},\"image\":{\"@id\":\"https:\\\/\\\/www.modula4.com\\\/#\\\/schema\\\/logo\\\/image\\\/\"},\"sameAs\":[\"https:\\\/\\\/www.linkedin.com\\\/company\\\/modula4\\\/\"]}]}<\/script>\n<!-- \/ Yoast SEO Premium plugin. -->","yoast_head_json":{"title":"Adobe Digital Publishing Suite","robots":{"index":"index","follow":"follow","max-snippet":"max-snippet:-1","max-image-preview":"max-image-preview:large","max-video-preview":"max-video-preview:-1"},"canonical":"https:\/\/www.modula4.com\/de\/dps\/","og_locale":"de_DE","og_type":"article","og_title":"Adobe Digital Publishing Suite","og_description":"Einfach zu handhabende Ver\u00f6ffentlichungen auf iPad, Kindle Fire und Android Ger\u00e4ten Die Adobe\u00ae Digital Publishing Suite ist eine Komplettl\u00f6sung f\u00fcr einzelne Designer, traditionelle Medienverlage, Werbeagenturen und Firmen aller Gr\u00f6\u00dfen, die ansprechende Inhalte und Ver\u00f6ffentlichungen f\u00fcr Tablet Ger\u00e4te erstellen, verteilen, zu Geld machen und optimieren wollen. Die Adobe\u00ae Digital Publishing Suite ist eine gehostete L\u00f6sung, die ... &nbsp;Weiterlesen &gt;","og_url":"https:\/\/www.modula4.com\/de\/dps\/","og_site_name":"Modula4","article_publisher":"https:\/\/www.linkedin.com\/company\/modula4\/","article_modified_time":"2017-02-14T12:41:00+00:00","og_image":[{"url":"http:\/\/www.modula4.com\/wp-content\/uploads\/135-publications.jpeg","type":"","width":"","height":""}],"twitter_misc":{"Gesch\u00e4tzte Lesezeit":"2\u00a0Minuten"},"schema":{"@context":"https:\/\/schema.org","@graph":[{"@type":"WebPage","@id":"https:\/\/www.modula4.com\/de\/dps\/","url":"https:\/\/www.modula4.com\/de\/dps\/","name":"Adobe Digital Publishing Suite","isPartOf":{"@id":"https:\/\/www.modula4.com\/#website"},"primaryImageOfPage":{"@id":"https:\/\/www.modula4.com\/de\/dps\/#primaryimage"},"image":{"@id":"https:\/\/www.modula4.com\/de\/dps\/#primaryimage"},"thumbnailUrl":"http:\/\/www.modula4.com\/wp-content\/uploads\/135-publications.jpeg","datePublished":"2012-05-18T21:21:08+00:00","dateModified":"2017-02-14T12:41:00+00:00","breadcrumb":{"@id":"https:\/\/www.modula4.com\/de\/dps\/#breadcrumb"},"inLanguage":"de","potentialAction":[{"@type":"ReadAction","target":["https:\/\/www.modula4.com\/de\/dps\/"]}]},{"@type":"ImageObject","inLanguage":"de","@id":"https:\/\/www.modula4.com\/de\/dps\/#primaryimage","url":"http:\/\/www.modula4.com\/wp-content\/uploads\/135-publications.jpeg","contentUrl":"http:\/\/www.modula4.com\/wp-content\/uploads\/135-publications.jpeg"},{"@type":"BreadcrumbList","@id":"https:\/\/www.modula4.com\/de\/dps\/#breadcrumb","itemListElement":[{"@type":"ListItem","position":1,"name":"Home","item":"https:\/\/www.modula4.com\/de\/"},{"@type":"ListItem","position":2,"name":"Adobe Digital Publishing Suite"}]},{"@type":"WebSite","@id":"https:\/\/www.modula4.com\/#website","url":"https:\/\/www.modula4.com\/","name":"Modula4","description":"Dedicated Experts. Complete Solutions. Real Results.","publisher":{"@id":"https:\/\/www.modula4.com\/#organization"},"potentialAction":[{"@type":"SearchAction","target":{"@type":"EntryPoint","urlTemplate":"https:\/\/www.modula4.com\/?s={search_term_string}"},"query-input":{"@type":"PropertyValueSpecification","valueRequired":true,"valueName":"search_term_string"}}],"inLanguage":"de"},{"@type":"Organization","@id":"https:\/\/www.modula4.com\/#organization","name":"Modula4","url":"https:\/\/www.modula4.com\/","logo":{"@type":"ImageObject","inLanguage":"de","@id":"https:\/\/www.modula4.com\/#\/schema\/logo\/image\/","url":"https:\/\/www.modula4.com\/wp-content\/uploads\/M4-Logo-rgb.png","contentUrl":"https:\/\/www.modula4.com\/wp-content\/uploads\/M4-Logo-rgb.png","width":190,"height":42,"caption":"Modula4"},"image":{"@id":"https:\/\/www.modula4.com\/#\/schema\/logo\/image\/"},"sameAs":["https:\/\/www.linkedin.com\/company\/modula4\/"]}]}},"_links":{"self":[{"href":"https:\/\/www.modula4.com\/de\/wp-json\/wp\/v2\/pages\/6069","targetHints":{"allow":["GET"]}}],"collection":[{"href":"https:\/\/www.modula4.com\/de\/wp-json\/wp\/v2\/pages"}],"about":[{"href":"https:\/\/www.modula4.com\/de\/wp-json\/wp\/v2\/types\/page"}],"author":[{"embeddable":true,"href":"https:\/\/www.modula4.com\/de\/wp-json\/wp\/v2\/users\/2"}],"replies":[{"embeddable":true,"href":"https:\/\/www.modula4.com\/de\/wp-json\/wp\/v2\/comments?post=6069"}],"version-history":[{"count":1,"href":"https:\/\/www.modula4.com\/de\/wp-json\/wp\/v2\/pages\/6069\/revisions"}],"predecessor-version":[{"id":6535,"href":"https:\/\/www.modula4.com\/de\/wp-json\/wp\/v2\/pages\/6069\/revisions\/6535"}],"wp:attachment":[{"href":"https:\/\/www.modula4.com\/de\/wp-json\/wp\/v2\/media?parent=6069"}],"curies":[{"name":"wp","href":"https:\/\/api.w.org\/{rel}","templated":true}]}}