{"id":6065,"date":"2012-03-12T09:41:15","date_gmt":"2012-03-12T16:41:15","guid":{"rendered":"http:\/\/www.modula4.com\/dam-connect-fur-woodwing\/"},"modified":"2017-02-13T05:47:32","modified_gmt":"2017-02-13T13:47:32","slug":"dam-connect-for-woodwing","status":"publish","type":"page","link":"https:\/\/www.modula4.com\/de\/produkte\/weitere-produkte\/dam-connect-for-woodwing\/","title":{"rendered":"DAM Connect f\u00fcr WoodWing"},"content":{"rendered":"<h2>Schneller, flexibler Zugriff auf die Digitalen Asset Management Systeme Cumulus und Picturepark<\/h2>\n<p>DAM Connect f\u00fcr WoodWing integriert die leistungsstarken Asset Management F\u00e4higkeiten Ihres DAM Systems in WoodWing Enterprise, die marktf\u00fchrende multi-channel Publishing L\u00f6sung. Sie k\u00f6nnen jetzt direkt aus der Content Station von WoodWing oder aus Adobe InDesign auf Ihre gesamte Sammlung von Bilderm, Illustrationen, Seitenlayouts, Animationen und Videos zugreifen.<br \/>\n&nbsp;<\/p>\n<p style=\"text-align: center;\">\u00a0<img loading=\"lazy\" decoding=\"async\" class=\"aligncenter size-full wp-image-3797\" title=\"Dam Connect_ WoodWing Content Station\" src=\"http:\/\/www.modula4.com\/wp-content\/uploads\/screenshot_contentstation_0043.png\" alt=\"\" width=\"553\" height=\"364\" srcset=\"https:\/\/www.modula4.com\/wp-content\/uploads\/screenshot_contentstation_0043.png 1095w, https:\/\/www.modula4.com\/wp-content\/uploads\/screenshot_contentstation_0043-300x197.png 300w, https:\/\/www.modula4.com\/wp-content\/uploads\/screenshot_contentstation_0043-1024x674.png 1024w\" sizes=\"auto, (max-width: 553px) 100vw, 553px\" \/><\/p>\n<p>&nbsp;<\/p>\n<p>Die besten Features:<\/p>\n<ul>\n<li>F\u00fcgen Sie einfach Bilder, aus Ihrem DAM per drag &amp; drop in Dossiers ein. Dabei k\u00f6nnen Nutzungsstatistiken erstellt werden und vieles mehr.<\/li>\n<li>Organisieren Sie Dateien basierend auf Text, Ablaufdatum, Freigaben, Lizenzstatus etc.<\/li>\n<li>Durchsuchen Sie mehrere Datenbanken mit einem Klick<\/li>\n<li>Konfigurieren sie Men\u00fc-Eintr\u00e4ge f\u00fcr den einfachen Zugriff auf komplexe Suchen<\/li>\n<li>Greifen Sie direkt aus der Content Station oder aus InDesign heraus auf Assets zu<\/li>\n<li>DAM Connect unterst\u00fctzt mehrere DAM Systeme \u2013 sowohl per SaaS, als auch vor Ort<\/li>\n<\/ul>\n<p><strong>Ausgefeilte Suchoptionen<\/strong><br \/>\nDAM Connect erm\u00f6glicht Ihnen die Nutzung von Daten, wie z. B. das Auslaufdatum, den Lizenzstatus, die Freigabe und andere Metadaten innerhalb Ihres DAM. Stellen Sie auf diese Weise sicher, dass die Dateien, die in Dossiers verwendet werden, f\u00fcr die Nutzung freigegeben und passend f\u00fcr die Ver\u00f6ffentlichung sind.<\/p>\n<p>Konfigurieren Sie komplexe Suchen mit mehreren Abfragebedingungen, die Ihren Nutzern in DAM Connect als einfache, durch einen Klick zu aktivierende Men\u00fc-Optionen pr\u00e4sentiert werden. Greifen Sie aus der Content Station oder aus InDesign auf mehrere Datenbanken zu und grenzen Sie die Metadaten, die Nutzer sehen k\u00f6nnen, auf das ein, was sie wirklich brauchen. Und nat\u00fcrlich funktioniert die Textsuche ebenfalls.<\/p>\n<p><strong>Halten Sie es einfach<\/strong><br \/>\nIndem eine dynamische Schnittstelle genutzt wird, die eigens f\u00fcr die DAM Integration entwickelt wurde, pr\u00e4sentiert DAM Connect den Nutzern ein einfaches Interface, wof\u00fcr man keine Schulung ben\u00f6tigt. Begrenzen Sie die Metadaten-Werte, die Nutzer sehen k\u00f6nnen, so dass sie gute Entscheidungen treffen k\u00f6nnen, ohne sich durch Informationen arbeiten zu m\u00fcssen, die sie nicht brauchen. Sobald das perfekte Asset gefunden wird, ist es nur ein drag &amp; drop davon entfernt, Teil des Dossiers zu werden. Redakteure k\u00f6nnen auch Dossiers mit Bildern vorgeben, die von den Designern genutzt werden sollen.<\/p>\n<p><strong>Die Auswahl des DAM<\/strong><br \/>\nEgal ob Sie Canto Cumulus, Picturepark oder ein anderes DAM System bevorzugen, DAM Connect hat immer dasselbe leicht zu bedienende Interface, das Ihre Nutzer sch\u00e4tzen lernen werden.<\/p>\n<p><strong>Entscheiden Sie sich jetzt f\u00fcr DAM Connect<\/strong><br \/>\nKeine Digital Asset Management Integration f\u00fcr WoodWing bietet mehr Flexibilit\u00e4t als DAM Connect und keine andere WoodWing Integration bietet eine freie Auswahl des DAM Back-Ends. Mit DAM Connect von Modula4 bekommen Sie alles, was Sie brauchen, um Ihre Investition in DAM wirksamer einzusetzen, w\u00e4hrend Sie gleichzeitig Ihren Workflow f\u00fcr die Ver\u00f6ffentlichung verbessern.<\/p>\n<p>DAM Connect wird von Modula4 und ihren weltweiten Partnern vertrieben. <a title=\"Request Information\" href=\"\/de\/kontakt\/\">Fragen Sie uns<\/a>, wenn Sie mehr \u00fcber DAM Connect erfahren m\u00f6chten.<\/p>\n","protected":false},"excerpt":{"rendered":"<p>Schneller, flexibler Zugriff auf die Digitalen Asset Management Systeme Cumulus und Picturepark DAM Connect f\u00fcr WoodWing integriert die leistungsstarken Asset Management F\u00e4higkeiten Ihres DAM Systems in WoodWing Enterprise, die marktf\u00fchrende multi-channel Publishing L\u00f6sung. Sie k\u00f6nnen jetzt direkt aus der Content Station von WoodWing oder aus Adobe InDesign auf Ihre gesamte Sammlung von Bilderm, Illustrationen, Seitenlayouts, <a class=\"read-more\" href=\"https:\/\/www.modula4.com\/de\/produkte\/weitere-produkte\/dam-connect-for-woodwing\/\">&#8230; &nbsp;Weiterlesen &gt;<\/a><\/p>\n","protected":false},"author":2,"featured_media":0,"parent":9533,"menu_order":25,"comment_status":"closed","ping_status":"closed","template":"","meta":{"_monsterinsights_skip_tracking":false,"_monsterinsights_sitenote_active":false,"_monsterinsights_sitenote_note":"","_monsterinsights_sitenote_category":0,"footnotes":""},"class_list":["post-6065","page","type-page","status-publish","hentry"],"yoast_head":"<!-- This site is optimized with the Yoast SEO Premium plugin v26.4 (Yoast SEO v27.3) - https:\/\/yoast.com\/product\/yoast-seo-premium-wordpress\/ -->\n<title>DAM Connect f\u00fcr WoodWing - Modula4<\/title>\n<meta name=\"robots\" content=\"index, follow, max-snippet:-1, max-image-preview:large, max-video-preview:-1\" \/>\n<link rel=\"canonical\" href=\"https:\/\/www.modula4.com\/de\/produkte\/weitere-produkte\/dam-connect-for-woodwing\/\" \/>\n<meta property=\"og:locale\" content=\"de_DE\" \/>\n<meta property=\"og:type\" content=\"article\" \/>\n<meta property=\"og:title\" content=\"DAM Connect f\u00fcr WoodWing\" \/>\n<meta property=\"og:description\" content=\"Schneller, flexibler Zugriff auf die Digitalen Asset Management Systeme Cumulus und Picturepark DAM Connect f\u00fcr WoodWing integriert die leistungsstarken Asset Management F\u00e4higkeiten Ihres DAM Systems in WoodWing Enterprise, die marktf\u00fchrende multi-channel Publishing L\u00f6sung. Sie k\u00f6nnen jetzt direkt aus der Content Station von WoodWing oder aus Adobe InDesign auf Ihre gesamte Sammlung von Bilderm, Illustrationen, Seitenlayouts, ... &nbsp;Weiterlesen &gt;\" \/>\n<meta property=\"og:url\" content=\"https:\/\/www.modula4.com\/de\/produkte\/weitere-produkte\/dam-connect-for-woodwing\/\" \/>\n<meta property=\"og:site_name\" content=\"Modula4\" \/>\n<meta property=\"article:publisher\" content=\"https:\/\/www.linkedin.com\/company\/modula4\/\" \/>\n<meta property=\"article:modified_time\" content=\"2017-02-13T13:47:32+00:00\" \/>\n<meta property=\"og:image\" content=\"http:\/\/www.modula4.com\/wp-content\/uploads\/screenshot_contentstation_0043.png\" \/>\n<meta name=\"twitter:label1\" content=\"Gesch\u00e4tzte Lesezeit\" \/>\n\t<meta name=\"twitter:data1\" content=\"2\u00a0Minuten\" \/>\n<script type=\"application\/ld+json\" class=\"yoast-schema-graph\">{\"@context\":\"https:\\\/\\\/schema.org\",\"@graph\":[{\"@type\":\"WebPage\",\"@id\":\"https:\\\/\\\/www.modula4.com\\\/de\\\/produkte\\\/weitere-produkte\\\/dam-connect-for-woodwing\\\/\",\"url\":\"https:\\\/\\\/www.modula4.com\\\/de\\\/produkte\\\/weitere-produkte\\\/dam-connect-for-woodwing\\\/\",\"name\":\"DAM Connect f\u00fcr WoodWing - Modula4\",\"isPartOf\":{\"@id\":\"https:\\\/\\\/www.modula4.com\\\/#website\"},\"primaryImageOfPage\":{\"@id\":\"https:\\\/\\\/www.modula4.com\\\/de\\\/produkte\\\/weitere-produkte\\\/dam-connect-for-woodwing\\\/#primaryimage\"},\"image\":{\"@id\":\"https:\\\/\\\/www.modula4.com\\\/de\\\/produkte\\\/weitere-produkte\\\/dam-connect-for-woodwing\\\/#primaryimage\"},\"thumbnailUrl\":\"http:\\\/\\\/www.modula4.com\\\/wp-content\\\/uploads\\\/screenshot_contentstation_0043.png\",\"datePublished\":\"2012-03-12T16:41:15+00:00\",\"dateModified\":\"2017-02-13T13:47:32+00:00\",\"breadcrumb\":{\"@id\":\"https:\\\/\\\/www.modula4.com\\\/de\\\/produkte\\\/weitere-produkte\\\/dam-connect-for-woodwing\\\/#breadcrumb\"},\"inLanguage\":\"de\",\"potentialAction\":[{\"@type\":\"ReadAction\",\"target\":[\"https:\\\/\\\/www.modula4.com\\\/de\\\/produkte\\\/weitere-produkte\\\/dam-connect-for-woodwing\\\/\"]}]},{\"@type\":\"ImageObject\",\"inLanguage\":\"de\",\"@id\":\"https:\\\/\\\/www.modula4.com\\\/de\\\/produkte\\\/weitere-produkte\\\/dam-connect-for-woodwing\\\/#primaryimage\",\"url\":\"http:\\\/\\\/www.modula4.com\\\/wp-content\\\/uploads\\\/screenshot_contentstation_0043.png\",\"contentUrl\":\"http:\\\/\\\/www.modula4.com\\\/wp-content\\\/uploads\\\/screenshot_contentstation_0043.png\"},{\"@type\":\"BreadcrumbList\",\"@id\":\"https:\\\/\\\/www.modula4.com\\\/de\\\/produkte\\\/weitere-produkte\\\/dam-connect-for-woodwing\\\/#breadcrumb\",\"itemListElement\":[{\"@type\":\"ListItem\",\"position\":1,\"name\":\"Home\",\"item\":\"https:\\\/\\\/www.modula4.com\\\/de\\\/\"},{\"@type\":\"ListItem\",\"position\":2,\"name\":\"Produkte\",\"item\":\"https:\\\/\\\/www.modula4.com\\\/de\\\/produkte\\\/\"},{\"@type\":\"ListItem\",\"position\":3,\"name\":\"Zus\u00e4tzliche Produkte\",\"item\":\"https:\\\/\\\/www.modula4.com\\\/de\\\/produkte\\\/weitere-produkte\\\/\"},{\"@type\":\"ListItem\",\"position\":4,\"name\":\"DAM Connect f\u00fcr WoodWing\"}]},{\"@type\":\"WebSite\",\"@id\":\"https:\\\/\\\/www.modula4.com\\\/#website\",\"url\":\"https:\\\/\\\/www.modula4.com\\\/\",\"name\":\"Modula4\",\"description\":\"Dedicated Experts. Complete Solutions. Real Results.\",\"publisher\":{\"@id\":\"https:\\\/\\\/www.modula4.com\\\/#organization\"},\"potentialAction\":[{\"@type\":\"SearchAction\",\"target\":{\"@type\":\"EntryPoint\",\"urlTemplate\":\"https:\\\/\\\/www.modula4.com\\\/?s={search_term_string}\"},\"query-input\":{\"@type\":\"PropertyValueSpecification\",\"valueRequired\":true,\"valueName\":\"search_term_string\"}}],\"inLanguage\":\"de\"},{\"@type\":\"Organization\",\"@id\":\"https:\\\/\\\/www.modula4.com\\\/#organization\",\"name\":\"Modula4\",\"url\":\"https:\\\/\\\/www.modula4.com\\\/\",\"logo\":{\"@type\":\"ImageObject\",\"inLanguage\":\"de\",\"@id\":\"https:\\\/\\\/www.modula4.com\\\/#\\\/schema\\\/logo\\\/image\\\/\",\"url\":\"https:\\\/\\\/www.modula4.com\\\/wp-content\\\/uploads\\\/M4-Logo-rgb.png\",\"contentUrl\":\"https:\\\/\\\/www.modula4.com\\\/wp-content\\\/uploads\\\/M4-Logo-rgb.png\",\"width\":190,\"height\":42,\"caption\":\"Modula4\"},\"image\":{\"@id\":\"https:\\\/\\\/www.modula4.com\\\/#\\\/schema\\\/logo\\\/image\\\/\"},\"sameAs\":[\"https:\\\/\\\/www.linkedin.com\\\/company\\\/modula4\\\/\"]}]}<\/script>\n<!-- \/ Yoast SEO Premium plugin. -->","yoast_head_json":{"title":"DAM Connect f\u00fcr WoodWing - Modula4","robots":{"index":"index","follow":"follow","max-snippet":"max-snippet:-1","max-image-preview":"max-image-preview:large","max-video-preview":"max-video-preview:-1"},"canonical":"https:\/\/www.modula4.com\/de\/produkte\/weitere-produkte\/dam-connect-for-woodwing\/","og_locale":"de_DE","og_type":"article","og_title":"DAM Connect f\u00fcr WoodWing","og_description":"Schneller, flexibler Zugriff auf die Digitalen Asset Management Systeme Cumulus und Picturepark DAM Connect f\u00fcr WoodWing integriert die leistungsstarken Asset Management F\u00e4higkeiten Ihres DAM Systems in WoodWing Enterprise, die marktf\u00fchrende multi-channel Publishing L\u00f6sung. Sie k\u00f6nnen jetzt direkt aus der Content Station von WoodWing oder aus Adobe InDesign auf Ihre gesamte Sammlung von Bilderm, Illustrationen, Seitenlayouts, ... &nbsp;Weiterlesen &gt;","og_url":"https:\/\/www.modula4.com\/de\/produkte\/weitere-produkte\/dam-connect-for-woodwing\/","og_site_name":"Modula4","article_publisher":"https:\/\/www.linkedin.com\/company\/modula4\/","article_modified_time":"2017-02-13T13:47:32+00:00","og_image":[{"url":"http:\/\/www.modula4.com\/wp-content\/uploads\/screenshot_contentstation_0043.png","type":"","width":"","height":""}],"twitter_misc":{"Gesch\u00e4tzte Lesezeit":"2\u00a0Minuten"},"schema":{"@context":"https:\/\/schema.org","@graph":[{"@type":"WebPage","@id":"https:\/\/www.modula4.com\/de\/produkte\/weitere-produkte\/dam-connect-for-woodwing\/","url":"https:\/\/www.modula4.com\/de\/produkte\/weitere-produkte\/dam-connect-for-woodwing\/","name":"DAM Connect f\u00fcr WoodWing - Modula4","isPartOf":{"@id":"https:\/\/www.modula4.com\/#website"},"primaryImageOfPage":{"@id":"https:\/\/www.modula4.com\/de\/produkte\/weitere-produkte\/dam-connect-for-woodwing\/#primaryimage"},"image":{"@id":"https:\/\/www.modula4.com\/de\/produkte\/weitere-produkte\/dam-connect-for-woodwing\/#primaryimage"},"thumbnailUrl":"http:\/\/www.modula4.com\/wp-content\/uploads\/screenshot_contentstation_0043.png","datePublished":"2012-03-12T16:41:15+00:00","dateModified":"2017-02-13T13:47:32+00:00","breadcrumb":{"@id":"https:\/\/www.modula4.com\/de\/produkte\/weitere-produkte\/dam-connect-for-woodwing\/#breadcrumb"},"inLanguage":"de","potentialAction":[{"@type":"ReadAction","target":["https:\/\/www.modula4.com\/de\/produkte\/weitere-produkte\/dam-connect-for-woodwing\/"]}]},{"@type":"ImageObject","inLanguage":"de","@id":"https:\/\/www.modula4.com\/de\/produkte\/weitere-produkte\/dam-connect-for-woodwing\/#primaryimage","url":"http:\/\/www.modula4.com\/wp-content\/uploads\/screenshot_contentstation_0043.png","contentUrl":"http:\/\/www.modula4.com\/wp-content\/uploads\/screenshot_contentstation_0043.png"},{"@type":"BreadcrumbList","@id":"https:\/\/www.modula4.com\/de\/produkte\/weitere-produkte\/dam-connect-for-woodwing\/#breadcrumb","itemListElement":[{"@type":"ListItem","position":1,"name":"Home","item":"https:\/\/www.modula4.com\/de\/"},{"@type":"ListItem","position":2,"name":"Produkte","item":"https:\/\/www.modula4.com\/de\/produkte\/"},{"@type":"ListItem","position":3,"name":"Zus\u00e4tzliche Produkte","item":"https:\/\/www.modula4.com\/de\/produkte\/weitere-produkte\/"},{"@type":"ListItem","position":4,"name":"DAM Connect f\u00fcr WoodWing"}]},{"@type":"WebSite","@id":"https:\/\/www.modula4.com\/#website","url":"https:\/\/www.modula4.com\/","name":"Modula4","description":"Dedicated Experts. Complete Solutions. Real Results.","publisher":{"@id":"https:\/\/www.modula4.com\/#organization"},"potentialAction":[{"@type":"SearchAction","target":{"@type":"EntryPoint","urlTemplate":"https:\/\/www.modula4.com\/?s={search_term_string}"},"query-input":{"@type":"PropertyValueSpecification","valueRequired":true,"valueName":"search_term_string"}}],"inLanguage":"de"},{"@type":"Organization","@id":"https:\/\/www.modula4.com\/#organization","name":"Modula4","url":"https:\/\/www.modula4.com\/","logo":{"@type":"ImageObject","inLanguage":"de","@id":"https:\/\/www.modula4.com\/#\/schema\/logo\/image\/","url":"https:\/\/www.modula4.com\/wp-content\/uploads\/M4-Logo-rgb.png","contentUrl":"https:\/\/www.modula4.com\/wp-content\/uploads\/M4-Logo-rgb.png","width":190,"height":42,"caption":"Modula4"},"image":{"@id":"https:\/\/www.modula4.com\/#\/schema\/logo\/image\/"},"sameAs":["https:\/\/www.linkedin.com\/company\/modula4\/"]}]}},"_links":{"self":[{"href":"https:\/\/www.modula4.com\/de\/wp-json\/wp\/v2\/pages\/6065","targetHints":{"allow":["GET"]}}],"collection":[{"href":"https:\/\/www.modula4.com\/de\/wp-json\/wp\/v2\/pages"}],"about":[{"href":"https:\/\/www.modula4.com\/de\/wp-json\/wp\/v2\/types\/page"}],"author":[{"embeddable":true,"href":"https:\/\/www.modula4.com\/de\/wp-json\/wp\/v2\/users\/2"}],"replies":[{"embeddable":true,"href":"https:\/\/www.modula4.com\/de\/wp-json\/wp\/v2\/comments?post=6065"}],"version-history":[{"count":6,"href":"https:\/\/www.modula4.com\/de\/wp-json\/wp\/v2\/pages\/6065\/revisions"}],"predecessor-version":[{"id":9558,"href":"https:\/\/www.modula4.com\/de\/wp-json\/wp\/v2\/pages\/6065\/revisions\/9558"}],"up":[{"embeddable":true,"href":"https:\/\/www.modula4.com\/de\/wp-json\/wp\/v2\/pages\/9533"}],"wp:attachment":[{"href":"https:\/\/www.modula4.com\/de\/wp-json\/wp\/v2\/media?parent=6065"}],"curies":[{"name":"wp","href":"https:\/\/api.w.org\/{rel}","templated":true}]}}