{"id":6056,"date":"2011-12-17T17:06:56","date_gmt":"2011-12-17T22:06:56","guid":{"rendered":"http:\/\/www.modula4.com\/visuelle-suche-und-sortierung-in-cumulus\/"},"modified":"2014-11-13T07:24:25","modified_gmt":"2014-11-13T15:24:25","slug":"visuelle-suche-und-sortierung-in-cumulus","status":"publish","type":"page","link":"https:\/\/www.modula4.com\/de\/visuelle-suche-und-sortierung-in-cumulus\/","title":{"rendered":"Visuelle Suche und Sortierung in Cumulus"},"content":{"rendered":"<h2>Schauen Sie sich an, wie Sie Bilder in Cumulus schneller und leichter finden k\u00f6nnen<\/h2>\n<p>In diesem Webinar zeigt Modula4 den ImageSorter und ImageSearch, Add-On Produkte f\u00fcr Canto Cumulus, die es Ihnen erm\u00f6glichen Bilder basierend auf dem visuellen Inhalt, z.B. Farbe, Helligkeit, S\u00e4ttigung und Formen zu finden. Weiterhin wir ZoomA vorgestellt, das schnellste Werkzeug um Bilder in Cumulus zu vergr\u00f6\u00dfern.<\/p>\n<div style=\"width: 504px;\" class=\"wp-video\"><video class=\"wp-video-shortcode\" id=\"video-6056-1\" width=\"504\" height=\"350\" poster=\"http:\/\/6392616f0f56d79ee565-152020da2877d19c084c9cfccc53ca4b.r3.cf1.rackcdn.com\/webinar_image_sorter.png\" preload=\"metadata\" controls=\"controls\"><source type=\"video\/mp4\" src=\"http:\/\/6392616f0f56d79ee565-152020da2877d19c084c9cfccc53ca4b.r3.cf1.rackcdn.com\/webinar_image_searching_sorting.mp4?_=1\" \/><a href=\"http:\/\/6392616f0f56d79ee565-152020da2877d19c084c9cfccc53ca4b.r3.cf1.rackcdn.com\/webinar_image_searching_sorting.mp4\">http:\/\/6392616f0f56d79ee565-152020da2877d19c084c9cfccc53ca4b.r3.cf1.rackcdn.com\/webinar_image_searching_sorting.mp4<\/a><\/video><\/div>\n<p>&nbsp;<\/p>\n<p><strong>Anmerkung zum Video<\/strong>:  F\u00fcr die beste Wiedergabequalit\u00e4t schalten Sie auf \u201eVollbildschirm\u201c, sobald das Video begonnen hat. Klicken Sie hierzu auf das Icon rechts au\u00dfen im Player-Fenster. (Das Video ist auf Englisch.)<\/p>\n<div><span style=\"font-size: small;\"><span class=\"Apple-style-span\" style=\"line-height: 24px;\">Wenn Sie die Pr\u00e4sentation als PDF herunterladen wollen, klicken Sie bitte <a href=\"http:\/\/6392616f0f56d79ee565-152020da2877d19c084c9cfccc53ca4b.r3.cf1.rackcdn.com\/visual_searching_webinar.pdf\" target=\"_blank\">hier.<\/a><\/span><\/span><\/div>\n","protected":false},"excerpt":{"rendered":"<p>Schauen Sie sich an, wie Sie Bilder in Cumulus schneller und leichter finden k\u00f6nnen In diesem Webinar zeigt Modula4 den ImageSorter und ImageSearch, Add-On Produkte f\u00fcr Canto Cumulus, die es Ihnen erm\u00f6glichen Bilder basierend auf dem visuellen Inhalt, z.B. Farbe, Helligkeit, S\u00e4ttigung und Formen zu finden. Weiterhin wir ZoomA vorgestellt, das schnellste Werkzeug um Bilder <a class=\"read-more\" href=\"https:\/\/www.modula4.com\/de\/visuelle-suche-und-sortierung-in-cumulus\/\">&#8230; &nbsp;Weiterlesen &gt;<\/a><\/p>\n","protected":false},"author":2,"featured_media":0,"parent":0,"menu_order":0,"comment_status":"closed","ping_status":"open","template":"","meta":{"_monsterinsights_skip_tracking":false,"_monsterinsights_sitenote_active":false,"_monsterinsights_sitenote_note":"","_monsterinsights_sitenote_category":0,"footnotes":""},"class_list":["post-6056","page","type-page","status-publish","hentry"],"yoast_head":"<!-- This site is optimized with the Yoast SEO Premium plugin v26.4 (Yoast SEO v27.3) - https:\/\/yoast.com\/product\/yoast-seo-premium-wordpress\/ -->\n<title>Visuelle Suche und Sortierung in Cumulus - Modula4<\/title>\n<meta name=\"robots\" content=\"index, follow, max-snippet:-1, max-image-preview:large, max-video-preview:-1\" \/>\n<link rel=\"canonical\" href=\"https:\/\/www.modula4.com\/de\/visuelle-suche-und-sortierung-in-cumulus\/\" \/>\n<meta property=\"og:locale\" content=\"de_DE\" \/>\n<meta property=\"og:type\" content=\"article\" \/>\n<meta property=\"og:title\" content=\"Visuelle Suche und Sortierung in Cumulus\" \/>\n<meta property=\"og:description\" content=\"Schauen Sie sich an, wie Sie Bilder in Cumulus schneller und leichter finden k\u00f6nnen In diesem Webinar zeigt Modula4 den ImageSorter und ImageSearch, Add-On Produkte f\u00fcr Canto Cumulus, die es Ihnen erm\u00f6glichen Bilder basierend auf dem visuellen Inhalt, z.B. Farbe, Helligkeit, S\u00e4ttigung und Formen zu finden. Weiterhin wir ZoomA vorgestellt, das schnellste Werkzeug um Bilder ... &nbsp;Weiterlesen &gt;\" \/>\n<meta property=\"og:url\" content=\"https:\/\/www.modula4.com\/de\/visuelle-suche-und-sortierung-in-cumulus\/\" \/>\n<meta property=\"og:site_name\" content=\"Modula4\" \/>\n<meta property=\"article:publisher\" content=\"https:\/\/www.linkedin.com\/company\/modula4\/\" \/>\n<meta property=\"article:modified_time\" content=\"2014-11-13T15:24:25+00:00\" \/>\n<meta name=\"twitter:label1\" content=\"Gesch\u00e4tzte Lesezeit\" \/>\n\t<meta name=\"twitter:data1\" content=\"1\u00a0Minute\" \/>\n<script type=\"application\/ld+json\" class=\"yoast-schema-graph\">{\"@context\":\"https:\\\/\\\/schema.org\",\"@graph\":[{\"@type\":\"WebPage\",\"@id\":\"https:\\\/\\\/www.modula4.com\\\/de\\\/visuelle-suche-und-sortierung-in-cumulus\\\/\",\"url\":\"https:\\\/\\\/www.modula4.com\\\/de\\\/visuelle-suche-und-sortierung-in-cumulus\\\/\",\"name\":\"Visuelle Suche und Sortierung in Cumulus - Modula4\",\"isPartOf\":{\"@id\":\"https:\\\/\\\/www.modula4.com\\\/#website\"},\"datePublished\":\"2011-12-17T22:06:56+00:00\",\"dateModified\":\"2014-11-13T15:24:25+00:00\",\"breadcrumb\":{\"@id\":\"https:\\\/\\\/www.modula4.com\\\/de\\\/visuelle-suche-und-sortierung-in-cumulus\\\/#breadcrumb\"},\"inLanguage\":\"de\",\"potentialAction\":[{\"@type\":\"ReadAction\",\"target\":[\"https:\\\/\\\/www.modula4.com\\\/de\\\/visuelle-suche-und-sortierung-in-cumulus\\\/\"]}]},{\"@type\":\"BreadcrumbList\",\"@id\":\"https:\\\/\\\/www.modula4.com\\\/de\\\/visuelle-suche-und-sortierung-in-cumulus\\\/#breadcrumb\",\"itemListElement\":[{\"@type\":\"ListItem\",\"position\":1,\"name\":\"Home\",\"item\":\"https:\\\/\\\/www.modula4.com\\\/de\\\/\"},{\"@type\":\"ListItem\",\"position\":2,\"name\":\"Visuelle Suche und Sortierung in Cumulus\"}]},{\"@type\":\"WebSite\",\"@id\":\"https:\\\/\\\/www.modula4.com\\\/#website\",\"url\":\"https:\\\/\\\/www.modula4.com\\\/\",\"name\":\"Modula4\",\"description\":\"Dedicated Experts. Complete Solutions. Real Results.\",\"publisher\":{\"@id\":\"https:\\\/\\\/www.modula4.com\\\/#organization\"},\"potentialAction\":[{\"@type\":\"SearchAction\",\"target\":{\"@type\":\"EntryPoint\",\"urlTemplate\":\"https:\\\/\\\/www.modula4.com\\\/?s={search_term_string}\"},\"query-input\":{\"@type\":\"PropertyValueSpecification\",\"valueRequired\":true,\"valueName\":\"search_term_string\"}}],\"inLanguage\":\"de\"},{\"@type\":\"Organization\",\"@id\":\"https:\\\/\\\/www.modula4.com\\\/#organization\",\"name\":\"Modula4\",\"url\":\"https:\\\/\\\/www.modula4.com\\\/\",\"logo\":{\"@type\":\"ImageObject\",\"inLanguage\":\"de\",\"@id\":\"https:\\\/\\\/www.modula4.com\\\/#\\\/schema\\\/logo\\\/image\\\/\",\"url\":\"https:\\\/\\\/www.modula4.com\\\/wp-content\\\/uploads\\\/M4-Logo-rgb.png\",\"contentUrl\":\"https:\\\/\\\/www.modula4.com\\\/wp-content\\\/uploads\\\/M4-Logo-rgb.png\",\"width\":190,\"height\":42,\"caption\":\"Modula4\"},\"image\":{\"@id\":\"https:\\\/\\\/www.modula4.com\\\/#\\\/schema\\\/logo\\\/image\\\/\"},\"sameAs\":[\"https:\\\/\\\/www.linkedin.com\\\/company\\\/modula4\\\/\"]}]}<\/script>\n<!-- \/ Yoast SEO Premium plugin. -->","yoast_head_json":{"title":"Visuelle Suche und Sortierung in Cumulus - Modula4","robots":{"index":"index","follow":"follow","max-snippet":"max-snippet:-1","max-image-preview":"max-image-preview:large","max-video-preview":"max-video-preview:-1"},"canonical":"https:\/\/www.modula4.com\/de\/visuelle-suche-und-sortierung-in-cumulus\/","og_locale":"de_DE","og_type":"article","og_title":"Visuelle Suche und Sortierung in Cumulus","og_description":"Schauen Sie sich an, wie Sie Bilder in Cumulus schneller und leichter finden k\u00f6nnen In diesem Webinar zeigt Modula4 den ImageSorter und ImageSearch, Add-On Produkte f\u00fcr Canto Cumulus, die es Ihnen erm\u00f6glichen Bilder basierend auf dem visuellen Inhalt, z.B. Farbe, Helligkeit, S\u00e4ttigung und Formen zu finden. Weiterhin wir ZoomA vorgestellt, das schnellste Werkzeug um Bilder ... &nbsp;Weiterlesen &gt;","og_url":"https:\/\/www.modula4.com\/de\/visuelle-suche-und-sortierung-in-cumulus\/","og_site_name":"Modula4","article_publisher":"https:\/\/www.linkedin.com\/company\/modula4\/","article_modified_time":"2014-11-13T15:24:25+00:00","twitter_misc":{"Gesch\u00e4tzte Lesezeit":"1\u00a0Minute"},"schema":{"@context":"https:\/\/schema.org","@graph":[{"@type":"WebPage","@id":"https:\/\/www.modula4.com\/de\/visuelle-suche-und-sortierung-in-cumulus\/","url":"https:\/\/www.modula4.com\/de\/visuelle-suche-und-sortierung-in-cumulus\/","name":"Visuelle Suche und Sortierung in Cumulus - Modula4","isPartOf":{"@id":"https:\/\/www.modula4.com\/#website"},"datePublished":"2011-12-17T22:06:56+00:00","dateModified":"2014-11-13T15:24:25+00:00","breadcrumb":{"@id":"https:\/\/www.modula4.com\/de\/visuelle-suche-und-sortierung-in-cumulus\/#breadcrumb"},"inLanguage":"de","potentialAction":[{"@type":"ReadAction","target":["https:\/\/www.modula4.com\/de\/visuelle-suche-und-sortierung-in-cumulus\/"]}]},{"@type":"BreadcrumbList","@id":"https:\/\/www.modula4.com\/de\/visuelle-suche-und-sortierung-in-cumulus\/#breadcrumb","itemListElement":[{"@type":"ListItem","position":1,"name":"Home","item":"https:\/\/www.modula4.com\/de\/"},{"@type":"ListItem","position":2,"name":"Visuelle Suche und Sortierung in Cumulus"}]},{"@type":"WebSite","@id":"https:\/\/www.modula4.com\/#website","url":"https:\/\/www.modula4.com\/","name":"Modula4","description":"Dedicated Experts. Complete Solutions. Real Results.","publisher":{"@id":"https:\/\/www.modula4.com\/#organization"},"potentialAction":[{"@type":"SearchAction","target":{"@type":"EntryPoint","urlTemplate":"https:\/\/www.modula4.com\/?s={search_term_string}"},"query-input":{"@type":"PropertyValueSpecification","valueRequired":true,"valueName":"search_term_string"}}],"inLanguage":"de"},{"@type":"Organization","@id":"https:\/\/www.modula4.com\/#organization","name":"Modula4","url":"https:\/\/www.modula4.com\/","logo":{"@type":"ImageObject","inLanguage":"de","@id":"https:\/\/www.modula4.com\/#\/schema\/logo\/image\/","url":"https:\/\/www.modula4.com\/wp-content\/uploads\/M4-Logo-rgb.png","contentUrl":"https:\/\/www.modula4.com\/wp-content\/uploads\/M4-Logo-rgb.png","width":190,"height":42,"caption":"Modula4"},"image":{"@id":"https:\/\/www.modula4.com\/#\/schema\/logo\/image\/"},"sameAs":["https:\/\/www.linkedin.com\/company\/modula4\/"]}]}},"_links":{"self":[{"href":"https:\/\/www.modula4.com\/de\/wp-json\/wp\/v2\/pages\/6056","targetHints":{"allow":["GET"]}}],"collection":[{"href":"https:\/\/www.modula4.com\/de\/wp-json\/wp\/v2\/pages"}],"about":[{"href":"https:\/\/www.modula4.com\/de\/wp-json\/wp\/v2\/types\/page"}],"author":[{"embeddable":true,"href":"https:\/\/www.modula4.com\/de\/wp-json\/wp\/v2\/users\/2"}],"replies":[{"embeddable":true,"href":"https:\/\/www.modula4.com\/de\/wp-json\/wp\/v2\/comments?post=6056"}],"version-history":[{"count":1,"href":"https:\/\/www.modula4.com\/de\/wp-json\/wp\/v2\/pages\/6056\/revisions"}],"predecessor-version":[{"id":6523,"href":"https:\/\/www.modula4.com\/de\/wp-json\/wp\/v2\/pages\/6056\/revisions\/6523"}],"wp:attachment":[{"href":"https:\/\/www.modula4.com\/de\/wp-json\/wp\/v2\/media?parent=6056"}],"curies":[{"name":"wp","href":"https:\/\/api.w.org\/{rel}","templated":true}]}}