{"id":6050,"date":"2011-09-29T18:40:10","date_gmt":"2011-09-30T01:40:10","guid":{"rendered":"http:\/\/www.modula4.com\/picturepark\/"},"modified":"2021-08-31T04:30:59","modified_gmt":"2021-08-31T11:30:59","slug":"picturepark","status":"publish","type":"page","link":"https:\/\/www.modula4.com\/de\/produkte\/weitere-produkte\/picturepark\/","title":{"rendered":"Picturepark"},"content":{"rendered":"<h2>Digital Asset Management in der Cloud<\/h2>\n<p>Picturepark erm\u00f6glicht Ihnen die Kontrolle Ihrer Daten und Arbeitsabl\u00e4ufe. Es fungiert als zentrale Plattform, auf der alle Assets aus verschiedenen Medien in ihrem originalen Format gespeichert und dann automatisch in das gew\u00fcnschte Format umgewandelt werden. Aufgrund einer leistungsstarken aber einfachen Zugriffsverwaltung k\u00f6nnen\u00a0 Nutzer nur auf die Inhalte und Funktionen zugreifen, f\u00fcr die sie Berechtigungen haben.<\/p>\n<p>&nbsp;<\/p>\n<p style=\"text-align: center;\"><img loading=\"lazy\" decoding=\"async\" class=\"size-large wp-image-3451 aligncenter\" title=\"picturepark_grab\" src=\"http:\/\/www.modula4.com\/wp-content\/uploads\/picturepark_grab-1024x652.jpg\" alt=\"Screen image fo Picturepark Digital Asset Management System\" width=\"700\" height=\"407\" \/><\/p>\n<p>&nbsp;<\/p>\n<p>Picturepark ist als SaaS (Software als Service) erh\u00e4ltlich. Das bedeutet, dass Sie die Software nicht selbst hosten m\u00fcssen und somit auch keinen eigenen Server, Speicherplatz oder internen IT-Support ben\u00f6tigen. Sie zahlen einfach nur ein monatliches Abo und f\u00fcr die technische Infrastruktur ist gesorgt.<\/p>\n<p>Picturepark kann aber auch lokal bei Ihnen installiert werden. Dies kann eine kostensparendere L\u00f6sung sein, wenn Sie viele Nutzer haben, viel Speicherplatz und lokale Netzwerkgeschwindigkeiten ben\u00f6tigen.<\/p>\n<p>Zus\u00e4tzlich zu Picturepark bietet Modula4 eine komplette Bandbreite an Dienstleistungen an, die darauf ausgerichtet sind, dass Sie ihr System effektiv ausnutzen k\u00f6nnen.<\/p>\n<p>Erfahren Sie mehr \u00fcber unsere <a title=\"Services\" href=\"\/de\/dienstleistungen\/beratung\/\">Dienstleistungen<\/a>.<\/p>\n","protected":false},"excerpt":{"rendered":"<p>Digital Asset Management in der Cloud Picturepark erm\u00f6glicht Ihnen die Kontrolle Ihrer Daten und Arbeitsabl\u00e4ufe. Es fungiert als zentrale Plattform, auf der alle Assets aus verschiedenen Medien in ihrem originalen Format gespeichert und dann automatisch in das gew\u00fcnschte Format umgewandelt werden. Aufgrund einer leistungsstarken aber einfachen Zugriffsverwaltung k\u00f6nnen\u00a0 Nutzer nur auf die Inhalte und Funktionen <a class=\"read-more\" href=\"https:\/\/www.modula4.com\/de\/produkte\/weitere-produkte\/picturepark\/\">&#8230; &nbsp;Weiterlesen &gt;<\/a><\/p>\n","protected":false},"author":2,"featured_media":0,"parent":9533,"menu_order":10,"comment_status":"closed","ping_status":"closed","template":"","meta":{"_monsterinsights_skip_tracking":false,"_monsterinsights_sitenote_active":false,"_monsterinsights_sitenote_note":"","_monsterinsights_sitenote_category":0,"footnotes":""},"class_list":["post-6050","page","type-page","status-publish","hentry"],"yoast_head":"<!-- This site is optimized with the Yoast SEO Premium plugin v26.4 (Yoast SEO v27.3) - https:\/\/yoast.com\/product\/yoast-seo-premium-wordpress\/ -->\n<title>Picturepark - Modula4<\/title>\n<meta name=\"robots\" content=\"index, follow, max-snippet:-1, max-image-preview:large, max-video-preview:-1\" \/>\n<link rel=\"canonical\" href=\"https:\/\/www.modula4.com\/de\/produkte\/picturepark\/\" \/>\n<meta property=\"og:locale\" content=\"de_DE\" \/>\n<meta property=\"og:type\" content=\"article\" \/>\n<meta property=\"og:title\" content=\"Picturepark\" \/>\n<meta property=\"og:description\" content=\"Digital Asset Management in der Cloud Picturepark erm\u00f6glicht Ihnen die Kontrolle Ihrer Daten und Arbeitsabl\u00e4ufe. Es fungiert als zentrale Plattform, auf der alle Assets aus verschiedenen Medien in ihrem originalen Format gespeichert und dann automatisch in das gew\u00fcnschte Format umgewandelt werden. Aufgrund einer leistungsstarken aber einfachen Zugriffsverwaltung k\u00f6nnen\u00a0 Nutzer nur auf die Inhalte und Funktionen ... &nbsp;Weiterlesen &gt;\" \/>\n<meta property=\"og:url\" content=\"https:\/\/www.modula4.com\/de\/produkte\/picturepark\/\" \/>\n<meta property=\"og:site_name\" content=\"Modula4\" \/>\n<meta property=\"article:publisher\" content=\"https:\/\/www.linkedin.com\/company\/modula4\/\" \/>\n<meta property=\"article:modified_time\" content=\"2021-08-31T11:30:59+00:00\" \/>\n<meta property=\"og:image\" content=\"http:\/\/www.modula4.com\/wp-content\/uploads\/picturepark_grab-1024x652.jpg\" \/>\n<meta name=\"twitter:label1\" content=\"Gesch\u00e4tzte Lesezeit\" \/>\n\t<meta name=\"twitter:data1\" content=\"1\u00a0Minute\" \/>\n<script type=\"application\/ld+json\" class=\"yoast-schema-graph\">{\"@context\":\"https:\\\/\\\/schema.org\",\"@graph\":[{\"@type\":\"WebPage\",\"@id\":\"https:\\\/\\\/www.modula4.com\\\/de\\\/produkte\\\/picturepark\\\/\",\"url\":\"https:\\\/\\\/www.modula4.com\\\/de\\\/produkte\\\/picturepark\\\/\",\"name\":\"Picturepark - Modula4\",\"isPartOf\":{\"@id\":\"https:\\\/\\\/www.modula4.com\\\/#website\"},\"primaryImageOfPage\":{\"@id\":\"https:\\\/\\\/www.modula4.com\\\/de\\\/produkte\\\/picturepark\\\/#primaryimage\"},\"image\":{\"@id\":\"https:\\\/\\\/www.modula4.com\\\/de\\\/produkte\\\/picturepark\\\/#primaryimage\"},\"thumbnailUrl\":\"http:\\\/\\\/www.modula4.com\\\/wp-content\\\/uploads\\\/picturepark_grab-1024x652.jpg\",\"datePublished\":\"2011-09-30T01:40:10+00:00\",\"dateModified\":\"2021-08-31T11:30:59+00:00\",\"breadcrumb\":{\"@id\":\"https:\\\/\\\/www.modula4.com\\\/de\\\/produkte\\\/picturepark\\\/#breadcrumb\"},\"inLanguage\":\"de\",\"potentialAction\":[{\"@type\":\"ReadAction\",\"target\":[\"https:\\\/\\\/www.modula4.com\\\/de\\\/produkte\\\/picturepark\\\/\"]}]},{\"@type\":\"ImageObject\",\"inLanguage\":\"de\",\"@id\":\"https:\\\/\\\/www.modula4.com\\\/de\\\/produkte\\\/picturepark\\\/#primaryimage\",\"url\":\"http:\\\/\\\/www.modula4.com\\\/wp-content\\\/uploads\\\/picturepark_grab-1024x652.jpg\",\"contentUrl\":\"http:\\\/\\\/www.modula4.com\\\/wp-content\\\/uploads\\\/picturepark_grab-1024x652.jpg\"},{\"@type\":\"BreadcrumbList\",\"@id\":\"https:\\\/\\\/www.modula4.com\\\/de\\\/produkte\\\/picturepark\\\/#breadcrumb\",\"itemListElement\":[{\"@type\":\"ListItem\",\"position\":1,\"name\":\"Home\",\"item\":\"https:\\\/\\\/www.modula4.com\\\/de\\\/\"},{\"@type\":\"ListItem\",\"position\":2,\"name\":\"Produkte\",\"item\":\"https:\\\/\\\/www.modula4.com\\\/de\\\/produkte\\\/\"},{\"@type\":\"ListItem\",\"position\":3,\"name\":\"Picturepark\"}]},{\"@type\":\"WebSite\",\"@id\":\"https:\\\/\\\/www.modula4.com\\\/#website\",\"url\":\"https:\\\/\\\/www.modula4.com\\\/\",\"name\":\"Modula4\",\"description\":\"Dedicated Experts. Complete Solutions. Real Results.\",\"publisher\":{\"@id\":\"https:\\\/\\\/www.modula4.com\\\/#organization\"},\"potentialAction\":[{\"@type\":\"SearchAction\",\"target\":{\"@type\":\"EntryPoint\",\"urlTemplate\":\"https:\\\/\\\/www.modula4.com\\\/?s={search_term_string}\"},\"query-input\":{\"@type\":\"PropertyValueSpecification\",\"valueRequired\":true,\"valueName\":\"search_term_string\"}}],\"inLanguage\":\"de\"},{\"@type\":\"Organization\",\"@id\":\"https:\\\/\\\/www.modula4.com\\\/#organization\",\"name\":\"Modula4\",\"url\":\"https:\\\/\\\/www.modula4.com\\\/\",\"logo\":{\"@type\":\"ImageObject\",\"inLanguage\":\"de\",\"@id\":\"https:\\\/\\\/www.modula4.com\\\/#\\\/schema\\\/logo\\\/image\\\/\",\"url\":\"https:\\\/\\\/www.modula4.com\\\/wp-content\\\/uploads\\\/M4-Logo-rgb.png\",\"contentUrl\":\"https:\\\/\\\/www.modula4.com\\\/wp-content\\\/uploads\\\/M4-Logo-rgb.png\",\"width\":190,\"height\":42,\"caption\":\"Modula4\"},\"image\":{\"@id\":\"https:\\\/\\\/www.modula4.com\\\/#\\\/schema\\\/logo\\\/image\\\/\"},\"sameAs\":[\"https:\\\/\\\/www.linkedin.com\\\/company\\\/modula4\\\/\"]}]}<\/script>\n<!-- \/ Yoast SEO Premium plugin. -->","yoast_head_json":{"title":"Picturepark - Modula4","robots":{"index":"index","follow":"follow","max-snippet":"max-snippet:-1","max-image-preview":"max-image-preview:large","max-video-preview":"max-video-preview:-1"},"canonical":"https:\/\/www.modula4.com\/de\/produkte\/picturepark\/","og_locale":"de_DE","og_type":"article","og_title":"Picturepark","og_description":"Digital Asset Management in der Cloud Picturepark erm\u00f6glicht Ihnen die Kontrolle Ihrer Daten und Arbeitsabl\u00e4ufe. Es fungiert als zentrale Plattform, auf der alle Assets aus verschiedenen Medien in ihrem originalen Format gespeichert und dann automatisch in das gew\u00fcnschte Format umgewandelt werden. Aufgrund einer leistungsstarken aber einfachen Zugriffsverwaltung k\u00f6nnen\u00a0 Nutzer nur auf die Inhalte und Funktionen ... &nbsp;Weiterlesen &gt;","og_url":"https:\/\/www.modula4.com\/de\/produkte\/picturepark\/","og_site_name":"Modula4","article_publisher":"https:\/\/www.linkedin.com\/company\/modula4\/","article_modified_time":"2021-08-31T11:30:59+00:00","og_image":[{"url":"http:\/\/www.modula4.com\/wp-content\/uploads\/picturepark_grab-1024x652.jpg","type":"","width":"","height":""}],"twitter_misc":{"Gesch\u00e4tzte Lesezeit":"1\u00a0Minute"},"schema":{"@context":"https:\/\/schema.org","@graph":[{"@type":"WebPage","@id":"https:\/\/www.modula4.com\/de\/produkte\/picturepark\/","url":"https:\/\/www.modula4.com\/de\/produkte\/picturepark\/","name":"Picturepark - Modula4","isPartOf":{"@id":"https:\/\/www.modula4.com\/#website"},"primaryImageOfPage":{"@id":"https:\/\/www.modula4.com\/de\/produkte\/picturepark\/#primaryimage"},"image":{"@id":"https:\/\/www.modula4.com\/de\/produkte\/picturepark\/#primaryimage"},"thumbnailUrl":"http:\/\/www.modula4.com\/wp-content\/uploads\/picturepark_grab-1024x652.jpg","datePublished":"2011-09-30T01:40:10+00:00","dateModified":"2021-08-31T11:30:59+00:00","breadcrumb":{"@id":"https:\/\/www.modula4.com\/de\/produkte\/picturepark\/#breadcrumb"},"inLanguage":"de","potentialAction":[{"@type":"ReadAction","target":["https:\/\/www.modula4.com\/de\/produkte\/picturepark\/"]}]},{"@type":"ImageObject","inLanguage":"de","@id":"https:\/\/www.modula4.com\/de\/produkte\/picturepark\/#primaryimage","url":"http:\/\/www.modula4.com\/wp-content\/uploads\/picturepark_grab-1024x652.jpg","contentUrl":"http:\/\/www.modula4.com\/wp-content\/uploads\/picturepark_grab-1024x652.jpg"},{"@type":"BreadcrumbList","@id":"https:\/\/www.modula4.com\/de\/produkte\/picturepark\/#breadcrumb","itemListElement":[{"@type":"ListItem","position":1,"name":"Home","item":"https:\/\/www.modula4.com\/de\/"},{"@type":"ListItem","position":2,"name":"Produkte","item":"https:\/\/www.modula4.com\/de\/produkte\/"},{"@type":"ListItem","position":3,"name":"Picturepark"}]},{"@type":"WebSite","@id":"https:\/\/www.modula4.com\/#website","url":"https:\/\/www.modula4.com\/","name":"Modula4","description":"Dedicated Experts. Complete Solutions. Real Results.","publisher":{"@id":"https:\/\/www.modula4.com\/#organization"},"potentialAction":[{"@type":"SearchAction","target":{"@type":"EntryPoint","urlTemplate":"https:\/\/www.modula4.com\/?s={search_term_string}"},"query-input":{"@type":"PropertyValueSpecification","valueRequired":true,"valueName":"search_term_string"}}],"inLanguage":"de"},{"@type":"Organization","@id":"https:\/\/www.modula4.com\/#organization","name":"Modula4","url":"https:\/\/www.modula4.com\/","logo":{"@type":"ImageObject","inLanguage":"de","@id":"https:\/\/www.modula4.com\/#\/schema\/logo\/image\/","url":"https:\/\/www.modula4.com\/wp-content\/uploads\/M4-Logo-rgb.png","contentUrl":"https:\/\/www.modula4.com\/wp-content\/uploads\/M4-Logo-rgb.png","width":190,"height":42,"caption":"Modula4"},"image":{"@id":"https:\/\/www.modula4.com\/#\/schema\/logo\/image\/"},"sameAs":["https:\/\/www.linkedin.com\/company\/modula4\/"]}]}},"_links":{"self":[{"href":"https:\/\/www.modula4.com\/de\/wp-json\/wp\/v2\/pages\/6050","targetHints":{"allow":["GET"]}}],"collection":[{"href":"https:\/\/www.modula4.com\/de\/wp-json\/wp\/v2\/pages"}],"about":[{"href":"https:\/\/www.modula4.com\/de\/wp-json\/wp\/v2\/types\/page"}],"author":[{"embeddable":true,"href":"https:\/\/www.modula4.com\/de\/wp-json\/wp\/v2\/users\/2"}],"replies":[{"embeddable":true,"href":"https:\/\/www.modula4.com\/de\/wp-json\/wp\/v2\/comments?post=6050"}],"version-history":[{"count":6,"href":"https:\/\/www.modula4.com\/de\/wp-json\/wp\/v2\/pages\/6050\/revisions"}],"predecessor-version":[{"id":9630,"href":"https:\/\/www.modula4.com\/de\/wp-json\/wp\/v2\/pages\/6050\/revisions\/9630"}],"up":[{"embeddable":true,"href":"https:\/\/www.modula4.com\/de\/wp-json\/wp\/v2\/pages\/9533"}],"wp:attachment":[{"href":"https:\/\/www.modula4.com\/de\/wp-json\/wp\/v2\/media?parent=6050"}],"curies":[{"name":"wp","href":"https:\/\/api.w.org\/{rel}","templated":true}]}}