{"id":6043,"date":"2011-06-05T12:39:10","date_gmt":"2011-06-05T19:39:10","guid":{"rendered":"http:\/\/www.modula4.com\/zooma\/"},"modified":"2021-08-31T03:49:36","modified_gmt":"2021-08-31T10:49:36","slug":"zooma","status":"publish","type":"page","link":"https:\/\/www.modula4.com\/de\/produkte\/weitere-produkte\/zooma\/","title":{"rendered":"ZoomA"},"content":{"rendered":"<h2>Machen Sie einfach und schnell feine Details sichtbar<\/h2>\n<p>ZoomA gibt Ihnen die M\u00f6glichkeit, schnell feine Details in Ihren Assets in Ihrem DAM-System sichtbar zu machen. ZoomA kann f\u00fcr jedes Asset genutzt werden, f\u00fcr das ein Preview generiert wird, so dass Sie schnell eine Vielzahl von Asset-Typen zoomen k\u00f6nnen.<\/p>\n<div id=\"attachment_2867\" style=\"width: 710px\" class=\"wp-caption aligncenter\"><img loading=\"lazy\" decoding=\"async\" aria-describedby=\"caption-attachment-2867\" class=\"wp-image-2867\" title=\"Standard Vorschau\" src=\"http:\/\/www.modula4.com\/wp-content\/uploads\/ZoomA2-518x3101.jpg\" alt=\"Standard vorschau ohne ZoomA\" width=\"700\" height=\"419\" srcset=\"https:\/\/www.modula4.com\/wp-content\/uploads\/ZoomA2-518x3101.jpg 518w, https:\/\/www.modula4.com\/wp-content\/uploads\/ZoomA2-518x3101-300x179.jpg 300w\" sizes=\"auto, (max-width: 700px) 100vw, 700px\" \/><p id=\"caption-attachment-2867\" class=\"wp-caption-text\"><strong>Standard Vorschau<\/strong><\/p><\/div>\n<div id=\"attachment_2857\" style=\"width: 710px\" class=\"wp-caption aligncenter\"><img loading=\"lazy\" decoding=\"async\" aria-describedby=\"caption-attachment-2857\" class=\"wp-image-2857 \" title=\"ZoomA Detailansicht\" src=\"http:\/\/www.modula4.com\/wp-content\/uploads\/ZoomA11-518x3101.png\" alt=\"Mit ZoomA vergr\u00f6\u00dferte Ansicht, um feine Details sichtbar zu machen.\" width=\"700\" height=\"419\" srcset=\"https:\/\/www.modula4.com\/wp-content\/uploads\/ZoomA11-518x3101.png 518w, https:\/\/www.modula4.com\/wp-content\/uploads\/ZoomA11-518x3101-300x179.png 300w\" sizes=\"auto, (max-width: 700px) 100vw, 700px\" \/><p id=\"caption-attachment-2857\" class=\"wp-caption-text\"><strong>Mit ZoomA vergr\u00f6\u00dferte Ansicht, um feine Details sichtbar zu machen.<\/strong><\/p><\/div>\n<p>ZoomA erzielt eine hohe Geschwindigkeit, da nur die Teile des Bildes \u00fcbertragen werden, die Sie gerade betrachten. Auf diese Weise k\u00f6nnen selbst riesige Bilder schnell und komfortabel \u00fcber das Internet angesehen werden. Die Bilder werden automatisch durch einen Scheduler Prozess im Hintergrund aufbereitet, wodurch DAM effektiv in einen deep-zoom Bild-Server verwandelt wird. Der Administrator kann frei entscheiden, welche Assets \u201ezoombar\u201c werden und bis zu welcher maximalen Gr\u00f6\u00dfe gezoomt werden kann.<\/p>\n<p>ZoomA kann zum Beispiel bei folgenden Anwendungsm\u00f6glichkeiten zum Einsatz kommen:<\/p>\n<ul>\n<li>Konstruktionen oder medizinische Bilder<\/li>\n<li>Kunst- oder Fotogalerien<\/li>\n<li>Betrachtung und Review von Fotographie und Grafik Design<\/li>\n<li>Bildauswahl Prozesse<\/li>\n<li>Online Dokument Archive<\/li>\n<li>Jede Anwendung, mit der Sie dem Nutzer eine fesselnde und spannende Erfahrung bieten wollen<\/li>\n<\/ul>\n<p><a href=\"http:\/\/www.modula4.com\/de\/kontakt\/\" target=\"_self\" rel=\"noopener noreferrer\">Fragen Sie uns<\/a>, wenn Sie mehr \u00fcber den ZoomA erfahren m\u00f6chten.<\/p>\n","protected":false},"excerpt":{"rendered":"<p>Machen Sie einfach und schnell feine Details sichtbar ZoomA gibt Ihnen die M\u00f6glichkeit, schnell feine Details in Ihren Assets in Ihrem DAM-System sichtbar zu machen. ZoomA kann f\u00fcr jedes Asset genutzt werden, f\u00fcr das ein Preview generiert wird, so dass Sie schnell eine Vielzahl von Asset-Typen zoomen k\u00f6nnen. ZoomA erzielt eine hohe Geschwindigkeit, da nur <a class=\"read-more\" href=\"https:\/\/www.modula4.com\/de\/produkte\/weitere-produkte\/zooma\/\">&#8230; &nbsp;Weiterlesen &gt;<\/a><\/p>\n","protected":false},"author":2,"featured_media":0,"parent":9533,"menu_order":35,"comment_status":"closed","ping_status":"closed","template":"","meta":{"_monsterinsights_skip_tracking":false,"_monsterinsights_sitenote_active":false,"_monsterinsights_sitenote_note":"","_monsterinsights_sitenote_category":0,"footnotes":""},"class_list":["post-6043","page","type-page","status-publish","hentry"],"yoast_head":"<!-- This site is optimized with the Yoast SEO Premium plugin v26.4 (Yoast SEO v27.4) - https:\/\/yoast.com\/product\/yoast-seo-premium-wordpress\/ -->\n<title>ZoomA - Modula4<\/title>\n<meta name=\"robots\" content=\"index, follow, max-snippet:-1, max-image-preview:large, max-video-preview:-1\" \/>\n<link rel=\"canonical\" href=\"https:\/\/www.modula4.com\/de\/produkte\/modula4-produkte\/zooma\/\" \/>\n<meta property=\"og:locale\" content=\"de_DE\" \/>\n<meta property=\"og:type\" content=\"article\" \/>\n<meta property=\"og:title\" content=\"ZoomA\" \/>\n<meta property=\"og:description\" content=\"Machen Sie einfach und schnell feine Details sichtbar ZoomA gibt Ihnen die M\u00f6glichkeit, schnell feine Details in Ihren Assets in Ihrem DAM-System sichtbar zu machen. ZoomA kann f\u00fcr jedes Asset genutzt werden, f\u00fcr das ein Preview generiert wird, so dass Sie schnell eine Vielzahl von Asset-Typen zoomen k\u00f6nnen. ZoomA erzielt eine hohe Geschwindigkeit, da nur ... &nbsp;Weiterlesen &gt;\" \/>\n<meta property=\"og:url\" content=\"https:\/\/www.modula4.com\/de\/produkte\/modula4-produkte\/zooma\/\" \/>\n<meta property=\"og:site_name\" content=\"Modula4\" \/>\n<meta property=\"article:publisher\" content=\"https:\/\/www.linkedin.com\/company\/modula4\/\" \/>\n<meta property=\"article:modified_time\" content=\"2021-08-31T10:49:36+00:00\" \/>\n<meta property=\"og:image\" content=\"http:\/\/www.modula4.com\/wp-content\/uploads\/ZoomA2-518x3101.jpg\" \/>\n<meta name=\"twitter:label1\" content=\"Gesch\u00e4tzte Lesezeit\" \/>\n\t<meta name=\"twitter:data1\" content=\"2\u00a0Minuten\" \/>\n<script type=\"application\/ld+json\" class=\"yoast-schema-graph\">{\"@context\":\"https:\\\/\\\/schema.org\",\"@graph\":[{\"@type\":\"WebPage\",\"@id\":\"https:\\\/\\\/www.modula4.com\\\/de\\\/produkte\\\/modula4-produkte\\\/zooma\\\/\",\"url\":\"https:\\\/\\\/www.modula4.com\\\/de\\\/produkte\\\/modula4-produkte\\\/zooma\\\/\",\"name\":\"ZoomA - Modula4\",\"isPartOf\":{\"@id\":\"https:\\\/\\\/www.modula4.com\\\/#website\"},\"primaryImageOfPage\":{\"@id\":\"https:\\\/\\\/www.modula4.com\\\/de\\\/produkte\\\/modula4-produkte\\\/zooma\\\/#primaryimage\"},\"image\":{\"@id\":\"https:\\\/\\\/www.modula4.com\\\/de\\\/produkte\\\/modula4-produkte\\\/zooma\\\/#primaryimage\"},\"thumbnailUrl\":\"http:\\\/\\\/www.modula4.com\\\/wp-content\\\/uploads\\\/ZoomA2-518x3101.jpg\",\"datePublished\":\"2011-06-05T19:39:10+00:00\",\"dateModified\":\"2021-08-31T10:49:36+00:00\",\"breadcrumb\":{\"@id\":\"https:\\\/\\\/www.modula4.com\\\/de\\\/produkte\\\/modula4-produkte\\\/zooma\\\/#breadcrumb\"},\"inLanguage\":\"de\",\"potentialAction\":[{\"@type\":\"ReadAction\",\"target\":[\"https:\\\/\\\/www.modula4.com\\\/de\\\/produkte\\\/modula4-produkte\\\/zooma\\\/\"]}]},{\"@type\":\"ImageObject\",\"inLanguage\":\"de\",\"@id\":\"https:\\\/\\\/www.modula4.com\\\/de\\\/produkte\\\/modula4-produkte\\\/zooma\\\/#primaryimage\",\"url\":\"http:\\\/\\\/www.modula4.com\\\/wp-content\\\/uploads\\\/ZoomA2-518x3101.jpg\",\"contentUrl\":\"http:\\\/\\\/www.modula4.com\\\/wp-content\\\/uploads\\\/ZoomA2-518x3101.jpg\"},{\"@type\":\"BreadcrumbList\",\"@id\":\"https:\\\/\\\/www.modula4.com\\\/de\\\/produkte\\\/modula4-produkte\\\/zooma\\\/#breadcrumb\",\"itemListElement\":[{\"@type\":\"ListItem\",\"position\":1,\"name\":\"Home\",\"item\":\"https:\\\/\\\/www.modula4.com\\\/de\\\/\"},{\"@type\":\"ListItem\",\"position\":2,\"name\":\"Produkte\",\"item\":\"https:\\\/\\\/www.modula4.com\\\/de\\\/produkte\\\/\"},{\"@type\":\"ListItem\",\"position\":3,\"name\":\"Andere Modula4 Produkte\",\"item\":\"https:\\\/\\\/www.modula4.com\\\/de\\\/produkte\\\/modula4-produkte\\\/\"},{\"@type\":\"ListItem\",\"position\":4,\"name\":\"ZoomA\"}]},{\"@type\":\"WebSite\",\"@id\":\"https:\\\/\\\/www.modula4.com\\\/#website\",\"url\":\"https:\\\/\\\/www.modula4.com\\\/\",\"name\":\"Modula4\",\"description\":\"Dedicated Experts. Complete Solutions. Real Results.\",\"publisher\":{\"@id\":\"https:\\\/\\\/www.modula4.com\\\/#organization\"},\"potentialAction\":[{\"@type\":\"SearchAction\",\"target\":{\"@type\":\"EntryPoint\",\"urlTemplate\":\"https:\\\/\\\/www.modula4.com\\\/?s={search_term_string}\"},\"query-input\":{\"@type\":\"PropertyValueSpecification\",\"valueRequired\":true,\"valueName\":\"search_term_string\"}}],\"inLanguage\":\"de\"},{\"@type\":\"Organization\",\"@id\":\"https:\\\/\\\/www.modula4.com\\\/#organization\",\"name\":\"Modula4\",\"url\":\"https:\\\/\\\/www.modula4.com\\\/\",\"logo\":{\"@type\":\"ImageObject\",\"inLanguage\":\"de\",\"@id\":\"https:\\\/\\\/www.modula4.com\\\/#\\\/schema\\\/logo\\\/image\\\/\",\"url\":\"https:\\\/\\\/www.modula4.com\\\/wp-content\\\/uploads\\\/M4-Logo-rgb.png\",\"contentUrl\":\"https:\\\/\\\/www.modula4.com\\\/wp-content\\\/uploads\\\/M4-Logo-rgb.png\",\"width\":190,\"height\":42,\"caption\":\"Modula4\"},\"image\":{\"@id\":\"https:\\\/\\\/www.modula4.com\\\/#\\\/schema\\\/logo\\\/image\\\/\"},\"sameAs\":[\"https:\\\/\\\/www.linkedin.com\\\/company\\\/modula4\\\/\"]}]}<\/script>\n<!-- \/ Yoast SEO Premium plugin. -->","yoast_head_json":{"title":"ZoomA - Modula4","robots":{"index":"index","follow":"follow","max-snippet":"max-snippet:-1","max-image-preview":"max-image-preview:large","max-video-preview":"max-video-preview:-1"},"canonical":"https:\/\/www.modula4.com\/de\/produkte\/modula4-produkte\/zooma\/","og_locale":"de_DE","og_type":"article","og_title":"ZoomA","og_description":"Machen Sie einfach und schnell feine Details sichtbar ZoomA gibt Ihnen die M\u00f6glichkeit, schnell feine Details in Ihren Assets in Ihrem DAM-System sichtbar zu machen. ZoomA kann f\u00fcr jedes Asset genutzt werden, f\u00fcr das ein Preview generiert wird, so dass Sie schnell eine Vielzahl von Asset-Typen zoomen k\u00f6nnen. ZoomA erzielt eine hohe Geschwindigkeit, da nur ... &nbsp;Weiterlesen &gt;","og_url":"https:\/\/www.modula4.com\/de\/produkte\/modula4-produkte\/zooma\/","og_site_name":"Modula4","article_publisher":"https:\/\/www.linkedin.com\/company\/modula4\/","article_modified_time":"2021-08-31T10:49:36+00:00","og_image":[{"url":"http:\/\/www.modula4.com\/wp-content\/uploads\/ZoomA2-518x3101.jpg","type":"","width":"","height":""}],"twitter_misc":{"Gesch\u00e4tzte Lesezeit":"2\u00a0Minuten"},"schema":{"@context":"https:\/\/schema.org","@graph":[{"@type":"WebPage","@id":"https:\/\/www.modula4.com\/de\/produkte\/modula4-produkte\/zooma\/","url":"https:\/\/www.modula4.com\/de\/produkte\/modula4-produkte\/zooma\/","name":"ZoomA - Modula4","isPartOf":{"@id":"https:\/\/www.modula4.com\/#website"},"primaryImageOfPage":{"@id":"https:\/\/www.modula4.com\/de\/produkte\/modula4-produkte\/zooma\/#primaryimage"},"image":{"@id":"https:\/\/www.modula4.com\/de\/produkte\/modula4-produkte\/zooma\/#primaryimage"},"thumbnailUrl":"http:\/\/www.modula4.com\/wp-content\/uploads\/ZoomA2-518x3101.jpg","datePublished":"2011-06-05T19:39:10+00:00","dateModified":"2021-08-31T10:49:36+00:00","breadcrumb":{"@id":"https:\/\/www.modula4.com\/de\/produkte\/modula4-produkte\/zooma\/#breadcrumb"},"inLanguage":"de","potentialAction":[{"@type":"ReadAction","target":["https:\/\/www.modula4.com\/de\/produkte\/modula4-produkte\/zooma\/"]}]},{"@type":"ImageObject","inLanguage":"de","@id":"https:\/\/www.modula4.com\/de\/produkte\/modula4-produkte\/zooma\/#primaryimage","url":"http:\/\/www.modula4.com\/wp-content\/uploads\/ZoomA2-518x3101.jpg","contentUrl":"http:\/\/www.modula4.com\/wp-content\/uploads\/ZoomA2-518x3101.jpg"},{"@type":"BreadcrumbList","@id":"https:\/\/www.modula4.com\/de\/produkte\/modula4-produkte\/zooma\/#breadcrumb","itemListElement":[{"@type":"ListItem","position":1,"name":"Home","item":"https:\/\/www.modula4.com\/de\/"},{"@type":"ListItem","position":2,"name":"Produkte","item":"https:\/\/www.modula4.com\/de\/produkte\/"},{"@type":"ListItem","position":3,"name":"Andere Modula4 Produkte","item":"https:\/\/www.modula4.com\/de\/produkte\/modula4-produkte\/"},{"@type":"ListItem","position":4,"name":"ZoomA"}]},{"@type":"WebSite","@id":"https:\/\/www.modula4.com\/#website","url":"https:\/\/www.modula4.com\/","name":"Modula4","description":"Dedicated Experts. Complete Solutions. Real Results.","publisher":{"@id":"https:\/\/www.modula4.com\/#organization"},"potentialAction":[{"@type":"SearchAction","target":{"@type":"EntryPoint","urlTemplate":"https:\/\/www.modula4.com\/?s={search_term_string}"},"query-input":{"@type":"PropertyValueSpecification","valueRequired":true,"valueName":"search_term_string"}}],"inLanguage":"de"},{"@type":"Organization","@id":"https:\/\/www.modula4.com\/#organization","name":"Modula4","url":"https:\/\/www.modula4.com\/","logo":{"@type":"ImageObject","inLanguage":"de","@id":"https:\/\/www.modula4.com\/#\/schema\/logo\/image\/","url":"https:\/\/www.modula4.com\/wp-content\/uploads\/M4-Logo-rgb.png","contentUrl":"https:\/\/www.modula4.com\/wp-content\/uploads\/M4-Logo-rgb.png","width":190,"height":42,"caption":"Modula4"},"image":{"@id":"https:\/\/www.modula4.com\/#\/schema\/logo\/image\/"},"sameAs":["https:\/\/www.linkedin.com\/company\/modula4\/"]}]}},"_links":{"self":[{"href":"https:\/\/www.modula4.com\/de\/wp-json\/wp\/v2\/pages\/6043","targetHints":{"allow":["GET"]}}],"collection":[{"href":"https:\/\/www.modula4.com\/de\/wp-json\/wp\/v2\/pages"}],"about":[{"href":"https:\/\/www.modula4.com\/de\/wp-json\/wp\/v2\/types\/page"}],"author":[{"embeddable":true,"href":"https:\/\/www.modula4.com\/de\/wp-json\/wp\/v2\/users\/2"}],"replies":[{"embeddable":true,"href":"https:\/\/www.modula4.com\/de\/wp-json\/wp\/v2\/comments?post=6043"}],"version-history":[{"count":13,"href":"https:\/\/www.modula4.com\/de\/wp-json\/wp\/v2\/pages\/6043\/revisions"}],"predecessor-version":[{"id":11132,"href":"https:\/\/www.modula4.com\/de\/wp-json\/wp\/v2\/pages\/6043\/revisions\/11132"}],"up":[{"embeddable":true,"href":"https:\/\/www.modula4.com\/de\/wp-json\/wp\/v2\/pages\/9533"}],"wp:attachment":[{"href":"https:\/\/www.modula4.com\/de\/wp-json\/wp\/v2\/media?parent=6043"}],"curies":[{"name":"wp","href":"https:\/\/api.w.org\/{rel}","templated":true}]}}