{"id":6041,"date":"2011-06-05T11:22:55","date_gmt":"2011-06-05T18:22:55","guid":{"rendered":"http:\/\/www.modula4.com\/imagesearch-add-on\/"},"modified":"2021-08-31T03:46:32","modified_gmt":"2021-08-31T10:46:32","slug":"imagesearch","status":"publish","type":"page","link":"https:\/\/www.modula4.com\/de\/produkte\/modula4-produkte\/imagesearch\/","title":{"rendered":"ImageSearch"},"content":{"rendered":"<h2>Finden Sie einfach und schnell Bilder und Duplikate<\/h2>\n<p>ImageSearch erlaubt eine schnelle Bildsuche aufgrund des visuellen Inhalts. Die visuelle Suche ber\u00fccksichtigt Farbe, Helligkeit, Formen und andere Faktoren um die Zeit, die f\u00fcr die Suche von Duplikaten und \u00c4hnlichkeiten unter ausgew\u00e4hlten Bildern ben\u00f6tigt wird, drastisch zu verringern. Schlagw\u00f6rter und andere Metadaten k\u00f6nnen zur Verfeinerung verwendet werden, um die Such nach Bildern mit gemeinsamen visuellen Eigenschaften noch weiter zu beschleunigen.<\/p>\n<p style=\"text-align: center;\"><img loading=\"lazy\" decoding=\"async\" class=\"aligncenter wp-image-4094\" title=\"ImageSearch\" src=\"http:\/\/www.modula4.com\/wp-content\/uploads\/ImageSearch.png\" width=\"700\" height=\"420\" srcset=\"https:\/\/www.modula4.com\/wp-content\/uploads\/ImageSearch.png 938w, https:\/\/www.modula4.com\/wp-content\/uploads\/ImageSearch-300x180.png 300w\" sizes=\"auto, (max-width: 700px) 100vw, 700px\" \/><\/p>\n<p>Das neue ImageSearch 2.0 bietet die M\u00f6glichkeit, die Empfindlichkeit der Suche einzustellen. Wenn die Suche auf &#8222;weit&#8220; eingestellt ist, erhalten Sie mehr Resultate, bei einer Einstellung auf &#8222;eng&#8220; werden nur echte Duplikate im Suchfenster angezeigt. Stellen Sie einen mittleren Wert ein, k\u00f6nnen Sie die Suche auf einen bestimmten Typ und die gew\u00fcnschte Menge der Resultate einstellen.<\/p>\n<p>Wenn ImageSearch mit dem Admin-Client benutzt wird, k\u00f6nnen Sie auch mehr als ein Bild als Basis f\u00fcr Ihre Suche nutzen.<\/p>\n<p style=\"text-align: center;\"><img loading=\"lazy\" decoding=\"async\" class=\"aligncenter wp-image-4101\" title=\"ImageSearch-1\" src=\"http:\/\/www.modula4.com\/wp-content\/uploads\/ImageSearch-12.png\" alt=\"\" width=\"500\" height=\"308\" srcset=\"https:\/\/www.modula4.com\/wp-content\/uploads\/ImageSearch-12.png 484w, https:\/\/www.modula4.com\/wp-content\/uploads\/ImageSearch-12-300x184.png 300w\" sizes=\"auto, (max-width: 500px) 100vw, 500px\" \/><\/p>\n<p><a href=\"https:\/\/www.modula4.com\/de\/kontakt\/\">Fragen Sie uns<\/a>, wenn Sie mehr dar\u00fcber erfahren m\u00f6chten, wie Sie mit ImageSearch Ihr Sucherlebnis in Ihrem DAM verbessern k\u00f6nnen.<\/p>\n","protected":false},"excerpt":{"rendered":"<p>Finden Sie einfach und schnell Bilder und Duplikate ImageSearch erlaubt eine schnelle Bildsuche aufgrund des visuellen Inhalts. Die visuelle Suche ber\u00fccksichtigt Farbe, Helligkeit, Formen und andere Faktoren um die Zeit, die f\u00fcr die Suche von Duplikaten und \u00c4hnlichkeiten unter ausgew\u00e4hlten Bildern ben\u00f6tigt wird, drastisch zu verringern. Schlagw\u00f6rter und andere Metadaten k\u00f6nnen zur Verfeinerung verwendet werden, <a class=\"read-more\" href=\"https:\/\/www.modula4.com\/de\/produkte\/modula4-produkte\/imagesearch\/\">&#8230; &nbsp;Weiterlesen &gt;<\/a><\/p>\n","protected":false},"author":2,"featured_media":0,"parent":5985,"menu_order":4,"comment_status":"closed","ping_status":"closed","template":"","meta":{"_monsterinsights_skip_tracking":false,"_monsterinsights_sitenote_active":false,"_monsterinsights_sitenote_note":"","_monsterinsights_sitenote_category":0,"footnotes":""},"class_list":["post-6041","page","type-page","status-publish","hentry"],"yoast_head":"<!-- This site is optimized with the Yoast SEO Premium plugin v26.4 (Yoast SEO v27.5) - https:\/\/yoast.com\/product\/yoast-seo-premium-wordpress\/ -->\n<title>ImageSearch - Modula4<\/title>\n<meta name=\"robots\" content=\"index, follow, max-snippet:-1, max-image-preview:large, max-video-preview:-1\" \/>\n<link rel=\"canonical\" href=\"https:\/\/www.modula4.com\/de\/produkte\/modula4-produkte\/imagesearch\/\" \/>\n<meta property=\"og:locale\" content=\"de_DE\" \/>\n<meta property=\"og:type\" content=\"article\" \/>\n<meta property=\"og:title\" content=\"ImageSearch\" \/>\n<meta property=\"og:description\" content=\"Finden Sie einfach und schnell Bilder und Duplikate ImageSearch erlaubt eine schnelle Bildsuche aufgrund des visuellen Inhalts. Die visuelle Suche ber\u00fccksichtigt Farbe, Helligkeit, Formen und andere Faktoren um die Zeit, die f\u00fcr die Suche von Duplikaten und \u00c4hnlichkeiten unter ausgew\u00e4hlten Bildern ben\u00f6tigt wird, drastisch zu verringern. Schlagw\u00f6rter und andere Metadaten k\u00f6nnen zur Verfeinerung verwendet werden, ... &nbsp;Weiterlesen &gt;\" \/>\n<meta property=\"og:url\" content=\"https:\/\/www.modula4.com\/de\/produkte\/modula4-produkte\/imagesearch\/\" \/>\n<meta property=\"og:site_name\" content=\"Modula4\" \/>\n<meta property=\"article:publisher\" content=\"https:\/\/www.linkedin.com\/company\/modula4\/\" \/>\n<meta property=\"article:modified_time\" content=\"2021-08-31T10:46:32+00:00\" \/>\n<meta property=\"og:image\" content=\"http:\/\/www.modula4.com\/wp-content\/uploads\/ImageSearch.png\" \/>\n<meta name=\"twitter:label1\" content=\"Gesch\u00e4tzte Lesezeit\" \/>\n\t<meta name=\"twitter:data1\" content=\"2\u00a0Minuten\" \/>\n<script type=\"application\/ld+json\" class=\"yoast-schema-graph\">{\"@context\":\"https:\\\/\\\/schema.org\",\"@graph\":[{\"@type\":\"WebPage\",\"@id\":\"https:\\\/\\\/www.modula4.com\\\/de\\\/produkte\\\/modula4-produkte\\\/imagesearch\\\/\",\"url\":\"https:\\\/\\\/www.modula4.com\\\/de\\\/produkte\\\/modula4-produkte\\\/imagesearch\\\/\",\"name\":\"ImageSearch - Modula4\",\"isPartOf\":{\"@id\":\"https:\\\/\\\/www.modula4.com\\\/#website\"},\"primaryImageOfPage\":{\"@id\":\"https:\\\/\\\/www.modula4.com\\\/de\\\/produkte\\\/modula4-produkte\\\/imagesearch\\\/#primaryimage\"},\"image\":{\"@id\":\"https:\\\/\\\/www.modula4.com\\\/de\\\/produkte\\\/modula4-produkte\\\/imagesearch\\\/#primaryimage\"},\"thumbnailUrl\":\"http:\\\/\\\/www.modula4.com\\\/wp-content\\\/uploads\\\/ImageSearch.png\",\"datePublished\":\"2011-06-05T18:22:55+00:00\",\"dateModified\":\"2021-08-31T10:46:32+00:00\",\"breadcrumb\":{\"@id\":\"https:\\\/\\\/www.modula4.com\\\/de\\\/produkte\\\/modula4-produkte\\\/imagesearch\\\/#breadcrumb\"},\"inLanguage\":\"de\",\"potentialAction\":[{\"@type\":\"ReadAction\",\"target\":[\"https:\\\/\\\/www.modula4.com\\\/de\\\/produkte\\\/modula4-produkte\\\/imagesearch\\\/\"]}]},{\"@type\":\"ImageObject\",\"inLanguage\":\"de\",\"@id\":\"https:\\\/\\\/www.modula4.com\\\/de\\\/produkte\\\/modula4-produkte\\\/imagesearch\\\/#primaryimage\",\"url\":\"http:\\\/\\\/www.modula4.com\\\/wp-content\\\/uploads\\\/ImageSearch.png\",\"contentUrl\":\"http:\\\/\\\/www.modula4.com\\\/wp-content\\\/uploads\\\/ImageSearch.png\"},{\"@type\":\"BreadcrumbList\",\"@id\":\"https:\\\/\\\/www.modula4.com\\\/de\\\/produkte\\\/modula4-produkte\\\/imagesearch\\\/#breadcrumb\",\"itemListElement\":[{\"@type\":\"ListItem\",\"position\":1,\"name\":\"Home\",\"item\":\"https:\\\/\\\/www.modula4.com\\\/de\\\/\"},{\"@type\":\"ListItem\",\"position\":2,\"name\":\"Produkte\",\"item\":\"https:\\\/\\\/www.modula4.com\\\/de\\\/produkte\\\/\"},{\"@type\":\"ListItem\",\"position\":3,\"name\":\"Andere Modula4 Produkte\",\"item\":\"https:\\\/\\\/www.modula4.com\\\/de\\\/produkte\\\/modula4-produkte\\\/\"},{\"@type\":\"ListItem\",\"position\":4,\"name\":\"ImageSearch\"}]},{\"@type\":\"WebSite\",\"@id\":\"https:\\\/\\\/www.modula4.com\\\/#website\",\"url\":\"https:\\\/\\\/www.modula4.com\\\/\",\"name\":\"Modula4\",\"description\":\"Dedicated Experts. Complete Solutions. Real Results.\",\"publisher\":{\"@id\":\"https:\\\/\\\/www.modula4.com\\\/#organization\"},\"potentialAction\":[{\"@type\":\"SearchAction\",\"target\":{\"@type\":\"EntryPoint\",\"urlTemplate\":\"https:\\\/\\\/www.modula4.com\\\/?s={search_term_string}\"},\"query-input\":{\"@type\":\"PropertyValueSpecification\",\"valueRequired\":true,\"valueName\":\"search_term_string\"}}],\"inLanguage\":\"de\"},{\"@type\":\"Organization\",\"@id\":\"https:\\\/\\\/www.modula4.com\\\/#organization\",\"name\":\"Modula4\",\"url\":\"https:\\\/\\\/www.modula4.com\\\/\",\"logo\":{\"@type\":\"ImageObject\",\"inLanguage\":\"de\",\"@id\":\"https:\\\/\\\/www.modula4.com\\\/#\\\/schema\\\/logo\\\/image\\\/\",\"url\":\"https:\\\/\\\/www.modula4.com\\\/wp-content\\\/uploads\\\/M4-Logo-rgb.png\",\"contentUrl\":\"https:\\\/\\\/www.modula4.com\\\/wp-content\\\/uploads\\\/M4-Logo-rgb.png\",\"width\":190,\"height\":42,\"caption\":\"Modula4\"},\"image\":{\"@id\":\"https:\\\/\\\/www.modula4.com\\\/#\\\/schema\\\/logo\\\/image\\\/\"},\"sameAs\":[\"https:\\\/\\\/www.linkedin.com\\\/company\\\/modula4\\\/\"]}]}<\/script>\n<!-- \/ Yoast SEO Premium plugin. -->","yoast_head_json":{"title":"ImageSearch - Modula4","robots":{"index":"index","follow":"follow","max-snippet":"max-snippet:-1","max-image-preview":"max-image-preview:large","max-video-preview":"max-video-preview:-1"},"canonical":"https:\/\/www.modula4.com\/de\/produkte\/modula4-produkte\/imagesearch\/","og_locale":"de_DE","og_type":"article","og_title":"ImageSearch","og_description":"Finden Sie einfach und schnell Bilder und Duplikate ImageSearch erlaubt eine schnelle Bildsuche aufgrund des visuellen Inhalts. Die visuelle Suche ber\u00fccksichtigt Farbe, Helligkeit, Formen und andere Faktoren um die Zeit, die f\u00fcr die Suche von Duplikaten und \u00c4hnlichkeiten unter ausgew\u00e4hlten Bildern ben\u00f6tigt wird, drastisch zu verringern. Schlagw\u00f6rter und andere Metadaten k\u00f6nnen zur Verfeinerung verwendet werden, ... &nbsp;Weiterlesen &gt;","og_url":"https:\/\/www.modula4.com\/de\/produkte\/modula4-produkte\/imagesearch\/","og_site_name":"Modula4","article_publisher":"https:\/\/www.linkedin.com\/company\/modula4\/","article_modified_time":"2021-08-31T10:46:32+00:00","og_image":[{"url":"http:\/\/www.modula4.com\/wp-content\/uploads\/ImageSearch.png","type":"","width":"","height":""}],"twitter_misc":{"Gesch\u00e4tzte Lesezeit":"2\u00a0Minuten"},"schema":{"@context":"https:\/\/schema.org","@graph":[{"@type":"WebPage","@id":"https:\/\/www.modula4.com\/de\/produkte\/modula4-produkte\/imagesearch\/","url":"https:\/\/www.modula4.com\/de\/produkte\/modula4-produkte\/imagesearch\/","name":"ImageSearch - Modula4","isPartOf":{"@id":"https:\/\/www.modula4.com\/#website"},"primaryImageOfPage":{"@id":"https:\/\/www.modula4.com\/de\/produkte\/modula4-produkte\/imagesearch\/#primaryimage"},"image":{"@id":"https:\/\/www.modula4.com\/de\/produkte\/modula4-produkte\/imagesearch\/#primaryimage"},"thumbnailUrl":"http:\/\/www.modula4.com\/wp-content\/uploads\/ImageSearch.png","datePublished":"2011-06-05T18:22:55+00:00","dateModified":"2021-08-31T10:46:32+00:00","breadcrumb":{"@id":"https:\/\/www.modula4.com\/de\/produkte\/modula4-produkte\/imagesearch\/#breadcrumb"},"inLanguage":"de","potentialAction":[{"@type":"ReadAction","target":["https:\/\/www.modula4.com\/de\/produkte\/modula4-produkte\/imagesearch\/"]}]},{"@type":"ImageObject","inLanguage":"de","@id":"https:\/\/www.modula4.com\/de\/produkte\/modula4-produkte\/imagesearch\/#primaryimage","url":"http:\/\/www.modula4.com\/wp-content\/uploads\/ImageSearch.png","contentUrl":"http:\/\/www.modula4.com\/wp-content\/uploads\/ImageSearch.png"},{"@type":"BreadcrumbList","@id":"https:\/\/www.modula4.com\/de\/produkte\/modula4-produkte\/imagesearch\/#breadcrumb","itemListElement":[{"@type":"ListItem","position":1,"name":"Home","item":"https:\/\/www.modula4.com\/de\/"},{"@type":"ListItem","position":2,"name":"Produkte","item":"https:\/\/www.modula4.com\/de\/produkte\/"},{"@type":"ListItem","position":3,"name":"Andere Modula4 Produkte","item":"https:\/\/www.modula4.com\/de\/produkte\/modula4-produkte\/"},{"@type":"ListItem","position":4,"name":"ImageSearch"}]},{"@type":"WebSite","@id":"https:\/\/www.modula4.com\/#website","url":"https:\/\/www.modula4.com\/","name":"Modula4","description":"Dedicated Experts. Complete Solutions. Real Results.","publisher":{"@id":"https:\/\/www.modula4.com\/#organization"},"potentialAction":[{"@type":"SearchAction","target":{"@type":"EntryPoint","urlTemplate":"https:\/\/www.modula4.com\/?s={search_term_string}"},"query-input":{"@type":"PropertyValueSpecification","valueRequired":true,"valueName":"search_term_string"}}],"inLanguage":"de"},{"@type":"Organization","@id":"https:\/\/www.modula4.com\/#organization","name":"Modula4","url":"https:\/\/www.modula4.com\/","logo":{"@type":"ImageObject","inLanguage":"de","@id":"https:\/\/www.modula4.com\/#\/schema\/logo\/image\/","url":"https:\/\/www.modula4.com\/wp-content\/uploads\/M4-Logo-rgb.png","contentUrl":"https:\/\/www.modula4.com\/wp-content\/uploads\/M4-Logo-rgb.png","width":190,"height":42,"caption":"Modula4"},"image":{"@id":"https:\/\/www.modula4.com\/#\/schema\/logo\/image\/"},"sameAs":["https:\/\/www.linkedin.com\/company\/modula4\/"]}]}},"_links":{"self":[{"href":"https:\/\/www.modula4.com\/de\/wp-json\/wp\/v2\/pages\/6041","targetHints":{"allow":["GET"]}}],"collection":[{"href":"https:\/\/www.modula4.com\/de\/wp-json\/wp\/v2\/pages"}],"about":[{"href":"https:\/\/www.modula4.com\/de\/wp-json\/wp\/v2\/types\/page"}],"author":[{"embeddable":true,"href":"https:\/\/www.modula4.com\/de\/wp-json\/wp\/v2\/users\/2"}],"replies":[{"embeddable":true,"href":"https:\/\/www.modula4.com\/de\/wp-json\/wp\/v2\/comments?post=6041"}],"version-history":[{"count":18,"href":"https:\/\/www.modula4.com\/de\/wp-json\/wp\/v2\/pages\/6041\/revisions"}],"predecessor-version":[{"id":11129,"href":"https:\/\/www.modula4.com\/de\/wp-json\/wp\/v2\/pages\/6041\/revisions\/11129"}],"up":[{"embeddable":true,"href":"https:\/\/www.modula4.com\/de\/wp-json\/wp\/v2\/pages\/5985"}],"wp:attachment":[{"href":"https:\/\/www.modula4.com\/de\/wp-json\/wp\/v2\/media?parent=6041"}],"curies":[{"name":"wp","href":"https:\/\/api.w.org\/{rel}","templated":true}]}}