{"id":6031,"date":"2011-03-05T16:00:56","date_gmt":"2011-03-06T00:00:56","guid":{"rendered":"http:\/\/www.modula4.com\/watermark-modul\/"},"modified":"2021-08-31T04:05:13","modified_gmt":"2021-08-31T11:05:13","slug":"watermark-manager","status":"publish","type":"page","link":"https:\/\/www.modula4.com\/de\/produkte\/modula4-produkte\/watermark-manager\/","title":{"rendered":"Watermark Manager"},"content":{"rendered":"<h2>Sch\u00fctzen Sie Ihre Bilder mit Status-, Datums- und Berechtigungs-basierten Wasserzeichen<\/h2>\n<p>Der Watermark Mananger erm\u00f6glicht es Ihnen, Ihre Assets ganz einfach zu sch\u00fctzen, indem es digitale Wasserzeichen auf Ihren Vorschaubildern und Miniaturen platziert.<\/p>\n<p>Sie k\u00f6nnen sowohl einen Text als auch ein Bild ausw\u00e4hlen und wie ein Wasserzeichen als eine halbtransparente und deutlich sichtbare Markierung auf Miniaturen und Vorschaubildern Ihrer digitalen Assets anbringen. So sch\u00fctzen Sie Ihre Assets und Vorschaubilder vor unerlaubter Verwendung. Auch der Download kann mit einem Wasserzeichen versehen werden, sofern das Dateiformat unterst\u00fctzt wird (u.a. bei JPEG und PNG).<\/p>\n<p style=\"text-align: center;\"><img loading=\"lazy\" decoding=\"async\" class=\"aligncenter  wp-image-4115\" title=\"Watermark-2\" src=\"http:\/\/www.modula4.com\/wp-content\/uploads\/Watermark-2.png\" alt=\"\" width=\"491\" height=\"328\" srcset=\"https:\/\/www.modula4.com\/wp-content\/uploads\/Watermark-2.png 877w, https:\/\/www.modula4.com\/wp-content\/uploads\/Watermark-2-300x200.png 300w\" sizes=\"auto, (max-width: 491px) 100vw, 491px\" \/><\/p>\n<p>Dies sind die wichtigsten Vorteile unseres Watermark Managers:<\/p>\n<ul>\n<li>erh\u00f6hte Sicherheit und Schutz vor Manipulation<\/li>\n<li>als Wasserzeichen k\u00f6nnen Bilder oder Texte ausgew\u00e4hlt werden<\/li>\n<li>das Wasserzeichen kann relativ zum Thumbnail oder dem Vorschaubild platziert werden (oben, mittig, unten; links, mittig, rechts)<\/li>\n<li>die St\u00e4rke der Transparenz kann feinstufig eingestellt werden<\/li>\n<li>die Farbe f\u00fcr einen Text als Wasserzeichen kann ausgew\u00e4hlt werden<\/li>\n<li>auch Schriftart und Schriftgr\u00f6\u00dfe sind w\u00e4hlbar<\/li>\n<li>Texteffekte wie Schatten, Gravur, Relief und Umriss sind m\u00f6glich<\/li>\n<\/ul>\n<p style=\"text-align: center;\"><img loading=\"lazy\" decoding=\"async\" class=\"aligncenter  wp-image-4125\" title=\"Watermark-3\" src=\"http:\/\/www.modula4.com\/wp-content\/uploads\/Watermark-31.png\" alt=\"\" width=\"511\" height=\"284\" srcset=\"https:\/\/www.modula4.com\/wp-content\/uploads\/Watermark-31.png 639w, https:\/\/www.modula4.com\/wp-content\/uploads\/Watermark-31-300x166.png 300w\" sizes=\"auto, (max-width: 511px) 100vw, 511px\" \/><\/p>\n<p><a href=\"\/de\/kontakt\/\">Kontaktieren Sie uns<\/a>, um mehr \u00fcber den Schutz Ihrer Assets mit digitalen Wasserzeichen zu erfahren.<\/p>\n","protected":false},"excerpt":{"rendered":"<p>Sch\u00fctzen Sie Ihre Bilder mit Status-, Datums- und Berechtigungs-basierten Wasserzeichen Der Watermark Mananger erm\u00f6glicht es Ihnen, Ihre Assets ganz einfach zu sch\u00fctzen, indem es digitale Wasserzeichen auf Ihren Vorschaubildern und Miniaturen platziert. Sie k\u00f6nnen sowohl einen Text als auch ein Bild ausw\u00e4hlen und wie ein Wasserzeichen als eine halbtransparente und deutlich sichtbare Markierung auf Miniaturen <a class=\"read-more\" href=\"https:\/\/www.modula4.com\/de\/produkte\/modula4-produkte\/watermark-manager\/\">&#8230; &nbsp;Weiterlesen &gt;<\/a><\/p>\n","protected":false},"author":2,"featured_media":0,"parent":5985,"menu_order":7,"comment_status":"closed","ping_status":"closed","template":"","meta":{"_monsterinsights_skip_tracking":false,"_monsterinsights_sitenote_active":false,"_monsterinsights_sitenote_note":"","_monsterinsights_sitenote_category":0,"footnotes":""},"class_list":["post-6031","page","type-page","status-publish","hentry"],"yoast_head":"<!-- This site is optimized with the Yoast SEO Premium plugin v26.4 (Yoast SEO v27.3) - https:\/\/yoast.com\/product\/yoast-seo-premium-wordpress\/ -->\n<title>Watermark Manager - Modula4<\/title>\n<meta name=\"robots\" content=\"index, follow, max-snippet:-1, max-image-preview:large, max-video-preview:-1\" \/>\n<link rel=\"canonical\" href=\"https:\/\/www.modula4.com\/de\/produkte\/modula4-produkte\/watermark-manager\/\" \/>\n<meta property=\"og:locale\" content=\"de_DE\" \/>\n<meta property=\"og:type\" content=\"article\" \/>\n<meta property=\"og:title\" content=\"Watermark Manager\" \/>\n<meta property=\"og:description\" content=\"Sch\u00fctzen Sie Ihre Bilder mit Status-, Datums- und Berechtigungs-basierten Wasserzeichen Der Watermark Mananger erm\u00f6glicht es Ihnen, Ihre Assets ganz einfach zu sch\u00fctzen, indem es digitale Wasserzeichen auf Ihren Vorschaubildern und Miniaturen platziert. Sie k\u00f6nnen sowohl einen Text als auch ein Bild ausw\u00e4hlen und wie ein Wasserzeichen als eine halbtransparente und deutlich sichtbare Markierung auf Miniaturen ... &nbsp;Weiterlesen &gt;\" \/>\n<meta property=\"og:url\" content=\"https:\/\/www.modula4.com\/de\/produkte\/modula4-produkte\/watermark-manager\/\" \/>\n<meta property=\"og:site_name\" content=\"Modula4\" \/>\n<meta property=\"article:publisher\" content=\"https:\/\/www.linkedin.com\/company\/modula4\/\" \/>\n<meta property=\"article:modified_time\" content=\"2021-08-31T11:05:13+00:00\" \/>\n<meta property=\"og:image\" content=\"http:\/\/www.modula4.com\/wp-content\/uploads\/Watermark-2.png\" \/>\n<meta name=\"twitter:label1\" content=\"Gesch\u00e4tzte Lesezeit\" \/>\n\t<meta name=\"twitter:data1\" content=\"2\u00a0Minuten\" \/>\n<script type=\"application\/ld+json\" class=\"yoast-schema-graph\">{\"@context\":\"https:\\\/\\\/schema.org\",\"@graph\":[{\"@type\":\"WebPage\",\"@id\":\"https:\\\/\\\/www.modula4.com\\\/de\\\/produkte\\\/modula4-produkte\\\/watermark-manager\\\/\",\"url\":\"https:\\\/\\\/www.modula4.com\\\/de\\\/produkte\\\/modula4-produkte\\\/watermark-manager\\\/\",\"name\":\"Watermark Manager - Modula4\",\"isPartOf\":{\"@id\":\"https:\\\/\\\/www.modula4.com\\\/#website\"},\"primaryImageOfPage\":{\"@id\":\"https:\\\/\\\/www.modula4.com\\\/de\\\/produkte\\\/modula4-produkte\\\/watermark-manager\\\/#primaryimage\"},\"image\":{\"@id\":\"https:\\\/\\\/www.modula4.com\\\/de\\\/produkte\\\/modula4-produkte\\\/watermark-manager\\\/#primaryimage\"},\"thumbnailUrl\":\"http:\\\/\\\/www.modula4.com\\\/wp-content\\\/uploads\\\/Watermark-2.png\",\"datePublished\":\"2011-03-06T00:00:56+00:00\",\"dateModified\":\"2021-08-31T11:05:13+00:00\",\"breadcrumb\":{\"@id\":\"https:\\\/\\\/www.modula4.com\\\/de\\\/produkte\\\/modula4-produkte\\\/watermark-manager\\\/#breadcrumb\"},\"inLanguage\":\"de\",\"potentialAction\":[{\"@type\":\"ReadAction\",\"target\":[\"https:\\\/\\\/www.modula4.com\\\/de\\\/produkte\\\/modula4-produkte\\\/watermark-manager\\\/\"]}]},{\"@type\":\"ImageObject\",\"inLanguage\":\"de\",\"@id\":\"https:\\\/\\\/www.modula4.com\\\/de\\\/produkte\\\/modula4-produkte\\\/watermark-manager\\\/#primaryimage\",\"url\":\"http:\\\/\\\/www.modula4.com\\\/wp-content\\\/uploads\\\/Watermark-2.png\",\"contentUrl\":\"http:\\\/\\\/www.modula4.com\\\/wp-content\\\/uploads\\\/Watermark-2.png\"},{\"@type\":\"BreadcrumbList\",\"@id\":\"https:\\\/\\\/www.modula4.com\\\/de\\\/produkte\\\/modula4-produkte\\\/watermark-manager\\\/#breadcrumb\",\"itemListElement\":[{\"@type\":\"ListItem\",\"position\":1,\"name\":\"Home\",\"item\":\"https:\\\/\\\/www.modula4.com\\\/de\\\/\"},{\"@type\":\"ListItem\",\"position\":2,\"name\":\"Produkte\",\"item\":\"https:\\\/\\\/www.modula4.com\\\/de\\\/produkte\\\/\"},{\"@type\":\"ListItem\",\"position\":3,\"name\":\"Andere Modula4 Produkte\",\"item\":\"https:\\\/\\\/www.modula4.com\\\/de\\\/produkte\\\/modula4-produkte\\\/\"},{\"@type\":\"ListItem\",\"position\":4,\"name\":\"Watermark Manager\"}]},{\"@type\":\"WebSite\",\"@id\":\"https:\\\/\\\/www.modula4.com\\\/#website\",\"url\":\"https:\\\/\\\/www.modula4.com\\\/\",\"name\":\"Modula4\",\"description\":\"Dedicated Experts. Complete Solutions. Real Results.\",\"publisher\":{\"@id\":\"https:\\\/\\\/www.modula4.com\\\/#organization\"},\"potentialAction\":[{\"@type\":\"SearchAction\",\"target\":{\"@type\":\"EntryPoint\",\"urlTemplate\":\"https:\\\/\\\/www.modula4.com\\\/?s={search_term_string}\"},\"query-input\":{\"@type\":\"PropertyValueSpecification\",\"valueRequired\":true,\"valueName\":\"search_term_string\"}}],\"inLanguage\":\"de\"},{\"@type\":\"Organization\",\"@id\":\"https:\\\/\\\/www.modula4.com\\\/#organization\",\"name\":\"Modula4\",\"url\":\"https:\\\/\\\/www.modula4.com\\\/\",\"logo\":{\"@type\":\"ImageObject\",\"inLanguage\":\"de\",\"@id\":\"https:\\\/\\\/www.modula4.com\\\/#\\\/schema\\\/logo\\\/image\\\/\",\"url\":\"https:\\\/\\\/www.modula4.com\\\/wp-content\\\/uploads\\\/M4-Logo-rgb.png\",\"contentUrl\":\"https:\\\/\\\/www.modula4.com\\\/wp-content\\\/uploads\\\/M4-Logo-rgb.png\",\"width\":190,\"height\":42,\"caption\":\"Modula4\"},\"image\":{\"@id\":\"https:\\\/\\\/www.modula4.com\\\/#\\\/schema\\\/logo\\\/image\\\/\"},\"sameAs\":[\"https:\\\/\\\/www.linkedin.com\\\/company\\\/modula4\\\/\"]}]}<\/script>\n<!-- \/ Yoast SEO Premium plugin. -->","yoast_head_json":{"title":"Watermark Manager - Modula4","robots":{"index":"index","follow":"follow","max-snippet":"max-snippet:-1","max-image-preview":"max-image-preview:large","max-video-preview":"max-video-preview:-1"},"canonical":"https:\/\/www.modula4.com\/de\/produkte\/modula4-produkte\/watermark-manager\/","og_locale":"de_DE","og_type":"article","og_title":"Watermark Manager","og_description":"Sch\u00fctzen Sie Ihre Bilder mit Status-, Datums- und Berechtigungs-basierten Wasserzeichen Der Watermark Mananger erm\u00f6glicht es Ihnen, Ihre Assets ganz einfach zu sch\u00fctzen, indem es digitale Wasserzeichen auf Ihren Vorschaubildern und Miniaturen platziert. Sie k\u00f6nnen sowohl einen Text als auch ein Bild ausw\u00e4hlen und wie ein Wasserzeichen als eine halbtransparente und deutlich sichtbare Markierung auf Miniaturen ... &nbsp;Weiterlesen &gt;","og_url":"https:\/\/www.modula4.com\/de\/produkte\/modula4-produkte\/watermark-manager\/","og_site_name":"Modula4","article_publisher":"https:\/\/www.linkedin.com\/company\/modula4\/","article_modified_time":"2021-08-31T11:05:13+00:00","og_image":[{"url":"http:\/\/www.modula4.com\/wp-content\/uploads\/Watermark-2.png","type":"","width":"","height":""}],"twitter_misc":{"Gesch\u00e4tzte Lesezeit":"2\u00a0Minuten"},"schema":{"@context":"https:\/\/schema.org","@graph":[{"@type":"WebPage","@id":"https:\/\/www.modula4.com\/de\/produkte\/modula4-produkte\/watermark-manager\/","url":"https:\/\/www.modula4.com\/de\/produkte\/modula4-produkte\/watermark-manager\/","name":"Watermark Manager - Modula4","isPartOf":{"@id":"https:\/\/www.modula4.com\/#website"},"primaryImageOfPage":{"@id":"https:\/\/www.modula4.com\/de\/produkte\/modula4-produkte\/watermark-manager\/#primaryimage"},"image":{"@id":"https:\/\/www.modula4.com\/de\/produkte\/modula4-produkte\/watermark-manager\/#primaryimage"},"thumbnailUrl":"http:\/\/www.modula4.com\/wp-content\/uploads\/Watermark-2.png","datePublished":"2011-03-06T00:00:56+00:00","dateModified":"2021-08-31T11:05:13+00:00","breadcrumb":{"@id":"https:\/\/www.modula4.com\/de\/produkte\/modula4-produkte\/watermark-manager\/#breadcrumb"},"inLanguage":"de","potentialAction":[{"@type":"ReadAction","target":["https:\/\/www.modula4.com\/de\/produkte\/modula4-produkte\/watermark-manager\/"]}]},{"@type":"ImageObject","inLanguage":"de","@id":"https:\/\/www.modula4.com\/de\/produkte\/modula4-produkte\/watermark-manager\/#primaryimage","url":"http:\/\/www.modula4.com\/wp-content\/uploads\/Watermark-2.png","contentUrl":"http:\/\/www.modula4.com\/wp-content\/uploads\/Watermark-2.png"},{"@type":"BreadcrumbList","@id":"https:\/\/www.modula4.com\/de\/produkte\/modula4-produkte\/watermark-manager\/#breadcrumb","itemListElement":[{"@type":"ListItem","position":1,"name":"Home","item":"https:\/\/www.modula4.com\/de\/"},{"@type":"ListItem","position":2,"name":"Produkte","item":"https:\/\/www.modula4.com\/de\/produkte\/"},{"@type":"ListItem","position":3,"name":"Andere Modula4 Produkte","item":"https:\/\/www.modula4.com\/de\/produkte\/modula4-produkte\/"},{"@type":"ListItem","position":4,"name":"Watermark Manager"}]},{"@type":"WebSite","@id":"https:\/\/www.modula4.com\/#website","url":"https:\/\/www.modula4.com\/","name":"Modula4","description":"Dedicated Experts. Complete Solutions. Real Results.","publisher":{"@id":"https:\/\/www.modula4.com\/#organization"},"potentialAction":[{"@type":"SearchAction","target":{"@type":"EntryPoint","urlTemplate":"https:\/\/www.modula4.com\/?s={search_term_string}"},"query-input":{"@type":"PropertyValueSpecification","valueRequired":true,"valueName":"search_term_string"}}],"inLanguage":"de"},{"@type":"Organization","@id":"https:\/\/www.modula4.com\/#organization","name":"Modula4","url":"https:\/\/www.modula4.com\/","logo":{"@type":"ImageObject","inLanguage":"de","@id":"https:\/\/www.modula4.com\/#\/schema\/logo\/image\/","url":"https:\/\/www.modula4.com\/wp-content\/uploads\/M4-Logo-rgb.png","contentUrl":"https:\/\/www.modula4.com\/wp-content\/uploads\/M4-Logo-rgb.png","width":190,"height":42,"caption":"Modula4"},"image":{"@id":"https:\/\/www.modula4.com\/#\/schema\/logo\/image\/"},"sameAs":["https:\/\/www.linkedin.com\/company\/modula4\/"]}]}},"_links":{"self":[{"href":"https:\/\/www.modula4.com\/de\/wp-json\/wp\/v2\/pages\/6031","targetHints":{"allow":["GET"]}}],"collection":[{"href":"https:\/\/www.modula4.com\/de\/wp-json\/wp\/v2\/pages"}],"about":[{"href":"https:\/\/www.modula4.com\/de\/wp-json\/wp\/v2\/types\/page"}],"author":[{"embeddable":true,"href":"https:\/\/www.modula4.com\/de\/wp-json\/wp\/v2\/users\/2"}],"replies":[{"embeddable":true,"href":"https:\/\/www.modula4.com\/de\/wp-json\/wp\/v2\/comments?post=6031"}],"version-history":[{"count":6,"href":"https:\/\/www.modula4.com\/de\/wp-json\/wp\/v2\/pages\/6031\/revisions"}],"predecessor-version":[{"id":11135,"href":"https:\/\/www.modula4.com\/de\/wp-json\/wp\/v2\/pages\/6031\/revisions\/11135"}],"up":[{"embeddable":true,"href":"https:\/\/www.modula4.com\/de\/wp-json\/wp\/v2\/pages\/5985"}],"wp:attachment":[{"href":"https:\/\/www.modula4.com\/de\/wp-json\/wp\/v2\/media?parent=6031"}],"curies":[{"name":"wp","href":"https:\/\/api.w.org\/{rel}","templated":true}]}}