{"id":6029,"date":"2011-03-05T15:36:13","date_gmt":"2011-03-05T23:36:13","guid":{"rendered":"http:\/\/www.modula4.com\/imagemagick-asset-processor\/"},"modified":"2021-08-31T04:08:29","modified_gmt":"2021-08-31T11:08:29","slug":"imagemagick-asset-processor","status":"publish","type":"page","link":"https:\/\/www.modula4.com\/de\/produkte\/weitere-produkte\/imagemagick-asset-processor\/","title":{"rendered":"ImageMagick Asset Processor"},"content":{"rendered":"<h2>Einfaches Konvertieren und Manipulieren<\/h2>\n<p>Unser ImageMagick Asset Processor erm\u00f6glicht es Ihnen,\u00a0<a title=\"Visit their website.\" href=\"http:\/\/www.imagemagick.org\/\" target=\"_blank\" rel=\"noopener noreferrer\">ImageMagick\u00ae <\/a>in Ihre DAM-Software einzubinden. So k\u00f6nnen Sie Ihre Bilddateien manipulieren und konvertieren, auch in Formate und mit Befehlen, die Ihr DAM-System nicht unterst\u00fctzt. Seine Open-Source-Software hat sich als eine der umfassendsten L\u00f6sungen f\u00fcr die Bildkonvertierung und -manipulation erwiesen.<\/p>\n<p>Die wichtigsten Vorteile unseres ImageMagick Asset Processors:<\/p>\n<ul>\n<li>volle Funktionalit\u00e4t in DAM integriert<\/li>\n<li>Konvertierung in und von \u00fcber 95 Formaten, darunter BMP, JPG, TIF, PNG, aber auch PDF, EPS, EPS2, JP2, SVG, TGA, PCD, ICO<\/li>\n<li>unterst\u00fctzt Vektorgrafiken genauso wie Pixelgrafiken<\/li>\n<li>gr\u00f6\u00dfte Vielfalt an M\u00f6glichkeiten, Ihre Bilddaten zu ver\u00e4ndern:\n<ul>\n<li>\u00c4nderung der Aufl\u00f6sung<\/li>\n<li>\u00c4nderung der Gr\u00f6\u00dfe<\/li>\n<li>Zuschneiden<\/li>\n<li>\u00c4nderung der Tonwertkurve<\/li>\n<li>stufenlose Ver\u00e4nderung der Kontraste<\/li>\n<li>Gammakorrektur<\/li>\n<li>Einf\u00fcgen von Texten<\/li>\n<li>Weichzeichnen<\/li>\n<li>Anbringen von Rahmen etc.<\/li>\n<li>Drehen, Rotieren etc.<\/li>\n<li>und vieles mehr&#8230;<\/li>\n<\/ul>\n<\/li>\n<\/ul>\n<p><a href=\"http:\/\/www.modula4.com\/de\/kontakt\/\">Fragen Sie uns<\/a>, wenn Sie mehr \u00fcber den ImageMagick Asset Processor erfahren m\u00f6chten.<\/p>\n","protected":false},"excerpt":{"rendered":"<p>Einfaches Konvertieren und Manipulieren Unser ImageMagick Asset Processor erm\u00f6glicht es Ihnen,\u00a0ImageMagick\u00ae in Ihre DAM-Software einzubinden. So k\u00f6nnen Sie Ihre Bilddateien manipulieren und konvertieren, auch in Formate und mit Befehlen, die Ihr DAM-System nicht unterst\u00fctzt. Seine Open-Source-Software hat sich als eine der umfassendsten L\u00f6sungen f\u00fcr die Bildkonvertierung und -manipulation erwiesen. Die wichtigsten Vorteile unseres ImageMagick Asset <a class=\"read-more\" href=\"https:\/\/www.modula4.com\/de\/produkte\/weitere-produkte\/imagemagick-asset-processor\/\">&#8230; &nbsp;Weiterlesen &gt;<\/a><\/p>\n","protected":false},"author":2,"featured_media":0,"parent":9533,"menu_order":45,"comment_status":"closed","ping_status":"closed","template":"","meta":{"_monsterinsights_skip_tracking":false,"_monsterinsights_sitenote_active":false,"_monsterinsights_sitenote_note":"","_monsterinsights_sitenote_category":0,"footnotes":""},"class_list":["post-6029","page","type-page","status-publish","hentry"],"yoast_head":"<!-- This site is optimized with the Yoast SEO Premium plugin v26.4 (Yoast SEO v27.4) - https:\/\/yoast.com\/product\/yoast-seo-premium-wordpress\/ -->\n<title>ImageMagick Asset Processor - Modula4<\/title>\n<meta name=\"robots\" content=\"index, follow, max-snippet:-1, max-image-preview:large, max-video-preview:-1\" \/>\n<link rel=\"canonical\" href=\"https:\/\/www.modula4.com\/de\/produkte\/modula4-produkte\/imagemagick-asset-processor\/\" \/>\n<meta property=\"og:locale\" content=\"de_DE\" \/>\n<meta property=\"og:type\" content=\"article\" \/>\n<meta property=\"og:title\" content=\"ImageMagick Asset Processor\" \/>\n<meta property=\"og:description\" content=\"Einfaches Konvertieren und Manipulieren Unser ImageMagick Asset Processor erm\u00f6glicht es Ihnen,\u00a0ImageMagick\u00ae in Ihre DAM-Software einzubinden. So k\u00f6nnen Sie Ihre Bilddateien manipulieren und konvertieren, auch in Formate und mit Befehlen, die Ihr DAM-System nicht unterst\u00fctzt. Seine Open-Source-Software hat sich als eine der umfassendsten L\u00f6sungen f\u00fcr die Bildkonvertierung und -manipulation erwiesen. Die wichtigsten Vorteile unseres ImageMagick Asset ... &nbsp;Weiterlesen &gt;\" \/>\n<meta property=\"og:url\" content=\"https:\/\/www.modula4.com\/de\/produkte\/modula4-produkte\/imagemagick-asset-processor\/\" \/>\n<meta property=\"og:site_name\" content=\"Modula4\" \/>\n<meta property=\"article:publisher\" content=\"https:\/\/www.linkedin.com\/company\/modula4\/\" \/>\n<meta property=\"article:modified_time\" content=\"2021-08-31T11:08:29+00:00\" \/>\n<meta name=\"twitter:label1\" content=\"Gesch\u00e4tzte Lesezeit\" \/>\n\t<meta name=\"twitter:data1\" content=\"1\u00a0Minute\" \/>\n<script type=\"application\/ld+json\" class=\"yoast-schema-graph\">{\"@context\":\"https:\\\/\\\/schema.org\",\"@graph\":[{\"@type\":\"WebPage\",\"@id\":\"https:\\\/\\\/www.modula4.com\\\/de\\\/produkte\\\/modula4-produkte\\\/imagemagick-asset-processor\\\/\",\"url\":\"https:\\\/\\\/www.modula4.com\\\/de\\\/produkte\\\/modula4-produkte\\\/imagemagick-asset-processor\\\/\",\"name\":\"ImageMagick Asset Processor - Modula4\",\"isPartOf\":{\"@id\":\"https:\\\/\\\/www.modula4.com\\\/#website\"},\"datePublished\":\"2011-03-05T23:36:13+00:00\",\"dateModified\":\"2021-08-31T11:08:29+00:00\",\"breadcrumb\":{\"@id\":\"https:\\\/\\\/www.modula4.com\\\/de\\\/produkte\\\/modula4-produkte\\\/imagemagick-asset-processor\\\/#breadcrumb\"},\"inLanguage\":\"de\",\"potentialAction\":[{\"@type\":\"ReadAction\",\"target\":[\"https:\\\/\\\/www.modula4.com\\\/de\\\/produkte\\\/modula4-produkte\\\/imagemagick-asset-processor\\\/\"]}]},{\"@type\":\"BreadcrumbList\",\"@id\":\"https:\\\/\\\/www.modula4.com\\\/de\\\/produkte\\\/modula4-produkte\\\/imagemagick-asset-processor\\\/#breadcrumb\",\"itemListElement\":[{\"@type\":\"ListItem\",\"position\":1,\"name\":\"Home\",\"item\":\"https:\\\/\\\/www.modula4.com\\\/de\\\/\"},{\"@type\":\"ListItem\",\"position\":2,\"name\":\"Produkte\",\"item\":\"https:\\\/\\\/www.modula4.com\\\/de\\\/produkte\\\/\"},{\"@type\":\"ListItem\",\"position\":3,\"name\":\"Andere Modula4 Produkte\",\"item\":\"https:\\\/\\\/www.modula4.com\\\/de\\\/produkte\\\/modula4-produkte\\\/\"},{\"@type\":\"ListItem\",\"position\":4,\"name\":\"ImageMagick Asset Processor\"}]},{\"@type\":\"WebSite\",\"@id\":\"https:\\\/\\\/www.modula4.com\\\/#website\",\"url\":\"https:\\\/\\\/www.modula4.com\\\/\",\"name\":\"Modula4\",\"description\":\"Dedicated Experts. Complete Solutions. Real Results.\",\"publisher\":{\"@id\":\"https:\\\/\\\/www.modula4.com\\\/#organization\"},\"potentialAction\":[{\"@type\":\"SearchAction\",\"target\":{\"@type\":\"EntryPoint\",\"urlTemplate\":\"https:\\\/\\\/www.modula4.com\\\/?s={search_term_string}\"},\"query-input\":{\"@type\":\"PropertyValueSpecification\",\"valueRequired\":true,\"valueName\":\"search_term_string\"}}],\"inLanguage\":\"de\"},{\"@type\":\"Organization\",\"@id\":\"https:\\\/\\\/www.modula4.com\\\/#organization\",\"name\":\"Modula4\",\"url\":\"https:\\\/\\\/www.modula4.com\\\/\",\"logo\":{\"@type\":\"ImageObject\",\"inLanguage\":\"de\",\"@id\":\"https:\\\/\\\/www.modula4.com\\\/#\\\/schema\\\/logo\\\/image\\\/\",\"url\":\"https:\\\/\\\/www.modula4.com\\\/wp-content\\\/uploads\\\/M4-Logo-rgb.png\",\"contentUrl\":\"https:\\\/\\\/www.modula4.com\\\/wp-content\\\/uploads\\\/M4-Logo-rgb.png\",\"width\":190,\"height\":42,\"caption\":\"Modula4\"},\"image\":{\"@id\":\"https:\\\/\\\/www.modula4.com\\\/#\\\/schema\\\/logo\\\/image\\\/\"},\"sameAs\":[\"https:\\\/\\\/www.linkedin.com\\\/company\\\/modula4\\\/\"]}]}<\/script>\n<!-- \/ Yoast SEO Premium plugin. -->","yoast_head_json":{"title":"ImageMagick Asset Processor - Modula4","robots":{"index":"index","follow":"follow","max-snippet":"max-snippet:-1","max-image-preview":"max-image-preview:large","max-video-preview":"max-video-preview:-1"},"canonical":"https:\/\/www.modula4.com\/de\/produkte\/modula4-produkte\/imagemagick-asset-processor\/","og_locale":"de_DE","og_type":"article","og_title":"ImageMagick Asset Processor","og_description":"Einfaches Konvertieren und Manipulieren Unser ImageMagick Asset Processor erm\u00f6glicht es Ihnen,\u00a0ImageMagick\u00ae in Ihre DAM-Software einzubinden. So k\u00f6nnen Sie Ihre Bilddateien manipulieren und konvertieren, auch in Formate und mit Befehlen, die Ihr DAM-System nicht unterst\u00fctzt. Seine Open-Source-Software hat sich als eine der umfassendsten L\u00f6sungen f\u00fcr die Bildkonvertierung und -manipulation erwiesen. Die wichtigsten Vorteile unseres ImageMagick Asset ... &nbsp;Weiterlesen &gt;","og_url":"https:\/\/www.modula4.com\/de\/produkte\/modula4-produkte\/imagemagick-asset-processor\/","og_site_name":"Modula4","article_publisher":"https:\/\/www.linkedin.com\/company\/modula4\/","article_modified_time":"2021-08-31T11:08:29+00:00","twitter_misc":{"Gesch\u00e4tzte Lesezeit":"1\u00a0Minute"},"schema":{"@context":"https:\/\/schema.org","@graph":[{"@type":"WebPage","@id":"https:\/\/www.modula4.com\/de\/produkte\/modula4-produkte\/imagemagick-asset-processor\/","url":"https:\/\/www.modula4.com\/de\/produkte\/modula4-produkte\/imagemagick-asset-processor\/","name":"ImageMagick Asset Processor - Modula4","isPartOf":{"@id":"https:\/\/www.modula4.com\/#website"},"datePublished":"2011-03-05T23:36:13+00:00","dateModified":"2021-08-31T11:08:29+00:00","breadcrumb":{"@id":"https:\/\/www.modula4.com\/de\/produkte\/modula4-produkte\/imagemagick-asset-processor\/#breadcrumb"},"inLanguage":"de","potentialAction":[{"@type":"ReadAction","target":["https:\/\/www.modula4.com\/de\/produkte\/modula4-produkte\/imagemagick-asset-processor\/"]}]},{"@type":"BreadcrumbList","@id":"https:\/\/www.modula4.com\/de\/produkte\/modula4-produkte\/imagemagick-asset-processor\/#breadcrumb","itemListElement":[{"@type":"ListItem","position":1,"name":"Home","item":"https:\/\/www.modula4.com\/de\/"},{"@type":"ListItem","position":2,"name":"Produkte","item":"https:\/\/www.modula4.com\/de\/produkte\/"},{"@type":"ListItem","position":3,"name":"Andere Modula4 Produkte","item":"https:\/\/www.modula4.com\/de\/produkte\/modula4-produkte\/"},{"@type":"ListItem","position":4,"name":"ImageMagick Asset Processor"}]},{"@type":"WebSite","@id":"https:\/\/www.modula4.com\/#website","url":"https:\/\/www.modula4.com\/","name":"Modula4","description":"Dedicated Experts. Complete Solutions. Real Results.","publisher":{"@id":"https:\/\/www.modula4.com\/#organization"},"potentialAction":[{"@type":"SearchAction","target":{"@type":"EntryPoint","urlTemplate":"https:\/\/www.modula4.com\/?s={search_term_string}"},"query-input":{"@type":"PropertyValueSpecification","valueRequired":true,"valueName":"search_term_string"}}],"inLanguage":"de"},{"@type":"Organization","@id":"https:\/\/www.modula4.com\/#organization","name":"Modula4","url":"https:\/\/www.modula4.com\/","logo":{"@type":"ImageObject","inLanguage":"de","@id":"https:\/\/www.modula4.com\/#\/schema\/logo\/image\/","url":"https:\/\/www.modula4.com\/wp-content\/uploads\/M4-Logo-rgb.png","contentUrl":"https:\/\/www.modula4.com\/wp-content\/uploads\/M4-Logo-rgb.png","width":190,"height":42,"caption":"Modula4"},"image":{"@id":"https:\/\/www.modula4.com\/#\/schema\/logo\/image\/"},"sameAs":["https:\/\/www.linkedin.com\/company\/modula4\/"]}]}},"_links":{"self":[{"href":"https:\/\/www.modula4.com\/de\/wp-json\/wp\/v2\/pages\/6029","targetHints":{"allow":["GET"]}}],"collection":[{"href":"https:\/\/www.modula4.com\/de\/wp-json\/wp\/v2\/pages"}],"about":[{"href":"https:\/\/www.modula4.com\/de\/wp-json\/wp\/v2\/types\/page"}],"author":[{"embeddable":true,"href":"https:\/\/www.modula4.com\/de\/wp-json\/wp\/v2\/users\/2"}],"replies":[{"embeddable":true,"href":"https:\/\/www.modula4.com\/de\/wp-json\/wp\/v2\/comments?post=6029"}],"version-history":[{"count":8,"href":"https:\/\/www.modula4.com\/de\/wp-json\/wp\/v2\/pages\/6029\/revisions"}],"predecessor-version":[{"id":11138,"href":"https:\/\/www.modula4.com\/de\/wp-json\/wp\/v2\/pages\/6029\/revisions\/11138"}],"up":[{"embeddable":true,"href":"https:\/\/www.modula4.com\/de\/wp-json\/wp\/v2\/pages\/9533"}],"wp:attachment":[{"href":"https:\/\/www.modula4.com\/de\/wp-json\/wp\/v2\/media?parent=6029"}],"curies":[{"name":"wp","href":"https:\/\/api.w.org\/{rel}","templated":true}]}}