{"id":6027,"date":"2011-03-05T15:31:16","date_gmt":"2011-03-05T23:31:16","guid":{"rendered":"http:\/\/www.modula4.com\/reporting-analysis-add-on\/"},"modified":"2021-08-31T04:04:04","modified_gmt":"2021-08-31T11:04:04","slug":"reporting-analysis","status":"publish","type":"page","link":"https:\/\/www.modula4.com\/de\/produkte\/modula4-produkte\/reporting-analysis\/","title":{"rendered":"Reporting &#038; Analysis"},"content":{"rendered":"<h2>Erstellen Sie Berichte, die auf Ihre speziellen Bed\u00fcrfnisse zugeschnitten sind<\/h2>\n<p>Unser Reporting &amp; Analysis Add-On erm\u00f6glicht es Ihnen, die Nutzung Ihres DAM-Systems detailliert zu protokollieren und in spezifisch angepassten Reports auszuwerten.<\/p>\n<p>Die Berichterstellung ist ein wichtiger Bestandteil jedes Unternehmenssystems. Reporting &amp; Analysis bietet eine intuitive Benutzeroberfl\u00e4che und die M\u00f6glichkeit, benutzerdefinierte Berichte im laufenden Betrieb zu erstellen. Es erfasst alle Anmeldungen, Suchen und Downloads. Die Berichte k\u00f6nnen als native Excel- (.xlsx) oder CSV-Dateien exportiert werden, sodass sie f\u00fcr externe Anwendungen freigegeben und analysiert werden k\u00f6nnen.<\/p>\n<p>Administratoren k\u00f6nnen steuern, welche Benutzer Berichte erstellen und anzeigen k\u00f6nnen und welche Daten sie f\u00fcr ihre Abfragen verwenden k\u00f6nnen. Dies ist hilfreich, wenn es abteilungs\u00fcbergreifend oder in einem \u201eAgenturmodell\u201c verwendet wird, wo Assets f\u00fcr mehrere Kunden verwaltet werden.<\/p>\n<p><a href=\"http:\/\/www.modula4.com\/wp-content\/uploads\/reporting-11.png\"><img loading=\"lazy\" decoding=\"async\" class=\" size-full wp-image-7986 aligncenter\" src=\"http:\/\/www.modula4.com\/wp-content\/uploads\/reporting-11.png\" alt=\"reporting-1\" width=\"700\" height=\"618\" srcset=\"https:\/\/www.modula4.com\/wp-content\/uploads\/reporting-11.png 700w, https:\/\/www.modula4.com\/wp-content\/uploads\/reporting-11-150x132.png 150w, https:\/\/www.modula4.com\/wp-content\/uploads\/reporting-11-227x200.png 227w, https:\/\/www.modula4.com\/wp-content\/uploads\/reporting-11-410x362.png 410w, https:\/\/www.modula4.com\/wp-content\/uploads\/reporting-11-298x263.png 298w\" sizes=\"auto, (max-width: 700px) 100vw, 700px\" \/><\/a><\/p>\n<p>Mit unserem Reporting &amp; Analysis Add-On k\u00f6nnen Sie folgende Daten protokollieren und in Reports auswerten:<\/p>\n<ul>\n<li>den Namen des Users<\/li>\n<li>die Namen der ausgew\u00e4hlten Kataloge<\/li>\n<li>das Datum<\/li>\n<li>zus\u00e4tzlich bei Suchen:\n<ul>\n<li>die verwendeten Suchbegriffe<\/li>\n<li>die Zahl der Treffer insgesamt<\/li>\n<li>die Zahl der Treffer in den einzelnen Katalogen<\/li>\n<li>den gew\u00e4hlten Pfad bei der Kategoriensuche<\/li>\n<\/ul>\n<\/li>\n<li>sowie zus\u00e4tzlich beim Download:\n<ul>\n<li>den Namen des Datensatzes<\/li>\n<li>den Status (Download erfolgreich, abgebrochen oder fehlerhaft)<\/li>\n<li>die Dauer des Downloads<\/li>\n<li>den Namen der Konvertierung, falls verwendet<\/li>\n<li>die Downloadgr\u00f6\u00dfe nach Konvertierung<\/li>\n<li>die Gr\u00f6\u00dfe des urspr\u00fcnglichen Datensatzes<\/li>\n<li>den Namen des konvertierten Datensatzes<\/li>\n<\/ul>\n<\/li>\n<\/ul>\n<p><a href=\"http:\/\/www.modula4.com\/de\/kontakt\/\">Fragen Sie uns<\/a>, wenn Sie mehr \u00fcber Reporting &amp; Analysis erfahren m\u00f6chten.<\/p>\n\n\n<p><\/p>\n","protected":false},"excerpt":{"rendered":"<p>Erstellen Sie Berichte, die auf Ihre speziellen Bed\u00fcrfnisse zugeschnitten sind Unser Reporting &amp; Analysis Add-On erm\u00f6glicht es Ihnen, die Nutzung Ihres DAM-Systems detailliert zu protokollieren und in spezifisch angepassten Reports auszuwerten. Die Berichterstellung ist ein wichtiger Bestandteil jedes Unternehmenssystems. Reporting &amp; Analysis bietet eine intuitive Benutzeroberfl\u00e4che und die M\u00f6glichkeit, benutzerdefinierte Berichte im laufenden Betrieb zu <a class=\"read-more\" href=\"https:\/\/www.modula4.com\/de\/produkte\/modula4-produkte\/reporting-analysis\/\">&#8230; &nbsp;Weiterlesen &gt;<\/a><\/p>\n","protected":false},"author":2,"featured_media":0,"parent":5985,"menu_order":9,"comment_status":"closed","ping_status":"closed","template":"","meta":{"_monsterinsights_skip_tracking":false,"_monsterinsights_sitenote_active":false,"_monsterinsights_sitenote_note":"","_monsterinsights_sitenote_category":0,"footnotes":""},"class_list":["post-6027","page","type-page","status-publish","hentry"],"yoast_head":"<!-- This site is optimized with the Yoast SEO Premium plugin v26.4 (Yoast SEO v27.3) - https:\/\/yoast.com\/product\/yoast-seo-premium-wordpress\/ -->\n<title>Reporting &amp; Analysis - Modula4<\/title>\n<meta name=\"robots\" content=\"index, follow, max-snippet:-1, max-image-preview:large, max-video-preview:-1\" \/>\n<link rel=\"canonical\" href=\"https:\/\/www.modula4.com\/de\/produkte\/modula4-produkte\/reporting-analysis\/\" \/>\n<meta property=\"og:locale\" content=\"de_DE\" \/>\n<meta property=\"og:type\" content=\"article\" \/>\n<meta property=\"og:title\" content=\"Reporting &amp; Analysis\" \/>\n<meta property=\"og:description\" content=\"Erstellen Sie Berichte, die auf Ihre speziellen Bed\u00fcrfnisse zugeschnitten sind Unser Reporting &amp; Analysis Add-On erm\u00f6glicht es Ihnen, die Nutzung Ihres DAM-Systems detailliert zu protokollieren und in spezifisch angepassten Reports auszuwerten. Die Berichterstellung ist ein wichtiger Bestandteil jedes Unternehmenssystems. Reporting &amp; Analysis bietet eine intuitive Benutzeroberfl\u00e4che und die M\u00f6glichkeit, benutzerdefinierte Berichte im laufenden Betrieb zu ... &nbsp;Weiterlesen &gt;\" \/>\n<meta property=\"og:url\" content=\"https:\/\/www.modula4.com\/de\/produkte\/modula4-produkte\/reporting-analysis\/\" \/>\n<meta property=\"og:site_name\" content=\"Modula4\" \/>\n<meta property=\"article:publisher\" content=\"https:\/\/www.linkedin.com\/company\/modula4\/\" \/>\n<meta property=\"article:modified_time\" content=\"2021-08-31T11:04:04+00:00\" \/>\n<meta property=\"og:image\" content=\"http:\/\/www.modula4.com\/wp-content\/uploads\/reporting-11.png\" \/>\n<meta name=\"twitter:label1\" content=\"Gesch\u00e4tzte Lesezeit\" \/>\n\t<meta name=\"twitter:data1\" content=\"2\u00a0Minuten\" \/>\n<script type=\"application\/ld+json\" class=\"yoast-schema-graph\">{\"@context\":\"https:\\\/\\\/schema.org\",\"@graph\":[{\"@type\":\"WebPage\",\"@id\":\"https:\\\/\\\/www.modula4.com\\\/de\\\/produkte\\\/modula4-produkte\\\/reporting-analysis\\\/\",\"url\":\"https:\\\/\\\/www.modula4.com\\\/de\\\/produkte\\\/modula4-produkte\\\/reporting-analysis\\\/\",\"name\":\"Reporting & Analysis - Modula4\",\"isPartOf\":{\"@id\":\"https:\\\/\\\/www.modula4.com\\\/#website\"},\"primaryImageOfPage\":{\"@id\":\"https:\\\/\\\/www.modula4.com\\\/de\\\/produkte\\\/modula4-produkte\\\/reporting-analysis\\\/#primaryimage\"},\"image\":{\"@id\":\"https:\\\/\\\/www.modula4.com\\\/de\\\/produkte\\\/modula4-produkte\\\/reporting-analysis\\\/#primaryimage\"},\"thumbnailUrl\":\"http:\\\/\\\/www.modula4.com\\\/wp-content\\\/uploads\\\/reporting-11.png\",\"datePublished\":\"2011-03-05T23:31:16+00:00\",\"dateModified\":\"2021-08-31T11:04:04+00:00\",\"breadcrumb\":{\"@id\":\"https:\\\/\\\/www.modula4.com\\\/de\\\/produkte\\\/modula4-produkte\\\/reporting-analysis\\\/#breadcrumb\"},\"inLanguage\":\"de\",\"potentialAction\":[{\"@type\":\"ReadAction\",\"target\":[\"https:\\\/\\\/www.modula4.com\\\/de\\\/produkte\\\/modula4-produkte\\\/reporting-analysis\\\/\"]}]},{\"@type\":\"ImageObject\",\"inLanguage\":\"de\",\"@id\":\"https:\\\/\\\/www.modula4.com\\\/de\\\/produkte\\\/modula4-produkte\\\/reporting-analysis\\\/#primaryimage\",\"url\":\"http:\\\/\\\/www.modula4.com\\\/wp-content\\\/uploads\\\/reporting-11.png\",\"contentUrl\":\"http:\\\/\\\/www.modula4.com\\\/wp-content\\\/uploads\\\/reporting-11.png\"},{\"@type\":\"BreadcrumbList\",\"@id\":\"https:\\\/\\\/www.modula4.com\\\/de\\\/produkte\\\/modula4-produkte\\\/reporting-analysis\\\/#breadcrumb\",\"itemListElement\":[{\"@type\":\"ListItem\",\"position\":1,\"name\":\"Home\",\"item\":\"https:\\\/\\\/www.modula4.com\\\/de\\\/\"},{\"@type\":\"ListItem\",\"position\":2,\"name\":\"Produkte\",\"item\":\"https:\\\/\\\/www.modula4.com\\\/de\\\/produkte\\\/\"},{\"@type\":\"ListItem\",\"position\":3,\"name\":\"Andere Modula4 Produkte\",\"item\":\"https:\\\/\\\/www.modula4.com\\\/de\\\/produkte\\\/modula4-produkte\\\/\"},{\"@type\":\"ListItem\",\"position\":4,\"name\":\"Reporting &#038; Analysis\"}]},{\"@type\":\"WebSite\",\"@id\":\"https:\\\/\\\/www.modula4.com\\\/#website\",\"url\":\"https:\\\/\\\/www.modula4.com\\\/\",\"name\":\"Modula4\",\"description\":\"Dedicated Experts. Complete Solutions. Real Results.\",\"publisher\":{\"@id\":\"https:\\\/\\\/www.modula4.com\\\/#organization\"},\"potentialAction\":[{\"@type\":\"SearchAction\",\"target\":{\"@type\":\"EntryPoint\",\"urlTemplate\":\"https:\\\/\\\/www.modula4.com\\\/?s={search_term_string}\"},\"query-input\":{\"@type\":\"PropertyValueSpecification\",\"valueRequired\":true,\"valueName\":\"search_term_string\"}}],\"inLanguage\":\"de\"},{\"@type\":\"Organization\",\"@id\":\"https:\\\/\\\/www.modula4.com\\\/#organization\",\"name\":\"Modula4\",\"url\":\"https:\\\/\\\/www.modula4.com\\\/\",\"logo\":{\"@type\":\"ImageObject\",\"inLanguage\":\"de\",\"@id\":\"https:\\\/\\\/www.modula4.com\\\/#\\\/schema\\\/logo\\\/image\\\/\",\"url\":\"https:\\\/\\\/www.modula4.com\\\/wp-content\\\/uploads\\\/M4-Logo-rgb.png\",\"contentUrl\":\"https:\\\/\\\/www.modula4.com\\\/wp-content\\\/uploads\\\/M4-Logo-rgb.png\",\"width\":190,\"height\":42,\"caption\":\"Modula4\"},\"image\":{\"@id\":\"https:\\\/\\\/www.modula4.com\\\/#\\\/schema\\\/logo\\\/image\\\/\"},\"sameAs\":[\"https:\\\/\\\/www.linkedin.com\\\/company\\\/modula4\\\/\"]}]}<\/script>\n<!-- \/ Yoast SEO Premium plugin. -->","yoast_head_json":{"title":"Reporting & Analysis - Modula4","robots":{"index":"index","follow":"follow","max-snippet":"max-snippet:-1","max-image-preview":"max-image-preview:large","max-video-preview":"max-video-preview:-1"},"canonical":"https:\/\/www.modula4.com\/de\/produkte\/modula4-produkte\/reporting-analysis\/","og_locale":"de_DE","og_type":"article","og_title":"Reporting & Analysis","og_description":"Erstellen Sie Berichte, die auf Ihre speziellen Bed\u00fcrfnisse zugeschnitten sind Unser Reporting &amp; Analysis Add-On erm\u00f6glicht es Ihnen, die Nutzung Ihres DAM-Systems detailliert zu protokollieren und in spezifisch angepassten Reports auszuwerten. Die Berichterstellung ist ein wichtiger Bestandteil jedes Unternehmenssystems. Reporting &amp; Analysis bietet eine intuitive Benutzeroberfl\u00e4che und die M\u00f6glichkeit, benutzerdefinierte Berichte im laufenden Betrieb zu ... &nbsp;Weiterlesen &gt;","og_url":"https:\/\/www.modula4.com\/de\/produkte\/modula4-produkte\/reporting-analysis\/","og_site_name":"Modula4","article_publisher":"https:\/\/www.linkedin.com\/company\/modula4\/","article_modified_time":"2021-08-31T11:04:04+00:00","og_image":[{"url":"http:\/\/www.modula4.com\/wp-content\/uploads\/reporting-11.png","type":"","width":"","height":""}],"twitter_misc":{"Gesch\u00e4tzte Lesezeit":"2\u00a0Minuten"},"schema":{"@context":"https:\/\/schema.org","@graph":[{"@type":"WebPage","@id":"https:\/\/www.modula4.com\/de\/produkte\/modula4-produkte\/reporting-analysis\/","url":"https:\/\/www.modula4.com\/de\/produkte\/modula4-produkte\/reporting-analysis\/","name":"Reporting & Analysis - Modula4","isPartOf":{"@id":"https:\/\/www.modula4.com\/#website"},"primaryImageOfPage":{"@id":"https:\/\/www.modula4.com\/de\/produkte\/modula4-produkte\/reporting-analysis\/#primaryimage"},"image":{"@id":"https:\/\/www.modula4.com\/de\/produkte\/modula4-produkte\/reporting-analysis\/#primaryimage"},"thumbnailUrl":"http:\/\/www.modula4.com\/wp-content\/uploads\/reporting-11.png","datePublished":"2011-03-05T23:31:16+00:00","dateModified":"2021-08-31T11:04:04+00:00","breadcrumb":{"@id":"https:\/\/www.modula4.com\/de\/produkte\/modula4-produkte\/reporting-analysis\/#breadcrumb"},"inLanguage":"de","potentialAction":[{"@type":"ReadAction","target":["https:\/\/www.modula4.com\/de\/produkte\/modula4-produkte\/reporting-analysis\/"]}]},{"@type":"ImageObject","inLanguage":"de","@id":"https:\/\/www.modula4.com\/de\/produkte\/modula4-produkte\/reporting-analysis\/#primaryimage","url":"http:\/\/www.modula4.com\/wp-content\/uploads\/reporting-11.png","contentUrl":"http:\/\/www.modula4.com\/wp-content\/uploads\/reporting-11.png"},{"@type":"BreadcrumbList","@id":"https:\/\/www.modula4.com\/de\/produkte\/modula4-produkte\/reporting-analysis\/#breadcrumb","itemListElement":[{"@type":"ListItem","position":1,"name":"Home","item":"https:\/\/www.modula4.com\/de\/"},{"@type":"ListItem","position":2,"name":"Produkte","item":"https:\/\/www.modula4.com\/de\/produkte\/"},{"@type":"ListItem","position":3,"name":"Andere Modula4 Produkte","item":"https:\/\/www.modula4.com\/de\/produkte\/modula4-produkte\/"},{"@type":"ListItem","position":4,"name":"Reporting &#038; Analysis"}]},{"@type":"WebSite","@id":"https:\/\/www.modula4.com\/#website","url":"https:\/\/www.modula4.com\/","name":"Modula4","description":"Dedicated Experts. Complete Solutions. Real Results.","publisher":{"@id":"https:\/\/www.modula4.com\/#organization"},"potentialAction":[{"@type":"SearchAction","target":{"@type":"EntryPoint","urlTemplate":"https:\/\/www.modula4.com\/?s={search_term_string}"},"query-input":{"@type":"PropertyValueSpecification","valueRequired":true,"valueName":"search_term_string"}}],"inLanguage":"de"},{"@type":"Organization","@id":"https:\/\/www.modula4.com\/#organization","name":"Modula4","url":"https:\/\/www.modula4.com\/","logo":{"@type":"ImageObject","inLanguage":"de","@id":"https:\/\/www.modula4.com\/#\/schema\/logo\/image\/","url":"https:\/\/www.modula4.com\/wp-content\/uploads\/M4-Logo-rgb.png","contentUrl":"https:\/\/www.modula4.com\/wp-content\/uploads\/M4-Logo-rgb.png","width":190,"height":42,"caption":"Modula4"},"image":{"@id":"https:\/\/www.modula4.com\/#\/schema\/logo\/image\/"},"sameAs":["https:\/\/www.linkedin.com\/company\/modula4\/"]}]}},"_links":{"self":[{"href":"https:\/\/www.modula4.com\/de\/wp-json\/wp\/v2\/pages\/6027","targetHints":{"allow":["GET"]}}],"collection":[{"href":"https:\/\/www.modula4.com\/de\/wp-json\/wp\/v2\/pages"}],"about":[{"href":"https:\/\/www.modula4.com\/de\/wp-json\/wp\/v2\/types\/page"}],"author":[{"embeddable":true,"href":"https:\/\/www.modula4.com\/de\/wp-json\/wp\/v2\/users\/2"}],"replies":[{"embeddable":true,"href":"https:\/\/www.modula4.com\/de\/wp-json\/wp\/v2\/comments?post=6027"}],"version-history":[{"count":13,"href":"https:\/\/www.modula4.com\/de\/wp-json\/wp\/v2\/pages\/6027\/revisions"}],"predecessor-version":[{"id":11134,"href":"https:\/\/www.modula4.com\/de\/wp-json\/wp\/v2\/pages\/6027\/revisions\/11134"}],"up":[{"embeddable":true,"href":"https:\/\/www.modula4.com\/de\/wp-json\/wp\/v2\/pages\/5985"}],"wp:attachment":[{"href":"https:\/\/www.modula4.com\/de\/wp-json\/wp\/v2\/media?parent=6027"}],"curies":[{"name":"wp","href":"https:\/\/api.w.org\/{rel}","templated":true}]}}