{"id":6021,"date":"2011-02-27T16:23:03","date_gmt":"2011-02-28T00:23:03","guid":{"rendered":"http:\/\/www.modula4.com\/e-commerce-add-on\/"},"modified":"2020-08-11T23:34:43","modified_gmt":"2020-08-12T06:34:43","slug":"e-commerce-add-on","status":"publish","type":"page","link":"https:\/\/www.modula4.com\/de\/produkte\/weitere-produkte\/e-commerce-add-on\/","title":{"rendered":"e-Commerce Add-On"},"content":{"rendered":"<h2>Verdienen Sie Geld mit Ihren Assets<\/h2>\n<p>Bieten Sie Ihre Dateien einfach und sicher zum bezahlten Download im Internet an.<\/p>\n<p>Das e-Commerce Add-On bietet maximale Flexibilit\u00e4t. Preise k\u00f6nnen nach Menge, Gr\u00f6\u00dfe, Verwendungszweck etc. gestaffelt und entsprechend berechnet werden.<\/p>\n<p>Das eCommerce Add-On wird als Erweiterung unseres <a href=\"http:\/\/www.modula4.com\/de\/produkte\/modula4-produkte\/web-module\/\">Web Moduls<\/a> geliefert.<\/p>\n<p><img loading=\"lazy\" decoding=\"async\" class=\"alignleft size-full wp-image-1075\" title=\"Modula4 e-Commerce Add-On\" src=\"\/wp-content\/uploads\/446_ecommercesolution.jpg\" alt=\"Modula4 e-Commerce Add-On for Canto Cumulus\" width=\"319\" height=\"405\" srcset=\"https:\/\/www.modula4.com\/wp-content\/uploads\/446_ecommercesolution.jpg 319w, https:\/\/www.modula4.com\/wp-content\/uploads\/446_ecommercesolution-236x300.jpg 236w\" sizes=\"auto, (max-width: 319px) 100vw, 319px\" \/><\/p>\n<p>Das eCommerce Add-On erlaubt die Integration verschiedener Zahlungsanbieter. Die G\u00fcltigkeit der Kreditkarte Ihrer Kunden wird direkt \u00fcber das Internet verifiziert. Die aktuelle Version unterst\u00fctzt VeriSign, Authorize.net und Saferpay. Durch den modularen Aufbau unserer Software ist es aber problemlos m\u00f6glich, einen anderen Anbieter zu verwenden. Auch andere Zahlungsarten wie z.B. Lastschriftverfahren k\u00f6nnen akzeptiert werden.<\/p>\n<p>Das e-commerce Add-On kann Informationen aus der Datenbank beziehen, in der Sie Ihre Kundendaten pflegen, wie z.B. aus LDAP oder Active Directory. Jede Transaktion wird mit einer E-Mail best\u00e4tigt.<\/p>\n<p><a href=\"\/de\/kontakt\/\">Fragen Sie uns<\/a>, wenn Sie mehr \u00fcber das e-Commerce Add-On erfahren m\u00f6chten.<\/p>\n","protected":false},"excerpt":{"rendered":"<p>Verdienen Sie Geld mit Ihren Assets Bieten Sie Ihre Dateien einfach und sicher zum bezahlten Download im Internet an. Das e-Commerce Add-On bietet maximale Flexibilit\u00e4t. Preise k\u00f6nnen nach Menge, Gr\u00f6\u00dfe, Verwendungszweck etc. gestaffelt und entsprechend berechnet werden. Das eCommerce Add-On wird als Erweiterung unseres Web Moduls geliefert. Das eCommerce Add-On erlaubt die Integration verschiedener Zahlungsanbieter. <a class=\"read-more\" href=\"https:\/\/www.modula4.com\/de\/produkte\/weitere-produkte\/e-commerce-add-on\/\">&#8230; &nbsp;Weiterlesen &gt;<\/a><\/p>\n","protected":false},"author":2,"featured_media":0,"parent":9533,"menu_order":20,"comment_status":"closed","ping_status":"closed","template":"","meta":{"_monsterinsights_skip_tracking":false,"_monsterinsights_sitenote_active":false,"_monsterinsights_sitenote_note":"","_monsterinsights_sitenote_category":0,"footnotes":""},"class_list":["post-6021","page","type-page","status-publish","hentry"],"yoast_head":"<!-- This site is optimized with the Yoast SEO Premium plugin v26.4 (Yoast SEO v27.4) - https:\/\/yoast.com\/product\/yoast-seo-premium-wordpress\/ -->\n<title>e-Commerce Add-On - Modula4<\/title>\n<meta name=\"robots\" content=\"index, follow, max-snippet:-1, max-image-preview:large, max-video-preview:-1\" \/>\n<link rel=\"canonical\" href=\"https:\/\/www.modula4.com\/de\/produkte\/weitere-produkte\/e-commerce-add-on\/\" \/>\n<meta property=\"og:locale\" content=\"de_DE\" \/>\n<meta property=\"og:type\" content=\"article\" \/>\n<meta property=\"og:title\" content=\"e-Commerce Add-On\" \/>\n<meta property=\"og:description\" content=\"Verdienen Sie Geld mit Ihren Assets Bieten Sie Ihre Dateien einfach und sicher zum bezahlten Download im Internet an. Das e-Commerce Add-On bietet maximale Flexibilit\u00e4t. Preise k\u00f6nnen nach Menge, Gr\u00f6\u00dfe, Verwendungszweck etc. gestaffelt und entsprechend berechnet werden. Das eCommerce Add-On wird als Erweiterung unseres Web Moduls geliefert. Das eCommerce Add-On erlaubt die Integration verschiedener Zahlungsanbieter. ... &nbsp;Weiterlesen &gt;\" \/>\n<meta property=\"og:url\" content=\"https:\/\/www.modula4.com\/de\/produkte\/weitere-produkte\/e-commerce-add-on\/\" \/>\n<meta property=\"og:site_name\" content=\"Modula4\" \/>\n<meta property=\"article:publisher\" content=\"https:\/\/www.linkedin.com\/company\/modula4\/\" \/>\n<meta property=\"article:modified_time\" content=\"2020-08-12T06:34:43+00:00\" \/>\n<meta property=\"og:image\" content=\"https:\/\/www.modula4.com\/wp-content\/uploads\/446_ecommercesolution.jpg\" \/>\n<meta name=\"twitter:label1\" content=\"Gesch\u00e4tzte Lesezeit\" \/>\n\t<meta name=\"twitter:data1\" content=\"1\u00a0Minute\" \/>\n<script type=\"application\/ld+json\" class=\"yoast-schema-graph\">{\"@context\":\"https:\\\/\\\/schema.org\",\"@graph\":[{\"@type\":\"WebPage\",\"@id\":\"https:\\\/\\\/www.modula4.com\\\/de\\\/produkte\\\/weitere-produkte\\\/e-commerce-add-on\\\/\",\"url\":\"https:\\\/\\\/www.modula4.com\\\/de\\\/produkte\\\/weitere-produkte\\\/e-commerce-add-on\\\/\",\"name\":\"e-Commerce Add-On - Modula4\",\"isPartOf\":{\"@id\":\"https:\\\/\\\/www.modula4.com\\\/#website\"},\"datePublished\":\"2011-02-28T00:23:03+00:00\",\"dateModified\":\"2020-08-12T06:34:43+00:00\",\"breadcrumb\":{\"@id\":\"https:\\\/\\\/www.modula4.com\\\/de\\\/produkte\\\/weitere-produkte\\\/e-commerce-add-on\\\/#breadcrumb\"},\"inLanguage\":\"de\",\"potentialAction\":[{\"@type\":\"ReadAction\",\"target\":[\"https:\\\/\\\/www.modula4.com\\\/de\\\/produkte\\\/weitere-produkte\\\/e-commerce-add-on\\\/\"]}]},{\"@type\":\"BreadcrumbList\",\"@id\":\"https:\\\/\\\/www.modula4.com\\\/de\\\/produkte\\\/weitere-produkte\\\/e-commerce-add-on\\\/#breadcrumb\",\"itemListElement\":[{\"@type\":\"ListItem\",\"position\":1,\"name\":\"Home\",\"item\":\"https:\\\/\\\/www.modula4.com\\\/de\\\/\"},{\"@type\":\"ListItem\",\"position\":2,\"name\":\"Produkte\",\"item\":\"https:\\\/\\\/www.modula4.com\\\/de\\\/produkte\\\/\"},{\"@type\":\"ListItem\",\"position\":3,\"name\":\"Zus\u00e4tzliche Produkte\",\"item\":\"https:\\\/\\\/www.modula4.com\\\/de\\\/produkte\\\/weitere-produkte\\\/\"},{\"@type\":\"ListItem\",\"position\":4,\"name\":\"e-Commerce Add-On\"}]},{\"@type\":\"WebSite\",\"@id\":\"https:\\\/\\\/www.modula4.com\\\/#website\",\"url\":\"https:\\\/\\\/www.modula4.com\\\/\",\"name\":\"Modula4\",\"description\":\"Dedicated Experts. Complete Solutions. Real Results.\",\"publisher\":{\"@id\":\"https:\\\/\\\/www.modula4.com\\\/#organization\"},\"potentialAction\":[{\"@type\":\"SearchAction\",\"target\":{\"@type\":\"EntryPoint\",\"urlTemplate\":\"https:\\\/\\\/www.modula4.com\\\/?s={search_term_string}\"},\"query-input\":{\"@type\":\"PropertyValueSpecification\",\"valueRequired\":true,\"valueName\":\"search_term_string\"}}],\"inLanguage\":\"de\"},{\"@type\":\"Organization\",\"@id\":\"https:\\\/\\\/www.modula4.com\\\/#organization\",\"name\":\"Modula4\",\"url\":\"https:\\\/\\\/www.modula4.com\\\/\",\"logo\":{\"@type\":\"ImageObject\",\"inLanguage\":\"de\",\"@id\":\"https:\\\/\\\/www.modula4.com\\\/#\\\/schema\\\/logo\\\/image\\\/\",\"url\":\"https:\\\/\\\/www.modula4.com\\\/wp-content\\\/uploads\\\/M4-Logo-rgb.png\",\"contentUrl\":\"https:\\\/\\\/www.modula4.com\\\/wp-content\\\/uploads\\\/M4-Logo-rgb.png\",\"width\":190,\"height\":42,\"caption\":\"Modula4\"},\"image\":{\"@id\":\"https:\\\/\\\/www.modula4.com\\\/#\\\/schema\\\/logo\\\/image\\\/\"},\"sameAs\":[\"https:\\\/\\\/www.linkedin.com\\\/company\\\/modula4\\\/\"]}]}<\/script>\n<!-- \/ Yoast SEO Premium plugin. -->","yoast_head_json":{"title":"e-Commerce Add-On - Modula4","robots":{"index":"index","follow":"follow","max-snippet":"max-snippet:-1","max-image-preview":"max-image-preview:large","max-video-preview":"max-video-preview:-1"},"canonical":"https:\/\/www.modula4.com\/de\/produkte\/weitere-produkte\/e-commerce-add-on\/","og_locale":"de_DE","og_type":"article","og_title":"e-Commerce Add-On","og_description":"Verdienen Sie Geld mit Ihren Assets Bieten Sie Ihre Dateien einfach und sicher zum bezahlten Download im Internet an. Das e-Commerce Add-On bietet maximale Flexibilit\u00e4t. Preise k\u00f6nnen nach Menge, Gr\u00f6\u00dfe, Verwendungszweck etc. gestaffelt und entsprechend berechnet werden. Das eCommerce Add-On wird als Erweiterung unseres Web Moduls geliefert. Das eCommerce Add-On erlaubt die Integration verschiedener Zahlungsanbieter. ... &nbsp;Weiterlesen &gt;","og_url":"https:\/\/www.modula4.com\/de\/produkte\/weitere-produkte\/e-commerce-add-on\/","og_site_name":"Modula4","article_publisher":"https:\/\/www.linkedin.com\/company\/modula4\/","article_modified_time":"2020-08-12T06:34:43+00:00","og_image":[{"url":"https:\/\/www.modula4.com\/wp-content\/uploads\/446_ecommercesolution.jpg","type":"","width":"","height":""}],"twitter_misc":{"Gesch\u00e4tzte Lesezeit":"1\u00a0Minute"},"schema":{"@context":"https:\/\/schema.org","@graph":[{"@type":"WebPage","@id":"https:\/\/www.modula4.com\/de\/produkte\/weitere-produkte\/e-commerce-add-on\/","url":"https:\/\/www.modula4.com\/de\/produkte\/weitere-produkte\/e-commerce-add-on\/","name":"e-Commerce Add-On - Modula4","isPartOf":{"@id":"https:\/\/www.modula4.com\/#website"},"datePublished":"2011-02-28T00:23:03+00:00","dateModified":"2020-08-12T06:34:43+00:00","breadcrumb":{"@id":"https:\/\/www.modula4.com\/de\/produkte\/weitere-produkte\/e-commerce-add-on\/#breadcrumb"},"inLanguage":"de","potentialAction":[{"@type":"ReadAction","target":["https:\/\/www.modula4.com\/de\/produkte\/weitere-produkte\/e-commerce-add-on\/"]}]},{"@type":"BreadcrumbList","@id":"https:\/\/www.modula4.com\/de\/produkte\/weitere-produkte\/e-commerce-add-on\/#breadcrumb","itemListElement":[{"@type":"ListItem","position":1,"name":"Home","item":"https:\/\/www.modula4.com\/de\/"},{"@type":"ListItem","position":2,"name":"Produkte","item":"https:\/\/www.modula4.com\/de\/produkte\/"},{"@type":"ListItem","position":3,"name":"Zus\u00e4tzliche Produkte","item":"https:\/\/www.modula4.com\/de\/produkte\/weitere-produkte\/"},{"@type":"ListItem","position":4,"name":"e-Commerce Add-On"}]},{"@type":"WebSite","@id":"https:\/\/www.modula4.com\/#website","url":"https:\/\/www.modula4.com\/","name":"Modula4","description":"Dedicated Experts. Complete Solutions. Real Results.","publisher":{"@id":"https:\/\/www.modula4.com\/#organization"},"potentialAction":[{"@type":"SearchAction","target":{"@type":"EntryPoint","urlTemplate":"https:\/\/www.modula4.com\/?s={search_term_string}"},"query-input":{"@type":"PropertyValueSpecification","valueRequired":true,"valueName":"search_term_string"}}],"inLanguage":"de"},{"@type":"Organization","@id":"https:\/\/www.modula4.com\/#organization","name":"Modula4","url":"https:\/\/www.modula4.com\/","logo":{"@type":"ImageObject","inLanguage":"de","@id":"https:\/\/www.modula4.com\/#\/schema\/logo\/image\/","url":"https:\/\/www.modula4.com\/wp-content\/uploads\/M4-Logo-rgb.png","contentUrl":"https:\/\/www.modula4.com\/wp-content\/uploads\/M4-Logo-rgb.png","width":190,"height":42,"caption":"Modula4"},"image":{"@id":"https:\/\/www.modula4.com\/#\/schema\/logo\/image\/"},"sameAs":["https:\/\/www.linkedin.com\/company\/modula4\/"]}]}},"_links":{"self":[{"href":"https:\/\/www.modula4.com\/de\/wp-json\/wp\/v2\/pages\/6021","targetHints":{"allow":["GET"]}}],"collection":[{"href":"https:\/\/www.modula4.com\/de\/wp-json\/wp\/v2\/pages"}],"about":[{"href":"https:\/\/www.modula4.com\/de\/wp-json\/wp\/v2\/types\/page"}],"author":[{"embeddable":true,"href":"https:\/\/www.modula4.com\/de\/wp-json\/wp\/v2\/users\/2"}],"replies":[{"embeddable":true,"href":"https:\/\/www.modula4.com\/de\/wp-json\/wp\/v2\/comments?post=6021"}],"version-history":[{"count":9,"href":"https:\/\/www.modula4.com\/de\/wp-json\/wp\/v2\/pages\/6021\/revisions"}],"predecessor-version":[{"id":10894,"href":"https:\/\/www.modula4.com\/de\/wp-json\/wp\/v2\/pages\/6021\/revisions\/10894"}],"up":[{"embeddable":true,"href":"https:\/\/www.modula4.com\/de\/wp-json\/wp\/v2\/pages\/9533"}],"wp:attachment":[{"href":"https:\/\/www.modula4.com\/de\/wp-json\/wp\/v2\/media?parent=6021"}],"curies":[{"name":"wp","href":"https:\/\/api.w.org\/{rel}","templated":true}]}}