{"id":6017,"date":"2011-02-24T09:42:27","date_gmt":"2011-02-24T17:42:27","guid":{"rendered":"http:\/\/www.modula4.com\/video-modul\/"},"modified":"2021-08-31T03:45:27","modified_gmt":"2021-08-31T10:45:27","slug":"video-module","status":"publish","type":"page","link":"https:\/\/www.modula4.com\/de\/produkte\/weitere-produkte\/video-module\/","title":{"rendered":"Video Modul"},"content":{"rendered":"<h2>Leistungsstarkes Video-Handling f\u00fcr Ihr DAM-System<\/h2>\n<p>In Cumulus k\u00f6nnen Sie hochaufl\u00f6sende Videos hochladen, aber es fehlen Funktionen, die das Handling dieser gro\u00dfen Dateien f\u00fcr Nutzer und Administratoren sinnvoll gestalten. Das Video Modul von Modula4 bietet wichtige Funktionen, die das Ansehen, Umwandeln, Herunterladen und Kommentieren von Videos leichter und flexibler gestalten.<\/p>\n<p>\u00a0<\/p>\n<p style=\"text-align: center;\"><img loading=\"lazy\" decoding=\"async\" class=\"aligncenter  wp-image-4066\" title=\"VideoModule\" src=\"http:\/\/www.modula4.com\/wp-content\/uploads\/VideoModule1.png\" alt=\"\" width=\"700\" height=\"448\" srcset=\"https:\/\/www.modula4.com\/wp-content\/uploads\/VideoModule1.png 993w, https:\/\/www.modula4.com\/wp-content\/uploads\/VideoModule1-300x191.png 300w\" sizes=\"auto, (max-width: 700px) 100vw, 700px\" \/><\/p>\n<p>\u00a0<\/p>\n<p><strong>Streaming Vorschau<\/strong><br \/>Wenn Sie ein gro\u00dfes Video in Ihr DAM hochladen, m\u00fcssen die Nutzer die gesamte Datei herunterladen, um eine Vorschau ansehen zu k\u00f6nnen. Das kann f\u00fcr ein lokales Netzwerk ausreichend sein, aber hochaufl\u00f6sende Videos sind viel zu gro\u00df, um sie \u00fcber das Internet herunterzuladen, nur um sich das Video ansehen zu k\u00f6nnen.<\/p>\n<p>Das Video Modul l\u00f6st dieses Problem, indem es eine neue Version des Videos f\u00fcr das Streaming erstellt. Das bedeutet, dass sich Nutzer den Inhalt schnell ansehen k\u00f6nnen, ohne die ganze Datei herunterladen zu m\u00fcssen. So sparen sie Zeit und Bandbreite.<\/p>\n<p><strong>Downloads in verschiedenen Formaten<\/strong><br \/>Mit dem neuen Video Modul 2.0 k\u00f6nnen Sie Ihre Videos problemlos in verschiedenen Formaten zur Verf\u00fcgung stellen. W\u00e4hlen Sie die gew\u00fcnschten Formate einfach aus dem breiten Angebot verf\u00fcgbarer Formate aus und alle Videos, die Sie im DAM eingestellt haben, werden in diesen Formaten zum Download angeboten. Die Videos werden sofort nach dem Katalogisieren imDAM umgewandelt. Auf diese Weise m\u00fcssen die Nutzer nicht beim Download zus\u00e4tzlich auf die Umwandlung warten. Und selbstverst\u00e4ndlich k\u00f6nnen Sie den Zugriff auf den Video Download \u00fcber die Benutzerrechte in Ihrem DAM steuern.<\/p>\n<p><strong>Kommentare <\/strong><br \/>Das Video Modul erm\u00f6glicht es, Ihren Videos w\u00e4hrend der Spielzeit Kommentare hinzuzuf\u00fcgen. Diese Kommentare k\u00f6nnen voll durchsucht werden, so dass sich bestimmte Sequenzen des Videos \u00fcber eine Suche in den Kommentaren wiederfinden lassen. Weiterhin k\u00f6nnen interessante Parts des Videos hervorgehoben werden, und Informationen z.B. dar\u00fcber welche Teile des Videos in bestimmten Projekten benutzt wurden oder Feedback und Anweisungen w\u00e4hrend des kreativen Prozesses sind ebenso leicht einzubinden.<\/p>\n<p><a href=\"http:\/\/www.modula4.com\/de\/kontakt\/\" target=\"_self\" rel=\"noopener noreferrer\">Fragen Sie uns<\/a>, wenn Sie mehr dar\u00fcber erfahren wollen, wie Sie mit dem Video Modul effektiv Videos verwalten und teilen k\u00f6nnen.<\/p>\n\n\n<p><\/p>\n","protected":false},"excerpt":{"rendered":"<p>Leistungsstarkes Video-Handling f\u00fcr Ihr DAM-System In Cumulus k\u00f6nnen Sie hochaufl\u00f6sende Videos hochladen, aber es fehlen Funktionen, die das Handling dieser gro\u00dfen Dateien f\u00fcr Nutzer und Administratoren sinnvoll gestalten. Das Video Modul von Modula4 bietet wichtige Funktionen, die das Ansehen, Umwandeln, Herunterladen und Kommentieren von Videos leichter und flexibler gestalten. \u00a0 \u00a0 Streaming VorschauWenn Sie ein <a class=\"read-more\" href=\"https:\/\/www.modula4.com\/de\/produkte\/weitere-produkte\/video-module\/\">&#8230; &nbsp;Weiterlesen &gt;<\/a><\/p>\n","protected":false},"author":2,"featured_media":0,"parent":9533,"menu_order":2,"comment_status":"closed","ping_status":"closed","template":"","meta":{"_monsterinsights_skip_tracking":false,"_monsterinsights_sitenote_active":false,"_monsterinsights_sitenote_note":"","_monsterinsights_sitenote_category":0,"footnotes":""},"class_list":["post-6017","page","type-page","status-publish","hentry"],"yoast_head":"<!-- This site is optimized with the Yoast SEO Premium plugin v26.4 (Yoast SEO v27.4) - https:\/\/yoast.com\/product\/yoast-seo-premium-wordpress\/ -->\n<title>Video Module for Canto Cumulus<\/title>\n<meta name=\"description\" content=\"Modula4&#039;s Video Module for Canto Cumulus makes it easy to load, preview and add comments to video.\" \/>\n<meta name=\"robots\" content=\"index, follow, max-snippet:-1, max-image-preview:large, max-video-preview:-1\" \/>\n<link rel=\"canonical\" href=\"https:\/\/www.modula4.com\/de\/produkte\/modula4-produkte\/video-module\/\" \/>\n<meta property=\"og:locale\" content=\"de_DE\" \/>\n<meta property=\"og:type\" content=\"article\" \/>\n<meta property=\"og:title\" content=\"Video Modul\" \/>\n<meta property=\"og:description\" content=\"Modula4&#039;s Video Module for Canto Cumulus makes it easy to load, preview and add comments to video.\" \/>\n<meta property=\"og:url\" content=\"https:\/\/www.modula4.com\/de\/produkte\/modula4-produkte\/video-module\/\" \/>\n<meta property=\"og:site_name\" content=\"Modula4\" \/>\n<meta property=\"article:publisher\" content=\"https:\/\/www.linkedin.com\/company\/modula4\/\" \/>\n<meta property=\"article:modified_time\" content=\"2021-08-31T10:45:27+00:00\" \/>\n<meta property=\"og:image\" content=\"http:\/\/www.modula4.com\/wp-content\/uploads\/VideoModule1.png\" \/>\n<meta name=\"twitter:label1\" content=\"Gesch\u00e4tzte Lesezeit\" \/>\n\t<meta name=\"twitter:data1\" content=\"2\u00a0Minuten\" \/>\n<script type=\"application\/ld+json\" class=\"yoast-schema-graph\">{\"@context\":\"https:\\\/\\\/schema.org\",\"@graph\":[{\"@type\":\"WebPage\",\"@id\":\"https:\\\/\\\/www.modula4.com\\\/de\\\/produkte\\\/modula4-produkte\\\/video-module\\\/\",\"url\":\"https:\\\/\\\/www.modula4.com\\\/de\\\/produkte\\\/modula4-produkte\\\/video-module\\\/\",\"name\":\"Video Module for Canto Cumulus\",\"isPartOf\":{\"@id\":\"https:\\\/\\\/www.modula4.com\\\/#website\"},\"primaryImageOfPage\":{\"@id\":\"https:\\\/\\\/www.modula4.com\\\/de\\\/produkte\\\/modula4-produkte\\\/video-module\\\/#primaryimage\"},\"image\":{\"@id\":\"https:\\\/\\\/www.modula4.com\\\/de\\\/produkte\\\/modula4-produkte\\\/video-module\\\/#primaryimage\"},\"thumbnailUrl\":\"http:\\\/\\\/www.modula4.com\\\/wp-content\\\/uploads\\\/VideoModule1.png\",\"datePublished\":\"2011-02-24T17:42:27+00:00\",\"dateModified\":\"2021-08-31T10:45:27+00:00\",\"description\":\"Modula4's Video Module for Canto Cumulus makes it easy to load, preview and add comments to video.\",\"breadcrumb\":{\"@id\":\"https:\\\/\\\/www.modula4.com\\\/de\\\/produkte\\\/modula4-produkte\\\/video-module\\\/#breadcrumb\"},\"inLanguage\":\"de\",\"potentialAction\":[{\"@type\":\"ReadAction\",\"target\":[\"https:\\\/\\\/www.modula4.com\\\/de\\\/produkte\\\/modula4-produkte\\\/video-module\\\/\"]}]},{\"@type\":\"ImageObject\",\"inLanguage\":\"de\",\"@id\":\"https:\\\/\\\/www.modula4.com\\\/de\\\/produkte\\\/modula4-produkte\\\/video-module\\\/#primaryimage\",\"url\":\"http:\\\/\\\/www.modula4.com\\\/wp-content\\\/uploads\\\/VideoModule1.png\",\"contentUrl\":\"http:\\\/\\\/www.modula4.com\\\/wp-content\\\/uploads\\\/VideoModule1.png\"},{\"@type\":\"BreadcrumbList\",\"@id\":\"https:\\\/\\\/www.modula4.com\\\/de\\\/produkte\\\/modula4-produkte\\\/video-module\\\/#breadcrumb\",\"itemListElement\":[{\"@type\":\"ListItem\",\"position\":1,\"name\":\"Home\",\"item\":\"https:\\\/\\\/www.modula4.com\\\/de\\\/\"},{\"@type\":\"ListItem\",\"position\":2,\"name\":\"Produkte\",\"item\":\"https:\\\/\\\/www.modula4.com\\\/de\\\/produkte\\\/\"},{\"@type\":\"ListItem\",\"position\":3,\"name\":\"Andere Modula4 Produkte\",\"item\":\"https:\\\/\\\/www.modula4.com\\\/de\\\/produkte\\\/modula4-produkte\\\/\"},{\"@type\":\"ListItem\",\"position\":4,\"name\":\"Video Modul\"}]},{\"@type\":\"WebSite\",\"@id\":\"https:\\\/\\\/www.modula4.com\\\/#website\",\"url\":\"https:\\\/\\\/www.modula4.com\\\/\",\"name\":\"Modula4\",\"description\":\"Dedicated Experts. Complete Solutions. Real Results.\",\"publisher\":{\"@id\":\"https:\\\/\\\/www.modula4.com\\\/#organization\"},\"potentialAction\":[{\"@type\":\"SearchAction\",\"target\":{\"@type\":\"EntryPoint\",\"urlTemplate\":\"https:\\\/\\\/www.modula4.com\\\/?s={search_term_string}\"},\"query-input\":{\"@type\":\"PropertyValueSpecification\",\"valueRequired\":true,\"valueName\":\"search_term_string\"}}],\"inLanguage\":\"de\"},{\"@type\":\"Organization\",\"@id\":\"https:\\\/\\\/www.modula4.com\\\/#organization\",\"name\":\"Modula4\",\"url\":\"https:\\\/\\\/www.modula4.com\\\/\",\"logo\":{\"@type\":\"ImageObject\",\"inLanguage\":\"de\",\"@id\":\"https:\\\/\\\/www.modula4.com\\\/#\\\/schema\\\/logo\\\/image\\\/\",\"url\":\"https:\\\/\\\/www.modula4.com\\\/wp-content\\\/uploads\\\/M4-Logo-rgb.png\",\"contentUrl\":\"https:\\\/\\\/www.modula4.com\\\/wp-content\\\/uploads\\\/M4-Logo-rgb.png\",\"width\":190,\"height\":42,\"caption\":\"Modula4\"},\"image\":{\"@id\":\"https:\\\/\\\/www.modula4.com\\\/#\\\/schema\\\/logo\\\/image\\\/\"},\"sameAs\":[\"https:\\\/\\\/www.linkedin.com\\\/company\\\/modula4\\\/\"]}]}<\/script>\n<!-- \/ Yoast SEO Premium plugin. -->","yoast_head_json":{"title":"Video Module for Canto Cumulus","description":"Modula4's Video Module for Canto Cumulus makes it easy to load, preview and add comments to video.","robots":{"index":"index","follow":"follow","max-snippet":"max-snippet:-1","max-image-preview":"max-image-preview:large","max-video-preview":"max-video-preview:-1"},"canonical":"https:\/\/www.modula4.com\/de\/produkte\/modula4-produkte\/video-module\/","og_locale":"de_DE","og_type":"article","og_title":"Video Modul","og_description":"Modula4's Video Module for Canto Cumulus makes it easy to load, preview and add comments to video.","og_url":"https:\/\/www.modula4.com\/de\/produkte\/modula4-produkte\/video-module\/","og_site_name":"Modula4","article_publisher":"https:\/\/www.linkedin.com\/company\/modula4\/","article_modified_time":"2021-08-31T10:45:27+00:00","og_image":[{"url":"http:\/\/www.modula4.com\/wp-content\/uploads\/VideoModule1.png","type":"","width":"","height":""}],"twitter_misc":{"Gesch\u00e4tzte Lesezeit":"2\u00a0Minuten"},"schema":{"@context":"https:\/\/schema.org","@graph":[{"@type":"WebPage","@id":"https:\/\/www.modula4.com\/de\/produkte\/modula4-produkte\/video-module\/","url":"https:\/\/www.modula4.com\/de\/produkte\/modula4-produkte\/video-module\/","name":"Video Module for Canto Cumulus","isPartOf":{"@id":"https:\/\/www.modula4.com\/#website"},"primaryImageOfPage":{"@id":"https:\/\/www.modula4.com\/de\/produkte\/modula4-produkte\/video-module\/#primaryimage"},"image":{"@id":"https:\/\/www.modula4.com\/de\/produkte\/modula4-produkte\/video-module\/#primaryimage"},"thumbnailUrl":"http:\/\/www.modula4.com\/wp-content\/uploads\/VideoModule1.png","datePublished":"2011-02-24T17:42:27+00:00","dateModified":"2021-08-31T10:45:27+00:00","description":"Modula4's Video Module for Canto Cumulus makes it easy to load, preview and add comments to video.","breadcrumb":{"@id":"https:\/\/www.modula4.com\/de\/produkte\/modula4-produkte\/video-module\/#breadcrumb"},"inLanguage":"de","potentialAction":[{"@type":"ReadAction","target":["https:\/\/www.modula4.com\/de\/produkte\/modula4-produkte\/video-module\/"]}]},{"@type":"ImageObject","inLanguage":"de","@id":"https:\/\/www.modula4.com\/de\/produkte\/modula4-produkte\/video-module\/#primaryimage","url":"http:\/\/www.modula4.com\/wp-content\/uploads\/VideoModule1.png","contentUrl":"http:\/\/www.modula4.com\/wp-content\/uploads\/VideoModule1.png"},{"@type":"BreadcrumbList","@id":"https:\/\/www.modula4.com\/de\/produkte\/modula4-produkte\/video-module\/#breadcrumb","itemListElement":[{"@type":"ListItem","position":1,"name":"Home","item":"https:\/\/www.modula4.com\/de\/"},{"@type":"ListItem","position":2,"name":"Produkte","item":"https:\/\/www.modula4.com\/de\/produkte\/"},{"@type":"ListItem","position":3,"name":"Andere Modula4 Produkte","item":"https:\/\/www.modula4.com\/de\/produkte\/modula4-produkte\/"},{"@type":"ListItem","position":4,"name":"Video Modul"}]},{"@type":"WebSite","@id":"https:\/\/www.modula4.com\/#website","url":"https:\/\/www.modula4.com\/","name":"Modula4","description":"Dedicated Experts. Complete Solutions. Real Results.","publisher":{"@id":"https:\/\/www.modula4.com\/#organization"},"potentialAction":[{"@type":"SearchAction","target":{"@type":"EntryPoint","urlTemplate":"https:\/\/www.modula4.com\/?s={search_term_string}"},"query-input":{"@type":"PropertyValueSpecification","valueRequired":true,"valueName":"search_term_string"}}],"inLanguage":"de"},{"@type":"Organization","@id":"https:\/\/www.modula4.com\/#organization","name":"Modula4","url":"https:\/\/www.modula4.com\/","logo":{"@type":"ImageObject","inLanguage":"de","@id":"https:\/\/www.modula4.com\/#\/schema\/logo\/image\/","url":"https:\/\/www.modula4.com\/wp-content\/uploads\/M4-Logo-rgb.png","contentUrl":"https:\/\/www.modula4.com\/wp-content\/uploads\/M4-Logo-rgb.png","width":190,"height":42,"caption":"Modula4"},"image":{"@id":"https:\/\/www.modula4.com\/#\/schema\/logo\/image\/"},"sameAs":["https:\/\/www.linkedin.com\/company\/modula4\/"]}]}},"_links":{"self":[{"href":"https:\/\/www.modula4.com\/de\/wp-json\/wp\/v2\/pages\/6017","targetHints":{"allow":["GET"]}}],"collection":[{"href":"https:\/\/www.modula4.com\/de\/wp-json\/wp\/v2\/pages"}],"about":[{"href":"https:\/\/www.modula4.com\/de\/wp-json\/wp\/v2\/types\/page"}],"author":[{"embeddable":true,"href":"https:\/\/www.modula4.com\/de\/wp-json\/wp\/v2\/users\/2"}],"replies":[{"embeddable":true,"href":"https:\/\/www.modula4.com\/de\/wp-json\/wp\/v2\/comments?post=6017"}],"version-history":[{"count":14,"href":"https:\/\/www.modula4.com\/de\/wp-json\/wp\/v2\/pages\/6017\/revisions"}],"predecessor-version":[{"id":11128,"href":"https:\/\/www.modula4.com\/de\/wp-json\/wp\/v2\/pages\/6017\/revisions\/11128"}],"up":[{"embeddable":true,"href":"https:\/\/www.modula4.com\/de\/wp-json\/wp\/v2\/pages\/9533"}],"wp:attachment":[{"href":"https:\/\/www.modula4.com\/de\/wp-json\/wp\/v2\/media?parent=6017"}],"curies":[{"name":"wp","href":"https:\/\/api.w.org\/{rel}","templated":true}]}}