{"id":6015,"date":"2011-02-24T09:42:01","date_gmt":"2011-02-24T17:42:01","guid":{"rendered":"http:\/\/www.modula4.com\/web-modul\/"},"modified":"2021-08-31T03:42:49","modified_gmt":"2021-08-31T10:42:49","slug":"web-module","status":"publish","type":"page","link":"https:\/\/www.modula4.com\/de\/produkte\/modula4-produkte\/web-module\/","title":{"rendered":"Web Modul"},"content":{"rendered":"<h2>Intuitives und vielseitiges DAM-Interface f\u00fcr alle Nutzer<\/h2>\n<p>Das Modula4 Web Modul ist schlichtweg das flexibelste Interface f\u00fcr DAM-Systeme. Es ist das einzige Interface, das Sie ebensogut als intuitives Selbstbedienungsportal als auch als vollst\u00e4ndigen Read\/Write-Client nutzen k\u00f6nnen.<\/p>\n<p><a href=\"http:\/\/www.modula4.com\/wp-content\/uploads\/Web-Module-3.8-e1481125444377.png\"><img loading=\"lazy\" decoding=\"async\" class=\"aligncenter wp-image-8990\" src=\"http:\/\/www.modula4.com\/wp-content\/uploads\/Web-Module-3.8-e1481125444377.png\" alt=\"web-module-3-8\" width=\"2000\" height=\"1148\" \/><\/a><\/p>\n<p>Features &amp; Vorteile:<\/p>\n<ul>\n<li>Jeder kann das selbe Interface benutzen, vom SelfService-Portalbenutzer bis hin zum Poweruser<\/li>\n<li>Klares und intuitives Design, kein Training erforderlich<\/li>\n<li>Blitzschnelles Suchen, Browsen, Sammeln, Herunterladen, Teilen<\/li>\n<li>Hochladen per Drag &amp; Drop<\/li>\n<li>Bearbeiten und L\u00f6schen einzeln oder im Stapelverfahren<\/li>\n<li>Volle Unterst\u00fctzung von Check-in\/Check-out mit Versions-Management<\/li>\n<li>Erweitertes Management von Kollektionen und ihre Verteilung<\/li>\n<li>Verschicken von Upload-Links an externe Benutzer mit speziellen Rechten f\u00fcr Ansicht und Bearbeitung<\/li>\n<li>Verwalten und Bearbeiten des Kategorienbaums<\/li>\n<li>Leichte Anpassbarkeit<\/li>\n<\/ul>\n<p>Das Web Modul kann durch zus\u00e4tzliche Features erweitert werden, so dass Funktionen wie <a title=\"Video Modul\" href=\"http:\/\/www.modula4.com\/de\/produkte\/modula4-produkte\/video-module\/\">Video Streaming<\/a>, <a title=\"ImageSearch\" href=\"http:\/\/www.modula4.com\/de\/produkte\/modula4-produkte\/imagesearch\/\">visuelle Suche<\/a>, <a title=\"ZoomA\" href=\"http:\/\/www.modula4.com\/de\/produkte\/modula4-produkte\/modula4-produkte\/\">Zoomen in starker Vergr\u00f6\u00dferung<\/a> und mehr m\u00f6glich gemacht werden k\u00f6nnen. Nutzen Sie es direkt oder lassen Sie unser Team das Erscheinungsbild Ihrem Branding anpassen oder individuelle Funktionen und Integrationen nach Ihren Bed\u00fcrfnissen hinzuf\u00fcgen.<\/p>\n<p>Zur Unterst\u00fctzung der Mehrsprachigkeit sind Sprachpakete f\u00fcr Englisch, Spanisch, Deutsch und Franz\u00f6sisch im Web Modul enthalten. Weitere Sprachen k\u00f6nnen auf Wunsch ebenfalls hinzugef\u00fcgt werden.<\/p>\n<p><a href=\"http:\/\/www.modula4.com\/de\/kontakt\/\" target=\"_self\" rel=\"noopener noreferrer\">Fragen Sie uns <\/a>, wenn Sie mehr \u00fcber das Web Modul erfahren wollen.<\/p>\n","protected":false},"excerpt":{"rendered":"<p>Intuitives und vielseitiges DAM-Interface f\u00fcr alle Nutzer Das Modula4 Web Modul ist schlichtweg das flexibelste Interface f\u00fcr DAM-Systeme. Es ist das einzige Interface, das Sie ebensogut als intuitives Selbstbedienungsportal als auch als vollst\u00e4ndigen Read\/Write-Client nutzen k\u00f6nnen. Features &amp; Vorteile: Jeder kann das selbe Interface benutzen, vom SelfService-Portalbenutzer bis hin zum Poweruser Klares und intuitives Design, <a class=\"read-more\" href=\"https:\/\/www.modula4.com\/de\/produkte\/modula4-produkte\/web-module\/\">&#8230; &nbsp;Weiterlesen &gt;<\/a><\/p>\n","protected":false},"author":2,"featured_media":0,"parent":5985,"menu_order":10,"comment_status":"closed","ping_status":"closed","template":"","meta":{"_monsterinsights_skip_tracking":false,"_monsterinsights_sitenote_active":false,"_monsterinsights_sitenote_note":"","_monsterinsights_sitenote_category":0,"footnotes":""},"class_list":["post-6015","page","type-page","status-publish","hentry"],"yoast_head":"<!-- This site is optimized with the Yoast SEO Premium plugin v26.4 (Yoast SEO v27.4) - https:\/\/yoast.com\/product\/yoast-seo-premium-wordpress\/ -->\n<title>Modula4 Web Module for Canto Cumulus<\/title>\n<meta name=\"description\" content=\"Modula4&#039;s Web Module is the most flexible and powerful web interface for Canto Cumulus. It can also be used with Modula4&#039;s Video Module or e-Commerce Add-On.\" \/>\n<meta name=\"robots\" content=\"index, follow, max-snippet:-1, max-image-preview:large, max-video-preview:-1\" \/>\n<link rel=\"canonical\" href=\"https:\/\/www.modula4.com\/de\/produkte\/modula4-produkte\/web-module\/\" \/>\n<meta property=\"og:locale\" content=\"de_DE\" \/>\n<meta property=\"og:type\" content=\"article\" \/>\n<meta property=\"og:title\" content=\"Web Modul\" \/>\n<meta property=\"og:description\" content=\"Modula4&#039;s Web Module is the most flexible and powerful web interface for Canto Cumulus. It can also be used with Modula4&#039;s Video Module or e-Commerce Add-On.\" \/>\n<meta property=\"og:url\" content=\"https:\/\/www.modula4.com\/de\/produkte\/modula4-produkte\/web-module\/\" \/>\n<meta property=\"og:site_name\" content=\"Modula4\" \/>\n<meta property=\"article:publisher\" content=\"https:\/\/www.linkedin.com\/company\/modula4\/\" \/>\n<meta property=\"article:modified_time\" content=\"2021-08-31T10:42:49+00:00\" \/>\n<meta property=\"og:image\" content=\"http:\/\/www.modula4.com\/wp-content\/uploads\/Web-Module-3.8-e1481125444377.png\" \/>\n<meta name=\"twitter:label1\" content=\"Gesch\u00e4tzte Lesezeit\" \/>\n\t<meta name=\"twitter:data1\" content=\"2\u00a0Minuten\" \/>\n<script type=\"application\/ld+json\" class=\"yoast-schema-graph\">{\"@context\":\"https:\\\/\\\/schema.org\",\"@graph\":[{\"@type\":\"WebPage\",\"@id\":\"https:\\\/\\\/www.modula4.com\\\/de\\\/produkte\\\/modula4-produkte\\\/web-module\\\/\",\"url\":\"https:\\\/\\\/www.modula4.com\\\/de\\\/produkte\\\/modula4-produkte\\\/web-module\\\/\",\"name\":\"Modula4 Web Module for Canto Cumulus\",\"isPartOf\":{\"@id\":\"https:\\\/\\\/www.modula4.com\\\/#website\"},\"primaryImageOfPage\":{\"@id\":\"https:\\\/\\\/www.modula4.com\\\/de\\\/produkte\\\/modula4-produkte\\\/web-module\\\/#primaryimage\"},\"image\":{\"@id\":\"https:\\\/\\\/www.modula4.com\\\/de\\\/produkte\\\/modula4-produkte\\\/web-module\\\/#primaryimage\"},\"thumbnailUrl\":\"http:\\\/\\\/www.modula4.com\\\/wp-content\\\/uploads\\\/Web-Module-3.8-e1481125444377.png\",\"datePublished\":\"2011-02-24T17:42:01+00:00\",\"dateModified\":\"2021-08-31T10:42:49+00:00\",\"description\":\"Modula4's Web Module is the most flexible and powerful web interface for Canto Cumulus. It can also be used with Modula4's Video Module or e-Commerce Add-On.\",\"breadcrumb\":{\"@id\":\"https:\\\/\\\/www.modula4.com\\\/de\\\/produkte\\\/modula4-produkte\\\/web-module\\\/#breadcrumb\"},\"inLanguage\":\"de\",\"potentialAction\":[{\"@type\":\"ReadAction\",\"target\":[\"https:\\\/\\\/www.modula4.com\\\/de\\\/produkte\\\/modula4-produkte\\\/web-module\\\/\"]}]},{\"@type\":\"ImageObject\",\"inLanguage\":\"de\",\"@id\":\"https:\\\/\\\/www.modula4.com\\\/de\\\/produkte\\\/modula4-produkte\\\/web-module\\\/#primaryimage\",\"url\":\"http:\\\/\\\/www.modula4.com\\\/wp-content\\\/uploads\\\/Web-Module-3.8-e1481125444377.png\",\"contentUrl\":\"http:\\\/\\\/www.modula4.com\\\/wp-content\\\/uploads\\\/Web-Module-3.8-e1481125444377.png\"},{\"@type\":\"BreadcrumbList\",\"@id\":\"https:\\\/\\\/www.modula4.com\\\/de\\\/produkte\\\/modula4-produkte\\\/web-module\\\/#breadcrumb\",\"itemListElement\":[{\"@type\":\"ListItem\",\"position\":1,\"name\":\"Home\",\"item\":\"https:\\\/\\\/www.modula4.com\\\/de\\\/\"},{\"@type\":\"ListItem\",\"position\":2,\"name\":\"Produkte\",\"item\":\"https:\\\/\\\/www.modula4.com\\\/de\\\/produkte\\\/\"},{\"@type\":\"ListItem\",\"position\":3,\"name\":\"Andere Modula4 Produkte\",\"item\":\"https:\\\/\\\/www.modula4.com\\\/de\\\/produkte\\\/modula4-produkte\\\/\"},{\"@type\":\"ListItem\",\"position\":4,\"name\":\"Web Modul\"}]},{\"@type\":\"WebSite\",\"@id\":\"https:\\\/\\\/www.modula4.com\\\/#website\",\"url\":\"https:\\\/\\\/www.modula4.com\\\/\",\"name\":\"Modula4\",\"description\":\"Dedicated Experts. Complete Solutions. Real Results.\",\"publisher\":{\"@id\":\"https:\\\/\\\/www.modula4.com\\\/#organization\"},\"potentialAction\":[{\"@type\":\"SearchAction\",\"target\":{\"@type\":\"EntryPoint\",\"urlTemplate\":\"https:\\\/\\\/www.modula4.com\\\/?s={search_term_string}\"},\"query-input\":{\"@type\":\"PropertyValueSpecification\",\"valueRequired\":true,\"valueName\":\"search_term_string\"}}],\"inLanguage\":\"de\"},{\"@type\":\"Organization\",\"@id\":\"https:\\\/\\\/www.modula4.com\\\/#organization\",\"name\":\"Modula4\",\"url\":\"https:\\\/\\\/www.modula4.com\\\/\",\"logo\":{\"@type\":\"ImageObject\",\"inLanguage\":\"de\",\"@id\":\"https:\\\/\\\/www.modula4.com\\\/#\\\/schema\\\/logo\\\/image\\\/\",\"url\":\"https:\\\/\\\/www.modula4.com\\\/wp-content\\\/uploads\\\/M4-Logo-rgb.png\",\"contentUrl\":\"https:\\\/\\\/www.modula4.com\\\/wp-content\\\/uploads\\\/M4-Logo-rgb.png\",\"width\":190,\"height\":42,\"caption\":\"Modula4\"},\"image\":{\"@id\":\"https:\\\/\\\/www.modula4.com\\\/#\\\/schema\\\/logo\\\/image\\\/\"},\"sameAs\":[\"https:\\\/\\\/www.linkedin.com\\\/company\\\/modula4\\\/\"]}]}<\/script>\n<!-- \/ Yoast SEO Premium plugin. -->","yoast_head_json":{"title":"Modula4 Web Module for Canto Cumulus","description":"Modula4's Web Module is the most flexible and powerful web interface for Canto Cumulus. It can also be used with Modula4's Video Module or e-Commerce Add-On.","robots":{"index":"index","follow":"follow","max-snippet":"max-snippet:-1","max-image-preview":"max-image-preview:large","max-video-preview":"max-video-preview:-1"},"canonical":"https:\/\/www.modula4.com\/de\/produkte\/modula4-produkte\/web-module\/","og_locale":"de_DE","og_type":"article","og_title":"Web Modul","og_description":"Modula4's Web Module is the most flexible and powerful web interface for Canto Cumulus. It can also be used with Modula4's Video Module or e-Commerce Add-On.","og_url":"https:\/\/www.modula4.com\/de\/produkte\/modula4-produkte\/web-module\/","og_site_name":"Modula4","article_publisher":"https:\/\/www.linkedin.com\/company\/modula4\/","article_modified_time":"2021-08-31T10:42:49+00:00","og_image":[{"url":"http:\/\/www.modula4.com\/wp-content\/uploads\/Web-Module-3.8-e1481125444377.png","type":"","width":"","height":""}],"twitter_misc":{"Gesch\u00e4tzte Lesezeit":"2\u00a0Minuten"},"schema":{"@context":"https:\/\/schema.org","@graph":[{"@type":"WebPage","@id":"https:\/\/www.modula4.com\/de\/produkte\/modula4-produkte\/web-module\/","url":"https:\/\/www.modula4.com\/de\/produkte\/modula4-produkte\/web-module\/","name":"Modula4 Web Module for Canto Cumulus","isPartOf":{"@id":"https:\/\/www.modula4.com\/#website"},"primaryImageOfPage":{"@id":"https:\/\/www.modula4.com\/de\/produkte\/modula4-produkte\/web-module\/#primaryimage"},"image":{"@id":"https:\/\/www.modula4.com\/de\/produkte\/modula4-produkte\/web-module\/#primaryimage"},"thumbnailUrl":"http:\/\/www.modula4.com\/wp-content\/uploads\/Web-Module-3.8-e1481125444377.png","datePublished":"2011-02-24T17:42:01+00:00","dateModified":"2021-08-31T10:42:49+00:00","description":"Modula4's Web Module is the most flexible and powerful web interface for Canto Cumulus. It can also be used with Modula4's Video Module or e-Commerce Add-On.","breadcrumb":{"@id":"https:\/\/www.modula4.com\/de\/produkte\/modula4-produkte\/web-module\/#breadcrumb"},"inLanguage":"de","potentialAction":[{"@type":"ReadAction","target":["https:\/\/www.modula4.com\/de\/produkte\/modula4-produkte\/web-module\/"]}]},{"@type":"ImageObject","inLanguage":"de","@id":"https:\/\/www.modula4.com\/de\/produkte\/modula4-produkte\/web-module\/#primaryimage","url":"http:\/\/www.modula4.com\/wp-content\/uploads\/Web-Module-3.8-e1481125444377.png","contentUrl":"http:\/\/www.modula4.com\/wp-content\/uploads\/Web-Module-3.8-e1481125444377.png"},{"@type":"BreadcrumbList","@id":"https:\/\/www.modula4.com\/de\/produkte\/modula4-produkte\/web-module\/#breadcrumb","itemListElement":[{"@type":"ListItem","position":1,"name":"Home","item":"https:\/\/www.modula4.com\/de\/"},{"@type":"ListItem","position":2,"name":"Produkte","item":"https:\/\/www.modula4.com\/de\/produkte\/"},{"@type":"ListItem","position":3,"name":"Andere Modula4 Produkte","item":"https:\/\/www.modula4.com\/de\/produkte\/modula4-produkte\/"},{"@type":"ListItem","position":4,"name":"Web Modul"}]},{"@type":"WebSite","@id":"https:\/\/www.modula4.com\/#website","url":"https:\/\/www.modula4.com\/","name":"Modula4","description":"Dedicated Experts. Complete Solutions. Real Results.","publisher":{"@id":"https:\/\/www.modula4.com\/#organization"},"potentialAction":[{"@type":"SearchAction","target":{"@type":"EntryPoint","urlTemplate":"https:\/\/www.modula4.com\/?s={search_term_string}"},"query-input":{"@type":"PropertyValueSpecification","valueRequired":true,"valueName":"search_term_string"}}],"inLanguage":"de"},{"@type":"Organization","@id":"https:\/\/www.modula4.com\/#organization","name":"Modula4","url":"https:\/\/www.modula4.com\/","logo":{"@type":"ImageObject","inLanguage":"de","@id":"https:\/\/www.modula4.com\/#\/schema\/logo\/image\/","url":"https:\/\/www.modula4.com\/wp-content\/uploads\/M4-Logo-rgb.png","contentUrl":"https:\/\/www.modula4.com\/wp-content\/uploads\/M4-Logo-rgb.png","width":190,"height":42,"caption":"Modula4"},"image":{"@id":"https:\/\/www.modula4.com\/#\/schema\/logo\/image\/"},"sameAs":["https:\/\/www.linkedin.com\/company\/modula4\/"]}]}},"_links":{"self":[{"href":"https:\/\/www.modula4.com\/de\/wp-json\/wp\/v2\/pages\/6015","targetHints":{"allow":["GET"]}}],"collection":[{"href":"https:\/\/www.modula4.com\/de\/wp-json\/wp\/v2\/pages"}],"about":[{"href":"https:\/\/www.modula4.com\/de\/wp-json\/wp\/v2\/types\/page"}],"author":[{"embeddable":true,"href":"https:\/\/www.modula4.com\/de\/wp-json\/wp\/v2\/users\/2"}],"replies":[{"embeddable":true,"href":"https:\/\/www.modula4.com\/de\/wp-json\/wp\/v2\/comments?post=6015"}],"version-history":[{"count":26,"href":"https:\/\/www.modula4.com\/de\/wp-json\/wp\/v2\/pages\/6015\/revisions"}],"predecessor-version":[{"id":11126,"href":"https:\/\/www.modula4.com\/de\/wp-json\/wp\/v2\/pages\/6015\/revisions\/11126"}],"up":[{"embeddable":true,"href":"https:\/\/www.modula4.com\/de\/wp-json\/wp\/v2\/pages\/5985"}],"wp:attachment":[{"href":"https:\/\/www.modula4.com\/de\/wp-json\/wp\/v2\/media?parent=6015"}],"curies":[{"name":"wp","href":"https:\/\/api.w.org\/{rel}","templated":true}]}}