{"id":6013,"date":"2011-02-16T18:47:20","date_gmt":"2011-02-16T23:47:20","guid":{"rendered":"http:\/\/www.modula4.com\/support\/"},"modified":"2017-02-14T05:09:46","modified_gmt":"2017-02-14T13:09:46","slug":"support","status":"publish","type":"page","link":"https:\/\/www.modula4.com\/de\/dienstleistungen\/support\/","title":{"rendered":"Technischer Support"},"content":{"rendered":"<h2>Wir sorgen daf\u00fcr, dass alles gut l\u00e4uft<\/h2>\n<p>Wenn mal was hakt, sind wir da. Schnell, sorgf\u00e4ltig und verantwortungsvoll. Unser Support ist ber\u00fchmt. Die Zufriedenheit unserer Kunden zeigt sich auch daran, dass \u00fcber 90 % ihren Vertrag verl\u00e4ngern. Denn wir geben uns nicht mit oberfl\u00e4chlichem Troubleshooting zufrieden. Wir blicken stets auf das Ganze und achten darauf, dass wir jedes Problem an der Wurzel packen. Wir sind erst zufrieden, wenn Sie es sind.<\/p>\n<p>Wir leisten f\u00fcr alle unsere Produkte und individuellen Anpassungen Support. Im Rahmen eines Support-Vertrages bieten wir Ihnen dar\u00fcber hinaus regelm\u00e4\u00dfige Updates und Upgrades an, f\u00fcr die keine weiteren Kosten entstehen. So k\u00f6nnen Sie leicht kalkulieren und die Betriebskosten budgetieren.<\/p>\n<p>Das bedeutet Support f\u00fcr uns:<\/p>\n<p><strong>Prompte Reaktion\u00a0\u2013 <\/strong>Wir antworten schnell auf Ihre Fragen und Meldungen.<\/p>\n<p><strong>Technisch versierte und hilfsbereite Ansprechpartner \u2013 <\/strong>Unsere gut ausgebildeten Mitarbeiter geben Ihnen die Unterst\u00fctzung, die Antworten und Hilfen, die Sie ben\u00f6tigen.<\/p>\n<p><strong>Ein tief verankertes Service-Bewusstsein \u2013 <\/strong>Wir sind daf\u00fcr da, f\u00fcr Sie da zu sein.<\/p>\n","protected":false},"excerpt":{"rendered":"<p>Wir sorgen daf\u00fcr, dass alles gut l\u00e4uft Wenn mal was hakt, sind wir da. Schnell, sorgf\u00e4ltig und verantwortungsvoll. Unser Support ist ber\u00fchmt. Die Zufriedenheit unserer Kunden zeigt sich auch daran, dass \u00fcber 90 % ihren Vertrag verl\u00e4ngern. Denn wir geben uns nicht mit oberfl\u00e4chlichem Troubleshooting zufrieden. Wir blicken stets auf das Ganze und achten darauf, <a class=\"read-more\" href=\"https:\/\/www.modula4.com\/de\/dienstleistungen\/support\/\">&#8230; &nbsp;Weiterlesen &gt;<\/a><\/p>\n","protected":false},"author":2,"featured_media":0,"parent":5969,"menu_order":20,"comment_status":"closed","ping_status":"closed","template":"","meta":{"_monsterinsights_skip_tracking":false,"_monsterinsights_sitenote_active":false,"_monsterinsights_sitenote_note":"","_monsterinsights_sitenote_category":0,"footnotes":""},"class_list":["post-6013","page","type-page","status-publish","hentry"],"yoast_head":"<!-- This site is optimized with the Yoast SEO Premium plugin v26.4 (Yoast SEO v27.4) - https:\/\/yoast.com\/product\/yoast-seo-premium-wordpress\/ -->\n<title>Support<\/title>\n<meta name=\"description\" content=\"Support from Modula4 for Canto Cumulus and WoodWing publishing tools.\" \/>\n<meta name=\"robots\" content=\"index, follow, max-snippet:-1, max-image-preview:large, max-video-preview:-1\" \/>\n<link rel=\"canonical\" href=\"https:\/\/www.modula4.com\/de\/dienstleistungen\/support\/\" \/>\n<meta property=\"og:locale\" content=\"de_DE\" \/>\n<meta property=\"og:type\" content=\"article\" \/>\n<meta property=\"og:title\" content=\"Technischer Support\" \/>\n<meta property=\"og:description\" content=\"Support from Modula4 for Canto Cumulus and WoodWing publishing tools.\" \/>\n<meta property=\"og:url\" content=\"https:\/\/www.modula4.com\/de\/dienstleistungen\/support\/\" \/>\n<meta property=\"og:site_name\" content=\"Modula4\" \/>\n<meta property=\"article:publisher\" content=\"https:\/\/www.linkedin.com\/company\/modula4\/\" \/>\n<meta property=\"article:modified_time\" content=\"2017-02-14T13:09:46+00:00\" \/>\n<meta name=\"twitter:label1\" content=\"Gesch\u00e4tzte Lesezeit\" \/>\n\t<meta name=\"twitter:data1\" content=\"1\u00a0Minute\" \/>\n<script type=\"application\/ld+json\" class=\"yoast-schema-graph\">{\"@context\":\"https:\\\/\\\/schema.org\",\"@graph\":[{\"@type\":\"WebPage\",\"@id\":\"https:\\\/\\\/www.modula4.com\\\/de\\\/dienstleistungen\\\/support\\\/\",\"url\":\"https:\\\/\\\/www.modula4.com\\\/de\\\/dienstleistungen\\\/support\\\/\",\"name\":\"Support\",\"isPartOf\":{\"@id\":\"https:\\\/\\\/www.modula4.com\\\/#website\"},\"datePublished\":\"2011-02-16T23:47:20+00:00\",\"dateModified\":\"2017-02-14T13:09:46+00:00\",\"description\":\"Support from Modula4 for Canto Cumulus and WoodWing publishing tools.\",\"breadcrumb\":{\"@id\":\"https:\\\/\\\/www.modula4.com\\\/de\\\/dienstleistungen\\\/support\\\/#breadcrumb\"},\"inLanguage\":\"de\",\"potentialAction\":[{\"@type\":\"ReadAction\",\"target\":[\"https:\\\/\\\/www.modula4.com\\\/de\\\/dienstleistungen\\\/support\\\/\"]}]},{\"@type\":\"BreadcrumbList\",\"@id\":\"https:\\\/\\\/www.modula4.com\\\/de\\\/dienstleistungen\\\/support\\\/#breadcrumb\",\"itemListElement\":[{\"@type\":\"ListItem\",\"position\":1,\"name\":\"Home\",\"item\":\"https:\\\/\\\/www.modula4.com\\\/de\\\/\"},{\"@type\":\"ListItem\",\"position\":2,\"name\":\"Dienstleistungen\",\"item\":\"https:\\\/\\\/www.modula4.com\\\/de\\\/dienstleistungen\\\/\"},{\"@type\":\"ListItem\",\"position\":3,\"name\":\"Technischer Support\"}]},{\"@type\":\"WebSite\",\"@id\":\"https:\\\/\\\/www.modula4.com\\\/#website\",\"url\":\"https:\\\/\\\/www.modula4.com\\\/\",\"name\":\"Modula4\",\"description\":\"Dedicated Experts. Complete Solutions. Real Results.\",\"publisher\":{\"@id\":\"https:\\\/\\\/www.modula4.com\\\/#organization\"},\"potentialAction\":[{\"@type\":\"SearchAction\",\"target\":{\"@type\":\"EntryPoint\",\"urlTemplate\":\"https:\\\/\\\/www.modula4.com\\\/?s={search_term_string}\"},\"query-input\":{\"@type\":\"PropertyValueSpecification\",\"valueRequired\":true,\"valueName\":\"search_term_string\"}}],\"inLanguage\":\"de\"},{\"@type\":\"Organization\",\"@id\":\"https:\\\/\\\/www.modula4.com\\\/#organization\",\"name\":\"Modula4\",\"url\":\"https:\\\/\\\/www.modula4.com\\\/\",\"logo\":{\"@type\":\"ImageObject\",\"inLanguage\":\"de\",\"@id\":\"https:\\\/\\\/www.modula4.com\\\/#\\\/schema\\\/logo\\\/image\\\/\",\"url\":\"https:\\\/\\\/www.modula4.com\\\/wp-content\\\/uploads\\\/M4-Logo-rgb.png\",\"contentUrl\":\"https:\\\/\\\/www.modula4.com\\\/wp-content\\\/uploads\\\/M4-Logo-rgb.png\",\"width\":190,\"height\":42,\"caption\":\"Modula4\"},\"image\":{\"@id\":\"https:\\\/\\\/www.modula4.com\\\/#\\\/schema\\\/logo\\\/image\\\/\"},\"sameAs\":[\"https:\\\/\\\/www.linkedin.com\\\/company\\\/modula4\\\/\"]}]}<\/script>\n<!-- \/ Yoast SEO Premium plugin. -->","yoast_head_json":{"title":"Support","description":"Support from Modula4 for Canto Cumulus and WoodWing publishing tools.","robots":{"index":"index","follow":"follow","max-snippet":"max-snippet:-1","max-image-preview":"max-image-preview:large","max-video-preview":"max-video-preview:-1"},"canonical":"https:\/\/www.modula4.com\/de\/dienstleistungen\/support\/","og_locale":"de_DE","og_type":"article","og_title":"Technischer Support","og_description":"Support from Modula4 for Canto Cumulus and WoodWing publishing tools.","og_url":"https:\/\/www.modula4.com\/de\/dienstleistungen\/support\/","og_site_name":"Modula4","article_publisher":"https:\/\/www.linkedin.com\/company\/modula4\/","article_modified_time":"2017-02-14T13:09:46+00:00","twitter_misc":{"Gesch\u00e4tzte Lesezeit":"1\u00a0Minute"},"schema":{"@context":"https:\/\/schema.org","@graph":[{"@type":"WebPage","@id":"https:\/\/www.modula4.com\/de\/dienstleistungen\/support\/","url":"https:\/\/www.modula4.com\/de\/dienstleistungen\/support\/","name":"Support","isPartOf":{"@id":"https:\/\/www.modula4.com\/#website"},"datePublished":"2011-02-16T23:47:20+00:00","dateModified":"2017-02-14T13:09:46+00:00","description":"Support from Modula4 for Canto Cumulus and WoodWing publishing tools.","breadcrumb":{"@id":"https:\/\/www.modula4.com\/de\/dienstleistungen\/support\/#breadcrumb"},"inLanguage":"de","potentialAction":[{"@type":"ReadAction","target":["https:\/\/www.modula4.com\/de\/dienstleistungen\/support\/"]}]},{"@type":"BreadcrumbList","@id":"https:\/\/www.modula4.com\/de\/dienstleistungen\/support\/#breadcrumb","itemListElement":[{"@type":"ListItem","position":1,"name":"Home","item":"https:\/\/www.modula4.com\/de\/"},{"@type":"ListItem","position":2,"name":"Dienstleistungen","item":"https:\/\/www.modula4.com\/de\/dienstleistungen\/"},{"@type":"ListItem","position":3,"name":"Technischer Support"}]},{"@type":"WebSite","@id":"https:\/\/www.modula4.com\/#website","url":"https:\/\/www.modula4.com\/","name":"Modula4","description":"Dedicated Experts. Complete Solutions. Real Results.","publisher":{"@id":"https:\/\/www.modula4.com\/#organization"},"potentialAction":[{"@type":"SearchAction","target":{"@type":"EntryPoint","urlTemplate":"https:\/\/www.modula4.com\/?s={search_term_string}"},"query-input":{"@type":"PropertyValueSpecification","valueRequired":true,"valueName":"search_term_string"}}],"inLanguage":"de"},{"@type":"Organization","@id":"https:\/\/www.modula4.com\/#organization","name":"Modula4","url":"https:\/\/www.modula4.com\/","logo":{"@type":"ImageObject","inLanguage":"de","@id":"https:\/\/www.modula4.com\/#\/schema\/logo\/image\/","url":"https:\/\/www.modula4.com\/wp-content\/uploads\/M4-Logo-rgb.png","contentUrl":"https:\/\/www.modula4.com\/wp-content\/uploads\/M4-Logo-rgb.png","width":190,"height":42,"caption":"Modula4"},"image":{"@id":"https:\/\/www.modula4.com\/#\/schema\/logo\/image\/"},"sameAs":["https:\/\/www.linkedin.com\/company\/modula4\/"]}]}},"_links":{"self":[{"href":"https:\/\/www.modula4.com\/de\/wp-json\/wp\/v2\/pages\/6013","targetHints":{"allow":["GET"]}}],"collection":[{"href":"https:\/\/www.modula4.com\/de\/wp-json\/wp\/v2\/pages"}],"about":[{"href":"https:\/\/www.modula4.com\/de\/wp-json\/wp\/v2\/types\/page"}],"author":[{"embeddable":true,"href":"https:\/\/www.modula4.com\/de\/wp-json\/wp\/v2\/users\/2"}],"replies":[{"embeddable":true,"href":"https:\/\/www.modula4.com\/de\/wp-json\/wp\/v2\/comments?post=6013"}],"version-history":[{"count":4,"href":"https:\/\/www.modula4.com\/de\/wp-json\/wp\/v2\/pages\/6013\/revisions"}],"predecessor-version":[{"id":9608,"href":"https:\/\/www.modula4.com\/de\/wp-json\/wp\/v2\/pages\/6013\/revisions\/9608"}],"up":[{"embeddable":true,"href":"https:\/\/www.modula4.com\/de\/wp-json\/wp\/v2\/pages\/5969"}],"wp:attachment":[{"href":"https:\/\/www.modula4.com\/de\/wp-json\/wp\/v2\/media?parent=6013"}],"curies":[{"name":"wp","href":"https:\/\/api.w.org\/{rel}","templated":true}]}}