{"id":6007,"date":"2011-02-11T10:13:21","date_gmt":"2011-02-11T18:13:21","guid":{"rendered":"http:\/\/www.modula4.com\/karriere\/"},"modified":"2024-08-16T14:34:36","modified_gmt":"2024-08-16T21:34:36","slug":"karriere","status":"publish","type":"page","link":"https:\/\/www.modula4.com\/de\/uber-uns\/karriere\/","title":{"rendered":"Karriere"},"content":{"rendered":"<h2>Wir suchen stets nach talentierten Mitarbeitern<\/h2>\n<p>Modula4 w\u00e4chst kontinuierlich. Wir ben\u00f6tigen daher weitere Experten f\u00fcr DAM-Implementierung sowie f\u00fcr Publishing-Workflow- und Java-Programmierung. Wenn Sie gut kommunizieren und Probleme l\u00f6sen k\u00f6nnen, senden Sie uns bitte Ihren Lebenslauf mit Anschreiben an <a class=\"contact-us\" href=\"mailto:jobs@modula4.de\">diese Email Adresse.<\/a><\/p>\n<p>Modula4 f\u00f6rdert Chancengleichheit, Vielfalt und Integration am Arbeitsplatz. Wir f\u00fchlen uns auch verpflichtet, die Bed\u00fcrfnisse von Familien zu ber\u00fccksichtigen.<\/p>\n<p>Wir danken allen Bewerbern f\u00fcr ihr Interesse, wir weisen aber darauf hin, dass wir nur die aussichtsreichsten Kandidaten kontaktieren werden.<\/p>\n<p>Derzeit suchen wir insbesondere Mitarbeiter f\u00fcr folgende Positionen:<\/p>\n<h3><a href=\"\/de\/uber-uns\/karriere\/front-end-entwickler\/\"<\/a>Front-End Entwickler<\/a> (Berlin &amp; San Rafael)<\/h3>\n<h3><a href=\"\/de\/uber-uns\/karriere\/senior-developer\/\">Senior Developer<\/a> (Berlin)<\/h3>\n<h3><a href=\"\/de\/uber-uns\/karriere\/ui-ux-designer-2\/\">UI \/ UX Designer<\/a> (Berlin &amp; San Rafael)<\/h3>\n","protected":false},"excerpt":{"rendered":"<p>Wir suchen stets nach talentierten Mitarbeitern Modula4 w\u00e4chst kontinuierlich. Wir ben\u00f6tigen daher weitere Experten f\u00fcr DAM-Implementierung sowie f\u00fcr Publishing-Workflow- und Java-Programmierung. Wenn Sie gut kommunizieren und Probleme l\u00f6sen k\u00f6nnen, senden Sie uns bitte Ihren Lebenslauf mit Anschreiben an diese Email Adresse. Modula4 f\u00f6rdert Chancengleichheit, Vielfalt und Integration am Arbeitsplatz. Wir f\u00fchlen uns auch verpflichtet, die <a class=\"read-more\" href=\"https:\/\/www.modula4.com\/de\/uber-uns\/karriere\/\">&#8230; &nbsp;Weiterlesen &gt;<\/a><\/p>\n","protected":false},"author":2,"featured_media":0,"parent":5965,"menu_order":5,"comment_status":"closed","ping_status":"closed","template":"","meta":{"_monsterinsights_skip_tracking":false,"_monsterinsights_sitenote_active":false,"_monsterinsights_sitenote_note":"","_monsterinsights_sitenote_category":0,"footnotes":""},"class_list":["post-6007","page","type-page","status-publish","hentry"],"yoast_head":"<!-- This site is optimized with the Yoast SEO Premium plugin v26.4 (Yoast SEO v27.3) - https:\/\/yoast.com\/product\/yoast-seo-premium-wordpress\/ -->\n<title>Modula4 is Always Looking for Good People<\/title>\n<meta name=\"description\" content=\"Modula4 is growing. We are always in need of experts in DAM implementation, publishing workflow and Java programming.\" \/>\n<meta name=\"robots\" content=\"index, follow, max-snippet:-1, max-image-preview:large, max-video-preview:-1\" \/>\n<link rel=\"canonical\" href=\"https:\/\/www.modula4.com\/de\/uber-uns\/karriere\/\" \/>\n<meta property=\"og:locale\" content=\"de_DE\" \/>\n<meta property=\"og:type\" content=\"article\" \/>\n<meta property=\"og:title\" content=\"Karriere\" \/>\n<meta property=\"og:description\" content=\"Modula4 is growing. We are always in need of experts in DAM implementation, publishing workflow and Java programming.\" \/>\n<meta property=\"og:url\" content=\"https:\/\/www.modula4.com\/de\/uber-uns\/karriere\/\" \/>\n<meta property=\"og:site_name\" content=\"Modula4\" \/>\n<meta property=\"article:publisher\" content=\"https:\/\/www.linkedin.com\/company\/modula4\/\" \/>\n<meta property=\"article:modified_time\" content=\"2024-08-16T21:34:36+00:00\" \/>\n<meta name=\"twitter:label1\" content=\"Gesch\u00e4tzte Lesezeit\" \/>\n\t<meta name=\"twitter:data1\" content=\"1\u00a0Minute\" \/>\n<script type=\"application\/ld+json\" class=\"yoast-schema-graph\">{\"@context\":\"https:\\\/\\\/schema.org\",\"@graph\":[{\"@type\":\"WebPage\",\"@id\":\"https:\\\/\\\/www.modula4.com\\\/de\\\/uber-uns\\\/karriere\\\/\",\"url\":\"https:\\\/\\\/www.modula4.com\\\/de\\\/uber-uns\\\/karriere\\\/\",\"name\":\"Modula4 is Always Looking for Good People\",\"isPartOf\":{\"@id\":\"https:\\\/\\\/www.modula4.com\\\/#website\"},\"datePublished\":\"2011-02-11T18:13:21+00:00\",\"dateModified\":\"2024-08-16T21:34:36+00:00\",\"description\":\"Modula4 is growing. We are always in need of experts in DAM implementation, publishing workflow and Java programming.\",\"breadcrumb\":{\"@id\":\"https:\\\/\\\/www.modula4.com\\\/de\\\/uber-uns\\\/karriere\\\/#breadcrumb\"},\"inLanguage\":\"de\",\"potentialAction\":[{\"@type\":\"ReadAction\",\"target\":[\"https:\\\/\\\/www.modula4.com\\\/de\\\/uber-uns\\\/karriere\\\/\"]}]},{\"@type\":\"BreadcrumbList\",\"@id\":\"https:\\\/\\\/www.modula4.com\\\/de\\\/uber-uns\\\/karriere\\\/#breadcrumb\",\"itemListElement\":[{\"@type\":\"ListItem\",\"position\":1,\"name\":\"Home\",\"item\":\"https:\\\/\\\/www.modula4.com\\\/de\\\/\"},{\"@type\":\"ListItem\",\"position\":2,\"name\":\"\u00dcber Uns\",\"item\":\"https:\\\/\\\/www.modula4.com\\\/de\\\/uber-uns\\\/\"},{\"@type\":\"ListItem\",\"position\":3,\"name\":\"Karriere\"}]},{\"@type\":\"WebSite\",\"@id\":\"https:\\\/\\\/www.modula4.com\\\/#website\",\"url\":\"https:\\\/\\\/www.modula4.com\\\/\",\"name\":\"Modula4\",\"description\":\"Dedicated Experts. Complete Solutions. Real Results.\",\"publisher\":{\"@id\":\"https:\\\/\\\/www.modula4.com\\\/#organization\"},\"potentialAction\":[{\"@type\":\"SearchAction\",\"target\":{\"@type\":\"EntryPoint\",\"urlTemplate\":\"https:\\\/\\\/www.modula4.com\\\/?s={search_term_string}\"},\"query-input\":{\"@type\":\"PropertyValueSpecification\",\"valueRequired\":true,\"valueName\":\"search_term_string\"}}],\"inLanguage\":\"de\"},{\"@type\":\"Organization\",\"@id\":\"https:\\\/\\\/www.modula4.com\\\/#organization\",\"name\":\"Modula4\",\"url\":\"https:\\\/\\\/www.modula4.com\\\/\",\"logo\":{\"@type\":\"ImageObject\",\"inLanguage\":\"de\",\"@id\":\"https:\\\/\\\/www.modula4.com\\\/#\\\/schema\\\/logo\\\/image\\\/\",\"url\":\"https:\\\/\\\/www.modula4.com\\\/wp-content\\\/uploads\\\/M4-Logo-rgb.png\",\"contentUrl\":\"https:\\\/\\\/www.modula4.com\\\/wp-content\\\/uploads\\\/M4-Logo-rgb.png\",\"width\":190,\"height\":42,\"caption\":\"Modula4\"},\"image\":{\"@id\":\"https:\\\/\\\/www.modula4.com\\\/#\\\/schema\\\/logo\\\/image\\\/\"},\"sameAs\":[\"https:\\\/\\\/www.linkedin.com\\\/company\\\/modula4\\\/\"]}]}<\/script>\n<!-- \/ Yoast SEO Premium plugin. -->","yoast_head_json":{"title":"Modula4 is Always Looking for Good People","description":"Modula4 is growing. We are always in need of experts in DAM implementation, publishing workflow and Java programming.","robots":{"index":"index","follow":"follow","max-snippet":"max-snippet:-1","max-image-preview":"max-image-preview:large","max-video-preview":"max-video-preview:-1"},"canonical":"https:\/\/www.modula4.com\/de\/uber-uns\/karriere\/","og_locale":"de_DE","og_type":"article","og_title":"Karriere","og_description":"Modula4 is growing. We are always in need of experts in DAM implementation, publishing workflow and Java programming.","og_url":"https:\/\/www.modula4.com\/de\/uber-uns\/karriere\/","og_site_name":"Modula4","article_publisher":"https:\/\/www.linkedin.com\/company\/modula4\/","article_modified_time":"2024-08-16T21:34:36+00:00","twitter_misc":{"Gesch\u00e4tzte Lesezeit":"1\u00a0Minute"},"schema":{"@context":"https:\/\/schema.org","@graph":[{"@type":"WebPage","@id":"https:\/\/www.modula4.com\/de\/uber-uns\/karriere\/","url":"https:\/\/www.modula4.com\/de\/uber-uns\/karriere\/","name":"Modula4 is Always Looking for Good People","isPartOf":{"@id":"https:\/\/www.modula4.com\/#website"},"datePublished":"2011-02-11T18:13:21+00:00","dateModified":"2024-08-16T21:34:36+00:00","description":"Modula4 is growing. We are always in need of experts in DAM implementation, publishing workflow and Java programming.","breadcrumb":{"@id":"https:\/\/www.modula4.com\/de\/uber-uns\/karriere\/#breadcrumb"},"inLanguage":"de","potentialAction":[{"@type":"ReadAction","target":["https:\/\/www.modula4.com\/de\/uber-uns\/karriere\/"]}]},{"@type":"BreadcrumbList","@id":"https:\/\/www.modula4.com\/de\/uber-uns\/karriere\/#breadcrumb","itemListElement":[{"@type":"ListItem","position":1,"name":"Home","item":"https:\/\/www.modula4.com\/de\/"},{"@type":"ListItem","position":2,"name":"\u00dcber Uns","item":"https:\/\/www.modula4.com\/de\/uber-uns\/"},{"@type":"ListItem","position":3,"name":"Karriere"}]},{"@type":"WebSite","@id":"https:\/\/www.modula4.com\/#website","url":"https:\/\/www.modula4.com\/","name":"Modula4","description":"Dedicated Experts. Complete Solutions. Real Results.","publisher":{"@id":"https:\/\/www.modula4.com\/#organization"},"potentialAction":[{"@type":"SearchAction","target":{"@type":"EntryPoint","urlTemplate":"https:\/\/www.modula4.com\/?s={search_term_string}"},"query-input":{"@type":"PropertyValueSpecification","valueRequired":true,"valueName":"search_term_string"}}],"inLanguage":"de"},{"@type":"Organization","@id":"https:\/\/www.modula4.com\/#organization","name":"Modula4","url":"https:\/\/www.modula4.com\/","logo":{"@type":"ImageObject","inLanguage":"de","@id":"https:\/\/www.modula4.com\/#\/schema\/logo\/image\/","url":"https:\/\/www.modula4.com\/wp-content\/uploads\/M4-Logo-rgb.png","contentUrl":"https:\/\/www.modula4.com\/wp-content\/uploads\/M4-Logo-rgb.png","width":190,"height":42,"caption":"Modula4"},"image":{"@id":"https:\/\/www.modula4.com\/#\/schema\/logo\/image\/"},"sameAs":["https:\/\/www.linkedin.com\/company\/modula4\/"]}]}},"_links":{"self":[{"href":"https:\/\/www.modula4.com\/de\/wp-json\/wp\/v2\/pages\/6007","targetHints":{"allow":["GET"]}}],"collection":[{"href":"https:\/\/www.modula4.com\/de\/wp-json\/wp\/v2\/pages"}],"about":[{"href":"https:\/\/www.modula4.com\/de\/wp-json\/wp\/v2\/types\/page"}],"author":[{"embeddable":true,"href":"https:\/\/www.modula4.com\/de\/wp-json\/wp\/v2\/users\/2"}],"replies":[{"embeddable":true,"href":"https:\/\/www.modula4.com\/de\/wp-json\/wp\/v2\/comments?post=6007"}],"version-history":[{"count":9,"href":"https:\/\/www.modula4.com\/de\/wp-json\/wp\/v2\/pages\/6007\/revisions"}],"predecessor-version":[{"id":9599,"href":"https:\/\/www.modula4.com\/de\/wp-json\/wp\/v2\/pages\/6007\/revisions\/9599"}],"up":[{"embeddable":true,"href":"https:\/\/www.modula4.com\/de\/wp-json\/wp\/v2\/pages\/5965"}],"wp:attachment":[{"href":"https:\/\/www.modula4.com\/de\/wp-json\/wp\/v2\/media?parent=6007"}],"curies":[{"name":"wp","href":"https:\/\/api.w.org\/{rel}","templated":true}]}}