{"id":5999,"date":"2011-02-11T08:09:05","date_gmt":"2011-02-11T13:09:05","guid":{"rendered":"http:\/\/www.modula4.com\/impressum-haftungsausschluss\/"},"modified":"2018-05-25T04:53:26","modified_gmt":"2018-05-25T11:53:26","slug":"agb","status":"publish","type":"page","link":"https:\/\/www.modula4.com\/de\/agb\/","title":{"rendered":"Allgemeine Gesch\u00e4ftsbedingungen"},"content":{"rendered":"<p>DIE UNTEN AUFGEF\u00dcHRTEN GESCH\u00c4FTSBEDINGUNGEN (&#8222;GESCH\u00c4FTSBEDINGUNGEN&#8220;) REGELN IHRE NUTZUNG DIESER WEBSITE (&#8222;WEBSITE&#8220;) IM WORLD WIDE WEB VON MODULA4 INC., IHRER SUBDOMAINS UND JEDEN INHALTS, DER DARIN VERBREITET WIRD. SIE SIND F\u00dcR SIE RECHTSVERBINDLICH. SOLLTEN SIE NICHT MIT S\u00c4MTLICHEN DIESER GESCH\u00c4FTSBEDINGUNGEN EINVERSTANDEN SEIN, VERLASSEN SIE BITTE DIESE WEBSITE UND NEHMEN VON JEGLICHER NUTZUNG DER INHALTE ABSTAND. WENN SIE DIESE WEBSITE NUTZEN, SEHEN WIR ES ALS IHRE ZUSTIMMUNG AN, DASS SIE ALLE UNTEN AUFGEF\u00dcHRTEN GESCH\u00c4FTSBEDINGEN AKZEPTIEREN. MODULA4 BEH\u00c4LT SICH DAS RECHT VOR, DIESE VEREINBARUNGEN JEDERZEIT ZU \u00c4NDERN UND WIR WERDEN SIE \u00dcBER SOLCHE \u00c4NDERUNGEN INFORMIEREN, INDEM WIR EINE AKTUALISIERTE VERSION DIESER GESCH\u00c4FTSBEDINGUNGEN AUF DER WEBSITE BEKANNTGEBEN. ES LIEGT IN IHRER VERANTWORTUNG, DIESE GESCH\u00c4FTSBEDINGUNGEN VOR JEDEM ZUGRIFF ODER NUTZUNG DER WEBSITE ZUR KENNTNIS ZU NEHMEN. WENN SIE DIE WEBSITE WEITERHIN NUTZEN, STIMMEN SIE SOMIT DEN ENTSPRECHNDEN \u00c4NDERUNGEN ZU.<\/p>\n<p><strong>Eingeschr\u00e4nktes Nutzungsrecht<br \/>\n<\/strong>Jegliche Information, Dokumente, Produkte, Software und Dienstleistungen, sowie Marken, Logos, Graphiken und Bilder (die \u201eMaterialien\u201c) auf dieser Website, werden Ihnen von MODULA4 zur Verf\u00fcgung gestellt.<\/p>\n<p>MODULA4 gew\u00e4hrt Ihnen eingeschr\u00e4nkt das Recht diese Materialien auf Ihrem pers\u00f6nlichen Computer anzuzeigen und die Materialien, die auf dieser Website abgelegt sind zu kopieren und herunterzuladen, vorausgesetzt dass: (1) sowohl die Copyright Information von MODULA4 (die unten ausgef\u00fchrt ist) und diese Erlaubnis auf den Materialien erscheinen, die auf diese Weise kopiert, heruntergeladen oder angezeigt werden., (2) die angezeigten, kopierten oder heruntergeladenen Materialien ausschlie\u00dflich f\u00fcr Ihren pers\u00f6nlichen Gebrauch oder zur internen Information bestimmt sind (das hei\u00dft, sie d\u00fcrfen \u00a0nicht weiter verbreitet oder sonst wie an Stellen au\u00dferhalb ihrer Wohnung\/ihres Arbeitsplatzes oder von MODULA4 weiter geleitet oder durch Medien \u00fcbertragen werden). Sie nehmen zur Kenntnis und stimmen zu, dass Sie kein Recht besitzen jegliche Materialien in irgendeiner Weise zu modifizieren, bearbeiten, ver\u00e4ndern oder zu verbessern. Dieses eingeschr\u00e4nkte Nutzungsrecht erlischt automatisch, bei Nichteinhaltung dieser Vereinbarungen. Sobald dieses eingeschr\u00e4nkte Nutzungsrecht erlischt, stimmen Sie zu, sofort alle elektronischen oder gedruckten Materialien, die von der MODULA4 Website stammen zu vernichten.<\/p>\n<p>Zus\u00e4tzlich zu den hier aufgef\u00fchrten Vereinbarungen stimmen Sie zu, dass Sie ohne vorherige schriftliche Genehmigung von MODULA4\u00a0 kein juristische begr\u00fcndetes Recht, Anspruch oder Interesse an den Materialien besitzen.<\/p>\n<p><strong>Inhalte Dritter<br \/>\n<\/strong>Dritte k\u00f6nnen MODULA4 bestimmte Informationen und Inhalte zur Verf\u00fcgung stellen (fremder Inhalt). Diese fremden Inhalte unterliegen jeweils dem Copyright des Urhebers\/Lizenzinhabers und k\u00f6nnen den Nutzungsvereinbarungen und den Datenschutzrichtlinien dieser Dritten unterliegen. Bitte wenden Sie sich bez\u00fcglich weiterer Informationen \u00fcber solche Vereinbarungen an die entsprechenden Dritten.<br \/>\nMODULA4 HAFTET NICHT F\u00dcR GARANTIEN UND NUTZUNGSBEDINGUNGEN DER INHALTE, DIE DURCH DRITTE ZUR VERF\u00dcGUNG GESTELLT WERDEN, EINSCHLIESSLICH ALLER STILLSCHWEIGENDEN GARANTIEN BETREFFEND HANDELSF\u00c4HIGKEIT, EIGNUNG F\u00dcR BESTIMMTE ZWECKE UND NICHT-BEEINTR\u00c4CHTIGUNG.<\/p>\n<p><strong>Links zu fremden Webseiten<\/strong><br \/>\nDiese Website kann Links zu anderen Webseiten oder Quellen zur Verf\u00fcgung stellen, die nicht der Kontrolle von MODULA4 unterliegen (externe Websites). Solche Links stellen keine Billigung dieser externen Websites durch MODULA4 dar. Sie erkennen an, dass MODULA4 Ihnen diese Links als Annehmlichkeiten zur Verf\u00fcgung stellt und sie stimmen ferner zu, dass MODULA4 nicht f\u00fcr den Inhalt solcher externen Websites verantwortlich ist. Ihre Nutzung dieser externen Websites unterliegt den Nutzungsbedingungen und Datenschutzrichtlinien, die bei den verlinkten externen Websites hinterlegt sind.<\/p>\n<p><strong>Marken und Copyrights<br \/>\n<\/strong>Die\u00a0 Handelsmarken, Dienstleistungsmarken, Schutzmarken, Namen, Logos und Designs (Marken) von MODULA4 oder anderen, die auf dieser Website verwendet werden, sind Eigentum von MODULA4 oder der entsprechenden Besitzer. Sie sind nicht berechtigt irgendwelche Marken zu entfernen oder zu ver\u00e4ndern. Sie d\u00fcrfen keine Marken, die auf dieser Website gezeigt werden ohne die schriftlichen Genehmigungen durch MODULA4 oder der entsprechenden Eigent\u00fcmer verwenden.\u00a0 Nichts auf dieser Website gew\u00e4hrt Ihnen durch stillschweigende Genehmigung, Verzicht oder anderes, das Recht solche Marken zu nutzen. Alle Materialien, die auf dieser Website erscheinen, einschlie\u00dflich, aber nicht beschr\u00e4nkt auf Text Elemente, Website Designs, Bilder und Icons sowie die Auswahl, Zusammenstellung und Anordnung derselben, sind das ausschlie\u00dfliche Eigentum von MODULA4, INC. Copyright \u00a9 2017, au\u00dfer es ist anders vermerkt. Wir behalten uns alle Rechte vor, die hier nicht ausdr\u00fccklich gew\u00e4hrt werden. Au\u00dfer es ist anderweitig durch geltendes Recht erforderlich, ist jede Vervielf\u00e4ltigung, Verbreitung, Ver\u00e4nderung, Weitergabe oder Ver\u00f6ffentlichung s\u00e4mtlichen Materials, das dem Copyright unterliegt ohne die ausdr\u00fcckliche Zustimmung des Copyright Inhabers strengstens verboten.<\/p>\n<p><strong>Schadensersatz<br \/>\n<\/strong>Sie versichern, MODULA4 und ihre Tochtergesellschaften, Vertreter, Partner, Auftragnehmer und Mitarbeiter vor jeglichen Haftungen, Schadensersatzanspr\u00fcchen, Kosten und Ausgaben, einschlie\u00dflich Anwaltsgeb\u00fchren, die durch oder in Verbindung mit der Nutzung der Website oder durch Verletzung dieser Vereinbarungen entstehen zu sch\u00fctzen.<\/p>\n","protected":false},"excerpt":{"rendered":"<p>DIE UNTEN AUFGEF\u00dcHRTEN GESCH\u00c4FTSBEDINGUNGEN (&#8222;GESCH\u00c4FTSBEDINGUNGEN&#8220;) REGELN IHRE NUTZUNG DIESER WEBSITE (&#8222;WEBSITE&#8220;) IM WORLD WIDE WEB VON MODULA4 INC., IHRER SUBDOMAINS UND JEDEN INHALTS, DER DARIN VERBREITET WIRD. SIE SIND F\u00dcR SIE RECHTSVERBINDLICH. SOLLTEN SIE NICHT MIT S\u00c4MTLICHEN DIESER GESCH\u00c4FTSBEDINGUNGEN EINVERSTANDEN SEIN, VERLASSEN SIE BITTE DIESE WEBSITE UND NEHMEN VON JEGLICHER NUTZUNG DER INHALTE ABSTAND. WENN <a class=\"read-more\" href=\"https:\/\/www.modula4.com\/de\/agb\/\">&#8230; &nbsp;Weiterlesen &gt;<\/a><\/p>\n","protected":false},"author":2,"featured_media":0,"parent":0,"menu_order":2,"comment_status":"closed","ping_status":"closed","template":"","meta":{"_monsterinsights_skip_tracking":false,"_monsterinsights_sitenote_active":false,"_monsterinsights_sitenote_note":"","_monsterinsights_sitenote_category":0,"footnotes":""},"class_list":["post-5999","page","type-page","status-publish","hentry"],"yoast_head":"<!-- This site is optimized with the Yoast SEO Premium plugin v26.4 (Yoast SEO v27.3) - https:\/\/yoast.com\/product\/yoast-seo-premium-wordpress\/ -->\n<title>Impressum &amp; Haftungsausschluss<\/title>\n<meta name=\"robots\" content=\"index, follow, max-snippet:-1, max-image-preview:large, max-video-preview:-1\" \/>\n<link rel=\"canonical\" href=\"https:\/\/www.modula4.com\/de\/agb\/\" \/>\n<meta property=\"og:locale\" content=\"de_DE\" \/>\n<meta property=\"og:type\" content=\"article\" \/>\n<meta property=\"og:title\" content=\"Allgemeine Gesch\u00e4ftsbedingungen\" \/>\n<meta property=\"og:description\" content=\"DIE UNTEN AUFGEF\u00dcHRTEN GESCH\u00c4FTSBEDINGUNGEN (&#8222;GESCH\u00c4FTSBEDINGUNGEN&#8220;) REGELN IHRE NUTZUNG DIESER WEBSITE (&#8222;WEBSITE&#8220;) IM WORLD WIDE WEB VON MODULA4 INC., IHRER SUBDOMAINS UND JEDEN INHALTS, DER DARIN VERBREITET WIRD. SIE SIND F\u00dcR SIE RECHTSVERBINDLICH. SOLLTEN SIE NICHT MIT S\u00c4MTLICHEN DIESER GESCH\u00c4FTSBEDINGUNGEN EINVERSTANDEN SEIN, VERLASSEN SIE BITTE DIESE WEBSITE UND NEHMEN VON JEGLICHER NUTZUNG DER INHALTE ABSTAND. WENN ... &nbsp;Weiterlesen &gt;\" \/>\n<meta property=\"og:url\" content=\"https:\/\/www.modula4.com\/de\/agb\/\" \/>\n<meta property=\"og:site_name\" content=\"Modula4\" \/>\n<meta property=\"article:publisher\" content=\"https:\/\/www.linkedin.com\/company\/modula4\/\" \/>\n<meta property=\"article:modified_time\" content=\"2018-05-25T11:53:26+00:00\" \/>\n<meta name=\"twitter:label1\" content=\"Gesch\u00e4tzte Lesezeit\" \/>\n\t<meta name=\"twitter:data1\" content=\"4\u00a0Minuten\" \/>\n<script type=\"application\/ld+json\" class=\"yoast-schema-graph\">{\"@context\":\"https:\\\/\\\/schema.org\",\"@graph\":[{\"@type\":\"WebPage\",\"@id\":\"https:\\\/\\\/www.modula4.com\\\/de\\\/agb\\\/\",\"url\":\"https:\\\/\\\/www.modula4.com\\\/de\\\/agb\\\/\",\"name\":\"Impressum & Haftungsausschluss\",\"isPartOf\":{\"@id\":\"https:\\\/\\\/www.modula4.com\\\/#website\"},\"datePublished\":\"2011-02-11T13:09:05+00:00\",\"dateModified\":\"2018-05-25T11:53:26+00:00\",\"breadcrumb\":{\"@id\":\"https:\\\/\\\/www.modula4.com\\\/de\\\/agb\\\/#breadcrumb\"},\"inLanguage\":\"de\",\"potentialAction\":[{\"@type\":\"ReadAction\",\"target\":[\"https:\\\/\\\/www.modula4.com\\\/de\\\/agb\\\/\"]}]},{\"@type\":\"BreadcrumbList\",\"@id\":\"https:\\\/\\\/www.modula4.com\\\/de\\\/agb\\\/#breadcrumb\",\"itemListElement\":[{\"@type\":\"ListItem\",\"position\":1,\"name\":\"Home\",\"item\":\"https:\\\/\\\/www.modula4.com\\\/de\\\/\"},{\"@type\":\"ListItem\",\"position\":2,\"name\":\"Allgemeine Gesch\u00e4ftsbedingungen\"}]},{\"@type\":\"WebSite\",\"@id\":\"https:\\\/\\\/www.modula4.com\\\/#website\",\"url\":\"https:\\\/\\\/www.modula4.com\\\/\",\"name\":\"Modula4\",\"description\":\"Dedicated Experts. Complete Solutions. Real Results.\",\"publisher\":{\"@id\":\"https:\\\/\\\/www.modula4.com\\\/#organization\"},\"potentialAction\":[{\"@type\":\"SearchAction\",\"target\":{\"@type\":\"EntryPoint\",\"urlTemplate\":\"https:\\\/\\\/www.modula4.com\\\/?s={search_term_string}\"},\"query-input\":{\"@type\":\"PropertyValueSpecification\",\"valueRequired\":true,\"valueName\":\"search_term_string\"}}],\"inLanguage\":\"de\"},{\"@type\":\"Organization\",\"@id\":\"https:\\\/\\\/www.modula4.com\\\/#organization\",\"name\":\"Modula4\",\"url\":\"https:\\\/\\\/www.modula4.com\\\/\",\"logo\":{\"@type\":\"ImageObject\",\"inLanguage\":\"de\",\"@id\":\"https:\\\/\\\/www.modula4.com\\\/#\\\/schema\\\/logo\\\/image\\\/\",\"url\":\"https:\\\/\\\/www.modula4.com\\\/wp-content\\\/uploads\\\/M4-Logo-rgb.png\",\"contentUrl\":\"https:\\\/\\\/www.modula4.com\\\/wp-content\\\/uploads\\\/M4-Logo-rgb.png\",\"width\":190,\"height\":42,\"caption\":\"Modula4\"},\"image\":{\"@id\":\"https:\\\/\\\/www.modula4.com\\\/#\\\/schema\\\/logo\\\/image\\\/\"},\"sameAs\":[\"https:\\\/\\\/www.linkedin.com\\\/company\\\/modula4\\\/\"]}]}<\/script>\n<!-- \/ Yoast SEO Premium plugin. -->","yoast_head_json":{"title":"Impressum & Haftungsausschluss","robots":{"index":"index","follow":"follow","max-snippet":"max-snippet:-1","max-image-preview":"max-image-preview:large","max-video-preview":"max-video-preview:-1"},"canonical":"https:\/\/www.modula4.com\/de\/agb\/","og_locale":"de_DE","og_type":"article","og_title":"Allgemeine Gesch\u00e4ftsbedingungen","og_description":"DIE UNTEN AUFGEF\u00dcHRTEN GESCH\u00c4FTSBEDINGUNGEN (&#8222;GESCH\u00c4FTSBEDINGUNGEN&#8220;) REGELN IHRE NUTZUNG DIESER WEBSITE (&#8222;WEBSITE&#8220;) IM WORLD WIDE WEB VON MODULA4 INC., IHRER SUBDOMAINS UND JEDEN INHALTS, DER DARIN VERBREITET WIRD. SIE SIND F\u00dcR SIE RECHTSVERBINDLICH. SOLLTEN SIE NICHT MIT S\u00c4MTLICHEN DIESER GESCH\u00c4FTSBEDINGUNGEN EINVERSTANDEN SEIN, VERLASSEN SIE BITTE DIESE WEBSITE UND NEHMEN VON JEGLICHER NUTZUNG DER INHALTE ABSTAND. WENN ... &nbsp;Weiterlesen &gt;","og_url":"https:\/\/www.modula4.com\/de\/agb\/","og_site_name":"Modula4","article_publisher":"https:\/\/www.linkedin.com\/company\/modula4\/","article_modified_time":"2018-05-25T11:53:26+00:00","twitter_misc":{"Gesch\u00e4tzte Lesezeit":"4\u00a0Minuten"},"schema":{"@context":"https:\/\/schema.org","@graph":[{"@type":"WebPage","@id":"https:\/\/www.modula4.com\/de\/agb\/","url":"https:\/\/www.modula4.com\/de\/agb\/","name":"Impressum & Haftungsausschluss","isPartOf":{"@id":"https:\/\/www.modula4.com\/#website"},"datePublished":"2011-02-11T13:09:05+00:00","dateModified":"2018-05-25T11:53:26+00:00","breadcrumb":{"@id":"https:\/\/www.modula4.com\/de\/agb\/#breadcrumb"},"inLanguage":"de","potentialAction":[{"@type":"ReadAction","target":["https:\/\/www.modula4.com\/de\/agb\/"]}]},{"@type":"BreadcrumbList","@id":"https:\/\/www.modula4.com\/de\/agb\/#breadcrumb","itemListElement":[{"@type":"ListItem","position":1,"name":"Home","item":"https:\/\/www.modula4.com\/de\/"},{"@type":"ListItem","position":2,"name":"Allgemeine Gesch\u00e4ftsbedingungen"}]},{"@type":"WebSite","@id":"https:\/\/www.modula4.com\/#website","url":"https:\/\/www.modula4.com\/","name":"Modula4","description":"Dedicated Experts. Complete Solutions. Real Results.","publisher":{"@id":"https:\/\/www.modula4.com\/#organization"},"potentialAction":[{"@type":"SearchAction","target":{"@type":"EntryPoint","urlTemplate":"https:\/\/www.modula4.com\/?s={search_term_string}"},"query-input":{"@type":"PropertyValueSpecification","valueRequired":true,"valueName":"search_term_string"}}],"inLanguage":"de"},{"@type":"Organization","@id":"https:\/\/www.modula4.com\/#organization","name":"Modula4","url":"https:\/\/www.modula4.com\/","logo":{"@type":"ImageObject","inLanguage":"de","@id":"https:\/\/www.modula4.com\/#\/schema\/logo\/image\/","url":"https:\/\/www.modula4.com\/wp-content\/uploads\/M4-Logo-rgb.png","contentUrl":"https:\/\/www.modula4.com\/wp-content\/uploads\/M4-Logo-rgb.png","width":190,"height":42,"caption":"Modula4"},"image":{"@id":"https:\/\/www.modula4.com\/#\/schema\/logo\/image\/"},"sameAs":["https:\/\/www.linkedin.com\/company\/modula4\/"]}]}},"_links":{"self":[{"href":"https:\/\/www.modula4.com\/de\/wp-json\/wp\/v2\/pages\/5999","targetHints":{"allow":["GET"]}}],"collection":[{"href":"https:\/\/www.modula4.com\/de\/wp-json\/wp\/v2\/pages"}],"about":[{"href":"https:\/\/www.modula4.com\/de\/wp-json\/wp\/v2\/types\/page"}],"author":[{"embeddable":true,"href":"https:\/\/www.modula4.com\/de\/wp-json\/wp\/v2\/users\/2"}],"replies":[{"embeddable":true,"href":"https:\/\/www.modula4.com\/de\/wp-json\/wp\/v2\/comments?post=5999"}],"version-history":[{"count":12,"href":"https:\/\/www.modula4.com\/de\/wp-json\/wp\/v2\/pages\/5999\/revisions"}],"predecessor-version":[{"id":10040,"href":"https:\/\/www.modula4.com\/de\/wp-json\/wp\/v2\/pages\/5999\/revisions\/10040"}],"wp:attachment":[{"href":"https:\/\/www.modula4.com\/de\/wp-json\/wp\/v2\/media?parent=5999"}],"curies":[{"name":"wp","href":"https:\/\/api.w.org\/{rel}","templated":true}]}}