{"id":5995,"date":"2011-02-10T11:19:21","date_gmt":"2011-02-10T19:19:21","guid":{"rendered":"http:\/\/www.modula4.com\/beratung\/"},"modified":"2017-02-13T06:12:55","modified_gmt":"2017-02-13T14:12:55","slug":"beratung","status":"publish","type":"page","link":"https:\/\/www.modula4.com\/de\/dienstleistungen\/beratung\/","title":{"rendered":"Professional Services"},"content":{"rendered":"<h2>Beratung und Einrichtung<\/h2>\n<p>Ihre digitalen Assets optimal zu verwalten, kann eine gewaltige Herausforderung sein. Selbst wenn Sie ganz genau wissen, was Sie erreichen wollen, bleibt Ihnen die Frage, wie Sie dorthin gelangen. Daher bieten wir L\u00f6sungen, die an der Wurzel ansetzen. <\/p>\n<p>Wie muss Ihr System aussehen, damit es den Anforderungen von Marketing, Entwicklung und Gesch\u00e4ft optimal gerecht wird? Wir von Moduea4 wissen, wie wir die verschiedenen Gruppen in einem Unternehmen zusammenbringen, Ihre Anforderungen erfassen und eine komplette L\u00f6sung f\u00fcr Sie entwickeln.<\/p>\n<p>Zu unserer Beratung geh\u00f6ren:<\/p>\n<p><strong>Definition der Ziele \u2013 <\/strong>Es ist essentiell, dass alle Mitarbeiter an einem Strang ziehen. Die Erwartungen und Anforderungen \u00fcber alle Positionen, Rollen und Abteilungen hinweg zu beschreiben, ersetzt Vermutungen durch Analyse. Von der Planung eines Projektes in Phasen bis hin zur Budgetverwaltung, wir helfen Ihnen, Ihre Ziele zu erreichen.<\/p>\n<p><strong>Technikassessment \u2013 <\/strong>Wir untersuchen Ihr Netzwerk, die Infrastruktur, die Datenspeicherung, die Plattformen, Formate, Ihr Back-up System, die Skalierung und die Performance.<\/p>\n<p><strong>Workflow Analyse \u2013 <\/strong>Wir analysieren ihre Arbeitsabl\u00e4ufe und passen die Software auf Ihre Bed\u00fcrfnisse an. Daf\u00fcr entwickeln wir effiziente und gleicherma\u00dfen flexible Workflow Prozesse.<\/p>\n<p><strong>Planung der Installation \u2013 <\/strong>Wir beraten Sie auch bei der Installation. Wir unterteilen die Installation in Phasen, stellen einen Zeitplan auf und gehen so vor, dass wir die St\u00f6rungen im laufenden Betrieb so gering wie m\u00f6glich halten.<\/p>\n<h2>Training<\/h2>\n<p>Mit einem guten Training holen Sie das meiste aus Ihren Digital Asset Management und Publishing Workflow Systemen heraus. Mit jedem System, das wir liefern, bieten wir Ihnen ein Training f\u00fcr Nutzer und Administratoren. Wir bieten sogar Trainings f\u00fcr Programmierer an, die selbst Anpassungen vornehmen wollen.<\/p>\n<p>Unsere Trainings sind kundenspezifisch ausgerichtet. Sie werden vor Ort in Ihrem System mit Ihren Einstellungen und Ihrer Infrastruktur eingewiesen. Zus\u00e4tzlich zu diesem ersten Training bei der Installation des Systems bieten wir Ihnen verschiedene Weiterbildungen an, zum Beispiel f\u00fcr Administratoren, die ihre Kenntnisse vertiefen wollen, f\u00fcr Mitarbeiter, die alle Tricks beherrschen m\u00f6chten, oder f\u00fcr neue Kollegen.<\/p>\n<p>Zu unseren Trainings z\u00e4hlen:<\/p>\n<p><strong>Anwender-Training \u2013 <\/strong>Allen Mitarbeitern werden genau die Kenntnisse vermittelt, die sie f\u00fcr ihre Arbeit ben\u00f6tigen.<\/p>\n<p><strong>Administratoren-Training \u2013 <\/strong>Administratoren erhalten ein gr\u00fcndliches Training f\u00fcr das System in seiner ganzen Breite, einschlie\u00dflich Fehlerbehebung, Rechtevergabe und Anlegen des Kategorienbaumes.<\/p>\n<p><strong>Entwickler-Training \u2013 <\/strong>Ihren Programmierern zeigen wir alle Tools, die sie zur eigenst\u00e4ndigen Anpassung unserer L\u00f6sung ben\u00f6tigen.<\/p>\n<h2>Integration &amp; Anpassung<\/h2>\n<p>Unsere Produkte bieten viele Funktionen. Doch manchmal erfordert Ihr Workflow spezifische Tools und Funktionen. Wenn die m\u00f6glichen Konfigurationen und Standard-Integrationen f\u00fcr Ihr System nicht ausreichen, entwickeln unsere Programmierer individuellen Code f\u00fcr Sie, der exakt auf Ihre Bed\u00fcrfnisse zugeschnitten ist.<\/p>\n<p>Unsere Programmierer entwickeln unter anderem folgende Anpassungen f\u00fcr Sie:<\/p>\n<p><strong>Zus\u00e4tzliche Features und Funktionen \u2013 <\/strong>Wir k\u00f6nnen nahezu jede gew\u00fcnschte Funktion f\u00fcr Sie programmieren, so dass unsere L\u00f6sung exakt Ihren Bed\u00fcrfnissen entspricht.<\/p>\n<p><strong>Automatisierte Prozesse \u2013 <\/strong>Wenn Ihr Workflow spezifische Routinen erfordert, f\u00fcgen wir automatische Workflow-Prozesse ein, die Fehler vermeiden und Ihre Mitarbeiter noch effizienter machen.<\/p>\n<p><strong>Integration von Schl\u00fcsselsystemen \u2013 <\/strong>Wenn Sie mit den verschiedensten Systemen und Softwareprogrammen arbeiten, die auf dieselben Daten zur\u00fcckgreifen sollen, entwickeln wir spezifische Integrationen, so dass Ihre Systeme zusammenarbeiten.<\/p>\n","protected":false},"excerpt":{"rendered":"<p>Beratung und Einrichtung Ihre digitalen Assets optimal zu verwalten, kann eine gewaltige Herausforderung sein. Selbst wenn Sie ganz genau wissen, was Sie erreichen wollen, bleibt Ihnen die Frage, wie Sie dorthin gelangen. Daher bieten wir L\u00f6sungen, die an der Wurzel ansetzen. Wie muss Ihr System aussehen, damit es den Anforderungen von Marketing, Entwicklung und Gesch\u00e4ft <a class=\"read-more\" href=\"https:\/\/www.modula4.com\/de\/dienstleistungen\/beratung\/\">&#8230; &nbsp;Weiterlesen &gt;<\/a><\/p>\n","protected":false},"author":2,"featured_media":0,"parent":5969,"menu_order":1,"comment_status":"closed","ping_status":"closed","template":"","meta":{"_monsterinsights_skip_tracking":false,"_monsterinsights_sitenote_active":false,"_monsterinsights_sitenote_note":"","_monsterinsights_sitenote_category":0,"footnotes":""},"class_list":["post-5995","page","type-page","status-publish","hentry"],"yoast_head":"<!-- This site is optimized with the Yoast SEO Premium plugin v26.4 (Yoast SEO v27.3) - https:\/\/yoast.com\/product\/yoast-seo-premium-wordpress\/ -->\n<title>Professional Services - Modula4<\/title>\n<meta name=\"robots\" content=\"index, follow, max-snippet:-1, max-image-preview:large, max-video-preview:-1\" \/>\n<link rel=\"canonical\" href=\"https:\/\/www.modula4.com\/de\/dienstleistungen\/beratung\/\" \/>\n<meta property=\"og:locale\" content=\"de_DE\" \/>\n<meta property=\"og:type\" content=\"article\" \/>\n<meta property=\"og:title\" content=\"Professional Services\" \/>\n<meta property=\"og:description\" content=\"Beratung und Einrichtung Ihre digitalen Assets optimal zu verwalten, kann eine gewaltige Herausforderung sein. Selbst wenn Sie ganz genau wissen, was Sie erreichen wollen, bleibt Ihnen die Frage, wie Sie dorthin gelangen. Daher bieten wir L\u00f6sungen, die an der Wurzel ansetzen. Wie muss Ihr System aussehen, damit es den Anforderungen von Marketing, Entwicklung und Gesch\u00e4ft ... &nbsp;Weiterlesen &gt;\" \/>\n<meta property=\"og:url\" content=\"https:\/\/www.modula4.com\/de\/dienstleistungen\/beratung\/\" \/>\n<meta property=\"og:site_name\" content=\"Modula4\" \/>\n<meta property=\"article:publisher\" content=\"https:\/\/www.linkedin.com\/company\/modula4\/\" \/>\n<meta property=\"article:modified_time\" content=\"2017-02-13T14:12:55+00:00\" \/>\n<meta name=\"twitter:label1\" content=\"Gesch\u00e4tzte Lesezeit\" \/>\n\t<meta name=\"twitter:data1\" content=\"3\u00a0Minuten\" \/>\n<script type=\"application\/ld+json\" class=\"yoast-schema-graph\">{\"@context\":\"https:\\\/\\\/schema.org\",\"@graph\":[{\"@type\":\"WebPage\",\"@id\":\"https:\\\/\\\/www.modula4.com\\\/de\\\/dienstleistungen\\\/beratung\\\/\",\"url\":\"https:\\\/\\\/www.modula4.com\\\/de\\\/dienstleistungen\\\/beratung\\\/\",\"name\":\"Professional Services - Modula4\",\"isPartOf\":{\"@id\":\"https:\\\/\\\/www.modula4.com\\\/#website\"},\"datePublished\":\"2011-02-10T19:19:21+00:00\",\"dateModified\":\"2017-02-13T14:12:55+00:00\",\"breadcrumb\":{\"@id\":\"https:\\\/\\\/www.modula4.com\\\/de\\\/dienstleistungen\\\/beratung\\\/#breadcrumb\"},\"inLanguage\":\"de\",\"potentialAction\":[{\"@type\":\"ReadAction\",\"target\":[\"https:\\\/\\\/www.modula4.com\\\/de\\\/dienstleistungen\\\/beratung\\\/\"]}]},{\"@type\":\"BreadcrumbList\",\"@id\":\"https:\\\/\\\/www.modula4.com\\\/de\\\/dienstleistungen\\\/beratung\\\/#breadcrumb\",\"itemListElement\":[{\"@type\":\"ListItem\",\"position\":1,\"name\":\"Home\",\"item\":\"https:\\\/\\\/www.modula4.com\\\/de\\\/\"},{\"@type\":\"ListItem\",\"position\":2,\"name\":\"Dienstleistungen\",\"item\":\"https:\\\/\\\/www.modula4.com\\\/de\\\/dienstleistungen\\\/\"},{\"@type\":\"ListItem\",\"position\":3,\"name\":\"Professional Services\"}]},{\"@type\":\"WebSite\",\"@id\":\"https:\\\/\\\/www.modula4.com\\\/#website\",\"url\":\"https:\\\/\\\/www.modula4.com\\\/\",\"name\":\"Modula4\",\"description\":\"Dedicated Experts. Complete Solutions. Real Results.\",\"publisher\":{\"@id\":\"https:\\\/\\\/www.modula4.com\\\/#organization\"},\"potentialAction\":[{\"@type\":\"SearchAction\",\"target\":{\"@type\":\"EntryPoint\",\"urlTemplate\":\"https:\\\/\\\/www.modula4.com\\\/?s={search_term_string}\"},\"query-input\":{\"@type\":\"PropertyValueSpecification\",\"valueRequired\":true,\"valueName\":\"search_term_string\"}}],\"inLanguage\":\"de\"},{\"@type\":\"Organization\",\"@id\":\"https:\\\/\\\/www.modula4.com\\\/#organization\",\"name\":\"Modula4\",\"url\":\"https:\\\/\\\/www.modula4.com\\\/\",\"logo\":{\"@type\":\"ImageObject\",\"inLanguage\":\"de\",\"@id\":\"https:\\\/\\\/www.modula4.com\\\/#\\\/schema\\\/logo\\\/image\\\/\",\"url\":\"https:\\\/\\\/www.modula4.com\\\/wp-content\\\/uploads\\\/M4-Logo-rgb.png\",\"contentUrl\":\"https:\\\/\\\/www.modula4.com\\\/wp-content\\\/uploads\\\/M4-Logo-rgb.png\",\"width\":190,\"height\":42,\"caption\":\"Modula4\"},\"image\":{\"@id\":\"https:\\\/\\\/www.modula4.com\\\/#\\\/schema\\\/logo\\\/image\\\/\"},\"sameAs\":[\"https:\\\/\\\/www.linkedin.com\\\/company\\\/modula4\\\/\"]}]}<\/script>\n<!-- \/ Yoast SEO Premium plugin. -->","yoast_head_json":{"title":"Professional Services - Modula4","robots":{"index":"index","follow":"follow","max-snippet":"max-snippet:-1","max-image-preview":"max-image-preview:large","max-video-preview":"max-video-preview:-1"},"canonical":"https:\/\/www.modula4.com\/de\/dienstleistungen\/beratung\/","og_locale":"de_DE","og_type":"article","og_title":"Professional Services","og_description":"Beratung und Einrichtung Ihre digitalen Assets optimal zu verwalten, kann eine gewaltige Herausforderung sein. Selbst wenn Sie ganz genau wissen, was Sie erreichen wollen, bleibt Ihnen die Frage, wie Sie dorthin gelangen. Daher bieten wir L\u00f6sungen, die an der Wurzel ansetzen. Wie muss Ihr System aussehen, damit es den Anforderungen von Marketing, Entwicklung und Gesch\u00e4ft ... &nbsp;Weiterlesen &gt;","og_url":"https:\/\/www.modula4.com\/de\/dienstleistungen\/beratung\/","og_site_name":"Modula4","article_publisher":"https:\/\/www.linkedin.com\/company\/modula4\/","article_modified_time":"2017-02-13T14:12:55+00:00","twitter_misc":{"Gesch\u00e4tzte Lesezeit":"3\u00a0Minuten"},"schema":{"@context":"https:\/\/schema.org","@graph":[{"@type":"WebPage","@id":"https:\/\/www.modula4.com\/de\/dienstleistungen\/beratung\/","url":"https:\/\/www.modula4.com\/de\/dienstleistungen\/beratung\/","name":"Professional Services - Modula4","isPartOf":{"@id":"https:\/\/www.modula4.com\/#website"},"datePublished":"2011-02-10T19:19:21+00:00","dateModified":"2017-02-13T14:12:55+00:00","breadcrumb":{"@id":"https:\/\/www.modula4.com\/de\/dienstleistungen\/beratung\/#breadcrumb"},"inLanguage":"de","potentialAction":[{"@type":"ReadAction","target":["https:\/\/www.modula4.com\/de\/dienstleistungen\/beratung\/"]}]},{"@type":"BreadcrumbList","@id":"https:\/\/www.modula4.com\/de\/dienstleistungen\/beratung\/#breadcrumb","itemListElement":[{"@type":"ListItem","position":1,"name":"Home","item":"https:\/\/www.modula4.com\/de\/"},{"@type":"ListItem","position":2,"name":"Dienstleistungen","item":"https:\/\/www.modula4.com\/de\/dienstleistungen\/"},{"@type":"ListItem","position":3,"name":"Professional Services"}]},{"@type":"WebSite","@id":"https:\/\/www.modula4.com\/#website","url":"https:\/\/www.modula4.com\/","name":"Modula4","description":"Dedicated Experts. Complete Solutions. Real Results.","publisher":{"@id":"https:\/\/www.modula4.com\/#organization"},"potentialAction":[{"@type":"SearchAction","target":{"@type":"EntryPoint","urlTemplate":"https:\/\/www.modula4.com\/?s={search_term_string}"},"query-input":{"@type":"PropertyValueSpecification","valueRequired":true,"valueName":"search_term_string"}}],"inLanguage":"de"},{"@type":"Organization","@id":"https:\/\/www.modula4.com\/#organization","name":"Modula4","url":"https:\/\/www.modula4.com\/","logo":{"@type":"ImageObject","inLanguage":"de","@id":"https:\/\/www.modula4.com\/#\/schema\/logo\/image\/","url":"https:\/\/www.modula4.com\/wp-content\/uploads\/M4-Logo-rgb.png","contentUrl":"https:\/\/www.modula4.com\/wp-content\/uploads\/M4-Logo-rgb.png","width":190,"height":42,"caption":"Modula4"},"image":{"@id":"https:\/\/www.modula4.com\/#\/schema\/logo\/image\/"},"sameAs":["https:\/\/www.linkedin.com\/company\/modula4\/"]}]}},"_links":{"self":[{"href":"https:\/\/www.modula4.com\/de\/wp-json\/wp\/v2\/pages\/5995","targetHints":{"allow":["GET"]}}],"collection":[{"href":"https:\/\/www.modula4.com\/de\/wp-json\/wp\/v2\/pages"}],"about":[{"href":"https:\/\/www.modula4.com\/de\/wp-json\/wp\/v2\/types\/page"}],"author":[{"embeddable":true,"href":"https:\/\/www.modula4.com\/de\/wp-json\/wp\/v2\/users\/2"}],"replies":[{"embeddable":true,"href":"https:\/\/www.modula4.com\/de\/wp-json\/wp\/v2\/comments?post=5995"}],"version-history":[{"count":4,"href":"https:\/\/www.modula4.com\/de\/wp-json\/wp\/v2\/pages\/5995\/revisions"}],"predecessor-version":[{"id":9566,"href":"https:\/\/www.modula4.com\/de\/wp-json\/wp\/v2\/pages\/5995\/revisions\/9566"}],"up":[{"embeddable":true,"href":"https:\/\/www.modula4.com\/de\/wp-json\/wp\/v2\/pages\/5969"}],"wp:attachment":[{"href":"https:\/\/www.modula4.com\/de\/wp-json\/wp\/v2\/media?parent=5995"}],"curies":[{"name":"wp","href":"https:\/\/api.w.org\/{rel}","templated":true}]}}