{"id":5985,"date":"2011-02-09T07:17:26","date_gmt":"2011-02-09T15:17:26","guid":{"rendered":"http:\/\/www.modula4.com\/module\/"},"modified":"2025-11-16T20:05:26","modified_gmt":"2025-11-17T04:05:26","slug":"modula4-produkte","status":"publish","type":"page","link":"https:\/\/www.modula4.com\/de\/produkte\/modula4-produkte\/","title":{"rendered":"Andere Modula4 Produkte"},"content":{"rendered":"<h2>Unglaublich n\u00fctzliche Features, die Ihr DAM-System erweitern<\/h2>\n<p>Machen Sie Ihr DAM-System (Digital Asset Management) noch besser mit exklusiven Funktionen, die Ihnen nur Modula4 bietet. Eine einzige, benutzerfreundliche Oberfl\u00e4che f\u00fcr alle Benutzer, flexiblere Suchoptionen, erweiterte Videoverarbeitung und detaillierte Berichterstellung sind nur einige der Funktionen, die Modula4.<\/p>\n<h3><strong><a href=\"\/\/modula4.com\/de\/produkte\/modula4-produkte\/web-module\/\" target=\"_self\" rel=\"noopener noreferrer\">Web Modul<\/a><\/strong><\/h3>\n<p>Das Web Modul ist das flexibelste Interface f\u00fcr DAM-Systeme. Benutzer k\u00f6nnen Assets suchen, browsen, sammeln, teilen und downloaden, je nachdem, wie Sie Ihnen den Zugang einrichten. Das Web Modul bietet zudem Schreibzugriff, daher k\u00f6nnen Benutzer Assets katalogisieren, Metadaten editieren, Duplikate finden und viele andere Dinge. <a class=\"contact-us\" href=\"http:\/\/www.modula4.com\/de\/produkte\/modula4-produkte\/web-module\/\">Mehr Informationen.<\/a><\/p>\n<h3><strong><a title=\"ImageSearch\" href=\"http:\/\/www.modula4.com\/de\/produkte\/modula4-produkte\/imagesearch\/\" target=\"_self\" rel=\"noopener noreferrer\">ImageSearch<\/a><\/strong><\/h3>\n<p>ImageSearch bietet Ihnen eine visuelle Suche f\u00fcr DAM-Systeme, mit der Sie Duplikate und \u00e4hnliche Bilder schnell und einfach finden. <a class=\"contact-us\" href=\"http:\/\/www.modula4.com\/de\/produkte\/modula4-produkte\/imagesearch\">Mehr Informationen.<\/a><\/p>\n<h3><strong><a title=\"AI Auto-Tagging\" href=\"http:\/\/www.modula4.com\/de\/produkte\/modula4-produkte\/ai-auto-tagging\/\" target=\"_self\" rel=\"noopener noreferrer\">AI Auto-Tagging<\/a><\/strong><\/h3>\n<p>Nutzen Sie k\u00fcnstliche Intelligenz (AI), um das Taggen Ihrer Bilder schneller und einfacher zu machen. <a class=\"contact-us\" href=\"http:\/\/www.modula4.com\/de\/produkte\/modula4-produkte\/ai-auto-tagging\/\">Mehr Informationen.<\/a><\/p>\n<h3><strong><a title=\"Reporting and Analysis\" href=\"http:\/\/www.modula4.com\/de\/produkte\/modula4-produkte\/reporting-analysis\/\">Reporting &amp; Analysis<\/a><\/strong><\/h3>\n<p>Flexibles und detailliertes Tracking und Reporting von Benutzer- und Asset-Aktivit\u00e4ten in Ihrem DAM. <a class=\"contact-us\" href=\"http:\/\/www.modula4.com\/de\/produkte\/modula4-produkte\/reporting-analysis\/\">Mehr Informationen.<\/a><\/p>\n<h3><strong><a title=\"Watermark Modul\" href=\"http:\/\/www.modula4.com\/de\/produkte\/modula4-produkte\/watermark-module\/\">Watermark Manager<\/a><\/strong><\/h3>\n<p>Konfigurierbare kontext- und berechtigungsbasierte Wasserzeichen f\u00fcr Miniaturansichten und Vorschauen. <a class=\"contact-us\" href=\"http:\/\/www.modula4.com\/de\/produkte\/modula4-produkte\/watermark-module\/\">Mehr Informationen.<\/a><\/p>\n<p><!-- DISCONTINUED\n\n\n<h3><strong><a title=\"Web Modul Productivity Pack\" href=\"http:\/\/www.modula4.com\/de\/produkte\/modula4-produkte\/web-modul-productivity-pack\/\">Web Module Productivity Pack<\/a><\/strong><\/h3>\n\n\nDas Web Module Produktivity Pack f\u00fcgt dem Web Modul noch mehr Features hinzu und macht es dadurch noch m\u00e4chtiger. Benutzer k\u00f6nnen in Stapelverarbeitung Datein hochladen oder l\u00f6schen und Metadaten editieren. F\u00fcr die meisten Nutzer kann nun das Web Modul anstelle des Cumulus Clients eingesetzt werden. <a class=\"contact-us\" href=\"http:\/\/www.modula4.com\/de\/produkte\/modula4-produkte\/web-modul-productivity-pack\/\">Mehr Informationen \u00fcber das Web Modul Productivity Pack.<\/a>\n\n\n<h3><strong><a href=\"http:\/\/www.modula4.com\/de\/produkte\/modula4-produkte\/e-commerce-add-on\/\" target=\"_self\" rel=\"noopener noreferrer\">e-Commerce Add-On<\/a><\/strong><\/h3>\n\n\nMit dem e-Commerce Add-On k\u00f6nnen Sie Ihre Assets einfach und sicher zum bezahlten Download im Internet anbieten. <a class=\"contact-us\" href=\"http:\/\/www.modula4.com\/de\/produkte\/modula4-produkte\/e-commerce-add-on\/\">Mehr Informationen \u00fcber das e-Commerce Add-On.<\/a>\n\n\n<h3><a href=\"http:\/\/www.modula4.com\/de\/produkte\/modula4-produkte\/email-order-system-pro-eosp\/\">Email Order System Pro<\/a><\/h3>\n\n\nMit dem Email Order System Pro (EOSP) bestellen Ihre Benutzer Dateien aus Cumulus einfach per E-Mail. \u00a0Der Benutzer f\u00fcllt nur ein Formular aus und die Bestellung geht dass bei Ihnen als E-Mail ein. <a href=\"http:\/\/www.modula4.com\/de\/produckte\/modula4-produkte\/email-order-system-pro-eosp\/\">Mehr Informationen \u00fcber das Email Order System Pro.<\/a>\n\n\n<h3><a href=\"http:\/\/www.modula4.com\/de\/produkte\/modula4-produkte\/cumulus-importer-cumulus-exporter\/\">Cumulus Exporter\u00a0&amp; Cumulus\u00a0Importer<\/a><\/h3>\n\n\nCumulus Exporter und Cumulus Importer bieten mehr Effektivit\u00e4t und Flexibilit\u00e4t beim Austausch von Daten zwischen Cumulus und anderen Datenbanksystemen. \u00a0<a href=\"http:\/\/www.modula4.com\/de\/produkte\/modula4-produkte\/cumulus-importer-cumulus-exporter\/\">Mehr Informationen \u00fcber\u00a0Cumulus Exporter\u00a0&amp; Cumulus\u00a0Importer.\u00a0<\/a>\n\n\n<h3><strong><a title=\"Weitere Produkte\" href=\"http:\/\/www.modula4.com\/de\/produkte\/modula4-produkte\/latest-products\/\">Weitere Produkte<\/a><\/strong><\/h3>\n\n\nErfahren Sie mehr \u00fcber weitere Produkte von Modula4. <a href=\"http:\/\/www.modula4.com\/de\/produkte\/modula4-produkte\/latest-products\/\">Mehr Details \u00fcber weitere Produkte von Modula4.<\/a>\n--><\/p>\n","protected":false},"excerpt":{"rendered":"<p>Unglaublich n\u00fctzliche Features, die Ihr DAM-System erweitern Machen Sie Ihr DAM-System (Digital Asset Management) noch besser mit exklusiven Funktionen, die Ihnen nur Modula4 bietet. Eine einzige, benutzerfreundliche Oberfl\u00e4che f\u00fcr alle Benutzer, flexiblere Suchoptionen, erweiterte Videoverarbeitung und detaillierte Berichterstellung sind nur einige der Funktionen, die Modula4. Web Modul Das Web Modul ist das flexibelste Interface f\u00fcr <a class=\"read-more\" href=\"https:\/\/www.modula4.com\/de\/produkte\/modula4-produkte\/\">&#8230; &nbsp;Weiterlesen &gt;<\/a><\/p>\n","protected":false},"author":2,"featured_media":0,"parent":5971,"menu_order":7,"comment_status":"closed","ping_status":"closed","template":"","meta":{"_monsterinsights_skip_tracking":false,"_monsterinsights_sitenote_active":false,"_monsterinsights_sitenote_note":"","_monsterinsights_sitenote_category":0,"footnotes":""},"class_list":["post-5985","page","type-page","status-publish","hentry"],"yoast_head":"<!-- This site is optimized with the Yoast SEO Premium plugin v26.4 (Yoast SEO v27.4) - https:\/\/yoast.com\/product\/yoast-seo-premium-wordpress\/ -->\n<title>Andere Modula4 Produkte - Modula4<\/title>\n<meta name=\"robots\" content=\"index, follow, max-snippet:-1, max-image-preview:large, max-video-preview:-1\" \/>\n<link rel=\"canonical\" href=\"https:\/\/www.modula4.com\/de\/produkte\/modula4-produkte\/\" \/>\n<meta property=\"og:locale\" content=\"de_DE\" \/>\n<meta property=\"og:type\" content=\"article\" \/>\n<meta property=\"og:title\" content=\"Andere Modula4 Produkte\" \/>\n<meta property=\"og:description\" content=\"Unglaublich n\u00fctzliche Features, die Ihr DAM-System erweitern Machen Sie Ihr DAM-System (Digital Asset Management) noch besser mit exklusiven Funktionen, die Ihnen nur Modula4 bietet. Eine einzige, benutzerfreundliche Oberfl\u00e4che f\u00fcr alle Benutzer, flexiblere Suchoptionen, erweiterte Videoverarbeitung und detaillierte Berichterstellung sind nur einige der Funktionen, die Modula4. Web Modul Das Web Modul ist das flexibelste Interface f\u00fcr ... &nbsp;Weiterlesen &gt;\" \/>\n<meta property=\"og:url\" content=\"https:\/\/www.modula4.com\/de\/produkte\/modula4-produkte\/\" \/>\n<meta property=\"og:site_name\" content=\"Modula4\" \/>\n<meta property=\"article:publisher\" content=\"https:\/\/www.linkedin.com\/company\/modula4\/\" \/>\n<meta property=\"article:modified_time\" content=\"2025-11-17T04:05:26+00:00\" \/>\n<meta name=\"twitter:label1\" content=\"Gesch\u00e4tzte Lesezeit\" \/>\n\t<meta name=\"twitter:data1\" content=\"1\u00a0Minute\" \/>\n<script type=\"application\/ld+json\" class=\"yoast-schema-graph\">{\"@context\":\"https:\\\/\\\/schema.org\",\"@graph\":[{\"@type\":\"WebPage\",\"@id\":\"https:\\\/\\\/www.modula4.com\\\/de\\\/produkte\\\/modula4-produkte\\\/\",\"url\":\"https:\\\/\\\/www.modula4.com\\\/de\\\/produkte\\\/modula4-produkte\\\/\",\"name\":\"Andere Modula4 Produkte - Modula4\",\"isPartOf\":{\"@id\":\"https:\\\/\\\/www.modula4.com\\\/#website\"},\"datePublished\":\"2011-02-09T15:17:26+00:00\",\"dateModified\":\"2025-11-17T04:05:26+00:00\",\"breadcrumb\":{\"@id\":\"https:\\\/\\\/www.modula4.com\\\/de\\\/produkte\\\/modula4-produkte\\\/#breadcrumb\"},\"inLanguage\":\"de\",\"potentialAction\":[{\"@type\":\"ReadAction\",\"target\":[\"https:\\\/\\\/www.modula4.com\\\/de\\\/produkte\\\/modula4-produkte\\\/\"]}]},{\"@type\":\"BreadcrumbList\",\"@id\":\"https:\\\/\\\/www.modula4.com\\\/de\\\/produkte\\\/modula4-produkte\\\/#breadcrumb\",\"itemListElement\":[{\"@type\":\"ListItem\",\"position\":1,\"name\":\"Home\",\"item\":\"https:\\\/\\\/www.modula4.com\\\/de\\\/\"},{\"@type\":\"ListItem\",\"position\":2,\"name\":\"Produkte\",\"item\":\"https:\\\/\\\/www.modula4.com\\\/de\\\/produkte\\\/\"},{\"@type\":\"ListItem\",\"position\":3,\"name\":\"Andere Modula4 Produkte\"}]},{\"@type\":\"WebSite\",\"@id\":\"https:\\\/\\\/www.modula4.com\\\/#website\",\"url\":\"https:\\\/\\\/www.modula4.com\\\/\",\"name\":\"Modula4\",\"description\":\"Dedicated Experts. Complete Solutions. Real Results.\",\"publisher\":{\"@id\":\"https:\\\/\\\/www.modula4.com\\\/#organization\"},\"potentialAction\":[{\"@type\":\"SearchAction\",\"target\":{\"@type\":\"EntryPoint\",\"urlTemplate\":\"https:\\\/\\\/www.modula4.com\\\/?s={search_term_string}\"},\"query-input\":{\"@type\":\"PropertyValueSpecification\",\"valueRequired\":true,\"valueName\":\"search_term_string\"}}],\"inLanguage\":\"de\"},{\"@type\":\"Organization\",\"@id\":\"https:\\\/\\\/www.modula4.com\\\/#organization\",\"name\":\"Modula4\",\"url\":\"https:\\\/\\\/www.modula4.com\\\/\",\"logo\":{\"@type\":\"ImageObject\",\"inLanguage\":\"de\",\"@id\":\"https:\\\/\\\/www.modula4.com\\\/#\\\/schema\\\/logo\\\/image\\\/\",\"url\":\"https:\\\/\\\/www.modula4.com\\\/wp-content\\\/uploads\\\/M4-Logo-rgb.png\",\"contentUrl\":\"https:\\\/\\\/www.modula4.com\\\/wp-content\\\/uploads\\\/M4-Logo-rgb.png\",\"width\":190,\"height\":42,\"caption\":\"Modula4\"},\"image\":{\"@id\":\"https:\\\/\\\/www.modula4.com\\\/#\\\/schema\\\/logo\\\/image\\\/\"},\"sameAs\":[\"https:\\\/\\\/www.linkedin.com\\\/company\\\/modula4\\\/\"]}]}<\/script>\n<!-- \/ Yoast SEO Premium plugin. -->","yoast_head_json":{"title":"Andere Modula4 Produkte - Modula4","robots":{"index":"index","follow":"follow","max-snippet":"max-snippet:-1","max-image-preview":"max-image-preview:large","max-video-preview":"max-video-preview:-1"},"canonical":"https:\/\/www.modula4.com\/de\/produkte\/modula4-produkte\/","og_locale":"de_DE","og_type":"article","og_title":"Andere Modula4 Produkte","og_description":"Unglaublich n\u00fctzliche Features, die Ihr DAM-System erweitern Machen Sie Ihr DAM-System (Digital Asset Management) noch besser mit exklusiven Funktionen, die Ihnen nur Modula4 bietet. Eine einzige, benutzerfreundliche Oberfl\u00e4che f\u00fcr alle Benutzer, flexiblere Suchoptionen, erweiterte Videoverarbeitung und detaillierte Berichterstellung sind nur einige der Funktionen, die Modula4. Web Modul Das Web Modul ist das flexibelste Interface f\u00fcr ... &nbsp;Weiterlesen &gt;","og_url":"https:\/\/www.modula4.com\/de\/produkte\/modula4-produkte\/","og_site_name":"Modula4","article_publisher":"https:\/\/www.linkedin.com\/company\/modula4\/","article_modified_time":"2025-11-17T04:05:26+00:00","twitter_misc":{"Gesch\u00e4tzte Lesezeit":"1\u00a0Minute"},"schema":{"@context":"https:\/\/schema.org","@graph":[{"@type":"WebPage","@id":"https:\/\/www.modula4.com\/de\/produkte\/modula4-produkte\/","url":"https:\/\/www.modula4.com\/de\/produkte\/modula4-produkte\/","name":"Andere Modula4 Produkte - Modula4","isPartOf":{"@id":"https:\/\/www.modula4.com\/#website"},"datePublished":"2011-02-09T15:17:26+00:00","dateModified":"2025-11-17T04:05:26+00:00","breadcrumb":{"@id":"https:\/\/www.modula4.com\/de\/produkte\/modula4-produkte\/#breadcrumb"},"inLanguage":"de","potentialAction":[{"@type":"ReadAction","target":["https:\/\/www.modula4.com\/de\/produkte\/modula4-produkte\/"]}]},{"@type":"BreadcrumbList","@id":"https:\/\/www.modula4.com\/de\/produkte\/modula4-produkte\/#breadcrumb","itemListElement":[{"@type":"ListItem","position":1,"name":"Home","item":"https:\/\/www.modula4.com\/de\/"},{"@type":"ListItem","position":2,"name":"Produkte","item":"https:\/\/www.modula4.com\/de\/produkte\/"},{"@type":"ListItem","position":3,"name":"Andere Modula4 Produkte"}]},{"@type":"WebSite","@id":"https:\/\/www.modula4.com\/#website","url":"https:\/\/www.modula4.com\/","name":"Modula4","description":"Dedicated Experts. Complete Solutions. Real Results.","publisher":{"@id":"https:\/\/www.modula4.com\/#organization"},"potentialAction":[{"@type":"SearchAction","target":{"@type":"EntryPoint","urlTemplate":"https:\/\/www.modula4.com\/?s={search_term_string}"},"query-input":{"@type":"PropertyValueSpecification","valueRequired":true,"valueName":"search_term_string"}}],"inLanguage":"de"},{"@type":"Organization","@id":"https:\/\/www.modula4.com\/#organization","name":"Modula4","url":"https:\/\/www.modula4.com\/","logo":{"@type":"ImageObject","inLanguage":"de","@id":"https:\/\/www.modula4.com\/#\/schema\/logo\/image\/","url":"https:\/\/www.modula4.com\/wp-content\/uploads\/M4-Logo-rgb.png","contentUrl":"https:\/\/www.modula4.com\/wp-content\/uploads\/M4-Logo-rgb.png","width":190,"height":42,"caption":"Modula4"},"image":{"@id":"https:\/\/www.modula4.com\/#\/schema\/logo\/image\/"},"sameAs":["https:\/\/www.linkedin.com\/company\/modula4\/"]}]}},"_links":{"self":[{"href":"https:\/\/www.modula4.com\/de\/wp-json\/wp\/v2\/pages\/5985","targetHints":{"allow":["GET"]}}],"collection":[{"href":"https:\/\/www.modula4.com\/de\/wp-json\/wp\/v2\/pages"}],"about":[{"href":"https:\/\/www.modula4.com\/de\/wp-json\/wp\/v2\/types\/page"}],"author":[{"embeddable":true,"href":"https:\/\/www.modula4.com\/de\/wp-json\/wp\/v2\/users\/2"}],"replies":[{"embeddable":true,"href":"https:\/\/www.modula4.com\/de\/wp-json\/wp\/v2\/comments?post=5985"}],"version-history":[{"count":65,"href":"https:\/\/www.modula4.com\/de\/wp-json\/wp\/v2\/pages\/5985\/revisions"}],"predecessor-version":[{"id":12327,"href":"https:\/\/www.modula4.com\/de\/wp-json\/wp\/v2\/pages\/5985\/revisions\/12327"}],"up":[{"embeddable":true,"href":"https:\/\/www.modula4.com\/de\/wp-json\/wp\/v2\/pages\/5971"}],"wp:attachment":[{"href":"https:\/\/www.modula4.com\/de\/wp-json\/wp\/v2\/media?parent=5985"}],"curies":[{"name":"wp","href":"https:\/\/api.w.org\/{rel}","templated":true}]}}