{"id":5975,"date":"2011-02-09T05:35:32","date_gmt":"2011-02-09T13:35:32","guid":{"rendered":"http:\/\/www.modula4.com\/kunden-case-studies\/"},"modified":"2017-02-21T06:29:52","modified_gmt":"2017-02-21T14:29:52","slug":"kunden-case-studies","status":"publish","type":"page","link":"https:\/\/www.modula4.com\/de\/unsere-kunden\/kunden-case-studies\/","title":{"rendered":"Case Studies"},"content":{"rendered":"<h2>Das sind Erfolgsgeschichten<\/h2>\n<div class=\"page\" title=\"Page 1\">\n<div class=\"layoutArea\">\n<div class=\"column\">\n<h3><span style=\"color: #000000;\"><a title=\"Alchemy Systems Fallstudie\" href=\"\/de\/unsere-kunden\/kunden-case-studies\/case-study-alchemy-systems\/\">Alchemy Systems<\/a><\/span><\/h3>\n<p>Alchemy Systems hilft mit einer innovativen Technology-Suite f\u00fchrenden Marken in der Lebensmittelindustrie, die Produktionsmitarbeiter mit Fachwissen auszustatten und die Belegschaft sicherer und produktiver zu machen. Modula4 unterst\u00fctzte Alchemy Systems bei der Verbesserung ihrer Arbeitsabl\u00e4ufe, indem sie die gemeinsame Nutzung von Dateien zwischen den einzelnen Niederlassungen beschleunigten, die Kosten f\u00fcr die Speicherung von Videos und ihre Bearbeitungszeit reduzierten, die Sicherheit f\u00fcr ihre Assets durch den Einsatz von Rechtemanagement vergr\u00f6\u00dferten und einen zentralen Speicherort f\u00fcr die Assets des gesamten Unternehmens aufsetzten.<br \/>\nLesen Sie <a title=\"Alchemy Systems Fallstudie\" href=\"\/de\/unsere-kunden\/kunden-case-studies\/case-study-alchemy-systems\/\">hier<\/a> mehr online oder laden Sie <a href=\"\/\/www.modula4.com\/wp-content\/uploads\/Modula4_Alchemy_Systems_Case_Study.pdf\" target=\"_blank\">hier<\/a> eine PDF-Datei der Fallstudie herunter (nur auf Englisch verf\u00fcgbar).<\/p>\n<h3><span style=\"color: #000000;\"><a title=\"Benefit Cosmetics Fallstudie\" href=\"\/de\/unsere-kunden\/kunden-case-studies\/case-study-benefit-cosmetics\/\">Benefit Cosmetics<\/a><\/span><\/h3>\n<p>Benefit Cosmetics, ein globaler Hersteller und H\u00e4ndler von Kosmetik, brauchte eine schnelle, sichere und effiziente M\u00f6glichkeit, Marketing- und Vertriebsmaterial, darunter gro\u00dfe POS-Dateien an ihre B\u00fcros, Boutiquen und Partner auf der ganzen Welt auszuliefern. Modula4 halfen Benefit Cosmetics mit ihrem Produkt, dem Amazon S3 Connector f\u00fcr Cumulus, sich dieser Herausforderung zu stellen.<\/p>\n<p>Lesen Sie <a title=\"Benefit Cosmetics Fallstudie\" href=\"\/de\/unsere-kunden\/kunden-case-studies\/case-study-benefit-cosmetics\/\">hier<\/a> mehr online oder laden Sie <a href=\"http:\/\/www.modula4.com\/wp-content\/uploads\/Modula4_Benefit-Cosmetics-Case-Study.pdf\" target=\"_blank\">hier<\/a> eine PDF-Datei der Fallstudie herunter (nur auf Englisch verf\u00fcgbar).<\/p>\n<h3><span style=\"color: #000000;\"><a title=\"Sandbox Studio\" href=\"\/de\/unsere-kunden\/kunden-case-studies\/case-study-sandbox-studio-creates-customized-web-portals-clients-using-multisite-modula4\/\">Sandbox Studio<\/a><\/span><\/h3>\n<p>Sandbox Studios, ein Full-Service Fotografie- und Produktionsstudio mit B\u00fcros in New York, San Francisco und Los Angeles suchte nach einem Weg, seinen Kunden den Zugriff auf die von ihnen erstellten\u00a0Bilder zu erm\u00f6glichen. Modula4 nutzte sein Multisite-Produkt, um f\u00fcr die Kunden von Sandbox individuell zugeschnittene Webportale zur Sichtung und Genehmigung der Dateien zu erstellen.<\/p>\n<p>Lesen Sie <a title=\"Sandbox Studio\" href=\"\/de\/unsere-kunden\/kunden-case-studies\/case-study-sandbox-studio-creates-customized-web-portals-clients-using-multisite-modula4\/\">hier<\/a> mehr online oder laden Sie <a href=\"http:\/\/www.modula4.com\/wp-content\/uploads\/Modula4_Sandbox-Case-Study.pdf\" target=\"_blank\">hier<\/a> eine PDF-Datei der Fallstudie herunter (nur auf Englisch verf\u00fcgbar).<\/p>\n<\/div>\n<\/div>\n<\/div>\n","protected":false},"excerpt":{"rendered":"<p>Das sind Erfolgsgeschichten Alchemy Systems Alchemy Systems hilft mit einer innovativen Technology-Suite f\u00fchrenden Marken in der Lebensmittelindustrie, die Produktionsmitarbeiter mit Fachwissen auszustatten und die Belegschaft sicherer und produktiver zu machen. Modula4 unterst\u00fctzte Alchemy Systems bei der Verbesserung ihrer Arbeitsabl\u00e4ufe, indem sie die gemeinsame Nutzung von Dateien zwischen den einzelnen Niederlassungen beschleunigten, die Kosten f\u00fcr die <a class=\"read-more\" href=\"https:\/\/www.modula4.com\/de\/unsere-kunden\/kunden-case-studies\/\">&#8230; &nbsp;Weiterlesen &gt;<\/a><\/p>\n","protected":false},"author":2,"featured_media":0,"parent":5973,"menu_order":2,"comment_status":"closed","ping_status":"closed","template":"","meta":{"_monsterinsights_skip_tracking":false,"_monsterinsights_sitenote_active":false,"_monsterinsights_sitenote_note":"","_monsterinsights_sitenote_category":0,"footnotes":""},"class_list":["post-5975","page","type-page","status-publish","hentry"],"yoast_head":"<!-- This site is optimized with the Yoast SEO Premium plugin v26.4 (Yoast SEO v27.4) - https:\/\/yoast.com\/product\/yoast-seo-premium-wordpress\/ -->\n<title>Modula4 Case Studies<\/title>\n<meta name=\"description\" content=\"Highlighting success stories of Modula4&#039;s clients including Monster Cable, Joico, Landor and Wisconsin Milk Marketing Board.\" \/>\n<meta name=\"robots\" content=\"index, follow, max-snippet:-1, max-image-preview:large, max-video-preview:-1\" \/>\n<link rel=\"canonical\" href=\"https:\/\/www.modula4.com\/de\/unsere-kunden\/kunden-case-studies\/\" \/>\n<meta property=\"og:locale\" content=\"de_DE\" \/>\n<meta property=\"og:type\" content=\"article\" \/>\n<meta property=\"og:title\" content=\"Case Studies\" \/>\n<meta property=\"og:description\" content=\"Highlighting success stories of Modula4&#039;s clients including Monster Cable, Joico, Landor and Wisconsin Milk Marketing Board.\" \/>\n<meta property=\"og:url\" content=\"https:\/\/www.modula4.com\/de\/unsere-kunden\/kunden-case-studies\/\" \/>\n<meta property=\"og:site_name\" content=\"Modula4\" \/>\n<meta property=\"article:publisher\" content=\"https:\/\/www.linkedin.com\/company\/modula4\/\" \/>\n<meta property=\"article:modified_time\" content=\"2017-02-21T14:29:52+00:00\" \/>\n<meta name=\"twitter:label1\" content=\"Gesch\u00e4tzte Lesezeit\" \/>\n\t<meta name=\"twitter:data1\" content=\"1\u00a0Minute\" \/>\n<script type=\"application\/ld+json\" class=\"yoast-schema-graph\">{\"@context\":\"https:\\\/\\\/schema.org\",\"@graph\":[{\"@type\":\"WebPage\",\"@id\":\"https:\\\/\\\/www.modula4.com\\\/de\\\/unsere-kunden\\\/kunden-case-studies\\\/\",\"url\":\"https:\\\/\\\/www.modula4.com\\\/de\\\/unsere-kunden\\\/kunden-case-studies\\\/\",\"name\":\"Modula4 Case Studies\",\"isPartOf\":{\"@id\":\"https:\\\/\\\/www.modula4.com\\\/#website\"},\"datePublished\":\"2011-02-09T13:35:32+00:00\",\"dateModified\":\"2017-02-21T14:29:52+00:00\",\"description\":\"Highlighting success stories of Modula4's clients including Monster Cable, Joico, Landor and Wisconsin Milk Marketing Board.\",\"breadcrumb\":{\"@id\":\"https:\\\/\\\/www.modula4.com\\\/de\\\/unsere-kunden\\\/kunden-case-studies\\\/#breadcrumb\"},\"inLanguage\":\"de\",\"potentialAction\":[{\"@type\":\"ReadAction\",\"target\":[\"https:\\\/\\\/www.modula4.com\\\/de\\\/unsere-kunden\\\/kunden-case-studies\\\/\"]}]},{\"@type\":\"BreadcrumbList\",\"@id\":\"https:\\\/\\\/www.modula4.com\\\/de\\\/unsere-kunden\\\/kunden-case-studies\\\/#breadcrumb\",\"itemListElement\":[{\"@type\":\"ListItem\",\"position\":1,\"name\":\"Home\",\"item\":\"https:\\\/\\\/www.modula4.com\\\/de\\\/\"},{\"@type\":\"ListItem\",\"position\":2,\"name\":\"Unsere Kunden\",\"item\":\"https:\\\/\\\/www.modula4.com\\\/de\\\/unsere-kunden\\\/\"},{\"@type\":\"ListItem\",\"position\":3,\"name\":\"Case Studies\"}]},{\"@type\":\"WebSite\",\"@id\":\"https:\\\/\\\/www.modula4.com\\\/#website\",\"url\":\"https:\\\/\\\/www.modula4.com\\\/\",\"name\":\"Modula4\",\"description\":\"Dedicated Experts. Complete Solutions. Real Results.\",\"publisher\":{\"@id\":\"https:\\\/\\\/www.modula4.com\\\/#organization\"},\"potentialAction\":[{\"@type\":\"SearchAction\",\"target\":{\"@type\":\"EntryPoint\",\"urlTemplate\":\"https:\\\/\\\/www.modula4.com\\\/?s={search_term_string}\"},\"query-input\":{\"@type\":\"PropertyValueSpecification\",\"valueRequired\":true,\"valueName\":\"search_term_string\"}}],\"inLanguage\":\"de\"},{\"@type\":\"Organization\",\"@id\":\"https:\\\/\\\/www.modula4.com\\\/#organization\",\"name\":\"Modula4\",\"url\":\"https:\\\/\\\/www.modula4.com\\\/\",\"logo\":{\"@type\":\"ImageObject\",\"inLanguage\":\"de\",\"@id\":\"https:\\\/\\\/www.modula4.com\\\/#\\\/schema\\\/logo\\\/image\\\/\",\"url\":\"https:\\\/\\\/www.modula4.com\\\/wp-content\\\/uploads\\\/M4-Logo-rgb.png\",\"contentUrl\":\"https:\\\/\\\/www.modula4.com\\\/wp-content\\\/uploads\\\/M4-Logo-rgb.png\",\"width\":190,\"height\":42,\"caption\":\"Modula4\"},\"image\":{\"@id\":\"https:\\\/\\\/www.modula4.com\\\/#\\\/schema\\\/logo\\\/image\\\/\"},\"sameAs\":[\"https:\\\/\\\/www.linkedin.com\\\/company\\\/modula4\\\/\"]}]}<\/script>\n<!-- \/ Yoast SEO Premium plugin. -->","yoast_head_json":{"title":"Modula4 Case Studies","description":"Highlighting success stories of Modula4's clients including Monster Cable, Joico, Landor and Wisconsin Milk Marketing Board.","robots":{"index":"index","follow":"follow","max-snippet":"max-snippet:-1","max-image-preview":"max-image-preview:large","max-video-preview":"max-video-preview:-1"},"canonical":"https:\/\/www.modula4.com\/de\/unsere-kunden\/kunden-case-studies\/","og_locale":"de_DE","og_type":"article","og_title":"Case Studies","og_description":"Highlighting success stories of Modula4's clients including Monster Cable, Joico, Landor and Wisconsin Milk Marketing Board.","og_url":"https:\/\/www.modula4.com\/de\/unsere-kunden\/kunden-case-studies\/","og_site_name":"Modula4","article_publisher":"https:\/\/www.linkedin.com\/company\/modula4\/","article_modified_time":"2017-02-21T14:29:52+00:00","twitter_misc":{"Gesch\u00e4tzte Lesezeit":"1\u00a0Minute"},"schema":{"@context":"https:\/\/schema.org","@graph":[{"@type":"WebPage","@id":"https:\/\/www.modula4.com\/de\/unsere-kunden\/kunden-case-studies\/","url":"https:\/\/www.modula4.com\/de\/unsere-kunden\/kunden-case-studies\/","name":"Modula4 Case Studies","isPartOf":{"@id":"https:\/\/www.modula4.com\/#website"},"datePublished":"2011-02-09T13:35:32+00:00","dateModified":"2017-02-21T14:29:52+00:00","description":"Highlighting success stories of Modula4's clients including Monster Cable, Joico, Landor and Wisconsin Milk Marketing Board.","breadcrumb":{"@id":"https:\/\/www.modula4.com\/de\/unsere-kunden\/kunden-case-studies\/#breadcrumb"},"inLanguage":"de","potentialAction":[{"@type":"ReadAction","target":["https:\/\/www.modula4.com\/de\/unsere-kunden\/kunden-case-studies\/"]}]},{"@type":"BreadcrumbList","@id":"https:\/\/www.modula4.com\/de\/unsere-kunden\/kunden-case-studies\/#breadcrumb","itemListElement":[{"@type":"ListItem","position":1,"name":"Home","item":"https:\/\/www.modula4.com\/de\/"},{"@type":"ListItem","position":2,"name":"Unsere Kunden","item":"https:\/\/www.modula4.com\/de\/unsere-kunden\/"},{"@type":"ListItem","position":3,"name":"Case Studies"}]},{"@type":"WebSite","@id":"https:\/\/www.modula4.com\/#website","url":"https:\/\/www.modula4.com\/","name":"Modula4","description":"Dedicated Experts. Complete Solutions. Real Results.","publisher":{"@id":"https:\/\/www.modula4.com\/#organization"},"potentialAction":[{"@type":"SearchAction","target":{"@type":"EntryPoint","urlTemplate":"https:\/\/www.modula4.com\/?s={search_term_string}"},"query-input":{"@type":"PropertyValueSpecification","valueRequired":true,"valueName":"search_term_string"}}],"inLanguage":"de"},{"@type":"Organization","@id":"https:\/\/www.modula4.com\/#organization","name":"Modula4","url":"https:\/\/www.modula4.com\/","logo":{"@type":"ImageObject","inLanguage":"de","@id":"https:\/\/www.modula4.com\/#\/schema\/logo\/image\/","url":"https:\/\/www.modula4.com\/wp-content\/uploads\/M4-Logo-rgb.png","contentUrl":"https:\/\/www.modula4.com\/wp-content\/uploads\/M4-Logo-rgb.png","width":190,"height":42,"caption":"Modula4"},"image":{"@id":"https:\/\/www.modula4.com\/#\/schema\/logo\/image\/"},"sameAs":["https:\/\/www.linkedin.com\/company\/modula4\/"]}]}},"_links":{"self":[{"href":"https:\/\/www.modula4.com\/de\/wp-json\/wp\/v2\/pages\/5975","targetHints":{"allow":["GET"]}}],"collection":[{"href":"https:\/\/www.modula4.com\/de\/wp-json\/wp\/v2\/pages"}],"about":[{"href":"https:\/\/www.modula4.com\/de\/wp-json\/wp\/v2\/types\/page"}],"author":[{"embeddable":true,"href":"https:\/\/www.modula4.com\/de\/wp-json\/wp\/v2\/users\/2"}],"replies":[{"embeddable":true,"href":"https:\/\/www.modula4.com\/de\/wp-json\/wp\/v2\/comments?post=5975"}],"version-history":[{"count":13,"href":"https:\/\/www.modula4.com\/de\/wp-json\/wp\/v2\/pages\/5975\/revisions"}],"predecessor-version":[{"id":9769,"href":"https:\/\/www.modula4.com\/de\/wp-json\/wp\/v2\/pages\/5975\/revisions\/9769"}],"up":[{"embeddable":true,"href":"https:\/\/www.modula4.com\/de\/wp-json\/wp\/v2\/pages\/5973"}],"wp:attachment":[{"href":"https:\/\/www.modula4.com\/de\/wp-json\/wp\/v2\/media?parent=5975"}],"curies":[{"name":"wp","href":"https:\/\/api.w.org\/{rel}","templated":true}]}}