{"id":5973,"date":"2011-02-09T05:33:43","date_gmt":"2011-02-09T10:33:43","guid":{"rendered":"http:\/\/www.modula4.com\/unsere-kunden\/"},"modified":"2017-02-14T06:27:12","modified_gmt":"2017-02-14T14:27:12","slug":"unsere-kunden","status":"publish","type":"page","link":"https:\/\/www.modula4.com\/de\/unsere-kunden\/","title":{"rendered":"Unsere Kunden"},"content":{"rendered":"<h2>Kunden, auf die wir stolz sein k\u00f6nnen<\/h2>\n<p>Eine Firma ist nur so gut wie die Kunden, f\u00fcr die sie arbeitet. Viele unserer fast vierhundert Kunden sind Marktf\u00fchrer in ihrem Bereich. Sie geh\u00f6ren so unterschiedlichen Branchen an wie Unterhaltung und Medien, Verlagswesen, Werbung und Marketing, Handel, Bildung und Verwaltung.<\/p>\n<p>Wenn Sie unser Kunde werden, befinden Sie sich in bester Gesellschaft.<\/p>\n","protected":false},"excerpt":{"rendered":"<p>Kunden, auf die wir stolz sein k\u00f6nnen Eine Firma ist nur so gut wie die Kunden, f\u00fcr die sie arbeitet. Viele unserer fast vierhundert Kunden sind Marktf\u00fchrer in ihrem Bereich. Sie geh\u00f6ren so unterschiedlichen Branchen an wie Unterhaltung und Medien, Verlagswesen, Werbung und Marketing, Handel, Bildung und Verwaltung. Wenn Sie unser Kunde werden, befinden Sie <a class=\"read-more\" href=\"https:\/\/www.modula4.com\/de\/unsere-kunden\/\">&#8230; &nbsp;Weiterlesen &gt;<\/a><\/p>\n","protected":false},"author":2,"featured_media":0,"parent":0,"menu_order":0,"comment_status":"closed","ping_status":"open","template":"page-templates\/clients.php","meta":{"_monsterinsights_skip_tracking":false,"_monsterinsights_sitenote_active":false,"_monsterinsights_sitenote_note":"","_monsterinsights_sitenote_category":0,"footnotes":""},"class_list":["post-5973","page","type-page","status-publish","hentry"],"yoast_head":"<!-- This site is optimized with the Yoast SEO Premium plugin v26.4 (Yoast SEO v27.3) - https:\/\/yoast.com\/product\/yoast-seo-premium-wordpress\/ -->\n<title>Modula4 has Clients Worth Bragging About<\/title>\n<meta name=\"description\" content=\"A company is only as good as the clients they serve and many of clients are leaders in their field.\" \/>\n<meta name=\"robots\" content=\"index, follow, max-snippet:-1, max-image-preview:large, max-video-preview:-1\" \/>\n<link rel=\"canonical\" href=\"https:\/\/www.modula4.com\/de\/unsere-kunden\/\" \/>\n<meta property=\"og:locale\" content=\"de_DE\" \/>\n<meta property=\"og:type\" content=\"article\" \/>\n<meta property=\"og:title\" content=\"Unsere Kunden\" \/>\n<meta property=\"og:description\" content=\"A company is only as good as the clients they serve and many of clients are leaders in their field.\" \/>\n<meta property=\"og:url\" content=\"https:\/\/www.modula4.com\/de\/unsere-kunden\/\" \/>\n<meta property=\"og:site_name\" content=\"Modula4\" \/>\n<meta property=\"article:publisher\" content=\"https:\/\/www.linkedin.com\/company\/modula4\/\" \/>\n<meta property=\"article:modified_time\" content=\"2017-02-14T14:27:12+00:00\" \/>\n<script type=\"application\/ld+json\" class=\"yoast-schema-graph\">{\"@context\":\"https:\\\/\\\/schema.org\",\"@graph\":[{\"@type\":\"WebPage\",\"@id\":\"https:\\\/\\\/www.modula4.com\\\/de\\\/unsere-kunden\\\/\",\"url\":\"https:\\\/\\\/www.modula4.com\\\/de\\\/unsere-kunden\\\/\",\"name\":\"Modula4 has Clients Worth Bragging About\",\"isPartOf\":{\"@id\":\"https:\\\/\\\/www.modula4.com\\\/#website\"},\"datePublished\":\"2011-02-09T10:33:43+00:00\",\"dateModified\":\"2017-02-14T14:27:12+00:00\",\"description\":\"A company is only as good as the clients they serve and many of clients are leaders in their field.\",\"breadcrumb\":{\"@id\":\"https:\\\/\\\/www.modula4.com\\\/de\\\/unsere-kunden\\\/#breadcrumb\"},\"inLanguage\":\"de\",\"potentialAction\":[{\"@type\":\"ReadAction\",\"target\":[\"https:\\\/\\\/www.modula4.com\\\/de\\\/unsere-kunden\\\/\"]}]},{\"@type\":\"BreadcrumbList\",\"@id\":\"https:\\\/\\\/www.modula4.com\\\/de\\\/unsere-kunden\\\/#breadcrumb\",\"itemListElement\":[{\"@type\":\"ListItem\",\"position\":1,\"name\":\"Home\",\"item\":\"https:\\\/\\\/www.modula4.com\\\/de\\\/\"},{\"@type\":\"ListItem\",\"position\":2,\"name\":\"Unsere Kunden\"}]},{\"@type\":\"WebSite\",\"@id\":\"https:\\\/\\\/www.modula4.com\\\/#website\",\"url\":\"https:\\\/\\\/www.modula4.com\\\/\",\"name\":\"Modula4\",\"description\":\"Dedicated Experts. Complete Solutions. Real Results.\",\"publisher\":{\"@id\":\"https:\\\/\\\/www.modula4.com\\\/#organization\"},\"potentialAction\":[{\"@type\":\"SearchAction\",\"target\":{\"@type\":\"EntryPoint\",\"urlTemplate\":\"https:\\\/\\\/www.modula4.com\\\/?s={search_term_string}\"},\"query-input\":{\"@type\":\"PropertyValueSpecification\",\"valueRequired\":true,\"valueName\":\"search_term_string\"}}],\"inLanguage\":\"de\"},{\"@type\":\"Organization\",\"@id\":\"https:\\\/\\\/www.modula4.com\\\/#organization\",\"name\":\"Modula4\",\"url\":\"https:\\\/\\\/www.modula4.com\\\/\",\"logo\":{\"@type\":\"ImageObject\",\"inLanguage\":\"de\",\"@id\":\"https:\\\/\\\/www.modula4.com\\\/#\\\/schema\\\/logo\\\/image\\\/\",\"url\":\"https:\\\/\\\/www.modula4.com\\\/wp-content\\\/uploads\\\/M4-Logo-rgb.png\",\"contentUrl\":\"https:\\\/\\\/www.modula4.com\\\/wp-content\\\/uploads\\\/M4-Logo-rgb.png\",\"width\":190,\"height\":42,\"caption\":\"Modula4\"},\"image\":{\"@id\":\"https:\\\/\\\/www.modula4.com\\\/#\\\/schema\\\/logo\\\/image\\\/\"},\"sameAs\":[\"https:\\\/\\\/www.linkedin.com\\\/company\\\/modula4\\\/\"]}]}<\/script>\n<!-- \/ Yoast SEO Premium plugin. -->","yoast_head_json":{"title":"Modula4 has Clients Worth Bragging About","description":"A company is only as good as the clients they serve and many of clients are leaders in their field.","robots":{"index":"index","follow":"follow","max-snippet":"max-snippet:-1","max-image-preview":"max-image-preview:large","max-video-preview":"max-video-preview:-1"},"canonical":"https:\/\/www.modula4.com\/de\/unsere-kunden\/","og_locale":"de_DE","og_type":"article","og_title":"Unsere Kunden","og_description":"A company is only as good as the clients they serve and many of clients are leaders in their field.","og_url":"https:\/\/www.modula4.com\/de\/unsere-kunden\/","og_site_name":"Modula4","article_publisher":"https:\/\/www.linkedin.com\/company\/modula4\/","article_modified_time":"2017-02-14T14:27:12+00:00","schema":{"@context":"https:\/\/schema.org","@graph":[{"@type":"WebPage","@id":"https:\/\/www.modula4.com\/de\/unsere-kunden\/","url":"https:\/\/www.modula4.com\/de\/unsere-kunden\/","name":"Modula4 has Clients Worth Bragging About","isPartOf":{"@id":"https:\/\/www.modula4.com\/#website"},"datePublished":"2011-02-09T10:33:43+00:00","dateModified":"2017-02-14T14:27:12+00:00","description":"A company is only as good as the clients they serve and many of clients are leaders in their field.","breadcrumb":{"@id":"https:\/\/www.modula4.com\/de\/unsere-kunden\/#breadcrumb"},"inLanguage":"de","potentialAction":[{"@type":"ReadAction","target":["https:\/\/www.modula4.com\/de\/unsere-kunden\/"]}]},{"@type":"BreadcrumbList","@id":"https:\/\/www.modula4.com\/de\/unsere-kunden\/#breadcrumb","itemListElement":[{"@type":"ListItem","position":1,"name":"Home","item":"https:\/\/www.modula4.com\/de\/"},{"@type":"ListItem","position":2,"name":"Unsere Kunden"}]},{"@type":"WebSite","@id":"https:\/\/www.modula4.com\/#website","url":"https:\/\/www.modula4.com\/","name":"Modula4","description":"Dedicated Experts. Complete Solutions. Real Results.","publisher":{"@id":"https:\/\/www.modula4.com\/#organization"},"potentialAction":[{"@type":"SearchAction","target":{"@type":"EntryPoint","urlTemplate":"https:\/\/www.modula4.com\/?s={search_term_string}"},"query-input":{"@type":"PropertyValueSpecification","valueRequired":true,"valueName":"search_term_string"}}],"inLanguage":"de"},{"@type":"Organization","@id":"https:\/\/www.modula4.com\/#organization","name":"Modula4","url":"https:\/\/www.modula4.com\/","logo":{"@type":"ImageObject","inLanguage":"de","@id":"https:\/\/www.modula4.com\/#\/schema\/logo\/image\/","url":"https:\/\/www.modula4.com\/wp-content\/uploads\/M4-Logo-rgb.png","contentUrl":"https:\/\/www.modula4.com\/wp-content\/uploads\/M4-Logo-rgb.png","width":190,"height":42,"caption":"Modula4"},"image":{"@id":"https:\/\/www.modula4.com\/#\/schema\/logo\/image\/"},"sameAs":["https:\/\/www.linkedin.com\/company\/modula4\/"]}]}},"_links":{"self":[{"href":"https:\/\/www.modula4.com\/de\/wp-json\/wp\/v2\/pages\/5973","targetHints":{"allow":["GET"]}}],"collection":[{"href":"https:\/\/www.modula4.com\/de\/wp-json\/wp\/v2\/pages"}],"about":[{"href":"https:\/\/www.modula4.com\/de\/wp-json\/wp\/v2\/types\/page"}],"author":[{"embeddable":true,"href":"https:\/\/www.modula4.com\/de\/wp-json\/wp\/v2\/users\/2"}],"replies":[{"embeddable":true,"href":"https:\/\/www.modula4.com\/de\/wp-json\/wp\/v2\/comments?post=5973"}],"version-history":[{"count":4,"href":"https:\/\/www.modula4.com\/de\/wp-json\/wp\/v2\/pages\/5973\/revisions"}],"predecessor-version":[{"id":9627,"href":"https:\/\/www.modula4.com\/de\/wp-json\/wp\/v2\/pages\/5973\/revisions\/9627"}],"wp:attachment":[{"href":"https:\/\/www.modula4.com\/de\/wp-json\/wp\/v2\/media?parent=5973"}],"curies":[{"name":"wp","href":"https:\/\/api.w.org\/{rel}","templated":true}]}}