{"id":5971,"date":"2011-02-09T05:31:06","date_gmt":"2011-02-09T10:31:06","guid":{"rendered":"http:\/\/www.modula4.com\/produkte\/"},"modified":"2014-11-13T07:24:25","modified_gmt":"2014-11-13T15:24:25","slug":"produkte","status":"publish","type":"page","link":"https:\/\/www.modula4.com\/de\/produkte\/","title":{"rendered":"Produkte"},"content":{"rendered":"<h2> Die besten L\u00f6sungen beruhen auf guten Produkten<\/h2>\n<p>Modula4 bietet die f\u00fchrenden Produkte f\u00fcr Digital Asset Management und Publishing Workflow Systeme an. Dar\u00fcber hinaus entwickeln wir Tools und Module, die Ihnen die Flexibilit\u00e4t und Effizienz erm\u00f6glichen, die Sie ben\u00f6tigen. Unsere Produkte bilden die Basis f\u00fcr umfassende L\u00f6sungen, die Ihren Workflow verbessern.<\/p>\n<p>Unsere Produkte setzen den Industriestandard, denn sie erf\u00fcllen die folgenden Schl\u00fcsselmerkmale:<\/p>\n<p style=\"padding-left: 30px;\"><strong> Flexibilit\u00e4t<em> \u2013<\/em><\/strong> Alle unsere Produkte k\u00f6nnen f\u00fcr Sie eingerichtet und auf Ihre spezifischen Bed\u00fcrfnisse angepasst werden.<\/p>\n<p style=\"padding-left: 30px;\"><strong> Skalierbarkeit<em> \u2013 <\/em><\/strong>Unsere Produkte sind modular aufgebaut. Daher brauchen Sie nur die Funktionen zu erwerben, die sie ben\u00f6tigen, von einzelnen Arbeitspl\u00e4tzen bis hin zu komplexen L\u00f6sungen f\u00fcr Gro\u00dfunternehmen. Bei steigendem Bedarf k\u00f6nnen Sie Schritt f\u00fcr Schritt weitere Funktionen hinzuf\u00fcgen und dadurch die Anschaffungskosten niedrig halten.<\/p>\n<p style=\"padding-left: 30px;\"><strong> Effizienz<em> \u2013<\/em><\/strong> Unsere Produkte steigern die Effizienz Ihres Workflows und damit die Kosteneffizienz Ihres Unternehmens. Wir achten darauf, dass Sie den optimalen Return on Investment erzielen.<\/p>\n<p style=\"padding-left: 30px;\"><strong> Verl\u00e4sslichkeit<em> \u2013<\/em><\/strong> Zu den wichtigsten Eigenschaften unserer Produkte geh\u00f6rt die Verl\u00e4sslichkeit. Da wir umfassenden Support f\u00fcr alles leisten, was wir verkaufen, bieten wir Ihnen nur die stabilsten und zuverl\u00e4ssigsten Produkte an, die der Markt bereith\u00e4lt.<\/p>\n","protected":false},"excerpt":{"rendered":"<p>Die besten L\u00f6sungen beruhen auf guten Produkten Modula4 bietet die f\u00fchrenden Produkte f\u00fcr Digital Asset Management und Publishing Workflow Systeme an. Dar\u00fcber hinaus entwickeln wir Tools und Module, die Ihnen die Flexibilit\u00e4t und Effizienz erm\u00f6glichen, die Sie ben\u00f6tigen. Unsere Produkte bilden die Basis f\u00fcr umfassende L\u00f6sungen, die Ihren Workflow verbessern. Unsere Produkte setzen den Industriestandard, <a class=\"read-more\" href=\"https:\/\/www.modula4.com\/de\/produkte\/\">&#8230; &nbsp;Weiterlesen &gt;<\/a><\/p>\n","protected":false},"author":2,"featured_media":0,"parent":0,"menu_order":2,"comment_status":"closed","ping_status":"closed","template":"","meta":{"_monsterinsights_skip_tracking":false,"_monsterinsights_sitenote_active":false,"_monsterinsights_sitenote_note":"","_monsterinsights_sitenote_category":0,"footnotes":""},"class_list":["post-5971","page","type-page","status-publish","hentry"],"yoast_head":"<!-- This site is optimized with the Yoast SEO Premium plugin v26.4 (Yoast SEO v27.3) - https:\/\/yoast.com\/product\/yoast-seo-premium-wordpress\/ -->\n<title>Produkte - Modula4<\/title>\n<meta name=\"robots\" content=\"index, follow, max-snippet:-1, max-image-preview:large, max-video-preview:-1\" \/>\n<link rel=\"canonical\" href=\"https:\/\/www.modula4.com\/de\/produkte\/\" \/>\n<meta property=\"og:locale\" content=\"de_DE\" \/>\n<meta property=\"og:type\" content=\"article\" \/>\n<meta property=\"og:title\" content=\"Produkte\" \/>\n<meta property=\"og:description\" content=\"Die besten L\u00f6sungen beruhen auf guten Produkten Modula4 bietet die f\u00fchrenden Produkte f\u00fcr Digital Asset Management und Publishing Workflow Systeme an. Dar\u00fcber hinaus entwickeln wir Tools und Module, die Ihnen die Flexibilit\u00e4t und Effizienz erm\u00f6glichen, die Sie ben\u00f6tigen. Unsere Produkte bilden die Basis f\u00fcr umfassende L\u00f6sungen, die Ihren Workflow verbessern. Unsere Produkte setzen den Industriestandard, ... &nbsp;Weiterlesen &gt;\" \/>\n<meta property=\"og:url\" content=\"https:\/\/www.modula4.com\/de\/produkte\/\" \/>\n<meta property=\"og:site_name\" content=\"Modula4\" \/>\n<meta property=\"article:publisher\" content=\"https:\/\/www.linkedin.com\/company\/modula4\/\" \/>\n<meta property=\"article:modified_time\" content=\"2014-11-13T15:24:25+00:00\" \/>\n<meta name=\"twitter:label1\" content=\"Gesch\u00e4tzte Lesezeit\" \/>\n\t<meta name=\"twitter:data1\" content=\"1\u00a0Minute\" \/>\n<script type=\"application\/ld+json\" class=\"yoast-schema-graph\">{\"@context\":\"https:\\\/\\\/schema.org\",\"@graph\":[{\"@type\":\"WebPage\",\"@id\":\"https:\\\/\\\/www.modula4.com\\\/de\\\/produkte\\\/\",\"url\":\"https:\\\/\\\/www.modula4.com\\\/de\\\/produkte\\\/\",\"name\":\"Produkte - Modula4\",\"isPartOf\":{\"@id\":\"https:\\\/\\\/www.modula4.com\\\/#website\"},\"datePublished\":\"2011-02-09T10:31:06+00:00\",\"dateModified\":\"2014-11-13T15:24:25+00:00\",\"breadcrumb\":{\"@id\":\"https:\\\/\\\/www.modula4.com\\\/de\\\/produkte\\\/#breadcrumb\"},\"inLanguage\":\"de\",\"potentialAction\":[{\"@type\":\"ReadAction\",\"target\":[\"https:\\\/\\\/www.modula4.com\\\/de\\\/produkte\\\/\"]}]},{\"@type\":\"BreadcrumbList\",\"@id\":\"https:\\\/\\\/www.modula4.com\\\/de\\\/produkte\\\/#breadcrumb\",\"itemListElement\":[{\"@type\":\"ListItem\",\"position\":1,\"name\":\"Home\",\"item\":\"https:\\\/\\\/www.modula4.com\\\/de\\\/\"},{\"@type\":\"ListItem\",\"position\":2,\"name\":\"Produkte\"}]},{\"@type\":\"WebSite\",\"@id\":\"https:\\\/\\\/www.modula4.com\\\/#website\",\"url\":\"https:\\\/\\\/www.modula4.com\\\/\",\"name\":\"Modula4\",\"description\":\"Dedicated Experts. Complete Solutions. Real Results.\",\"publisher\":{\"@id\":\"https:\\\/\\\/www.modula4.com\\\/#organization\"},\"potentialAction\":[{\"@type\":\"SearchAction\",\"target\":{\"@type\":\"EntryPoint\",\"urlTemplate\":\"https:\\\/\\\/www.modula4.com\\\/?s={search_term_string}\"},\"query-input\":{\"@type\":\"PropertyValueSpecification\",\"valueRequired\":true,\"valueName\":\"search_term_string\"}}],\"inLanguage\":\"de\"},{\"@type\":\"Organization\",\"@id\":\"https:\\\/\\\/www.modula4.com\\\/#organization\",\"name\":\"Modula4\",\"url\":\"https:\\\/\\\/www.modula4.com\\\/\",\"logo\":{\"@type\":\"ImageObject\",\"inLanguage\":\"de\",\"@id\":\"https:\\\/\\\/www.modula4.com\\\/#\\\/schema\\\/logo\\\/image\\\/\",\"url\":\"https:\\\/\\\/www.modula4.com\\\/wp-content\\\/uploads\\\/M4-Logo-rgb.png\",\"contentUrl\":\"https:\\\/\\\/www.modula4.com\\\/wp-content\\\/uploads\\\/M4-Logo-rgb.png\",\"width\":190,\"height\":42,\"caption\":\"Modula4\"},\"image\":{\"@id\":\"https:\\\/\\\/www.modula4.com\\\/#\\\/schema\\\/logo\\\/image\\\/\"},\"sameAs\":[\"https:\\\/\\\/www.linkedin.com\\\/company\\\/modula4\\\/\"]}]}<\/script>\n<!-- \/ Yoast SEO Premium plugin. -->","yoast_head_json":{"title":"Produkte - Modula4","robots":{"index":"index","follow":"follow","max-snippet":"max-snippet:-1","max-image-preview":"max-image-preview:large","max-video-preview":"max-video-preview:-1"},"canonical":"https:\/\/www.modula4.com\/de\/produkte\/","og_locale":"de_DE","og_type":"article","og_title":"Produkte","og_description":"Die besten L\u00f6sungen beruhen auf guten Produkten Modula4 bietet die f\u00fchrenden Produkte f\u00fcr Digital Asset Management und Publishing Workflow Systeme an. Dar\u00fcber hinaus entwickeln wir Tools und Module, die Ihnen die Flexibilit\u00e4t und Effizienz erm\u00f6glichen, die Sie ben\u00f6tigen. Unsere Produkte bilden die Basis f\u00fcr umfassende L\u00f6sungen, die Ihren Workflow verbessern. Unsere Produkte setzen den Industriestandard, ... &nbsp;Weiterlesen &gt;","og_url":"https:\/\/www.modula4.com\/de\/produkte\/","og_site_name":"Modula4","article_publisher":"https:\/\/www.linkedin.com\/company\/modula4\/","article_modified_time":"2014-11-13T15:24:25+00:00","twitter_misc":{"Gesch\u00e4tzte Lesezeit":"1\u00a0Minute"},"schema":{"@context":"https:\/\/schema.org","@graph":[{"@type":"WebPage","@id":"https:\/\/www.modula4.com\/de\/produkte\/","url":"https:\/\/www.modula4.com\/de\/produkte\/","name":"Produkte - Modula4","isPartOf":{"@id":"https:\/\/www.modula4.com\/#website"},"datePublished":"2011-02-09T10:31:06+00:00","dateModified":"2014-11-13T15:24:25+00:00","breadcrumb":{"@id":"https:\/\/www.modula4.com\/de\/produkte\/#breadcrumb"},"inLanguage":"de","potentialAction":[{"@type":"ReadAction","target":["https:\/\/www.modula4.com\/de\/produkte\/"]}]},{"@type":"BreadcrumbList","@id":"https:\/\/www.modula4.com\/de\/produkte\/#breadcrumb","itemListElement":[{"@type":"ListItem","position":1,"name":"Home","item":"https:\/\/www.modula4.com\/de\/"},{"@type":"ListItem","position":2,"name":"Produkte"}]},{"@type":"WebSite","@id":"https:\/\/www.modula4.com\/#website","url":"https:\/\/www.modula4.com\/","name":"Modula4","description":"Dedicated Experts. Complete Solutions. Real Results.","publisher":{"@id":"https:\/\/www.modula4.com\/#organization"},"potentialAction":[{"@type":"SearchAction","target":{"@type":"EntryPoint","urlTemplate":"https:\/\/www.modula4.com\/?s={search_term_string}"},"query-input":{"@type":"PropertyValueSpecification","valueRequired":true,"valueName":"search_term_string"}}],"inLanguage":"de"},{"@type":"Organization","@id":"https:\/\/www.modula4.com\/#organization","name":"Modula4","url":"https:\/\/www.modula4.com\/","logo":{"@type":"ImageObject","inLanguage":"de","@id":"https:\/\/www.modula4.com\/#\/schema\/logo\/image\/","url":"https:\/\/www.modula4.com\/wp-content\/uploads\/M4-Logo-rgb.png","contentUrl":"https:\/\/www.modula4.com\/wp-content\/uploads\/M4-Logo-rgb.png","width":190,"height":42,"caption":"Modula4"},"image":{"@id":"https:\/\/www.modula4.com\/#\/schema\/logo\/image\/"},"sameAs":["https:\/\/www.linkedin.com\/company\/modula4\/"]}]}},"_links":{"self":[{"href":"https:\/\/www.modula4.com\/de\/wp-json\/wp\/v2\/pages\/5971","targetHints":{"allow":["GET"]}}],"collection":[{"href":"https:\/\/www.modula4.com\/de\/wp-json\/wp\/v2\/pages"}],"about":[{"href":"https:\/\/www.modula4.com\/de\/wp-json\/wp\/v2\/types\/page"}],"author":[{"embeddable":true,"href":"https:\/\/www.modula4.com\/de\/wp-json\/wp\/v2\/users\/2"}],"replies":[{"embeddable":true,"href":"https:\/\/www.modula4.com\/de\/wp-json\/wp\/v2\/comments?post=5971"}],"version-history":[{"count":1,"href":"https:\/\/www.modula4.com\/de\/wp-json\/wp\/v2\/pages\/5971\/revisions"}],"predecessor-version":[{"id":6533,"href":"https:\/\/www.modula4.com\/de\/wp-json\/wp\/v2\/pages\/5971\/revisions\/6533"}],"wp:attachment":[{"href":"https:\/\/www.modula4.com\/de\/wp-json\/wp\/v2\/media?parent=5971"}],"curies":[{"name":"wp","href":"https:\/\/api.w.org\/{rel}","templated":true}]}}