{"id":5969,"date":"2011-02-09T05:28:51","date_gmt":"2011-02-09T10:28:51","guid":{"rendered":"http:\/\/www.modula4.com\/dienstleistungen\/"},"modified":"2015-06-10T01:41:24","modified_gmt":"2015-06-10T08:41:24","slug":"dienstleistungen","status":"publish","type":"page","link":"https:\/\/www.modula4.com\/de\/dienstleistungen\/","title":{"rendered":"Dienstleistungen"},"content":{"rendered":"<h2>Expertenservice f\u00fcr Ihre Bed\u00fcrfnisse<\/h2>\n<p>Wir bieten die Produkte der Weltmarktf\u00fchrer. Doch unsere gut ausgebildeten Mitarbeiter haben das technische Spitzenwissen, um einzigartige L\u00f6sungen f\u00fcr Sie zu entwickeln und einzurichten. Wir sorgen daf\u00fcr, dass Sie den besten Service und exzellenten Support erhalten.<\/p>\n<p>Dienst f\u00fcr den Kunden ist unsere Kerngesch\u00e4ft. Unsere Mitarbeiter haben vertieftes Wissen in Programmierung, Entwicklung, Installation und Wartung. Wir legen gro\u00dfen Wert darauf, dass unsere Mitarbeiter sich st\u00e4ndig weiterbilden<\/p>\n<p>Unser Dienstleistungsangebot:<\/p>\n<p><strong><a href=\"beratung\/\" target=\"_self\"> Beratung<\/a> \u2013 <\/strong>Wir analysieren Ihre Bed\u00fcrfnisse und entwickeln die beste L\u00f6sung f\u00fcr Sie. Unsere Experten haben Erfahrung; Sie k\u00f6nnen sich auf ihren Rat verlassen.<\/p>\n<p><strong><a href=\"einrichtung\/\" target=\"_self\"> Einrichtung <\/a> \u2013 <\/strong>Unsere Techniker installieren alle Komponenten, die Sie ben\u00f6tigen. Sie implementieren die Standards f\u00fcr Metadaten, richten die Nutzerrechte ein, optimieren die Settings ihrer Infrastruktur, integrieren die Software in Ihr System und testen alles umfassend.<\/p>\n<p><strong><a href=\"training\/\" target=\"_self\">Training<\/a> \u2013 <\/strong>Unsere gut ausgebildeten Trainer gehen individuell auf Ihre Bed\u00fcrfnisse ein. Die Trainings sind jeweils spezifisch auf Ihre Systeme und Ihre Nutzerrollen ausgerichtet.<\/p>\n<p><strong><a href=\"anpassungen\/\">Anpassungen<\/a> \u2013 <\/strong>Wir k\u00f6nnen nahezu jede von Ihnen gew\u00fcnschte Funktion einf\u00fcgen und in Ihr System integrieren.<\/p>\n<p><strong><a href=\"support\/\" target=\"_self\">Support<\/a> \u2013 <\/strong>Unser Support-Team wird immer den richtigen Weg f\u00fcr Sie finden. Wir haben das technische Know-How, um auch verzwickte Probleme zu l\u00f6sen.<\/p>\n<p>Von der Planung und Entwicklung \u00fcber die Installation bis hin zu Training und Support \u2013 wir haben f\u00fcr alle Bereiche Experten. Modula4 liefert Ihnen perfekt angepasste L\u00f6sungen.<\/p>\n","protected":false},"excerpt":{"rendered":"<p>Expertenservice f\u00fcr Ihre Bed\u00fcrfnisse Wir bieten die Produkte der Weltmarktf\u00fchrer. Doch unsere gut ausgebildeten Mitarbeiter haben das technische Spitzenwissen, um einzigartige L\u00f6sungen f\u00fcr Sie zu entwickeln und einzurichten. Wir sorgen daf\u00fcr, dass Sie den besten Service und exzellenten Support erhalten. Dienst f\u00fcr den Kunden ist unsere Kerngesch\u00e4ft. Unsere Mitarbeiter haben vertieftes Wissen in Programmierung, Entwicklung, <a class=\"read-more\" href=\"https:\/\/www.modula4.com\/de\/dienstleistungen\/\">&#8230; &nbsp;Weiterlesen &gt;<\/a><\/p>\n","protected":false},"author":2,"featured_media":0,"parent":0,"menu_order":1,"comment_status":"closed","ping_status":"open","template":"","meta":{"_monsterinsights_skip_tracking":false,"_monsterinsights_sitenote_active":false,"_monsterinsights_sitenote_note":"","_monsterinsights_sitenote_category":0,"footnotes":""},"class_list":["post-5969","page","type-page","status-publish","hentry"],"yoast_head":"<!-- This site is optimized with the Yoast SEO Premium plugin v26.4 (Yoast SEO v27.4) - https:\/\/yoast.com\/product\/yoast-seo-premium-wordpress\/ -->\n<title>Services<\/title>\n<meta name=\"description\" content=\"Services from Modula4 for Digital Asset Management and publishing workflow systems , including Canto Cumulus and WoodWing\" \/>\n<meta name=\"robots\" content=\"index, follow, max-snippet:-1, max-image-preview:large, max-video-preview:-1\" \/>\n<link rel=\"canonical\" href=\"https:\/\/www.modula4.com\/de\/dienstleistungen\/\" \/>\n<meta property=\"og:locale\" content=\"de_DE\" \/>\n<meta property=\"og:type\" content=\"article\" \/>\n<meta property=\"og:title\" content=\"Dienstleistungen\" \/>\n<meta property=\"og:description\" content=\"Services from Modula4 for Digital Asset Management and publishing workflow systems , including Canto Cumulus and WoodWing\" \/>\n<meta property=\"og:url\" content=\"https:\/\/www.modula4.com\/de\/dienstleistungen\/\" \/>\n<meta property=\"og:site_name\" content=\"Modula4\" \/>\n<meta property=\"article:publisher\" content=\"https:\/\/www.linkedin.com\/company\/modula4\/\" \/>\n<meta property=\"article:modified_time\" content=\"2015-06-10T08:41:24+00:00\" \/>\n<meta name=\"twitter:label1\" content=\"Gesch\u00e4tzte Lesezeit\" \/>\n\t<meta name=\"twitter:data1\" content=\"1\u00a0Minute\" \/>\n<script type=\"application\/ld+json\" class=\"yoast-schema-graph\">{\"@context\":\"https:\\\/\\\/schema.org\",\"@graph\":[{\"@type\":\"WebPage\",\"@id\":\"https:\\\/\\\/www.modula4.com\\\/de\\\/dienstleistungen\\\/\",\"url\":\"https:\\\/\\\/www.modula4.com\\\/de\\\/dienstleistungen\\\/\",\"name\":\"Services\",\"isPartOf\":{\"@id\":\"https:\\\/\\\/www.modula4.com\\\/#website\"},\"datePublished\":\"2011-02-09T10:28:51+00:00\",\"dateModified\":\"2015-06-10T08:41:24+00:00\",\"description\":\"Services from Modula4 for Digital Asset Management and publishing workflow systems , including Canto Cumulus and WoodWing\",\"breadcrumb\":{\"@id\":\"https:\\\/\\\/www.modula4.com\\\/de\\\/dienstleistungen\\\/#breadcrumb\"},\"inLanguage\":\"de\",\"potentialAction\":[{\"@type\":\"ReadAction\",\"target\":[\"https:\\\/\\\/www.modula4.com\\\/de\\\/dienstleistungen\\\/\"]}]},{\"@type\":\"BreadcrumbList\",\"@id\":\"https:\\\/\\\/www.modula4.com\\\/de\\\/dienstleistungen\\\/#breadcrumb\",\"itemListElement\":[{\"@type\":\"ListItem\",\"position\":1,\"name\":\"Home\",\"item\":\"https:\\\/\\\/www.modula4.com\\\/de\\\/\"},{\"@type\":\"ListItem\",\"position\":2,\"name\":\"Dienstleistungen\"}]},{\"@type\":\"WebSite\",\"@id\":\"https:\\\/\\\/www.modula4.com\\\/#website\",\"url\":\"https:\\\/\\\/www.modula4.com\\\/\",\"name\":\"Modula4\",\"description\":\"Dedicated Experts. Complete Solutions. Real Results.\",\"publisher\":{\"@id\":\"https:\\\/\\\/www.modula4.com\\\/#organization\"},\"potentialAction\":[{\"@type\":\"SearchAction\",\"target\":{\"@type\":\"EntryPoint\",\"urlTemplate\":\"https:\\\/\\\/www.modula4.com\\\/?s={search_term_string}\"},\"query-input\":{\"@type\":\"PropertyValueSpecification\",\"valueRequired\":true,\"valueName\":\"search_term_string\"}}],\"inLanguage\":\"de\"},{\"@type\":\"Organization\",\"@id\":\"https:\\\/\\\/www.modula4.com\\\/#organization\",\"name\":\"Modula4\",\"url\":\"https:\\\/\\\/www.modula4.com\\\/\",\"logo\":{\"@type\":\"ImageObject\",\"inLanguage\":\"de\",\"@id\":\"https:\\\/\\\/www.modula4.com\\\/#\\\/schema\\\/logo\\\/image\\\/\",\"url\":\"https:\\\/\\\/www.modula4.com\\\/wp-content\\\/uploads\\\/M4-Logo-rgb.png\",\"contentUrl\":\"https:\\\/\\\/www.modula4.com\\\/wp-content\\\/uploads\\\/M4-Logo-rgb.png\",\"width\":190,\"height\":42,\"caption\":\"Modula4\"},\"image\":{\"@id\":\"https:\\\/\\\/www.modula4.com\\\/#\\\/schema\\\/logo\\\/image\\\/\"},\"sameAs\":[\"https:\\\/\\\/www.linkedin.com\\\/company\\\/modula4\\\/\"]}]}<\/script>\n<!-- \/ Yoast SEO Premium plugin. -->","yoast_head_json":{"title":"Services","description":"Services from Modula4 for Digital Asset Management and publishing workflow systems , including Canto Cumulus and WoodWing","robots":{"index":"index","follow":"follow","max-snippet":"max-snippet:-1","max-image-preview":"max-image-preview:large","max-video-preview":"max-video-preview:-1"},"canonical":"https:\/\/www.modula4.com\/de\/dienstleistungen\/","og_locale":"de_DE","og_type":"article","og_title":"Dienstleistungen","og_description":"Services from Modula4 for Digital Asset Management and publishing workflow systems , including Canto Cumulus and WoodWing","og_url":"https:\/\/www.modula4.com\/de\/dienstleistungen\/","og_site_name":"Modula4","article_publisher":"https:\/\/www.linkedin.com\/company\/modula4\/","article_modified_time":"2015-06-10T08:41:24+00:00","twitter_misc":{"Gesch\u00e4tzte Lesezeit":"1\u00a0Minute"},"schema":{"@context":"https:\/\/schema.org","@graph":[{"@type":"WebPage","@id":"https:\/\/www.modula4.com\/de\/dienstleistungen\/","url":"https:\/\/www.modula4.com\/de\/dienstleistungen\/","name":"Services","isPartOf":{"@id":"https:\/\/www.modula4.com\/#website"},"datePublished":"2011-02-09T10:28:51+00:00","dateModified":"2015-06-10T08:41:24+00:00","description":"Services from Modula4 for Digital Asset Management and publishing workflow systems , including Canto Cumulus and WoodWing","breadcrumb":{"@id":"https:\/\/www.modula4.com\/de\/dienstleistungen\/#breadcrumb"},"inLanguage":"de","potentialAction":[{"@type":"ReadAction","target":["https:\/\/www.modula4.com\/de\/dienstleistungen\/"]}]},{"@type":"BreadcrumbList","@id":"https:\/\/www.modula4.com\/de\/dienstleistungen\/#breadcrumb","itemListElement":[{"@type":"ListItem","position":1,"name":"Home","item":"https:\/\/www.modula4.com\/de\/"},{"@type":"ListItem","position":2,"name":"Dienstleistungen"}]},{"@type":"WebSite","@id":"https:\/\/www.modula4.com\/#website","url":"https:\/\/www.modula4.com\/","name":"Modula4","description":"Dedicated Experts. Complete Solutions. Real Results.","publisher":{"@id":"https:\/\/www.modula4.com\/#organization"},"potentialAction":[{"@type":"SearchAction","target":{"@type":"EntryPoint","urlTemplate":"https:\/\/www.modula4.com\/?s={search_term_string}"},"query-input":{"@type":"PropertyValueSpecification","valueRequired":true,"valueName":"search_term_string"}}],"inLanguage":"de"},{"@type":"Organization","@id":"https:\/\/www.modula4.com\/#organization","name":"Modula4","url":"https:\/\/www.modula4.com\/","logo":{"@type":"ImageObject","inLanguage":"de","@id":"https:\/\/www.modula4.com\/#\/schema\/logo\/image\/","url":"https:\/\/www.modula4.com\/wp-content\/uploads\/M4-Logo-rgb.png","contentUrl":"https:\/\/www.modula4.com\/wp-content\/uploads\/M4-Logo-rgb.png","width":190,"height":42,"caption":"Modula4"},"image":{"@id":"https:\/\/www.modula4.com\/#\/schema\/logo\/image\/"},"sameAs":["https:\/\/www.linkedin.com\/company\/modula4\/"]}]}},"_links":{"self":[{"href":"https:\/\/www.modula4.com\/de\/wp-json\/wp\/v2\/pages\/5969","targetHints":{"allow":["GET"]}}],"collection":[{"href":"https:\/\/www.modula4.com\/de\/wp-json\/wp\/v2\/pages"}],"about":[{"href":"https:\/\/www.modula4.com\/de\/wp-json\/wp\/v2\/types\/page"}],"author":[{"embeddable":true,"href":"https:\/\/www.modula4.com\/de\/wp-json\/wp\/v2\/users\/2"}],"replies":[{"embeddable":true,"href":"https:\/\/www.modula4.com\/de\/wp-json\/wp\/v2\/comments?post=5969"}],"version-history":[{"count":3,"href":"https:\/\/www.modula4.com\/de\/wp-json\/wp\/v2\/pages\/5969\/revisions"}],"predecessor-version":[{"id":8336,"href":"https:\/\/www.modula4.com\/de\/wp-json\/wp\/v2\/pages\/5969\/revisions\/8336"}],"wp:attachment":[{"href":"https:\/\/www.modula4.com\/de\/wp-json\/wp\/v2\/media?parent=5969"}],"curies":[{"name":"wp","href":"https:\/\/api.w.org\/{rel}","templated":true}]}}