{"id":5965,"date":"2011-02-07T20:37:26","date_gmt":"2011-02-08T01:37:26","guid":{"rendered":"http:\/\/www.modula4.com\/uber-uns\/"},"modified":"2017-02-13T06:42:03","modified_gmt":"2017-02-13T14:42:03","slug":"uber-uns","status":"publish","type":"page","link":"https:\/\/www.modula4.com\/de\/uber-uns\/","title":{"rendered":"\u00dcber Uns"},"content":{"rendered":"<h2>Engagierte Experten. Umfassende L\u00f6sungen. Sp\u00fcrbare Erfolge.<\/h2>\n<p>Modula4 bietet L\u00f6sungen f\u00fcr die effiziente weltweite Verwaltung, Verfolgung und Verwaltung Ihrer Marketing-Materialien und anderen wertvollen digitalen Assets. Zu unseren Kunden geh\u00f6ren f\u00fchrende internationale Marken und Unternehmen aus den verschiedensten Bereichen, u. a. Handel, Medien &amp; Unterhaltung, Marketing, Verlagswesen, \u00f6ffentliche Einrichtungen und Bildung. Wir sind ein internationales Team von herausragenden Workflow-Spezialisten, Experten f\u00fcr technische Integration und Programmierung, Support und Kundenservice. Die Zufriedenheit unserer Kunden ist unser Kerngesch\u00e4ft.<\/p>\n<p>Unsere technische Expertise und die Erfahrung mit der Perfektionierung von Workflow-Prozessen stellen wir gern auch Ihnen zur Verf\u00fcgung, um Ihr Unternehmen noch effizienter und produktiver zu machen.<\/p>\n<p>Wir haben seit mehr als 12 Jahren fast vierhundert Kunden geholfen, von kleinen Teams bis hin zu transnationalen Unternehmen. F\u00fcr die Zufriedenheit unserer Kunden spricht auch, dass 90 % ihren Vertrag verl\u00e4ngern. In den Vereinigten Staaten sind wir in den letzten vier Jahren der erfolgreichste Cumulus Partner gewesen, inzwischen sind wir auch weltweit f\u00fchrend.<\/p>\n<p>Wir haben so vielen Kunden geholfen. Was k\u00f6nnen wir f\u00fcr Sie tun? <a title=\"Request Information\" href=\"http:\/\/www.modula4.com\/de\/kontakt\"\">Fragen Sie uns.<\/a><br \/>\n&nbsp;<\/p>\n","protected":false},"excerpt":{"rendered":"<p>Engagierte Experten. Umfassende L\u00f6sungen. Sp\u00fcrbare Erfolge. Modula4 bietet L\u00f6sungen f\u00fcr die effiziente weltweite Verwaltung, Verfolgung und Verwaltung Ihrer Marketing-Materialien und anderen wertvollen digitalen Assets. Zu unseren Kunden geh\u00f6ren f\u00fchrende internationale Marken und Unternehmen aus den verschiedensten Bereichen, u. a. Handel, Medien &amp; Unterhaltung, Marketing, Verlagswesen, \u00f6ffentliche Einrichtungen und Bildung. Wir sind ein internationales Team von <a class=\"read-more\" href=\"https:\/\/www.modula4.com\/de\/uber-uns\/\">&#8230; &nbsp;Weiterlesen &gt;<\/a><\/p>\n","protected":false},"author":2,"featured_media":0,"parent":0,"menu_order":0,"comment_status":"closed","ping_status":"open","template":"","meta":{"_monsterinsights_skip_tracking":false,"_monsterinsights_sitenote_active":false,"_monsterinsights_sitenote_note":"","_monsterinsights_sitenote_category":0,"footnotes":""},"class_list":["post-5965","page","type-page","status-publish","hentry"],"yoast_head":"<!-- This site is optimized with the Yoast SEO Premium plugin v26.4 (Yoast SEO v27.4) - https:\/\/yoast.com\/product\/yoast-seo-premium-wordpress\/ -->\n<title>About Modula4<\/title>\n<meta name=\"description\" content=\"Modula4 provides Digital Asset Management and publishing workflow solutions for clients in a wide variety of industries.\" \/>\n<meta name=\"robots\" content=\"index, follow, max-snippet:-1, max-image-preview:large, max-video-preview:-1\" \/>\n<link rel=\"canonical\" href=\"https:\/\/www.modula4.com\/de\/uber-uns\/\" \/>\n<meta property=\"og:locale\" content=\"de_DE\" \/>\n<meta property=\"og:type\" content=\"article\" \/>\n<meta property=\"og:title\" content=\"\u00dcber Uns\" \/>\n<meta property=\"og:description\" content=\"Modula4 provides Digital Asset Management and publishing workflow solutions for clients in a wide variety of industries.\" \/>\n<meta property=\"og:url\" content=\"https:\/\/www.modula4.com\/de\/uber-uns\/\" \/>\n<meta property=\"og:site_name\" content=\"Modula4\" \/>\n<meta property=\"article:publisher\" content=\"https:\/\/www.linkedin.com\/company\/modula4\/\" \/>\n<meta property=\"article:modified_time\" content=\"2017-02-13T14:42:03+00:00\" \/>\n<meta name=\"twitter:label1\" content=\"Gesch\u00e4tzte Lesezeit\" \/>\n\t<meta name=\"twitter:data1\" content=\"1\u00a0Minute\" \/>\n<script type=\"application\/ld+json\" class=\"yoast-schema-graph\">{\"@context\":\"https:\\\/\\\/schema.org\",\"@graph\":[{\"@type\":\"WebPage\",\"@id\":\"https:\\\/\\\/www.modula4.com\\\/de\\\/uber-uns\\\/\",\"url\":\"https:\\\/\\\/www.modula4.com\\\/de\\\/uber-uns\\\/\",\"name\":\"About Modula4\",\"isPartOf\":{\"@id\":\"https:\\\/\\\/www.modula4.com\\\/#website\"},\"datePublished\":\"2011-02-08T01:37:26+00:00\",\"dateModified\":\"2017-02-13T14:42:03+00:00\",\"description\":\"Modula4 provides Digital Asset Management and publishing workflow solutions for clients in a wide variety of industries.\",\"breadcrumb\":{\"@id\":\"https:\\\/\\\/www.modula4.com\\\/de\\\/uber-uns\\\/#breadcrumb\"},\"inLanguage\":\"de\",\"potentialAction\":[{\"@type\":\"ReadAction\",\"target\":[\"https:\\\/\\\/www.modula4.com\\\/de\\\/uber-uns\\\/\"]}]},{\"@type\":\"BreadcrumbList\",\"@id\":\"https:\\\/\\\/www.modula4.com\\\/de\\\/uber-uns\\\/#breadcrumb\",\"itemListElement\":[{\"@type\":\"ListItem\",\"position\":1,\"name\":\"Home\",\"item\":\"https:\\\/\\\/www.modula4.com\\\/de\\\/\"},{\"@type\":\"ListItem\",\"position\":2,\"name\":\"\u00dcber Uns\"}]},{\"@type\":\"WebSite\",\"@id\":\"https:\\\/\\\/www.modula4.com\\\/#website\",\"url\":\"https:\\\/\\\/www.modula4.com\\\/\",\"name\":\"Modula4\",\"description\":\"Dedicated Experts. Complete Solutions. Real Results.\",\"publisher\":{\"@id\":\"https:\\\/\\\/www.modula4.com\\\/#organization\"},\"potentialAction\":[{\"@type\":\"SearchAction\",\"target\":{\"@type\":\"EntryPoint\",\"urlTemplate\":\"https:\\\/\\\/www.modula4.com\\\/?s={search_term_string}\"},\"query-input\":{\"@type\":\"PropertyValueSpecification\",\"valueRequired\":true,\"valueName\":\"search_term_string\"}}],\"inLanguage\":\"de\"},{\"@type\":\"Organization\",\"@id\":\"https:\\\/\\\/www.modula4.com\\\/#organization\",\"name\":\"Modula4\",\"url\":\"https:\\\/\\\/www.modula4.com\\\/\",\"logo\":{\"@type\":\"ImageObject\",\"inLanguage\":\"de\",\"@id\":\"https:\\\/\\\/www.modula4.com\\\/#\\\/schema\\\/logo\\\/image\\\/\",\"url\":\"https:\\\/\\\/www.modula4.com\\\/wp-content\\\/uploads\\\/M4-Logo-rgb.png\",\"contentUrl\":\"https:\\\/\\\/www.modula4.com\\\/wp-content\\\/uploads\\\/M4-Logo-rgb.png\",\"width\":190,\"height\":42,\"caption\":\"Modula4\"},\"image\":{\"@id\":\"https:\\\/\\\/www.modula4.com\\\/#\\\/schema\\\/logo\\\/image\\\/\"},\"sameAs\":[\"https:\\\/\\\/www.linkedin.com\\\/company\\\/modula4\\\/\"]}]}<\/script>\n<!-- \/ Yoast SEO Premium plugin. -->","yoast_head_json":{"title":"About Modula4","description":"Modula4 provides Digital Asset Management and publishing workflow solutions for clients in a wide variety of industries.","robots":{"index":"index","follow":"follow","max-snippet":"max-snippet:-1","max-image-preview":"max-image-preview:large","max-video-preview":"max-video-preview:-1"},"canonical":"https:\/\/www.modula4.com\/de\/uber-uns\/","og_locale":"de_DE","og_type":"article","og_title":"\u00dcber Uns","og_description":"Modula4 provides Digital Asset Management and publishing workflow solutions for clients in a wide variety of industries.","og_url":"https:\/\/www.modula4.com\/de\/uber-uns\/","og_site_name":"Modula4","article_publisher":"https:\/\/www.linkedin.com\/company\/modula4\/","article_modified_time":"2017-02-13T14:42:03+00:00","twitter_misc":{"Gesch\u00e4tzte Lesezeit":"1\u00a0Minute"},"schema":{"@context":"https:\/\/schema.org","@graph":[{"@type":"WebPage","@id":"https:\/\/www.modula4.com\/de\/uber-uns\/","url":"https:\/\/www.modula4.com\/de\/uber-uns\/","name":"About Modula4","isPartOf":{"@id":"https:\/\/www.modula4.com\/#website"},"datePublished":"2011-02-08T01:37:26+00:00","dateModified":"2017-02-13T14:42:03+00:00","description":"Modula4 provides Digital Asset Management and publishing workflow solutions for clients in a wide variety of industries.","breadcrumb":{"@id":"https:\/\/www.modula4.com\/de\/uber-uns\/#breadcrumb"},"inLanguage":"de","potentialAction":[{"@type":"ReadAction","target":["https:\/\/www.modula4.com\/de\/uber-uns\/"]}]},{"@type":"BreadcrumbList","@id":"https:\/\/www.modula4.com\/de\/uber-uns\/#breadcrumb","itemListElement":[{"@type":"ListItem","position":1,"name":"Home","item":"https:\/\/www.modula4.com\/de\/"},{"@type":"ListItem","position":2,"name":"\u00dcber Uns"}]},{"@type":"WebSite","@id":"https:\/\/www.modula4.com\/#website","url":"https:\/\/www.modula4.com\/","name":"Modula4","description":"Dedicated Experts. Complete Solutions. Real Results.","publisher":{"@id":"https:\/\/www.modula4.com\/#organization"},"potentialAction":[{"@type":"SearchAction","target":{"@type":"EntryPoint","urlTemplate":"https:\/\/www.modula4.com\/?s={search_term_string}"},"query-input":{"@type":"PropertyValueSpecification","valueRequired":true,"valueName":"search_term_string"}}],"inLanguage":"de"},{"@type":"Organization","@id":"https:\/\/www.modula4.com\/#organization","name":"Modula4","url":"https:\/\/www.modula4.com\/","logo":{"@type":"ImageObject","inLanguage":"de","@id":"https:\/\/www.modula4.com\/#\/schema\/logo\/image\/","url":"https:\/\/www.modula4.com\/wp-content\/uploads\/M4-Logo-rgb.png","contentUrl":"https:\/\/www.modula4.com\/wp-content\/uploads\/M4-Logo-rgb.png","width":190,"height":42,"caption":"Modula4"},"image":{"@id":"https:\/\/www.modula4.com\/#\/schema\/logo\/image\/"},"sameAs":["https:\/\/www.linkedin.com\/company\/modula4\/"]}]}},"_links":{"self":[{"href":"https:\/\/www.modula4.com\/de\/wp-json\/wp\/v2\/pages\/5965","targetHints":{"allow":["GET"]}}],"collection":[{"href":"https:\/\/www.modula4.com\/de\/wp-json\/wp\/v2\/pages"}],"about":[{"href":"https:\/\/www.modula4.com\/de\/wp-json\/wp\/v2\/types\/page"}],"author":[{"embeddable":true,"href":"https:\/\/www.modula4.com\/de\/wp-json\/wp\/v2\/users\/2"}],"replies":[{"embeddable":true,"href":"https:\/\/www.modula4.com\/de\/wp-json\/wp\/v2\/comments?post=5965"}],"version-history":[{"count":5,"href":"https:\/\/www.modula4.com\/de\/wp-json\/wp\/v2\/pages\/5965\/revisions"}],"predecessor-version":[{"id":9578,"href":"https:\/\/www.modula4.com\/de\/wp-json\/wp\/v2\/pages\/5965\/revisions\/9578"}],"wp:attachment":[{"href":"https:\/\/www.modula4.com\/de\/wp-json\/wp\/v2\/media?parent=5965"}],"curies":[{"name":"wp","href":"https:\/\/api.w.org\/{rel}","templated":true}]}}