{"id":12306,"date":"2025-10-27T16:55:39","date_gmt":"2025-10-27T23:55:39","guid":{"rendered":"https:\/\/www.modula4.com\/mediahub\/"},"modified":"2025-11-14T15:40:50","modified_gmt":"2025-11-14T23:40:50","slug":"mediahub","status":"publish","type":"page","link":"https:\/\/www.modula4.com\/de\/produkte\/mediahub\/","title":{"rendered":"MediaHub"},"content":{"rendered":"<h2>Konfigurier- und anpassbare DAM-Oberfl\u00e4che mit individuellem Branding\n <\/h2>\n<p>MediaHub ist die flexibelste DAM-Benutzeroberfl\u00e4che auf dem Markt. Es ist ein einfach zu bedienendes Self-Service-Portal, eine Anwenderschulung ist nicht erforderlich.\nPr\u00e4sentieren und teilen Sie Ihre Assets so, wie es am besten zu Ihren Benutzern passt.\u00a0<\/p>\n<p><a href=\"https:\/\/www.modula4.com\/wp-content\/uploads\/MediaHub-de-1.png\"><img loading=\"lazy\" decoding=\"async\" class=\"aligncenter size-full wp-image-12301\" src=\"https:\/\/www.modula4.com\/wp-content\/uploads\/MediaHub-de-1.png\" alt=\"\" width=\"1997\" height=\"1152\" srcset=\"https:\/\/www.modula4.com\/wp-content\/uploads\/MediaHub-de-1.png 1997w, https:\/\/www.modula4.com\/wp-content\/uploads\/MediaHub-de-1-1040x600.png 1040w, https:\/\/www.modula4.com\/wp-content\/uploads\/MediaHub-de-1-1387x800.png 1387w, https:\/\/www.modula4.com\/wp-content\/uploads\/MediaHub-de-1-150x87.png 150w, https:\/\/www.modula4.com\/wp-content\/uploads\/MediaHub-de-1-768x443.png 768w, https:\/\/www.modula4.com\/wp-content\/uploads\/MediaHub-de-1-1536x886.png 1536w, https:\/\/www.modula4.com\/wp-content\/uploads\/MediaHub-de-1-456x263.png 456w\" sizes=\"auto, (max-width: 1997px) 100vw, 1997px\" \/><\/a><\/p>\n<p>Eigenschaften und Vorteile<\/p>\n<ul>\n<li>\u00dcbersichtlich und intuitiv gestaltet, Anwenderschulung nicht erforderlich<\/li>\n<li>Blitzschnelles Suchen, St\u00f6bern, Sammeln, Herunterladen und Teilen<\/li>\n<li>Erstellung, Verwaltung und Freigabe von Sammlungen\u00a0<\/li>\n<li>DAM-unabh\u00e4ngig: mit verschiedenen DAM-Systemen kompatibel<\/li>\n<li>Multi-Site: individuelles Branding f\u00fcr jede Abteilung, jedes Projekt oder jeden Kunden\u00a0<\/li>\n<li>Einfach zu konfigurieren und anzupassen:\n<ul>\n<li>Theme-basiert<\/li>\n<li>Anpassung der Themes \u00fcber intuitives UI<\/li>\n<li>Unterst\u00fctzt helle und dunkle Themes<\/li>\n<\/ul>\n<\/li>\n<\/ul>\n<p>Nutzen Sie MediaHub, wie es ist, oder integrieren Sie Ihr eigenes Branding, inklusive Logo, Farben und Schriftarten, \u00fcber eine einfache und intuitive Benutzeroberfl\u00e4che. Als Agentur k\u00f6nnen Sie Ihre Arbeit \u00fcber ein f\u00fcr jeden Kunden individuell gestaltetes Portal bereitstellen. Die Konfiguration ist kinderleicht.Zudem haben wir MediaHub so konzipiert, dass es gem\u00e4\u00df Ihren Anforderungen erweitert und angepasst werden kann. Das Hinzuf\u00fcgen von Integrationen, automatisierten Workflows und neuen Funktionen ist ganz einfach.<\/p>\n<p>MediaHub enth\u00e4lt Sprachpakete f\u00fcr Deutsch, Englisch, Spanisch und Franz\u00f6sisch. Weitere Sprachen k\u00f6nnen hinzugef\u00fcgt werden.<\/p>\n<p><a href=\"\/\/modula4.com\/de\/kontakt\/\/\">Kontaktieren Sie uns,<\/a> um mehr \u00fcber MediaHub zu erfahren.<\/p>\n\n\n<p><\/p>\n","protected":false},"excerpt":{"rendered":"<p>Konfigurier- und anpassbare DAM-Oberfl\u00e4che mit individuellem Branding MediaHub ist die flexibelste DAM-Benutzeroberfl\u00e4che auf dem Markt. Es ist ein einfach zu bedienendes Self-Service-Portal, eine Anwenderschulung ist nicht erforderlich. Pr\u00e4sentieren und teilen Sie Ihre Assets so, wie es am besten zu Ihren Benutzern passt.\u00a0 Eigenschaften und Vorteile \u00dcbersichtlich und intuitiv gestaltet, Anwenderschulung nicht erforderlich Blitzschnelles Suchen, St\u00f6bern, <a class=\"read-more\" href=\"https:\/\/www.modula4.com\/de\/produkte\/mediahub\/\">&#8230; &nbsp;Weiterlesen &gt;<\/a><\/p>\n","protected":false},"author":2,"featured_media":0,"parent":5971,"menu_order":1,"comment_status":"closed","ping_status":"closed","template":"","meta":{"_monsterinsights_skip_tracking":false,"_monsterinsights_sitenote_active":false,"_monsterinsights_sitenote_note":"","_monsterinsights_sitenote_category":0,"footnotes":""},"class_list":["post-12306","page","type-page","status-publish","hentry"],"yoast_head":"<!-- This site is optimized with the Yoast SEO Premium plugin v26.4 (Yoast SEO v27.4) - https:\/\/yoast.com\/product\/yoast-seo-premium-wordpress\/ -->\n<title>MediaHub - Modula4<\/title>\n<meta name=\"description\" content=\"MediaHub is simply the most flexible DAM interface available. It\u2019s an easy to use self-service portal. No user training needed. Present and distribute your assets to every user in the way that suits them best.\u00a0\" \/>\n<meta name=\"robots\" content=\"index, follow, max-snippet:-1, max-image-preview:large, max-video-preview:-1\" \/>\n<link rel=\"canonical\" href=\"https:\/\/www.modula4.com\/de\/mediahub\/\" \/>\n<meta property=\"og:locale\" content=\"de_DE\" \/>\n<meta property=\"og:type\" content=\"article\" \/>\n<meta property=\"og:title\" content=\"MediaHub\" \/>\n<meta property=\"og:description\" content=\"MediaHub is simply the most flexible DAM interface available. It\u2019s an easy to use self-service portal. No user training needed. Present and distribute your assets to every user in the way that suits them best.\u00a0\" \/>\n<meta property=\"og:url\" content=\"https:\/\/www.modula4.com\/de\/mediahub\/\" \/>\n<meta property=\"og:site_name\" content=\"Modula4\" \/>\n<meta property=\"article:publisher\" content=\"https:\/\/www.linkedin.com\/company\/modula4\/\" \/>\n<meta property=\"article:modified_time\" content=\"2025-11-14T23:40:50+00:00\" \/>\n<meta property=\"og:image\" content=\"https:\/\/www.modula4.com\/wp-content\/uploads\/MediaHub-de-1.png\" \/>\n\t<meta property=\"og:image:width\" content=\"1997\" \/>\n\t<meta property=\"og:image:height\" content=\"1152\" \/>\n\t<meta property=\"og:image:type\" content=\"image\/png\" \/>\n<meta name=\"twitter:label1\" content=\"Gesch\u00e4tzte Lesezeit\" \/>\n\t<meta name=\"twitter:data1\" content=\"2\u00a0Minuten\" \/>\n<script type=\"application\/ld+json\" class=\"yoast-schema-graph\">{\"@context\":\"https:\\\/\\\/schema.org\",\"@graph\":[{\"@type\":\"WebPage\",\"@id\":\"https:\\\/\\\/www.modula4.com\\\/de\\\/mediahub\\\/\",\"url\":\"https:\\\/\\\/www.modula4.com\\\/de\\\/mediahub\\\/\",\"name\":\"MediaHub - Modula4\",\"isPartOf\":{\"@id\":\"https:\\\/\\\/www.modula4.com\\\/#website\"},\"primaryImageOfPage\":{\"@id\":\"https:\\\/\\\/www.modula4.com\\\/de\\\/mediahub\\\/#primaryimage\"},\"image\":{\"@id\":\"https:\\\/\\\/www.modula4.com\\\/de\\\/mediahub\\\/#primaryimage\"},\"thumbnailUrl\":\"https:\\\/\\\/www.modula4.com\\\/wp-content\\\/uploads\\\/MediaHub-de-1.png\",\"datePublished\":\"2025-10-27T23:55:39+00:00\",\"dateModified\":\"2025-11-14T23:40:50+00:00\",\"description\":\"MediaHub is simply the most flexible DAM interface available. It\u2019s an easy to use self-service portal. No user training needed. Present and distribute your assets to every user in the way that suits them best.\u00a0\",\"breadcrumb\":{\"@id\":\"https:\\\/\\\/www.modula4.com\\\/de\\\/mediahub\\\/#breadcrumb\"},\"inLanguage\":\"de\",\"potentialAction\":[{\"@type\":\"ReadAction\",\"target\":[\"https:\\\/\\\/www.modula4.com\\\/de\\\/mediahub\\\/\"]}]},{\"@type\":\"ImageObject\",\"inLanguage\":\"de\",\"@id\":\"https:\\\/\\\/www.modula4.com\\\/de\\\/mediahub\\\/#primaryimage\",\"url\":\"https:\\\/\\\/www.modula4.com\\\/wp-content\\\/uploads\\\/MediaHub-de-1.png\",\"contentUrl\":\"https:\\\/\\\/www.modula4.com\\\/wp-content\\\/uploads\\\/MediaHub-de-1.png\"},{\"@type\":\"BreadcrumbList\",\"@id\":\"https:\\\/\\\/www.modula4.com\\\/de\\\/mediahub\\\/#breadcrumb\",\"itemListElement\":[{\"@type\":\"ListItem\",\"position\":1,\"name\":\"Home\",\"item\":\"https:\\\/\\\/www.modula4.com\\\/de\\\/\"},{\"@type\":\"ListItem\",\"position\":2,\"name\":\"MediaHub\"}]},{\"@type\":\"WebSite\",\"@id\":\"https:\\\/\\\/www.modula4.com\\\/#website\",\"url\":\"https:\\\/\\\/www.modula4.com\\\/\",\"name\":\"Modula4\",\"description\":\"Dedicated Experts. Complete Solutions. Real Results.\",\"publisher\":{\"@id\":\"https:\\\/\\\/www.modula4.com\\\/#organization\"},\"potentialAction\":[{\"@type\":\"SearchAction\",\"target\":{\"@type\":\"EntryPoint\",\"urlTemplate\":\"https:\\\/\\\/www.modula4.com\\\/?s={search_term_string}\"},\"query-input\":{\"@type\":\"PropertyValueSpecification\",\"valueRequired\":true,\"valueName\":\"search_term_string\"}}],\"inLanguage\":\"de\"},{\"@type\":\"Organization\",\"@id\":\"https:\\\/\\\/www.modula4.com\\\/#organization\",\"name\":\"Modula4\",\"url\":\"https:\\\/\\\/www.modula4.com\\\/\",\"logo\":{\"@type\":\"ImageObject\",\"inLanguage\":\"de\",\"@id\":\"https:\\\/\\\/www.modula4.com\\\/#\\\/schema\\\/logo\\\/image\\\/\",\"url\":\"https:\\\/\\\/www.modula4.com\\\/wp-content\\\/uploads\\\/M4-Logo-rgb.png\",\"contentUrl\":\"https:\\\/\\\/www.modula4.com\\\/wp-content\\\/uploads\\\/M4-Logo-rgb.png\",\"width\":190,\"height\":42,\"caption\":\"Modula4\"},\"image\":{\"@id\":\"https:\\\/\\\/www.modula4.com\\\/#\\\/schema\\\/logo\\\/image\\\/\"},\"sameAs\":[\"https:\\\/\\\/www.linkedin.com\\\/company\\\/modula4\\\/\"]}]}<\/script>\n<!-- \/ Yoast SEO Premium plugin. -->","yoast_head_json":{"title":"MediaHub - Modula4","description":"MediaHub is simply the most flexible DAM interface available. It\u2019s an easy to use self-service portal. No user training needed. Present and distribute your assets to every user in the way that suits them best.\u00a0","robots":{"index":"index","follow":"follow","max-snippet":"max-snippet:-1","max-image-preview":"max-image-preview:large","max-video-preview":"max-video-preview:-1"},"canonical":"https:\/\/www.modula4.com\/de\/mediahub\/","og_locale":"de_DE","og_type":"article","og_title":"MediaHub","og_description":"MediaHub is simply the most flexible DAM interface available. It\u2019s an easy to use self-service portal. No user training needed. Present and distribute your assets to every user in the way that suits them best.\u00a0","og_url":"https:\/\/www.modula4.com\/de\/mediahub\/","og_site_name":"Modula4","article_publisher":"https:\/\/www.linkedin.com\/company\/modula4\/","article_modified_time":"2025-11-14T23:40:50+00:00","og_image":[{"width":1997,"height":1152,"url":"https:\/\/www.modula4.com\/wp-content\/uploads\/MediaHub-de-1.png","type":"image\/png"}],"twitter_misc":{"Gesch\u00e4tzte Lesezeit":"2\u00a0Minuten"},"schema":{"@context":"https:\/\/schema.org","@graph":[{"@type":"WebPage","@id":"https:\/\/www.modula4.com\/de\/mediahub\/","url":"https:\/\/www.modula4.com\/de\/mediahub\/","name":"MediaHub - Modula4","isPartOf":{"@id":"https:\/\/www.modula4.com\/#website"},"primaryImageOfPage":{"@id":"https:\/\/www.modula4.com\/de\/mediahub\/#primaryimage"},"image":{"@id":"https:\/\/www.modula4.com\/de\/mediahub\/#primaryimage"},"thumbnailUrl":"https:\/\/www.modula4.com\/wp-content\/uploads\/MediaHub-de-1.png","datePublished":"2025-10-27T23:55:39+00:00","dateModified":"2025-11-14T23:40:50+00:00","description":"MediaHub is simply the most flexible DAM interface available. It\u2019s an easy to use self-service portal. No user training needed. Present and distribute your assets to every user in the way that suits them best.\u00a0","breadcrumb":{"@id":"https:\/\/www.modula4.com\/de\/mediahub\/#breadcrumb"},"inLanguage":"de","potentialAction":[{"@type":"ReadAction","target":["https:\/\/www.modula4.com\/de\/mediahub\/"]}]},{"@type":"ImageObject","inLanguage":"de","@id":"https:\/\/www.modula4.com\/de\/mediahub\/#primaryimage","url":"https:\/\/www.modula4.com\/wp-content\/uploads\/MediaHub-de-1.png","contentUrl":"https:\/\/www.modula4.com\/wp-content\/uploads\/MediaHub-de-1.png"},{"@type":"BreadcrumbList","@id":"https:\/\/www.modula4.com\/de\/mediahub\/#breadcrumb","itemListElement":[{"@type":"ListItem","position":1,"name":"Home","item":"https:\/\/www.modula4.com\/de\/"},{"@type":"ListItem","position":2,"name":"MediaHub"}]},{"@type":"WebSite","@id":"https:\/\/www.modula4.com\/#website","url":"https:\/\/www.modula4.com\/","name":"Modula4","description":"Dedicated Experts. Complete Solutions. Real Results.","publisher":{"@id":"https:\/\/www.modula4.com\/#organization"},"potentialAction":[{"@type":"SearchAction","target":{"@type":"EntryPoint","urlTemplate":"https:\/\/www.modula4.com\/?s={search_term_string}"},"query-input":{"@type":"PropertyValueSpecification","valueRequired":true,"valueName":"search_term_string"}}],"inLanguage":"de"},{"@type":"Organization","@id":"https:\/\/www.modula4.com\/#organization","name":"Modula4","url":"https:\/\/www.modula4.com\/","logo":{"@type":"ImageObject","inLanguage":"de","@id":"https:\/\/www.modula4.com\/#\/schema\/logo\/image\/","url":"https:\/\/www.modula4.com\/wp-content\/uploads\/M4-Logo-rgb.png","contentUrl":"https:\/\/www.modula4.com\/wp-content\/uploads\/M4-Logo-rgb.png","width":190,"height":42,"caption":"Modula4"},"image":{"@id":"https:\/\/www.modula4.com\/#\/schema\/logo\/image\/"},"sameAs":["https:\/\/www.linkedin.com\/company\/modula4\/"]}]}},"_links":{"self":[{"href":"https:\/\/www.modula4.com\/de\/wp-json\/wp\/v2\/pages\/12306","targetHints":{"allow":["GET"]}}],"collection":[{"href":"https:\/\/www.modula4.com\/de\/wp-json\/wp\/v2\/pages"}],"about":[{"href":"https:\/\/www.modula4.com\/de\/wp-json\/wp\/v2\/types\/page"}],"author":[{"embeddable":true,"href":"https:\/\/www.modula4.com\/de\/wp-json\/wp\/v2\/users\/2"}],"replies":[{"embeddable":true,"href":"https:\/\/www.modula4.com\/de\/wp-json\/wp\/v2\/comments?post=12306"}],"version-history":[{"count":6,"href":"https:\/\/www.modula4.com\/de\/wp-json\/wp\/v2\/pages\/12306\/revisions"}],"predecessor-version":[{"id":12318,"href":"https:\/\/www.modula4.com\/de\/wp-json\/wp\/v2\/pages\/12306\/revisions\/12318"}],"up":[{"embeddable":true,"href":"https:\/\/www.modula4.com\/de\/wp-json\/wp\/v2\/pages\/5971"}],"wp:attachment":[{"href":"https:\/\/www.modula4.com\/de\/wp-json\/wp\/v2\/media?parent=12306"}],"curies":[{"name":"wp","href":"https:\/\/api.w.org\/{rel}","templated":true}]}}