{"id":12158,"date":"2011-02-09T05:41:14","date_gmt":"2011-02-09T13:41:14","guid":{"rendered":"https:\/\/www.modula4.com\/uber-uns\/our-team\/"},"modified":"2024-08-16T15:00:21","modified_gmt":"2024-08-16T22:00:21","slug":"our-team","status":"publish","type":"page","link":"https:\/\/www.modula4.com\/de\/uber-uns\/our-team\/","title":{"rendered":"Unser Team"},"content":{"rendered":"<h2>Exzellenz und Erfahrung f\u00fcr Sie<\/h2>\n<h3>Jon Hornstein &#8211; President<\/h3>\n<p>Jon Hornstein ist f\u00fcr den Verkauf, das Marketing und das Management der Firma zust\u00e4ndig. Die Zufriedenheit der Kunden ist sein oberstes Ziel, wie auch das Wohl seiner Mitarbeiter. Sowohl als Anbieter als auch als Kunde von Digital Asset Management und Publishing Systemen verf\u00fcgt Jon \u00fcber mehr als 20 Jahre Erfahrung in der Branche.<\/p>\n<p>Jon war zuletzt Direktor von NASA Images beim Internet Archive. Dort hat er in Zusammenarbeit mit der NASA ein Projekt geleitet, welches das weltweit gr\u00f6\u00dfte Repositorium f\u00fcr Medien der NASA auf einer einzelnen Internetseite geschaffen hat. Zuvor hat Jon als General Manager f\u00fcr Erickson Productions gearbeitet, eine Medien- und Lizensierungsagentur, davor als Vizepr\u00e4sident f\u00fcr Unternehmensstrategie der Digital Media Solution Group von iXL, einer Medien- und eCommerce-Agentur. Seine berufliche Karriere hat er als Gr\u00fcnder und Leiter des technischen Service von Canto begonnen.<\/p>\n<p>Jon hat einen BA in International Relations an der San Francisco State University und einen MA in International Affairs an der Elliot School der George Washington University erworben.<\/p>\n<h3>Michael Gellner &#8211; CTO\/Mitgr\u00fcnder<\/h3>\n<p>Michael ist verantwortlich f\u00fcr die \u00dcberwachung der Entwicklung von Produkten und Anpassungen, sowie auch f\u00fcr die Leitung unseres deutschen B\u00fcros. Er hat Kunden weltweit in DAM bezogenen Projekten erfolgreich beraten und unterst\u00fctzt. Mit \u00fcber 20 Jahren Erfahrung, seinem umfassenden Wissen und seiner Expertise kann er jedem Kunden eine L\u00f6sung anbieten, die seine Arbeitsabl\u00e4ufe optimiert und sein Gesch\u00e4ftspotential maximiert.<\/p>\n<p>Was Michael auszeichnet, ist sein Talent spezifische Anforderungen jedes Kunden umfassend zu verstehen. Sein Fokus liegt auf der Entwicklung ma\u00dfgeschneiderter L\u00f6sungen von einfachen Systemen f\u00fcr kleine Teams bis hin zu umfassenden Arbeitsabl\u00e4ufen f\u00fcr sehr gro\u00dfe Unternehmen und andere Organisationen. Michael ist ein anerkannter Experte in seinem Fachgebiet mit viel Erfahrung in der erfolgreichen Betreuung von Kunden bei ihrer digitalen Transformation.<\/p>\n<p>Michael hat einen Abschluss in Internationaler Medieninformatik an der Hochschule f\u00fcr Technik und Wirtschaft in Berlin.<\/p>\n<h3>Markus Bohunovsky &#8211; Mitgr\u00fcnder<\/h3>\n<p>Markus hat an der Technischen Universit\u00e4t Wien in \u00d6sterreich Informatik studiert. Nach seinem Umzug in die Vereinigten Staaten arbeitete er zun\u00e4chst bei verschiedenen Non-Profit-Organisationen im Bereich von Desktop-Publishing und Computerdesgin. 1998 \u00fcbernahm er bei Canto den Posten als Leiter des technischen Supports, dann f\u00fcr kurze Zeit den des Product Managers bevor er schlie\u00dflich Leiter des Technischen Services wurde.<\/p>\n<p>Nach sechs Jahren verlie\u00df Markus Canto, um zusammen mit Michael Gellner Modula4 zu gr\u00fcnden. Sie waren vom Traum geleitet, ein Unternehmen zu f\u00fchren, dessen Fokus auf den Kundenbed\u00fcrfnissen liegt. Die Firma wuchs schnell und entwickelte sich zu einem Premium Partner von Canto mit Kunden auf f\u00fcnf verschiedenen Kontinenten und vielen eigenen Produkten.<\/p>\n<p>Ende 2010 trat Markus von seiner Position als CEO zur\u00fcck und begleitet seither das Unternehmen als Vorstandsmitglied und Berater.<\/p>\n<h3><span style=\"color: #000000;\">Larry Bosworth \u2013 Support Manager<\/span><\/h3>\n<p>Larry lebt mit seiner Frau in Nordkalifornien, wo er geboren wurde. San Francisco h\u00e4lt er f\u00fcr den besten Arbeitsplatz der Welt, doch das ist es nicht, was ihn Tag f\u00fcr Tag zur Arbeit zieht. Er liebt die Herausforderungen, die ihm die Kunden stellen, wenn er ihren Workflow analysiert und dann eine Digital Asset Management L\u00f6sung f\u00fcr sie entwickelt, die genau ihren Bed\u00fcrfnissen entspricht.<\/p>\n<p>Larry ist zudem ein begeisterter Fotograf. Das hilft ihm auch bei der Umsetzung von Workflow-Abl\u00e4ufen. Larry ist auf Cumulus Enterprise und Workgroup Upgrades sowie Neuinstallationen spezialisiert. Seine mehr als sechsj\u00e4hrige Erfahrung gibt er gerne in Trainings weiter, in denen er Kunden die Tricks und Kniffe beibringt, mit denen sie das Maximum aus ihrer Software herausholen k\u00f6nnen. Larry hat einen Abschluss in Informatik und Englisch.<\/p>\n<h3><span style=\"color: #000000;\">Natalia Lewin Burau &#8211; Office Managerin<\/span><\/h3>\n<p>Natalia arbeitet als Office Managerin in unserem Berliner B\u00fcro.<br \/>\nDie geb\u00fcrtige Kolumbianerin hat Soziologie, Kommunikation und Politikwissenschaften an der Universit\u00e4t Basel und Freiburg am Breisgau studiert.<\/p>\n<p>Ihre Berufserfahrung im Bereich Nachhaltigkeit, Innovation und Design Thinking hat ihr tiefes Interesse an Personalmanagement und Organisationsentwicklung gepr\u00e4gt. Ihre Aufgabengebiet bei Modula4 umfasst neben administrativen und kommunikativen Aufgaben auch die Betreuung unserer deutschen Website.<\/p>\n<h3><span style=\"color: #000000;\">Jordi Hernandez &#8211; Software Entwickler<\/span><\/h3>\n<p>Jordi wurde 2006 unser erster Mitarbeiter im Berliner B\u00fcro. Er studierte Wirtschaftsingenieurwesen und Informatik in Kaiserslautern und sammelte im Rahmen seiner Anstellung am Deutschen Forschungszentrum f\u00fcr K\u00fcnstliche Intelligenz (DFKI) erste Erfahrungen im Bereich der Softwareentwicklung.<\/p>\n<p>Sein Aufgabengebiet bei Modula4 ist die kundenorientierte Entwicklung von DAM-Anpassungen und Plug-Ins sowie die Entwicklung und Verbesserung von Modula4 Produkten. Wenn Sie mehr aus Ihrer DAM-Installation herausholen wollen oder wenn Sie unsere Produkte kennen lernen m\u00f6chten und mehr \u00fcber deren Vorteile wissen wollen, hilft Jordi Ihnen gern weiter.<\/p>\n<h3><span style=\"color: #000000;\">Norbert Kerner &#8211; Senior Berater<\/span><\/h3>\n<p>Norbert ist 2022 zu Modula4 gesto\u00dfen und bringt Jahre an Erfahrungen im DAM-Bereich mit.<br \/>\nEr hat f\u00fcr Canto und Pixelboxx gearbeitet und besitzt daher ein ausgepr\u00e4gtes Wissen f\u00fcr die beiden DAM Systeme. Dieses Wissen nutzt er, um Kunden ma\u00dfgeschneiderte DAM-L\u00f6sungen entspre-chend der individuellen Anforderungen zu offerieren. Insbesondere unterst\u00fctzt er Kunden bei dem Wechsel von Cumulus oder Pixelboxx auf ein neues DAM-System.<\/p>\n<p>Norbert hat einen Master of Science in Business Studies von der Universit\u00e4t Kassel.<\/p>\n<p>In seiner Freizeit verbringt er gerne Zeit mit seiner Familie, fiebert mit seinem Lieblingsverein Liver-pool FC in s\u00e4mtlichen Spielen mit und reist gerne zu neuen Orten auf der Welt, wann immer sich die M\u00f6glichkeit daf\u00fcr bietet.<\/p>\n<h3><span style=\"color: #000000;\">Jason Lewis &#8211; Integrator<\/span><\/h3>\n<p>Nachdem Jason an verschiedenen Orten in den Vereinigten Staaten gelebt und gearbeitet hat ist er zu seinen Wurzeln in der San Francisco Bay Area zur\u00fcckgekehrt. Jason machte seinen Abschluss in Graphic Communications und arbeitete danach einige Jahre in der Druck und Design Branche um sich schlie\u00dflich dem technischen Aspekt des Gesch\u00e4fts zuzuwenden. Seit 1996 war er in der Netzwerkadministration, im IT Consulting und in j\u00fcngster Zeit im Webdevelopment t\u00e4tig. Mit seinem vielf\u00e4ltigen Hintergrund, macht es Jason Freude die W\u00fcnsche der Kunden zu enddecken und ihnen technische L\u00f6sungen zur Verf\u00fcgung zu stellen, die diese Anforderungen erf\u00fcllen.<\/p>\n<h3><span style=\"color: #000000;\">Ines Mullins &#8211; Web Design und UX<\/span><\/h3>\n<p>Aus Berlin stammend machte Ines ihre Ausbildung zur Programmiererin in Frankfurt am Main und arbeitete dort in der Softwareentwicklung f\u00fcr den Speditionsbereich. Zur\u00fcck in Berlin wurde sie Teil des Modula4 Teams in 2011. Nach einer Anfangsphase als Office Managerin und Support Assistentin \u00fcbernahm sie ihre jetzige T\u00e4tigkeit in der Frontend Entwicklung mit Schwerpunkt Web Design und UX.<\/p>\n<p>Ines sorgt daf\u00fcr, dass Ihre Modula4 Web Anwendungen gut aussehen, Ihrem CD entsprechen und intuitiv und einfach zu benutzen sind.<\/p>\n<h3><span style=\"color: #000000;\">Anastasiya Eysmont Pronyuk &#8211; Front-End Entwicklerin (Werkstundentin)<\/span><\/h3>\n<p>Anastasiya begann ihre berufliche Laufbahn als Werkstudentin bei Modula4, wo sie Aufgaben als Front-End-Entwicklerin \u00fcbernahm. Diese Rolle verschaffte ihr wertvolle praktische Erfahrungen und erm\u00f6glichte es ihr, in einem Team an der Entwicklung von Webseiten in einem realen Umfeld mitzuwirken.<\/p>\n<p>Urspr\u00fcnglich studierte Anastasiya Germanistik und Romanistik in Santiago de Compostela, entschied sich jedoch sp\u00e4ter, ihren Fokus auf Webentwicklung zu verlagern. Derzeit kombiniert sie ihr Masterstudium mit ihrer Arbeit bei Modula4.<\/p>\n<p>In ihrer Freizeit erkundet Anastasiya gerne die Natur und die unz\u00e4hligen Freizeitm\u00f6glichkeiten, die Berlin zu bieten hat.<\/p>\n<h3><span style=\"color: #000000;\">Fritz-Ullrich Schneider &#8211; Software Entwickler<\/span><\/h3>\n<p>Ulli ist einer der Software-Entwickler in unserem Berliner B\u00fcro. Aus beruflichen Gr\u00fcnden hat es ihn 1999 aus seiner Heimat Sachsen in die Hauptstadt verschlagen. Seine ersten Versuche als Pro-grammierer hat er noch mit \u201arichtiger\u2018 Datenverarbeitungstechnik unternommen, welche die meisten Mitarbeiter von Modula4 nur noch aus B\u00fcchern oder vom H\u00f6ren-Sagen kennen.<\/p>\n<p>Seit November 2006 geh\u00f6rt Ulli zum Team. Sein Hauptaufgabengebiet war die Anpassungen der Weboberfl\u00e4chen an die W\u00fcnsche unserer Kunden. Seit einigen Jahren betreut er die Kunden bei Fragen, Anregungen und bei der L\u00f6sung von Problemen rund um ihr DAM-System.<\/p>\n<h3><span style=\"color: #000000;\">Ute Vock &#8211; Front-End Entwicklerin<\/span><\/h3>\n<p>Ute ist waschechte Berlinerin und hat einen Magister in Anglistik, Amerikanistik und Keltologie. Nach dem Studium hat sie als kaufm\u00e4nnische Angestellte gearbeitet, bevor sie 2008 zu Modula4 kam, wo sie als Office Managerin einstieg. Zunehmend \u00fcbernahm sie aber auch Aufgaben im Bereich der Web-Entwicklung und wurde dort zu einer festen Gr\u00f6\u00dfe f\u00fcr das Unternehmen. Mittlerweile hat sie s\u00e4mtliche administrativen Aufgaben an unsere neue Office Managerin \u00fcbergeben und arbeitet ausschlie\u00dflich im Frontend-Development.<\/p>\n<p>Ute genie\u00dft das abwechslungsreiche kulturelle Angebot ihrer Heimatstadt ebenso sehr wie die beeindruckende Sch\u00f6nheit der Natur im Berliner Umland.<\/p>\n","protected":false},"excerpt":{"rendered":"<p>Exzellenz und Erfahrung f\u00fcr Sie Jon Hornstein &#8211; President Jon Hornstein ist f\u00fcr den Verkauf, das Marketing und das Management der Firma zust\u00e4ndig. Die Zufriedenheit der Kunden ist sein oberstes Ziel, wie auch das Wohl seiner Mitarbeiter. Sowohl als Anbieter als auch als Kunde von Digital Asset Management und Publishing Systemen verf\u00fcgt Jon \u00fcber mehr <a class=\"read-more\" href=\"https:\/\/www.modula4.com\/de\/uber-uns\/our-team\/\">&#8230; &nbsp;Weiterlesen &gt;<\/a><\/p>\n","protected":false},"author":2,"featured_media":0,"parent":5965,"menu_order":1,"comment_status":"closed","ping_status":"closed","template":"","meta":{"_monsterinsights_skip_tracking":false,"_monsterinsights_sitenote_active":false,"_monsterinsights_sitenote_note":"","_monsterinsights_sitenote_category":0,"footnotes":""},"class_list":["post-12158","page","type-page","status-publish","hentry"],"yoast_head":"<!-- This site is optimized with the Yoast SEO Premium plugin v26.4 (Yoast SEO v27.3) - https:\/\/yoast.com\/product\/yoast-seo-premium-wordpress\/ -->\n<title>DAM Experts at Modula4<\/title>\n<meta name=\"description\" content=\"Modula4&#039;s staff are Digital Asset Management (DAM) consulting and implementation experts. The management team includes Jon Hornstein and Michael Gellner.\" \/>\n<meta name=\"robots\" content=\"index, follow, max-snippet:-1, max-image-preview:large, max-video-preview:-1\" \/>\n<link rel=\"canonical\" href=\"https:\/\/www.modula4.com\/de\/uber-uns\/our-team\/\" \/>\n<meta property=\"og:locale\" content=\"de_DE\" \/>\n<meta property=\"og:type\" content=\"article\" \/>\n<meta property=\"og:title\" content=\"Unser Team\" \/>\n<meta property=\"og:description\" content=\"Modula4&#039;s staff are Digital Asset Management (DAM) consulting and implementation experts. The management team includes Jon Hornstein and Michael Gellner.\" \/>\n<meta property=\"og:url\" content=\"https:\/\/www.modula4.com\/de\/uber-uns\/our-team\/\" \/>\n<meta property=\"og:site_name\" content=\"Modula4\" \/>\n<meta property=\"article:publisher\" content=\"https:\/\/www.linkedin.com\/company\/modula4\/\" \/>\n<meta property=\"article:modified_time\" content=\"2024-08-16T22:00:21+00:00\" \/>\n<meta name=\"twitter:label1\" content=\"Gesch\u00e4tzte Lesezeit\" \/>\n\t<meta name=\"twitter:data1\" content=\"6\u00a0Minuten\" \/>\n<script type=\"application\/ld+json\" class=\"yoast-schema-graph\">{\"@context\":\"https:\\\/\\\/schema.org\",\"@graph\":[{\"@type\":\"WebPage\",\"@id\":\"https:\\\/\\\/www.modula4.com\\\/de\\\/uber-uns\\\/our-team\\\/\",\"url\":\"https:\\\/\\\/www.modula4.com\\\/de\\\/uber-uns\\\/our-team\\\/\",\"name\":\"DAM Experts at Modula4\",\"isPartOf\":{\"@id\":\"https:\\\/\\\/www.modula4.com\\\/#website\"},\"datePublished\":\"2011-02-09T13:41:14+00:00\",\"dateModified\":\"2024-08-16T22:00:21+00:00\",\"description\":\"Modula4's staff are Digital Asset Management (DAM) consulting and implementation experts. The management team includes Jon Hornstein and Michael Gellner.\",\"breadcrumb\":{\"@id\":\"https:\\\/\\\/www.modula4.com\\\/de\\\/uber-uns\\\/our-team\\\/#breadcrumb\"},\"inLanguage\":\"de\",\"potentialAction\":[{\"@type\":\"ReadAction\",\"target\":[\"https:\\\/\\\/www.modula4.com\\\/de\\\/uber-uns\\\/our-team\\\/\"]}]},{\"@type\":\"BreadcrumbList\",\"@id\":\"https:\\\/\\\/www.modula4.com\\\/de\\\/uber-uns\\\/our-team\\\/#breadcrumb\",\"itemListElement\":[{\"@type\":\"ListItem\",\"position\":1,\"name\":\"Home\",\"item\":\"https:\\\/\\\/www.modula4.com\\\/de\\\/\"},{\"@type\":\"ListItem\",\"position\":2,\"name\":\"\u00dcber Uns\",\"item\":\"https:\\\/\\\/www.modula4.com\\\/de\\\/uber-uns\\\/\"},{\"@type\":\"ListItem\",\"position\":3,\"name\":\"Unser Team\"}]},{\"@type\":\"WebSite\",\"@id\":\"https:\\\/\\\/www.modula4.com\\\/#website\",\"url\":\"https:\\\/\\\/www.modula4.com\\\/\",\"name\":\"Modula4\",\"description\":\"Dedicated Experts. Complete Solutions. Real Results.\",\"publisher\":{\"@id\":\"https:\\\/\\\/www.modula4.com\\\/#organization\"},\"potentialAction\":[{\"@type\":\"SearchAction\",\"target\":{\"@type\":\"EntryPoint\",\"urlTemplate\":\"https:\\\/\\\/www.modula4.com\\\/?s={search_term_string}\"},\"query-input\":{\"@type\":\"PropertyValueSpecification\",\"valueRequired\":true,\"valueName\":\"search_term_string\"}}],\"inLanguage\":\"de\"},{\"@type\":\"Organization\",\"@id\":\"https:\\\/\\\/www.modula4.com\\\/#organization\",\"name\":\"Modula4\",\"url\":\"https:\\\/\\\/www.modula4.com\\\/\",\"logo\":{\"@type\":\"ImageObject\",\"inLanguage\":\"de\",\"@id\":\"https:\\\/\\\/www.modula4.com\\\/#\\\/schema\\\/logo\\\/image\\\/\",\"url\":\"https:\\\/\\\/www.modula4.com\\\/wp-content\\\/uploads\\\/M4-Logo-rgb.png\",\"contentUrl\":\"https:\\\/\\\/www.modula4.com\\\/wp-content\\\/uploads\\\/M4-Logo-rgb.png\",\"width\":190,\"height\":42,\"caption\":\"Modula4\"},\"image\":{\"@id\":\"https:\\\/\\\/www.modula4.com\\\/#\\\/schema\\\/logo\\\/image\\\/\"},\"sameAs\":[\"https:\\\/\\\/www.linkedin.com\\\/company\\\/modula4\\\/\"]}]}<\/script>\n<!-- \/ Yoast SEO Premium plugin. -->","yoast_head_json":{"title":"DAM Experts at Modula4","description":"Modula4's staff are Digital Asset Management (DAM) consulting and implementation experts. The management team includes Jon Hornstein and Michael Gellner.","robots":{"index":"index","follow":"follow","max-snippet":"max-snippet:-1","max-image-preview":"max-image-preview:large","max-video-preview":"max-video-preview:-1"},"canonical":"https:\/\/www.modula4.com\/de\/uber-uns\/our-team\/","og_locale":"de_DE","og_type":"article","og_title":"Unser Team","og_description":"Modula4's staff are Digital Asset Management (DAM) consulting and implementation experts. The management team includes Jon Hornstein and Michael Gellner.","og_url":"https:\/\/www.modula4.com\/de\/uber-uns\/our-team\/","og_site_name":"Modula4","article_publisher":"https:\/\/www.linkedin.com\/company\/modula4\/","article_modified_time":"2024-08-16T22:00:21+00:00","twitter_misc":{"Gesch\u00e4tzte Lesezeit":"6\u00a0Minuten"},"schema":{"@context":"https:\/\/schema.org","@graph":[{"@type":"WebPage","@id":"https:\/\/www.modula4.com\/de\/uber-uns\/our-team\/","url":"https:\/\/www.modula4.com\/de\/uber-uns\/our-team\/","name":"DAM Experts at Modula4","isPartOf":{"@id":"https:\/\/www.modula4.com\/#website"},"datePublished":"2011-02-09T13:41:14+00:00","dateModified":"2024-08-16T22:00:21+00:00","description":"Modula4's staff are Digital Asset Management (DAM) consulting and implementation experts. The management team includes Jon Hornstein and Michael Gellner.","breadcrumb":{"@id":"https:\/\/www.modula4.com\/de\/uber-uns\/our-team\/#breadcrumb"},"inLanguage":"de","potentialAction":[{"@type":"ReadAction","target":["https:\/\/www.modula4.com\/de\/uber-uns\/our-team\/"]}]},{"@type":"BreadcrumbList","@id":"https:\/\/www.modula4.com\/de\/uber-uns\/our-team\/#breadcrumb","itemListElement":[{"@type":"ListItem","position":1,"name":"Home","item":"https:\/\/www.modula4.com\/de\/"},{"@type":"ListItem","position":2,"name":"\u00dcber Uns","item":"https:\/\/www.modula4.com\/de\/uber-uns\/"},{"@type":"ListItem","position":3,"name":"Unser Team"}]},{"@type":"WebSite","@id":"https:\/\/www.modula4.com\/#website","url":"https:\/\/www.modula4.com\/","name":"Modula4","description":"Dedicated Experts. Complete Solutions. Real Results.","publisher":{"@id":"https:\/\/www.modula4.com\/#organization"},"potentialAction":[{"@type":"SearchAction","target":{"@type":"EntryPoint","urlTemplate":"https:\/\/www.modula4.com\/?s={search_term_string}"},"query-input":{"@type":"PropertyValueSpecification","valueRequired":true,"valueName":"search_term_string"}}],"inLanguage":"de"},{"@type":"Organization","@id":"https:\/\/www.modula4.com\/#organization","name":"Modula4","url":"https:\/\/www.modula4.com\/","logo":{"@type":"ImageObject","inLanguage":"de","@id":"https:\/\/www.modula4.com\/#\/schema\/logo\/image\/","url":"https:\/\/www.modula4.com\/wp-content\/uploads\/M4-Logo-rgb.png","contentUrl":"https:\/\/www.modula4.com\/wp-content\/uploads\/M4-Logo-rgb.png","width":190,"height":42,"caption":"Modula4"},"image":{"@id":"https:\/\/www.modula4.com\/#\/schema\/logo\/image\/"},"sameAs":["https:\/\/www.linkedin.com\/company\/modula4\/"]}]}},"_links":{"self":[{"href":"https:\/\/www.modula4.com\/de\/wp-json\/wp\/v2\/pages\/12158","targetHints":{"allow":["GET"]}}],"collection":[{"href":"https:\/\/www.modula4.com\/de\/wp-json\/wp\/v2\/pages"}],"about":[{"href":"https:\/\/www.modula4.com\/de\/wp-json\/wp\/v2\/types\/page"}],"author":[{"embeddable":true,"href":"https:\/\/www.modula4.com\/de\/wp-json\/wp\/v2\/users\/2"}],"replies":[{"embeddable":true,"href":"https:\/\/www.modula4.com\/de\/wp-json\/wp\/v2\/comments?post=12158"}],"version-history":[{"count":1,"href":"https:\/\/www.modula4.com\/de\/wp-json\/wp\/v2\/pages\/12158\/revisions"}],"predecessor-version":[{"id":12160,"href":"https:\/\/www.modula4.com\/de\/wp-json\/wp\/v2\/pages\/12158\/revisions\/12160"}],"up":[{"embeddable":true,"href":"https:\/\/www.modula4.com\/de\/wp-json\/wp\/v2\/pages\/5965"}],"wp:attachment":[{"href":"https:\/\/www.modula4.com\/de\/wp-json\/wp\/v2\/media?parent=12158"}],"curies":[{"name":"wp","href":"https:\/\/api.w.org\/{rel}","templated":true}]}}