{"id":12149,"date":"2023-09-25T12:15:05","date_gmt":"2023-09-25T19:15:05","guid":{"rendered":"https:\/\/www.modula4.com\/dienstleistungen\/outsourced-dam-administration\/"},"modified":"2024-08-21T08:10:49","modified_gmt":"2024-08-21T15:10:49","slug":"outsourced-dam-administration","status":"publish","type":"page","link":"https:\/\/www.modula4.com\/de\/dienstleistungen\/outsourced-dam-administration\/","title":{"rendered":"DAM Administration"},"content":{"rendered":"<h2>DAM-Administration als externe Dienstleistung passend zu Ihren Anforderungen \n<\/h2>\n\n\n<p>Egal, was Sie ben\u00f6tigen, Vollzeit- oder Teilzeitbetreuung, ob dauerhaft oder vor\u00fcbergehend, Modula4 deckt den Administrationsbedarf f\u00fcr Ihr DAM.Die erfolgreichsten DAM-Systeme haben engagierte DAM Administratoren. \nJemanden zu haben, der die Verantwortung f\u00fcr die Verwaltung des DAM-Systems tr\u00e4gt, hilft sicherzustellen, dass es gut organisiert ist und die sich \u00e4ndernden Bed\u00fcrfnisse Ihrer Organisation weiterhin erf\u00fcllt. Die Qualit\u00e4t des DAM-Administrators ist meistens der wichtigste Faktor f\u00fcr ein effektives DAM-System. Planung und Verwaltung von Metadatenstandards und ihrer Verwendung von Berechtigungen und Workflows sind entscheidende Komponenten eines erfolgreichen DAM.,,Garbage in, garbage out\u201d ist die goldene Regel f\u00fcr DAM. Ein guter DAM-Admin stellt sicher, dass der \u201cM\u00fcll\u201d drau\u00dfen bleibt, w\u00e4hrend das, was im DAM ist, leicht zu finden ist. \n <\/p>\n\n\n\n<p>Bei Modula4 verf\u00fcgen wir \u00fcber umfangreiche Expertise in mehreren DAM-Systemen. Die gleichen Grunds\u00e4tze einer ordnungsgem\u00e4\u00dfen DAM-Verwaltung gelten dabei jederzeit, unabh\u00e4ngig vom verwendeten System. Wir bieten zudem DAM-Admin-Schulungen f\u00fcr Personen an, die neu in dieser Rolle sind.\n<\/p>\n\n\n\n<p><a href=\"https:\/\/www.modula4.com\/de\/kontakt\/\">Kontaktieren Sie uns, wenn<\/a> Sie einen externen DAM-Administrator ben\u00f6tigen, unabh\u00e4ngig von der Dauer oder vom System, welches Sie verwenden.\n <\/p>\n","protected":false},"excerpt":{"rendered":"<p>DAM-Administration als externe Dienstleistung passend zu Ihren Anforderungen Egal, was Sie ben\u00f6tigen, Vollzeit- oder Teilzeitbetreuung, ob dauerhaft oder vor\u00fcbergehend, Modula4 deckt den Administrationsbedarf f\u00fcr Ihr DAM.Die erfolgreichsten DAM-Systeme haben engagierte DAM Administratoren. Jemanden zu haben, der die Verantwortung f\u00fcr die Verwaltung des DAM-Systems tr\u00e4gt, hilft sicherzustellen, dass es gut organisiert ist und die sich \u00e4ndernden <a class=\"read-more\" href=\"https:\/\/www.modula4.com\/de\/dienstleistungen\/outsourced-dam-administration\/\">&#8230; &nbsp;Weiterlesen &gt;<\/a><\/p>\n","protected":false},"author":2,"featured_media":0,"parent":5969,"menu_order":50,"comment_status":"closed","ping_status":"closed","template":"","meta":{"_monsterinsights_skip_tracking":false,"_monsterinsights_sitenote_active":false,"_monsterinsights_sitenote_note":"","_monsterinsights_sitenote_category":0,"footnotes":""},"class_list":["post-12149","page","type-page","status-publish","hentry"],"yoast_head":"<!-- This site is optimized with the Yoast SEO Premium plugin v26.4 (Yoast SEO v27.4) - https:\/\/yoast.com\/product\/yoast-seo-premium-wordpress\/ -->\n<title>DAM Administration - Modula4<\/title>\n<meta name=\"robots\" content=\"index, follow, max-snippet:-1, max-image-preview:large, max-video-preview:-1\" \/>\n<link rel=\"canonical\" href=\"https:\/\/www.modula4.com\/de\/dienstleistungen\/outsourced-dam-administration\/\" \/>\n<meta property=\"og:locale\" content=\"de_DE\" \/>\n<meta property=\"og:type\" content=\"article\" \/>\n<meta property=\"og:title\" content=\"DAM Administration\" \/>\n<meta property=\"og:description\" content=\"DAM-Administration als externe Dienstleistung passend zu Ihren Anforderungen Egal, was Sie ben\u00f6tigen, Vollzeit- oder Teilzeitbetreuung, ob dauerhaft oder vor\u00fcbergehend, Modula4 deckt den Administrationsbedarf f\u00fcr Ihr DAM.Die erfolgreichsten DAM-Systeme haben engagierte DAM Administratoren. Jemanden zu haben, der die Verantwortung f\u00fcr die Verwaltung des DAM-Systems tr\u00e4gt, hilft sicherzustellen, dass es gut organisiert ist und die sich \u00e4ndernden ... &nbsp;Weiterlesen &gt;\" \/>\n<meta property=\"og:url\" content=\"https:\/\/www.modula4.com\/de\/dienstleistungen\/outsourced-dam-administration\/\" \/>\n<meta property=\"og:site_name\" content=\"Modula4\" \/>\n<meta property=\"article:publisher\" content=\"https:\/\/www.linkedin.com\/company\/modula4\/\" \/>\n<meta property=\"article:modified_time\" content=\"2024-08-21T15:10:49+00:00\" \/>\n<meta name=\"twitter:label1\" content=\"Gesch\u00e4tzte Lesezeit\" \/>\n\t<meta name=\"twitter:data1\" content=\"1\u00a0Minute\" \/>\n<script type=\"application\/ld+json\" class=\"yoast-schema-graph\">{\"@context\":\"https:\\\/\\\/schema.org\",\"@graph\":[{\"@type\":\"WebPage\",\"@id\":\"https:\\\/\\\/www.modula4.com\\\/de\\\/dienstleistungen\\\/outsourced-dam-administration\\\/\",\"url\":\"https:\\\/\\\/www.modula4.com\\\/de\\\/dienstleistungen\\\/outsourced-dam-administration\\\/\",\"name\":\"DAM Administration - Modula4\",\"isPartOf\":{\"@id\":\"https:\\\/\\\/www.modula4.com\\\/#website\"},\"datePublished\":\"2023-09-25T19:15:05+00:00\",\"dateModified\":\"2024-08-21T15:10:49+00:00\",\"breadcrumb\":{\"@id\":\"https:\\\/\\\/www.modula4.com\\\/de\\\/dienstleistungen\\\/outsourced-dam-administration\\\/#breadcrumb\"},\"inLanguage\":\"de\",\"potentialAction\":[{\"@type\":\"ReadAction\",\"target\":[\"https:\\\/\\\/www.modula4.com\\\/de\\\/dienstleistungen\\\/outsourced-dam-administration\\\/\"]}]},{\"@type\":\"BreadcrumbList\",\"@id\":\"https:\\\/\\\/www.modula4.com\\\/de\\\/dienstleistungen\\\/outsourced-dam-administration\\\/#breadcrumb\",\"itemListElement\":[{\"@type\":\"ListItem\",\"position\":1,\"name\":\"Home\",\"item\":\"https:\\\/\\\/www.modula4.com\\\/de\\\/\"},{\"@type\":\"ListItem\",\"position\":2,\"name\":\"Dienstleistungen\",\"item\":\"https:\\\/\\\/www.modula4.com\\\/de\\\/dienstleistungen\\\/\"},{\"@type\":\"ListItem\",\"position\":3,\"name\":\"DAM Administration\"}]},{\"@type\":\"WebSite\",\"@id\":\"https:\\\/\\\/www.modula4.com\\\/#website\",\"url\":\"https:\\\/\\\/www.modula4.com\\\/\",\"name\":\"Modula4\",\"description\":\"Dedicated Experts. Complete Solutions. Real Results.\",\"publisher\":{\"@id\":\"https:\\\/\\\/www.modula4.com\\\/#organization\"},\"potentialAction\":[{\"@type\":\"SearchAction\",\"target\":{\"@type\":\"EntryPoint\",\"urlTemplate\":\"https:\\\/\\\/www.modula4.com\\\/?s={search_term_string}\"},\"query-input\":{\"@type\":\"PropertyValueSpecification\",\"valueRequired\":true,\"valueName\":\"search_term_string\"}}],\"inLanguage\":\"de\"},{\"@type\":\"Organization\",\"@id\":\"https:\\\/\\\/www.modula4.com\\\/#organization\",\"name\":\"Modula4\",\"url\":\"https:\\\/\\\/www.modula4.com\\\/\",\"logo\":{\"@type\":\"ImageObject\",\"inLanguage\":\"de\",\"@id\":\"https:\\\/\\\/www.modula4.com\\\/#\\\/schema\\\/logo\\\/image\\\/\",\"url\":\"https:\\\/\\\/www.modula4.com\\\/wp-content\\\/uploads\\\/M4-Logo-rgb.png\",\"contentUrl\":\"https:\\\/\\\/www.modula4.com\\\/wp-content\\\/uploads\\\/M4-Logo-rgb.png\",\"width\":190,\"height\":42,\"caption\":\"Modula4\"},\"image\":{\"@id\":\"https:\\\/\\\/www.modula4.com\\\/#\\\/schema\\\/logo\\\/image\\\/\"},\"sameAs\":[\"https:\\\/\\\/www.linkedin.com\\\/company\\\/modula4\\\/\"]}]}<\/script>\n<!-- \/ Yoast SEO Premium plugin. -->","yoast_head_json":{"title":"DAM Administration - Modula4","robots":{"index":"index","follow":"follow","max-snippet":"max-snippet:-1","max-image-preview":"max-image-preview:large","max-video-preview":"max-video-preview:-1"},"canonical":"https:\/\/www.modula4.com\/de\/dienstleistungen\/outsourced-dam-administration\/","og_locale":"de_DE","og_type":"article","og_title":"DAM Administration","og_description":"DAM-Administration als externe Dienstleistung passend zu Ihren Anforderungen Egal, was Sie ben\u00f6tigen, Vollzeit- oder Teilzeitbetreuung, ob dauerhaft oder vor\u00fcbergehend, Modula4 deckt den Administrationsbedarf f\u00fcr Ihr DAM.Die erfolgreichsten DAM-Systeme haben engagierte DAM Administratoren. Jemanden zu haben, der die Verantwortung f\u00fcr die Verwaltung des DAM-Systems tr\u00e4gt, hilft sicherzustellen, dass es gut organisiert ist und die sich \u00e4ndernden ... &nbsp;Weiterlesen &gt;","og_url":"https:\/\/www.modula4.com\/de\/dienstleistungen\/outsourced-dam-administration\/","og_site_name":"Modula4","article_publisher":"https:\/\/www.linkedin.com\/company\/modula4\/","article_modified_time":"2024-08-21T15:10:49+00:00","twitter_misc":{"Gesch\u00e4tzte Lesezeit":"1\u00a0Minute"},"schema":{"@context":"https:\/\/schema.org","@graph":[{"@type":"WebPage","@id":"https:\/\/www.modula4.com\/de\/dienstleistungen\/outsourced-dam-administration\/","url":"https:\/\/www.modula4.com\/de\/dienstleistungen\/outsourced-dam-administration\/","name":"DAM Administration - Modula4","isPartOf":{"@id":"https:\/\/www.modula4.com\/#website"},"datePublished":"2023-09-25T19:15:05+00:00","dateModified":"2024-08-21T15:10:49+00:00","breadcrumb":{"@id":"https:\/\/www.modula4.com\/de\/dienstleistungen\/outsourced-dam-administration\/#breadcrumb"},"inLanguage":"de","potentialAction":[{"@type":"ReadAction","target":["https:\/\/www.modula4.com\/de\/dienstleistungen\/outsourced-dam-administration\/"]}]},{"@type":"BreadcrumbList","@id":"https:\/\/www.modula4.com\/de\/dienstleistungen\/outsourced-dam-administration\/#breadcrumb","itemListElement":[{"@type":"ListItem","position":1,"name":"Home","item":"https:\/\/www.modula4.com\/de\/"},{"@type":"ListItem","position":2,"name":"Dienstleistungen","item":"https:\/\/www.modula4.com\/de\/dienstleistungen\/"},{"@type":"ListItem","position":3,"name":"DAM Administration"}]},{"@type":"WebSite","@id":"https:\/\/www.modula4.com\/#website","url":"https:\/\/www.modula4.com\/","name":"Modula4","description":"Dedicated Experts. Complete Solutions. Real Results.","publisher":{"@id":"https:\/\/www.modula4.com\/#organization"},"potentialAction":[{"@type":"SearchAction","target":{"@type":"EntryPoint","urlTemplate":"https:\/\/www.modula4.com\/?s={search_term_string}"},"query-input":{"@type":"PropertyValueSpecification","valueRequired":true,"valueName":"search_term_string"}}],"inLanguage":"de"},{"@type":"Organization","@id":"https:\/\/www.modula4.com\/#organization","name":"Modula4","url":"https:\/\/www.modula4.com\/","logo":{"@type":"ImageObject","inLanguage":"de","@id":"https:\/\/www.modula4.com\/#\/schema\/logo\/image\/","url":"https:\/\/www.modula4.com\/wp-content\/uploads\/M4-Logo-rgb.png","contentUrl":"https:\/\/www.modula4.com\/wp-content\/uploads\/M4-Logo-rgb.png","width":190,"height":42,"caption":"Modula4"},"image":{"@id":"https:\/\/www.modula4.com\/#\/schema\/logo\/image\/"},"sameAs":["https:\/\/www.linkedin.com\/company\/modula4\/"]}]}},"_links":{"self":[{"href":"https:\/\/www.modula4.com\/de\/wp-json\/wp\/v2\/pages\/12149","targetHints":{"allow":["GET"]}}],"collection":[{"href":"https:\/\/www.modula4.com\/de\/wp-json\/wp\/v2\/pages"}],"about":[{"href":"https:\/\/www.modula4.com\/de\/wp-json\/wp\/v2\/types\/page"}],"author":[{"embeddable":true,"href":"https:\/\/www.modula4.com\/de\/wp-json\/wp\/v2\/users\/2"}],"replies":[{"embeddable":true,"href":"https:\/\/www.modula4.com\/de\/wp-json\/wp\/v2\/comments?post=12149"}],"version-history":[{"count":2,"href":"https:\/\/www.modula4.com\/de\/wp-json\/wp\/v2\/pages\/12149\/revisions"}],"predecessor-version":[{"id":12164,"href":"https:\/\/www.modula4.com\/de\/wp-json\/wp\/v2\/pages\/12149\/revisions\/12164"}],"up":[{"embeddable":true,"href":"https:\/\/www.modula4.com\/de\/wp-json\/wp\/v2\/pages\/5969"}],"wp:attachment":[{"href":"https:\/\/www.modula4.com\/de\/wp-json\/wp\/v2\/media?parent=12149"}],"curies":[{"name":"wp","href":"https:\/\/api.w.org\/{rel}","templated":true}]}}