{"id":12115,"date":"2024-07-08T11:57:30","date_gmt":"2024-07-08T18:57:30","guid":{"rendered":"https:\/\/www.modula4.com\/produkte\/dam-systems\/"},"modified":"2024-07-18T07:26:19","modified_gmt":"2024-07-18T14:26:19","slug":"dam-systems","status":"publish","type":"page","link":"https:\/\/www.modula4.com\/de\/produkte\/dam-systems\/","title":{"rendered":"DAM-Systeme"},"content":{"rendered":"<h2>Legen Sie sich ein neues DAM zu oder machen Sie Ihr bestehendes noch besser<br \/>\n<\/h2>\n<h3>Wir bieten folgende DAM-Systeme an:<\/h3>\n<h3><strong><a title=\"NetX\" href=\"https:\/\/www.modula4.com\/de\/produkte\/dam-systems\/netx-canto-cumulus-replacement\/\">NetX<\/a><\/strong><\/h3>\n<p>Die DAM-Plattform NetX ist ein funktionsreiches, leicht zu implementierendes DAM-System, das f\u00fcr seine Benutzerfreundlichkeit bekannt ist und eine intuitive Bedienoberfl\u00e4che bietet. Es ist entweder als in der Cloud gehostetes oder lokal installiertes System erh\u00e4ltlich,seine flexiblen Bereitstellungsoptionen erm\u00f6glichen es Ihnen, die f\u00fcr Sie beste Option auszuw\u00e4hlen.\u00a0<a class=\"contact-us\" href=\"https:\/\/www.modula4.com\/products\/netx-canto-cumulus-replacement\/\">Erfahren Sie mehr dar\u00fcber.<\/a><\/p>\n<h3><strong><a title=\"Canto\" href=\"https:\/\/www.modula4.com\/de\/produkte\/dam-systems\/canto-saas\/\">Canto<\/a><\/strong><\/h3>\n<p>Canto ist ein f\u00fchrender Anbieter von Digital Asset Management (DAM)-Software, zu dessen Kunden viele der Top-Brands von heute geh\u00f6ren. Canto gibt Marketingteams eine einfache visuelle M\u00f6glichkeit, alle ihre gesamten digitalen Markenassets zu zentralisieren, zu organisieren und gemeinsam zu nutzen. So k\u00f6nnen Sie  wertvolle Zeit sparen und dadurch einen Wettbewerbsvorteil erlangen. <a class=\"contact-us\" title=\"Cumulus\" href=\"https:\/\/www.modula4.com\/de\/produkte\/dam-systems\/canto-saas\/\">Erfahren Sie mehr dar\u00fcber.<br \/>\n<\/a><\/p>\n<h3><strong><a title=\"ImageSearch\" href=\"https:\/\/www.modula4.com\/de\/produkte\/dam-systems\/canto-cumulus\/\">Cumulus (eingestellt)<\/a><\/strong><\/h3>\n<p>Cumulus ist ein Enterprise Digital Asset Management (DAM)-System von Canto Software. Verschiedene Cumulus-Editionen sind erh\u00e4ltlich, jeweils auf die Anforderungen unterschiedlicher Umgebungen und\/oder Unternehmensgr\u00f6\u00dfen zugeschnitten. <a class=\"contact-us\" title=\"Cumulus\" href=\"https:\/\/www.modula4.com\/de\/produkte\/dam-systems\/canto-cumulus\/\">Erfahren Sie mehr dar\u00fcber.<\/a><\/p>\n<h3>Wir bieten Integrationen und Zusatzprodukten f\u00fcr:<\/h3>\n<figure class=\"wp-block-table\"><\/figure>\n<table style=\"height: 10px;\" width=\"838\">\n<tbody>\n<tr>\n<td><strong>Acquia DAM<\/strong><\/td>\n<td><strong>AdmiralCloud<\/strong><\/td>\n<td><strong>Adobe Experience Manager<\/strong><\/td>\n<\/tr>\n<tr>\n<td><strong>Aprimo<\/strong><\/td>\n<td><strong>Asset Bank<\/strong><\/td>\n<td><strong>Box\u00a0<\/strong><\/td>\n<\/tr>\n<tr>\n<td><strong>Brandfolder\u00a0<\/strong><\/td>\n<td><strong>Celum\u00a0<\/strong><\/td>\n<td><strong>Censhare\u00a0<\/strong><\/td>\n<\/tr>\n<tr>\n<td><strong>Dropbox<\/strong><\/td>\n<td><strong>Extreme Reach<\/strong><\/td>\n<td><strong>MediaGraph<\/strong><\/td>\n<\/tr>\n<tr>\n<td><strong>Mediavalet<\/strong><\/td>\n<td><strong>Picturepark<\/strong><\/td>\n<td><strong>Pixelboxx<\/strong><\/td>\n<\/tr>\n<tr>\n<td><strong>Sharedien<\/strong><\/td>\n<td><strong>Sharepoint<\/strong><\/td>\n<td><strong>Sitecore<\/strong><\/td>\n<\/tr>\n<\/tbody>\n<\/table>\n<p><a href=\"https:\/\/www.modula4.com\/de\/kontakt\/\">Kontaktieren Sie uns<\/a> um mehr \u00fcber die von uns angebotenen DAM-Systeme, Integrationen und Add-Ons zu erfahren.  <\/p>\n","protected":false},"excerpt":{"rendered":"<p>Legen Sie sich ein neues DAM zu oder machen Sie Ihr bestehendes noch besser Wir bieten folgende DAM-Systeme an: NetX Die DAM-Plattform NetX ist ein funktionsreiches, leicht zu implementierendes DAM-System, das f\u00fcr seine Benutzerfreundlichkeit bekannt ist und eine intuitive Bedienoberfl\u00e4che bietet. Es ist entweder als in der Cloud gehostetes oder lokal installiertes System erh\u00e4ltlich,seine flexiblen <a class=\"read-more\" href=\"https:\/\/www.modula4.com\/de\/produkte\/dam-systems\/\">&#8230; &nbsp;Weiterlesen &gt;<\/a><\/p>\n","protected":false},"author":2,"featured_media":0,"parent":5971,"menu_order":20,"comment_status":"closed","ping_status":"closed","template":"","meta":{"_monsterinsights_skip_tracking":false,"_monsterinsights_sitenote_active":false,"_monsterinsights_sitenote_note":"","_monsterinsights_sitenote_category":0,"footnotes":""},"class_list":["post-12115","page","type-page","status-publish","hentry"],"yoast_head":"<!-- This site is optimized with the Yoast SEO Premium plugin v26.4 (Yoast SEO v27.3) - https:\/\/yoast.com\/product\/yoast-seo-premium-wordpress\/ -->\n<title>DAM-Systeme - Modula4<\/title>\n<meta name=\"robots\" content=\"index, follow, max-snippet:-1, max-image-preview:large, max-video-preview:-1\" \/>\n<link rel=\"canonical\" href=\"https:\/\/www.modula4.com\/de\/produkte\/dam-systems\/\" \/>\n<meta property=\"og:locale\" content=\"de_DE\" \/>\n<meta property=\"og:type\" content=\"article\" \/>\n<meta property=\"og:title\" content=\"DAM-Systeme\" \/>\n<meta property=\"og:description\" content=\"Legen Sie sich ein neues DAM zu oder machen Sie Ihr bestehendes noch besser Wir bieten folgende DAM-Systeme an: NetX Die DAM-Plattform NetX ist ein funktionsreiches, leicht zu implementierendes DAM-System, das f\u00fcr seine Benutzerfreundlichkeit bekannt ist und eine intuitive Bedienoberfl\u00e4che bietet. Es ist entweder als in der Cloud gehostetes oder lokal installiertes System erh\u00e4ltlich,seine flexiblen ... &nbsp;Weiterlesen &gt;\" \/>\n<meta property=\"og:url\" content=\"https:\/\/www.modula4.com\/de\/produkte\/dam-systems\/\" \/>\n<meta property=\"og:site_name\" content=\"Modula4\" \/>\n<meta property=\"article:publisher\" content=\"https:\/\/www.linkedin.com\/company\/modula4\/\" \/>\n<meta property=\"article:modified_time\" content=\"2024-07-18T14:26:19+00:00\" \/>\n<meta name=\"twitter:label1\" content=\"Gesch\u00e4tzte Lesezeit\" \/>\n\t<meta name=\"twitter:data1\" content=\"1\u00a0Minute\" \/>\n<script type=\"application\/ld+json\" class=\"yoast-schema-graph\">{\"@context\":\"https:\\\/\\\/schema.org\",\"@graph\":[{\"@type\":\"WebPage\",\"@id\":\"https:\\\/\\\/www.modula4.com\\\/de\\\/produkte\\\/dam-systems\\\/\",\"url\":\"https:\\\/\\\/www.modula4.com\\\/de\\\/produkte\\\/dam-systems\\\/\",\"name\":\"DAM-Systeme - Modula4\",\"isPartOf\":{\"@id\":\"https:\\\/\\\/www.modula4.com\\\/#website\"},\"datePublished\":\"2024-07-08T18:57:30+00:00\",\"dateModified\":\"2024-07-18T14:26:19+00:00\",\"breadcrumb\":{\"@id\":\"https:\\\/\\\/www.modula4.com\\\/de\\\/produkte\\\/dam-systems\\\/#breadcrumb\"},\"inLanguage\":\"de\",\"potentialAction\":[{\"@type\":\"ReadAction\",\"target\":[\"https:\\\/\\\/www.modula4.com\\\/de\\\/produkte\\\/dam-systems\\\/\"]}]},{\"@type\":\"BreadcrumbList\",\"@id\":\"https:\\\/\\\/www.modula4.com\\\/de\\\/produkte\\\/dam-systems\\\/#breadcrumb\",\"itemListElement\":[{\"@type\":\"ListItem\",\"position\":1,\"name\":\"Home\",\"item\":\"https:\\\/\\\/www.modula4.com\\\/de\\\/\"},{\"@type\":\"ListItem\",\"position\":2,\"name\":\"Produkte\",\"item\":\"https:\\\/\\\/www.modula4.com\\\/de\\\/produkte\\\/\"},{\"@type\":\"ListItem\",\"position\":3,\"name\":\"DAM-Systeme\"}]},{\"@type\":\"WebSite\",\"@id\":\"https:\\\/\\\/www.modula4.com\\\/#website\",\"url\":\"https:\\\/\\\/www.modula4.com\\\/\",\"name\":\"Modula4\",\"description\":\"Dedicated Experts. Complete Solutions. Real Results.\",\"publisher\":{\"@id\":\"https:\\\/\\\/www.modula4.com\\\/#organization\"},\"potentialAction\":[{\"@type\":\"SearchAction\",\"target\":{\"@type\":\"EntryPoint\",\"urlTemplate\":\"https:\\\/\\\/www.modula4.com\\\/?s={search_term_string}\"},\"query-input\":{\"@type\":\"PropertyValueSpecification\",\"valueRequired\":true,\"valueName\":\"search_term_string\"}}],\"inLanguage\":\"de\"},{\"@type\":\"Organization\",\"@id\":\"https:\\\/\\\/www.modula4.com\\\/#organization\",\"name\":\"Modula4\",\"url\":\"https:\\\/\\\/www.modula4.com\\\/\",\"logo\":{\"@type\":\"ImageObject\",\"inLanguage\":\"de\",\"@id\":\"https:\\\/\\\/www.modula4.com\\\/#\\\/schema\\\/logo\\\/image\\\/\",\"url\":\"https:\\\/\\\/www.modula4.com\\\/wp-content\\\/uploads\\\/M4-Logo-rgb.png\",\"contentUrl\":\"https:\\\/\\\/www.modula4.com\\\/wp-content\\\/uploads\\\/M4-Logo-rgb.png\",\"width\":190,\"height\":42,\"caption\":\"Modula4\"},\"image\":{\"@id\":\"https:\\\/\\\/www.modula4.com\\\/#\\\/schema\\\/logo\\\/image\\\/\"},\"sameAs\":[\"https:\\\/\\\/www.linkedin.com\\\/company\\\/modula4\\\/\"]}]}<\/script>\n<!-- \/ Yoast SEO Premium plugin. -->","yoast_head_json":{"title":"DAM-Systeme - Modula4","robots":{"index":"index","follow":"follow","max-snippet":"max-snippet:-1","max-image-preview":"max-image-preview:large","max-video-preview":"max-video-preview:-1"},"canonical":"https:\/\/www.modula4.com\/de\/produkte\/dam-systems\/","og_locale":"de_DE","og_type":"article","og_title":"DAM-Systeme","og_description":"Legen Sie sich ein neues DAM zu oder machen Sie Ihr bestehendes noch besser Wir bieten folgende DAM-Systeme an: NetX Die DAM-Plattform NetX ist ein funktionsreiches, leicht zu implementierendes DAM-System, das f\u00fcr seine Benutzerfreundlichkeit bekannt ist und eine intuitive Bedienoberfl\u00e4che bietet. Es ist entweder als in der Cloud gehostetes oder lokal installiertes System erh\u00e4ltlich,seine flexiblen ... &nbsp;Weiterlesen &gt;","og_url":"https:\/\/www.modula4.com\/de\/produkte\/dam-systems\/","og_site_name":"Modula4","article_publisher":"https:\/\/www.linkedin.com\/company\/modula4\/","article_modified_time":"2024-07-18T14:26:19+00:00","twitter_misc":{"Gesch\u00e4tzte Lesezeit":"1\u00a0Minute"},"schema":{"@context":"https:\/\/schema.org","@graph":[{"@type":"WebPage","@id":"https:\/\/www.modula4.com\/de\/produkte\/dam-systems\/","url":"https:\/\/www.modula4.com\/de\/produkte\/dam-systems\/","name":"DAM-Systeme - Modula4","isPartOf":{"@id":"https:\/\/www.modula4.com\/#website"},"datePublished":"2024-07-08T18:57:30+00:00","dateModified":"2024-07-18T14:26:19+00:00","breadcrumb":{"@id":"https:\/\/www.modula4.com\/de\/produkte\/dam-systems\/#breadcrumb"},"inLanguage":"de","potentialAction":[{"@type":"ReadAction","target":["https:\/\/www.modula4.com\/de\/produkte\/dam-systems\/"]}]},{"@type":"BreadcrumbList","@id":"https:\/\/www.modula4.com\/de\/produkte\/dam-systems\/#breadcrumb","itemListElement":[{"@type":"ListItem","position":1,"name":"Home","item":"https:\/\/www.modula4.com\/de\/"},{"@type":"ListItem","position":2,"name":"Produkte","item":"https:\/\/www.modula4.com\/de\/produkte\/"},{"@type":"ListItem","position":3,"name":"DAM-Systeme"}]},{"@type":"WebSite","@id":"https:\/\/www.modula4.com\/#website","url":"https:\/\/www.modula4.com\/","name":"Modula4","description":"Dedicated Experts. Complete Solutions. Real Results.","publisher":{"@id":"https:\/\/www.modula4.com\/#organization"},"potentialAction":[{"@type":"SearchAction","target":{"@type":"EntryPoint","urlTemplate":"https:\/\/www.modula4.com\/?s={search_term_string}"},"query-input":{"@type":"PropertyValueSpecification","valueRequired":true,"valueName":"search_term_string"}}],"inLanguage":"de"},{"@type":"Organization","@id":"https:\/\/www.modula4.com\/#organization","name":"Modula4","url":"https:\/\/www.modula4.com\/","logo":{"@type":"ImageObject","inLanguage":"de","@id":"https:\/\/www.modula4.com\/#\/schema\/logo\/image\/","url":"https:\/\/www.modula4.com\/wp-content\/uploads\/M4-Logo-rgb.png","contentUrl":"https:\/\/www.modula4.com\/wp-content\/uploads\/M4-Logo-rgb.png","width":190,"height":42,"caption":"Modula4"},"image":{"@id":"https:\/\/www.modula4.com\/#\/schema\/logo\/image\/"},"sameAs":["https:\/\/www.linkedin.com\/company\/modula4\/"]}]}},"_links":{"self":[{"href":"https:\/\/www.modula4.com\/de\/wp-json\/wp\/v2\/pages\/12115","targetHints":{"allow":["GET"]}}],"collection":[{"href":"https:\/\/www.modula4.com\/de\/wp-json\/wp\/v2\/pages"}],"about":[{"href":"https:\/\/www.modula4.com\/de\/wp-json\/wp\/v2\/types\/page"}],"author":[{"embeddable":true,"href":"https:\/\/www.modula4.com\/de\/wp-json\/wp\/v2\/users\/2"}],"replies":[{"embeddable":true,"href":"https:\/\/www.modula4.com\/de\/wp-json\/wp\/v2\/comments?post=12115"}],"version-history":[{"count":11,"href":"https:\/\/www.modula4.com\/de\/wp-json\/wp\/v2\/pages\/12115\/revisions"}],"predecessor-version":[{"id":12140,"href":"https:\/\/www.modula4.com\/de\/wp-json\/wp\/v2\/pages\/12115\/revisions\/12140"}],"up":[{"embeddable":true,"href":"https:\/\/www.modula4.com\/de\/wp-json\/wp\/v2\/pages\/5971"}],"wp:attachment":[{"href":"https:\/\/www.modula4.com\/de\/wp-json\/wp\/v2\/media?parent=12115"}],"curies":[{"name":"wp","href":"https:\/\/api.w.org\/{rel}","templated":true}]}}