{"id":11948,"date":"2023-12-18T15:21:37","date_gmt":"2023-12-18T23:21:37","guid":{"rendered":"https:\/\/www.modula4.com\/find-the-right-dam\/"},"modified":"2024-01-10T10:27:09","modified_gmt":"2024-01-10T18:27:09","slug":"find-the-right-dam","status":"publish","type":"page","link":"https:\/\/www.modula4.com\/de\/dienstleistungen\/find-the-right-dam\/","title":{"rendered":"Das richtige DAM finden"},"content":{"rendered":"<h3>Suchen Sie ein neues DAM? Wir helfen Ihnen, die richtige Wahl zu treffen.<\/h3>\n<p>Die Suche nach dem richtigen DAM kann zeitaufwendig und verwirrend sein. Es gibt Dutzende von DAMs zur Auswahl, und es ist schwer zu wissen, wie jedes einzelne Ihre spezifischen Anforderungen am besten erf\u00fcllt. Im Gro\u00dfen und Ganzen tun alle DAMs das Gleiche. Wie finden Sie also die richtige L\u00f6sung f\u00fcr Ihr Unternehmen?<\/p>\n<p>Unsere DAM-Experten bei Modula4 beginnen damit, Ihren aktuellen Bedarf bei der Organisation und gemeinsamen Nutzung Ihrer digitalen Assets zu dokumentieren. Wir untersuchen auch, wie ein DAM Ihre Gesch\u00e4ftsabl\u00e4ufe verbessern kann.<\/p>\n<p>Dann vergleichen wir Ihre Anforderungen mit den St\u00e4rken und Schw\u00e4chen der verschiedenen DAM-Systeme auf dem Markt. Viele Anbieter werben mit Funktionen, die rudiment\u00e4r und lediglich zu Marketingzwecken implementiert sind. Die Funktion ist zwar enthalten, aber nur in einem sehr begrenztem Umfang.<\/p>\n<h3>Wenn Sie mehr als nur DAM ben\u00f6tigen<\/h3>\n<p>DAM ist eine leistungsstarke Methode zur Verwaltung Ihrer digitalen Assets.<br \/>\nDie Integration von DAM mit anderen Systemen und die Einf\u00fchrung von Workflows heben es auf eine ganz neue Ebene. Bei Modula4 verf\u00fcgen wir \u00fcber fundierte Kenntnisse in der Arbeit mit den APIs von DAMs und anderen Systemen. So k\u00f6nnen wir Workflows und Automatisierungen erstellen, die Medienbest\u00e4nde sowie Daten nahtlos verwalten und so Verwirrung vermeiden, um Ihnen Zeit zu sparen.<\/p>\n<h3>Why Modula4?<\/h3>\n<p>Modula4 ist der f\u00fchrende unabh\u00e4ngige L\u00f6sungsanbieter f\u00fcr DAM-Systeme (Digital Asset Management). Wir bieten L\u00f6sungen, mit denen Sie Ihr Marketingmaterial und andere wertvolle digitale Assets schnell und effizient verwalten, verfolgen und weltweit bereitstellen k\u00f6nnen. Zu unseren Kunden z\u00e4hlen weltweit f\u00fchrende, globale Marken und andere Organisationen aus den unterschiedlichsten Branchen, darunter Einzelhandel, Medien und Unterhaltung, Marketing, Verlagswesen, Regierung und Hochschulbildung. Wir sind ein internationales Team von DAM-Produktspezialisten, Programmierern, Mitarbeitern des technischen Supports und Kundendienstmitarbeitern. Die Zufriedenheit unserer Kunden ist stets unser oberstes Ziel.<\/p>\n<p>Mit unserer umfassenden technischen Expertise und Erfahrung bei der L\u00f6sung komplexer<br \/>\nWorkflow-Herausforderungen k\u00f6nnen wir Ihr Unternehmen reaktionsf\u00e4higer, effizienter und produktiver machen.<\/p>\n<p>Wir tun dies seit mehr als 20 Jahren und f\u00fcr fast 400 Kunden, von kleinen Arbeitsgruppen bis zu multinationalen Organisationen. Die Loyalit\u00e4t unserer Kunden ist legend\u00e4r, wie unsere Kundenbindungsrate von weit \u00fcber 90 Prozent zeigt.<\/p>\n<p>Erfahren Sie, wie Modula4 Ihnen helfen kann.<\/p>\n<h2><\/h2>\n<script type=\"text\/javascript\">\n\/* <![CDATA[ *\/\nvar gform;gform||(document.addEventListener(\"gform_main_scripts_loaded\",function(){gform.scriptsLoaded=!0}),document.addEventListener(\"gform\/theme\/scripts_loaded\",function(){gform.themeScriptsLoaded=!0}),window.addEventListener(\"DOMContentLoaded\",function(){gform.domLoaded=!0}),gform={domLoaded:!1,scriptsLoaded:!1,themeScriptsLoaded:!1,isFormEditor:()=>\"function\"==typeof InitializeEditor,callIfLoaded:function(o){return!(!gform.domLoaded||!gform.scriptsLoaded||!gform.themeScriptsLoaded&&!gform.isFormEditor()||(gform.isFormEditor()&&console.warn(\"The use of gform.initializeOnLoaded() is deprecated in the form editor context and will be removed in Gravity Forms 3.1.\"),o(),0))},initializeOnLoaded:function(o){gform.callIfLoaded(o)||(document.addEventListener(\"gform_main_scripts_loaded\",()=>{gform.scriptsLoaded=!0,gform.callIfLoaded(o)}),document.addEventListener(\"gform\/theme\/scripts_loaded\",()=>{gform.themeScriptsLoaded=!0,gform.callIfLoaded(o)}),window.addEventListener(\"DOMContentLoaded\",()=>{gform.domLoaded=!0,gform.callIfLoaded(o)}))},hooks:{action:{},filter:{}},addAction:function(o,r,e,t){gform.addHook(\"action\",o,r,e,t)},addFilter:function(o,r,e,t){gform.addHook(\"filter\",o,r,e,t)},doAction:function(o){gform.doHook(\"action\",o,arguments)},applyFilters:function(o){return gform.doHook(\"filter\",o,arguments)},removeAction:function(o,r){gform.removeHook(\"action\",o,r)},removeFilter:function(o,r,e){gform.removeHook(\"filter\",o,r,e)},addHook:function(o,r,e,t,n){null==gform.hooks[o][r]&&(gform.hooks[o][r]=[]);var d=gform.hooks[o][r];null==n&&(n=r+\"_\"+d.length),gform.hooks[o][r].push({tag:n,callable:e,priority:t=null==t?10:t})},doHook:function(r,o,e){var t;if(e=Array.prototype.slice.call(e,1),null!=gform.hooks[r][o]&&((o=gform.hooks[r][o]).sort(function(o,r){return o.priority-r.priority}),o.forEach(function(o){\"function\"!=typeof(t=o.callable)&&(t=window[t]),\"action\"==r?t.apply(null,e):e[0]=t.apply(null,e)})),\"filter\"==r)return e[0]},removeHook:function(o,r,t,n){var e;null!=gform.hooks[o][r]&&(e=(e=gform.hooks[o][r]).filter(function(o,r,e){return!!(null!=n&&n!=o.tag||null!=t&&t!=o.priority)}),gform.hooks[o][r]=e)}});\n\/* ]]> *\/\n<\/script>\n\n                <div class='gf_browser_gecko gform_wrapper gform_legacy_markup_wrapper gform-theme--no-framework' data-form-theme='legacy' data-form-index='0' id='gform_wrapper_30' ><form method='post' enctype='multipart\/form-data'  id='gform_30'  action='\/de\/wp-json\/wp\/v2\/pages\/11948' data-formid='30' novalidate><div class='gf_invisible ginput_recaptchav3' data-sitekey='6LdWB4UjAAAAAIXtGDsOTMGob75Xq3OjSxqLy-of' data-tabindex='0'><input id=\"input_20e6ca9b186b110388f16192150352d6\" class=\"gfield_recaptcha_response\" type=\"hidden\" name=\"input_20e6ca9b186b110388f16192150352d6\" value=\"\"\/><\/div>\n                        <div class='gform-body gform_body'><ul id='gform_fields_30' class='gform_fields top_label form_sublabel_below description_below validation_below'><li id=\"field_30_7\" class=\"gfield gfield--type-honeypot gform_validation_container field_sublabel_below gfield--has-description field_description_below field_validation_below gfield_visibility_visible\"  ><label class='gfield_label gform-field-label' for='input_30_7'>Instagram<\/label><div class='ginput_container'><input name='input_7' id='input_30_7' type='text' value='' autocomplete='new-password'\/><\/div><div class='gfield_description' id='gfield_description_30_7'>Dieses Feld dient zur Validierung und sollte nicht ver\u00e4ndert werden.<\/div><\/li><li id=\"field_30_4\" class=\"gfield gfield--type-select gfield--width-full gfield_contains_required field_sublabel_below gfield--no-description field_description_below field_validation_below gfield_visibility_visible\"  ><label class='gfield_label gform-field-label' for='input_30_4'>Ich bin interessiert an . . .<span class=\"gfield_required\"><span class=\"gfield_required gfield_required_asterisk\">*<\/span><\/span><\/label><div class='ginput_container ginput_container_select'><select name='input_4' id='input_30_4' class='large gfield_select'    aria-required=\"true\" aria-invalid=\"false\" ><option value='- Ausw\u00e4hlen -' selected='selected'>- Ausw\u00e4hlen -<\/option><option value='mein vorhandenes DAM ersetzen' >mein vorhandenes DAM ersetzen<\/option><option value='zum ersten Mal ein DAM einrichten' >zum ersten Mal ein DAM einrichten<\/option><option value='die Funktionsweise meines DAMs verbessern' >die Funktionsweise meines DAMs verbessern<\/option><option value='Migration zu einem DAM, das ich bereits ausgew\u00e4hlt habe.' >Migration zu einem DAM, das ich bereits ausgew\u00e4hlt habe.<\/option><option value='etwas anderes' >etwas anderes<\/option><\/select><\/div><\/li><li id=\"field_30_2\" class=\"gfield gfield--type-email gfield_contains_required field_sublabel_below gfield--no-description field_description_below field_validation_below gfield_visibility_visible\"  ><label class='gfield_label gform-field-label' for='input_30_2'>Email<span class=\"gfield_required\"><span class=\"gfield_required gfield_required_asterisk\">*<\/span><\/span><\/label><div class='ginput_container ginput_container_email'>\n                            <input name='input_2' id='input_30_2' type='email' value='' class='large'    aria-required=\"true\" aria-invalid=\"false\"  \/>\n                        <\/div><\/li><li id=\"field_30_3\" class=\"gfield gfield--type-phone field_sublabel_below gfield--no-description field_description_below field_validation_below gfield_visibility_visible\"  ><label class='gfield_label gform-field-label' for='input_30_3'>Telefon<\/label><div class='ginput_container ginput_container_phone'><input name='input_3' id='input_30_3' type='tel' value='' class='large'    aria-invalid=\"false\"   \/><\/div><\/li><li id=\"field_30_6\" class=\"gfield gfield--type-textarea field_sublabel_below gfield--no-description field_description_below field_validation_below gfield_visibility_visible\"  ><label class='gfield_label gform-field-label' for='input_30_6'>Nachricht<\/label><div class='ginput_container ginput_container_textarea'><textarea name='input_6' id='input_30_6' class='textarea medium'      aria-invalid=\"false\"   rows='10' cols='50'><\/textarea><\/div><\/li><\/ul><\/div>\n        <div class='gform-footer gform_footer top_label'> <input type='submit' id='gform_submit_button_30' class='gform_button button' onclick='gform.submission.handleButtonClick(this);' data-submission-type='submit' value='Submit'  \/> \n            <input type='hidden' class='gform_hidden' name='gform_submission_method' data-js='gform_submission_method_30' value='postback' \/>\n            <input type='hidden' class='gform_hidden' name='gform_theme' data-js='gform_theme_30' id='gform_theme_30' value='legacy' \/>\n            <input type='hidden' class='gform_hidden' name='gform_style_settings' data-js='gform_style_settings_30' id='gform_style_settings_30' value='[]' \/>\n            <input type='hidden' class='gform_hidden' name='is_submit_30' value='1' \/>\n            <input type='hidden' class='gform_hidden' name='gform_submit' value='30' \/>\n            \n            <input type='hidden' class='gform_hidden' name='gform_currency' data-currency='USD' value='lpGyy5juOWMH5E9kOb43wBMARwWYJhRNrVPV4KPQu\/awcg8FI2Xl8Uv1SvYFqE\/snRihFvttJAkjPmrtKC81eTP+fV8Dr45kdW3CEKmghXHXbWw=' \/>\n            <input type='hidden' class='gform_hidden' name='gform_unique_id' value='' \/>\n            <input type='hidden' class='gform_hidden' name='state_30' value='WyJbXSIsImI3MDJiODFmYzc5ZTIyMTI5MmQ0NmFlYzE0OTQ1M2UxIl0=' \/>\n            <input type='hidden' autocomplete='off' class='gform_hidden' name='gform_target_page_number_30' id='gform_target_page_number_30' value='0' \/>\n            <input type='hidden' autocomplete='off' class='gform_hidden' name='gform_source_page_number_30' id='gform_source_page_number_30' value='1' \/>\n            <input type='hidden' name='gform_field_values' value='' \/>\n            \n        <\/div>\n                        <p style=\"display: none !important;\" class=\"akismet-fields-container\" data-prefix=\"ak_\"><label>&#916;<textarea name=\"ak_hp_textarea\" cols=\"45\" rows=\"8\" maxlength=\"100\"><\/textarea><\/label><input type=\"hidden\" id=\"ak_js_1\" name=\"ak_js\" value=\"91\"\/><script>document.getElementById( \"ak_js_1\" ).setAttribute( \"value\", ( new Date() ).getTime() );<\/script><\/p><\/form>\n                        <\/div><script type=\"text\/javascript\">\n\/* <![CDATA[ *\/\n gform.initializeOnLoaded( function() {gformInitSpinner( 30, 'https:\/\/www.modula4.com\/wp-content\/plugins\/gravityforms\/images\/spinner.svg', true );jQuery('#gform_ajax_frame_30').on('load',function(){var contents = jQuery(this).contents().find('*').html();var is_postback = contents.indexOf('GF_AJAX_POSTBACK') >= 0;if(!is_postback){return;}var form_content = jQuery(this).contents().find('#gform_wrapper_30');var is_confirmation = jQuery(this).contents().find('#gform_confirmation_wrapper_30').length > 0;var is_redirect = contents.indexOf('gformRedirect(){') >= 0;var is_form = form_content.length > 0 && ! is_redirect && ! is_confirmation;var mt = parseInt(jQuery('html').css('margin-top'), 10) + parseInt(jQuery('body').css('margin-top'), 10) + 100;if(is_form){jQuery('#gform_wrapper_30').html(form_content.html());if(form_content.hasClass('gform_validation_error')){jQuery('#gform_wrapper_30').addClass('gform_validation_error');} else {jQuery('#gform_wrapper_30').removeClass('gform_validation_error');}setTimeout( function() { \/* delay the scroll by 50 milliseconds to fix a bug in chrome *\/  }, 50 );if(window['gformInitDatepicker']) {gformInitDatepicker();}if(window['gformInitPriceFields']) {gformInitPriceFields();}var current_page = jQuery('#gform_source_page_number_30').val();gformInitSpinner( 30, 'https:\/\/www.modula4.com\/wp-content\/plugins\/gravityforms\/images\/spinner.svg', true );jQuery(document).trigger('gform_page_loaded', [30, current_page]);window['gf_submitting_30'] = false;}else if(!is_redirect){var confirmation_content = jQuery(this).contents().find('.GF_AJAX_POSTBACK').html();if(!confirmation_content){confirmation_content = contents;}jQuery('#gform_wrapper_30').replaceWith(confirmation_content);jQuery(document).trigger('gform_confirmation_loaded', [30]);window['gf_submitting_30'] = false;wp.a11y.speak(jQuery('#gform_confirmation_message_30').text());}else{jQuery('#gform_30').append(contents);if(window['gformRedirect']) {gformRedirect();}}jQuery(document).trigger(\"gform_pre_post_render\", [{ formId: \"30\", currentPage: \"current_page\", abort: function() { this.preventDefault(); } }]);        if (event && event.defaultPrevented) {                return;        }        const gformWrapperDiv = document.getElementById( \"gform_wrapper_30\" );        if ( gformWrapperDiv ) {            const visibilitySpan = document.createElement( \"span\" );            visibilitySpan.id = \"gform_visibility_test_30\";            gformWrapperDiv.insertAdjacentElement( \"afterend\", visibilitySpan );        }        const visibilityTestDiv = document.getElementById( \"gform_visibility_test_30\" );        let postRenderFired = false;        function triggerPostRender() {            if ( postRenderFired ) {                return;            }            postRenderFired = true;            gform.core.triggerPostRenderEvents( 30, current_page );            if ( visibilityTestDiv ) {                visibilityTestDiv.parentNode.removeChild( visibilityTestDiv );            }        }        function debounce( func, wait, immediate ) {            var timeout;            return function() {                var context = this, args = arguments;                var later = function() {                    timeout = null;                    if ( !immediate ) func.apply( context, args );                };                var callNow = immediate && !timeout;                clearTimeout( timeout );                timeout = setTimeout( later, wait );                if ( callNow ) func.apply( context, args );            };        }        const debouncedTriggerPostRender = debounce( function() {            triggerPostRender();        }, 200 );        if ( visibilityTestDiv && visibilityTestDiv.offsetParent === null ) {            const observer = new MutationObserver( ( mutations ) => {                mutations.forEach( ( mutation ) => {                    if ( mutation.type === 'attributes' && visibilityTestDiv.offsetParent !== null ) {                        debouncedTriggerPostRender();                        observer.disconnect();                    }                });            });            observer.observe( document.body, {                attributes: true,                childList: false,                subtree: true,                attributeFilter: [ 'style', 'class' ],            });        } else {            triggerPostRender();        }    } );} ); \n\/* ]]> *\/\n<\/script>\n\n","protected":false},"excerpt":{"rendered":"<p>Suchen Sie ein neues DAM? Wir helfen Ihnen, die richtige Wahl zu treffen. Die Suche nach dem richtigen DAM kann zeitaufwendig und verwirrend sein. Es gibt Dutzende von DAMs zur Auswahl, und es ist schwer zu wissen, wie jedes einzelne Ihre spezifischen Anforderungen am besten erf\u00fcllt. Im Gro\u00dfen und Ganzen tun alle DAMs das Gleiche. <a class=\"read-more\" href=\"https:\/\/www.modula4.com\/de\/dienstleistungen\/find-the-right-dam\/\">&#8230; &nbsp;Weiterlesen &gt;<\/a><\/p>\n","protected":false},"author":2,"featured_media":0,"parent":5969,"menu_order":100,"comment_status":"closed","ping_status":"closed","template":"","meta":{"_monsterinsights_skip_tracking":false,"_monsterinsights_sitenote_active":false,"_monsterinsights_sitenote_note":"","_monsterinsights_sitenote_category":0,"footnotes":""},"class_list":["post-11948","page","type-page","status-publish","hentry"],"yoast_head":"<!-- This site is optimized with the Yoast SEO Premium plugin v26.4 (Yoast SEO v27.4) - https:\/\/yoast.com\/product\/yoast-seo-premium-wordpress\/ -->\n<title>Das richtige DAM finden - Modula4<\/title>\n<meta name=\"robots\" content=\"index, follow, max-snippet:-1, max-image-preview:large, max-video-preview:-1\" \/>\n<link rel=\"canonical\" href=\"https:\/\/www.modula4.com\/de\/dienstleistungen\/find-the-right-dam\/\" \/>\n<meta property=\"og:locale\" content=\"de_DE\" \/>\n<meta property=\"og:type\" content=\"article\" \/>\n<meta property=\"og:title\" content=\"Das richtige DAM finden\" \/>\n<meta property=\"og:description\" content=\"Suchen Sie ein neues DAM? Wir helfen Ihnen, die richtige Wahl zu treffen. Die Suche nach dem richtigen DAM kann zeitaufwendig und verwirrend sein. Es gibt Dutzende von DAMs zur Auswahl, und es ist schwer zu wissen, wie jedes einzelne Ihre spezifischen Anforderungen am besten erf\u00fcllt. Im Gro\u00dfen und Ganzen tun alle DAMs das Gleiche. ... &nbsp;Weiterlesen &gt;\" \/>\n<meta property=\"og:url\" content=\"https:\/\/www.modula4.com\/de\/dienstleistungen\/find-the-right-dam\/\" \/>\n<meta property=\"og:site_name\" content=\"Modula4\" \/>\n<meta property=\"article:publisher\" content=\"https:\/\/www.linkedin.com\/company\/modula4\/\" \/>\n<meta property=\"article:modified_time\" content=\"2024-01-10T18:27:09+00:00\" \/>\n<meta name=\"twitter:label1\" content=\"Gesch\u00e4tzte Lesezeit\" \/>\n\t<meta name=\"twitter:data1\" content=\"2\u00a0Minuten\" \/>\n<script type=\"application\/ld+json\" class=\"yoast-schema-graph\">{\"@context\":\"https:\\\/\\\/schema.org\",\"@graph\":[{\"@type\":\"WebPage\",\"@id\":\"https:\\\/\\\/www.modula4.com\\\/de\\\/dienstleistungen\\\/find-the-right-dam\\\/\",\"url\":\"https:\\\/\\\/www.modula4.com\\\/de\\\/dienstleistungen\\\/find-the-right-dam\\\/\",\"name\":\"Das richtige DAM finden - Modula4\",\"isPartOf\":{\"@id\":\"https:\\\/\\\/www.modula4.com\\\/#website\"},\"datePublished\":\"2023-12-18T23:21:37+00:00\",\"dateModified\":\"2024-01-10T18:27:09+00:00\",\"breadcrumb\":{\"@id\":\"https:\\\/\\\/www.modula4.com\\\/de\\\/dienstleistungen\\\/find-the-right-dam\\\/#breadcrumb\"},\"inLanguage\":\"de\",\"potentialAction\":[{\"@type\":\"ReadAction\",\"target\":[\"https:\\\/\\\/www.modula4.com\\\/de\\\/dienstleistungen\\\/find-the-right-dam\\\/\"]}]},{\"@type\":\"BreadcrumbList\",\"@id\":\"https:\\\/\\\/www.modula4.com\\\/de\\\/dienstleistungen\\\/find-the-right-dam\\\/#breadcrumb\",\"itemListElement\":[{\"@type\":\"ListItem\",\"position\":1,\"name\":\"Home\",\"item\":\"https:\\\/\\\/www.modula4.com\\\/de\\\/\"},{\"@type\":\"ListItem\",\"position\":2,\"name\":\"Dienstleistungen\",\"item\":\"https:\\\/\\\/www.modula4.com\\\/de\\\/dienstleistungen\\\/\"},{\"@type\":\"ListItem\",\"position\":3,\"name\":\"Das richtige DAM finden\"}]},{\"@type\":\"WebSite\",\"@id\":\"https:\\\/\\\/www.modula4.com\\\/#website\",\"url\":\"https:\\\/\\\/www.modula4.com\\\/\",\"name\":\"Modula4\",\"description\":\"Dedicated Experts. Complete Solutions. Real Results.\",\"publisher\":{\"@id\":\"https:\\\/\\\/www.modula4.com\\\/#organization\"},\"potentialAction\":[{\"@type\":\"SearchAction\",\"target\":{\"@type\":\"EntryPoint\",\"urlTemplate\":\"https:\\\/\\\/www.modula4.com\\\/?s={search_term_string}\"},\"query-input\":{\"@type\":\"PropertyValueSpecification\",\"valueRequired\":true,\"valueName\":\"search_term_string\"}}],\"inLanguage\":\"de\"},{\"@type\":\"Organization\",\"@id\":\"https:\\\/\\\/www.modula4.com\\\/#organization\",\"name\":\"Modula4\",\"url\":\"https:\\\/\\\/www.modula4.com\\\/\",\"logo\":{\"@type\":\"ImageObject\",\"inLanguage\":\"de\",\"@id\":\"https:\\\/\\\/www.modula4.com\\\/#\\\/schema\\\/logo\\\/image\\\/\",\"url\":\"https:\\\/\\\/www.modula4.com\\\/wp-content\\\/uploads\\\/M4-Logo-rgb.png\",\"contentUrl\":\"https:\\\/\\\/www.modula4.com\\\/wp-content\\\/uploads\\\/M4-Logo-rgb.png\",\"width\":190,\"height\":42,\"caption\":\"Modula4\"},\"image\":{\"@id\":\"https:\\\/\\\/www.modula4.com\\\/#\\\/schema\\\/logo\\\/image\\\/\"},\"sameAs\":[\"https:\\\/\\\/www.linkedin.com\\\/company\\\/modula4\\\/\"]}]}<\/script>\n<!-- \/ Yoast SEO Premium plugin. -->","yoast_head_json":{"title":"Das richtige DAM finden - Modula4","robots":{"index":"index","follow":"follow","max-snippet":"max-snippet:-1","max-image-preview":"max-image-preview:large","max-video-preview":"max-video-preview:-1"},"canonical":"https:\/\/www.modula4.com\/de\/dienstleistungen\/find-the-right-dam\/","og_locale":"de_DE","og_type":"article","og_title":"Das richtige DAM finden","og_description":"Suchen Sie ein neues DAM? Wir helfen Ihnen, die richtige Wahl zu treffen. Die Suche nach dem richtigen DAM kann zeitaufwendig und verwirrend sein. Es gibt Dutzende von DAMs zur Auswahl, und es ist schwer zu wissen, wie jedes einzelne Ihre spezifischen Anforderungen am besten erf\u00fcllt. Im Gro\u00dfen und Ganzen tun alle DAMs das Gleiche. ... &nbsp;Weiterlesen &gt;","og_url":"https:\/\/www.modula4.com\/de\/dienstleistungen\/find-the-right-dam\/","og_site_name":"Modula4","article_publisher":"https:\/\/www.linkedin.com\/company\/modula4\/","article_modified_time":"2024-01-10T18:27:09+00:00","twitter_misc":{"Gesch\u00e4tzte Lesezeit":"2\u00a0Minuten"},"schema":{"@context":"https:\/\/schema.org","@graph":[{"@type":"WebPage","@id":"https:\/\/www.modula4.com\/de\/dienstleistungen\/find-the-right-dam\/","url":"https:\/\/www.modula4.com\/de\/dienstleistungen\/find-the-right-dam\/","name":"Das richtige DAM finden - Modula4","isPartOf":{"@id":"https:\/\/www.modula4.com\/#website"},"datePublished":"2023-12-18T23:21:37+00:00","dateModified":"2024-01-10T18:27:09+00:00","breadcrumb":{"@id":"https:\/\/www.modula4.com\/de\/dienstleistungen\/find-the-right-dam\/#breadcrumb"},"inLanguage":"de","potentialAction":[{"@type":"ReadAction","target":["https:\/\/www.modula4.com\/de\/dienstleistungen\/find-the-right-dam\/"]}]},{"@type":"BreadcrumbList","@id":"https:\/\/www.modula4.com\/de\/dienstleistungen\/find-the-right-dam\/#breadcrumb","itemListElement":[{"@type":"ListItem","position":1,"name":"Home","item":"https:\/\/www.modula4.com\/de\/"},{"@type":"ListItem","position":2,"name":"Dienstleistungen","item":"https:\/\/www.modula4.com\/de\/dienstleistungen\/"},{"@type":"ListItem","position":3,"name":"Das richtige DAM finden"}]},{"@type":"WebSite","@id":"https:\/\/www.modula4.com\/#website","url":"https:\/\/www.modula4.com\/","name":"Modula4","description":"Dedicated Experts. Complete Solutions. Real Results.","publisher":{"@id":"https:\/\/www.modula4.com\/#organization"},"potentialAction":[{"@type":"SearchAction","target":{"@type":"EntryPoint","urlTemplate":"https:\/\/www.modula4.com\/?s={search_term_string}"},"query-input":{"@type":"PropertyValueSpecification","valueRequired":true,"valueName":"search_term_string"}}],"inLanguage":"de"},{"@type":"Organization","@id":"https:\/\/www.modula4.com\/#organization","name":"Modula4","url":"https:\/\/www.modula4.com\/","logo":{"@type":"ImageObject","inLanguage":"de","@id":"https:\/\/www.modula4.com\/#\/schema\/logo\/image\/","url":"https:\/\/www.modula4.com\/wp-content\/uploads\/M4-Logo-rgb.png","contentUrl":"https:\/\/www.modula4.com\/wp-content\/uploads\/M4-Logo-rgb.png","width":190,"height":42,"caption":"Modula4"},"image":{"@id":"https:\/\/www.modula4.com\/#\/schema\/logo\/image\/"},"sameAs":["https:\/\/www.linkedin.com\/company\/modula4\/"]}]}},"_links":{"self":[{"href":"https:\/\/www.modula4.com\/de\/wp-json\/wp\/v2\/pages\/11948","targetHints":{"allow":["GET"]}}],"collection":[{"href":"https:\/\/www.modula4.com\/de\/wp-json\/wp\/v2\/pages"}],"about":[{"href":"https:\/\/www.modula4.com\/de\/wp-json\/wp\/v2\/types\/page"}],"author":[{"embeddable":true,"href":"https:\/\/www.modula4.com\/de\/wp-json\/wp\/v2\/users\/2"}],"replies":[{"embeddable":true,"href":"https:\/\/www.modula4.com\/de\/wp-json\/wp\/v2\/comments?post=11948"}],"version-history":[{"count":6,"href":"https:\/\/www.modula4.com\/de\/wp-json\/wp\/v2\/pages\/11948\/revisions"}],"predecessor-version":[{"id":11962,"href":"https:\/\/www.modula4.com\/de\/wp-json\/wp\/v2\/pages\/11948\/revisions\/11962"}],"up":[{"embeddable":true,"href":"https:\/\/www.modula4.com\/de\/wp-json\/wp\/v2\/pages\/5969"}],"wp:attachment":[{"href":"https:\/\/www.modula4.com\/de\/wp-json\/wp\/v2\/media?parent=11948"}],"curies":[{"name":"wp","href":"https:\/\/api.w.org\/{rel}","templated":true}]}}