{"id":11889,"date":"2023-10-12T13:40:28","date_gmt":"2023-10-12T20:40:28","guid":{"rendered":"https:\/\/www.modula4.com\/cumulus-support-and-data-export\/"},"modified":"2023-10-24T10:33:12","modified_gmt":"2023-10-24T17:33:12","slug":"cumulus-support-and-data-export","status":"publish","type":"page","link":"https:\/\/www.modula4.com\/de\/cumulus-support-and-data-export\/","title":{"rendered":"Die Zeit f\u00fcr Cumulus l\u00e4uft ab"},"content":{"rendered":"<h2>Wir\u00a0helfen Ihnen mit Cumulus Support, Migration und Ersatz.<\/h2>\n<p>Der Support von Canto f\u00fcr Cumulus l\u00e4uft Ende diesen Jahres aus. Modula4 bietet eine Vielzahl von Dienstleistungen und Produkten, die es erm\u00f6glichen, mit dem Ende von Cumulus einfach und effizient umzugehen.<\/p>\n<h3>Erhalten Sie auch weiterhin Support f\u00fcr Cumulus<\/h3>\n<p>Viele Unternehmen verwenden weiterhin Cumulus, da sie sich noch nicht f\u00fcr eine Ersatzl\u00f6sung entschieden haben, der Kaufprozess l\u00e4nger dauert als geplant oder aus einer Reihe anderer Gr\u00fcnde<br \/>\nModula4 bietet auch f\u00fcr n\u00e4chstes Jahr noch Support f\u00fcr Cumulus an. Das gibt Ihnen mehr Zeit, um eine Ersatzl\u00f6sung zu finden. Wir bieten Unterst\u00fctzung durch Experten, damit Ihr Cumulus System so lange weiter funktioniert, bis Sie es ersetzen.<\/p>\n<h3>Unterst\u00fctzung bei der Migration<\/h3>\n<p>Haben Sie bereits schon einen Ersatz f\u00fcr Cumulus gefunden? Wir k\u00f6nnen Ihnen helfen, Ihre Daten zu exportieren. Die in Cumulus integrierte Exportfunktion ist nur daf\u00fcr konzipiert, Daten von einem Cumulus System in ein anderes zu \u00fcbertragen. Sie kann nicht dazu verwendet werden, Dateien in ein anderes System zu importieren, ohne da\u00df dabei ein hoher Arbeitsaufwand durch qualifiziertes, technisches Personal entsteht. Mit unserem Cumulus Exporter oder bei der Nutzung unserer Dienstleistungen erhalten Sie schnell saubere Exporte in Standardformaten, die sich leicht in andere Systeme importieren lassen<\/p>\n<h3>Einen Ersatz f\u00fcr Cumulus finden<\/h3>\n<p>Suchen Sie noch nach einem Ersatz f\u00fcr Cumulus? Modula4 kann Ihnen dabei helfen. Obwohl alle DAM-Systeme dieselben Kernaufgaben erledigen, gibt es erhebliche Unterschiede in Bezug auf Funktionalit\u00e4t, Benutzbarkeit, Integrationen und Bereitstellungsoptionen. Mit unserer tiefgreifenden Kenntnis von Cumulus k\u00f6nnen wir einfach bewerten, wie Sie Cumulus nutzen und was es Neues gibt, das Sie gerne tun w\u00fcrden, was mit Cumulus nicht m\u00f6glich ist. Dann helfen wir Ihnen, den besten Ersatz zu finden, der ihre aktuellen und zuk\u00fcnftigen Bed\u00fcrfnisse erf\u00fcllt.<\/p>\n<h2><\/h2>\n<script type=\"text\/javascript\">\n\/* <![CDATA[ *\/\nvar gform;gform||(document.addEventListener(\"gform_main_scripts_loaded\",function(){gform.scriptsLoaded=!0}),document.addEventListener(\"gform\/theme\/scripts_loaded\",function(){gform.themeScriptsLoaded=!0}),window.addEventListener(\"DOMContentLoaded\",function(){gform.domLoaded=!0}),gform={domLoaded:!1,scriptsLoaded:!1,themeScriptsLoaded:!1,isFormEditor:()=>\"function\"==typeof InitializeEditor,callIfLoaded:function(o){return!(!gform.domLoaded||!gform.scriptsLoaded||!gform.themeScriptsLoaded&&!gform.isFormEditor()||(gform.isFormEditor()&&console.warn(\"The use of gform.initializeOnLoaded() is deprecated in the form editor context and will be removed in Gravity Forms 3.1.\"),o(),0))},initializeOnLoaded:function(o){gform.callIfLoaded(o)||(document.addEventListener(\"gform_main_scripts_loaded\",()=>{gform.scriptsLoaded=!0,gform.callIfLoaded(o)}),document.addEventListener(\"gform\/theme\/scripts_loaded\",()=>{gform.themeScriptsLoaded=!0,gform.callIfLoaded(o)}),window.addEventListener(\"DOMContentLoaded\",()=>{gform.domLoaded=!0,gform.callIfLoaded(o)}))},hooks:{action:{},filter:{}},addAction:function(o,r,e,t){gform.addHook(\"action\",o,r,e,t)},addFilter:function(o,r,e,t){gform.addHook(\"filter\",o,r,e,t)},doAction:function(o){gform.doHook(\"action\",o,arguments)},applyFilters:function(o){return gform.doHook(\"filter\",o,arguments)},removeAction:function(o,r){gform.removeHook(\"action\",o,r)},removeFilter:function(o,r,e){gform.removeHook(\"filter\",o,r,e)},addHook:function(o,r,e,t,n){null==gform.hooks[o][r]&&(gform.hooks[o][r]=[]);var d=gform.hooks[o][r];null==n&&(n=r+\"_\"+d.length),gform.hooks[o][r].push({tag:n,callable:e,priority:t=null==t?10:t})},doHook:function(r,o,e){var t;if(e=Array.prototype.slice.call(e,1),null!=gform.hooks[r][o]&&((o=gform.hooks[r][o]).sort(function(o,r){return o.priority-r.priority}),o.forEach(function(o){\"function\"!=typeof(t=o.callable)&&(t=window[t]),\"action\"==r?t.apply(null,e):e[0]=t.apply(null,e)})),\"filter\"==r)return e[0]},removeHook:function(o,r,t,n){var e;null!=gform.hooks[o][r]&&(e=(e=gform.hooks[o][r]).filter(function(o,r,e){return!!(null!=n&&n!=o.tag||null!=t&&t!=o.priority)}),gform.hooks[o][r]=e)}});\n\/* ]]> *\/\n<\/script>\n\n                <div class='gf_browser_gecko gform_wrapper gform_legacy_markup_wrapper gform-theme--no-framework' data-form-theme='legacy' data-form-index='0' id='gform_wrapper_27' ><form method='post' enctype='multipart\/form-data'  id='gform_27'  action='\/de\/wp-json\/wp\/v2\/pages\/11889' data-formid='27' novalidate><div class='gf_invisible ginput_recaptchav3' data-sitekey='6LdWB4UjAAAAAIXtGDsOTMGob75Xq3OjSxqLy-of' data-tabindex='0'><input id=\"input_de5d3fa99d6149ff48ce6bcc798a4c56\" class=\"gfield_recaptcha_response\" type=\"hidden\" name=\"input_de5d3fa99d6149ff48ce6bcc798a4c56\" value=\"\"\/><\/div>\n                        <div class='gform-body gform_body'><ul id='gform_fields_27' class='gform_fields top_label form_sublabel_below description_below validation_below'><li id=\"field_27_7\" class=\"gfield gfield--type-honeypot gform_validation_container field_sublabel_below gfield--has-description field_description_below field_validation_below gfield_visibility_visible\"  ><label class='gfield_label gform-field-label' for='input_27_7'>LinkedIn<\/label><div class='ginput_container'><input name='input_7' id='input_27_7' type='text' value='' autocomplete='new-password'\/><\/div><div class='gfield_description' id='gfield_description_27_7'>Dieses Feld dient zur Validierung und sollte nicht ver\u00e4ndert werden.<\/div><\/li><li id=\"field_27_4\" class=\"gfield gfield--type-select gfield--width-full gfield_contains_required field_sublabel_below gfield--no-description field_description_below field_validation_below gfield_visibility_visible\"  ><label class='gfield_label gform-field-label screen-reader-text' for='input_27_4'><span class=\"gfield_required\"><span class=\"gfield_required gfield_required_asterisk\">*<\/span><\/span><\/label><div class='ginput_container ginput_container_select'><select name='input_4' id='input_27_4' class='large gfield_select'    aria-required=\"true\" aria-invalid=\"false\" ><option value='- Ausw\u00e4hlen -' selected='selected'>- Ausw\u00e4hlen -<\/option><option value='Laufender Cumulus Support' >Laufender Cumulus Support<\/option><option value='Migration von Cumulus' >Migration von Cumulus<\/option><option value='Cumulus Ersatz' >Cumulus Ersatz<\/option><option value='Verschiedenes' >Verschiedenes<\/option><\/select><\/div><\/li><li id=\"field_27_2\" class=\"gfield gfield--type-email gfield_contains_required field_sublabel_below gfield--no-description field_description_below field_validation_below gfield_visibility_visible\"  ><label class='gfield_label gform-field-label' for='input_27_2'>Email<span class=\"gfield_required\"><span class=\"gfield_required gfield_required_asterisk\">*<\/span><\/span><\/label><div class='ginput_container ginput_container_email'>\n                            <input name='input_2' id='input_27_2' type='email' value='' class='large'    aria-required=\"true\" aria-invalid=\"false\"  \/>\n                        <\/div><\/li><li id=\"field_27_3\" class=\"gfield gfield--type-phone field_sublabel_below gfield--no-description field_description_below field_validation_below gfield_visibility_visible\"  ><label class='gfield_label gform-field-label' for='input_27_3'>Phone<\/label><div class='ginput_container ginput_container_phone'><input name='input_3' id='input_27_3' type='tel' value='' class='large'    aria-invalid=\"false\"   \/><\/div><\/li><li id=\"field_27_6\" class=\"gfield gfield--type-textarea field_sublabel_below gfield--no-description field_description_below field_validation_below gfield_visibility_visible\"  ><label class='gfield_label gform-field-label' for='input_27_6'>Message<\/label><div class='ginput_container ginput_container_textarea'><textarea name='input_6' id='input_27_6' class='textarea medium'      aria-invalid=\"false\"   rows='10' cols='50'><\/textarea><\/div><\/li><\/ul><\/div>\n        <div class='gform-footer gform_footer top_label'> <input type='submit' id='gform_submit_button_27' class='gform_button button' onclick='gform.submission.handleButtonClick(this);' data-submission-type='submit' value='Submit'  \/> \n            <input type='hidden' class='gform_hidden' name='gform_submission_method' data-js='gform_submission_method_27' value='postback' \/>\n            <input type='hidden' class='gform_hidden' name='gform_theme' data-js='gform_theme_27' id='gform_theme_27' value='legacy' \/>\n            <input type='hidden' class='gform_hidden' name='gform_style_settings' data-js='gform_style_settings_27' id='gform_style_settings_27' value='[]' \/>\n            <input type='hidden' class='gform_hidden' name='is_submit_27' value='1' \/>\n            <input type='hidden' class='gform_hidden' name='gform_submit' value='27' \/>\n            \n            <input type='hidden' class='gform_hidden' name='gform_currency' data-currency='USD' value='fmdDQjCTTj\/nJVUPDHSdfhOIn5prRjjjTaxg4US9UUU3KIPitc1wou\/4LUxLiIADtiUTB8ymfYQWrJzWjAPNBk2bJoUhBJJMxwJbMOvYSzE2qJU=' \/>\n            <input type='hidden' class='gform_hidden' name='gform_unique_id' value='' \/>\n            <input type='hidden' class='gform_hidden' name='state_27' value='WyJbXSIsImI3MDJiODFmYzc5ZTIyMTI5MmQ0NmFlYzE0OTQ1M2UxIl0=' \/>\n            <input type='hidden' autocomplete='off' class='gform_hidden' name='gform_target_page_number_27' id='gform_target_page_number_27' value='0' \/>\n            <input type='hidden' autocomplete='off' class='gform_hidden' name='gform_source_page_number_27' id='gform_source_page_number_27' value='1' \/>\n            <input type='hidden' name='gform_field_values' value='' \/>\n            \n        <\/div>\n                        <p style=\"display: none !important;\" class=\"akismet-fields-container\" data-prefix=\"ak_\"><label>&#916;<textarea name=\"ak_hp_textarea\" cols=\"45\" rows=\"8\" maxlength=\"100\"><\/textarea><\/label><input type=\"hidden\" id=\"ak_js_1\" name=\"ak_js\" value=\"17\"\/><script type=\"text\/javascript\">\n\/* <![CDATA[ *\/\ndocument.getElementById( \"ak_js_1\" ).setAttribute( \"value\", ( new Date() ).getTime() );\n\/* ]]> *\/\n<\/script>\n<\/p><\/form>\n                        <\/div><script type=\"text\/javascript\">\n\/* <![CDATA[ *\/\n gform.initializeOnLoaded( function() {gformInitSpinner( 27, 'https:\/\/www.modula4.com\/wp-content\/plugins\/gravityforms\/images\/spinner.svg', true );jQuery('#gform_ajax_frame_27').on('load',function(){var contents = jQuery(this).contents().find('*').html();var is_postback = contents.indexOf('GF_AJAX_POSTBACK') >= 0;if(!is_postback){return;}var form_content = jQuery(this).contents().find('#gform_wrapper_27');var is_confirmation = jQuery(this).contents().find('#gform_confirmation_wrapper_27').length > 0;var is_redirect = contents.indexOf('gformRedirect(){') >= 0;var is_form = form_content.length > 0 && ! is_redirect && ! is_confirmation;var mt = parseInt(jQuery('html').css('margin-top'), 10) + parseInt(jQuery('body').css('margin-top'), 10) + 100;if(is_form){jQuery('#gform_wrapper_27').html(form_content.html());if(form_content.hasClass('gform_validation_error')){jQuery('#gform_wrapper_27').addClass('gform_validation_error');} else {jQuery('#gform_wrapper_27').removeClass('gform_validation_error');}setTimeout( function() { \/* delay the scroll by 50 milliseconds to fix a bug in chrome *\/  }, 50 );if(window['gformInitDatepicker']) {gformInitDatepicker();}if(window['gformInitPriceFields']) {gformInitPriceFields();}var current_page = jQuery('#gform_source_page_number_27').val();gformInitSpinner( 27, 'https:\/\/www.modula4.com\/wp-content\/plugins\/gravityforms\/images\/spinner.svg', true );jQuery(document).trigger('gform_page_loaded', [27, current_page]);window['gf_submitting_27'] = false;}else if(!is_redirect){var confirmation_content = jQuery(this).contents().find('.GF_AJAX_POSTBACK').html();if(!confirmation_content){confirmation_content = contents;}jQuery('#gform_wrapper_27').replaceWith(confirmation_content);jQuery(document).trigger('gform_confirmation_loaded', [27]);window['gf_submitting_27'] = false;wp.a11y.speak(jQuery('#gform_confirmation_message_27').text());}else{jQuery('#gform_27').append(contents);if(window['gformRedirect']) {gformRedirect();}}jQuery(document).trigger(\"gform_pre_post_render\", [{ formId: \"27\", currentPage: \"current_page\", abort: function() { this.preventDefault(); } }]);        if (event && event.defaultPrevented) {                return;        }        const gformWrapperDiv = document.getElementById( \"gform_wrapper_27\" );        if ( gformWrapperDiv ) {            const visibilitySpan = document.createElement( \"span\" );            visibilitySpan.id = \"gform_visibility_test_27\";            gformWrapperDiv.insertAdjacentElement( \"afterend\", visibilitySpan );        }        const visibilityTestDiv = document.getElementById( \"gform_visibility_test_27\" );        let postRenderFired = false;        function triggerPostRender() {            if ( postRenderFired ) {                return;            }            postRenderFired = true;            gform.core.triggerPostRenderEvents( 27, current_page );            if ( visibilityTestDiv ) {                visibilityTestDiv.parentNode.removeChild( visibilityTestDiv );            }        }        function debounce( func, wait, immediate ) {            var timeout;            return function() {                var context = this, args = arguments;                var later = function() {                    timeout = null;                    if ( !immediate ) func.apply( context, args );                };                var callNow = immediate && !timeout;                clearTimeout( timeout );                timeout = setTimeout( later, wait );                if ( callNow ) func.apply( context, args );            };        }        const debouncedTriggerPostRender = debounce( function() {            triggerPostRender();        }, 200 );        if ( visibilityTestDiv && visibilityTestDiv.offsetParent === null ) {            const observer = new MutationObserver( ( mutations ) => {                mutations.forEach( ( mutation ) => {                    if ( mutation.type === 'attributes' && visibilityTestDiv.offsetParent !== null ) {                        debouncedTriggerPostRender();                        observer.disconnect();                    }                });            });            observer.observe( document.body, {                attributes: true,                childList: false,                subtree: true,                attributeFilter: [ 'style', 'class' ],            });        } else {            triggerPostRender();        }    } );} ); \n\/* ]]> *\/\n<\/script>\n\n","protected":false},"excerpt":{"rendered":"<p>Wir\u00a0helfen Ihnen mit Cumulus Support, Migration und Ersatz. Der Support von Canto f\u00fcr Cumulus l\u00e4uft Ende diesen Jahres aus. Modula4 bietet eine Vielzahl von Dienstleistungen und Produkten, die es erm\u00f6glichen, mit dem Ende von Cumulus einfach und effizient umzugehen. Erhalten Sie auch weiterhin Support f\u00fcr Cumulus Viele Unternehmen verwenden weiterhin Cumulus, da sie sich noch <a class=\"read-more\" href=\"https:\/\/www.modula4.com\/de\/cumulus-support-and-data-export\/\">&#8230; &nbsp;Weiterlesen &gt;<\/a><\/p>\n","protected":false},"author":2,"featured_media":0,"parent":0,"menu_order":0,"comment_status":"closed","ping_status":"closed","template":"","meta":{"_monsterinsights_skip_tracking":false,"_monsterinsights_sitenote_active":false,"_monsterinsights_sitenote_note":"","_monsterinsights_sitenote_category":0,"footnotes":""},"class_list":["post-11889","page","type-page","status-publish","hentry"],"yoast_head":"<!-- This site is optimized with the Yoast SEO Premium plugin v26.4 (Yoast SEO v27.5) - https:\/\/yoast.com\/product\/yoast-seo-premium-wordpress\/ -->\n<title>Die Zeit f\u00fcr Cumulus l\u00e4uft ab - Modula4<\/title>\n<meta name=\"description\" content=\"Modula4 offers Cumulus support and data export when moving to a new system. We also can help you find the best Canto Cumulus replacement.\" \/>\n<meta name=\"robots\" content=\"index, follow, max-snippet:-1, max-image-preview:large, max-video-preview:-1\" \/>\n<link rel=\"canonical\" href=\"https:\/\/www.modula4.com\/de\/cumulus-support-and-data-export\/\" \/>\n<meta property=\"og:locale\" content=\"de_DE\" \/>\n<meta property=\"og:type\" content=\"article\" \/>\n<meta property=\"og:title\" content=\"Die Zeit f\u00fcr Cumulus l\u00e4uft ab\" \/>\n<meta property=\"og:description\" content=\"Modula4 offers Cumulus support and data export when moving to a new system. We also can help you find the best Canto Cumulus replacement.\" \/>\n<meta property=\"og:url\" content=\"https:\/\/www.modula4.com\/de\/cumulus-support-and-data-export\/\" \/>\n<meta property=\"og:site_name\" content=\"Modula4\" \/>\n<meta property=\"article:publisher\" content=\"https:\/\/www.linkedin.com\/company\/modula4\/\" \/>\n<meta property=\"article:modified_time\" content=\"2023-10-24T17:33:12+00:00\" \/>\n<meta name=\"twitter:label1\" content=\"Gesch\u00e4tzte Lesezeit\" \/>\n\t<meta name=\"twitter:data1\" content=\"2\u00a0Minuten\" \/>\n<script type=\"application\/ld+json\" class=\"yoast-schema-graph\">{\"@context\":\"https:\\\/\\\/schema.org\",\"@graph\":[{\"@type\":\"WebPage\",\"@id\":\"https:\\\/\\\/www.modula4.com\\\/de\\\/cumulus-support-and-data-export\\\/\",\"url\":\"https:\\\/\\\/www.modula4.com\\\/de\\\/cumulus-support-and-data-export\\\/\",\"name\":\"Die Zeit f\u00fcr Cumulus l\u00e4uft ab - Modula4\",\"isPartOf\":{\"@id\":\"https:\\\/\\\/www.modula4.com\\\/#website\"},\"datePublished\":\"2023-10-12T20:40:28+00:00\",\"dateModified\":\"2023-10-24T17:33:12+00:00\",\"description\":\"Modula4 offers Cumulus support and data export when moving to a new system. We also can help you find the best Canto Cumulus replacement.\",\"breadcrumb\":{\"@id\":\"https:\\\/\\\/www.modula4.com\\\/de\\\/cumulus-support-and-data-export\\\/#breadcrumb\"},\"inLanguage\":\"de\",\"potentialAction\":[{\"@type\":\"ReadAction\",\"target\":[\"https:\\\/\\\/www.modula4.com\\\/de\\\/cumulus-support-and-data-export\\\/\"]}]},{\"@type\":\"BreadcrumbList\",\"@id\":\"https:\\\/\\\/www.modula4.com\\\/de\\\/cumulus-support-and-data-export\\\/#breadcrumb\",\"itemListElement\":[{\"@type\":\"ListItem\",\"position\":1,\"name\":\"Home\",\"item\":\"https:\\\/\\\/www.modula4.com\\\/de\\\/\"},{\"@type\":\"ListItem\",\"position\":2,\"name\":\"Die Zeit f\u00fcr Cumulus l\u00e4uft ab\"}]},{\"@type\":\"WebSite\",\"@id\":\"https:\\\/\\\/www.modula4.com\\\/#website\",\"url\":\"https:\\\/\\\/www.modula4.com\\\/\",\"name\":\"Modula4\",\"description\":\"Dedicated Experts. Complete Solutions. Real Results.\",\"publisher\":{\"@id\":\"https:\\\/\\\/www.modula4.com\\\/#organization\"},\"potentialAction\":[{\"@type\":\"SearchAction\",\"target\":{\"@type\":\"EntryPoint\",\"urlTemplate\":\"https:\\\/\\\/www.modula4.com\\\/?s={search_term_string}\"},\"query-input\":{\"@type\":\"PropertyValueSpecification\",\"valueRequired\":true,\"valueName\":\"search_term_string\"}}],\"inLanguage\":\"de\"},{\"@type\":\"Organization\",\"@id\":\"https:\\\/\\\/www.modula4.com\\\/#organization\",\"name\":\"Modula4\",\"url\":\"https:\\\/\\\/www.modula4.com\\\/\",\"logo\":{\"@type\":\"ImageObject\",\"inLanguage\":\"de\",\"@id\":\"https:\\\/\\\/www.modula4.com\\\/#\\\/schema\\\/logo\\\/image\\\/\",\"url\":\"https:\\\/\\\/www.modula4.com\\\/wp-content\\\/uploads\\\/M4-Logo-rgb.png\",\"contentUrl\":\"https:\\\/\\\/www.modula4.com\\\/wp-content\\\/uploads\\\/M4-Logo-rgb.png\",\"width\":190,\"height\":42,\"caption\":\"Modula4\"},\"image\":{\"@id\":\"https:\\\/\\\/www.modula4.com\\\/#\\\/schema\\\/logo\\\/image\\\/\"},\"sameAs\":[\"https:\\\/\\\/www.linkedin.com\\\/company\\\/modula4\\\/\"]}]}<\/script>\n<!-- \/ Yoast SEO Premium plugin. -->","yoast_head_json":{"title":"Die Zeit f\u00fcr Cumulus l\u00e4uft ab - Modula4","description":"Modula4 offers Cumulus support and data export when moving to a new system. We also can help you find the best Canto Cumulus replacement.","robots":{"index":"index","follow":"follow","max-snippet":"max-snippet:-1","max-image-preview":"max-image-preview:large","max-video-preview":"max-video-preview:-1"},"canonical":"https:\/\/www.modula4.com\/de\/cumulus-support-and-data-export\/","og_locale":"de_DE","og_type":"article","og_title":"Die Zeit f\u00fcr Cumulus l\u00e4uft ab","og_description":"Modula4 offers Cumulus support and data export when moving to a new system. We also can help you find the best Canto Cumulus replacement.","og_url":"https:\/\/www.modula4.com\/de\/cumulus-support-and-data-export\/","og_site_name":"Modula4","article_publisher":"https:\/\/www.linkedin.com\/company\/modula4\/","article_modified_time":"2023-10-24T17:33:12+00:00","twitter_misc":{"Gesch\u00e4tzte Lesezeit":"2\u00a0Minuten"},"schema":{"@context":"https:\/\/schema.org","@graph":[{"@type":"WebPage","@id":"https:\/\/www.modula4.com\/de\/cumulus-support-and-data-export\/","url":"https:\/\/www.modula4.com\/de\/cumulus-support-and-data-export\/","name":"Die Zeit f\u00fcr Cumulus l\u00e4uft ab - Modula4","isPartOf":{"@id":"https:\/\/www.modula4.com\/#website"},"datePublished":"2023-10-12T20:40:28+00:00","dateModified":"2023-10-24T17:33:12+00:00","description":"Modula4 offers Cumulus support and data export when moving to a new system. We also can help you find the best Canto Cumulus replacement.","breadcrumb":{"@id":"https:\/\/www.modula4.com\/de\/cumulus-support-and-data-export\/#breadcrumb"},"inLanguage":"de","potentialAction":[{"@type":"ReadAction","target":["https:\/\/www.modula4.com\/de\/cumulus-support-and-data-export\/"]}]},{"@type":"BreadcrumbList","@id":"https:\/\/www.modula4.com\/de\/cumulus-support-and-data-export\/#breadcrumb","itemListElement":[{"@type":"ListItem","position":1,"name":"Home","item":"https:\/\/www.modula4.com\/de\/"},{"@type":"ListItem","position":2,"name":"Die Zeit f\u00fcr Cumulus l\u00e4uft ab"}]},{"@type":"WebSite","@id":"https:\/\/www.modula4.com\/#website","url":"https:\/\/www.modula4.com\/","name":"Modula4","description":"Dedicated Experts. Complete Solutions. Real Results.","publisher":{"@id":"https:\/\/www.modula4.com\/#organization"},"potentialAction":[{"@type":"SearchAction","target":{"@type":"EntryPoint","urlTemplate":"https:\/\/www.modula4.com\/?s={search_term_string}"},"query-input":{"@type":"PropertyValueSpecification","valueRequired":true,"valueName":"search_term_string"}}],"inLanguage":"de"},{"@type":"Organization","@id":"https:\/\/www.modula4.com\/#organization","name":"Modula4","url":"https:\/\/www.modula4.com\/","logo":{"@type":"ImageObject","inLanguage":"de","@id":"https:\/\/www.modula4.com\/#\/schema\/logo\/image\/","url":"https:\/\/www.modula4.com\/wp-content\/uploads\/M4-Logo-rgb.png","contentUrl":"https:\/\/www.modula4.com\/wp-content\/uploads\/M4-Logo-rgb.png","width":190,"height":42,"caption":"Modula4"},"image":{"@id":"https:\/\/www.modula4.com\/#\/schema\/logo\/image\/"},"sameAs":["https:\/\/www.linkedin.com\/company\/modula4\/"]}]}},"_links":{"self":[{"href":"https:\/\/www.modula4.com\/de\/wp-json\/wp\/v2\/pages\/11889","targetHints":{"allow":["GET"]}}],"collection":[{"href":"https:\/\/www.modula4.com\/de\/wp-json\/wp\/v2\/pages"}],"about":[{"href":"https:\/\/www.modula4.com\/de\/wp-json\/wp\/v2\/types\/page"}],"author":[{"embeddable":true,"href":"https:\/\/www.modula4.com\/de\/wp-json\/wp\/v2\/users\/2"}],"replies":[{"embeddable":true,"href":"https:\/\/www.modula4.com\/de\/wp-json\/wp\/v2\/comments?post=11889"}],"version-history":[{"count":5,"href":"https:\/\/www.modula4.com\/de\/wp-json\/wp\/v2\/pages\/11889\/revisions"}],"predecessor-version":[{"id":11897,"href":"https:\/\/www.modula4.com\/de\/wp-json\/wp\/v2\/pages\/11889\/revisions\/11897"}],"wp:attachment":[{"href":"https:\/\/www.modula4.com\/de\/wp-json\/wp\/v2\/media?parent=11889"}],"curies":[{"name":"wp","href":"https:\/\/api.w.org\/{rel}","templated":true}]}}