{"id":11719,"date":"2022-11-26T14:51:31","date_gmt":"2022-11-26T22:51:31","guid":{"rendered":"https:\/\/www.modula4.com\/content-delivery-hub\/"},"modified":"2022-12-05T16:45:19","modified_gmt":"2022-12-06T00:45:19","slug":"content-delivery-hub","status":"publish","type":"page","link":"https:\/\/www.modula4.com\/de\/produkte\/content-delivery-hub\/","title":{"rendered":"Content Delivery Hub"},"content":{"rendered":"<h2>Stellen Sie digitale Inhalte schnell und zuverl\u00e4ssig bereit.<\/h2>\n<p>Content Delivery Hub (CDH) fungiert als intelligentes Caching-System zwischen Benutzern und Anwendungen. Dank einer Cloud-basierten L\u00f6sung ist CDH in der Lage, digitale Inhalte wie Bilder, Videos, Dokumente und Metadaten schnell und zuverl\u00e4ssig bereitzustellen.<\/p>\n<p><strong>Ihre wichtigsten Vorteile:<\/strong><\/p>\n<ul>\n<li>Immer die aktuellsten Dateien bereitstellen<\/li>\n<p>Da Ihr DAM-System als &#8222;Single Source of Truth&#8220; fungiert, stellt CDH sicher, dass veraltete Daten nicht verwendet werden und Speicherplatz (und damit Kosten) nicht verschwendet werden.&nbsp;<\/p>\n<li>Optimierte Bildaufbereitung<\/li>\n<p>Durch die Angabe von Standardkonvertierungen wird die \u00dcbertragung und Lieferung von Daten aus Ihrem DAM-System an den CDH noch schneller.<\/p>\n<li>Einfach zu verwalten<\/li>\n<p>Da die Verwaltung der Assets im DAM erfolgt, ist nur ein minimaler Wartungsaufwand f\u00fcr die Assets im CDH erforderlich.<\/p>\n<li>Hohe Zuverl\u00e4ssigkeit<\/li>\n<p>CDH arbeitet unabh\u00e4ngig vom eigentlichen DAM-System, so dass die Assets auch bei einem Ausfall des DAM-Systems weiterhin zuverl\u00e4ssig ausgeliefert werden.<\/p>\n<li>Automatische Synchronisation<\/li>\n<p>Wenn ein Asset in Ihrem DAM-System ge\u00e4ndert wird, werden alle in CDH verf\u00fcgbaren Dateien und Metadaten automatisch aktualisiert.<\/p>\n<li>\u00c4u\u00dferst widerstandsf\u00e4hig<\/li>\n<p>Die Server-Ressourcen k\u00f6nnen fein abgestimmt werden, um eine gleichbleibend hohe Leistung f\u00fcr globale Benutzer zu gew\u00e4hrleisten.<\/p>\n<li>On-the-fly-Konvertierungen<\/li>\n<p>Zus\u00e4tzlich zu den Standardkonvertierungen kann CDH on-the-fly zus\u00e4tzliche Formate erzeugen, die dann zwischengespeichert werden. Sie sparen Speicherplatz, da nur das, was Sie tats\u00e4chlich ben\u00f6tigen, im Cache verbleibt.<\/ul>\n<p>Viele Formate Ihrer Assets werden f\u00fcr bestimmte Exporte, z.B. f\u00fcr Webshops, immer wieder ben\u00f6tigt. CDH erzeugt diese erforderlichen Standardkonvertierungen automatisch bei der \u00dcbertragung in den Cache. Das spart Ihnen Zeit und wiederkehrenden manuellen Aufwand.<\/p>\n<p><strong>Funktionen:<\/strong><\/p>\n<ul>\n<li>Anpassung der Gr\u00f6\u00dfe<\/li>\n<p>Die Anpassung der Zielgr\u00f6\u00dfen erfolgt automatisch in Pixel. Breite und H\u00f6he bleiben dabei proportional.<\/p>\n<li>Dateiformate w\u00e4hlen<\/li>\n<p>Flexible Konvertierung in alle g\u00e4ngigen Formate: CDH konvertiert Ihre Assets nach Bedarf in JPGs, AVIFs, PNGs, WebPs und jedes andere ben\u00f6tigte Format.<\/p>\n<li>Qualit\u00e4t w\u00e4hlen<\/li>\n<p>Die Qualit\u00e4tsanpassung der Formate Ihrer Assets basiert auf den Anforderungen der g\u00e4ngigen Parameter.<\/p>\n<li>Intelligente Speicherung<\/li>\n<p>Das intelligente Speichersystem beschleunigt die Wartung und den Datenexport und gew\u00e4hrleistet gleichzeitig ein H\u00f6chstma\u00df an Zuverl\u00e4ssigkeit.<\/p>\n<li>Flexibles Zuschneiden<\/li>\n<p>Der Bildzuschnitt kann im Voraus festgelegt oder \u00fcber URL-Parameter angepasst werden.<\/p>\n<p>Um mehr zu erfahren <a href=\"https:\/\/www.modula4.com\/de\/kontakt\/\">wenden Sie sich an Modula4<\/a> oder <a href=\"https:\/\/www.contentdeliveryhub.com\/de\/home\/\"> besuchen Sie die Content-Delivery-Hub-Site.<\/a><\/ul>\n","protected":false},"excerpt":{"rendered":"<p>Stellen Sie digitale Inhalte schnell und zuverl\u00e4ssig bereit. Content Delivery Hub (CDH) fungiert als intelligentes Caching-System zwischen Benutzern und Anwendungen. Dank einer Cloud-basierten L\u00f6sung ist CDH in der Lage, digitale Inhalte wie Bilder, Videos, Dokumente und Metadaten schnell und zuverl\u00e4ssig bereitzustellen. Ihre wichtigsten Vorteile: Immer die aktuellsten Dateien bereitstellen Da Ihr DAM-System als &#8222;Single Source <a class=\"read-more\" href=\"https:\/\/www.modula4.com\/de\/produkte\/content-delivery-hub\/\">&#8230; &nbsp;Weiterlesen &gt;<\/a><\/p>\n","protected":false},"author":2,"featured_media":0,"parent":5971,"menu_order":4,"comment_status":"closed","ping_status":"closed","template":"","meta":{"_monsterinsights_skip_tracking":false,"_monsterinsights_sitenote_active":false,"_monsterinsights_sitenote_note":"","_monsterinsights_sitenote_category":0,"footnotes":""},"class_list":["post-11719","page","type-page","status-publish","hentry"],"yoast_head":"<!-- This site is optimized with the Yoast SEO Premium plugin v26.4 (Yoast SEO v27.4) - https:\/\/yoast.com\/product\/yoast-seo-premium-wordpress\/ -->\n<title>Content Delivery Hub - Modula4<\/title>\n<meta name=\"robots\" content=\"index, follow, max-snippet:-1, max-image-preview:large, max-video-preview:-1\" \/>\n<link rel=\"canonical\" href=\"https:\/\/www.modula4.com\/de\/produkte\/content-delivery-hub\/\" \/>\n<meta property=\"og:locale\" content=\"de_DE\" \/>\n<meta property=\"og:type\" content=\"article\" \/>\n<meta property=\"og:title\" content=\"Content Delivery Hub\" \/>\n<meta property=\"og:description\" content=\"Stellen Sie digitale Inhalte schnell und zuverl\u00e4ssig bereit. Content Delivery Hub (CDH) fungiert als intelligentes Caching-System zwischen Benutzern und Anwendungen. Dank einer Cloud-basierten L\u00f6sung ist CDH in der Lage, digitale Inhalte wie Bilder, Videos, Dokumente und Metadaten schnell und zuverl\u00e4ssig bereitzustellen. Ihre wichtigsten Vorteile: Immer die aktuellsten Dateien bereitstellen Da Ihr DAM-System als &#8222;Single Source ... &nbsp;Weiterlesen &gt;\" \/>\n<meta property=\"og:url\" content=\"https:\/\/www.modula4.com\/de\/produkte\/content-delivery-hub\/\" \/>\n<meta property=\"og:site_name\" content=\"Modula4\" \/>\n<meta property=\"article:publisher\" content=\"https:\/\/www.linkedin.com\/company\/modula4\/\" \/>\n<meta property=\"article:modified_time\" content=\"2022-12-06T00:45:19+00:00\" \/>\n<meta name=\"twitter:label1\" content=\"Gesch\u00e4tzte Lesezeit\" \/>\n\t<meta name=\"twitter:data1\" content=\"2\u00a0Minuten\" \/>\n<script type=\"application\/ld+json\" class=\"yoast-schema-graph\">{\"@context\":\"https:\\\/\\\/schema.org\",\"@graph\":[{\"@type\":\"WebPage\",\"@id\":\"https:\\\/\\\/www.modula4.com\\\/de\\\/produkte\\\/content-delivery-hub\\\/\",\"url\":\"https:\\\/\\\/www.modula4.com\\\/de\\\/produkte\\\/content-delivery-hub\\\/\",\"name\":\"Content Delivery Hub - Modula4\",\"isPartOf\":{\"@id\":\"https:\\\/\\\/www.modula4.com\\\/#website\"},\"datePublished\":\"2022-11-26T22:51:31+00:00\",\"dateModified\":\"2022-12-06T00:45:19+00:00\",\"breadcrumb\":{\"@id\":\"https:\\\/\\\/www.modula4.com\\\/de\\\/produkte\\\/content-delivery-hub\\\/#breadcrumb\"},\"inLanguage\":\"de\",\"potentialAction\":[{\"@type\":\"ReadAction\",\"target\":[\"https:\\\/\\\/www.modula4.com\\\/de\\\/produkte\\\/content-delivery-hub\\\/\"]}]},{\"@type\":\"BreadcrumbList\",\"@id\":\"https:\\\/\\\/www.modula4.com\\\/de\\\/produkte\\\/content-delivery-hub\\\/#breadcrumb\",\"itemListElement\":[{\"@type\":\"ListItem\",\"position\":1,\"name\":\"Home\",\"item\":\"https:\\\/\\\/www.modula4.com\\\/de\\\/\"},{\"@type\":\"ListItem\",\"position\":2,\"name\":\"Produkte\",\"item\":\"https:\\\/\\\/www.modula4.com\\\/de\\\/produkte\\\/\"},{\"@type\":\"ListItem\",\"position\":3,\"name\":\"Content Delivery Hub\"}]},{\"@type\":\"WebSite\",\"@id\":\"https:\\\/\\\/www.modula4.com\\\/#website\",\"url\":\"https:\\\/\\\/www.modula4.com\\\/\",\"name\":\"Modula4\",\"description\":\"Dedicated Experts. Complete Solutions. Real Results.\",\"publisher\":{\"@id\":\"https:\\\/\\\/www.modula4.com\\\/#organization\"},\"potentialAction\":[{\"@type\":\"SearchAction\",\"target\":{\"@type\":\"EntryPoint\",\"urlTemplate\":\"https:\\\/\\\/www.modula4.com\\\/?s={search_term_string}\"},\"query-input\":{\"@type\":\"PropertyValueSpecification\",\"valueRequired\":true,\"valueName\":\"search_term_string\"}}],\"inLanguage\":\"de\"},{\"@type\":\"Organization\",\"@id\":\"https:\\\/\\\/www.modula4.com\\\/#organization\",\"name\":\"Modula4\",\"url\":\"https:\\\/\\\/www.modula4.com\\\/\",\"logo\":{\"@type\":\"ImageObject\",\"inLanguage\":\"de\",\"@id\":\"https:\\\/\\\/www.modula4.com\\\/#\\\/schema\\\/logo\\\/image\\\/\",\"url\":\"https:\\\/\\\/www.modula4.com\\\/wp-content\\\/uploads\\\/M4-Logo-rgb.png\",\"contentUrl\":\"https:\\\/\\\/www.modula4.com\\\/wp-content\\\/uploads\\\/M4-Logo-rgb.png\",\"width\":190,\"height\":42,\"caption\":\"Modula4\"},\"image\":{\"@id\":\"https:\\\/\\\/www.modula4.com\\\/#\\\/schema\\\/logo\\\/image\\\/\"},\"sameAs\":[\"https:\\\/\\\/www.linkedin.com\\\/company\\\/modula4\\\/\"]}]}<\/script>\n<!-- \/ Yoast SEO Premium plugin. -->","yoast_head_json":{"title":"Content Delivery Hub - Modula4","robots":{"index":"index","follow":"follow","max-snippet":"max-snippet:-1","max-image-preview":"max-image-preview:large","max-video-preview":"max-video-preview:-1"},"canonical":"https:\/\/www.modula4.com\/de\/produkte\/content-delivery-hub\/","og_locale":"de_DE","og_type":"article","og_title":"Content Delivery Hub","og_description":"Stellen Sie digitale Inhalte schnell und zuverl\u00e4ssig bereit. Content Delivery Hub (CDH) fungiert als intelligentes Caching-System zwischen Benutzern und Anwendungen. Dank einer Cloud-basierten L\u00f6sung ist CDH in der Lage, digitale Inhalte wie Bilder, Videos, Dokumente und Metadaten schnell und zuverl\u00e4ssig bereitzustellen. Ihre wichtigsten Vorteile: Immer die aktuellsten Dateien bereitstellen Da Ihr DAM-System als &#8222;Single Source ... &nbsp;Weiterlesen &gt;","og_url":"https:\/\/www.modula4.com\/de\/produkte\/content-delivery-hub\/","og_site_name":"Modula4","article_publisher":"https:\/\/www.linkedin.com\/company\/modula4\/","article_modified_time":"2022-12-06T00:45:19+00:00","twitter_misc":{"Gesch\u00e4tzte Lesezeit":"2\u00a0Minuten"},"schema":{"@context":"https:\/\/schema.org","@graph":[{"@type":"WebPage","@id":"https:\/\/www.modula4.com\/de\/produkte\/content-delivery-hub\/","url":"https:\/\/www.modula4.com\/de\/produkte\/content-delivery-hub\/","name":"Content Delivery Hub - Modula4","isPartOf":{"@id":"https:\/\/www.modula4.com\/#website"},"datePublished":"2022-11-26T22:51:31+00:00","dateModified":"2022-12-06T00:45:19+00:00","breadcrumb":{"@id":"https:\/\/www.modula4.com\/de\/produkte\/content-delivery-hub\/#breadcrumb"},"inLanguage":"de","potentialAction":[{"@type":"ReadAction","target":["https:\/\/www.modula4.com\/de\/produkte\/content-delivery-hub\/"]}]},{"@type":"BreadcrumbList","@id":"https:\/\/www.modula4.com\/de\/produkte\/content-delivery-hub\/#breadcrumb","itemListElement":[{"@type":"ListItem","position":1,"name":"Home","item":"https:\/\/www.modula4.com\/de\/"},{"@type":"ListItem","position":2,"name":"Produkte","item":"https:\/\/www.modula4.com\/de\/produkte\/"},{"@type":"ListItem","position":3,"name":"Content Delivery Hub"}]},{"@type":"WebSite","@id":"https:\/\/www.modula4.com\/#website","url":"https:\/\/www.modula4.com\/","name":"Modula4","description":"Dedicated Experts. Complete Solutions. Real Results.","publisher":{"@id":"https:\/\/www.modula4.com\/#organization"},"potentialAction":[{"@type":"SearchAction","target":{"@type":"EntryPoint","urlTemplate":"https:\/\/www.modula4.com\/?s={search_term_string}"},"query-input":{"@type":"PropertyValueSpecification","valueRequired":true,"valueName":"search_term_string"}}],"inLanguage":"de"},{"@type":"Organization","@id":"https:\/\/www.modula4.com\/#organization","name":"Modula4","url":"https:\/\/www.modula4.com\/","logo":{"@type":"ImageObject","inLanguage":"de","@id":"https:\/\/www.modula4.com\/#\/schema\/logo\/image\/","url":"https:\/\/www.modula4.com\/wp-content\/uploads\/M4-Logo-rgb.png","contentUrl":"https:\/\/www.modula4.com\/wp-content\/uploads\/M4-Logo-rgb.png","width":190,"height":42,"caption":"Modula4"},"image":{"@id":"https:\/\/www.modula4.com\/#\/schema\/logo\/image\/"},"sameAs":["https:\/\/www.linkedin.com\/company\/modula4\/"]}]}},"_links":{"self":[{"href":"https:\/\/www.modula4.com\/de\/wp-json\/wp\/v2\/pages\/11719","targetHints":{"allow":["GET"]}}],"collection":[{"href":"https:\/\/www.modula4.com\/de\/wp-json\/wp\/v2\/pages"}],"about":[{"href":"https:\/\/www.modula4.com\/de\/wp-json\/wp\/v2\/types\/page"}],"author":[{"embeddable":true,"href":"https:\/\/www.modula4.com\/de\/wp-json\/wp\/v2\/users\/2"}],"replies":[{"embeddable":true,"href":"https:\/\/www.modula4.com\/de\/wp-json\/wp\/v2\/comments?post=11719"}],"version-history":[{"count":3,"href":"https:\/\/www.modula4.com\/de\/wp-json\/wp\/v2\/pages\/11719\/revisions"}],"predecessor-version":[{"id":11734,"href":"https:\/\/www.modula4.com\/de\/wp-json\/wp\/v2\/pages\/11719\/revisions\/11734"}],"up":[{"embeddable":true,"href":"https:\/\/www.modula4.com\/de\/wp-json\/wp\/v2\/pages\/5971"}],"wp:attachment":[{"href":"https:\/\/www.modula4.com\/de\/wp-json\/wp\/v2\/media?parent=11719"}],"curies":[{"name":"wp","href":"https:\/\/api.w.org\/{rel}","templated":true}]}}