{"id":11595,"date":"2022-09-27T12:11:45","date_gmt":"2022-09-27T19:11:45","guid":{"rendered":"https:\/\/www.modula4.com\/produkte\/ci-hub-connector\/"},"modified":"2024-10-08T06:30:05","modified_gmt":"2024-10-08T13:30:05","slug":"ci-hub-connector","status":"publish","type":"page","link":"https:\/\/www.modula4.com\/de\/produkte\/ci-hub-connector\/","title":{"rendered":"CI Hub"},"content":{"rendered":"\n<h2 class=\"wp-block-heading\">Ihr All-in-One-Connector f\u00fcr DAM<\/h2>\n\n\n\n<p>CI HUB ist die f\u00fchrende Plattform f\u00fcr die Verbindung von Assets aus Ihrem DAM mit nativen Kreativapplikationen, die es Ihnen erm\u00f6glicht, intelligenter zu arbeiten und schneller zu liefern. Mit dem CI Hub Connector k\u00f6nnen Sie Ihr DAM-System nahtlos mit den f\u00fchrenden Tools f\u00fcr die Gestaltung und Erstellung von Inhalten integrieren. Er ist verf\u00fcgbar f\u00fcr Adobe Creative Cloud (InDesign, Photoshop, Illustrator, Premiere Pro, After Effects &amp; InCopy), Microsoft Office, Google Workspace, WordPress, Sharepoint und mehr. \nDer CI Hub Connector sorgt daf\u00fcr, dass Ihre Assets zwischen Ihrem DAM und den Anwendungen, die Sie t\u00e4glich nutzen, synchronisiert werden und hilft Ihrem Team dabei, den kreativen Prozess zu rationalisieren und gleichzeitig die Konsistenz bei der Verwendung aller Marken-Assets zu wahren. \n <\/p>\n\n\n\n<p>Der CI Hub Connector sorgt daf\u00fcr, dass Ihre Assets zwischen Ihrem DAM und den Anwendungen, die Sie t\u00e4glich nutzen, synchronisiert werden und hilft Ihrem Team dabei, den kreativen Prozess zu rationalisieren und gleichzeitig die Konsistenz bei der Verwendung aller Marken-Assets zu wahren. &nbsp;<\/p>\n\n\n\n<p><br><\/p>\n\n\n\n<figure class=\"wp-block-image size-large\"><img loading=\"lazy\" decoding=\"async\" width=\"1285\" height=\"800\" src=\"https:\/\/www.modula4.com\/wp-content\/uploads\/CI-HUB-Connector-Detailview-with-drag-and-drop-metadata-1285x800.png\" alt=\"CI Hub NetX Connector\" class=\"wp-image-11547\" srcset=\"https:\/\/www.modula4.com\/wp-content\/uploads\/CI-HUB-Connector-Detailview-with-drag-and-drop-metadata-1285x800.png 1285w, https:\/\/www.modula4.com\/wp-content\/uploads\/CI-HUB-Connector-Detailview-with-drag-and-drop-metadata-963x600.png 963w, https:\/\/www.modula4.com\/wp-content\/uploads\/CI-HUB-Connector-Detailview-with-drag-and-drop-metadata-150x93.png 150w, https:\/\/www.modula4.com\/wp-content\/uploads\/CI-HUB-Connector-Detailview-with-drag-and-drop-metadata-768x478.png 768w, https:\/\/www.modula4.com\/wp-content\/uploads\/CI-HUB-Connector-Detailview-with-drag-and-drop-metadata-422x263.png 422w, https:\/\/www.modula4.com\/wp-content\/uploads\/CI-HUB-Connector-Detailview-with-drag-and-drop-metadata.png 1487w\" sizes=\"auto, (max-width: 1285px) 100vw, 1285px\" \/><\/figure>\n\n\n\n<p><\/p>\n\n\n\n<p><br><\/p>\n\n\n\n<p>Zu den Funktionen und Vorteilen des CI Hub Connectors geh\u00f6ren:<\/p>\n\n\n\n<ul class=\"wp-block-list\"><li>Drag &amp; Drop von Assets und Metadaten<\/li><li>Volltextsuche, Facettensuche und &#8222;\u00c4hnliches finden&#8220;.<\/li><li>Check-in\/Check-out von Dokumenten mit Versionskontrolle<\/li><li>Eine Listenansicht, wo Assets verwendet wurden<\/li><li>Automatisches Aktualisieren von Links und Beheben defekter Links zu platzierten Assets<\/li><\/ul>\n\n\n\n<p>Erfahren Sie mehr dar\u00fcber, wie Modula4 mit CI Hub Ihren Arbeitsablauf optimieren kann, <a href=\"https:\/\/www.modula4.com\/de\/kontakt\/\">kontaktieren Sie uns. <\/a><\/p>\n\n\n\n<p>Besuchen Sie <a href=\"https:\/\/ci-hub.com\">CI Hub.<\/a><\/p>\n\n\n\n<p><\/p>\n","protected":false},"excerpt":{"rendered":"<p>Ihr All-in-One-Connector f\u00fcr DAM CI HUB ist die f\u00fchrende Plattform f\u00fcr die Verbindung von Assets aus Ihrem DAM mit nativen Kreativapplikationen, die es Ihnen erm\u00f6glicht, intelligenter zu arbeiten und schneller zu liefern. Mit dem CI Hub Connector k\u00f6nnen Sie Ihr DAM-System nahtlos mit den f\u00fchrenden Tools f\u00fcr die Gestaltung und Erstellung von Inhalten integrieren. Er <a class=\"read-more\" href=\"https:\/\/www.modula4.com\/de\/produkte\/ci-hub-connector\/\">&#8230; &nbsp;Weiterlesen &gt;<\/a><\/p>\n","protected":false},"author":2,"featured_media":0,"parent":5971,"menu_order":8,"comment_status":"closed","ping_status":"closed","template":"","meta":{"_monsterinsights_skip_tracking":false,"_monsterinsights_sitenote_active":false,"_monsterinsights_sitenote_note":"","_monsterinsights_sitenote_category":0,"footnotes":""},"class_list":["post-11595","page","type-page","status-publish","hentry"],"yoast_head":"<!-- This site is optimized with the Yoast SEO Premium plugin v26.4 (Yoast SEO v27.3) - https:\/\/yoast.com\/product\/yoast-seo-premium-wordpress\/ -->\n<title>CI Hub - Modula4<\/title>\n<meta name=\"description\" content=\"CI HUB Connector for DAM links assets within your DAM to creative apps such as Adobe Creative Cloud, including InDesign and Photoshop.\" \/>\n<meta name=\"robots\" content=\"index, follow, max-snippet:-1, max-image-preview:large, max-video-preview:-1\" \/>\n<link rel=\"canonical\" href=\"https:\/\/www.modula4.com\/de\/produkte\/ci-hub-connector\/\" \/>\n<meta property=\"og:locale\" content=\"de_DE\" \/>\n<meta property=\"og:type\" content=\"article\" \/>\n<meta property=\"og:title\" content=\"CI Hub\" \/>\n<meta property=\"og:description\" content=\"CI HUB Connector for DAM links assets within your DAM to creative apps such as Adobe Creative Cloud, including InDesign and Photoshop.\" \/>\n<meta property=\"og:url\" content=\"https:\/\/www.modula4.com\/de\/produkte\/ci-hub-connector\/\" \/>\n<meta property=\"og:site_name\" content=\"Modula4\" \/>\n<meta property=\"article:publisher\" content=\"https:\/\/www.linkedin.com\/company\/modula4\/\" \/>\n<meta property=\"article:modified_time\" content=\"2024-10-08T13:30:05+00:00\" \/>\n<meta property=\"og:image\" content=\"https:\/\/www.modula4.com\/wp-content\/uploads\/CI-HUB-Connector-Detailview-with-drag-and-drop-metadata-1285x800.png\" \/>\n<meta name=\"twitter:label1\" content=\"Gesch\u00e4tzte Lesezeit\" \/>\n\t<meta name=\"twitter:data1\" content=\"2\u00a0Minuten\" \/>\n<script type=\"application\/ld+json\" class=\"yoast-schema-graph\">{\"@context\":\"https:\\\/\\\/schema.org\",\"@graph\":[{\"@type\":\"WebPage\",\"@id\":\"https:\\\/\\\/www.modula4.com\\\/de\\\/produkte\\\/ci-hub-connector\\\/\",\"url\":\"https:\\\/\\\/www.modula4.com\\\/de\\\/produkte\\\/ci-hub-connector\\\/\",\"name\":\"CI Hub - Modula4\",\"isPartOf\":{\"@id\":\"https:\\\/\\\/www.modula4.com\\\/#website\"},\"primaryImageOfPage\":{\"@id\":\"https:\\\/\\\/www.modula4.com\\\/de\\\/produkte\\\/ci-hub-connector\\\/#primaryimage\"},\"image\":{\"@id\":\"https:\\\/\\\/www.modula4.com\\\/de\\\/produkte\\\/ci-hub-connector\\\/#primaryimage\"},\"thumbnailUrl\":\"https:\\\/\\\/www.modula4.com\\\/wp-content\\\/uploads\\\/CI-HUB-Connector-Detailview-with-drag-and-drop-metadata-1285x800.png\",\"datePublished\":\"2022-09-27T19:11:45+00:00\",\"dateModified\":\"2024-10-08T13:30:05+00:00\",\"description\":\"CI HUB Connector for DAM links assets within your DAM to creative apps such as Adobe Creative Cloud, including InDesign and Photoshop.\",\"breadcrumb\":{\"@id\":\"https:\\\/\\\/www.modula4.com\\\/de\\\/produkte\\\/ci-hub-connector\\\/#breadcrumb\"},\"inLanguage\":\"de\",\"potentialAction\":[{\"@type\":\"ReadAction\",\"target\":[\"https:\\\/\\\/www.modula4.com\\\/de\\\/produkte\\\/ci-hub-connector\\\/\"]}]},{\"@type\":\"ImageObject\",\"inLanguage\":\"de\",\"@id\":\"https:\\\/\\\/www.modula4.com\\\/de\\\/produkte\\\/ci-hub-connector\\\/#primaryimage\",\"url\":\"https:\\\/\\\/www.modula4.com\\\/wp-content\\\/uploads\\\/CI-HUB-Connector-Detailview-with-drag-and-drop-metadata-1285x800.png\",\"contentUrl\":\"https:\\\/\\\/www.modula4.com\\\/wp-content\\\/uploads\\\/CI-HUB-Connector-Detailview-with-drag-and-drop-metadata-1285x800.png\"},{\"@type\":\"BreadcrumbList\",\"@id\":\"https:\\\/\\\/www.modula4.com\\\/de\\\/produkte\\\/ci-hub-connector\\\/#breadcrumb\",\"itemListElement\":[{\"@type\":\"ListItem\",\"position\":1,\"name\":\"Home\",\"item\":\"https:\\\/\\\/www.modula4.com\\\/de\\\/\"},{\"@type\":\"ListItem\",\"position\":2,\"name\":\"Produkte\",\"item\":\"https:\\\/\\\/www.modula4.com\\\/de\\\/produkte\\\/\"},{\"@type\":\"ListItem\",\"position\":3,\"name\":\"CI Hub\"}]},{\"@type\":\"WebSite\",\"@id\":\"https:\\\/\\\/www.modula4.com\\\/#website\",\"url\":\"https:\\\/\\\/www.modula4.com\\\/\",\"name\":\"Modula4\",\"description\":\"Dedicated Experts. Complete Solutions. Real Results.\",\"publisher\":{\"@id\":\"https:\\\/\\\/www.modula4.com\\\/#organization\"},\"potentialAction\":[{\"@type\":\"SearchAction\",\"target\":{\"@type\":\"EntryPoint\",\"urlTemplate\":\"https:\\\/\\\/www.modula4.com\\\/?s={search_term_string}\"},\"query-input\":{\"@type\":\"PropertyValueSpecification\",\"valueRequired\":true,\"valueName\":\"search_term_string\"}}],\"inLanguage\":\"de\"},{\"@type\":\"Organization\",\"@id\":\"https:\\\/\\\/www.modula4.com\\\/#organization\",\"name\":\"Modula4\",\"url\":\"https:\\\/\\\/www.modula4.com\\\/\",\"logo\":{\"@type\":\"ImageObject\",\"inLanguage\":\"de\",\"@id\":\"https:\\\/\\\/www.modula4.com\\\/#\\\/schema\\\/logo\\\/image\\\/\",\"url\":\"https:\\\/\\\/www.modula4.com\\\/wp-content\\\/uploads\\\/M4-Logo-rgb.png\",\"contentUrl\":\"https:\\\/\\\/www.modula4.com\\\/wp-content\\\/uploads\\\/M4-Logo-rgb.png\",\"width\":190,\"height\":42,\"caption\":\"Modula4\"},\"image\":{\"@id\":\"https:\\\/\\\/www.modula4.com\\\/#\\\/schema\\\/logo\\\/image\\\/\"},\"sameAs\":[\"https:\\\/\\\/www.linkedin.com\\\/company\\\/modula4\\\/\"]}]}<\/script>\n<!-- \/ Yoast SEO Premium plugin. -->","yoast_head_json":{"title":"CI Hub - Modula4","description":"CI HUB Connector for DAM links assets within your DAM to creative apps such as Adobe Creative Cloud, including InDesign and Photoshop.","robots":{"index":"index","follow":"follow","max-snippet":"max-snippet:-1","max-image-preview":"max-image-preview:large","max-video-preview":"max-video-preview:-1"},"canonical":"https:\/\/www.modula4.com\/de\/produkte\/ci-hub-connector\/","og_locale":"de_DE","og_type":"article","og_title":"CI Hub","og_description":"CI HUB Connector for DAM links assets within your DAM to creative apps such as Adobe Creative Cloud, including InDesign and Photoshop.","og_url":"https:\/\/www.modula4.com\/de\/produkte\/ci-hub-connector\/","og_site_name":"Modula4","article_publisher":"https:\/\/www.linkedin.com\/company\/modula4\/","article_modified_time":"2024-10-08T13:30:05+00:00","og_image":[{"url":"https:\/\/www.modula4.com\/wp-content\/uploads\/CI-HUB-Connector-Detailview-with-drag-and-drop-metadata-1285x800.png","type":"","width":"","height":""}],"twitter_misc":{"Gesch\u00e4tzte Lesezeit":"2\u00a0Minuten"},"schema":{"@context":"https:\/\/schema.org","@graph":[{"@type":"WebPage","@id":"https:\/\/www.modula4.com\/de\/produkte\/ci-hub-connector\/","url":"https:\/\/www.modula4.com\/de\/produkte\/ci-hub-connector\/","name":"CI Hub - Modula4","isPartOf":{"@id":"https:\/\/www.modula4.com\/#website"},"primaryImageOfPage":{"@id":"https:\/\/www.modula4.com\/de\/produkte\/ci-hub-connector\/#primaryimage"},"image":{"@id":"https:\/\/www.modula4.com\/de\/produkte\/ci-hub-connector\/#primaryimage"},"thumbnailUrl":"https:\/\/www.modula4.com\/wp-content\/uploads\/CI-HUB-Connector-Detailview-with-drag-and-drop-metadata-1285x800.png","datePublished":"2022-09-27T19:11:45+00:00","dateModified":"2024-10-08T13:30:05+00:00","description":"CI HUB Connector for DAM links assets within your DAM to creative apps such as Adobe Creative Cloud, including InDesign and Photoshop.","breadcrumb":{"@id":"https:\/\/www.modula4.com\/de\/produkte\/ci-hub-connector\/#breadcrumb"},"inLanguage":"de","potentialAction":[{"@type":"ReadAction","target":["https:\/\/www.modula4.com\/de\/produkte\/ci-hub-connector\/"]}]},{"@type":"ImageObject","inLanguage":"de","@id":"https:\/\/www.modula4.com\/de\/produkte\/ci-hub-connector\/#primaryimage","url":"https:\/\/www.modula4.com\/wp-content\/uploads\/CI-HUB-Connector-Detailview-with-drag-and-drop-metadata-1285x800.png","contentUrl":"https:\/\/www.modula4.com\/wp-content\/uploads\/CI-HUB-Connector-Detailview-with-drag-and-drop-metadata-1285x800.png"},{"@type":"BreadcrumbList","@id":"https:\/\/www.modula4.com\/de\/produkte\/ci-hub-connector\/#breadcrumb","itemListElement":[{"@type":"ListItem","position":1,"name":"Home","item":"https:\/\/www.modula4.com\/de\/"},{"@type":"ListItem","position":2,"name":"Produkte","item":"https:\/\/www.modula4.com\/de\/produkte\/"},{"@type":"ListItem","position":3,"name":"CI Hub"}]},{"@type":"WebSite","@id":"https:\/\/www.modula4.com\/#website","url":"https:\/\/www.modula4.com\/","name":"Modula4","description":"Dedicated Experts. Complete Solutions. Real Results.","publisher":{"@id":"https:\/\/www.modula4.com\/#organization"},"potentialAction":[{"@type":"SearchAction","target":{"@type":"EntryPoint","urlTemplate":"https:\/\/www.modula4.com\/?s={search_term_string}"},"query-input":{"@type":"PropertyValueSpecification","valueRequired":true,"valueName":"search_term_string"}}],"inLanguage":"de"},{"@type":"Organization","@id":"https:\/\/www.modula4.com\/#organization","name":"Modula4","url":"https:\/\/www.modula4.com\/","logo":{"@type":"ImageObject","inLanguage":"de","@id":"https:\/\/www.modula4.com\/#\/schema\/logo\/image\/","url":"https:\/\/www.modula4.com\/wp-content\/uploads\/M4-Logo-rgb.png","contentUrl":"https:\/\/www.modula4.com\/wp-content\/uploads\/M4-Logo-rgb.png","width":190,"height":42,"caption":"Modula4"},"image":{"@id":"https:\/\/www.modula4.com\/#\/schema\/logo\/image\/"},"sameAs":["https:\/\/www.linkedin.com\/company\/modula4\/"]}]}},"_links":{"self":[{"href":"https:\/\/www.modula4.com\/de\/wp-json\/wp\/v2\/pages\/11595","targetHints":{"allow":["GET"]}}],"collection":[{"href":"https:\/\/www.modula4.com\/de\/wp-json\/wp\/v2\/pages"}],"about":[{"href":"https:\/\/www.modula4.com\/de\/wp-json\/wp\/v2\/types\/page"}],"author":[{"embeddable":true,"href":"https:\/\/www.modula4.com\/de\/wp-json\/wp\/v2\/users\/2"}],"replies":[{"embeddable":true,"href":"https:\/\/www.modula4.com\/de\/wp-json\/wp\/v2\/comments?post=11595"}],"version-history":[{"count":5,"href":"https:\/\/www.modula4.com\/de\/wp-json\/wp\/v2\/pages\/11595\/revisions"}],"predecessor-version":[{"id":11631,"href":"https:\/\/www.modula4.com\/de\/wp-json\/wp\/v2\/pages\/11595\/revisions\/11631"}],"up":[{"embeddable":true,"href":"https:\/\/www.modula4.com\/de\/wp-json\/wp\/v2\/pages\/5971"}],"wp:attachment":[{"href":"https:\/\/www.modula4.com\/de\/wp-json\/wp\/v2\/media?parent=11595"}],"curies":[{"name":"wp","href":"https:\/\/api.w.org\/{rel}","templated":true}]}}